{"id":139795,"date":"2026-04-16T12:33:01","date_gmt":"2026-04-16T10:33:01","guid":{"rendered":"https:\/\/www.ivinio.com\/?post_type=product&#038;p=139795"},"modified":"2026-04-28T16:38:44","modified_gmt":"2026-04-28T14:38:44","slug":"blandad-varrose-till-franska-priser-3x2-flaskor","status":"publish","type":"product","link":"https:\/\/www.ivinio.com\/sv\/produkt\/blandad-varrose-till-franska-priser-3x2-flaskor\/","title":{"rendered":"Blandad v\u00e5rros\u00e9 till franska priser &#8211; 3&#215;2 flaskor"},"content":{"rendered":"<p>Denna blandl\u00e5da med 3 olika ljusa ros\u00e9viner passar perfekt f\u00f6r att h\u00e4lsa v\u00e5ren v\u00e4lkommen ! L\u00e5dan inneh\u00e5ller 6 flaskor ljusa ros\u00e9 viner fr\u00e5n Provence (3\u00d72) : Domaine du Dragon Grande Cuv\u00e9e, Ch\u00e2teau de l&#8217;Amaurigue ros\u00e9 och Domaine Saint Julien d&#8217;aille &#8211; Centurion ros\u00e9.<\/p>\n<p>Tre producenter med tydlig stil \u2013 fr\u00e5n struktur och djup till frisk frukt och mineralitet. Passar till aperitif, sallader, fisk och l\u00e4ttare r\u00e4tter. S\u00e4ljs som f\u00e4rdig 6-pack till rabatterat extrapris.<\/p>\n","protected":false},"excerpt":{"rendered":"<p>En h\u00e4rlig blandl\u00e5da med 3 olika ljusa ros\u00e9viner fr\u00e5n Provence till specialpris !<\/p>\n","protected":false},"featured_media":139843,"comment_status":"open","ping_status":"closed","template":"","meta":{"_monsterinsights_skip_tracking":false,"_monsterinsights_sitenote_active":false,"_monsterinsights_sitenote_note":"","_monsterinsights_sitenote_category":0,"_uf_show_specific_survey":0,"_uf_disable_surveys":false},"product_brand":[],"product_cat":[36645],"product_tag":[],"class_list":{"0":"post-139795","1":"product","2":"type-product","3":"status-publish","4":"has-post-thumbnail","6":"product_cat-blandade-provsmakningslador","7":"pa_alcohol-degree-13-sv","8":"pa_classification-aop-coteaux-varois-en-provence-sv","9":"pa_classification-aop-cotes-de-provence-sv","10":"pa_color-rose-sv","11":"pa_country-frankrike-sv","13":"first","14":"instock","15":"sale","16":"virtual","17":"taxable","18":"purchasable","19":"product-type-bundle"},"bundled_by":[],"bundle_stock_status":"instock","bundle_stock_quantity":"","bundle_virtual":false,"bundle_layout":"grid","bundle_add_to_cart_form_location":"after_summary","bundle_editable_in_cart":false,"bundle_sold_individually_context":"product","bundle_item_grouping":"noindent","bundle_min_size":"","bundle_max_size":"","bundle_price":{"price":{"min":{"incl_tax":"43","excl_tax":"43"},"max":{"incl_tax":"43","excl_tax":"43"}},"regular_price":{"min":{"incl_tax":"60.5","excl_tax":"60.5"},"max":{"incl_tax":"60.5","excl_tax":"60.5"}}},"bundled_items":[{"bundled_item_id":9259,"product_id":139788,"menu_order":0,"quantity_min":2,"quantity_max":2,"quantity_default":2,"priced_individually":false,"shipped_individually":false,"override_title":false,"title":"Domaine du Dragon - Grande Cuv\u00e9e - Ros\u00e9","override_description":false,"description":"","optional":false,"hide_thumbnail":false,"discount":"","override_variations":false,"allowed_variations":[],"override_default_variation_attributes":false,"default_variation_attributes":[],"single_product_visibility":"visible","cart_visibility":"visible","order_visibility":"visible","single_product_price_visibility":"visible","cart_price_visibility":"visible","order_price_visibility":"visible","stock_status":"in_stock"},{"bundled_item_id":9279,"product_id":139837,"menu_order":1,"quantity_min":2,"quantity_max":2,"quantity_default":2,"priced_individually":false,"shipped_individually":false,"override_title":false,"title":"Ch\u00e2teau de l'Amaurigue - Ros\u00e9","override_description":false,"description":"","optional":false,"hide_thumbnail":false,"discount":"","override_variations":false,"allowed_variations":[],"override_default_variation_attributes":false,"default_variation_attributes":[],"single_product_visibility":"visible","cart_visibility":"visible","order_visibility":"visible","single_product_price_visibility":"visible","cart_price_visibility":"visible","order_price_visibility":"visible","stock_status":"in_stock"},{"bundled_item_id":9280,"product_id":139839,"menu_order":2,"quantity_min":2,"quantity_max":2,"quantity_default":2,"priced_individually":false,"shipped_individually":false,"override_title":false,"title":"Ch\u00e2teau Saint Julien d'Aille - Centurion - Ros\u00e9","override_description":false,"description":"","optional":false,"hide_thumbnail":false,"discount":"","override_variations":false,"allowed_variations":[],"override_default_variation_attributes":false,"default_variation_attributes":[],"single_product_visibility":"visible","cart_visibility":"visible","order_visibility":"visible","single_product_price_visibility":"visible","cart_price_visibility":"visible","order_price_visibility":"visible","stock_status":"in_stock"}],"bundle_sell_ids":[],"yoast_head":"<!-- This site is optimized with the Yoast SEO plugin v27.4 - https:\/\/yoast.com\/product\/yoast-seo-wordpress\/ -->\n<title>Blandad v\u00e5rros\u00e9 till franska priser - 3x2 flaskor - IVINIO Vinbutik<\/title>\n<meta name=\"description\" content=\"Blandad v\u00e5rros\u00e9 till franska priser - 3x2 flaskor - blandl\u00e5da med exklusiva ljusa ros\u00e9viner fr\u00e5n Provence.\" \/>\n<meta name=\"robots\" content=\"index, follow, max-snippet:-1, max-image-preview:large, max-video-preview:-1\" \/>\n<link rel=\"canonical\" href=\"https:\/\/www.ivinio.com\/sv\/produkt\/blandad-varrose-till-franska-priser-3x2-flaskor\/\" \/>\n<meta property=\"og:locale\" content=\"sv_SE\" \/>\n<meta property=\"og:type\" content=\"article\" \/>\n<meta property=\"og:title\" content=\"Blandad v\u00e5rros\u00e9 till franska priser - 3x2 flaskor - IVINIO Vinbutik\" \/>\n<meta property=\"og:description\" content=\"Blandad v\u00e5rros\u00e9 till franska priser - 3x2 flaskor - blandl\u00e5da med exklusiva ljusa ros\u00e9viner fr\u00e5n Provence.\" \/>\n<meta property=\"og:url\" content=\"https:\/\/www.ivinio.com\/sv\/produkt\/blandad-varrose-till-franska-priser-3x2-flaskor\/\" \/>\n<meta property=\"og:site_name\" content=\"IVINIO Vinbutik\" \/>\n<meta property=\"article:publisher\" content=\"https:\/\/www.facebook.com\/groups\/165217837022391\/?ref=bookmarks\" \/>\n<meta property=\"article:modified_time\" content=\"2026-04-28T14:38:44+00:00\" \/>\n<meta property=\"og:image\" content=\"https:\/\/www.ivinio.com\/wp-content\/uploads\/2026\/04\/Rose-mix-spring-2026-IVINIO-1.jpg\" \/>\n\t<meta property=\"og:image:width\" content=\"500\" \/>\n\t<meta property=\"og:image:height\" content=\"500\" \/>\n\t<meta property=\"og:image:type\" content=\"image\/jpeg\" \/>\n<meta name=\"twitter:card\" content=\"summary_large_image\" \/>\n<meta name=\"twitter:label1\" content=\"Ber\u00e4knad l\u00e4stid\" \/>\n\t<meta name=\"twitter:data1\" content=\"1 minut\" \/>\n<script type=\"application\/ld+json\" class=\"yoast-schema-graph\">{\"@context\":\"https:\\\/\\\/schema.org\",\"@graph\":[{\"@type\":\"WebPage\",\"@id\":\"https:\\\/\\\/www.ivinio.com\\\/sv\\\/produkt\\\/blandad-varrose-till-franska-priser-3x2-flaskor\\\/\",\"url\":\"https:\\\/\\\/www.ivinio.com\\\/sv\\\/produkt\\\/blandad-varrose-till-franska-priser-3x2-flaskor\\\/\",\"name\":\"Blandad v\u00e5rros\u00e9 till franska priser - 3x2 flaskor - IVINIO Vinbutik\",\"isPartOf\":{\"@id\":\"https:\\\/\\\/www.ivinio.com\\\/sv\\\/#website\"},\"primaryImageOfPage\":{\"@id\":\"https:\\\/\\\/www.ivinio.com\\\/sv\\\/produkt\\\/blandad-varrose-till-franska-priser-3x2-flaskor\\\/#primaryimage\"},\"image\":{\"@id\":\"https:\\\/\\\/www.ivinio.com\\\/sv\\\/produkt\\\/blandad-varrose-till-franska-priser-3x2-flaskor\\\/#primaryimage\"},\"thumbnailUrl\":\"https:\\\/\\\/www.ivinio.com\\\/wp-content\\\/uploads\\\/2026\\\/04\\\/Rose-mix-spring-2026-IVINIO-1.jpg\",\"datePublished\":\"2026-04-16T10:33:01+00:00\",\"dateModified\":\"2026-04-28T14:38:44+00:00\",\"description\":\"Blandad v\u00e5rros\u00e9 till franska priser - 3x2 flaskor - blandl\u00e5da med exklusiva ljusa ros\u00e9viner fr\u00e5n Provence.\",\"breadcrumb\":{\"@id\":\"https:\\\/\\\/www.ivinio.com\\\/sv\\\/produkt\\\/blandad-varrose-till-franska-priser-3x2-flaskor\\\/#breadcrumb\"},\"inLanguage\":\"sv-SE\",\"potentialAction\":[{\"@type\":\"ReadAction\",\"target\":[\"https:\\\/\\\/www.ivinio.com\\\/sv\\\/produkt\\\/blandad-varrose-till-franska-priser-3x2-flaskor\\\/\"]}]},{\"@type\":\"ImageObject\",\"inLanguage\":\"sv-SE\",\"@id\":\"https:\\\/\\\/www.ivinio.com\\\/sv\\\/produkt\\\/blandad-varrose-till-franska-priser-3x2-flaskor\\\/#primaryimage\",\"url\":\"https:\\\/\\\/www.ivinio.com\\\/wp-content\\\/uploads\\\/2026\\\/04\\\/Rose-mix-spring-2026-IVINIO-1.jpg\",\"contentUrl\":\"https:\\\/\\\/www.ivinio.com\\\/wp-content\\\/uploads\\\/2026\\\/04\\\/Rose-mix-spring-2026-IVINIO-1.jpg\",\"width\":500,\"height\":500},{\"@type\":\"BreadcrumbList\",\"@id\":\"https:\\\/\\\/www.ivinio.com\\\/sv\\\/produkt\\\/blandad-varrose-till-franska-priser-3x2-flaskor\\\/#breadcrumb\",\"itemListElement\":[{\"@type\":\"ListItem\",\"position\":1,\"name\":\"Hem\",\"item\":\"https:\\\/\\\/www.ivinio.com\\\/sv\\\/\"},{\"@type\":\"ListItem\",\"position\":2,\"name\":\"Vinbutik\",\"item\":\"https:\\\/\\\/www.ivinio.com\\\/sv\\\/vinbutik\\\/\"},{\"@type\":\"ListItem\",\"position\":3,\"name\":\"Blandad v\u00e5rros\u00e9 till franska priser &#8211; 3&#215;2 flaskor\"}]},{\"@type\":\"WebSite\",\"@id\":\"https:\\\/\\\/www.ivinio.com\\\/sv\\\/#website\",\"url\":\"https:\\\/\\\/www.ivinio.com\\\/sv\\\/\",\"name\":\"IVINIO Vinbutik\",\"description\":\"Vin fr\u00e5n Frankrike och Italien med leverans hem till din d\u00f6rr\",\"publisher\":{\"@id\":\"https:\\\/\\\/www.ivinio.com\\\/sv\\\/#organization\"},\"potentialAction\":[{\"@type\":\"SearchAction\",\"target\":{\"@type\":\"EntryPoint\",\"urlTemplate\":\"https:\\\/\\\/www.ivinio.com\\\/sv\\\/?s={search_term_string}\"},\"query-input\":{\"@type\":\"PropertyValueSpecification\",\"valueRequired\":true,\"valueName\":\"search_term_string\"}}],\"inLanguage\":\"sv-SE\"},{\"@type\":\"Organization\",\"@id\":\"https:\\\/\\\/www.ivinio.com\\\/sv\\\/#organization\",\"name\":\"IVINIO\",\"url\":\"https:\\\/\\\/www.ivinio.com\\\/sv\\\/\",\"logo\":{\"@type\":\"ImageObject\",\"inLanguage\":\"sv-SE\",\"@id\":\"https:\\\/\\\/www.ivinio.com\\\/sv\\\/#\\\/schema\\\/logo\\\/image\\\/\",\"url\":\"https:\\\/\\\/www.ivinio.com\\\/wp-content\\\/uploads\\\/2021\\\/01\\\/Logo-Ivinio-v2.jpg\",\"contentUrl\":\"https:\\\/\\\/www.ivinio.com\\\/wp-content\\\/uploads\\\/2021\\\/01\\\/Logo-Ivinio-v2.jpg\",\"width\":1194,\"height\":1194,\"caption\":\"IVINIO\"},\"image\":{\"@id\":\"https:\\\/\\\/www.ivinio.com\\\/sv\\\/#\\\/schema\\\/logo\\\/image\\\/\"},\"sameAs\":[\"https:\\\/\\\/www.facebook.com\\\/groups\\\/165217837022391\\\/?ref=bookmarks\",\"https:\\\/\\\/www.instagram.com\\\/_ivinio_\\\/?hl=fr\"]}]}<\/script>\n<!-- \/ Yoast SEO plugin. -->","yoast_head_json":{"title":"Blandad v\u00e5rros\u00e9 till franska priser - 3x2 flaskor - IVINIO Vinbutik","description":"Blandad v\u00e5rros\u00e9 till franska priser - 3x2 flaskor - blandl\u00e5da med exklusiva ljusa ros\u00e9viner fr\u00e5n Provence.","robots":{"index":"index","follow":"follow","max-snippet":"max-snippet:-1","max-image-preview":"max-image-preview:large","max-video-preview":"max-video-preview:-1"},"canonical":"https:\/\/www.ivinio.com\/sv\/produkt\/blandad-varrose-till-franska-priser-3x2-flaskor\/","og_locale":"sv_SE","og_type":"article","og_title":"Blandad v\u00e5rros\u00e9 till franska priser - 3x2 flaskor - IVINIO Vinbutik","og_description":"Blandad v\u00e5rros\u00e9 till franska priser - 3x2 flaskor - blandl\u00e5da med exklusiva ljusa ros\u00e9viner fr\u00e5n Provence.","og_url":"https:\/\/www.ivinio.com\/sv\/produkt\/blandad-varrose-till-franska-priser-3x2-flaskor\/","og_site_name":"IVINIO Vinbutik","article_publisher":"https:\/\/www.facebook.com\/groups\/165217837022391\/?ref=bookmarks","article_modified_time":"2026-04-28T14:38:44+00:00","og_image":[{"width":500,"height":500,"url":"https:\/\/www.ivinio.com\/wp-content\/uploads\/2026\/04\/Rose-mix-spring-2026-IVINIO-1.jpg","type":"image\/jpeg"}],"twitter_card":"summary_large_image","twitter_misc":{"Ber\u00e4knad l\u00e4stid":"1 minut"},"schema":{"@context":"https:\/\/schema.org","@graph":[{"@type":"WebPage","@id":"https:\/\/www.ivinio.com\/sv\/produkt\/blandad-varrose-till-franska-priser-3x2-flaskor\/","url":"https:\/\/www.ivinio.com\/sv\/produkt\/blandad-varrose-till-franska-priser-3x2-flaskor\/","name":"Blandad v\u00e5rros\u00e9 till franska priser - 3x2 flaskor - IVINIO Vinbutik","isPartOf":{"@id":"https:\/\/www.ivinio.com\/sv\/#website"},"primaryImageOfPage":{"@id":"https:\/\/www.ivinio.com\/sv\/produkt\/blandad-varrose-till-franska-priser-3x2-flaskor\/#primaryimage"},"image":{"@id":"https:\/\/www.ivinio.com\/sv\/produkt\/blandad-varrose-till-franska-priser-3x2-flaskor\/#primaryimage"},"thumbnailUrl":"https:\/\/www.ivinio.com\/wp-content\/uploads\/2026\/04\/Rose-mix-spring-2026-IVINIO-1.jpg","datePublished":"2026-04-16T10:33:01+00:00","dateModified":"2026-04-28T14:38:44+00:00","description":"Blandad v\u00e5rros\u00e9 till franska priser - 3x2 flaskor - blandl\u00e5da med exklusiva ljusa ros\u00e9viner fr\u00e5n Provence.","breadcrumb":{"@id":"https:\/\/www.ivinio.com\/sv\/produkt\/blandad-varrose-till-franska-priser-3x2-flaskor\/#breadcrumb"},"inLanguage":"sv-SE","potentialAction":[{"@type":"ReadAction","target":["https:\/\/www.ivinio.com\/sv\/produkt\/blandad-varrose-till-franska-priser-3x2-flaskor\/"]}]},{"@type":"ImageObject","inLanguage":"sv-SE","@id":"https:\/\/www.ivinio.com\/sv\/produkt\/blandad-varrose-till-franska-priser-3x2-flaskor\/#primaryimage","url":"https:\/\/www.ivinio.com\/wp-content\/uploads\/2026\/04\/Rose-mix-spring-2026-IVINIO-1.jpg","contentUrl":"https:\/\/www.ivinio.com\/wp-content\/uploads\/2026\/04\/Rose-mix-spring-2026-IVINIO-1.jpg","width":500,"height":500},{"@type":"BreadcrumbList","@id":"https:\/\/www.ivinio.com\/sv\/produkt\/blandad-varrose-till-franska-priser-3x2-flaskor\/#breadcrumb","itemListElement":[{"@type":"ListItem","position":1,"name":"Hem","item":"https:\/\/www.ivinio.com\/sv\/"},{"@type":"ListItem","position":2,"name":"Vinbutik","item":"https:\/\/www.ivinio.com\/sv\/vinbutik\/"},{"@type":"ListItem","position":3,"name":"Blandad v\u00e5rros\u00e9 till franska priser &#8211; 3&#215;2 flaskor"}]},{"@type":"WebSite","@id":"https:\/\/www.ivinio.com\/sv\/#website","url":"https:\/\/www.ivinio.com\/sv\/","name":"IVINIO Vinbutik","description":"Vin fr\u00e5n Frankrike och Italien med leverans hem till din d\u00f6rr","publisher":{"@id":"https:\/\/www.ivinio.com\/sv\/#organization"},"potentialAction":[{"@type":"SearchAction","target":{"@type":"EntryPoint","urlTemplate":"https:\/\/www.ivinio.com\/sv\/?s={search_term_string}"},"query-input":{"@type":"PropertyValueSpecification","valueRequired":true,"valueName":"search_term_string"}}],"inLanguage":"sv-SE"},{"@type":"Organization","@id":"https:\/\/www.ivinio.com\/sv\/#organization","name":"IVINIO","url":"https:\/\/www.ivinio.com\/sv\/","logo":{"@type":"ImageObject","inLanguage":"sv-SE","@id":"https:\/\/www.ivinio.com\/sv\/#\/schema\/logo\/image\/","url":"https:\/\/www.ivinio.com\/wp-content\/uploads\/2021\/01\/Logo-Ivinio-v2.jpg","contentUrl":"https:\/\/www.ivinio.com\/wp-content\/uploads\/2021\/01\/Logo-Ivinio-v2.jpg","width":1194,"height":1194,"caption":"IVINIO"},"image":{"@id":"https:\/\/www.ivinio.com\/sv\/#\/schema\/logo\/image\/"},"sameAs":["https:\/\/www.facebook.com\/groups\/165217837022391\/?ref=bookmarks","https:\/\/www.instagram.com\/_ivinio_\/?hl=fr"]}]}},"jetpack_sharing_enabled":true,"_links":{"self":[{"href":"https:\/\/www.ivinio.com\/sv\/wp-json\/wp\/v2\/product\/139795","targetHints":{"allow":["GET"]}}],"collection":[{"href":"https:\/\/www.ivinio.com\/sv\/wp-json\/wp\/v2\/product"}],"about":[{"href":"https:\/\/www.ivinio.com\/sv\/wp-json\/wp\/v2\/types\/product"}],"replies":[{"embeddable":true,"href":"https:\/\/www.ivinio.com\/sv\/wp-json\/wp\/v2\/comments?post=139795"}],"wp:featuredmedia":[{"embeddable":true,"href":"https:\/\/www.ivinio.com\/sv\/wp-json\/wp\/v2\/media\/139843"}],"wp:attachment":[{"href":"https:\/\/www.ivinio.com\/sv\/wp-json\/wp\/v2\/media?parent=139795"}],"wp:term":[{"taxonomy":"product_brand","embeddable":true,"href":"https:\/\/www.ivinio.com\/sv\/wp-json\/wp\/v2\/product_brand?post=139795"},{"taxonomy":"product_cat","embeddable":true,"href":"https:\/\/www.ivinio.com\/sv\/wp-json\/wp\/v2\/product_cat?post=139795"},{"taxonomy":"product_tag","embeddable":true,"href":"https:\/\/www.ivinio.com\/sv\/wp-json\/wp\/v2\/product_tag?post=139795"}],"curies":[{"name":"wp","href":"https:\/\/api.w.org\/{rel}","templated":true}]}}