{"id":139589,"date":"2026-02-26T17:22:21","date_gmt":"2026-02-26T16:22:21","guid":{"rendered":"https:\/\/www.ivinio.com\/?post_type=product&#038;p=139589"},"modified":"2026-03-10T11:52:22","modified_gmt":"2026-03-10T10:52:22","slug":"bordeaux-finvin-fran-2014-blandlada-2x3-flaskor","status":"publish","type":"product","link":"https:\/\/www.ivinio.com\/sv\/produkt\/bordeaux-finvin-fran-2014-blandlada-2x3-flaskor\/","title":{"rendered":"Bordeaux &#8211; finvin fr\u00e5n 2014 &#8211; Blandl\u00e5da 2&#215;3 flaskor"},"content":{"rendered":"<h2 data-start=\"60\" data-end=\"124\">Blandl\u00e5da Bordeaux 2014 \u2013 tv\u00e5 klassiska slott i en stor \u00e5rg\u00e5ng.<\/h2>\n<p data-start=\"126\" data-end=\"315\">Denna blandl\u00e5da samlar tv\u00e5 framst\u00e5ende Bordeaux-viner fr\u00e5n den fina \u00e5rg\u00e5ngen 2014: Ch\u00e2teau Grand Ormeau &#8211; El\u00e9gance (Lalande-de-Pomerol) och Ch\u00e2teau Fourcas-Borie (Listrac-M\u00e9doc), tre flaskor av varje.<\/p>\n<p data-start=\"317\" data-end=\"565\">\u00c5rg\u00e5ng 2014 k\u00e4nnetecknas av utm\u00e4rkt balans, fin struktur och en vacker aromatisk utveckling. Efter flera \u00e5rs lagring har vinerna n\u00e5tt en harmonisk mognad, d\u00e4r frukten fortfarande \u00e4r levande och tanninerna har blivit mjukare och elegant integrerade.<\/p>\n<p data-start=\"567\" data-end=\"844\">Ch\u00e2teau Grand Ormeau &#8211; El\u00e9gance visar en rund och gener\u00f6s stil med mogen frukt och silkeslen textur, medan Ch\u00e2teau Fourcas-Borie erbjuder djup, struktur och klassisk M\u00e9doc-karakt\u00e4r. Tillsammans uttrycker de b\u00e5de elegansen och lagringspotentialen hos Bordeaux fr\u00e5n en mycket lyckad \u00e5rg\u00e5ng.<\/p>\n<p data-start=\"846\" data-end=\"950\">En idealisk l\u00e5da f\u00f6r att uppt\u00e4cka mognaden och komplexiteten hos Bordeaux 2014 \u2013 redo att avnjutas idag.<\/p>\n","protected":false},"excerpt":{"rendered":"<p>Blandl\u00e5da Bordeaux 2014 \u2013 tv\u00e5 klassiska slott i en stor \u00e5rg\u00e5ng.<\/p>\n","protected":false},"featured_media":139620,"comment_status":"open","ping_status":"closed","template":"","meta":{"_monsterinsights_skip_tracking":false,"_monsterinsights_sitenote_active":false,"_monsterinsights_sitenote_note":"","_monsterinsights_sitenote_category":0,"_uf_show_specific_survey":0,"_uf_disable_surveys":false},"product_brand":[],"product_cat":[36645],"product_tag":[],"class_list":{"0":"post-139589","1":"product","2":"type-product","3":"status-publish","4":"has-post-thumbnail","6":"product_cat-blandade-provsmakningslador","8":"first","9":"instock","10":"sale","11":"virtual","12":"taxable","13":"purchasable","14":"product-type-bundle"},"bundled_by":[],"bundle_stock_status":"instock","bundle_stock_quantity":"","bundle_virtual":false,"bundle_layout":"grid","bundle_add_to_cart_form_location":"after_summary","bundle_editable_in_cart":false,"bundle_sold_individually_context":"product","bundle_item_grouping":"noindent","bundle_min_size":"","bundle_max_size":"","bundle_price":{"price":{"min":{"incl_tax":"89","excl_tax":"89"},"max":{"incl_tax":"89","excl_tax":"89"}},"regular_price":{"min":{"incl_tax":"118.3","excl_tax":"118.25"},"max":{"incl_tax":"118.3","excl_tax":"118.25"}}},"bundled_items":[{"bundled_item_id":9244,"product_id":139587,"menu_order":0,"quantity_min":3,"quantity_max":3,"quantity_default":3,"priced_individually":false,"shipped_individually":false,"override_title":false,"title":"Ch\u00e2teau Grand Ormeau - El\u00e9gance - Lalande de Pomerol - R\u00f6d","override_description":false,"description":"","optional":false,"hide_thumbnail":false,"discount":"","override_variations":false,"allowed_variations":[],"override_default_variation_attributes":false,"default_variation_attributes":[],"single_product_visibility":"visible","cart_visibility":"visible","order_visibility":"visible","single_product_price_visibility":"visible","cart_price_visibility":"visible","order_price_visibility":"visible","stock_status":"in_stock"},{"bundled_item_id":9245,"product_id":139584,"menu_order":1,"quantity_min":3,"quantity_max":3,"quantity_default":3,"priced_individually":false,"shipped_individually":false,"override_title":false,"title":"Ch\u00e2teau Fourcas-Borie - Listrac-M\u00e9doc - R\u00f6d","override_description":false,"description":"","optional":false,"hide_thumbnail":false,"discount":"","override_variations":false,"allowed_variations":[],"override_default_variation_attributes":false,"default_variation_attributes":[],"single_product_visibility":"visible","cart_visibility":"visible","order_visibility":"visible","single_product_price_visibility":"visible","cart_price_visibility":"visible","order_price_visibility":"visible","stock_status":"in_stock"}],"bundle_sell_ids":[],"yoast_head":"<!-- This site is optimized with the Yoast SEO plugin v27.3 - https:\/\/yoast.com\/product\/yoast-seo-wordpress\/ -->\n<title>Bordeaux - finvin fr\u00e5n 2014 - Blandl\u00e5da 2x3 flaskor - IVINIO Vinbutik<\/title>\n<meta name=\"description\" content=\"Bordeaux - finvin fr\u00e5n 2014 - Blandl\u00e5da 2x3 flaskor. Tv\u00e5 framst\u00e5ende Bordeaux-viner fr\u00e5n den fina \u00e5rg\u00e5ngen 2014 - tre flaskor av varje.\" \/>\n<meta name=\"robots\" content=\"index, follow, max-snippet:-1, max-image-preview:large, max-video-preview:-1\" \/>\n<link rel=\"canonical\" href=\"https:\/\/www.ivinio.com\/sv\/produkt\/bordeaux-finvin-fran-2014-blandlada-2x3-flaskor\/\" \/>\n<meta property=\"og:locale\" content=\"sv_SE\" \/>\n<meta property=\"og:type\" content=\"article\" \/>\n<meta property=\"og:title\" content=\"Bordeaux - finvin fr\u00e5n 2014 - Blandl\u00e5da 2x3 flaskor - IVINIO Vinbutik\" \/>\n<meta property=\"og:description\" content=\"Bordeaux - finvin fr\u00e5n 2014 - Blandl\u00e5da 2x3 flaskor. Tv\u00e5 framst\u00e5ende Bordeaux-viner fr\u00e5n den fina \u00e5rg\u00e5ngen 2014 - tre flaskor av varje.\" \/>\n<meta property=\"og:url\" content=\"https:\/\/www.ivinio.com\/sv\/produkt\/bordeaux-finvin-fran-2014-blandlada-2x3-flaskor\/\" \/>\n<meta property=\"og:site_name\" content=\"IVINIO Vinbutik\" \/>\n<meta property=\"article:publisher\" content=\"https:\/\/www.facebook.com\/groups\/165217837022391\/?ref=bookmarks\" \/>\n<meta property=\"article:modified_time\" content=\"2026-03-10T10:52:22+00:00\" \/>\n<meta property=\"og:image\" content=\"https:\/\/www.ivinio.com\/wp-content\/uploads\/2026\/02\/Finvin-fran-Bordeaux-2014-IVINIO-1.jpg\" \/>\n\t<meta property=\"og:image:width\" content=\"500\" \/>\n\t<meta property=\"og:image:height\" content=\"500\" \/>\n\t<meta property=\"og:image:type\" content=\"image\/jpeg\" \/>\n<meta name=\"twitter:card\" content=\"summary_large_image\" \/>\n<meta name=\"twitter:label1\" content=\"Ber\u00e4knad l\u00e4stid\" \/>\n\t<meta name=\"twitter:data1\" content=\"1 minut\" \/>\n<script type=\"application\/ld+json\" class=\"yoast-schema-graph\">{\"@context\":\"https:\\\/\\\/schema.org\",\"@graph\":[{\"@type\":\"WebPage\",\"@id\":\"https:\\\/\\\/www.ivinio.com\\\/sv\\\/produkt\\\/bordeaux-finvin-fran-2014-blandlada-2x3-flaskor\\\/\",\"url\":\"https:\\\/\\\/www.ivinio.com\\\/sv\\\/produkt\\\/bordeaux-finvin-fran-2014-blandlada-2x3-flaskor\\\/\",\"name\":\"Bordeaux - finvin fr\u00e5n 2014 - Blandl\u00e5da 2x3 flaskor - IVINIO Vinbutik\",\"isPartOf\":{\"@id\":\"https:\\\/\\\/www.ivinio.com\\\/sv\\\/#website\"},\"primaryImageOfPage\":{\"@id\":\"https:\\\/\\\/www.ivinio.com\\\/sv\\\/produkt\\\/bordeaux-finvin-fran-2014-blandlada-2x3-flaskor\\\/#primaryimage\"},\"image\":{\"@id\":\"https:\\\/\\\/www.ivinio.com\\\/sv\\\/produkt\\\/bordeaux-finvin-fran-2014-blandlada-2x3-flaskor\\\/#primaryimage\"},\"thumbnailUrl\":\"https:\\\/\\\/www.ivinio.com\\\/wp-content\\\/uploads\\\/2026\\\/02\\\/Finvin-fran-Bordeaux-2014-IVINIO-1.jpg\",\"datePublished\":\"2026-02-26T16:22:21+00:00\",\"dateModified\":\"2026-03-10T10:52:22+00:00\",\"description\":\"Bordeaux - finvin fr\u00e5n 2014 - Blandl\u00e5da 2x3 flaskor. Tv\u00e5 framst\u00e5ende Bordeaux-viner fr\u00e5n den fina \u00e5rg\u00e5ngen 2014 - tre flaskor av varje.\",\"breadcrumb\":{\"@id\":\"https:\\\/\\\/www.ivinio.com\\\/sv\\\/produkt\\\/bordeaux-finvin-fran-2014-blandlada-2x3-flaskor\\\/#breadcrumb\"},\"inLanguage\":\"sv-SE\",\"potentialAction\":[{\"@type\":\"ReadAction\",\"target\":[\"https:\\\/\\\/www.ivinio.com\\\/sv\\\/produkt\\\/bordeaux-finvin-fran-2014-blandlada-2x3-flaskor\\\/\"]}]},{\"@type\":\"ImageObject\",\"inLanguage\":\"sv-SE\",\"@id\":\"https:\\\/\\\/www.ivinio.com\\\/sv\\\/produkt\\\/bordeaux-finvin-fran-2014-blandlada-2x3-flaskor\\\/#primaryimage\",\"url\":\"https:\\\/\\\/www.ivinio.com\\\/wp-content\\\/uploads\\\/2026\\\/02\\\/Finvin-fran-Bordeaux-2014-IVINIO-1.jpg\",\"contentUrl\":\"https:\\\/\\\/www.ivinio.com\\\/wp-content\\\/uploads\\\/2026\\\/02\\\/Finvin-fran-Bordeaux-2014-IVINIO-1.jpg\",\"width\":500,\"height\":500},{\"@type\":\"BreadcrumbList\",\"@id\":\"https:\\\/\\\/www.ivinio.com\\\/sv\\\/produkt\\\/bordeaux-finvin-fran-2014-blandlada-2x3-flaskor\\\/#breadcrumb\",\"itemListElement\":[{\"@type\":\"ListItem\",\"position\":1,\"name\":\"Hem\",\"item\":\"https:\\\/\\\/www.ivinio.com\\\/sv\\\/\"},{\"@type\":\"ListItem\",\"position\":2,\"name\":\"Vinbutik\",\"item\":\"https:\\\/\\\/www.ivinio.com\\\/sv\\\/vinbutik\\\/\"},{\"@type\":\"ListItem\",\"position\":3,\"name\":\"Bordeaux &#8211; finvin fr\u00e5n 2014 &#8211; Blandl\u00e5da 2&#215;3 flaskor\"}]},{\"@type\":\"WebSite\",\"@id\":\"https:\\\/\\\/www.ivinio.com\\\/sv\\\/#website\",\"url\":\"https:\\\/\\\/www.ivinio.com\\\/sv\\\/\",\"name\":\"IVINIO Vinbutik\",\"description\":\"Vin fr\u00e5n Frankrike och Italien med leverans hem till din d\u00f6rr\",\"publisher\":{\"@id\":\"https:\\\/\\\/www.ivinio.com\\\/sv\\\/#organization\"},\"potentialAction\":[{\"@type\":\"SearchAction\",\"target\":{\"@type\":\"EntryPoint\",\"urlTemplate\":\"https:\\\/\\\/www.ivinio.com\\\/sv\\\/?s={search_term_string}\"},\"query-input\":{\"@type\":\"PropertyValueSpecification\",\"valueRequired\":true,\"valueName\":\"search_term_string\"}}],\"inLanguage\":\"sv-SE\"},{\"@type\":\"Organization\",\"@id\":\"https:\\\/\\\/www.ivinio.com\\\/sv\\\/#organization\",\"name\":\"IVINIO\",\"url\":\"https:\\\/\\\/www.ivinio.com\\\/sv\\\/\",\"logo\":{\"@type\":\"ImageObject\",\"inLanguage\":\"sv-SE\",\"@id\":\"https:\\\/\\\/www.ivinio.com\\\/sv\\\/#\\\/schema\\\/logo\\\/image\\\/\",\"url\":\"https:\\\/\\\/www.ivinio.com\\\/wp-content\\\/uploads\\\/2021\\\/01\\\/Logo-Ivinio-v2.jpg\",\"contentUrl\":\"https:\\\/\\\/www.ivinio.com\\\/wp-content\\\/uploads\\\/2021\\\/01\\\/Logo-Ivinio-v2.jpg\",\"width\":1194,\"height\":1194,\"caption\":\"IVINIO\"},\"image\":{\"@id\":\"https:\\\/\\\/www.ivinio.com\\\/sv\\\/#\\\/schema\\\/logo\\\/image\\\/\"},\"sameAs\":[\"https:\\\/\\\/www.facebook.com\\\/groups\\\/165217837022391\\\/?ref=bookmarks\",\"https:\\\/\\\/www.instagram.com\\\/_ivinio_\\\/?hl=fr\"]}]}<\/script>\n<!-- \/ Yoast SEO plugin. -->","yoast_head_json":{"title":"Bordeaux - finvin fr\u00e5n 2014 - Blandl\u00e5da 2x3 flaskor - IVINIO Vinbutik","description":"Bordeaux - finvin fr\u00e5n 2014 - Blandl\u00e5da 2x3 flaskor. Tv\u00e5 framst\u00e5ende Bordeaux-viner fr\u00e5n den fina \u00e5rg\u00e5ngen 2014 - tre flaskor av varje.","robots":{"index":"index","follow":"follow","max-snippet":"max-snippet:-1","max-image-preview":"max-image-preview:large","max-video-preview":"max-video-preview:-1"},"canonical":"https:\/\/www.ivinio.com\/sv\/produkt\/bordeaux-finvin-fran-2014-blandlada-2x3-flaskor\/","og_locale":"sv_SE","og_type":"article","og_title":"Bordeaux - finvin fr\u00e5n 2014 - Blandl\u00e5da 2x3 flaskor - IVINIO Vinbutik","og_description":"Bordeaux - finvin fr\u00e5n 2014 - Blandl\u00e5da 2x3 flaskor. Tv\u00e5 framst\u00e5ende Bordeaux-viner fr\u00e5n den fina \u00e5rg\u00e5ngen 2014 - tre flaskor av varje.","og_url":"https:\/\/www.ivinio.com\/sv\/produkt\/bordeaux-finvin-fran-2014-blandlada-2x3-flaskor\/","og_site_name":"IVINIO Vinbutik","article_publisher":"https:\/\/www.facebook.com\/groups\/165217837022391\/?ref=bookmarks","article_modified_time":"2026-03-10T10:52:22+00:00","og_image":[{"width":500,"height":500,"url":"https:\/\/www.ivinio.com\/wp-content\/uploads\/2026\/02\/Finvin-fran-Bordeaux-2014-IVINIO-1.jpg","type":"image\/jpeg"}],"twitter_card":"summary_large_image","twitter_misc":{"Ber\u00e4knad l\u00e4stid":"1 minut"},"schema":{"@context":"https:\/\/schema.org","@graph":[{"@type":"WebPage","@id":"https:\/\/www.ivinio.com\/sv\/produkt\/bordeaux-finvin-fran-2014-blandlada-2x3-flaskor\/","url":"https:\/\/www.ivinio.com\/sv\/produkt\/bordeaux-finvin-fran-2014-blandlada-2x3-flaskor\/","name":"Bordeaux - finvin fr\u00e5n 2014 - Blandl\u00e5da 2x3 flaskor - IVINIO Vinbutik","isPartOf":{"@id":"https:\/\/www.ivinio.com\/sv\/#website"},"primaryImageOfPage":{"@id":"https:\/\/www.ivinio.com\/sv\/produkt\/bordeaux-finvin-fran-2014-blandlada-2x3-flaskor\/#primaryimage"},"image":{"@id":"https:\/\/www.ivinio.com\/sv\/produkt\/bordeaux-finvin-fran-2014-blandlada-2x3-flaskor\/#primaryimage"},"thumbnailUrl":"https:\/\/www.ivinio.com\/wp-content\/uploads\/2026\/02\/Finvin-fran-Bordeaux-2014-IVINIO-1.jpg","datePublished":"2026-02-26T16:22:21+00:00","dateModified":"2026-03-10T10:52:22+00:00","description":"Bordeaux - finvin fr\u00e5n 2014 - Blandl\u00e5da 2x3 flaskor. Tv\u00e5 framst\u00e5ende Bordeaux-viner fr\u00e5n den fina \u00e5rg\u00e5ngen 2014 - tre flaskor av varje.","breadcrumb":{"@id":"https:\/\/www.ivinio.com\/sv\/produkt\/bordeaux-finvin-fran-2014-blandlada-2x3-flaskor\/#breadcrumb"},"inLanguage":"sv-SE","potentialAction":[{"@type":"ReadAction","target":["https:\/\/www.ivinio.com\/sv\/produkt\/bordeaux-finvin-fran-2014-blandlada-2x3-flaskor\/"]}]},{"@type":"ImageObject","inLanguage":"sv-SE","@id":"https:\/\/www.ivinio.com\/sv\/produkt\/bordeaux-finvin-fran-2014-blandlada-2x3-flaskor\/#primaryimage","url":"https:\/\/www.ivinio.com\/wp-content\/uploads\/2026\/02\/Finvin-fran-Bordeaux-2014-IVINIO-1.jpg","contentUrl":"https:\/\/www.ivinio.com\/wp-content\/uploads\/2026\/02\/Finvin-fran-Bordeaux-2014-IVINIO-1.jpg","width":500,"height":500},{"@type":"BreadcrumbList","@id":"https:\/\/www.ivinio.com\/sv\/produkt\/bordeaux-finvin-fran-2014-blandlada-2x3-flaskor\/#breadcrumb","itemListElement":[{"@type":"ListItem","position":1,"name":"Hem","item":"https:\/\/www.ivinio.com\/sv\/"},{"@type":"ListItem","position":2,"name":"Vinbutik","item":"https:\/\/www.ivinio.com\/sv\/vinbutik\/"},{"@type":"ListItem","position":3,"name":"Bordeaux &#8211; finvin fr\u00e5n 2014 &#8211; Blandl\u00e5da 2&#215;3 flaskor"}]},{"@type":"WebSite","@id":"https:\/\/www.ivinio.com\/sv\/#website","url":"https:\/\/www.ivinio.com\/sv\/","name":"IVINIO Vinbutik","description":"Vin fr\u00e5n Frankrike och Italien med leverans hem till din d\u00f6rr","publisher":{"@id":"https:\/\/www.ivinio.com\/sv\/#organization"},"potentialAction":[{"@type":"SearchAction","target":{"@type":"EntryPoint","urlTemplate":"https:\/\/www.ivinio.com\/sv\/?s={search_term_string}"},"query-input":{"@type":"PropertyValueSpecification","valueRequired":true,"valueName":"search_term_string"}}],"inLanguage":"sv-SE"},{"@type":"Organization","@id":"https:\/\/www.ivinio.com\/sv\/#organization","name":"IVINIO","url":"https:\/\/www.ivinio.com\/sv\/","logo":{"@type":"ImageObject","inLanguage":"sv-SE","@id":"https:\/\/www.ivinio.com\/sv\/#\/schema\/logo\/image\/","url":"https:\/\/www.ivinio.com\/wp-content\/uploads\/2021\/01\/Logo-Ivinio-v2.jpg","contentUrl":"https:\/\/www.ivinio.com\/wp-content\/uploads\/2021\/01\/Logo-Ivinio-v2.jpg","width":1194,"height":1194,"caption":"IVINIO"},"image":{"@id":"https:\/\/www.ivinio.com\/sv\/#\/schema\/logo\/image\/"},"sameAs":["https:\/\/www.facebook.com\/groups\/165217837022391\/?ref=bookmarks","https:\/\/www.instagram.com\/_ivinio_\/?hl=fr"]}]}},"jetpack_sharing_enabled":true,"_links":{"self":[{"href":"https:\/\/www.ivinio.com\/sv\/wp-json\/wp\/v2\/product\/139589","targetHints":{"allow":["GET"]}}],"collection":[{"href":"https:\/\/www.ivinio.com\/sv\/wp-json\/wp\/v2\/product"}],"about":[{"href":"https:\/\/www.ivinio.com\/sv\/wp-json\/wp\/v2\/types\/product"}],"replies":[{"embeddable":true,"href":"https:\/\/www.ivinio.com\/sv\/wp-json\/wp\/v2\/comments?post=139589"}],"wp:featuredmedia":[{"embeddable":true,"href":"https:\/\/www.ivinio.com\/sv\/wp-json\/wp\/v2\/media\/139620"}],"wp:attachment":[{"href":"https:\/\/www.ivinio.com\/sv\/wp-json\/wp\/v2\/media?parent=139589"}],"wp:term":[{"taxonomy":"product_brand","embeddable":true,"href":"https:\/\/www.ivinio.com\/sv\/wp-json\/wp\/v2\/product_brand?post=139589"},{"taxonomy":"product_cat","embeddable":true,"href":"https:\/\/www.ivinio.com\/sv\/wp-json\/wp\/v2\/product_cat?post=139589"},{"taxonomy":"product_tag","embeddable":true,"href":"https:\/\/www.ivinio.com\/sv\/wp-json\/wp\/v2\/product_tag?post=139589"}],"curies":[{"name":"wp","href":"https:\/\/api.w.org\/{rel}","templated":true}]}}