{"id":139318,"date":"2026-01-16T16:58:57","date_gmt":"2026-01-16T15:58:57","guid":{"rendered":"https:\/\/www.ivinio.com\/?post_type=product&#038;p=139318"},"modified":"2026-02-26T17:42:28","modified_gmt":"2026-02-26T16:42:28","slug":"mas-gabinele-blandad-vinlada-3x2-flaskor","status":"publish","type":"product","link":"https:\/\/www.ivinio.com\/sv\/produkt\/mas-gabinele-blandad-vinlada-3x2-flaskor\/","title":{"rendered":"Mas Gabin\u00e8le &#8211; Blandad vinl\u00e5da &#8211; 3&#215;2 flaskor"},"content":{"rendered":"<h4 data-start=\"134\" data-end=\"194\">Blandl\u00e5da fr\u00e5n Mas Gabin\u00e8le \u2013 6 flaskor fr\u00e5n Faug\u00e8res<\/h4>\n<p data-start=\"196\" data-end=\"386\">H\u00e4r f\u00e5r du m\u00f6jlighet att prova olika viner fr\u00e5n Faug\u00e8res distriktet i Languedoc, ett vindistrikt som gjort sig k\u00e4nt f\u00f6r sin sina skifferjordar . Du f\u00e5r 3 olika viner fr\u00e5n Mas Gabin\u00e8le , <strong data-start=\"252\" data-end=\"278\">2 flaskor av varje vin<\/strong> \u2013 2 olika vitviner med olika stil samt ett klassiskt r\u00f6dvin.<\/p>\n<ol>\n<li data-start=\"196\" data-end=\"386\"><strong data-start=\"388\" data-end=\"405\">Grenache Gris<\/strong> \u00e4r ett fylligt men friskt vitt vin med fin struktur och bra balans.<\/li>\n<li data-start=\"196\" data-end=\"386\"><strong data-start=\"476\" data-end=\"491\">P\u00e9chaligous<\/strong> \u00e4r ett personligt och lite annorlunda vin gjort p\u00e5 hela 12 druvsorter, aromatiskt och sp\u00e4nnande.<\/li>\n<li data-start=\"196\" data-end=\"386\"><strong data-start=\"591\" data-end=\"619\">Faug\u00e8res Tradition Rouge<\/strong> \u00e4r ett mjukt och kryddigt r\u00f6tt vin som passar till m\u00e5nga olika r\u00e4tter.<\/li>\n<\/ol>\n<p data-start=\"692\" data-end=\"816\">En perfekt l\u00e5da f\u00f6r dig som vill prova flera sidor av samma producent \u2013 lika bra till middagar som till en egen vinprovning !<\/p>\n","protected":false},"excerpt":{"rendered":"<p>Vinl\u00e5da fr\u00e5n Mas Gabin\u00e8le med 3 olika viner med olika stil fr\u00e5n Faug\u00e8res;<\/p>\n","protected":false},"featured_media":139319,"comment_status":"open","ping_status":"closed","template":"","meta":{"_monsterinsights_skip_tracking":false,"_monsterinsights_sitenote_active":false,"_monsterinsights_sitenote_note":"","_monsterinsights_sitenote_category":0,"_uf_show_specific_survey":0,"_uf_disable_surveys":false},"product_brand":[],"product_cat":[36644],"product_tag":[],"class_list":{"0":"post-139318","1":"product","2":"type-product","3":"status-publish","4":"has-post-thumbnail","6":"product_cat-mixed-wine-cases","8":"first","9":"instock","10":"sale","11":"virtual","12":"taxable","13":"purchasable","14":"product-type-bundle"},"bundled_by":[],"bundle_stock_status":"instock","bundle_stock_quantity":"","bundle_virtual":false,"bundle_layout":"grid","bundle_add_to_cart_form_location":"after_summary","bundle_editable_in_cart":false,"bundle_sold_individually_context":"product","bundle_item_grouping":"noindent","bundle_min_size":"","bundle_max_size":"","bundle_price":{"price":{"min":{"incl_tax":"66.3","excl_tax":"66.25"},"max":{"incl_tax":"66.3","excl_tax":"66.25"}},"regular_price":{"min":{"incl_tax":"85.7","excl_tax":"85.666667"},"max":{"incl_tax":"85.7","excl_tax":"85.666667"}}},"bundled_items":[{"bundled_item_id":9223,"product_id":139311,"menu_order":0,"quantity_min":2,"quantity_max":2,"quantity_default":2,"priced_individually":false,"shipped_individually":false,"override_title":false,"title":"Mas Gabin\u00e8le - Grenache Gris - Vieilles vignes - Vit","override_description":false,"description":"","optional":false,"hide_thumbnail":false,"discount":"","override_variations":false,"allowed_variations":[],"override_default_variation_attributes":false,"default_variation_attributes":[],"single_product_visibility":"visible","cart_visibility":"visible","order_visibility":"visible","single_product_price_visibility":"visible","cart_price_visibility":"visible","order_price_visibility":"visible","stock_status":"in_stock"},{"bundled_item_id":9224,"product_id":139315,"menu_order":1,"quantity_min":2,"quantity_max":2,"quantity_default":2,"priced_individually":false,"shipped_individually":false,"override_title":false,"title":"Mas Gabin\u00e8le - P\u00e9chaligous \u2013 Faug\u00e8res - Vit","override_description":false,"description":"","optional":false,"hide_thumbnail":false,"discount":"","override_variations":false,"allowed_variations":[],"override_default_variation_attributes":false,"default_variation_attributes":[],"single_product_visibility":"visible","cart_visibility":"visible","order_visibility":"visible","single_product_price_visibility":"visible","cart_price_visibility":"visible","order_price_visibility":"visible","stock_status":"in_stock"},{"bundled_item_id":9225,"product_id":139316,"menu_order":2,"quantity_min":2,"quantity_max":2,"quantity_default":2,"priced_individually":false,"shipped_individually":false,"override_title":false,"title":"Mas Gabin\u00e8le - Faug\u00e8res - R\u00f6d","override_description":false,"description":"","optional":false,"hide_thumbnail":false,"discount":"","override_variations":false,"allowed_variations":[],"override_default_variation_attributes":false,"default_variation_attributes":[],"single_product_visibility":"visible","cart_visibility":"visible","order_visibility":"visible","single_product_price_visibility":"visible","cart_price_visibility":"visible","order_price_visibility":"visible","stock_status":"in_stock"}],"bundle_sell_ids":[],"yoast_head":"<!-- This site is optimized with the Yoast SEO plugin v27.4 - https:\/\/yoast.com\/product\/yoast-seo-wordpress\/ -->\n<title>Mas Gabin\u00e8le - Blandad vinl\u00e5da - 3x2 flaskor - IVINIO Vinbutik<\/title>\n<meta name=\"description\" content=\"Mas Gabin\u00e8le - Blandad vinl\u00e5da med 3 olika viner fr\u00e5n Mas Gabin\u00e8le , 2 flaskor av varje vin \u2013 2 olika vitviner med olika stil samt ett klassiskt r\u00f6dvin.\u00a0\" \/>\n<meta name=\"robots\" content=\"index, follow, max-snippet:-1, max-image-preview:large, max-video-preview:-1\" \/>\n<link rel=\"canonical\" href=\"https:\/\/www.ivinio.com\/sv\/produkt\/mas-gabinele-blandad-vinlada-3x2-flaskor\/\" \/>\n<meta property=\"og:locale\" content=\"sv_SE\" \/>\n<meta property=\"og:type\" content=\"article\" \/>\n<meta property=\"og:title\" content=\"Mas Gabin\u00e8le - Blandad vinl\u00e5da - 3x2 flaskor - IVINIO Vinbutik\" \/>\n<meta property=\"og:description\" content=\"Mas Gabin\u00e8le - Blandad vinl\u00e5da med 3 olika viner fr\u00e5n Mas Gabin\u00e8le , 2 flaskor av varje vin \u2013 2 olika vitviner med olika stil samt ett klassiskt r\u00f6dvin.\u00a0\" \/>\n<meta property=\"og:url\" content=\"https:\/\/www.ivinio.com\/sv\/produkt\/mas-gabinele-blandad-vinlada-3x2-flaskor\/\" \/>\n<meta property=\"og:site_name\" content=\"IVINIO Vinbutik\" \/>\n<meta property=\"article:publisher\" content=\"https:\/\/www.facebook.com\/groups\/165217837022391\/?ref=bookmarks\" \/>\n<meta property=\"article:modified_time\" content=\"2026-02-26T16:42:28+00:00\" \/>\n<meta property=\"og:image\" content=\"https:\/\/www.ivinio.com\/wp-content\/uploads\/2026\/01\/Mas-gabinele-mix-IVINIO.jpg\" \/>\n\t<meta property=\"og:image:width\" content=\"500\" \/>\n\t<meta property=\"og:image:height\" content=\"500\" \/>\n\t<meta property=\"og:image:type\" content=\"image\/jpeg\" \/>\n<meta name=\"twitter:card\" content=\"summary_large_image\" \/>\n<meta name=\"twitter:label1\" content=\"Ber\u00e4knad l\u00e4stid\" \/>\n\t<meta name=\"twitter:data1\" content=\"1 minut\" \/>\n<script type=\"application\/ld+json\" class=\"yoast-schema-graph\">{\"@context\":\"https:\\\/\\\/schema.org\",\"@graph\":[{\"@type\":\"WebPage\",\"@id\":\"https:\\\/\\\/www.ivinio.com\\\/sv\\\/produkt\\\/mas-gabinele-blandad-vinlada-3x2-flaskor\\\/\",\"url\":\"https:\\\/\\\/www.ivinio.com\\\/sv\\\/produkt\\\/mas-gabinele-blandad-vinlada-3x2-flaskor\\\/\",\"name\":\"Mas Gabin\u00e8le - Blandad vinl\u00e5da - 3x2 flaskor - IVINIO Vinbutik\",\"isPartOf\":{\"@id\":\"https:\\\/\\\/www.ivinio.com\\\/sv\\\/#website\"},\"primaryImageOfPage\":{\"@id\":\"https:\\\/\\\/www.ivinio.com\\\/sv\\\/produkt\\\/mas-gabinele-blandad-vinlada-3x2-flaskor\\\/#primaryimage\"},\"image\":{\"@id\":\"https:\\\/\\\/www.ivinio.com\\\/sv\\\/produkt\\\/mas-gabinele-blandad-vinlada-3x2-flaskor\\\/#primaryimage\"},\"thumbnailUrl\":\"https:\\\/\\\/www.ivinio.com\\\/wp-content\\\/uploads\\\/2026\\\/01\\\/Mas-gabinele-mix-IVINIO.jpg\",\"datePublished\":\"2026-01-16T15:58:57+00:00\",\"dateModified\":\"2026-02-26T16:42:28+00:00\",\"description\":\"Mas Gabin\u00e8le - Blandad vinl\u00e5da med 3 olika viner fr\u00e5n Mas Gabin\u00e8le , 2 flaskor av varje vin \u2013 2 olika vitviner med olika stil samt ett klassiskt r\u00f6dvin.\u00a0\",\"breadcrumb\":{\"@id\":\"https:\\\/\\\/www.ivinio.com\\\/sv\\\/produkt\\\/mas-gabinele-blandad-vinlada-3x2-flaskor\\\/#breadcrumb\"},\"inLanguage\":\"sv-SE\",\"potentialAction\":[{\"@type\":\"ReadAction\",\"target\":[\"https:\\\/\\\/www.ivinio.com\\\/sv\\\/produkt\\\/mas-gabinele-blandad-vinlada-3x2-flaskor\\\/\"]}]},{\"@type\":\"ImageObject\",\"inLanguage\":\"sv-SE\",\"@id\":\"https:\\\/\\\/www.ivinio.com\\\/sv\\\/produkt\\\/mas-gabinele-blandad-vinlada-3x2-flaskor\\\/#primaryimage\",\"url\":\"https:\\\/\\\/www.ivinio.com\\\/wp-content\\\/uploads\\\/2026\\\/01\\\/Mas-gabinele-mix-IVINIO.jpg\",\"contentUrl\":\"https:\\\/\\\/www.ivinio.com\\\/wp-content\\\/uploads\\\/2026\\\/01\\\/Mas-gabinele-mix-IVINIO.jpg\",\"width\":500,\"height\":500},{\"@type\":\"BreadcrumbList\",\"@id\":\"https:\\\/\\\/www.ivinio.com\\\/sv\\\/produkt\\\/mas-gabinele-blandad-vinlada-3x2-flaskor\\\/#breadcrumb\",\"itemListElement\":[{\"@type\":\"ListItem\",\"position\":1,\"name\":\"Hem\",\"item\":\"https:\\\/\\\/www.ivinio.com\\\/sv\\\/\"},{\"@type\":\"ListItem\",\"position\":2,\"name\":\"Vinbutik\",\"item\":\"https:\\\/\\\/www.ivinio.com\\\/sv\\\/vinbutik\\\/\"},{\"@type\":\"ListItem\",\"position\":3,\"name\":\"Mas Gabin\u00e8le &#8211; Blandad vinl\u00e5da &#8211; 3&#215;2 flaskor\"}]},{\"@type\":\"WebSite\",\"@id\":\"https:\\\/\\\/www.ivinio.com\\\/sv\\\/#website\",\"url\":\"https:\\\/\\\/www.ivinio.com\\\/sv\\\/\",\"name\":\"IVINIO Vinbutik\",\"description\":\"Vin fr\u00e5n Frankrike och Italien med leverans hem till din d\u00f6rr\",\"publisher\":{\"@id\":\"https:\\\/\\\/www.ivinio.com\\\/sv\\\/#organization\"},\"potentialAction\":[{\"@type\":\"SearchAction\",\"target\":{\"@type\":\"EntryPoint\",\"urlTemplate\":\"https:\\\/\\\/www.ivinio.com\\\/sv\\\/?s={search_term_string}\"},\"query-input\":{\"@type\":\"PropertyValueSpecification\",\"valueRequired\":true,\"valueName\":\"search_term_string\"}}],\"inLanguage\":\"sv-SE\"},{\"@type\":\"Organization\",\"@id\":\"https:\\\/\\\/www.ivinio.com\\\/sv\\\/#organization\",\"name\":\"IVINIO\",\"url\":\"https:\\\/\\\/www.ivinio.com\\\/sv\\\/\",\"logo\":{\"@type\":\"ImageObject\",\"inLanguage\":\"sv-SE\",\"@id\":\"https:\\\/\\\/www.ivinio.com\\\/sv\\\/#\\\/schema\\\/logo\\\/image\\\/\",\"url\":\"https:\\\/\\\/www.ivinio.com\\\/wp-content\\\/uploads\\\/2021\\\/01\\\/Logo-Ivinio-v2.jpg\",\"contentUrl\":\"https:\\\/\\\/www.ivinio.com\\\/wp-content\\\/uploads\\\/2021\\\/01\\\/Logo-Ivinio-v2.jpg\",\"width\":1194,\"height\":1194,\"caption\":\"IVINIO\"},\"image\":{\"@id\":\"https:\\\/\\\/www.ivinio.com\\\/sv\\\/#\\\/schema\\\/logo\\\/image\\\/\"},\"sameAs\":[\"https:\\\/\\\/www.facebook.com\\\/groups\\\/165217837022391\\\/?ref=bookmarks\",\"https:\\\/\\\/www.instagram.com\\\/_ivinio_\\\/?hl=fr\"]}]}<\/script>\n<!-- \/ Yoast SEO plugin. -->","yoast_head_json":{"title":"Mas Gabin\u00e8le - Blandad vinl\u00e5da - 3x2 flaskor - IVINIO Vinbutik","description":"Mas Gabin\u00e8le - Blandad vinl\u00e5da med 3 olika viner fr\u00e5n Mas Gabin\u00e8le , 2 flaskor av varje vin \u2013 2 olika vitviner med olika stil samt ett klassiskt r\u00f6dvin.\u00a0","robots":{"index":"index","follow":"follow","max-snippet":"max-snippet:-1","max-image-preview":"max-image-preview:large","max-video-preview":"max-video-preview:-1"},"canonical":"https:\/\/www.ivinio.com\/sv\/produkt\/mas-gabinele-blandad-vinlada-3x2-flaskor\/","og_locale":"sv_SE","og_type":"article","og_title":"Mas Gabin\u00e8le - Blandad vinl\u00e5da - 3x2 flaskor - IVINIO Vinbutik","og_description":"Mas Gabin\u00e8le - Blandad vinl\u00e5da med 3 olika viner fr\u00e5n Mas Gabin\u00e8le , 2 flaskor av varje vin \u2013 2 olika vitviner med olika stil samt ett klassiskt r\u00f6dvin.\u00a0","og_url":"https:\/\/www.ivinio.com\/sv\/produkt\/mas-gabinele-blandad-vinlada-3x2-flaskor\/","og_site_name":"IVINIO Vinbutik","article_publisher":"https:\/\/www.facebook.com\/groups\/165217837022391\/?ref=bookmarks","article_modified_time":"2026-02-26T16:42:28+00:00","og_image":[{"width":500,"height":500,"url":"https:\/\/www.ivinio.com\/wp-content\/uploads\/2026\/01\/Mas-gabinele-mix-IVINIO.jpg","type":"image\/jpeg"}],"twitter_card":"summary_large_image","twitter_misc":{"Ber\u00e4knad l\u00e4stid":"1 minut"},"schema":{"@context":"https:\/\/schema.org","@graph":[{"@type":"WebPage","@id":"https:\/\/www.ivinio.com\/sv\/produkt\/mas-gabinele-blandad-vinlada-3x2-flaskor\/","url":"https:\/\/www.ivinio.com\/sv\/produkt\/mas-gabinele-blandad-vinlada-3x2-flaskor\/","name":"Mas Gabin\u00e8le - Blandad vinl\u00e5da - 3x2 flaskor - IVINIO Vinbutik","isPartOf":{"@id":"https:\/\/www.ivinio.com\/sv\/#website"},"primaryImageOfPage":{"@id":"https:\/\/www.ivinio.com\/sv\/produkt\/mas-gabinele-blandad-vinlada-3x2-flaskor\/#primaryimage"},"image":{"@id":"https:\/\/www.ivinio.com\/sv\/produkt\/mas-gabinele-blandad-vinlada-3x2-flaskor\/#primaryimage"},"thumbnailUrl":"https:\/\/www.ivinio.com\/wp-content\/uploads\/2026\/01\/Mas-gabinele-mix-IVINIO.jpg","datePublished":"2026-01-16T15:58:57+00:00","dateModified":"2026-02-26T16:42:28+00:00","description":"Mas Gabin\u00e8le - Blandad vinl\u00e5da med 3 olika viner fr\u00e5n Mas Gabin\u00e8le , 2 flaskor av varje vin \u2013 2 olika vitviner med olika stil samt ett klassiskt r\u00f6dvin.\u00a0","breadcrumb":{"@id":"https:\/\/www.ivinio.com\/sv\/produkt\/mas-gabinele-blandad-vinlada-3x2-flaskor\/#breadcrumb"},"inLanguage":"sv-SE","potentialAction":[{"@type":"ReadAction","target":["https:\/\/www.ivinio.com\/sv\/produkt\/mas-gabinele-blandad-vinlada-3x2-flaskor\/"]}]},{"@type":"ImageObject","inLanguage":"sv-SE","@id":"https:\/\/www.ivinio.com\/sv\/produkt\/mas-gabinele-blandad-vinlada-3x2-flaskor\/#primaryimage","url":"https:\/\/www.ivinio.com\/wp-content\/uploads\/2026\/01\/Mas-gabinele-mix-IVINIO.jpg","contentUrl":"https:\/\/www.ivinio.com\/wp-content\/uploads\/2026\/01\/Mas-gabinele-mix-IVINIO.jpg","width":500,"height":500},{"@type":"BreadcrumbList","@id":"https:\/\/www.ivinio.com\/sv\/produkt\/mas-gabinele-blandad-vinlada-3x2-flaskor\/#breadcrumb","itemListElement":[{"@type":"ListItem","position":1,"name":"Hem","item":"https:\/\/www.ivinio.com\/sv\/"},{"@type":"ListItem","position":2,"name":"Vinbutik","item":"https:\/\/www.ivinio.com\/sv\/vinbutik\/"},{"@type":"ListItem","position":3,"name":"Mas Gabin\u00e8le &#8211; Blandad vinl\u00e5da &#8211; 3&#215;2 flaskor"}]},{"@type":"WebSite","@id":"https:\/\/www.ivinio.com\/sv\/#website","url":"https:\/\/www.ivinio.com\/sv\/","name":"IVINIO Vinbutik","description":"Vin fr\u00e5n Frankrike och Italien med leverans hem till din d\u00f6rr","publisher":{"@id":"https:\/\/www.ivinio.com\/sv\/#organization"},"potentialAction":[{"@type":"SearchAction","target":{"@type":"EntryPoint","urlTemplate":"https:\/\/www.ivinio.com\/sv\/?s={search_term_string}"},"query-input":{"@type":"PropertyValueSpecification","valueRequired":true,"valueName":"search_term_string"}}],"inLanguage":"sv-SE"},{"@type":"Organization","@id":"https:\/\/www.ivinio.com\/sv\/#organization","name":"IVINIO","url":"https:\/\/www.ivinio.com\/sv\/","logo":{"@type":"ImageObject","inLanguage":"sv-SE","@id":"https:\/\/www.ivinio.com\/sv\/#\/schema\/logo\/image\/","url":"https:\/\/www.ivinio.com\/wp-content\/uploads\/2021\/01\/Logo-Ivinio-v2.jpg","contentUrl":"https:\/\/www.ivinio.com\/wp-content\/uploads\/2021\/01\/Logo-Ivinio-v2.jpg","width":1194,"height":1194,"caption":"IVINIO"},"image":{"@id":"https:\/\/www.ivinio.com\/sv\/#\/schema\/logo\/image\/"},"sameAs":["https:\/\/www.facebook.com\/groups\/165217837022391\/?ref=bookmarks","https:\/\/www.instagram.com\/_ivinio_\/?hl=fr"]}]}},"jetpack_sharing_enabled":true,"_links":{"self":[{"href":"https:\/\/www.ivinio.com\/sv\/wp-json\/wp\/v2\/product\/139318","targetHints":{"allow":["GET"]}}],"collection":[{"href":"https:\/\/www.ivinio.com\/sv\/wp-json\/wp\/v2\/product"}],"about":[{"href":"https:\/\/www.ivinio.com\/sv\/wp-json\/wp\/v2\/types\/product"}],"replies":[{"embeddable":true,"href":"https:\/\/www.ivinio.com\/sv\/wp-json\/wp\/v2\/comments?post=139318"}],"wp:featuredmedia":[{"embeddable":true,"href":"https:\/\/www.ivinio.com\/sv\/wp-json\/wp\/v2\/media\/139319"}],"wp:attachment":[{"href":"https:\/\/www.ivinio.com\/sv\/wp-json\/wp\/v2\/media?parent=139318"}],"wp:term":[{"taxonomy":"product_brand","embeddable":true,"href":"https:\/\/www.ivinio.com\/sv\/wp-json\/wp\/v2\/product_brand?post=139318"},{"taxonomy":"product_cat","embeddable":true,"href":"https:\/\/www.ivinio.com\/sv\/wp-json\/wp\/v2\/product_cat?post=139318"},{"taxonomy":"product_tag","embeddable":true,"href":"https:\/\/www.ivinio.com\/sv\/wp-json\/wp\/v2\/product_tag?post=139318"}],"curies":[{"name":"wp","href":"https:\/\/api.w.org\/{rel}","templated":true}]}}