{"id":138866,"date":"2025-09-30T11:51:17","date_gmt":"2025-09-30T09:51:17","guid":{"rendered":"https:\/\/www.ivinio.com\/?post_type=product&#038;p=138866"},"modified":"2026-02-19T14:18:27","modified_gmt":"2026-02-19T13:18:27","slug":"artisans-partisans-cuvee-alice-1820-vit","status":"publish","type":"product","link":"https:\/\/www.ivinio.com\/sv\/produkt\/artisans-partisans-cuvee-alice-1820-vit\/","title":{"rendered":"Artisans Partisans &#8211; Cuv\u00e9e Alice 1820 &#8211; Vit"},"content":{"rendered":"<p>Artisans partisans Cuv\u00e9e Alice 1820 Vitvin \u00e4r en cuv\u00e9e som skapats f\u00f6r att hedra en av de f\u00f6rsta kvinnliga vinb\u00f6nderna i Languedoc. Vinet framst\u00e4lls av 50 % Grenache Blanc,\u00a0 35 % Rolle (Vermentino) och 15% Chenin blanc. Varje druvsort vinifieras separat f\u00f6r att beh\u00e5lla sin specificitet. Druvorna pressas l\u00e4tt och kylklarifieras. L\u00e5ng j\u00e4sning vid l\u00e5ga 14\u00b0 temperatur f\u00f6r att bevara fr\u00e4sch\u00f6r och fruktiga aromer. De olika vinerna s\u00e4tts sedan samman och det slutliga vinet lagras i st\u00e5ltankar vid konstant temperatur.<\/p>\n","protected":false},"excerpt":{"rendered":"<p>Artisans Partisans, Cuv\u00e9e Alice 1820, med inslag av p\u00e4ron, gula \u00e4pplen och torrt h\u00f6 som blandas med inslag av blommiga toner.<\/p>\n","protected":false},"featured_media":138869,"comment_status":"open","ping_status":"closed","template":"","meta":{"_monsterinsights_skip_tracking":false,"_monsterinsights_sitenote_active":false,"_monsterinsights_sitenote_note":"","_monsterinsights_sitenote_category":0,"_uf_show_specific_survey":0,"_uf_disable_surveys":false},"product_brand":[],"product_cat":[36627],"product_tag":[],"class_list":{"0":"post-138866","1":"product","2":"type-product","3":"status-publish","4":"has-post-thumbnail","6":"product_cat-sv-languedoc","7":"pa_alcohol-degree-13-5-sv","8":"pa_classification-igp-pays-doc-sv","9":"pa_color-vit-sv","10":"pa_country-frankrike-sv","11":"pa_grape-variety-chenin-sv","12":"pa_grape-variety-grenache-blanc-sv","13":"pa_grape-variety-rolle-aussi-appele-vermentino","14":"pa_region-languedoc-sv","15":"pa_storage-potential-5-ar-sv","16":"pa_vintage-41365","17":"pa_volume-75-cl-sv","19":"first","20":"instock","21":"taxable","22":"shipping-taxable","23":"purchasable","24":"product-type-simple"},"bundled_by":["138871"],"bundle_stock_status":"instock","bundle_stock_quantity":null,"bundle_virtual":false,"bundle_layout":"","bundle_add_to_cart_form_location":"","bundle_editable_in_cart":false,"bundle_sold_individually_context":"","bundle_item_grouping":"","bundle_min_size":"","bundle_max_size":"","bundle_price":[],"bundled_items":[],"bundle_sell_ids":[],"yoast_head":"<!-- This site is optimized with the Yoast SEO plugin v27.3 - https:\/\/yoast.com\/product\/yoast-seo-wordpress\/ -->\n<title>K\u00f6pa Artisans Partisans - Cuv\u00e9e Alice 1820 - Vitvin - IVINIO Vinbutik<\/title>\n<meta name=\"description\" content=\"K\u00f6pa Artisans Partisans - Cuv\u00e9e Alice 1820 - Vitvin. Inslag av p\u00e4ron, gula \u00e4pplen och torrt h\u00f6 som blandas med inslag av blommiga toner.\" \/>\n<meta name=\"robots\" content=\"index, follow, max-snippet:-1, max-image-preview:large, max-video-preview:-1\" \/>\n<link rel=\"canonical\" href=\"https:\/\/www.ivinio.com\/sv\/produkt\/artisans-partisans-cuvee-alice-1820-vit\/\" \/>\n<meta property=\"og:locale\" content=\"sv_SE\" \/>\n<meta property=\"og:type\" content=\"article\" \/>\n<meta property=\"og:title\" content=\"K\u00f6pa Artisans Partisans - Cuv\u00e9e Alice 1820 - Vitvin - IVINIO Vinbutik\" \/>\n<meta property=\"og:description\" content=\"K\u00f6pa Artisans Partisans - Cuv\u00e9e Alice 1820 - Vitvin. Inslag av p\u00e4ron, gula \u00e4pplen och torrt h\u00f6 som blandas med inslag av blommiga toner.\" \/>\n<meta property=\"og:url\" content=\"https:\/\/www.ivinio.com\/sv\/produkt\/artisans-partisans-cuvee-alice-1820-vit\/\" \/>\n<meta property=\"og:site_name\" content=\"IVINIO Vinbutik\" \/>\n<meta property=\"article:publisher\" content=\"https:\/\/www.facebook.com\/groups\/165217837022391\/?ref=bookmarks\" \/>\n<meta property=\"article:modified_time\" content=\"2026-02-19T13:18:27+00:00\" \/>\n<meta property=\"og:image\" content=\"https:\/\/www.ivinio.com\/wp-content\/uploads\/2025\/09\/Artisans-partisans-Alice-blanc-IVINIO.jpg\" \/>\n\t<meta property=\"og:image:width\" content=\"500\" \/>\n\t<meta property=\"og:image:height\" content=\"500\" \/>\n\t<meta property=\"og:image:type\" content=\"image\/jpeg\" \/>\n<meta name=\"twitter:card\" content=\"summary_large_image\" \/>\n<meta name=\"twitter:label1\" content=\"Ber\u00e4knad l\u00e4stid\" \/>\n\t<meta name=\"twitter:data1\" content=\"1 minut\" \/>\n<script type=\"application\/ld+json\" class=\"yoast-schema-graph\">{\"@context\":\"https:\\\/\\\/schema.org\",\"@graph\":[{\"@type\":\"WebPage\",\"@id\":\"https:\\\/\\\/www.ivinio.com\\\/sv\\\/produkt\\\/artisans-partisans-cuvee-alice-1820-vit\\\/\",\"url\":\"https:\\\/\\\/www.ivinio.com\\\/sv\\\/produkt\\\/artisans-partisans-cuvee-alice-1820-vit\\\/\",\"name\":\"K\u00f6pa Artisans Partisans - Cuv\u00e9e Alice 1820 - Vitvin - IVINIO Vinbutik\",\"isPartOf\":{\"@id\":\"https:\\\/\\\/www.ivinio.com\\\/sv\\\/#website\"},\"primaryImageOfPage\":{\"@id\":\"https:\\\/\\\/www.ivinio.com\\\/sv\\\/produkt\\\/artisans-partisans-cuvee-alice-1820-vit\\\/#primaryimage\"},\"image\":{\"@id\":\"https:\\\/\\\/www.ivinio.com\\\/sv\\\/produkt\\\/artisans-partisans-cuvee-alice-1820-vit\\\/#primaryimage\"},\"thumbnailUrl\":\"https:\\\/\\\/www.ivinio.com\\\/wp-content\\\/uploads\\\/2025\\\/09\\\/Artisans-partisans-Alice-blanc-IVINIO.jpg\",\"datePublished\":\"2025-09-30T09:51:17+00:00\",\"dateModified\":\"2026-02-19T13:18:27+00:00\",\"description\":\"K\u00f6pa Artisans Partisans - Cuv\u00e9e Alice 1820 - Vitvin. Inslag av p\u00e4ron, gula \u00e4pplen och torrt h\u00f6 som blandas med inslag av blommiga toner.\",\"breadcrumb\":{\"@id\":\"https:\\\/\\\/www.ivinio.com\\\/sv\\\/produkt\\\/artisans-partisans-cuvee-alice-1820-vit\\\/#breadcrumb\"},\"inLanguage\":\"sv-SE\",\"potentialAction\":[{\"@type\":\"ReadAction\",\"target\":[\"https:\\\/\\\/www.ivinio.com\\\/sv\\\/produkt\\\/artisans-partisans-cuvee-alice-1820-vit\\\/\"]}]},{\"@type\":\"ImageObject\",\"inLanguage\":\"sv-SE\",\"@id\":\"https:\\\/\\\/www.ivinio.com\\\/sv\\\/produkt\\\/artisans-partisans-cuvee-alice-1820-vit\\\/#primaryimage\",\"url\":\"https:\\\/\\\/www.ivinio.com\\\/wp-content\\\/uploads\\\/2025\\\/09\\\/Artisans-partisans-Alice-blanc-IVINIO.jpg\",\"contentUrl\":\"https:\\\/\\\/www.ivinio.com\\\/wp-content\\\/uploads\\\/2025\\\/09\\\/Artisans-partisans-Alice-blanc-IVINIO.jpg\",\"width\":500,\"height\":500},{\"@type\":\"BreadcrumbList\",\"@id\":\"https:\\\/\\\/www.ivinio.com\\\/sv\\\/produkt\\\/artisans-partisans-cuvee-alice-1820-vit\\\/#breadcrumb\",\"itemListElement\":[{\"@type\":\"ListItem\",\"position\":1,\"name\":\"Hem\",\"item\":\"https:\\\/\\\/www.ivinio.com\\\/sv\\\/\"},{\"@type\":\"ListItem\",\"position\":2,\"name\":\"Vinbutik\",\"item\":\"https:\\\/\\\/www.ivinio.com\\\/sv\\\/vinbutik\\\/\"},{\"@type\":\"ListItem\",\"position\":3,\"name\":\"Artisans Partisans &#8211; Cuv\u00e9e Alice 1820 &#8211; Vit\"}]},{\"@type\":\"WebSite\",\"@id\":\"https:\\\/\\\/www.ivinio.com\\\/sv\\\/#website\",\"url\":\"https:\\\/\\\/www.ivinio.com\\\/sv\\\/\",\"name\":\"IVINIO Vinbutik\",\"description\":\"Vin fr\u00e5n Frankrike och Italien med leverans hem till din d\u00f6rr\",\"publisher\":{\"@id\":\"https:\\\/\\\/www.ivinio.com\\\/sv\\\/#organization\"},\"potentialAction\":[{\"@type\":\"SearchAction\",\"target\":{\"@type\":\"EntryPoint\",\"urlTemplate\":\"https:\\\/\\\/www.ivinio.com\\\/sv\\\/?s={search_term_string}\"},\"query-input\":{\"@type\":\"PropertyValueSpecification\",\"valueRequired\":true,\"valueName\":\"search_term_string\"}}],\"inLanguage\":\"sv-SE\"},{\"@type\":\"Organization\",\"@id\":\"https:\\\/\\\/www.ivinio.com\\\/sv\\\/#organization\",\"name\":\"IVINIO\",\"url\":\"https:\\\/\\\/www.ivinio.com\\\/sv\\\/\",\"logo\":{\"@type\":\"ImageObject\",\"inLanguage\":\"sv-SE\",\"@id\":\"https:\\\/\\\/www.ivinio.com\\\/sv\\\/#\\\/schema\\\/logo\\\/image\\\/\",\"url\":\"https:\\\/\\\/www.ivinio.com\\\/wp-content\\\/uploads\\\/2021\\\/01\\\/Logo-Ivinio-v2.jpg\",\"contentUrl\":\"https:\\\/\\\/www.ivinio.com\\\/wp-content\\\/uploads\\\/2021\\\/01\\\/Logo-Ivinio-v2.jpg\",\"width\":1194,\"height\":1194,\"caption\":\"IVINIO\"},\"image\":{\"@id\":\"https:\\\/\\\/www.ivinio.com\\\/sv\\\/#\\\/schema\\\/logo\\\/image\\\/\"},\"sameAs\":[\"https:\\\/\\\/www.facebook.com\\\/groups\\\/165217837022391\\\/?ref=bookmarks\",\"https:\\\/\\\/www.instagram.com\\\/_ivinio_\\\/?hl=fr\"]}]}<\/script>\n<!-- \/ Yoast SEO plugin. -->","yoast_head_json":{"title":"K\u00f6pa Artisans Partisans - Cuv\u00e9e Alice 1820 - Vitvin - IVINIO Vinbutik","description":"K\u00f6pa Artisans Partisans - Cuv\u00e9e Alice 1820 - Vitvin. Inslag av p\u00e4ron, gula \u00e4pplen och torrt h\u00f6 som blandas med inslag av blommiga toner.","robots":{"index":"index","follow":"follow","max-snippet":"max-snippet:-1","max-image-preview":"max-image-preview:large","max-video-preview":"max-video-preview:-1"},"canonical":"https:\/\/www.ivinio.com\/sv\/produkt\/artisans-partisans-cuvee-alice-1820-vit\/","og_locale":"sv_SE","og_type":"article","og_title":"K\u00f6pa Artisans Partisans - Cuv\u00e9e Alice 1820 - Vitvin - IVINIO Vinbutik","og_description":"K\u00f6pa Artisans Partisans - Cuv\u00e9e Alice 1820 - Vitvin. Inslag av p\u00e4ron, gula \u00e4pplen och torrt h\u00f6 som blandas med inslag av blommiga toner.","og_url":"https:\/\/www.ivinio.com\/sv\/produkt\/artisans-partisans-cuvee-alice-1820-vit\/","og_site_name":"IVINIO Vinbutik","article_publisher":"https:\/\/www.facebook.com\/groups\/165217837022391\/?ref=bookmarks","article_modified_time":"2026-02-19T13:18:27+00:00","og_image":[{"width":500,"height":500,"url":"https:\/\/www.ivinio.com\/wp-content\/uploads\/2025\/09\/Artisans-partisans-Alice-blanc-IVINIO.jpg","type":"image\/jpeg"}],"twitter_card":"summary_large_image","twitter_misc":{"Ber\u00e4knad l\u00e4stid":"1 minut"},"schema":{"@context":"https:\/\/schema.org","@graph":[{"@type":"WebPage","@id":"https:\/\/www.ivinio.com\/sv\/produkt\/artisans-partisans-cuvee-alice-1820-vit\/","url":"https:\/\/www.ivinio.com\/sv\/produkt\/artisans-partisans-cuvee-alice-1820-vit\/","name":"K\u00f6pa Artisans Partisans - Cuv\u00e9e Alice 1820 - Vitvin - IVINIO Vinbutik","isPartOf":{"@id":"https:\/\/www.ivinio.com\/sv\/#website"},"primaryImageOfPage":{"@id":"https:\/\/www.ivinio.com\/sv\/produkt\/artisans-partisans-cuvee-alice-1820-vit\/#primaryimage"},"image":{"@id":"https:\/\/www.ivinio.com\/sv\/produkt\/artisans-partisans-cuvee-alice-1820-vit\/#primaryimage"},"thumbnailUrl":"https:\/\/www.ivinio.com\/wp-content\/uploads\/2025\/09\/Artisans-partisans-Alice-blanc-IVINIO.jpg","datePublished":"2025-09-30T09:51:17+00:00","dateModified":"2026-02-19T13:18:27+00:00","description":"K\u00f6pa Artisans Partisans - Cuv\u00e9e Alice 1820 - Vitvin. Inslag av p\u00e4ron, gula \u00e4pplen och torrt h\u00f6 som blandas med inslag av blommiga toner.","breadcrumb":{"@id":"https:\/\/www.ivinio.com\/sv\/produkt\/artisans-partisans-cuvee-alice-1820-vit\/#breadcrumb"},"inLanguage":"sv-SE","potentialAction":[{"@type":"ReadAction","target":["https:\/\/www.ivinio.com\/sv\/produkt\/artisans-partisans-cuvee-alice-1820-vit\/"]}]},{"@type":"ImageObject","inLanguage":"sv-SE","@id":"https:\/\/www.ivinio.com\/sv\/produkt\/artisans-partisans-cuvee-alice-1820-vit\/#primaryimage","url":"https:\/\/www.ivinio.com\/wp-content\/uploads\/2025\/09\/Artisans-partisans-Alice-blanc-IVINIO.jpg","contentUrl":"https:\/\/www.ivinio.com\/wp-content\/uploads\/2025\/09\/Artisans-partisans-Alice-blanc-IVINIO.jpg","width":500,"height":500},{"@type":"BreadcrumbList","@id":"https:\/\/www.ivinio.com\/sv\/produkt\/artisans-partisans-cuvee-alice-1820-vit\/#breadcrumb","itemListElement":[{"@type":"ListItem","position":1,"name":"Hem","item":"https:\/\/www.ivinio.com\/sv\/"},{"@type":"ListItem","position":2,"name":"Vinbutik","item":"https:\/\/www.ivinio.com\/sv\/vinbutik\/"},{"@type":"ListItem","position":3,"name":"Artisans Partisans &#8211; Cuv\u00e9e Alice 1820 &#8211; Vit"}]},{"@type":"WebSite","@id":"https:\/\/www.ivinio.com\/sv\/#website","url":"https:\/\/www.ivinio.com\/sv\/","name":"IVINIO Vinbutik","description":"Vin fr\u00e5n Frankrike och Italien med leverans hem till din d\u00f6rr","publisher":{"@id":"https:\/\/www.ivinio.com\/sv\/#organization"},"potentialAction":[{"@type":"SearchAction","target":{"@type":"EntryPoint","urlTemplate":"https:\/\/www.ivinio.com\/sv\/?s={search_term_string}"},"query-input":{"@type":"PropertyValueSpecification","valueRequired":true,"valueName":"search_term_string"}}],"inLanguage":"sv-SE"},{"@type":"Organization","@id":"https:\/\/www.ivinio.com\/sv\/#organization","name":"IVINIO","url":"https:\/\/www.ivinio.com\/sv\/","logo":{"@type":"ImageObject","inLanguage":"sv-SE","@id":"https:\/\/www.ivinio.com\/sv\/#\/schema\/logo\/image\/","url":"https:\/\/www.ivinio.com\/wp-content\/uploads\/2021\/01\/Logo-Ivinio-v2.jpg","contentUrl":"https:\/\/www.ivinio.com\/wp-content\/uploads\/2021\/01\/Logo-Ivinio-v2.jpg","width":1194,"height":1194,"caption":"IVINIO"},"image":{"@id":"https:\/\/www.ivinio.com\/sv\/#\/schema\/logo\/image\/"},"sameAs":["https:\/\/www.facebook.com\/groups\/165217837022391\/?ref=bookmarks","https:\/\/www.instagram.com\/_ivinio_\/?hl=fr"]}]}},"jetpack_sharing_enabled":true,"_links":{"self":[{"href":"https:\/\/www.ivinio.com\/sv\/wp-json\/wp\/v2\/product\/138866","targetHints":{"allow":["GET"]}}],"collection":[{"href":"https:\/\/www.ivinio.com\/sv\/wp-json\/wp\/v2\/product"}],"about":[{"href":"https:\/\/www.ivinio.com\/sv\/wp-json\/wp\/v2\/types\/product"}],"replies":[{"embeddable":true,"href":"https:\/\/www.ivinio.com\/sv\/wp-json\/wp\/v2\/comments?post=138866"}],"wp:featuredmedia":[{"embeddable":true,"href":"https:\/\/www.ivinio.com\/sv\/wp-json\/wp\/v2\/media\/138869"}],"wp:attachment":[{"href":"https:\/\/www.ivinio.com\/sv\/wp-json\/wp\/v2\/media?parent=138866"}],"wp:term":[{"taxonomy":"product_brand","embeddable":true,"href":"https:\/\/www.ivinio.com\/sv\/wp-json\/wp\/v2\/product_brand?post=138866"},{"taxonomy":"product_cat","embeddable":true,"href":"https:\/\/www.ivinio.com\/sv\/wp-json\/wp\/v2\/product_cat?post=138866"},{"taxonomy":"product_tag","embeddable":true,"href":"https:\/\/www.ivinio.com\/sv\/wp-json\/wp\/v2\/product_tag?post=138866"}],"curies":[{"name":"wp","href":"https:\/\/api.w.org\/{rel}","templated":true}]}}