{"id":138860,"date":"2025-09-27T20:16:04","date_gmt":"2025-09-27T18:16:04","guid":{"rendered":"https:\/\/www.ivinio.com\/product\/chateau-cap-de-mourlin-saint-emilion-grand-cru\/"},"modified":"2025-09-27T20:16:04","modified_gmt":"2025-09-27T18:16:04","slug":"chateau-cap-de-mourlin-saint-emilion-grand-cru","status":"publish","type":"product","link":"https:\/\/www.ivinio.com\/sv\/produkt\/chateau-cap-de-mourlin-saint-emilion-grand-cru\/","title":{"rendered":"Ch\u00e2teau Cap de Mourlin &#8211; Saint Emilion Grand Cru"},"content":{"rendered":"<p>Le Ch\u00e2teau Cap de Mourlin &#8211; Saint-\u00c9milion Grand Cru est compos\u00e9 de 65 % de Merlot, 10 % de Cabernet Sauvignon et 25 % de Cabernet Franc. Les raisins sont vendang\u00e9s \u00e0 la main et effeuill\u00e9s avec tri optique. Une premi\u00e8re mac\u00e9ration \u00e0 froid est effectu\u00e9e. Vinification classique en cuves inox, puis \u00e9levage en barriques (50 % neuves et 50 % de barriques d\u00e9j\u00e0 utilis\u00e9es). L&#8217;\u00e9levage dure de 15 \u00e0 18 mois avant la mise en bouteille.    <\/p>\n","protected":false},"excerpt":{"rendered":"<p>Saint-\u00c9milion Grand Cru : attaque g\u00e9n\u00e9reuse, soutenue par une structure tannique fine et parfaitement \u00e9quilibr\u00e9e.<\/p>\n","protected":false},"featured_media":0,"comment_status":"open","ping_status":"closed","template":"","meta":{"_monsterinsights_skip_tracking":false,"_monsterinsights_sitenote_active":false,"_monsterinsights_sitenote_note":"","_monsterinsights_sitenote_category":0,"_uf_show_specific_survey":0,"_uf_disable_surveys":false},"product_brand":[],"product_cat":[],"product_tag":[],"class_list":{"0":"post-138860","1":"product","2":"type-product","3":"status-publish","6":"first","7":"instock","8":"taxable","9":"shipping-taxable","10":"purchasable","11":"product-type-simple"},"bundled_by":[],"bundle_stock_status":"instock","bundle_stock_quantity":null,"bundle_virtual":false,"bundle_layout":"","bundle_add_to_cart_form_location":"","bundle_editable_in_cart":false,"bundle_sold_individually_context":"","bundle_item_grouping":"","bundle_min_size":"","bundle_max_size":"","bundle_price":[],"bundled_items":[],"bundle_sell_ids":[],"yoast_head":"<!-- This site is optimized with the Yoast SEO plugin v27.5 - https:\/\/yoast.com\/product\/yoast-seo-wordpress\/ -->\n<title>Ch\u00e2teau Cap de Mourlin - Saint Emilion Grand Cru - IVINIO Vinbutik<\/title>\n<meta name=\"description\" content=\"Ch\u00e2teau Cap de Mourlin - Saint-\u00c9milion Grand Cru. Rond, attaque g\u00e9n\u00e9reuse, soutenue par une structure tannique fine et parfaitement \u00e9quilibr\u00e9e.\" \/>\n<meta name=\"robots\" content=\"index, follow, max-snippet:-1, max-image-preview:large, max-video-preview:-1\" \/>\n<link rel=\"canonical\" href=\"https:\/\/www.ivinio.com\/sv\/produkt\/chateau-cap-de-mourlin-saint-emilion-grand-cru\/\" \/>\n<meta property=\"og:locale\" content=\"sv_SE\" \/>\n<meta property=\"og:type\" content=\"article\" \/>\n<meta property=\"og:title\" content=\"Ch\u00e2teau Cap de Mourlin - Saint Emilion Grand Cru - IVINIO Vinbutik\" \/>\n<meta property=\"og:description\" content=\"Ch\u00e2teau Cap de Mourlin - Saint-\u00c9milion Grand Cru. Rond, attaque g\u00e9n\u00e9reuse, soutenue par une structure tannique fine et parfaitement \u00e9quilibr\u00e9e.\" \/>\n<meta property=\"og:url\" content=\"https:\/\/www.ivinio.com\/sv\/produkt\/chateau-cap-de-mourlin-saint-emilion-grand-cru\/\" \/>\n<meta property=\"og:site_name\" content=\"IVINIO Vinbutik\" \/>\n<meta property=\"article:publisher\" content=\"https:\/\/www.facebook.com\/groups\/165217837022391\/?ref=bookmarks\" \/>\n<meta name=\"twitter:card\" content=\"summary_large_image\" \/>\n<script type=\"application\/ld+json\" class=\"yoast-schema-graph\">{\"@context\":\"https:\\\/\\\/schema.org\",\"@graph\":[{\"@type\":\"WebPage\",\"@id\":\"https:\\\/\\\/www.ivinio.com\\\/sv\\\/produkt\\\/chateau-cap-de-mourlin-saint-emilion-grand-cru\\\/\",\"url\":\"https:\\\/\\\/www.ivinio.com\\\/sv\\\/produkt\\\/chateau-cap-de-mourlin-saint-emilion-grand-cru\\\/\",\"name\":\"Ch\u00e2teau Cap de Mourlin - Saint Emilion Grand Cru - IVINIO Vinbutik\",\"isPartOf\":{\"@id\":\"https:\\\/\\\/www.ivinio.com\\\/sv\\\/#website\"},\"datePublished\":\"2025-09-27T18:16:04+00:00\",\"description\":\"Ch\u00e2teau Cap de Mourlin - Saint-\u00c9milion Grand Cru. Rond, attaque g\u00e9n\u00e9reuse, soutenue par une structure tannique fine et parfaitement \u00e9quilibr\u00e9e.\",\"breadcrumb\":{\"@id\":\"https:\\\/\\\/www.ivinio.com\\\/sv\\\/produkt\\\/chateau-cap-de-mourlin-saint-emilion-grand-cru\\\/#breadcrumb\"},\"inLanguage\":\"sv-SE\",\"potentialAction\":[{\"@type\":\"ReadAction\",\"target\":[\"https:\\\/\\\/www.ivinio.com\\\/sv\\\/produkt\\\/chateau-cap-de-mourlin-saint-emilion-grand-cru\\\/\"]}]},{\"@type\":\"BreadcrumbList\",\"@id\":\"https:\\\/\\\/www.ivinio.com\\\/sv\\\/produkt\\\/chateau-cap-de-mourlin-saint-emilion-grand-cru\\\/#breadcrumb\",\"itemListElement\":[{\"@type\":\"ListItem\",\"position\":1,\"name\":\"Hem\",\"item\":\"https:\\\/\\\/www.ivinio.com\\\/sv\\\/\"},{\"@type\":\"ListItem\",\"position\":2,\"name\":\"Vinbutik\",\"item\":\"https:\\\/\\\/www.ivinio.com\\\/sv\\\/vinbutik\\\/\"},{\"@type\":\"ListItem\",\"position\":3,\"name\":\"Ch\u00e2teau Cap de Mourlin &#8211; Saint Emilion Grand Cru\"}]},{\"@type\":\"WebSite\",\"@id\":\"https:\\\/\\\/www.ivinio.com\\\/sv\\\/#website\",\"url\":\"https:\\\/\\\/www.ivinio.com\\\/sv\\\/\",\"name\":\"IVINIO Vinbutik\",\"description\":\"Vin fr\u00e5n Frankrike och Italien med leverans hem till din d\u00f6rr\",\"publisher\":{\"@id\":\"https:\\\/\\\/www.ivinio.com\\\/sv\\\/#organization\"},\"potentialAction\":[{\"@type\":\"SearchAction\",\"target\":{\"@type\":\"EntryPoint\",\"urlTemplate\":\"https:\\\/\\\/www.ivinio.com\\\/sv\\\/?s={search_term_string}\"},\"query-input\":{\"@type\":\"PropertyValueSpecification\",\"valueRequired\":true,\"valueName\":\"search_term_string\"}}],\"inLanguage\":\"sv-SE\"},{\"@type\":\"Organization\",\"@id\":\"https:\\\/\\\/www.ivinio.com\\\/sv\\\/#organization\",\"name\":\"IVINIO\",\"url\":\"https:\\\/\\\/www.ivinio.com\\\/sv\\\/\",\"logo\":{\"@type\":\"ImageObject\",\"inLanguage\":\"sv-SE\",\"@id\":\"https:\\\/\\\/www.ivinio.com\\\/sv\\\/#\\\/schema\\\/logo\\\/image\\\/\",\"url\":\"https:\\\/\\\/www.ivinio.com\\\/wp-content\\\/uploads\\\/2021\\\/01\\\/Logo-Ivinio-v2.jpg\",\"contentUrl\":\"https:\\\/\\\/www.ivinio.com\\\/wp-content\\\/uploads\\\/2021\\\/01\\\/Logo-Ivinio-v2.jpg\",\"width\":1194,\"height\":1194,\"caption\":\"IVINIO\"},\"image\":{\"@id\":\"https:\\\/\\\/www.ivinio.com\\\/sv\\\/#\\\/schema\\\/logo\\\/image\\\/\"},\"sameAs\":[\"https:\\\/\\\/www.facebook.com\\\/groups\\\/165217837022391\\\/?ref=bookmarks\",\"https:\\\/\\\/www.instagram.com\\\/_ivinio_\\\/?hl=fr\"]}]}<\/script>\n<!-- \/ Yoast SEO plugin. -->","yoast_head_json":{"title":"Ch\u00e2teau Cap de Mourlin - Saint Emilion Grand Cru - IVINIO Vinbutik","description":"Ch\u00e2teau Cap de Mourlin - Saint-\u00c9milion Grand Cru. Rond, attaque g\u00e9n\u00e9reuse, soutenue par une structure tannique fine et parfaitement \u00e9quilibr\u00e9e.","robots":{"index":"index","follow":"follow","max-snippet":"max-snippet:-1","max-image-preview":"max-image-preview:large","max-video-preview":"max-video-preview:-1"},"canonical":"https:\/\/www.ivinio.com\/sv\/produkt\/chateau-cap-de-mourlin-saint-emilion-grand-cru\/","og_locale":"sv_SE","og_type":"article","og_title":"Ch\u00e2teau Cap de Mourlin - Saint Emilion Grand Cru - IVINIO Vinbutik","og_description":"Ch\u00e2teau Cap de Mourlin - Saint-\u00c9milion Grand Cru. Rond, attaque g\u00e9n\u00e9reuse, soutenue par une structure tannique fine et parfaitement \u00e9quilibr\u00e9e.","og_url":"https:\/\/www.ivinio.com\/sv\/produkt\/chateau-cap-de-mourlin-saint-emilion-grand-cru\/","og_site_name":"IVINIO Vinbutik","article_publisher":"https:\/\/www.facebook.com\/groups\/165217837022391\/?ref=bookmarks","twitter_card":"summary_large_image","schema":{"@context":"https:\/\/schema.org","@graph":[{"@type":"WebPage","@id":"https:\/\/www.ivinio.com\/sv\/produkt\/chateau-cap-de-mourlin-saint-emilion-grand-cru\/","url":"https:\/\/www.ivinio.com\/sv\/produkt\/chateau-cap-de-mourlin-saint-emilion-grand-cru\/","name":"Ch\u00e2teau Cap de Mourlin - Saint Emilion Grand Cru - IVINIO Vinbutik","isPartOf":{"@id":"https:\/\/www.ivinio.com\/sv\/#website"},"datePublished":"2025-09-27T18:16:04+00:00","description":"Ch\u00e2teau Cap de Mourlin - Saint-\u00c9milion Grand Cru. Rond, attaque g\u00e9n\u00e9reuse, soutenue par une structure tannique fine et parfaitement \u00e9quilibr\u00e9e.","breadcrumb":{"@id":"https:\/\/www.ivinio.com\/sv\/produkt\/chateau-cap-de-mourlin-saint-emilion-grand-cru\/#breadcrumb"},"inLanguage":"sv-SE","potentialAction":[{"@type":"ReadAction","target":["https:\/\/www.ivinio.com\/sv\/produkt\/chateau-cap-de-mourlin-saint-emilion-grand-cru\/"]}]},{"@type":"BreadcrumbList","@id":"https:\/\/www.ivinio.com\/sv\/produkt\/chateau-cap-de-mourlin-saint-emilion-grand-cru\/#breadcrumb","itemListElement":[{"@type":"ListItem","position":1,"name":"Hem","item":"https:\/\/www.ivinio.com\/sv\/"},{"@type":"ListItem","position":2,"name":"Vinbutik","item":"https:\/\/www.ivinio.com\/sv\/vinbutik\/"},{"@type":"ListItem","position":3,"name":"Ch\u00e2teau Cap de Mourlin &#8211; Saint Emilion Grand Cru"}]},{"@type":"WebSite","@id":"https:\/\/www.ivinio.com\/sv\/#website","url":"https:\/\/www.ivinio.com\/sv\/","name":"IVINIO Vinbutik","description":"Vin fr\u00e5n Frankrike och Italien med leverans hem till din d\u00f6rr","publisher":{"@id":"https:\/\/www.ivinio.com\/sv\/#organization"},"potentialAction":[{"@type":"SearchAction","target":{"@type":"EntryPoint","urlTemplate":"https:\/\/www.ivinio.com\/sv\/?s={search_term_string}"},"query-input":{"@type":"PropertyValueSpecification","valueRequired":true,"valueName":"search_term_string"}}],"inLanguage":"sv-SE"},{"@type":"Organization","@id":"https:\/\/www.ivinio.com\/sv\/#organization","name":"IVINIO","url":"https:\/\/www.ivinio.com\/sv\/","logo":{"@type":"ImageObject","inLanguage":"sv-SE","@id":"https:\/\/www.ivinio.com\/sv\/#\/schema\/logo\/image\/","url":"https:\/\/www.ivinio.com\/wp-content\/uploads\/2021\/01\/Logo-Ivinio-v2.jpg","contentUrl":"https:\/\/www.ivinio.com\/wp-content\/uploads\/2021\/01\/Logo-Ivinio-v2.jpg","width":1194,"height":1194,"caption":"IVINIO"},"image":{"@id":"https:\/\/www.ivinio.com\/sv\/#\/schema\/logo\/image\/"},"sameAs":["https:\/\/www.facebook.com\/groups\/165217837022391\/?ref=bookmarks","https:\/\/www.instagram.com\/_ivinio_\/?hl=fr"]}]}},"jetpack_sharing_enabled":true,"_links":{"self":[{"href":"https:\/\/www.ivinio.com\/sv\/wp-json\/wp\/v2\/product\/138860","targetHints":{"allow":["GET"]}}],"collection":[{"href":"https:\/\/www.ivinio.com\/sv\/wp-json\/wp\/v2\/product"}],"about":[{"href":"https:\/\/www.ivinio.com\/sv\/wp-json\/wp\/v2\/types\/product"}],"replies":[{"embeddable":true,"href":"https:\/\/www.ivinio.com\/sv\/wp-json\/wp\/v2\/comments?post=138860"}],"wp:attachment":[{"href":"https:\/\/www.ivinio.com\/sv\/wp-json\/wp\/v2\/media?parent=138860"}],"wp:term":[{"taxonomy":"product_brand","embeddable":true,"href":"https:\/\/www.ivinio.com\/sv\/wp-json\/wp\/v2\/product_brand?post=138860"},{"taxonomy":"product_cat","embeddable":true,"href":"https:\/\/www.ivinio.com\/sv\/wp-json\/wp\/v2\/product_cat?post=138860"},{"taxonomy":"product_tag","embeddable":true,"href":"https:\/\/www.ivinio.com\/sv\/wp-json\/wp\/v2\/product_tag?post=138860"}],"curies":[{"name":"wp","href":"https:\/\/api.w.org\/{rel}","templated":true}]}}