{"id":138678,"date":"2025-09-04T18:15:36","date_gmt":"2025-09-04T16:15:36","guid":{"rendered":"https:\/\/www.ivinio.com\/?post_type=product&#038;p=138678"},"modified":"2026-04-25T15:59:04","modified_gmt":"2026-04-25T13:59:04","slug":"domaine-derey-bourgogne-aligote-cuvee-albert-vit","status":"publish","type":"product","link":"https:\/\/www.ivinio.com\/sv\/produkt\/domaine-derey-bourgogne-aligote-cuvee-albert-vit\/","title":{"rendered":"Domaine Derey &#8211; Bourgogne Aligot\u00e9 &#8211; Cuv\u00e9e Albert &#8211; Vit"},"content":{"rendered":"<p>Domaine Derey &#8211; Bourgogne Aligot\u00e9 &#8211; Cuv\u00e9e Albert &#8211; Vitvin framst\u00e4lls av 100% Aligot\u00e9-druvor som planterades \u00e5r 1953. Vinrankorna v\u00e4xer i ler- och kalkstensjord i n\u00e4rheten av appellationsomr\u00e5det Marsannay. Vinstockarna planterades av Albert och Maurice, de b\u00e5da br\u00f6derna DEREY och detta vin \u00e4r en hyllning till br\u00f6derna Albert och Maurice, som var f\u00f6r\u00e4lskade i denna druvsort och uppskattade dess sanna v\u00e4rde d\u00e5 den serveras till sniglar med persiljesm\u00f6r eller till ostron, som framkallar \u00e5rg\u00e5ngens jodsmak.<\/p>\n","protected":false},"excerpt":{"rendered":"<p>Aligot\u00e9 med doft av citron, gr\u00f6na \u00e4pple och citronmeliss, distinkt mineralitet. Smaken \u00e4r frisk och saftig.<\/p>\n","protected":false},"featured_media":138679,"comment_status":"open","ping_status":"closed","template":"","meta":{"_monsterinsights_skip_tracking":false,"_monsterinsights_sitenote_active":false,"_monsterinsights_sitenote_note":"","_monsterinsights_sitenote_category":0,"_uf_show_specific_survey":0,"_uf_disable_surveys":false},"product_brand":[],"product_cat":[36612,36588],"product_tag":[],"class_list":{"0":"post-138678","1":"product","2":"type-product","3":"status-publish","4":"has-post-thumbnail","6":"product_cat-sv-bourgogne","7":"product_cat-franska-viner","8":"pa_classification-aop-bourgogne-aligote-sv","9":"pa_color-vit-sv","10":"pa_country-frankrike-sv","11":"pa_grape-variety-aligote-sv","12":"pa_region-bourgogne-sv","13":"pa_storage-potential-ett-par-ar-sv","14":"pa_vintage-41218","15":"pa_volume-75-cl-sv","17":"first","18":"instock","19":"taxable","20":"shipping-taxable","21":"purchasable","22":"product-type-simple"},"bundled_by":[],"bundle_stock_status":"instock","bundle_stock_quantity":null,"bundle_virtual":false,"bundle_layout":"","bundle_add_to_cart_form_location":"","bundle_editable_in_cart":false,"bundle_sold_individually_context":"","bundle_item_grouping":"","bundle_min_size":"","bundle_max_size":"","bundle_price":[],"bundled_items":[],"bundle_sell_ids":[],"yoast_head":"<!-- This site is optimized with the Yoast SEO plugin v27.5 - https:\/\/yoast.com\/product\/yoast-seo-wordpress\/ -->\n<title>Domaine Derey - Bourgogne Aligot\u00e9 - Cuv\u00e9e Albert - Vit - IVINIO Vinbutik<\/title>\n<meta name=\"description\" content=\"Domaine Derey - Bourgogne Aligot\u00e9 - Cuv\u00e9e Albert - Vitvin. Doft av citron, gr\u00f6na \u00e4pple och citronmeliss, distinkt mineralitet. Smaken \u00e4r frisk och saftig.\" \/>\n<meta name=\"robots\" content=\"index, follow, max-snippet:-1, max-image-preview:large, max-video-preview:-1\" \/>\n<link rel=\"canonical\" href=\"https:\/\/www.ivinio.com\/sv\/produkt\/domaine-derey-bourgogne-aligote-cuvee-albert-vit\/\" \/>\n<meta property=\"og:locale\" content=\"sv_SE\" \/>\n<meta property=\"og:type\" content=\"article\" \/>\n<meta property=\"og:title\" content=\"Domaine Derey - Bourgogne Aligot\u00e9 - Cuv\u00e9e Albert - Vit - IVINIO Vinbutik\" \/>\n<meta property=\"og:description\" content=\"Domaine Derey - Bourgogne Aligot\u00e9 - Cuv\u00e9e Albert - Vitvin. Doft av citron, gr\u00f6na \u00e4pple och citronmeliss, distinkt mineralitet. Smaken \u00e4r frisk och saftig.\" \/>\n<meta property=\"og:url\" content=\"https:\/\/www.ivinio.com\/sv\/produkt\/domaine-derey-bourgogne-aligote-cuvee-albert-vit\/\" \/>\n<meta property=\"og:site_name\" content=\"IVINIO Vinbutik\" \/>\n<meta property=\"article:publisher\" content=\"https:\/\/www.facebook.com\/groups\/165217837022391\/?ref=bookmarks\" \/>\n<meta property=\"article:modified_time\" content=\"2026-04-25T13:59:04+00:00\" \/>\n<meta property=\"og:image\" content=\"https:\/\/www.ivinio.com\/wp-content\/uploads\/2025\/09\/Domaine-Derey-Bourgogne-Aligote-IVINIO.jpg\" \/>\n\t<meta property=\"og:image:width\" content=\"500\" \/>\n\t<meta property=\"og:image:height\" content=\"500\" \/>\n\t<meta property=\"og:image:type\" content=\"image\/jpeg\" \/>\n<meta name=\"twitter:card\" content=\"summary_large_image\" \/>\n<meta name=\"twitter:label1\" content=\"Ber\u00e4knad l\u00e4stid\" \/>\n\t<meta name=\"twitter:data1\" content=\"1 minut\" \/>\n<script type=\"application\/ld+json\" class=\"yoast-schema-graph\">{\"@context\":\"https:\\\/\\\/schema.org\",\"@graph\":[{\"@type\":\"WebPage\",\"@id\":\"https:\\\/\\\/www.ivinio.com\\\/sv\\\/produkt\\\/domaine-derey-bourgogne-aligote-cuvee-albert-vit\\\/\",\"url\":\"https:\\\/\\\/www.ivinio.com\\\/sv\\\/produkt\\\/domaine-derey-bourgogne-aligote-cuvee-albert-vit\\\/\",\"name\":\"Domaine Derey - Bourgogne Aligot\u00e9 - Cuv\u00e9e Albert - Vit - IVINIO Vinbutik\",\"isPartOf\":{\"@id\":\"https:\\\/\\\/www.ivinio.com\\\/sv\\\/#website\"},\"primaryImageOfPage\":{\"@id\":\"https:\\\/\\\/www.ivinio.com\\\/sv\\\/produkt\\\/domaine-derey-bourgogne-aligote-cuvee-albert-vit\\\/#primaryimage\"},\"image\":{\"@id\":\"https:\\\/\\\/www.ivinio.com\\\/sv\\\/produkt\\\/domaine-derey-bourgogne-aligote-cuvee-albert-vit\\\/#primaryimage\"},\"thumbnailUrl\":\"https:\\\/\\\/www.ivinio.com\\\/wp-content\\\/uploads\\\/2025\\\/09\\\/Domaine-Derey-Bourgogne-Aligote-IVINIO.jpg\",\"datePublished\":\"2025-09-04T16:15:36+00:00\",\"dateModified\":\"2026-04-25T13:59:04+00:00\",\"description\":\"Domaine Derey - Bourgogne Aligot\u00e9 - Cuv\u00e9e Albert - Vitvin. Doft av citron, gr\u00f6na \u00e4pple och citronmeliss, distinkt mineralitet. Smaken \u00e4r frisk och saftig.\",\"breadcrumb\":{\"@id\":\"https:\\\/\\\/www.ivinio.com\\\/sv\\\/produkt\\\/domaine-derey-bourgogne-aligote-cuvee-albert-vit\\\/#breadcrumb\"},\"inLanguage\":\"sv-SE\",\"potentialAction\":[{\"@type\":\"ReadAction\",\"target\":[\"https:\\\/\\\/www.ivinio.com\\\/sv\\\/produkt\\\/domaine-derey-bourgogne-aligote-cuvee-albert-vit\\\/\"]}]},{\"@type\":\"ImageObject\",\"inLanguage\":\"sv-SE\",\"@id\":\"https:\\\/\\\/www.ivinio.com\\\/sv\\\/produkt\\\/domaine-derey-bourgogne-aligote-cuvee-albert-vit\\\/#primaryimage\",\"url\":\"https:\\\/\\\/www.ivinio.com\\\/wp-content\\\/uploads\\\/2025\\\/09\\\/Domaine-Derey-Bourgogne-Aligote-IVINIO.jpg\",\"contentUrl\":\"https:\\\/\\\/www.ivinio.com\\\/wp-content\\\/uploads\\\/2025\\\/09\\\/Domaine-Derey-Bourgogne-Aligote-IVINIO.jpg\",\"width\":500,\"height\":500},{\"@type\":\"BreadcrumbList\",\"@id\":\"https:\\\/\\\/www.ivinio.com\\\/sv\\\/produkt\\\/domaine-derey-bourgogne-aligote-cuvee-albert-vit\\\/#breadcrumb\",\"itemListElement\":[{\"@type\":\"ListItem\",\"position\":1,\"name\":\"Hem\",\"item\":\"https:\\\/\\\/www.ivinio.com\\\/sv\\\/\"},{\"@type\":\"ListItem\",\"position\":2,\"name\":\"Vinbutik\",\"item\":\"https:\\\/\\\/www.ivinio.com\\\/sv\\\/vinbutik\\\/\"},{\"@type\":\"ListItem\",\"position\":3,\"name\":\"Domaine Derey &#8211; Bourgogne Aligot\u00e9 &#8211; Cuv\u00e9e Albert &#8211; Vit\"}]},{\"@type\":\"WebSite\",\"@id\":\"https:\\\/\\\/www.ivinio.com\\\/sv\\\/#website\",\"url\":\"https:\\\/\\\/www.ivinio.com\\\/sv\\\/\",\"name\":\"IVINIO Vinbutik\",\"description\":\"Vin fr\u00e5n Frankrike och Italien med leverans hem till din d\u00f6rr\",\"publisher\":{\"@id\":\"https:\\\/\\\/www.ivinio.com\\\/sv\\\/#organization\"},\"potentialAction\":[{\"@type\":\"SearchAction\",\"target\":{\"@type\":\"EntryPoint\",\"urlTemplate\":\"https:\\\/\\\/www.ivinio.com\\\/sv\\\/?s={search_term_string}\"},\"query-input\":{\"@type\":\"PropertyValueSpecification\",\"valueRequired\":true,\"valueName\":\"search_term_string\"}}],\"inLanguage\":\"sv-SE\"},{\"@type\":\"Organization\",\"@id\":\"https:\\\/\\\/www.ivinio.com\\\/sv\\\/#organization\",\"name\":\"IVINIO\",\"url\":\"https:\\\/\\\/www.ivinio.com\\\/sv\\\/\",\"logo\":{\"@type\":\"ImageObject\",\"inLanguage\":\"sv-SE\",\"@id\":\"https:\\\/\\\/www.ivinio.com\\\/sv\\\/#\\\/schema\\\/logo\\\/image\\\/\",\"url\":\"https:\\\/\\\/www.ivinio.com\\\/wp-content\\\/uploads\\\/2021\\\/01\\\/Logo-Ivinio-v2.jpg\",\"contentUrl\":\"https:\\\/\\\/www.ivinio.com\\\/wp-content\\\/uploads\\\/2021\\\/01\\\/Logo-Ivinio-v2.jpg\",\"width\":1194,\"height\":1194,\"caption\":\"IVINIO\"},\"image\":{\"@id\":\"https:\\\/\\\/www.ivinio.com\\\/sv\\\/#\\\/schema\\\/logo\\\/image\\\/\"},\"sameAs\":[\"https:\\\/\\\/www.facebook.com\\\/groups\\\/165217837022391\\\/?ref=bookmarks\",\"https:\\\/\\\/www.instagram.com\\\/_ivinio_\\\/?hl=fr\"]}]}<\/script>\n<!-- \/ Yoast SEO plugin. -->","yoast_head_json":{"title":"Domaine Derey - Bourgogne Aligot\u00e9 - Cuv\u00e9e Albert - Vit - IVINIO Vinbutik","description":"Domaine Derey - Bourgogne Aligot\u00e9 - Cuv\u00e9e Albert - Vitvin. Doft av citron, gr\u00f6na \u00e4pple och citronmeliss, distinkt mineralitet. Smaken \u00e4r frisk och saftig.","robots":{"index":"index","follow":"follow","max-snippet":"max-snippet:-1","max-image-preview":"max-image-preview:large","max-video-preview":"max-video-preview:-1"},"canonical":"https:\/\/www.ivinio.com\/sv\/produkt\/domaine-derey-bourgogne-aligote-cuvee-albert-vit\/","og_locale":"sv_SE","og_type":"article","og_title":"Domaine Derey - Bourgogne Aligot\u00e9 - Cuv\u00e9e Albert - Vit - IVINIO Vinbutik","og_description":"Domaine Derey - Bourgogne Aligot\u00e9 - Cuv\u00e9e Albert - Vitvin. Doft av citron, gr\u00f6na \u00e4pple och citronmeliss, distinkt mineralitet. Smaken \u00e4r frisk och saftig.","og_url":"https:\/\/www.ivinio.com\/sv\/produkt\/domaine-derey-bourgogne-aligote-cuvee-albert-vit\/","og_site_name":"IVINIO Vinbutik","article_publisher":"https:\/\/www.facebook.com\/groups\/165217837022391\/?ref=bookmarks","article_modified_time":"2026-04-25T13:59:04+00:00","og_image":[{"width":500,"height":500,"url":"https:\/\/www.ivinio.com\/wp-content\/uploads\/2025\/09\/Domaine-Derey-Bourgogne-Aligote-IVINIO.jpg","type":"image\/jpeg"}],"twitter_card":"summary_large_image","twitter_misc":{"Ber\u00e4knad l\u00e4stid":"1 minut"},"schema":{"@context":"https:\/\/schema.org","@graph":[{"@type":"WebPage","@id":"https:\/\/www.ivinio.com\/sv\/produkt\/domaine-derey-bourgogne-aligote-cuvee-albert-vit\/","url":"https:\/\/www.ivinio.com\/sv\/produkt\/domaine-derey-bourgogne-aligote-cuvee-albert-vit\/","name":"Domaine Derey - Bourgogne Aligot\u00e9 - Cuv\u00e9e Albert - Vit - IVINIO Vinbutik","isPartOf":{"@id":"https:\/\/www.ivinio.com\/sv\/#website"},"primaryImageOfPage":{"@id":"https:\/\/www.ivinio.com\/sv\/produkt\/domaine-derey-bourgogne-aligote-cuvee-albert-vit\/#primaryimage"},"image":{"@id":"https:\/\/www.ivinio.com\/sv\/produkt\/domaine-derey-bourgogne-aligote-cuvee-albert-vit\/#primaryimage"},"thumbnailUrl":"https:\/\/www.ivinio.com\/wp-content\/uploads\/2025\/09\/Domaine-Derey-Bourgogne-Aligote-IVINIO.jpg","datePublished":"2025-09-04T16:15:36+00:00","dateModified":"2026-04-25T13:59:04+00:00","description":"Domaine Derey - Bourgogne Aligot\u00e9 - Cuv\u00e9e Albert - Vitvin. Doft av citron, gr\u00f6na \u00e4pple och citronmeliss, distinkt mineralitet. Smaken \u00e4r frisk och saftig.","breadcrumb":{"@id":"https:\/\/www.ivinio.com\/sv\/produkt\/domaine-derey-bourgogne-aligote-cuvee-albert-vit\/#breadcrumb"},"inLanguage":"sv-SE","potentialAction":[{"@type":"ReadAction","target":["https:\/\/www.ivinio.com\/sv\/produkt\/domaine-derey-bourgogne-aligote-cuvee-albert-vit\/"]}]},{"@type":"ImageObject","inLanguage":"sv-SE","@id":"https:\/\/www.ivinio.com\/sv\/produkt\/domaine-derey-bourgogne-aligote-cuvee-albert-vit\/#primaryimage","url":"https:\/\/www.ivinio.com\/wp-content\/uploads\/2025\/09\/Domaine-Derey-Bourgogne-Aligote-IVINIO.jpg","contentUrl":"https:\/\/www.ivinio.com\/wp-content\/uploads\/2025\/09\/Domaine-Derey-Bourgogne-Aligote-IVINIO.jpg","width":500,"height":500},{"@type":"BreadcrumbList","@id":"https:\/\/www.ivinio.com\/sv\/produkt\/domaine-derey-bourgogne-aligote-cuvee-albert-vit\/#breadcrumb","itemListElement":[{"@type":"ListItem","position":1,"name":"Hem","item":"https:\/\/www.ivinio.com\/sv\/"},{"@type":"ListItem","position":2,"name":"Vinbutik","item":"https:\/\/www.ivinio.com\/sv\/vinbutik\/"},{"@type":"ListItem","position":3,"name":"Domaine Derey &#8211; Bourgogne Aligot\u00e9 &#8211; Cuv\u00e9e Albert &#8211; Vit"}]},{"@type":"WebSite","@id":"https:\/\/www.ivinio.com\/sv\/#website","url":"https:\/\/www.ivinio.com\/sv\/","name":"IVINIO Vinbutik","description":"Vin fr\u00e5n Frankrike och Italien med leverans hem till din d\u00f6rr","publisher":{"@id":"https:\/\/www.ivinio.com\/sv\/#organization"},"potentialAction":[{"@type":"SearchAction","target":{"@type":"EntryPoint","urlTemplate":"https:\/\/www.ivinio.com\/sv\/?s={search_term_string}"},"query-input":{"@type":"PropertyValueSpecification","valueRequired":true,"valueName":"search_term_string"}}],"inLanguage":"sv-SE"},{"@type":"Organization","@id":"https:\/\/www.ivinio.com\/sv\/#organization","name":"IVINIO","url":"https:\/\/www.ivinio.com\/sv\/","logo":{"@type":"ImageObject","inLanguage":"sv-SE","@id":"https:\/\/www.ivinio.com\/sv\/#\/schema\/logo\/image\/","url":"https:\/\/www.ivinio.com\/wp-content\/uploads\/2021\/01\/Logo-Ivinio-v2.jpg","contentUrl":"https:\/\/www.ivinio.com\/wp-content\/uploads\/2021\/01\/Logo-Ivinio-v2.jpg","width":1194,"height":1194,"caption":"IVINIO"},"image":{"@id":"https:\/\/www.ivinio.com\/sv\/#\/schema\/logo\/image\/"},"sameAs":["https:\/\/www.facebook.com\/groups\/165217837022391\/?ref=bookmarks","https:\/\/www.instagram.com\/_ivinio_\/?hl=fr"]}]}},"jetpack_sharing_enabled":true,"_links":{"self":[{"href":"https:\/\/www.ivinio.com\/sv\/wp-json\/wp\/v2\/product\/138678","targetHints":{"allow":["GET"]}}],"collection":[{"href":"https:\/\/www.ivinio.com\/sv\/wp-json\/wp\/v2\/product"}],"about":[{"href":"https:\/\/www.ivinio.com\/sv\/wp-json\/wp\/v2\/types\/product"}],"replies":[{"embeddable":true,"href":"https:\/\/www.ivinio.com\/sv\/wp-json\/wp\/v2\/comments?post=138678"}],"wp:featuredmedia":[{"embeddable":true,"href":"https:\/\/www.ivinio.com\/sv\/wp-json\/wp\/v2\/media\/138679"}],"wp:attachment":[{"href":"https:\/\/www.ivinio.com\/sv\/wp-json\/wp\/v2\/media?parent=138678"}],"wp:term":[{"taxonomy":"product_brand","embeddable":true,"href":"https:\/\/www.ivinio.com\/sv\/wp-json\/wp\/v2\/product_brand?post=138678"},{"taxonomy":"product_cat","embeddable":true,"href":"https:\/\/www.ivinio.com\/sv\/wp-json\/wp\/v2\/product_cat?post=138678"},{"taxonomy":"product_tag","embeddable":true,"href":"https:\/\/www.ivinio.com\/sv\/wp-json\/wp\/v2\/product_tag?post=138678"}],"curies":[{"name":"wp","href":"https:\/\/api.w.org\/{rel}","templated":true}]}}