{"id":138391,"date":"2025-06-13T15:39:43","date_gmt":"2025-06-13T13:39:43","guid":{"rendered":"https:\/\/www.ivinio.com\/?post_type=product&#038;p=138391"},"modified":"2025-07-05T18:42:54","modified_gmt":"2025-07-05T16:42:54","slug":"cantine-pellegrino-il-salinaro-vit","status":"publish","type":"product","link":"https:\/\/www.ivinio.com\/sv\/produkt\/cantine-pellegrino-il-salinaro-vit\/","title":{"rendered":"Cantine Pellegrino &#8211; Il Salinaro &#8211; Vit"},"content":{"rendered":"<p data-start=\"40\" data-end=\"152\"><span class=\"relative -mx-px my-[-0.2rem] rounded px-px py-[0.2rem] transition-colors duration-100 ease-in-out\">Cantine Pellegrino &#8211; Il Salinaro &#8211; Vitvin framst\u00e4lls av Grillo,<\/span> som \u00e4r en av de mest traditionella och karakt\u00e4rsfulla druvsorterna p\u00e5 Sicilien. Namnet &#8220;Il Salinaro&#8221; syftar p\u00e5 de saltarbetare (salinari) som arbetar i saltf\u00e4lten n\u00e4ra kusten i Marsala, d\u00e4r Pellegrino \u00e4r baserat. Dessa saliner p\u00e5verkar \u00e4ven mikroklimatet och jordm\u00e5nen i omr\u00e5det, vilket ger vinet en tydlig maritim karakt\u00e4r.Vinet odlas i <span style=\"font-size: 1rem;\">Marsala p\u00e5 Siciliens v\u00e4stra del. Druvorna sk\u00f6rdas i s<\/span><span style=\"font-size: 1rem;\">lutet av augusti, b\u00f6rjan av september. <\/span><span style=\"font-size: 1rem;\">Druvorna avstj\u00e4lkas och pressas f\u00f6rsiktigt f\u00f6r att extrahera musten utan att f\u00e5 med bittra \u00e4mnen fr\u00e5n skal eller k\u00e4rnor. <\/span><span style=\"font-size: 1rem;\">Musten kyls sedan ner (ofta till 5\u201310 \u00b0C) och f\u00e5r st\u00e5 s\u00e5 att grumliga partiklar sjunker till botten. D<\/span><span style=\"font-size: 1rem;\">en klarnade &#8220;rena&#8221; musten tappas d\u00e4refter av. T<\/span>emperaturkontrollerad j\u00e4sning<span style=\"font-size: 1rem;\"> vid l\u00e5g temperatur (12\u201316 \u00b0C) i <\/span>rostfria st\u00e5ltankar<span style=\"font-size: 1rem;\">. <\/span><span style=\"font-size: 1rem;\">Vinet lagras kort tid p\u00e5 st\u00e5ltank med sin j\u00e4stf\u00e4llning (<\/span>sur lie<span style=\"font-size: 1rem;\">) vilket kan ge lite extra textur och komplexitet. <\/span><span style=\"font-size: 1rem;\">Efter kort lagring filtreras vinet och buteljeras.<\/span><\/p>\n","protected":false},"excerpt":{"rendered":"<p>Torrt och fr\u00e4scht vitvin med bra balans mellan syra och frukt. Inslag av citrus, p\u00e4ron, vita blommor och ett subtilt mineralskt avslut.<\/p>\n","protected":false},"featured_media":138496,"comment_status":"open","ping_status":"closed","template":"","meta":{"_monsterinsights_skip_tracking":false,"_monsterinsights_sitenote_active":false,"_monsterinsights_sitenote_note":"","_monsterinsights_sitenote_category":0,"_uf_show_specific_survey":0,"_uf_disable_surveys":false},"product_brand":[],"product_cat":[36589,36601],"product_tag":[],"class_list":{"0":"post-138391","1":"product","2":"type-product","3":"status-publish","4":"has-post-thumbnail","6":"product_cat-vins-italiens","7":"product_cat-fr-sicile","8":"pa_alcohol-degree-13-fr","9":"pa_classification-doc-sicilia-fr","10":"pa_color-blanc-fr","11":"pa_country-italie-fr","12":"pa_grape-variety-grillo-fr","13":"pa_region-sicile-fr","14":"pa_storage-potential-3-ans-fr","15":"pa_vintage-2023-fr","16":"pa_volume-75-cl-fr","18":"first","19":"instock","20":"taxable","21":"shipping-taxable","22":"purchasable","23":"product-type-simple"},"bundled_by":[],"bundle_stock_status":"instock","bundle_stock_quantity":null,"bundle_virtual":false,"bundle_layout":"","bundle_add_to_cart_form_location":"","bundle_editable_in_cart":false,"bundle_sold_individually_context":"","bundle_item_grouping":"","bundle_min_size":"","bundle_max_size":"","bundle_price":[],"bundled_items":[],"bundle_sell_ids":[],"yoast_head":"<!-- This site is optimized with the Yoast SEO plugin v27.5 - https:\/\/yoast.com\/product\/yoast-seo-wordpress\/ -->\n<title>Cantine Pellegrino - Il Salinaro - Vit - IVINIO Vinbutik<\/title>\n<meta name=\"description\" content=\"Cantine Pellegrino - Il Salinaro - Vitvin. Torrt och fr\u00e4scht med bra balans mellan syra och frukt. Inslag av citrus, p\u00e4ron, vita blommor och mineralskt avslut.\" \/>\n<meta name=\"robots\" content=\"index, follow, max-snippet:-1, max-image-preview:large, max-video-preview:-1\" \/>\n<link rel=\"canonical\" href=\"https:\/\/www.ivinio.com\/sv\/produkt\/cantine-pellegrino-il-salinaro-vit\/\" \/>\n<meta property=\"og:locale\" content=\"sv_SE\" \/>\n<meta property=\"og:type\" content=\"article\" \/>\n<meta property=\"og:title\" content=\"Cantine Pellegrino - Il Salinaro - Vit - IVINIO Vinbutik\" \/>\n<meta property=\"og:description\" content=\"Cantine Pellegrino - Il Salinaro - Vitvin. Torrt och fr\u00e4scht med bra balans mellan syra och frukt. Inslag av citrus, p\u00e4ron, vita blommor och mineralskt avslut.\" \/>\n<meta property=\"og:url\" content=\"https:\/\/www.ivinio.com\/sv\/produkt\/cantine-pellegrino-il-salinaro-vit\/\" \/>\n<meta property=\"og:site_name\" content=\"IVINIO Vinbutik\" \/>\n<meta property=\"article:publisher\" content=\"https:\/\/www.facebook.com\/groups\/165217837022391\/?ref=bookmarks\" \/>\n<meta property=\"article:modified_time\" content=\"2025-07-05T16:42:54+00:00\" \/>\n<meta property=\"og:image\" content=\"https:\/\/www.ivinio.com\/wp-content\/uploads\/2025\/06\/Pellegrino-Il-salinaro-IVINIO-1.jpg\" \/>\n\t<meta property=\"og:image:width\" content=\"500\" \/>\n\t<meta property=\"og:image:height\" content=\"500\" \/>\n\t<meta property=\"og:image:type\" content=\"image\/jpeg\" \/>\n<meta name=\"twitter:card\" content=\"summary_large_image\" \/>\n<meta name=\"twitter:label1\" content=\"Ber\u00e4knad l\u00e4stid\" \/>\n\t<meta name=\"twitter:data1\" content=\"1 minut\" \/>\n<script type=\"application\/ld+json\" class=\"yoast-schema-graph\">{\"@context\":\"https:\\\/\\\/schema.org\",\"@graph\":[{\"@type\":\"WebPage\",\"@id\":\"https:\\\/\\\/www.ivinio.com\\\/sv\\\/produkt\\\/cantine-pellegrino-il-salinaro-vit\\\/\",\"url\":\"https:\\\/\\\/www.ivinio.com\\\/sv\\\/produkt\\\/cantine-pellegrino-il-salinaro-vit\\\/\",\"name\":\"Cantine Pellegrino - Il Salinaro - Vit - IVINIO Vinbutik\",\"isPartOf\":{\"@id\":\"https:\\\/\\\/www.ivinio.com\\\/sv\\\/#website\"},\"primaryImageOfPage\":{\"@id\":\"https:\\\/\\\/www.ivinio.com\\\/sv\\\/produkt\\\/cantine-pellegrino-il-salinaro-vit\\\/#primaryimage\"},\"image\":{\"@id\":\"https:\\\/\\\/www.ivinio.com\\\/sv\\\/produkt\\\/cantine-pellegrino-il-salinaro-vit\\\/#primaryimage\"},\"thumbnailUrl\":\"https:\\\/\\\/www.ivinio.com\\\/wp-content\\\/uploads\\\/2025\\\/06\\\/Pellegrino-Il-salinaro-IVINIO-1.jpg\",\"datePublished\":\"2025-06-13T13:39:43+00:00\",\"dateModified\":\"2025-07-05T16:42:54+00:00\",\"description\":\"Cantine Pellegrino - Il Salinaro - Vitvin. Torrt och fr\u00e4scht med bra balans mellan syra och frukt. Inslag av citrus, p\u00e4ron, vita blommor och mineralskt avslut.\",\"breadcrumb\":{\"@id\":\"https:\\\/\\\/www.ivinio.com\\\/sv\\\/produkt\\\/cantine-pellegrino-il-salinaro-vit\\\/#breadcrumb\"},\"inLanguage\":\"sv-SE\",\"potentialAction\":[{\"@type\":\"ReadAction\",\"target\":[\"https:\\\/\\\/www.ivinio.com\\\/sv\\\/produkt\\\/cantine-pellegrino-il-salinaro-vit\\\/\"]}]},{\"@type\":\"ImageObject\",\"inLanguage\":\"sv-SE\",\"@id\":\"https:\\\/\\\/www.ivinio.com\\\/sv\\\/produkt\\\/cantine-pellegrino-il-salinaro-vit\\\/#primaryimage\",\"url\":\"https:\\\/\\\/www.ivinio.com\\\/wp-content\\\/uploads\\\/2025\\\/06\\\/Pellegrino-Il-salinaro-IVINIO-1.jpg\",\"contentUrl\":\"https:\\\/\\\/www.ivinio.com\\\/wp-content\\\/uploads\\\/2025\\\/06\\\/Pellegrino-Il-salinaro-IVINIO-1.jpg\",\"width\":500,\"height\":500},{\"@type\":\"BreadcrumbList\",\"@id\":\"https:\\\/\\\/www.ivinio.com\\\/sv\\\/produkt\\\/cantine-pellegrino-il-salinaro-vit\\\/#breadcrumb\",\"itemListElement\":[{\"@type\":\"ListItem\",\"position\":1,\"name\":\"Hem\",\"item\":\"https:\\\/\\\/www.ivinio.com\\\/sv\\\/\"},{\"@type\":\"ListItem\",\"position\":2,\"name\":\"Vinbutik\",\"item\":\"https:\\\/\\\/www.ivinio.com\\\/sv\\\/vinbutik\\\/\"},{\"@type\":\"ListItem\",\"position\":3,\"name\":\"Cantine Pellegrino &#8211; Il Salinaro &#8211; Vit\"}]},{\"@type\":\"WebSite\",\"@id\":\"https:\\\/\\\/www.ivinio.com\\\/sv\\\/#website\",\"url\":\"https:\\\/\\\/www.ivinio.com\\\/sv\\\/\",\"name\":\"IVINIO Vinbutik\",\"description\":\"Vin fr\u00e5n Frankrike och Italien med leverans hem till din d\u00f6rr\",\"publisher\":{\"@id\":\"https:\\\/\\\/www.ivinio.com\\\/sv\\\/#organization\"},\"potentialAction\":[{\"@type\":\"SearchAction\",\"target\":{\"@type\":\"EntryPoint\",\"urlTemplate\":\"https:\\\/\\\/www.ivinio.com\\\/sv\\\/?s={search_term_string}\"},\"query-input\":{\"@type\":\"PropertyValueSpecification\",\"valueRequired\":true,\"valueName\":\"search_term_string\"}}],\"inLanguage\":\"sv-SE\"},{\"@type\":\"Organization\",\"@id\":\"https:\\\/\\\/www.ivinio.com\\\/sv\\\/#organization\",\"name\":\"IVINIO\",\"url\":\"https:\\\/\\\/www.ivinio.com\\\/sv\\\/\",\"logo\":{\"@type\":\"ImageObject\",\"inLanguage\":\"sv-SE\",\"@id\":\"https:\\\/\\\/www.ivinio.com\\\/sv\\\/#\\\/schema\\\/logo\\\/image\\\/\",\"url\":\"https:\\\/\\\/www.ivinio.com\\\/wp-content\\\/uploads\\\/2021\\\/01\\\/Logo-Ivinio-v2.jpg\",\"contentUrl\":\"https:\\\/\\\/www.ivinio.com\\\/wp-content\\\/uploads\\\/2021\\\/01\\\/Logo-Ivinio-v2.jpg\",\"width\":1194,\"height\":1194,\"caption\":\"IVINIO\"},\"image\":{\"@id\":\"https:\\\/\\\/www.ivinio.com\\\/sv\\\/#\\\/schema\\\/logo\\\/image\\\/\"},\"sameAs\":[\"https:\\\/\\\/www.facebook.com\\\/groups\\\/165217837022391\\\/?ref=bookmarks\",\"https:\\\/\\\/www.instagram.com\\\/_ivinio_\\\/?hl=fr\"]}]}<\/script>\n<!-- \/ Yoast SEO plugin. -->","yoast_head_json":{"title":"Cantine Pellegrino - Il Salinaro - Vit - IVINIO Vinbutik","description":"Cantine Pellegrino - Il Salinaro - Vitvin. Torrt och fr\u00e4scht med bra balans mellan syra och frukt. Inslag av citrus, p\u00e4ron, vita blommor och mineralskt avslut.","robots":{"index":"index","follow":"follow","max-snippet":"max-snippet:-1","max-image-preview":"max-image-preview:large","max-video-preview":"max-video-preview:-1"},"canonical":"https:\/\/www.ivinio.com\/sv\/produkt\/cantine-pellegrino-il-salinaro-vit\/","og_locale":"sv_SE","og_type":"article","og_title":"Cantine Pellegrino - Il Salinaro - Vit - IVINIO Vinbutik","og_description":"Cantine Pellegrino - Il Salinaro - Vitvin. Torrt och fr\u00e4scht med bra balans mellan syra och frukt. Inslag av citrus, p\u00e4ron, vita blommor och mineralskt avslut.","og_url":"https:\/\/www.ivinio.com\/sv\/produkt\/cantine-pellegrino-il-salinaro-vit\/","og_site_name":"IVINIO Vinbutik","article_publisher":"https:\/\/www.facebook.com\/groups\/165217837022391\/?ref=bookmarks","article_modified_time":"2025-07-05T16:42:54+00:00","og_image":[{"width":500,"height":500,"url":"https:\/\/www.ivinio.com\/wp-content\/uploads\/2025\/06\/Pellegrino-Il-salinaro-IVINIO-1.jpg","type":"image\/jpeg"}],"twitter_card":"summary_large_image","twitter_misc":{"Ber\u00e4knad l\u00e4stid":"1 minut"},"schema":{"@context":"https:\/\/schema.org","@graph":[{"@type":"WebPage","@id":"https:\/\/www.ivinio.com\/sv\/produkt\/cantine-pellegrino-il-salinaro-vit\/","url":"https:\/\/www.ivinio.com\/sv\/produkt\/cantine-pellegrino-il-salinaro-vit\/","name":"Cantine Pellegrino - Il Salinaro - Vit - IVINIO Vinbutik","isPartOf":{"@id":"https:\/\/www.ivinio.com\/sv\/#website"},"primaryImageOfPage":{"@id":"https:\/\/www.ivinio.com\/sv\/produkt\/cantine-pellegrino-il-salinaro-vit\/#primaryimage"},"image":{"@id":"https:\/\/www.ivinio.com\/sv\/produkt\/cantine-pellegrino-il-salinaro-vit\/#primaryimage"},"thumbnailUrl":"https:\/\/www.ivinio.com\/wp-content\/uploads\/2025\/06\/Pellegrino-Il-salinaro-IVINIO-1.jpg","datePublished":"2025-06-13T13:39:43+00:00","dateModified":"2025-07-05T16:42:54+00:00","description":"Cantine Pellegrino - Il Salinaro - Vitvin. Torrt och fr\u00e4scht med bra balans mellan syra och frukt. Inslag av citrus, p\u00e4ron, vita blommor och mineralskt avslut.","breadcrumb":{"@id":"https:\/\/www.ivinio.com\/sv\/produkt\/cantine-pellegrino-il-salinaro-vit\/#breadcrumb"},"inLanguage":"sv-SE","potentialAction":[{"@type":"ReadAction","target":["https:\/\/www.ivinio.com\/sv\/produkt\/cantine-pellegrino-il-salinaro-vit\/"]}]},{"@type":"ImageObject","inLanguage":"sv-SE","@id":"https:\/\/www.ivinio.com\/sv\/produkt\/cantine-pellegrino-il-salinaro-vit\/#primaryimage","url":"https:\/\/www.ivinio.com\/wp-content\/uploads\/2025\/06\/Pellegrino-Il-salinaro-IVINIO-1.jpg","contentUrl":"https:\/\/www.ivinio.com\/wp-content\/uploads\/2025\/06\/Pellegrino-Il-salinaro-IVINIO-1.jpg","width":500,"height":500},{"@type":"BreadcrumbList","@id":"https:\/\/www.ivinio.com\/sv\/produkt\/cantine-pellegrino-il-salinaro-vit\/#breadcrumb","itemListElement":[{"@type":"ListItem","position":1,"name":"Hem","item":"https:\/\/www.ivinio.com\/sv\/"},{"@type":"ListItem","position":2,"name":"Vinbutik","item":"https:\/\/www.ivinio.com\/sv\/vinbutik\/"},{"@type":"ListItem","position":3,"name":"Cantine Pellegrino &#8211; Il Salinaro &#8211; Vit"}]},{"@type":"WebSite","@id":"https:\/\/www.ivinio.com\/sv\/#website","url":"https:\/\/www.ivinio.com\/sv\/","name":"IVINIO Vinbutik","description":"Vin fr\u00e5n Frankrike och Italien med leverans hem till din d\u00f6rr","publisher":{"@id":"https:\/\/www.ivinio.com\/sv\/#organization"},"potentialAction":[{"@type":"SearchAction","target":{"@type":"EntryPoint","urlTemplate":"https:\/\/www.ivinio.com\/sv\/?s={search_term_string}"},"query-input":{"@type":"PropertyValueSpecification","valueRequired":true,"valueName":"search_term_string"}}],"inLanguage":"sv-SE"},{"@type":"Organization","@id":"https:\/\/www.ivinio.com\/sv\/#organization","name":"IVINIO","url":"https:\/\/www.ivinio.com\/sv\/","logo":{"@type":"ImageObject","inLanguage":"sv-SE","@id":"https:\/\/www.ivinio.com\/sv\/#\/schema\/logo\/image\/","url":"https:\/\/www.ivinio.com\/wp-content\/uploads\/2021\/01\/Logo-Ivinio-v2.jpg","contentUrl":"https:\/\/www.ivinio.com\/wp-content\/uploads\/2021\/01\/Logo-Ivinio-v2.jpg","width":1194,"height":1194,"caption":"IVINIO"},"image":{"@id":"https:\/\/www.ivinio.com\/sv\/#\/schema\/logo\/image\/"},"sameAs":["https:\/\/www.facebook.com\/groups\/165217837022391\/?ref=bookmarks","https:\/\/www.instagram.com\/_ivinio_\/?hl=fr"]}]}},"jetpack_sharing_enabled":true,"_links":{"self":[{"href":"https:\/\/www.ivinio.com\/sv\/wp-json\/wp\/v2\/product\/138391","targetHints":{"allow":["GET"]}}],"collection":[{"href":"https:\/\/www.ivinio.com\/sv\/wp-json\/wp\/v2\/product"}],"about":[{"href":"https:\/\/www.ivinio.com\/sv\/wp-json\/wp\/v2\/types\/product"}],"replies":[{"embeddable":true,"href":"https:\/\/www.ivinio.com\/sv\/wp-json\/wp\/v2\/comments?post=138391"}],"wp:featuredmedia":[{"embeddable":true,"href":"https:\/\/www.ivinio.com\/sv\/wp-json\/wp\/v2\/media\/138496"}],"wp:attachment":[{"href":"https:\/\/www.ivinio.com\/sv\/wp-json\/wp\/v2\/media?parent=138391"}],"wp:term":[{"taxonomy":"product_brand","embeddable":true,"href":"https:\/\/www.ivinio.com\/sv\/wp-json\/wp\/v2\/product_brand?post=138391"},{"taxonomy":"product_cat","embeddable":true,"href":"https:\/\/www.ivinio.com\/sv\/wp-json\/wp\/v2\/product_cat?post=138391"},{"taxonomy":"product_tag","embeddable":true,"href":"https:\/\/www.ivinio.com\/sv\/wp-json\/wp\/v2\/product_tag?post=138391"}],"curies":[{"name":"wp","href":"https:\/\/api.w.org\/{rel}","templated":true}]}}