{"id":138361,"date":"2025-06-12T19:47:55","date_gmt":"2025-06-12T17:47:55","guid":{"rendered":"https:\/\/www.ivinio.com\/?post_type=product&#038;p=138361"},"modified":"2025-07-05T10:22:57","modified_gmt":"2025-07-05T08:22:57","slug":"tenuta-regaleali-cavallo-delle-fate-vit","status":"publish","type":"product","link":"https:\/\/www.ivinio.com\/sv\/produkt\/tenuta-regaleali-cavallo-delle-fate-vit\/","title":{"rendered":"Tenuta Regaleali &#8211; Cavallo delle Fate &#8211; Vit"},"content":{"rendered":"<p>Tenuta Regaleali &#8211; Cavallo delle Fate &#8211; Vitvin framst\u00e4lls av 100% Grillo, d\u00e4r 5 hektar odlats i Sant\u2019Anna och 3 hektar i Piana Case Vecchie, 480 m. \u00f6ver havet. Sk\u00f6rden g\u00f6rs i andra delen av augusti. J\u00e4sningen g\u00f6rs i rostfria st\u00e5ltankar vid 16-18\u00b0C. J\u00e4sningen varar i 15 dagar. Ingen malolaktisk j\u00e4sning. Vinet f\u00e5r lagra i st\u00e5ltankar p\u00e5 j\u00e4stf\u00e4llningen i 4 m\u00e5nader innan det tappas p\u00e5 flaska.<\/p>\n","protected":false},"excerpt":{"rendered":"<p>En Grillo fr\u00e5n Sicilien med aromer av citrusfrukter, vita blommor och en l\u00e4tt mineralitet.<\/p>\n","protected":false},"featured_media":138362,"comment_status":"open","ping_status":"closed","template":"","meta":{"_monsterinsights_skip_tracking":false,"_monsterinsights_sitenote_active":false,"_monsterinsights_sitenote_note":"","_monsterinsights_sitenote_category":0,"_uf_show_specific_survey":0,"_uf_disable_surveys":false},"product_brand":[],"product_cat":[36589,36601],"product_tag":[],"class_list":{"0":"post-138361","1":"product","2":"type-product","3":"status-publish","4":"has-post-thumbnail","6":"product_cat-vins-italiens","7":"product_cat-fr-sicile","8":"pa_alcohol-degree-14-fr","9":"pa_classification-doc-sicilia-fr","10":"pa_color-blanc-fr","11":"pa_country-italie-fr","12":"pa_grape-variety-grillo-fr","13":"pa_region-sicile-fr","14":"pa_storage-potential-5-ans-fr","16":"first","17":"instock","18":"taxable","19":"shipping-taxable","20":"purchasable","21":"product-type-simple"},"bundled_by":[],"bundle_stock_status":"instock","bundle_stock_quantity":null,"bundle_virtual":false,"bundle_layout":"","bundle_add_to_cart_form_location":"","bundle_editable_in_cart":false,"bundle_sold_individually_context":"","bundle_item_grouping":"","bundle_min_size":"","bundle_max_size":"","bundle_price":[],"bundled_items":[],"bundle_sell_ids":[],"yoast_head":"<!-- This site is optimized with the Yoast SEO plugin v27.4 - https:\/\/yoast.com\/product\/yoast-seo-wordpress\/ -->\n<title>Tenuta Regaleali - Cavallo delle Fate - Vit - IVINIO Vinbutik<\/title>\n<meta name=\"description\" content=\"Tenuta Regaleali - Cavallo delle Fate - Vitvin med aromer av citrusfrukter, vita blommor och en l\u00e4tt mineralitet. Smaken \u00e4r frisk och v\u00e4lbalanserad.\" \/>\n<meta name=\"robots\" content=\"index, follow, max-snippet:-1, max-image-preview:large, max-video-preview:-1\" \/>\n<link rel=\"canonical\" href=\"https:\/\/www.ivinio.com\/sv\/produkt\/tenuta-regaleali-cavallo-delle-fate-vit\/\" \/>\n<meta property=\"og:locale\" content=\"sv_SE\" \/>\n<meta property=\"og:type\" content=\"article\" \/>\n<meta property=\"og:title\" content=\"Tenuta Regaleali - Cavallo delle Fate - Vit - IVINIO Vinbutik\" \/>\n<meta property=\"og:description\" content=\"Tenuta Regaleali - Cavallo delle Fate - Vitvin med aromer av citrusfrukter, vita blommor och en l\u00e4tt mineralitet. Smaken \u00e4r frisk och v\u00e4lbalanserad.\" \/>\n<meta property=\"og:url\" content=\"https:\/\/www.ivinio.com\/sv\/produkt\/tenuta-regaleali-cavallo-delle-fate-vit\/\" \/>\n<meta property=\"og:site_name\" content=\"IVINIO Vinbutik\" \/>\n<meta property=\"article:publisher\" content=\"https:\/\/www.facebook.com\/groups\/165217837022391\/?ref=bookmarks\" \/>\n<meta property=\"article:modified_time\" content=\"2025-07-05T08:22:57+00:00\" \/>\n<meta property=\"og:image\" content=\"https:\/\/www.ivinio.com\/wp-content\/uploads\/2025\/06\/Tenuta-Regaleali-Cavallo-delle-Fate-IVINIO.jpg\" \/>\n\t<meta property=\"og:image:width\" content=\"500\" \/>\n\t<meta property=\"og:image:height\" content=\"500\" \/>\n\t<meta property=\"og:image:type\" content=\"image\/jpeg\" \/>\n<meta name=\"twitter:card\" content=\"summary_large_image\" \/>\n<meta name=\"twitter:label1\" content=\"Ber\u00e4knad l\u00e4stid\" \/>\n\t<meta name=\"twitter:data1\" content=\"1 minut\" \/>\n<script type=\"application\/ld+json\" class=\"yoast-schema-graph\">{\"@context\":\"https:\\\/\\\/schema.org\",\"@graph\":[{\"@type\":\"WebPage\",\"@id\":\"https:\\\/\\\/www.ivinio.com\\\/sv\\\/produkt\\\/tenuta-regaleali-cavallo-delle-fate-vit\\\/\",\"url\":\"https:\\\/\\\/www.ivinio.com\\\/sv\\\/produkt\\\/tenuta-regaleali-cavallo-delle-fate-vit\\\/\",\"name\":\"Tenuta Regaleali - Cavallo delle Fate - Vit - IVINIO Vinbutik\",\"isPartOf\":{\"@id\":\"https:\\\/\\\/www.ivinio.com\\\/sv\\\/#website\"},\"primaryImageOfPage\":{\"@id\":\"https:\\\/\\\/www.ivinio.com\\\/sv\\\/produkt\\\/tenuta-regaleali-cavallo-delle-fate-vit\\\/#primaryimage\"},\"image\":{\"@id\":\"https:\\\/\\\/www.ivinio.com\\\/sv\\\/produkt\\\/tenuta-regaleali-cavallo-delle-fate-vit\\\/#primaryimage\"},\"thumbnailUrl\":\"https:\\\/\\\/www.ivinio.com\\\/wp-content\\\/uploads\\\/2025\\\/06\\\/Tenuta-Regaleali-Cavallo-delle-Fate-IVINIO.jpg\",\"datePublished\":\"2025-06-12T17:47:55+00:00\",\"dateModified\":\"2025-07-05T08:22:57+00:00\",\"description\":\"Tenuta Regaleali - Cavallo delle Fate - Vitvin med aromer av citrusfrukter, vita blommor och en l\u00e4tt mineralitet. Smaken \u00e4r frisk och v\u00e4lbalanserad.\",\"breadcrumb\":{\"@id\":\"https:\\\/\\\/www.ivinio.com\\\/sv\\\/produkt\\\/tenuta-regaleali-cavallo-delle-fate-vit\\\/#breadcrumb\"},\"inLanguage\":\"sv-SE\",\"potentialAction\":[{\"@type\":\"ReadAction\",\"target\":[\"https:\\\/\\\/www.ivinio.com\\\/sv\\\/produkt\\\/tenuta-regaleali-cavallo-delle-fate-vit\\\/\"]}]},{\"@type\":\"ImageObject\",\"inLanguage\":\"sv-SE\",\"@id\":\"https:\\\/\\\/www.ivinio.com\\\/sv\\\/produkt\\\/tenuta-regaleali-cavallo-delle-fate-vit\\\/#primaryimage\",\"url\":\"https:\\\/\\\/www.ivinio.com\\\/wp-content\\\/uploads\\\/2025\\\/06\\\/Tenuta-Regaleali-Cavallo-delle-Fate-IVINIO.jpg\",\"contentUrl\":\"https:\\\/\\\/www.ivinio.com\\\/wp-content\\\/uploads\\\/2025\\\/06\\\/Tenuta-Regaleali-Cavallo-delle-Fate-IVINIO.jpg\",\"width\":500,\"height\":500},{\"@type\":\"BreadcrumbList\",\"@id\":\"https:\\\/\\\/www.ivinio.com\\\/sv\\\/produkt\\\/tenuta-regaleali-cavallo-delle-fate-vit\\\/#breadcrumb\",\"itemListElement\":[{\"@type\":\"ListItem\",\"position\":1,\"name\":\"Hem\",\"item\":\"https:\\\/\\\/www.ivinio.com\\\/sv\\\/\"},{\"@type\":\"ListItem\",\"position\":2,\"name\":\"Vinbutik\",\"item\":\"https:\\\/\\\/www.ivinio.com\\\/sv\\\/vinbutik\\\/\"},{\"@type\":\"ListItem\",\"position\":3,\"name\":\"Tenuta Regaleali &#8211; Cavallo delle Fate &#8211; Vit\"}]},{\"@type\":\"WebSite\",\"@id\":\"https:\\\/\\\/www.ivinio.com\\\/sv\\\/#website\",\"url\":\"https:\\\/\\\/www.ivinio.com\\\/sv\\\/\",\"name\":\"IVINIO Vinbutik\",\"description\":\"Vin fr\u00e5n Frankrike och Italien med leverans hem till din d\u00f6rr\",\"publisher\":{\"@id\":\"https:\\\/\\\/www.ivinio.com\\\/sv\\\/#organization\"},\"potentialAction\":[{\"@type\":\"SearchAction\",\"target\":{\"@type\":\"EntryPoint\",\"urlTemplate\":\"https:\\\/\\\/www.ivinio.com\\\/sv\\\/?s={search_term_string}\"},\"query-input\":{\"@type\":\"PropertyValueSpecification\",\"valueRequired\":true,\"valueName\":\"search_term_string\"}}],\"inLanguage\":\"sv-SE\"},{\"@type\":\"Organization\",\"@id\":\"https:\\\/\\\/www.ivinio.com\\\/sv\\\/#organization\",\"name\":\"IVINIO\",\"url\":\"https:\\\/\\\/www.ivinio.com\\\/sv\\\/\",\"logo\":{\"@type\":\"ImageObject\",\"inLanguage\":\"sv-SE\",\"@id\":\"https:\\\/\\\/www.ivinio.com\\\/sv\\\/#\\\/schema\\\/logo\\\/image\\\/\",\"url\":\"https:\\\/\\\/www.ivinio.com\\\/wp-content\\\/uploads\\\/2021\\\/01\\\/Logo-Ivinio-v2.jpg\",\"contentUrl\":\"https:\\\/\\\/www.ivinio.com\\\/wp-content\\\/uploads\\\/2021\\\/01\\\/Logo-Ivinio-v2.jpg\",\"width\":1194,\"height\":1194,\"caption\":\"IVINIO\"},\"image\":{\"@id\":\"https:\\\/\\\/www.ivinio.com\\\/sv\\\/#\\\/schema\\\/logo\\\/image\\\/\"},\"sameAs\":[\"https:\\\/\\\/www.facebook.com\\\/groups\\\/165217837022391\\\/?ref=bookmarks\",\"https:\\\/\\\/www.instagram.com\\\/_ivinio_\\\/?hl=fr\"]}]}<\/script>\n<!-- \/ Yoast SEO plugin. -->","yoast_head_json":{"title":"Tenuta Regaleali - Cavallo delle Fate - Vit - IVINIO Vinbutik","description":"Tenuta Regaleali - Cavallo delle Fate - Vitvin med aromer av citrusfrukter, vita blommor och en l\u00e4tt mineralitet. Smaken \u00e4r frisk och v\u00e4lbalanserad.","robots":{"index":"index","follow":"follow","max-snippet":"max-snippet:-1","max-image-preview":"max-image-preview:large","max-video-preview":"max-video-preview:-1"},"canonical":"https:\/\/www.ivinio.com\/sv\/produkt\/tenuta-regaleali-cavallo-delle-fate-vit\/","og_locale":"sv_SE","og_type":"article","og_title":"Tenuta Regaleali - Cavallo delle Fate - Vit - IVINIO Vinbutik","og_description":"Tenuta Regaleali - Cavallo delle Fate - Vitvin med aromer av citrusfrukter, vita blommor och en l\u00e4tt mineralitet. Smaken \u00e4r frisk och v\u00e4lbalanserad.","og_url":"https:\/\/www.ivinio.com\/sv\/produkt\/tenuta-regaleali-cavallo-delle-fate-vit\/","og_site_name":"IVINIO Vinbutik","article_publisher":"https:\/\/www.facebook.com\/groups\/165217837022391\/?ref=bookmarks","article_modified_time":"2025-07-05T08:22:57+00:00","og_image":[{"width":500,"height":500,"url":"https:\/\/www.ivinio.com\/wp-content\/uploads\/2025\/06\/Tenuta-Regaleali-Cavallo-delle-Fate-IVINIO.jpg","type":"image\/jpeg"}],"twitter_card":"summary_large_image","twitter_misc":{"Ber\u00e4knad l\u00e4stid":"1 minut"},"schema":{"@context":"https:\/\/schema.org","@graph":[{"@type":"WebPage","@id":"https:\/\/www.ivinio.com\/sv\/produkt\/tenuta-regaleali-cavallo-delle-fate-vit\/","url":"https:\/\/www.ivinio.com\/sv\/produkt\/tenuta-regaleali-cavallo-delle-fate-vit\/","name":"Tenuta Regaleali - Cavallo delle Fate - Vit - IVINIO Vinbutik","isPartOf":{"@id":"https:\/\/www.ivinio.com\/sv\/#website"},"primaryImageOfPage":{"@id":"https:\/\/www.ivinio.com\/sv\/produkt\/tenuta-regaleali-cavallo-delle-fate-vit\/#primaryimage"},"image":{"@id":"https:\/\/www.ivinio.com\/sv\/produkt\/tenuta-regaleali-cavallo-delle-fate-vit\/#primaryimage"},"thumbnailUrl":"https:\/\/www.ivinio.com\/wp-content\/uploads\/2025\/06\/Tenuta-Regaleali-Cavallo-delle-Fate-IVINIO.jpg","datePublished":"2025-06-12T17:47:55+00:00","dateModified":"2025-07-05T08:22:57+00:00","description":"Tenuta Regaleali - Cavallo delle Fate - Vitvin med aromer av citrusfrukter, vita blommor och en l\u00e4tt mineralitet. Smaken \u00e4r frisk och v\u00e4lbalanserad.","breadcrumb":{"@id":"https:\/\/www.ivinio.com\/sv\/produkt\/tenuta-regaleali-cavallo-delle-fate-vit\/#breadcrumb"},"inLanguage":"sv-SE","potentialAction":[{"@type":"ReadAction","target":["https:\/\/www.ivinio.com\/sv\/produkt\/tenuta-regaleali-cavallo-delle-fate-vit\/"]}]},{"@type":"ImageObject","inLanguage":"sv-SE","@id":"https:\/\/www.ivinio.com\/sv\/produkt\/tenuta-regaleali-cavallo-delle-fate-vit\/#primaryimage","url":"https:\/\/www.ivinio.com\/wp-content\/uploads\/2025\/06\/Tenuta-Regaleali-Cavallo-delle-Fate-IVINIO.jpg","contentUrl":"https:\/\/www.ivinio.com\/wp-content\/uploads\/2025\/06\/Tenuta-Regaleali-Cavallo-delle-Fate-IVINIO.jpg","width":500,"height":500},{"@type":"BreadcrumbList","@id":"https:\/\/www.ivinio.com\/sv\/produkt\/tenuta-regaleali-cavallo-delle-fate-vit\/#breadcrumb","itemListElement":[{"@type":"ListItem","position":1,"name":"Hem","item":"https:\/\/www.ivinio.com\/sv\/"},{"@type":"ListItem","position":2,"name":"Vinbutik","item":"https:\/\/www.ivinio.com\/sv\/vinbutik\/"},{"@type":"ListItem","position":3,"name":"Tenuta Regaleali &#8211; Cavallo delle Fate &#8211; Vit"}]},{"@type":"WebSite","@id":"https:\/\/www.ivinio.com\/sv\/#website","url":"https:\/\/www.ivinio.com\/sv\/","name":"IVINIO Vinbutik","description":"Vin fr\u00e5n Frankrike och Italien med leverans hem till din d\u00f6rr","publisher":{"@id":"https:\/\/www.ivinio.com\/sv\/#organization"},"potentialAction":[{"@type":"SearchAction","target":{"@type":"EntryPoint","urlTemplate":"https:\/\/www.ivinio.com\/sv\/?s={search_term_string}"},"query-input":{"@type":"PropertyValueSpecification","valueRequired":true,"valueName":"search_term_string"}}],"inLanguage":"sv-SE"},{"@type":"Organization","@id":"https:\/\/www.ivinio.com\/sv\/#organization","name":"IVINIO","url":"https:\/\/www.ivinio.com\/sv\/","logo":{"@type":"ImageObject","inLanguage":"sv-SE","@id":"https:\/\/www.ivinio.com\/sv\/#\/schema\/logo\/image\/","url":"https:\/\/www.ivinio.com\/wp-content\/uploads\/2021\/01\/Logo-Ivinio-v2.jpg","contentUrl":"https:\/\/www.ivinio.com\/wp-content\/uploads\/2021\/01\/Logo-Ivinio-v2.jpg","width":1194,"height":1194,"caption":"IVINIO"},"image":{"@id":"https:\/\/www.ivinio.com\/sv\/#\/schema\/logo\/image\/"},"sameAs":["https:\/\/www.facebook.com\/groups\/165217837022391\/?ref=bookmarks","https:\/\/www.instagram.com\/_ivinio_\/?hl=fr"]}]}},"jetpack_sharing_enabled":true,"_links":{"self":[{"href":"https:\/\/www.ivinio.com\/sv\/wp-json\/wp\/v2\/product\/138361","targetHints":{"allow":["GET"]}}],"collection":[{"href":"https:\/\/www.ivinio.com\/sv\/wp-json\/wp\/v2\/product"}],"about":[{"href":"https:\/\/www.ivinio.com\/sv\/wp-json\/wp\/v2\/types\/product"}],"replies":[{"embeddable":true,"href":"https:\/\/www.ivinio.com\/sv\/wp-json\/wp\/v2\/comments?post=138361"}],"wp:featuredmedia":[{"embeddable":true,"href":"https:\/\/www.ivinio.com\/sv\/wp-json\/wp\/v2\/media\/138362"}],"wp:attachment":[{"href":"https:\/\/www.ivinio.com\/sv\/wp-json\/wp\/v2\/media?parent=138361"}],"wp:term":[{"taxonomy":"product_brand","embeddable":true,"href":"https:\/\/www.ivinio.com\/sv\/wp-json\/wp\/v2\/product_brand?post=138361"},{"taxonomy":"product_cat","embeddable":true,"href":"https:\/\/www.ivinio.com\/sv\/wp-json\/wp\/v2\/product_cat?post=138361"},{"taxonomy":"product_tag","embeddable":true,"href":"https:\/\/www.ivinio.com\/sv\/wp-json\/wp\/v2\/product_tag?post=138361"}],"curies":[{"name":"wp","href":"https:\/\/api.w.org\/{rel}","templated":true}]}}