{"id":137730,"date":"2025-05-24T11:47:39","date_gmt":"2025-05-24T09:47:39","guid":{"rendered":"https:\/\/www.ivinio.com\/?post_type=product&#038;p=137730"},"modified":"2025-07-03T11:01:37","modified_gmt":"2025-07-03T09:01:37","slug":"pol-roger-champagne-pure-extra-brut","status":"publish","type":"product","link":"https:\/\/www.ivinio.com\/sv\/produkt\/pol-roger-champagne-pure-extra-brut\/","title":{"rendered":"Pol Roger Champagne Pure Extra Brut"},"content":{"rendered":"<p>Pol Roger Champagne Pure Extra Brut framst\u00e4lls av lika delar av de 3 stora champagnedruvsorterna : Pinot Noir, Chardonnay och Pinot Meunier. Vinet skapades \u00e5r 2008 f\u00f6r att komplettera Pol Rogers champagnesortiment och erbjuda finsmakare nya sensationer. M\u00e5ls\u00e4ttningen var att skapa ett vin i dess mest naturliga tillst\u00e5nd, samtidigt som man bevarar andan i de olika champagne-varianter som produceras. Vinet \u00e4r icke-doserat och framst\u00e4lls i en \u00a0l\u00e5ng process med val av blandade \u00e5rg\u00e5ngar och lagringstiden p\u00e5 minst fyra \u00e5r.\u00a0N\u00e4r druvorna har sk\u00f6rdats pressas de snabbt och f\u00f6rsiktigt. En f\u00f6rsta sedimentering utf\u00f6rs vid pressen och sedan en andra press i cuveriet vid l\u00e5g temperatur (6\u00b0C) i 24 timmars tid. Alkoholj\u00e4sningen sker vid l\u00e5g temperatur (18\u00b0C) i termoreglerade rostfria st\u00e5ltankar d\u00e4r druvsorterna och \u00e5rg\u00e5ngarna vinifieras separat innan den slutliga blandningen. Malolaktisk j\u00e4sning f\u00f6ljer. Efter provsmakning, blandning och buteljering sker andra j\u00e4sningen med lagring i\u00a0 33 meter djupa vink\u00e4llare. Varje flaska vrids f\u00f6r hand, p\u00e5 traditionellt s\u00e4tt, innan degorgering och dosering. Vinerna vilar sedan i minst tre m\u00e5nader innan de kommercialiseras.<\/p>\n","protected":false},"excerpt":{"rendered":"<p>Pol Rogers icke-doserade Extra-brut variant.<\/p>\n","protected":false},"featured_media":138238,"comment_status":"open","ping_status":"closed","template":"","meta":{"_monsterinsights_skip_tracking":false,"_monsterinsights_sitenote_active":false,"_monsterinsights_sitenote_note":"","_monsterinsights_sitenote_category":0,"_uf_show_specific_survey":0,"_uf_disable_surveys":false},"product_brand":[],"product_cat":[36614,36587],"product_tag":[],"class_list":{"0":"post-137730","1":"product","2":"type-product","3":"status-publish","4":"has-post-thumbnail","6":"product_cat-en-champagne","7":"product_cat-french-wines","8":"pa_alcohol-degree-12-en","9":"pa_awards-bettanedesseauve-en","10":"pa_awards-jancis-robinson-en","11":"pa_awards-the-wine-advocate-en","12":"pa_awards-wine-spectator-en","13":"pa_classification-aop-champagne-en","14":"pa_color-sparkling-en","15":"pa_country-france-en","16":"pa_grape-variety-chardonnay-en","17":"pa_grape-variety-pinot-meunier-en","18":"pa_grape-variety-pinot-noir","19":"pa_package-1x1-en","20":"pa_package-1x6-en","21":"pa_region-champagne-fr","22":"pa_volume-150-cl-en","23":"pa_volume-75-cl-en","25":"first","26":"instock","27":"taxable","28":"shipping-taxable","29":"purchasable","30":"product-type-variable"},"bundled_by":[],"bundle_stock_status":"instock","bundle_stock_quantity":null,"bundle_virtual":false,"bundle_layout":"","bundle_add_to_cart_form_location":"","bundle_editable_in_cart":false,"bundle_sold_individually_context":"","bundle_item_grouping":"","bundle_min_size":"","bundle_max_size":"","bundle_price":[],"bundled_items":[],"bundle_sell_ids":[],"yoast_head":"<!-- This site is optimized with the Yoast SEO plugin v27.4 - https:\/\/yoast.com\/product\/yoast-seo-wordpress\/ -->\n<title>K\u00f6pa Pol Roger Champagne Pure Extra Brut - IVINIO Vinbutik<\/title>\n<meta name=\"description\" content=\"Pol Roger Champagne Pure Extra Brut. Doften har inslag av kryddnejlika och rosenblommor, som utvecklas mot nyanser av br\u00f6dsmulor, j\u00e4st och citrusfrukter.\" \/>\n<meta name=\"robots\" content=\"index, follow, max-snippet:-1, max-image-preview:large, max-video-preview:-1\" \/>\n<link rel=\"canonical\" href=\"https:\/\/www.ivinio.com\/sv\/produkt\/pol-roger-champagne-pure-extra-brut\/\" \/>\n<meta property=\"og:locale\" content=\"sv_SE\" \/>\n<meta property=\"og:type\" content=\"article\" \/>\n<meta property=\"og:title\" content=\"K\u00f6pa Pol Roger Champagne Pure Extra Brut - IVINIO Vinbutik\" \/>\n<meta property=\"og:description\" content=\"Pol Roger Champagne Pure Extra Brut. Doften har inslag av kryddnejlika och rosenblommor, som utvecklas mot nyanser av br\u00f6dsmulor, j\u00e4st och citrusfrukter.\" \/>\n<meta property=\"og:url\" content=\"https:\/\/www.ivinio.com\/sv\/produkt\/pol-roger-champagne-pure-extra-brut\/\" \/>\n<meta property=\"og:site_name\" content=\"IVINIO Vinbutik\" \/>\n<meta property=\"article:publisher\" content=\"https:\/\/www.facebook.com\/groups\/165217837022391\/?ref=bookmarks\" \/>\n<meta property=\"article:modified_time\" content=\"2025-07-03T09:01:37+00:00\" \/>\n<meta property=\"og:image\" content=\"https:\/\/www.ivinio.com\/wp-content\/uploads\/2025\/05\/Champagne-Pol-roger-Pure-Extra-Brut-IVINIO.jpg\" \/>\n\t<meta property=\"og:image:width\" content=\"500\" \/>\n\t<meta property=\"og:image:height\" content=\"500\" \/>\n\t<meta property=\"og:image:type\" content=\"image\/jpeg\" \/>\n<meta name=\"twitter:card\" content=\"summary_large_image\" \/>\n<meta name=\"twitter:label1\" content=\"Ber\u00e4knad l\u00e4stid\" \/>\n\t<meta name=\"twitter:data1\" content=\"1 minut\" \/>\n<script type=\"application\/ld+json\" class=\"yoast-schema-graph\">{\"@context\":\"https:\\\/\\\/schema.org\",\"@graph\":[{\"@type\":\"WebPage\",\"@id\":\"https:\\\/\\\/www.ivinio.com\\\/sv\\\/produkt\\\/pol-roger-champagne-pure-extra-brut\\\/\",\"url\":\"https:\\\/\\\/www.ivinio.com\\\/sv\\\/produkt\\\/pol-roger-champagne-pure-extra-brut\\\/\",\"name\":\"K\u00f6pa Pol Roger Champagne Pure Extra Brut - IVINIO Vinbutik\",\"isPartOf\":{\"@id\":\"https:\\\/\\\/www.ivinio.com\\\/sv\\\/#website\"},\"primaryImageOfPage\":{\"@id\":\"https:\\\/\\\/www.ivinio.com\\\/sv\\\/produkt\\\/pol-roger-champagne-pure-extra-brut\\\/#primaryimage\"},\"image\":{\"@id\":\"https:\\\/\\\/www.ivinio.com\\\/sv\\\/produkt\\\/pol-roger-champagne-pure-extra-brut\\\/#primaryimage\"},\"thumbnailUrl\":\"https:\\\/\\\/www.ivinio.com\\\/wp-content\\\/uploads\\\/2025\\\/05\\\/Champagne-Pol-roger-Pure-Extra-Brut-IVINIO.jpg\",\"datePublished\":\"2025-05-24T09:47:39+00:00\",\"dateModified\":\"2025-07-03T09:01:37+00:00\",\"description\":\"Pol Roger Champagne Pure Extra Brut. Doften har inslag av kryddnejlika och rosenblommor, som utvecklas mot nyanser av br\u00f6dsmulor, j\u00e4st och citrusfrukter.\",\"breadcrumb\":{\"@id\":\"https:\\\/\\\/www.ivinio.com\\\/sv\\\/produkt\\\/pol-roger-champagne-pure-extra-brut\\\/#breadcrumb\"},\"inLanguage\":\"sv-SE\",\"potentialAction\":[{\"@type\":\"ReadAction\",\"target\":[\"https:\\\/\\\/www.ivinio.com\\\/sv\\\/produkt\\\/pol-roger-champagne-pure-extra-brut\\\/\"]}]},{\"@type\":\"ImageObject\",\"inLanguage\":\"sv-SE\",\"@id\":\"https:\\\/\\\/www.ivinio.com\\\/sv\\\/produkt\\\/pol-roger-champagne-pure-extra-brut\\\/#primaryimage\",\"url\":\"https:\\\/\\\/www.ivinio.com\\\/wp-content\\\/uploads\\\/2025\\\/05\\\/Champagne-Pol-roger-Pure-Extra-Brut-IVINIO.jpg\",\"contentUrl\":\"https:\\\/\\\/www.ivinio.com\\\/wp-content\\\/uploads\\\/2025\\\/05\\\/Champagne-Pol-roger-Pure-Extra-Brut-IVINIO.jpg\",\"width\":500,\"height\":500},{\"@type\":\"BreadcrumbList\",\"@id\":\"https:\\\/\\\/www.ivinio.com\\\/sv\\\/produkt\\\/pol-roger-champagne-pure-extra-brut\\\/#breadcrumb\",\"itemListElement\":[{\"@type\":\"ListItem\",\"position\":1,\"name\":\"Hem\",\"item\":\"https:\\\/\\\/www.ivinio.com\\\/sv\\\/\"},{\"@type\":\"ListItem\",\"position\":2,\"name\":\"Vinbutik\",\"item\":\"https:\\\/\\\/www.ivinio.com\\\/sv\\\/vinbutik\\\/\"},{\"@type\":\"ListItem\",\"position\":3,\"name\":\"Pol Roger Champagne Pure Extra Brut\"}]},{\"@type\":\"WebSite\",\"@id\":\"https:\\\/\\\/www.ivinio.com\\\/sv\\\/#website\",\"url\":\"https:\\\/\\\/www.ivinio.com\\\/sv\\\/\",\"name\":\"IVINIO Vinbutik\",\"description\":\"Vin fr\u00e5n Frankrike och Italien med leverans hem till din d\u00f6rr\",\"publisher\":{\"@id\":\"https:\\\/\\\/www.ivinio.com\\\/sv\\\/#organization\"},\"potentialAction\":[{\"@type\":\"SearchAction\",\"target\":{\"@type\":\"EntryPoint\",\"urlTemplate\":\"https:\\\/\\\/www.ivinio.com\\\/sv\\\/?s={search_term_string}\"},\"query-input\":{\"@type\":\"PropertyValueSpecification\",\"valueRequired\":true,\"valueName\":\"search_term_string\"}}],\"inLanguage\":\"sv-SE\"},{\"@type\":\"Organization\",\"@id\":\"https:\\\/\\\/www.ivinio.com\\\/sv\\\/#organization\",\"name\":\"IVINIO\",\"url\":\"https:\\\/\\\/www.ivinio.com\\\/sv\\\/\",\"logo\":{\"@type\":\"ImageObject\",\"inLanguage\":\"sv-SE\",\"@id\":\"https:\\\/\\\/www.ivinio.com\\\/sv\\\/#\\\/schema\\\/logo\\\/image\\\/\",\"url\":\"https:\\\/\\\/www.ivinio.com\\\/wp-content\\\/uploads\\\/2021\\\/01\\\/Logo-Ivinio-v2.jpg\",\"contentUrl\":\"https:\\\/\\\/www.ivinio.com\\\/wp-content\\\/uploads\\\/2021\\\/01\\\/Logo-Ivinio-v2.jpg\",\"width\":1194,\"height\":1194,\"caption\":\"IVINIO\"},\"image\":{\"@id\":\"https:\\\/\\\/www.ivinio.com\\\/sv\\\/#\\\/schema\\\/logo\\\/image\\\/\"},\"sameAs\":[\"https:\\\/\\\/www.facebook.com\\\/groups\\\/165217837022391\\\/?ref=bookmarks\",\"https:\\\/\\\/www.instagram.com\\\/_ivinio_\\\/?hl=fr\"]}]}<\/script>\n<!-- \/ Yoast SEO plugin. -->","yoast_head_json":{"title":"K\u00f6pa Pol Roger Champagne Pure Extra Brut - IVINIO Vinbutik","description":"Pol Roger Champagne Pure Extra Brut. Doften har inslag av kryddnejlika och rosenblommor, som utvecklas mot nyanser av br\u00f6dsmulor, j\u00e4st och citrusfrukter.","robots":{"index":"index","follow":"follow","max-snippet":"max-snippet:-1","max-image-preview":"max-image-preview:large","max-video-preview":"max-video-preview:-1"},"canonical":"https:\/\/www.ivinio.com\/sv\/produkt\/pol-roger-champagne-pure-extra-brut\/","og_locale":"sv_SE","og_type":"article","og_title":"K\u00f6pa Pol Roger Champagne Pure Extra Brut - IVINIO Vinbutik","og_description":"Pol Roger Champagne Pure Extra Brut. Doften har inslag av kryddnejlika och rosenblommor, som utvecklas mot nyanser av br\u00f6dsmulor, j\u00e4st och citrusfrukter.","og_url":"https:\/\/www.ivinio.com\/sv\/produkt\/pol-roger-champagne-pure-extra-brut\/","og_site_name":"IVINIO Vinbutik","article_publisher":"https:\/\/www.facebook.com\/groups\/165217837022391\/?ref=bookmarks","article_modified_time":"2025-07-03T09:01:37+00:00","og_image":[{"width":500,"height":500,"url":"https:\/\/www.ivinio.com\/wp-content\/uploads\/2025\/05\/Champagne-Pol-roger-Pure-Extra-Brut-IVINIO.jpg","type":"image\/jpeg"}],"twitter_card":"summary_large_image","twitter_misc":{"Ber\u00e4knad l\u00e4stid":"1 minut"},"schema":{"@context":"https:\/\/schema.org","@graph":[{"@type":"WebPage","@id":"https:\/\/www.ivinio.com\/sv\/produkt\/pol-roger-champagne-pure-extra-brut\/","url":"https:\/\/www.ivinio.com\/sv\/produkt\/pol-roger-champagne-pure-extra-brut\/","name":"K\u00f6pa Pol Roger Champagne Pure Extra Brut - IVINIO Vinbutik","isPartOf":{"@id":"https:\/\/www.ivinio.com\/sv\/#website"},"primaryImageOfPage":{"@id":"https:\/\/www.ivinio.com\/sv\/produkt\/pol-roger-champagne-pure-extra-brut\/#primaryimage"},"image":{"@id":"https:\/\/www.ivinio.com\/sv\/produkt\/pol-roger-champagne-pure-extra-brut\/#primaryimage"},"thumbnailUrl":"https:\/\/www.ivinio.com\/wp-content\/uploads\/2025\/05\/Champagne-Pol-roger-Pure-Extra-Brut-IVINIO.jpg","datePublished":"2025-05-24T09:47:39+00:00","dateModified":"2025-07-03T09:01:37+00:00","description":"Pol Roger Champagne Pure Extra Brut. Doften har inslag av kryddnejlika och rosenblommor, som utvecklas mot nyanser av br\u00f6dsmulor, j\u00e4st och citrusfrukter.","breadcrumb":{"@id":"https:\/\/www.ivinio.com\/sv\/produkt\/pol-roger-champagne-pure-extra-brut\/#breadcrumb"},"inLanguage":"sv-SE","potentialAction":[{"@type":"ReadAction","target":["https:\/\/www.ivinio.com\/sv\/produkt\/pol-roger-champagne-pure-extra-brut\/"]}]},{"@type":"ImageObject","inLanguage":"sv-SE","@id":"https:\/\/www.ivinio.com\/sv\/produkt\/pol-roger-champagne-pure-extra-brut\/#primaryimage","url":"https:\/\/www.ivinio.com\/wp-content\/uploads\/2025\/05\/Champagne-Pol-roger-Pure-Extra-Brut-IVINIO.jpg","contentUrl":"https:\/\/www.ivinio.com\/wp-content\/uploads\/2025\/05\/Champagne-Pol-roger-Pure-Extra-Brut-IVINIO.jpg","width":500,"height":500},{"@type":"BreadcrumbList","@id":"https:\/\/www.ivinio.com\/sv\/produkt\/pol-roger-champagne-pure-extra-brut\/#breadcrumb","itemListElement":[{"@type":"ListItem","position":1,"name":"Hem","item":"https:\/\/www.ivinio.com\/sv\/"},{"@type":"ListItem","position":2,"name":"Vinbutik","item":"https:\/\/www.ivinio.com\/sv\/vinbutik\/"},{"@type":"ListItem","position":3,"name":"Pol Roger Champagne Pure Extra Brut"}]},{"@type":"WebSite","@id":"https:\/\/www.ivinio.com\/sv\/#website","url":"https:\/\/www.ivinio.com\/sv\/","name":"IVINIO Vinbutik","description":"Vin fr\u00e5n Frankrike och Italien med leverans hem till din d\u00f6rr","publisher":{"@id":"https:\/\/www.ivinio.com\/sv\/#organization"},"potentialAction":[{"@type":"SearchAction","target":{"@type":"EntryPoint","urlTemplate":"https:\/\/www.ivinio.com\/sv\/?s={search_term_string}"},"query-input":{"@type":"PropertyValueSpecification","valueRequired":true,"valueName":"search_term_string"}}],"inLanguage":"sv-SE"},{"@type":"Organization","@id":"https:\/\/www.ivinio.com\/sv\/#organization","name":"IVINIO","url":"https:\/\/www.ivinio.com\/sv\/","logo":{"@type":"ImageObject","inLanguage":"sv-SE","@id":"https:\/\/www.ivinio.com\/sv\/#\/schema\/logo\/image\/","url":"https:\/\/www.ivinio.com\/wp-content\/uploads\/2021\/01\/Logo-Ivinio-v2.jpg","contentUrl":"https:\/\/www.ivinio.com\/wp-content\/uploads\/2021\/01\/Logo-Ivinio-v2.jpg","width":1194,"height":1194,"caption":"IVINIO"},"image":{"@id":"https:\/\/www.ivinio.com\/sv\/#\/schema\/logo\/image\/"},"sameAs":["https:\/\/www.facebook.com\/groups\/165217837022391\/?ref=bookmarks","https:\/\/www.instagram.com\/_ivinio_\/?hl=fr"]}]}},"jetpack_sharing_enabled":true,"_links":{"self":[{"href":"https:\/\/www.ivinio.com\/sv\/wp-json\/wp\/v2\/product\/137730","targetHints":{"allow":["GET"]}}],"collection":[{"href":"https:\/\/www.ivinio.com\/sv\/wp-json\/wp\/v2\/product"}],"about":[{"href":"https:\/\/www.ivinio.com\/sv\/wp-json\/wp\/v2\/types\/product"}],"replies":[{"embeddable":true,"href":"https:\/\/www.ivinio.com\/sv\/wp-json\/wp\/v2\/comments?post=137730"}],"wp:featuredmedia":[{"embeddable":true,"href":"https:\/\/www.ivinio.com\/sv\/wp-json\/wp\/v2\/media\/138238"}],"wp:attachment":[{"href":"https:\/\/www.ivinio.com\/sv\/wp-json\/wp\/v2\/media?parent=137730"}],"wp:term":[{"taxonomy":"product_brand","embeddable":true,"href":"https:\/\/www.ivinio.com\/sv\/wp-json\/wp\/v2\/product_brand?post=137730"},{"taxonomy":"product_cat","embeddable":true,"href":"https:\/\/www.ivinio.com\/sv\/wp-json\/wp\/v2\/product_cat?post=137730"},{"taxonomy":"product_tag","embeddable":true,"href":"https:\/\/www.ivinio.com\/sv\/wp-json\/wp\/v2\/product_tag?post=137730"}],"curies":[{"name":"wp","href":"https:\/\/api.w.org\/{rel}","templated":true}]}}