{"id":137454,"date":"2025-04-26T18:53:04","date_gmt":"2025-04-26T16:53:04","guid":{"rendered":"https:\/\/www.ivinio.com\/?post_type=product&#038;p=137454"},"modified":"2025-04-30T18:46:11","modified_gmt":"2025-04-30T16:46:11","slug":"blandlada-provencalska-vitviner-fran-st-tropez","status":"publish","type":"product","link":"https:\/\/www.ivinio.com\/sv\/produkt\/blandlada-provencalska-vitviner-fran-st-tropez\/","title":{"rendered":"Blandl\u00e5da proven\u00e7alska vitviner fr\u00e5n St-Tropez !"},"content":{"rendered":"<p>Denna blandade vinl\u00e5da inneh\u00e5ller 2 flaskor av 3 olika vitviner ur vinm\u00e4starna i Saint Tropez&#8217;s sortiment. Vinerna har en Provence-stil, med typiskt blommig stil med inslag av citrusfrukter. Ett utm\u00e4rkt val till v\u00e5rens och sommarens l\u00e4ttare m\u00e5ltider och buff\u00e9er, eller till grillad fisk och r\u00e4tter med medelhavsinspiration. Passa p\u00e5 och utnyttja specialpriset som vi nu erbjuder !<\/p>\n","protected":false},"excerpt":{"rendered":"<p>Blandl\u00e5da proven\u00e7alska vitviner fr\u00e5n vinm\u00e4starna i St-Tropez !<\/p>\n","protected":false},"featured_media":137455,"comment_status":"open","ping_status":"closed","template":"","meta":{"_monsterinsights_skip_tracking":false,"_monsterinsights_sitenote_active":false,"_monsterinsights_sitenote_note":"","_monsterinsights_sitenote_category":0,"_uf_show_specific_survey":0,"_uf_disable_surveys":false},"product_brand":[],"product_cat":[36645],"product_tag":[],"class_list":{"0":"post-137454","1":"product","2":"type-product","3":"status-publish","4":"has-post-thumbnail","6":"product_cat-blandade-provsmakningslador","7":"pa_classification-aop-cotes-de-provence-sv","8":"pa_color-vit-sv","9":"pa_country-frankrike-sv","10":"pa_grape-variety-clairette-sv","11":"pa_grape-variety-rolle-sv","12":"pa_grape-variety-ugni-blanc","13":"pa_region-provence-sv","14":"pa_vintage-41365","16":"first","17":"instock","18":"sale","19":"virtual","20":"taxable","21":"purchasable","22":"product-type-bundle"},"bundled_by":[],"bundle_stock_status":"insufficientstock","bundle_stock_quantity":0,"bundle_virtual":false,"bundle_layout":"grid","bundle_add_to_cart_form_location":"after_summary","bundle_editable_in_cart":false,"bundle_sold_individually_context":"product","bundle_item_grouping":"noindent","bundle_min_size":"","bundle_max_size":"","bundle_price":{"price":{"min":{"incl_tax":"44.8","excl_tax":"44.75"},"max":{"incl_tax":"44.8","excl_tax":"44.75"}},"regular_price":{"min":{"incl_tax":"61","excl_tax":"61"},"max":{"incl_tax":"61","excl_tax":"61"}}},"bundled_items":[{"bundled_item_id":9143,"product_id":137429,"menu_order":0,"quantity_min":3,"quantity_max":3,"quantity_default":3,"priced_individually":false,"shipped_individually":false,"override_title":false,"title":"Ma\u00eetres vignerons de la presqu'\u00eele de Saint-Tropez - Rose & clair - Ros\u00e9","override_description":false,"description":"","optional":false,"hide_thumbnail":false,"discount":"","override_variations":false,"allowed_variations":[],"override_default_variation_attributes":false,"default_variation_attributes":[],"single_product_visibility":"visible","cart_visibility":"visible","order_visibility":"visible","single_product_price_visibility":"visible","cart_price_visibility":"visible","order_price_visibility":"visible","stock_status":"out_of_stock"},{"bundled_item_id":9144,"product_id":137446,"menu_order":1,"quantity_min":1,"quantity_max":1,"quantity_default":1,"priced_individually":false,"shipped_individually":false,"override_title":false,"title":"Domaine Siouvette - L'Exception - Ros\u00e9","override_description":false,"description":"","optional":false,"hide_thumbnail":false,"discount":"","override_variations":false,"allowed_variations":[],"override_default_variation_attributes":false,"default_variation_attributes":[],"single_product_visibility":"visible","cart_visibility":"visible","order_visibility":"visible","single_product_price_visibility":"visible","cart_price_visibility":"visible","order_price_visibility":"visible","stock_status":"out_of_stock"},{"bundled_item_id":9145,"product_id":137434,"menu_order":2,"quantity_min":1,"quantity_max":1,"quantity_default":1,"priced_individually":false,"shipped_individually":false,"override_title":false,"title":"Ch\u00e2teau Barrali\u00e8re - Ros\u00e9","override_description":false,"description":"","optional":false,"hide_thumbnail":false,"discount":"","override_variations":false,"allowed_variations":[],"override_default_variation_attributes":false,"default_variation_attributes":[],"single_product_visibility":"visible","cart_visibility":"visible","order_visibility":"visible","single_product_price_visibility":"visible","cart_price_visibility":"visible","order_price_visibility":"visible","stock_status":"out_of_stock"},{"bundled_item_id":9146,"product_id":137439,"menu_order":3,"quantity_min":1,"quantity_max":1,"quantity_default":1,"priced_individually":false,"shipped_individually":false,"override_title":false,"title":"Domaine de Carteyron - Malyse - Ros\u00e9","override_description":false,"description":"","optional":false,"hide_thumbnail":false,"discount":"","override_variations":false,"allowed_variations":[],"override_default_variation_attributes":false,"default_variation_attributes":[],"single_product_visibility":"visible","cart_visibility":"visible","order_visibility":"visible","single_product_price_visibility":"visible","cart_price_visibility":"visible","order_price_visibility":"visible","stock_status":"out_of_stock"}],"bundle_sell_ids":[],"yoast_head":"<!-- This site is optimized with the Yoast SEO plugin v27.4 - https:\/\/yoast.com\/product\/yoast-seo-wordpress\/ -->\n<title>Blandl\u00e5da proven\u00e7alska vitviner fr\u00e5n St-Tropez ! - IVINIO Vinbutik<\/title>\n<meta name=\"description\" content=\"Blandl\u00e5da proven\u00e7alska vitviner fr\u00e5n St-Tropez ! Denna blandade vinl\u00e5da inneh\u00e5ller 2 flaskor av 3 olika vitviner ur vinm\u00e4starna i Saint Tropez&#039;s sortiment.\" \/>\n<meta name=\"robots\" content=\"index, follow, max-snippet:-1, max-image-preview:large, max-video-preview:-1\" \/>\n<link rel=\"canonical\" href=\"https:\/\/www.ivinio.com\/sv\/produkt\/blandlada-provencalska-vitviner-fran-st-tropez\/\" \/>\n<meta property=\"og:locale\" content=\"sv_SE\" \/>\n<meta property=\"og:type\" content=\"article\" \/>\n<meta property=\"og:title\" content=\"Blandl\u00e5da proven\u00e7alska vitviner fr\u00e5n St-Tropez ! - IVINIO Vinbutik\" \/>\n<meta property=\"og:description\" content=\"Blandl\u00e5da proven\u00e7alska vitviner fr\u00e5n St-Tropez ! Denna blandade vinl\u00e5da inneh\u00e5ller 2 flaskor av 3 olika vitviner ur vinm\u00e4starna i Saint Tropez&#039;s sortiment.\" \/>\n<meta property=\"og:url\" content=\"https:\/\/www.ivinio.com\/sv\/produkt\/blandlada-provencalska-vitviner-fran-st-tropez\/\" \/>\n<meta property=\"og:site_name\" content=\"IVINIO Vinbutik\" \/>\n<meta property=\"article:publisher\" content=\"https:\/\/www.facebook.com\/groups\/165217837022391\/?ref=bookmarks\" \/>\n<meta property=\"article:modified_time\" content=\"2025-04-30T16:46:11+00:00\" \/>\n<meta property=\"og:image\" content=\"https:\/\/www.ivinio.com\/wp-content\/uploads\/2025\/04\/Vitviner-fran-Saint-Tropez-IVINIO.jpg\" \/>\n\t<meta property=\"og:image:width\" content=\"500\" \/>\n\t<meta property=\"og:image:height\" content=\"500\" \/>\n\t<meta property=\"og:image:type\" content=\"image\/jpeg\" \/>\n<meta name=\"twitter:card\" content=\"summary_large_image\" \/>\n<meta name=\"twitter:label1\" content=\"Ber\u00e4knad l\u00e4stid\" \/>\n\t<meta name=\"twitter:data1\" content=\"1 minut\" \/>\n<script type=\"application\/ld+json\" class=\"yoast-schema-graph\">{\"@context\":\"https:\\\/\\\/schema.org\",\"@graph\":[{\"@type\":\"WebPage\",\"@id\":\"https:\\\/\\\/www.ivinio.com\\\/sv\\\/produkt\\\/blandlada-provencalska-vitviner-fran-st-tropez\\\/\",\"url\":\"https:\\\/\\\/www.ivinio.com\\\/sv\\\/produkt\\\/blandlada-provencalska-vitviner-fran-st-tropez\\\/\",\"name\":\"Blandl\u00e5da proven\u00e7alska vitviner fr\u00e5n St-Tropez ! - IVINIO Vinbutik\",\"isPartOf\":{\"@id\":\"https:\\\/\\\/www.ivinio.com\\\/sv\\\/#website\"},\"primaryImageOfPage\":{\"@id\":\"https:\\\/\\\/www.ivinio.com\\\/sv\\\/produkt\\\/blandlada-provencalska-vitviner-fran-st-tropez\\\/#primaryimage\"},\"image\":{\"@id\":\"https:\\\/\\\/www.ivinio.com\\\/sv\\\/produkt\\\/blandlada-provencalska-vitviner-fran-st-tropez\\\/#primaryimage\"},\"thumbnailUrl\":\"https:\\\/\\\/www.ivinio.com\\\/wp-content\\\/uploads\\\/2025\\\/04\\\/Vitviner-fran-Saint-Tropez-IVINIO.jpg\",\"datePublished\":\"2025-04-26T16:53:04+00:00\",\"dateModified\":\"2025-04-30T16:46:11+00:00\",\"description\":\"Blandl\u00e5da proven\u00e7alska vitviner fr\u00e5n St-Tropez ! Denna blandade vinl\u00e5da inneh\u00e5ller 2 flaskor av 3 olika vitviner ur vinm\u00e4starna i Saint Tropez's sortiment.\",\"breadcrumb\":{\"@id\":\"https:\\\/\\\/www.ivinio.com\\\/sv\\\/produkt\\\/blandlada-provencalska-vitviner-fran-st-tropez\\\/#breadcrumb\"},\"inLanguage\":\"sv-SE\",\"potentialAction\":[{\"@type\":\"ReadAction\",\"target\":[\"https:\\\/\\\/www.ivinio.com\\\/sv\\\/produkt\\\/blandlada-provencalska-vitviner-fran-st-tropez\\\/\"]}]},{\"@type\":\"ImageObject\",\"inLanguage\":\"sv-SE\",\"@id\":\"https:\\\/\\\/www.ivinio.com\\\/sv\\\/produkt\\\/blandlada-provencalska-vitviner-fran-st-tropez\\\/#primaryimage\",\"url\":\"https:\\\/\\\/www.ivinio.com\\\/wp-content\\\/uploads\\\/2025\\\/04\\\/Vitviner-fran-Saint-Tropez-IVINIO.jpg\",\"contentUrl\":\"https:\\\/\\\/www.ivinio.com\\\/wp-content\\\/uploads\\\/2025\\\/04\\\/Vitviner-fran-Saint-Tropez-IVINIO.jpg\",\"width\":500,\"height\":500},{\"@type\":\"BreadcrumbList\",\"@id\":\"https:\\\/\\\/www.ivinio.com\\\/sv\\\/produkt\\\/blandlada-provencalska-vitviner-fran-st-tropez\\\/#breadcrumb\",\"itemListElement\":[{\"@type\":\"ListItem\",\"position\":1,\"name\":\"Hem\",\"item\":\"https:\\\/\\\/www.ivinio.com\\\/sv\\\/\"},{\"@type\":\"ListItem\",\"position\":2,\"name\":\"Vinbutik\",\"item\":\"https:\\\/\\\/www.ivinio.com\\\/sv\\\/vinbutik\\\/\"},{\"@type\":\"ListItem\",\"position\":3,\"name\":\"Blandl\u00e5da proven\u00e7alska vitviner fr\u00e5n St-Tropez !\"}]},{\"@type\":\"WebSite\",\"@id\":\"https:\\\/\\\/www.ivinio.com\\\/sv\\\/#website\",\"url\":\"https:\\\/\\\/www.ivinio.com\\\/sv\\\/\",\"name\":\"IVINIO Vinbutik\",\"description\":\"Vin fr\u00e5n Frankrike och Italien med leverans hem till din d\u00f6rr\",\"publisher\":{\"@id\":\"https:\\\/\\\/www.ivinio.com\\\/sv\\\/#organization\"},\"potentialAction\":[{\"@type\":\"SearchAction\",\"target\":{\"@type\":\"EntryPoint\",\"urlTemplate\":\"https:\\\/\\\/www.ivinio.com\\\/sv\\\/?s={search_term_string}\"},\"query-input\":{\"@type\":\"PropertyValueSpecification\",\"valueRequired\":true,\"valueName\":\"search_term_string\"}}],\"inLanguage\":\"sv-SE\"},{\"@type\":\"Organization\",\"@id\":\"https:\\\/\\\/www.ivinio.com\\\/sv\\\/#organization\",\"name\":\"IVINIO\",\"url\":\"https:\\\/\\\/www.ivinio.com\\\/sv\\\/\",\"logo\":{\"@type\":\"ImageObject\",\"inLanguage\":\"sv-SE\",\"@id\":\"https:\\\/\\\/www.ivinio.com\\\/sv\\\/#\\\/schema\\\/logo\\\/image\\\/\",\"url\":\"https:\\\/\\\/www.ivinio.com\\\/wp-content\\\/uploads\\\/2021\\\/01\\\/Logo-Ivinio-v2.jpg\",\"contentUrl\":\"https:\\\/\\\/www.ivinio.com\\\/wp-content\\\/uploads\\\/2021\\\/01\\\/Logo-Ivinio-v2.jpg\",\"width\":1194,\"height\":1194,\"caption\":\"IVINIO\"},\"image\":{\"@id\":\"https:\\\/\\\/www.ivinio.com\\\/sv\\\/#\\\/schema\\\/logo\\\/image\\\/\"},\"sameAs\":[\"https:\\\/\\\/www.facebook.com\\\/groups\\\/165217837022391\\\/?ref=bookmarks\",\"https:\\\/\\\/www.instagram.com\\\/_ivinio_\\\/?hl=fr\"]}]}<\/script>\n<!-- \/ Yoast SEO plugin. -->","yoast_head_json":{"title":"Blandl\u00e5da proven\u00e7alska vitviner fr\u00e5n St-Tropez ! - IVINIO Vinbutik","description":"Blandl\u00e5da proven\u00e7alska vitviner fr\u00e5n St-Tropez ! Denna blandade vinl\u00e5da inneh\u00e5ller 2 flaskor av 3 olika vitviner ur vinm\u00e4starna i Saint Tropez's sortiment.","robots":{"index":"index","follow":"follow","max-snippet":"max-snippet:-1","max-image-preview":"max-image-preview:large","max-video-preview":"max-video-preview:-1"},"canonical":"https:\/\/www.ivinio.com\/sv\/produkt\/blandlada-provencalska-vitviner-fran-st-tropez\/","og_locale":"sv_SE","og_type":"article","og_title":"Blandl\u00e5da proven\u00e7alska vitviner fr\u00e5n St-Tropez ! - IVINIO Vinbutik","og_description":"Blandl\u00e5da proven\u00e7alska vitviner fr\u00e5n St-Tropez ! Denna blandade vinl\u00e5da inneh\u00e5ller 2 flaskor av 3 olika vitviner ur vinm\u00e4starna i Saint Tropez's sortiment.","og_url":"https:\/\/www.ivinio.com\/sv\/produkt\/blandlada-provencalska-vitviner-fran-st-tropez\/","og_site_name":"IVINIO Vinbutik","article_publisher":"https:\/\/www.facebook.com\/groups\/165217837022391\/?ref=bookmarks","article_modified_time":"2025-04-30T16:46:11+00:00","og_image":[{"width":500,"height":500,"url":"https:\/\/www.ivinio.com\/wp-content\/uploads\/2025\/04\/Vitviner-fran-Saint-Tropez-IVINIO.jpg","type":"image\/jpeg"}],"twitter_card":"summary_large_image","twitter_misc":{"Ber\u00e4knad l\u00e4stid":"1 minut"},"schema":{"@context":"https:\/\/schema.org","@graph":[{"@type":"WebPage","@id":"https:\/\/www.ivinio.com\/sv\/produkt\/blandlada-provencalska-vitviner-fran-st-tropez\/","url":"https:\/\/www.ivinio.com\/sv\/produkt\/blandlada-provencalska-vitviner-fran-st-tropez\/","name":"Blandl\u00e5da proven\u00e7alska vitviner fr\u00e5n St-Tropez ! - IVINIO Vinbutik","isPartOf":{"@id":"https:\/\/www.ivinio.com\/sv\/#website"},"primaryImageOfPage":{"@id":"https:\/\/www.ivinio.com\/sv\/produkt\/blandlada-provencalska-vitviner-fran-st-tropez\/#primaryimage"},"image":{"@id":"https:\/\/www.ivinio.com\/sv\/produkt\/blandlada-provencalska-vitviner-fran-st-tropez\/#primaryimage"},"thumbnailUrl":"https:\/\/www.ivinio.com\/wp-content\/uploads\/2025\/04\/Vitviner-fran-Saint-Tropez-IVINIO.jpg","datePublished":"2025-04-26T16:53:04+00:00","dateModified":"2025-04-30T16:46:11+00:00","description":"Blandl\u00e5da proven\u00e7alska vitviner fr\u00e5n St-Tropez ! Denna blandade vinl\u00e5da inneh\u00e5ller 2 flaskor av 3 olika vitviner ur vinm\u00e4starna i Saint Tropez's sortiment.","breadcrumb":{"@id":"https:\/\/www.ivinio.com\/sv\/produkt\/blandlada-provencalska-vitviner-fran-st-tropez\/#breadcrumb"},"inLanguage":"sv-SE","potentialAction":[{"@type":"ReadAction","target":["https:\/\/www.ivinio.com\/sv\/produkt\/blandlada-provencalska-vitviner-fran-st-tropez\/"]}]},{"@type":"ImageObject","inLanguage":"sv-SE","@id":"https:\/\/www.ivinio.com\/sv\/produkt\/blandlada-provencalska-vitviner-fran-st-tropez\/#primaryimage","url":"https:\/\/www.ivinio.com\/wp-content\/uploads\/2025\/04\/Vitviner-fran-Saint-Tropez-IVINIO.jpg","contentUrl":"https:\/\/www.ivinio.com\/wp-content\/uploads\/2025\/04\/Vitviner-fran-Saint-Tropez-IVINIO.jpg","width":500,"height":500},{"@type":"BreadcrumbList","@id":"https:\/\/www.ivinio.com\/sv\/produkt\/blandlada-provencalska-vitviner-fran-st-tropez\/#breadcrumb","itemListElement":[{"@type":"ListItem","position":1,"name":"Hem","item":"https:\/\/www.ivinio.com\/sv\/"},{"@type":"ListItem","position":2,"name":"Vinbutik","item":"https:\/\/www.ivinio.com\/sv\/vinbutik\/"},{"@type":"ListItem","position":3,"name":"Blandl\u00e5da proven\u00e7alska vitviner fr\u00e5n St-Tropez !"}]},{"@type":"WebSite","@id":"https:\/\/www.ivinio.com\/sv\/#website","url":"https:\/\/www.ivinio.com\/sv\/","name":"IVINIO Vinbutik","description":"Vin fr\u00e5n Frankrike och Italien med leverans hem till din d\u00f6rr","publisher":{"@id":"https:\/\/www.ivinio.com\/sv\/#organization"},"potentialAction":[{"@type":"SearchAction","target":{"@type":"EntryPoint","urlTemplate":"https:\/\/www.ivinio.com\/sv\/?s={search_term_string}"},"query-input":{"@type":"PropertyValueSpecification","valueRequired":true,"valueName":"search_term_string"}}],"inLanguage":"sv-SE"},{"@type":"Organization","@id":"https:\/\/www.ivinio.com\/sv\/#organization","name":"IVINIO","url":"https:\/\/www.ivinio.com\/sv\/","logo":{"@type":"ImageObject","inLanguage":"sv-SE","@id":"https:\/\/www.ivinio.com\/sv\/#\/schema\/logo\/image\/","url":"https:\/\/www.ivinio.com\/wp-content\/uploads\/2021\/01\/Logo-Ivinio-v2.jpg","contentUrl":"https:\/\/www.ivinio.com\/wp-content\/uploads\/2021\/01\/Logo-Ivinio-v2.jpg","width":1194,"height":1194,"caption":"IVINIO"},"image":{"@id":"https:\/\/www.ivinio.com\/sv\/#\/schema\/logo\/image\/"},"sameAs":["https:\/\/www.facebook.com\/groups\/165217837022391\/?ref=bookmarks","https:\/\/www.instagram.com\/_ivinio_\/?hl=fr"]}]}},"jetpack_sharing_enabled":true,"_links":{"self":[{"href":"https:\/\/www.ivinio.com\/sv\/wp-json\/wp\/v2\/product\/137454","targetHints":{"allow":["GET"]}}],"collection":[{"href":"https:\/\/www.ivinio.com\/sv\/wp-json\/wp\/v2\/product"}],"about":[{"href":"https:\/\/www.ivinio.com\/sv\/wp-json\/wp\/v2\/types\/product"}],"replies":[{"embeddable":true,"href":"https:\/\/www.ivinio.com\/sv\/wp-json\/wp\/v2\/comments?post=137454"}],"wp:featuredmedia":[{"embeddable":true,"href":"https:\/\/www.ivinio.com\/sv\/wp-json\/wp\/v2\/media\/137455"}],"wp:attachment":[{"href":"https:\/\/www.ivinio.com\/sv\/wp-json\/wp\/v2\/media?parent=137454"}],"wp:term":[{"taxonomy":"product_brand","embeddable":true,"href":"https:\/\/www.ivinio.com\/sv\/wp-json\/wp\/v2\/product_brand?post=137454"},{"taxonomy":"product_cat","embeddable":true,"href":"https:\/\/www.ivinio.com\/sv\/wp-json\/wp\/v2\/product_cat?post=137454"},{"taxonomy":"product_tag","embeddable":true,"href":"https:\/\/www.ivinio.com\/sv\/wp-json\/wp\/v2\/product_tag?post=137454"}],"curies":[{"name":"wp","href":"https:\/\/api.w.org\/{rel}","templated":true}]}}