{"id":137429,"date":"2025-04-25T19:58:58","date_gmt":"2025-04-25T17:58:58","guid":{"rendered":"https:\/\/www.ivinio.com\/?post_type=product&#038;p=137429"},"modified":"2026-03-17T18:10:24","modified_gmt":"2026-03-17T17:10:24","slug":"maitres-vignerons-de-la-presquile-de-saint-tropez-rose-et-clair","status":"publish","type":"product","link":"https:\/\/www.ivinio.com\/sv\/produkt\/maitres-vignerons-de-la-presquile-de-saint-tropez-rose-et-clair\/","title":{"rendered":"Ma\u00eetres vignerons de la presqu&#8217;\u00eele de Saint-Tropez &#8211; Rose &#038; clair &#8211; Ros\u00e9"},"content":{"rendered":"<p>Ma\u00eetres vignerons de la presqu&#8217;\u00eele de Saint-Tropez &#8211; Rose &amp; clair &#8211; Ros\u00e9vin framst\u00e4lls av Grenache, Cinsault och Rolle som odlats runt Saint-Tropez-halv\u00f6n. Klassisk vinifiering med lagring p\u00e5 st\u00e5ltank.<\/p>\n","protected":false},"excerpt":{"rendered":"<p>Ljust ros\u00e9vin med l\u00e4ckra aromer av sm\u00e5 r\u00f6da b\u00e4r.<\/p>\n","protected":false},"featured_media":137430,"comment_status":"open","ping_status":"closed","template":"","meta":{"_monsterinsights_skip_tracking":false,"_monsterinsights_sitenote_active":false,"_monsterinsights_sitenote_note":"","_monsterinsights_sitenote_category":0,"_uf_show_specific_survey":0,"_uf_disable_surveys":false},"product_brand":[],"product_cat":[36588,36624],"product_tag":[],"class_list":{"0":"post-137429","1":"product","2":"type-product","3":"status-publish","4":"has-post-thumbnail","6":"product_cat-franska-viner","7":"product_cat-sv-provence","8":"pa_alcohol-degree-12-5-sv","9":"pa_classification-igp-vin-de-pays-de-mediterranee-sv","10":"pa_color-rose-sv","11":"pa_country-frankrike-sv","12":"pa_grape-variety-cinsault-sv","13":"pa_grape-variety-grenache-sv","14":"pa_grape-variety-rolle-sv","15":"pa_region-provence-sv","16":"pa_storage-potential-ett-par-ar-sv","17":"pa_vintage-41365","18":"pa_volume-75-cl-sv","20":"first","21":"outofstock","22":"sale","23":"taxable","24":"shipping-taxable","25":"purchasable","26":"product-type-simple"},"bundled_by":["137450","137454"],"bundle_stock_status":"outofstock","bundle_stock_quantity":null,"bundle_virtual":false,"bundle_layout":"","bundle_add_to_cart_form_location":"","bundle_editable_in_cart":false,"bundle_sold_individually_context":"","bundle_item_grouping":"","bundle_min_size":"","bundle_max_size":"","bundle_price":[],"bundled_items":[],"bundle_sell_ids":[],"yoast_head":"<!-- This site is optimized with the Yoast SEO plugin v27.4 - https:\/\/yoast.com\/product\/yoast-seo-wordpress\/ -->\n<title>Ma\u00eetres vignerons de la presqu&#039;\u00eele de Saint-Tropez - Rose &amp; clair - Ros\u00e9vin - IVINIO Vinbutik<\/title>\n<meta name=\"description\" content=\"Ma\u00eetres vignerons de la presqu&#039;\u00eele de Saint-Tropez - Rose &amp; clair - Ros\u00e9vin har en ljus rosa f\u00e4rg. L\u00e4ckra aromer av sm\u00e5 r\u00f6da b\u00e4r.\" \/>\n<meta name=\"robots\" content=\"index, follow, max-snippet:-1, max-image-preview:large, max-video-preview:-1\" \/>\n<link rel=\"canonical\" href=\"https:\/\/www.ivinio.com\/sv\/produkt\/maitres-vignerons-de-la-presquile-de-saint-tropez-rose-et-clair\/\" \/>\n<meta property=\"og:locale\" content=\"sv_SE\" \/>\n<meta property=\"og:type\" content=\"article\" \/>\n<meta property=\"og:title\" content=\"Ma\u00eetres vignerons de la presqu&#039;\u00eele de Saint-Tropez - Rose &amp; clair - Ros\u00e9vin - IVINIO Vinbutik\" \/>\n<meta property=\"og:description\" content=\"Ma\u00eetres vignerons de la presqu&#039;\u00eele de Saint-Tropez - Rose &amp; clair - Ros\u00e9vin har en ljus rosa f\u00e4rg. L\u00e4ckra aromer av sm\u00e5 r\u00f6da b\u00e4r.\" \/>\n<meta property=\"og:url\" content=\"https:\/\/www.ivinio.com\/sv\/produkt\/maitres-vignerons-de-la-presquile-de-saint-tropez-rose-et-clair\/\" \/>\n<meta property=\"og:site_name\" content=\"IVINIO Vinbutik\" \/>\n<meta property=\"article:publisher\" content=\"https:\/\/www.facebook.com\/groups\/165217837022391\/?ref=bookmarks\" \/>\n<meta property=\"article:modified_time\" content=\"2026-03-17T17:10:24+00:00\" \/>\n<meta property=\"og:image\" content=\"https:\/\/www.ivinio.com\/wp-content\/uploads\/2025\/04\/Maitres-vignerons-de-la-presquile-de-saint-tropez-rose-et-clair-IVINIO.jpg\" \/>\n\t<meta property=\"og:image:width\" content=\"500\" \/>\n\t<meta property=\"og:image:height\" content=\"500\" \/>\n\t<meta property=\"og:image:type\" content=\"image\/jpeg\" \/>\n<meta name=\"twitter:card\" content=\"summary_large_image\" \/>\n<meta name=\"twitter:label1\" content=\"Ber\u00e4knad l\u00e4stid\" \/>\n\t<meta name=\"twitter:data1\" content=\"1 minut\" \/>\n<script type=\"application\/ld+json\" class=\"yoast-schema-graph\">{\"@context\":\"https:\\\/\\\/schema.org\",\"@graph\":[{\"@type\":\"WebPage\",\"@id\":\"https:\\\/\\\/www.ivinio.com\\\/sv\\\/produkt\\\/maitres-vignerons-de-la-presquile-de-saint-tropez-rose-et-clair\\\/\",\"url\":\"https:\\\/\\\/www.ivinio.com\\\/sv\\\/produkt\\\/maitres-vignerons-de-la-presquile-de-saint-tropez-rose-et-clair\\\/\",\"name\":\"Ma\u00eetres vignerons de la presqu'\u00eele de Saint-Tropez - Rose & clair - Ros\u00e9vin - IVINIO Vinbutik\",\"isPartOf\":{\"@id\":\"https:\\\/\\\/www.ivinio.com\\\/sv\\\/#website\"},\"primaryImageOfPage\":{\"@id\":\"https:\\\/\\\/www.ivinio.com\\\/sv\\\/produkt\\\/maitres-vignerons-de-la-presquile-de-saint-tropez-rose-et-clair\\\/#primaryimage\"},\"image\":{\"@id\":\"https:\\\/\\\/www.ivinio.com\\\/sv\\\/produkt\\\/maitres-vignerons-de-la-presquile-de-saint-tropez-rose-et-clair\\\/#primaryimage\"},\"thumbnailUrl\":\"https:\\\/\\\/www.ivinio.com\\\/wp-content\\\/uploads\\\/2025\\\/04\\\/Maitres-vignerons-de-la-presquile-de-saint-tropez-rose-et-clair-IVINIO.jpg\",\"datePublished\":\"2025-04-25T17:58:58+00:00\",\"dateModified\":\"2026-03-17T17:10:24+00:00\",\"description\":\"Ma\u00eetres vignerons de la presqu'\u00eele de Saint-Tropez - Rose & clair - Ros\u00e9vin har en ljus rosa f\u00e4rg. L\u00e4ckra aromer av sm\u00e5 r\u00f6da b\u00e4r.\",\"breadcrumb\":{\"@id\":\"https:\\\/\\\/www.ivinio.com\\\/sv\\\/produkt\\\/maitres-vignerons-de-la-presquile-de-saint-tropez-rose-et-clair\\\/#breadcrumb\"},\"inLanguage\":\"sv-SE\",\"potentialAction\":[{\"@type\":\"ReadAction\",\"target\":[\"https:\\\/\\\/www.ivinio.com\\\/sv\\\/produkt\\\/maitres-vignerons-de-la-presquile-de-saint-tropez-rose-et-clair\\\/\"]}]},{\"@type\":\"ImageObject\",\"inLanguage\":\"sv-SE\",\"@id\":\"https:\\\/\\\/www.ivinio.com\\\/sv\\\/produkt\\\/maitres-vignerons-de-la-presquile-de-saint-tropez-rose-et-clair\\\/#primaryimage\",\"url\":\"https:\\\/\\\/www.ivinio.com\\\/wp-content\\\/uploads\\\/2025\\\/04\\\/Maitres-vignerons-de-la-presquile-de-saint-tropez-rose-et-clair-IVINIO.jpg\",\"contentUrl\":\"https:\\\/\\\/www.ivinio.com\\\/wp-content\\\/uploads\\\/2025\\\/04\\\/Maitres-vignerons-de-la-presquile-de-saint-tropez-rose-et-clair-IVINIO.jpg\",\"width\":500,\"height\":500},{\"@type\":\"BreadcrumbList\",\"@id\":\"https:\\\/\\\/www.ivinio.com\\\/sv\\\/produkt\\\/maitres-vignerons-de-la-presquile-de-saint-tropez-rose-et-clair\\\/#breadcrumb\",\"itemListElement\":[{\"@type\":\"ListItem\",\"position\":1,\"name\":\"Hem\",\"item\":\"https:\\\/\\\/www.ivinio.com\\\/sv\\\/\"},{\"@type\":\"ListItem\",\"position\":2,\"name\":\"Vinbutik\",\"item\":\"https:\\\/\\\/www.ivinio.com\\\/sv\\\/vinbutik\\\/\"},{\"@type\":\"ListItem\",\"position\":3,\"name\":\"Ma\u00eetres vignerons de la presqu&#8217;\u00eele de Saint-Tropez &#8211; Rose &#038; clair &#8211; Ros\u00e9\"}]},{\"@type\":\"WebSite\",\"@id\":\"https:\\\/\\\/www.ivinio.com\\\/sv\\\/#website\",\"url\":\"https:\\\/\\\/www.ivinio.com\\\/sv\\\/\",\"name\":\"IVINIO Vinbutik\",\"description\":\"Vin fr\u00e5n Frankrike och Italien med leverans hem till din d\u00f6rr\",\"publisher\":{\"@id\":\"https:\\\/\\\/www.ivinio.com\\\/sv\\\/#organization\"},\"potentialAction\":[{\"@type\":\"SearchAction\",\"target\":{\"@type\":\"EntryPoint\",\"urlTemplate\":\"https:\\\/\\\/www.ivinio.com\\\/sv\\\/?s={search_term_string}\"},\"query-input\":{\"@type\":\"PropertyValueSpecification\",\"valueRequired\":true,\"valueName\":\"search_term_string\"}}],\"inLanguage\":\"sv-SE\"},{\"@type\":\"Organization\",\"@id\":\"https:\\\/\\\/www.ivinio.com\\\/sv\\\/#organization\",\"name\":\"IVINIO\",\"url\":\"https:\\\/\\\/www.ivinio.com\\\/sv\\\/\",\"logo\":{\"@type\":\"ImageObject\",\"inLanguage\":\"sv-SE\",\"@id\":\"https:\\\/\\\/www.ivinio.com\\\/sv\\\/#\\\/schema\\\/logo\\\/image\\\/\",\"url\":\"https:\\\/\\\/www.ivinio.com\\\/wp-content\\\/uploads\\\/2021\\\/01\\\/Logo-Ivinio-v2.jpg\",\"contentUrl\":\"https:\\\/\\\/www.ivinio.com\\\/wp-content\\\/uploads\\\/2021\\\/01\\\/Logo-Ivinio-v2.jpg\",\"width\":1194,\"height\":1194,\"caption\":\"IVINIO\"},\"image\":{\"@id\":\"https:\\\/\\\/www.ivinio.com\\\/sv\\\/#\\\/schema\\\/logo\\\/image\\\/\"},\"sameAs\":[\"https:\\\/\\\/www.facebook.com\\\/groups\\\/165217837022391\\\/?ref=bookmarks\",\"https:\\\/\\\/www.instagram.com\\\/_ivinio_\\\/?hl=fr\"]}]}<\/script>\n<!-- \/ Yoast SEO plugin. -->","yoast_head_json":{"title":"Ma\u00eetres vignerons de la presqu'\u00eele de Saint-Tropez - Rose & clair - Ros\u00e9vin - IVINIO Vinbutik","description":"Ma\u00eetres vignerons de la presqu'\u00eele de Saint-Tropez - Rose & clair - Ros\u00e9vin har en ljus rosa f\u00e4rg. L\u00e4ckra aromer av sm\u00e5 r\u00f6da b\u00e4r.","robots":{"index":"index","follow":"follow","max-snippet":"max-snippet:-1","max-image-preview":"max-image-preview:large","max-video-preview":"max-video-preview:-1"},"canonical":"https:\/\/www.ivinio.com\/sv\/produkt\/maitres-vignerons-de-la-presquile-de-saint-tropez-rose-et-clair\/","og_locale":"sv_SE","og_type":"article","og_title":"Ma\u00eetres vignerons de la presqu'\u00eele de Saint-Tropez - Rose & clair - Ros\u00e9vin - IVINIO Vinbutik","og_description":"Ma\u00eetres vignerons de la presqu'\u00eele de Saint-Tropez - Rose & clair - Ros\u00e9vin har en ljus rosa f\u00e4rg. L\u00e4ckra aromer av sm\u00e5 r\u00f6da b\u00e4r.","og_url":"https:\/\/www.ivinio.com\/sv\/produkt\/maitres-vignerons-de-la-presquile-de-saint-tropez-rose-et-clair\/","og_site_name":"IVINIO Vinbutik","article_publisher":"https:\/\/www.facebook.com\/groups\/165217837022391\/?ref=bookmarks","article_modified_time":"2026-03-17T17:10:24+00:00","og_image":[{"width":500,"height":500,"url":"https:\/\/www.ivinio.com\/wp-content\/uploads\/2025\/04\/Maitres-vignerons-de-la-presquile-de-saint-tropez-rose-et-clair-IVINIO.jpg","type":"image\/jpeg"}],"twitter_card":"summary_large_image","twitter_misc":{"Ber\u00e4knad l\u00e4stid":"1 minut"},"schema":{"@context":"https:\/\/schema.org","@graph":[{"@type":"WebPage","@id":"https:\/\/www.ivinio.com\/sv\/produkt\/maitres-vignerons-de-la-presquile-de-saint-tropez-rose-et-clair\/","url":"https:\/\/www.ivinio.com\/sv\/produkt\/maitres-vignerons-de-la-presquile-de-saint-tropez-rose-et-clair\/","name":"Ma\u00eetres vignerons de la presqu'\u00eele de Saint-Tropez - Rose & clair - Ros\u00e9vin - IVINIO Vinbutik","isPartOf":{"@id":"https:\/\/www.ivinio.com\/sv\/#website"},"primaryImageOfPage":{"@id":"https:\/\/www.ivinio.com\/sv\/produkt\/maitres-vignerons-de-la-presquile-de-saint-tropez-rose-et-clair\/#primaryimage"},"image":{"@id":"https:\/\/www.ivinio.com\/sv\/produkt\/maitres-vignerons-de-la-presquile-de-saint-tropez-rose-et-clair\/#primaryimage"},"thumbnailUrl":"https:\/\/www.ivinio.com\/wp-content\/uploads\/2025\/04\/Maitres-vignerons-de-la-presquile-de-saint-tropez-rose-et-clair-IVINIO.jpg","datePublished":"2025-04-25T17:58:58+00:00","dateModified":"2026-03-17T17:10:24+00:00","description":"Ma\u00eetres vignerons de la presqu'\u00eele de Saint-Tropez - Rose & clair - Ros\u00e9vin har en ljus rosa f\u00e4rg. L\u00e4ckra aromer av sm\u00e5 r\u00f6da b\u00e4r.","breadcrumb":{"@id":"https:\/\/www.ivinio.com\/sv\/produkt\/maitres-vignerons-de-la-presquile-de-saint-tropez-rose-et-clair\/#breadcrumb"},"inLanguage":"sv-SE","potentialAction":[{"@type":"ReadAction","target":["https:\/\/www.ivinio.com\/sv\/produkt\/maitres-vignerons-de-la-presquile-de-saint-tropez-rose-et-clair\/"]}]},{"@type":"ImageObject","inLanguage":"sv-SE","@id":"https:\/\/www.ivinio.com\/sv\/produkt\/maitres-vignerons-de-la-presquile-de-saint-tropez-rose-et-clair\/#primaryimage","url":"https:\/\/www.ivinio.com\/wp-content\/uploads\/2025\/04\/Maitres-vignerons-de-la-presquile-de-saint-tropez-rose-et-clair-IVINIO.jpg","contentUrl":"https:\/\/www.ivinio.com\/wp-content\/uploads\/2025\/04\/Maitres-vignerons-de-la-presquile-de-saint-tropez-rose-et-clair-IVINIO.jpg","width":500,"height":500},{"@type":"BreadcrumbList","@id":"https:\/\/www.ivinio.com\/sv\/produkt\/maitres-vignerons-de-la-presquile-de-saint-tropez-rose-et-clair\/#breadcrumb","itemListElement":[{"@type":"ListItem","position":1,"name":"Hem","item":"https:\/\/www.ivinio.com\/sv\/"},{"@type":"ListItem","position":2,"name":"Vinbutik","item":"https:\/\/www.ivinio.com\/sv\/vinbutik\/"},{"@type":"ListItem","position":3,"name":"Ma\u00eetres vignerons de la presqu&#8217;\u00eele de Saint-Tropez &#8211; Rose &#038; clair &#8211; Ros\u00e9"}]},{"@type":"WebSite","@id":"https:\/\/www.ivinio.com\/sv\/#website","url":"https:\/\/www.ivinio.com\/sv\/","name":"IVINIO Vinbutik","description":"Vin fr\u00e5n Frankrike och Italien med leverans hem till din d\u00f6rr","publisher":{"@id":"https:\/\/www.ivinio.com\/sv\/#organization"},"potentialAction":[{"@type":"SearchAction","target":{"@type":"EntryPoint","urlTemplate":"https:\/\/www.ivinio.com\/sv\/?s={search_term_string}"},"query-input":{"@type":"PropertyValueSpecification","valueRequired":true,"valueName":"search_term_string"}}],"inLanguage":"sv-SE"},{"@type":"Organization","@id":"https:\/\/www.ivinio.com\/sv\/#organization","name":"IVINIO","url":"https:\/\/www.ivinio.com\/sv\/","logo":{"@type":"ImageObject","inLanguage":"sv-SE","@id":"https:\/\/www.ivinio.com\/sv\/#\/schema\/logo\/image\/","url":"https:\/\/www.ivinio.com\/wp-content\/uploads\/2021\/01\/Logo-Ivinio-v2.jpg","contentUrl":"https:\/\/www.ivinio.com\/wp-content\/uploads\/2021\/01\/Logo-Ivinio-v2.jpg","width":1194,"height":1194,"caption":"IVINIO"},"image":{"@id":"https:\/\/www.ivinio.com\/sv\/#\/schema\/logo\/image\/"},"sameAs":["https:\/\/www.facebook.com\/groups\/165217837022391\/?ref=bookmarks","https:\/\/www.instagram.com\/_ivinio_\/?hl=fr"]}]}},"jetpack_sharing_enabled":true,"_links":{"self":[{"href":"https:\/\/www.ivinio.com\/sv\/wp-json\/wp\/v2\/product\/137429","targetHints":{"allow":["GET"]}}],"collection":[{"href":"https:\/\/www.ivinio.com\/sv\/wp-json\/wp\/v2\/product"}],"about":[{"href":"https:\/\/www.ivinio.com\/sv\/wp-json\/wp\/v2\/types\/product"}],"replies":[{"embeddable":true,"href":"https:\/\/www.ivinio.com\/sv\/wp-json\/wp\/v2\/comments?post=137429"}],"wp:featuredmedia":[{"embeddable":true,"href":"https:\/\/www.ivinio.com\/sv\/wp-json\/wp\/v2\/media\/137430"}],"wp:attachment":[{"href":"https:\/\/www.ivinio.com\/sv\/wp-json\/wp\/v2\/media?parent=137429"}],"wp:term":[{"taxonomy":"product_brand","embeddable":true,"href":"https:\/\/www.ivinio.com\/sv\/wp-json\/wp\/v2\/product_brand?post=137429"},{"taxonomy":"product_cat","embeddable":true,"href":"https:\/\/www.ivinio.com\/sv\/wp-json\/wp\/v2\/product_cat?post=137429"},{"taxonomy":"product_tag","embeddable":true,"href":"https:\/\/www.ivinio.com\/sv\/wp-json\/wp\/v2\/product_tag?post=137429"}],"curies":[{"name":"wp","href":"https:\/\/api.w.org\/{rel}","templated":true}]}}