{"id":137408,"date":"2025-04-25T17:58:49","date_gmt":"2025-04-25T15:58:49","guid":{"rendered":"https:\/\/www.ivinio.com\/?post_type=product&#038;p=137408"},"modified":"2025-04-25T19:06:30","modified_gmt":"2025-04-25T17:06:30","slug":"maitres-vignerons-de-la-presquile-de-saint-tropez-gold-vit","status":"publish","type":"product","link":"https:\/\/www.ivinio.com\/sv\/produkt\/maitres-vignerons-de-la-presquile-de-saint-tropez-gold-vit\/","title":{"rendered":"Ma\u00eetres vignerons de la presqu&#8217;\u00eele de Saint-Tropez &#8211; Gold &#8211; Vit"},"content":{"rendered":"<p>Ma\u00eetres vignerons de la presqu&#8217;\u00eele de Saint-Tropez &#8211; Gold &#8211; Vitvin framst\u00e4lls av Rolle, Clairette och Ugni Blanc. Druvorna har valts ut fr\u00e5n de b\u00e4sta odlingarna inom den &#8220;Gyllene triangeln&#8221; som \u00e4r en exceptionell terroir i C\u00f4tes de Provence-appellationen, bel\u00e4get mellan Cuers, Pierrefeu och Puget-Ville, vid foten av Maures-massivet. Druvorna sk\u00f6rdas tidigt p\u00e5 morgonen f\u00f6r att dra nytta av b\u00e4rens f\u00e4rskhet, sedan avstj\u00e4lkas och kyls de ner till 8\u00b0C. De pressas direkt med l\u00e4tt press f\u00f6r att enbart utvinna den b\u00e4sta musten.<\/p>\n","protected":false},"excerpt":{"rendered":"<p>Ett torrt, men aromatiskt vitvin med inslag av citrusfrukter, akaciablommor, citronverbena och vitk\u00f6ttiga frukter.<\/p>\n","protected":false},"featured_media":137417,"comment_status":"open","ping_status":"closed","template":"","meta":{"_monsterinsights_skip_tracking":false,"_monsterinsights_sitenote_active":false,"_monsterinsights_sitenote_note":"","_monsterinsights_sitenote_category":0,"_uf_show_specific_survey":0,"_uf_disable_surveys":false},"product_brand":[],"product_cat":[36587,36623],"product_tag":[],"class_list":{"0":"post-137408","1":"product","2":"type-product","3":"status-publish","4":"has-post-thumbnail","6":"product_cat-french-wines","7":"product_cat-en-provence","8":"pa_alcohol-degree-13-en","9":"pa_classification-aop-cotes-de-provence-en","10":"pa_color-white-en","11":"pa_country-france-en","12":"pa_grape-variety-clairette-en","13":"pa_grape-variety-rolle-en","14":"pa_grape-variety-ugni-blanc-en","15":"pa_region-provence-en","16":"pa_storage-potential-a-couple-of-years","17":"pa_vintage-2023-en","18":"pa_volume-75-cl-en","20":"first","21":"instock","22":"sale","23":"taxable","24":"shipping-taxable","25":"purchasable","26":"product-type-simple"},"bundled_by":[],"bundle_stock_status":"instock","bundle_stock_quantity":null,"bundle_virtual":false,"bundle_layout":"","bundle_add_to_cart_form_location":"","bundle_editable_in_cart":false,"bundle_sold_individually_context":"","bundle_item_grouping":"","bundle_min_size":"","bundle_max_size":"","bundle_price":[],"bundled_items":[],"bundle_sell_ids":[],"yoast_head":"<!-- This site is optimized with the Yoast SEO plugin v27.5 - https:\/\/yoast.com\/product\/yoast-seo-wordpress\/ -->\n<title>Ma\u00eetres vignerons de la presqu&#039;\u00eele de Saint-Tropez - Gold - Vit - IVINIO Vinbutik<\/title>\n<meta name=\"description\" content=\"Ma\u00eetres vignerons de la presqu&#039;\u00eele de Saint-Tropez - Gold - Vitvin har aromatiska inslag av citrusfrukter. Smaken \u00e4r rund och fyllig, men med god fr\u00e4sch\u00f6r.\" \/>\n<meta name=\"robots\" content=\"index, follow, max-snippet:-1, max-image-preview:large, max-video-preview:-1\" \/>\n<link rel=\"canonical\" href=\"https:\/\/www.ivinio.com\/sv\/produkt\/maitres-vignerons-de-la-presquile-de-saint-tropez-gold-vit\/\" \/>\n<meta property=\"og:locale\" content=\"sv_SE\" \/>\n<meta property=\"og:type\" content=\"article\" \/>\n<meta property=\"og:title\" content=\"Ma\u00eetres vignerons de la presqu&#039;\u00eele de Saint-Tropez - Gold - Vit - IVINIO Vinbutik\" \/>\n<meta property=\"og:description\" content=\"Ma\u00eetres vignerons de la presqu&#039;\u00eele de Saint-Tropez - Gold - Vitvin har aromatiska inslag av citrusfrukter. Smaken \u00e4r rund och fyllig, men med god fr\u00e4sch\u00f6r.\" \/>\n<meta property=\"og:url\" content=\"https:\/\/www.ivinio.com\/sv\/produkt\/maitres-vignerons-de-la-presquile-de-saint-tropez-gold-vit\/\" \/>\n<meta property=\"og:site_name\" content=\"IVINIO Vinbutik\" \/>\n<meta property=\"article:publisher\" content=\"https:\/\/www.facebook.com\/groups\/165217837022391\/?ref=bookmarks\" \/>\n<meta property=\"article:modified_time\" content=\"2025-04-25T17:06:30+00:00\" \/>\n<meta property=\"og:image\" content=\"https:\/\/www.ivinio.com\/wp-content\/uploads\/2025\/04\/Maitres-vignerons-de-la-presquile-de-saint-tropez-Gold-IVINIO.jpg\" \/>\n\t<meta property=\"og:image:width\" content=\"500\" \/>\n\t<meta property=\"og:image:height\" content=\"500\" \/>\n\t<meta property=\"og:image:type\" content=\"image\/jpeg\" \/>\n<meta name=\"twitter:card\" content=\"summary_large_image\" \/>\n<meta name=\"twitter:label1\" content=\"Ber\u00e4knad l\u00e4stid\" \/>\n\t<meta name=\"twitter:data1\" content=\"1 minut\" \/>\n<script type=\"application\/ld+json\" class=\"yoast-schema-graph\">{\"@context\":\"https:\\\/\\\/schema.org\",\"@graph\":[{\"@type\":\"WebPage\",\"@id\":\"https:\\\/\\\/www.ivinio.com\\\/sv\\\/produkt\\\/maitres-vignerons-de-la-presquile-de-saint-tropez-gold-vit\\\/\",\"url\":\"https:\\\/\\\/www.ivinio.com\\\/sv\\\/produkt\\\/maitres-vignerons-de-la-presquile-de-saint-tropez-gold-vit\\\/\",\"name\":\"Ma\u00eetres vignerons de la presqu'\u00eele de Saint-Tropez - Gold - Vit - IVINIO Vinbutik\",\"isPartOf\":{\"@id\":\"https:\\\/\\\/www.ivinio.com\\\/sv\\\/#website\"},\"primaryImageOfPage\":{\"@id\":\"https:\\\/\\\/www.ivinio.com\\\/sv\\\/produkt\\\/maitres-vignerons-de-la-presquile-de-saint-tropez-gold-vit\\\/#primaryimage\"},\"image\":{\"@id\":\"https:\\\/\\\/www.ivinio.com\\\/sv\\\/produkt\\\/maitres-vignerons-de-la-presquile-de-saint-tropez-gold-vit\\\/#primaryimage\"},\"thumbnailUrl\":\"https:\\\/\\\/www.ivinio.com\\\/wp-content\\\/uploads\\\/2025\\\/04\\\/Maitres-vignerons-de-la-presquile-de-saint-tropez-Gold-IVINIO.jpg\",\"datePublished\":\"2025-04-25T15:58:49+00:00\",\"dateModified\":\"2025-04-25T17:06:30+00:00\",\"description\":\"Ma\u00eetres vignerons de la presqu'\u00eele de Saint-Tropez - Gold - Vitvin har aromatiska inslag av citrusfrukter. Smaken \u00e4r rund och fyllig, men med god fr\u00e4sch\u00f6r.\",\"breadcrumb\":{\"@id\":\"https:\\\/\\\/www.ivinio.com\\\/sv\\\/produkt\\\/maitres-vignerons-de-la-presquile-de-saint-tropez-gold-vit\\\/#breadcrumb\"},\"inLanguage\":\"sv-SE\",\"potentialAction\":[{\"@type\":\"ReadAction\",\"target\":[\"https:\\\/\\\/www.ivinio.com\\\/sv\\\/produkt\\\/maitres-vignerons-de-la-presquile-de-saint-tropez-gold-vit\\\/\"]}]},{\"@type\":\"ImageObject\",\"inLanguage\":\"sv-SE\",\"@id\":\"https:\\\/\\\/www.ivinio.com\\\/sv\\\/produkt\\\/maitres-vignerons-de-la-presquile-de-saint-tropez-gold-vit\\\/#primaryimage\",\"url\":\"https:\\\/\\\/www.ivinio.com\\\/wp-content\\\/uploads\\\/2025\\\/04\\\/Maitres-vignerons-de-la-presquile-de-saint-tropez-Gold-IVINIO.jpg\",\"contentUrl\":\"https:\\\/\\\/www.ivinio.com\\\/wp-content\\\/uploads\\\/2025\\\/04\\\/Maitres-vignerons-de-la-presquile-de-saint-tropez-Gold-IVINIO.jpg\",\"width\":500,\"height\":500},{\"@type\":\"BreadcrumbList\",\"@id\":\"https:\\\/\\\/www.ivinio.com\\\/sv\\\/produkt\\\/maitres-vignerons-de-la-presquile-de-saint-tropez-gold-vit\\\/#breadcrumb\",\"itemListElement\":[{\"@type\":\"ListItem\",\"position\":1,\"name\":\"Hem\",\"item\":\"https:\\\/\\\/www.ivinio.com\\\/sv\\\/\"},{\"@type\":\"ListItem\",\"position\":2,\"name\":\"Vinbutik\",\"item\":\"https:\\\/\\\/www.ivinio.com\\\/sv\\\/vinbutik\\\/\"},{\"@type\":\"ListItem\",\"position\":3,\"name\":\"Ma\u00eetres vignerons de la presqu&#8217;\u00eele de Saint-Tropez &#8211; Gold &#8211; Vit\"}]},{\"@type\":\"WebSite\",\"@id\":\"https:\\\/\\\/www.ivinio.com\\\/sv\\\/#website\",\"url\":\"https:\\\/\\\/www.ivinio.com\\\/sv\\\/\",\"name\":\"IVINIO Vinbutik\",\"description\":\"Vin fr\u00e5n Frankrike och Italien med leverans hem till din d\u00f6rr\",\"publisher\":{\"@id\":\"https:\\\/\\\/www.ivinio.com\\\/sv\\\/#organization\"},\"potentialAction\":[{\"@type\":\"SearchAction\",\"target\":{\"@type\":\"EntryPoint\",\"urlTemplate\":\"https:\\\/\\\/www.ivinio.com\\\/sv\\\/?s={search_term_string}\"},\"query-input\":{\"@type\":\"PropertyValueSpecification\",\"valueRequired\":true,\"valueName\":\"search_term_string\"}}],\"inLanguage\":\"sv-SE\"},{\"@type\":\"Organization\",\"@id\":\"https:\\\/\\\/www.ivinio.com\\\/sv\\\/#organization\",\"name\":\"IVINIO\",\"url\":\"https:\\\/\\\/www.ivinio.com\\\/sv\\\/\",\"logo\":{\"@type\":\"ImageObject\",\"inLanguage\":\"sv-SE\",\"@id\":\"https:\\\/\\\/www.ivinio.com\\\/sv\\\/#\\\/schema\\\/logo\\\/image\\\/\",\"url\":\"https:\\\/\\\/www.ivinio.com\\\/wp-content\\\/uploads\\\/2021\\\/01\\\/Logo-Ivinio-v2.jpg\",\"contentUrl\":\"https:\\\/\\\/www.ivinio.com\\\/wp-content\\\/uploads\\\/2021\\\/01\\\/Logo-Ivinio-v2.jpg\",\"width\":1194,\"height\":1194,\"caption\":\"IVINIO\"},\"image\":{\"@id\":\"https:\\\/\\\/www.ivinio.com\\\/sv\\\/#\\\/schema\\\/logo\\\/image\\\/\"},\"sameAs\":[\"https:\\\/\\\/www.facebook.com\\\/groups\\\/165217837022391\\\/?ref=bookmarks\",\"https:\\\/\\\/www.instagram.com\\\/_ivinio_\\\/?hl=fr\"]}]}<\/script>\n<!-- \/ Yoast SEO plugin. -->","yoast_head_json":{"title":"Ma\u00eetres vignerons de la presqu'\u00eele de Saint-Tropez - Gold - Vit - IVINIO Vinbutik","description":"Ma\u00eetres vignerons de la presqu'\u00eele de Saint-Tropez - Gold - Vitvin har aromatiska inslag av citrusfrukter. Smaken \u00e4r rund och fyllig, men med god fr\u00e4sch\u00f6r.","robots":{"index":"index","follow":"follow","max-snippet":"max-snippet:-1","max-image-preview":"max-image-preview:large","max-video-preview":"max-video-preview:-1"},"canonical":"https:\/\/www.ivinio.com\/sv\/produkt\/maitres-vignerons-de-la-presquile-de-saint-tropez-gold-vit\/","og_locale":"sv_SE","og_type":"article","og_title":"Ma\u00eetres vignerons de la presqu'\u00eele de Saint-Tropez - Gold - Vit - IVINIO Vinbutik","og_description":"Ma\u00eetres vignerons de la presqu'\u00eele de Saint-Tropez - Gold - Vitvin har aromatiska inslag av citrusfrukter. Smaken \u00e4r rund och fyllig, men med god fr\u00e4sch\u00f6r.","og_url":"https:\/\/www.ivinio.com\/sv\/produkt\/maitres-vignerons-de-la-presquile-de-saint-tropez-gold-vit\/","og_site_name":"IVINIO Vinbutik","article_publisher":"https:\/\/www.facebook.com\/groups\/165217837022391\/?ref=bookmarks","article_modified_time":"2025-04-25T17:06:30+00:00","og_image":[{"width":500,"height":500,"url":"https:\/\/www.ivinio.com\/wp-content\/uploads\/2025\/04\/Maitres-vignerons-de-la-presquile-de-saint-tropez-Gold-IVINIO.jpg","type":"image\/jpeg"}],"twitter_card":"summary_large_image","twitter_misc":{"Ber\u00e4knad l\u00e4stid":"1 minut"},"schema":{"@context":"https:\/\/schema.org","@graph":[{"@type":"WebPage","@id":"https:\/\/www.ivinio.com\/sv\/produkt\/maitres-vignerons-de-la-presquile-de-saint-tropez-gold-vit\/","url":"https:\/\/www.ivinio.com\/sv\/produkt\/maitres-vignerons-de-la-presquile-de-saint-tropez-gold-vit\/","name":"Ma\u00eetres vignerons de la presqu'\u00eele de Saint-Tropez - Gold - Vit - IVINIO Vinbutik","isPartOf":{"@id":"https:\/\/www.ivinio.com\/sv\/#website"},"primaryImageOfPage":{"@id":"https:\/\/www.ivinio.com\/sv\/produkt\/maitres-vignerons-de-la-presquile-de-saint-tropez-gold-vit\/#primaryimage"},"image":{"@id":"https:\/\/www.ivinio.com\/sv\/produkt\/maitres-vignerons-de-la-presquile-de-saint-tropez-gold-vit\/#primaryimage"},"thumbnailUrl":"https:\/\/www.ivinio.com\/wp-content\/uploads\/2025\/04\/Maitres-vignerons-de-la-presquile-de-saint-tropez-Gold-IVINIO.jpg","datePublished":"2025-04-25T15:58:49+00:00","dateModified":"2025-04-25T17:06:30+00:00","description":"Ma\u00eetres vignerons de la presqu'\u00eele de Saint-Tropez - Gold - Vitvin har aromatiska inslag av citrusfrukter. Smaken \u00e4r rund och fyllig, men med god fr\u00e4sch\u00f6r.","breadcrumb":{"@id":"https:\/\/www.ivinio.com\/sv\/produkt\/maitres-vignerons-de-la-presquile-de-saint-tropez-gold-vit\/#breadcrumb"},"inLanguage":"sv-SE","potentialAction":[{"@type":"ReadAction","target":["https:\/\/www.ivinio.com\/sv\/produkt\/maitres-vignerons-de-la-presquile-de-saint-tropez-gold-vit\/"]}]},{"@type":"ImageObject","inLanguage":"sv-SE","@id":"https:\/\/www.ivinio.com\/sv\/produkt\/maitres-vignerons-de-la-presquile-de-saint-tropez-gold-vit\/#primaryimage","url":"https:\/\/www.ivinio.com\/wp-content\/uploads\/2025\/04\/Maitres-vignerons-de-la-presquile-de-saint-tropez-Gold-IVINIO.jpg","contentUrl":"https:\/\/www.ivinio.com\/wp-content\/uploads\/2025\/04\/Maitres-vignerons-de-la-presquile-de-saint-tropez-Gold-IVINIO.jpg","width":500,"height":500},{"@type":"BreadcrumbList","@id":"https:\/\/www.ivinio.com\/sv\/produkt\/maitres-vignerons-de-la-presquile-de-saint-tropez-gold-vit\/#breadcrumb","itemListElement":[{"@type":"ListItem","position":1,"name":"Hem","item":"https:\/\/www.ivinio.com\/sv\/"},{"@type":"ListItem","position":2,"name":"Vinbutik","item":"https:\/\/www.ivinio.com\/sv\/vinbutik\/"},{"@type":"ListItem","position":3,"name":"Ma\u00eetres vignerons de la presqu&#8217;\u00eele de Saint-Tropez &#8211; Gold &#8211; Vit"}]},{"@type":"WebSite","@id":"https:\/\/www.ivinio.com\/sv\/#website","url":"https:\/\/www.ivinio.com\/sv\/","name":"IVINIO Vinbutik","description":"Vin fr\u00e5n Frankrike och Italien med leverans hem till din d\u00f6rr","publisher":{"@id":"https:\/\/www.ivinio.com\/sv\/#organization"},"potentialAction":[{"@type":"SearchAction","target":{"@type":"EntryPoint","urlTemplate":"https:\/\/www.ivinio.com\/sv\/?s={search_term_string}"},"query-input":{"@type":"PropertyValueSpecification","valueRequired":true,"valueName":"search_term_string"}}],"inLanguage":"sv-SE"},{"@type":"Organization","@id":"https:\/\/www.ivinio.com\/sv\/#organization","name":"IVINIO","url":"https:\/\/www.ivinio.com\/sv\/","logo":{"@type":"ImageObject","inLanguage":"sv-SE","@id":"https:\/\/www.ivinio.com\/sv\/#\/schema\/logo\/image\/","url":"https:\/\/www.ivinio.com\/wp-content\/uploads\/2021\/01\/Logo-Ivinio-v2.jpg","contentUrl":"https:\/\/www.ivinio.com\/wp-content\/uploads\/2021\/01\/Logo-Ivinio-v2.jpg","width":1194,"height":1194,"caption":"IVINIO"},"image":{"@id":"https:\/\/www.ivinio.com\/sv\/#\/schema\/logo\/image\/"},"sameAs":["https:\/\/www.facebook.com\/groups\/165217837022391\/?ref=bookmarks","https:\/\/www.instagram.com\/_ivinio_\/?hl=fr"]}]}},"jetpack_sharing_enabled":true,"_links":{"self":[{"href":"https:\/\/www.ivinio.com\/sv\/wp-json\/wp\/v2\/product\/137408","targetHints":{"allow":["GET"]}}],"collection":[{"href":"https:\/\/www.ivinio.com\/sv\/wp-json\/wp\/v2\/product"}],"about":[{"href":"https:\/\/www.ivinio.com\/sv\/wp-json\/wp\/v2\/types\/product"}],"replies":[{"embeddable":true,"href":"https:\/\/www.ivinio.com\/sv\/wp-json\/wp\/v2\/comments?post=137408"}],"wp:featuredmedia":[{"embeddable":true,"href":"https:\/\/www.ivinio.com\/sv\/wp-json\/wp\/v2\/media\/137417"}],"wp:attachment":[{"href":"https:\/\/www.ivinio.com\/sv\/wp-json\/wp\/v2\/media?parent=137408"}],"wp:term":[{"taxonomy":"product_brand","embeddable":true,"href":"https:\/\/www.ivinio.com\/sv\/wp-json\/wp\/v2\/product_brand?post=137408"},{"taxonomy":"product_cat","embeddable":true,"href":"https:\/\/www.ivinio.com\/sv\/wp-json\/wp\/v2\/product_cat?post=137408"},{"taxonomy":"product_tag","embeddable":true,"href":"https:\/\/www.ivinio.com\/sv\/wp-json\/wp\/v2\/product_tag?post=137408"}],"curies":[{"name":"wp","href":"https:\/\/api.w.org\/{rel}","templated":true}]}}