{"id":137107,"date":"2025-03-06T12:17:43","date_gmt":"2025-03-06T11:17:43","guid":{"rendered":"https:\/\/www.ivinio.com\/?post_type=product&#038;p=137107"},"modified":"2025-03-06T12:59:04","modified_gmt":"2025-03-06T11:59:04","slug":"domaine-de-leglisette-clair-obscur-rod","status":"publish","type":"product","link":"https:\/\/www.ivinio.com\/sv\/produkt\/domaine-de-leglisette-clair-obscur-rod\/","title":{"rendered":"Domaine de l&#8217;Eglisette &#8211; Clair obscur -R\u00f6d"},"content":{"rendered":"<p data-start=\"0\" data-end=\"253\">Domaine de l&#8217;Eglisette &#8211; Clair obscur -R\u00f6dvin framst\u00e4lls av Merlot, samt Syrah, Grenache Noir och Cinsault. Druvorna avstj\u00e4lkas efter sk\u00f6rd och krossas l\u00e4tt J\u00e4sningen sker under temperaturkontrollerade f\u00f6rh\u00e5llanden f\u00f6r att bevara fruktigheten och de aromatiska egenskaperna hos varje druvsort. Lagringen g\u00f6rs i rostfria st\u00e5ltankar. Vinet Buteljerat p\u00e5 v\u00e5ren efter sk\u00f6rden.\u00ad<\/p>\n","protected":false},"excerpt":{"rendered":"<p>Ett relativt l\u00e4tt, mjukt och fruktigt vin med inslag av bj\u00f6rnb\u00e4r, svarta vinb\u00e4r och viol.<\/p>\n","protected":false},"featured_media":137108,"comment_status":"open","ping_status":"closed","template":"","meta":{"_monsterinsights_skip_tracking":false,"_monsterinsights_sitenote_active":false,"_monsterinsights_sitenote_note":"","_monsterinsights_sitenote_category":0,"_uf_show_specific_survey":0,"_uf_disable_surveys":false},"product_brand":[],"product_cat":[36588,36627],"product_tag":[],"class_list":{"0":"post-137107","1":"product","2":"type-product","3":"status-publish","4":"has-post-thumbnail","6":"product_cat-franska-viner","7":"product_cat-sv-languedoc","8":"pa_alcohol-degree-13-5-sv","9":"pa_classification-igp-st-guilhem-le-desert-cite-daniane-sv","10":"pa_color-rod-sv","11":"pa_country-frankrike-sv","12":"pa_grape-variety-cinsault-sv","13":"pa_grape-variety-grenache-sv","14":"pa_grape-variety-merlot-sv","15":"pa_grape-variety-syrah-sv","16":"pa_region-languedoc-sv","17":"pa_storage-potential-5-ar-sv","18":"pa_vintage-41019","19":"pa_volume-75-cl-sv","21":"first","22":"instock","23":"sale","24":"taxable","25":"shipping-taxable","26":"purchasable","27":"product-type-simple"},"bundled_by":["137128"],"bundle_stock_status":"instock","bundle_stock_quantity":null,"bundle_virtual":false,"bundle_layout":"","bundle_add_to_cart_form_location":"","bundle_editable_in_cart":false,"bundle_sold_individually_context":"","bundle_item_grouping":"","bundle_min_size":"","bundle_max_size":"","bundle_price":[],"bundled_items":[],"bundle_sell_ids":[],"yoast_head":"<!-- This site is optimized with the Yoast SEO plugin v27.5 - https:\/\/yoast.com\/product\/yoast-seo-wordpress\/ -->\n<title>Domaine de l&#039;Eglisette - Clair obscur -R\u00f6d - IVINIO Vinbutik<\/title>\n<meta name=\"description\" content=\"Domaine de l&#039;Eglisette - Clair obscur R\u00f6dvin. Smaken \u00e4r rund och fyllig med inslag av bj\u00f6rnb\u00e4r, svarta vinb\u00e4r och viol.\" \/>\n<meta name=\"robots\" content=\"index, follow, max-snippet:-1, max-image-preview:large, max-video-preview:-1\" \/>\n<link rel=\"canonical\" href=\"https:\/\/www.ivinio.com\/sv\/produkt\/domaine-de-leglisette-clair-obscur-rod\/\" \/>\n<meta property=\"og:locale\" content=\"sv_SE\" \/>\n<meta property=\"og:type\" content=\"article\" \/>\n<meta property=\"og:title\" content=\"Domaine de l&#039;Eglisette - Clair obscur -R\u00f6d - IVINIO Vinbutik\" \/>\n<meta property=\"og:description\" content=\"Domaine de l&#039;Eglisette - Clair obscur R\u00f6dvin. Smaken \u00e4r rund och fyllig med inslag av bj\u00f6rnb\u00e4r, svarta vinb\u00e4r och viol.\" \/>\n<meta property=\"og:url\" content=\"https:\/\/www.ivinio.com\/sv\/produkt\/domaine-de-leglisette-clair-obscur-rod\/\" \/>\n<meta property=\"og:site_name\" content=\"IVINIO Vinbutik\" \/>\n<meta property=\"article:publisher\" content=\"https:\/\/www.facebook.com\/groups\/165217837022391\/?ref=bookmarks\" \/>\n<meta property=\"article:modified_time\" content=\"2025-03-06T11:59:04+00:00\" \/>\n<meta property=\"og:image\" content=\"https:\/\/www.ivinio.com\/wp-content\/uploads\/2025\/03\/Domaine-de-leglisette-Clair-obscur-IVINIO.jpg\" \/>\n\t<meta property=\"og:image:width\" content=\"500\" \/>\n\t<meta property=\"og:image:height\" content=\"500\" \/>\n\t<meta property=\"og:image:type\" content=\"image\/jpeg\" \/>\n<meta name=\"twitter:card\" content=\"summary_large_image\" \/>\n<meta name=\"twitter:label1\" content=\"Ber\u00e4knad l\u00e4stid\" \/>\n\t<meta name=\"twitter:data1\" content=\"1 minut\" \/>\n<script type=\"application\/ld+json\" class=\"yoast-schema-graph\">{\"@context\":\"https:\\\/\\\/schema.org\",\"@graph\":[{\"@type\":\"WebPage\",\"@id\":\"https:\\\/\\\/www.ivinio.com\\\/sv\\\/produkt\\\/domaine-de-leglisette-clair-obscur-rod\\\/\",\"url\":\"https:\\\/\\\/www.ivinio.com\\\/sv\\\/produkt\\\/domaine-de-leglisette-clair-obscur-rod\\\/\",\"name\":\"Domaine de l'Eglisette - Clair obscur -R\u00f6d - IVINIO Vinbutik\",\"isPartOf\":{\"@id\":\"https:\\\/\\\/www.ivinio.com\\\/sv\\\/#website\"},\"primaryImageOfPage\":{\"@id\":\"https:\\\/\\\/www.ivinio.com\\\/sv\\\/produkt\\\/domaine-de-leglisette-clair-obscur-rod\\\/#primaryimage\"},\"image\":{\"@id\":\"https:\\\/\\\/www.ivinio.com\\\/sv\\\/produkt\\\/domaine-de-leglisette-clair-obscur-rod\\\/#primaryimage\"},\"thumbnailUrl\":\"https:\\\/\\\/www.ivinio.com\\\/wp-content\\\/uploads\\\/2025\\\/03\\\/Domaine-de-leglisette-Clair-obscur-IVINIO.jpg\",\"datePublished\":\"2025-03-06T11:17:43+00:00\",\"dateModified\":\"2025-03-06T11:59:04+00:00\",\"description\":\"Domaine de l'Eglisette - Clair obscur R\u00f6dvin. Smaken \u00e4r rund och fyllig med inslag av bj\u00f6rnb\u00e4r, svarta vinb\u00e4r och viol.\",\"breadcrumb\":{\"@id\":\"https:\\\/\\\/www.ivinio.com\\\/sv\\\/produkt\\\/domaine-de-leglisette-clair-obscur-rod\\\/#breadcrumb\"},\"inLanguage\":\"sv-SE\",\"potentialAction\":[{\"@type\":\"ReadAction\",\"target\":[\"https:\\\/\\\/www.ivinio.com\\\/sv\\\/produkt\\\/domaine-de-leglisette-clair-obscur-rod\\\/\"]}]},{\"@type\":\"ImageObject\",\"inLanguage\":\"sv-SE\",\"@id\":\"https:\\\/\\\/www.ivinio.com\\\/sv\\\/produkt\\\/domaine-de-leglisette-clair-obscur-rod\\\/#primaryimage\",\"url\":\"https:\\\/\\\/www.ivinio.com\\\/wp-content\\\/uploads\\\/2025\\\/03\\\/Domaine-de-leglisette-Clair-obscur-IVINIO.jpg\",\"contentUrl\":\"https:\\\/\\\/www.ivinio.com\\\/wp-content\\\/uploads\\\/2025\\\/03\\\/Domaine-de-leglisette-Clair-obscur-IVINIO.jpg\",\"width\":500,\"height\":500},{\"@type\":\"BreadcrumbList\",\"@id\":\"https:\\\/\\\/www.ivinio.com\\\/sv\\\/produkt\\\/domaine-de-leglisette-clair-obscur-rod\\\/#breadcrumb\",\"itemListElement\":[{\"@type\":\"ListItem\",\"position\":1,\"name\":\"Hem\",\"item\":\"https:\\\/\\\/www.ivinio.com\\\/sv\\\/\"},{\"@type\":\"ListItem\",\"position\":2,\"name\":\"Vinbutik\",\"item\":\"https:\\\/\\\/www.ivinio.com\\\/sv\\\/vinbutik\\\/\"},{\"@type\":\"ListItem\",\"position\":3,\"name\":\"Domaine de l&#8217;Eglisette &#8211; Clair obscur -R\u00f6d\"}]},{\"@type\":\"WebSite\",\"@id\":\"https:\\\/\\\/www.ivinio.com\\\/sv\\\/#website\",\"url\":\"https:\\\/\\\/www.ivinio.com\\\/sv\\\/\",\"name\":\"IVINIO Vinbutik\",\"description\":\"Vin fr\u00e5n Frankrike och Italien med leverans hem till din d\u00f6rr\",\"publisher\":{\"@id\":\"https:\\\/\\\/www.ivinio.com\\\/sv\\\/#organization\"},\"potentialAction\":[{\"@type\":\"SearchAction\",\"target\":{\"@type\":\"EntryPoint\",\"urlTemplate\":\"https:\\\/\\\/www.ivinio.com\\\/sv\\\/?s={search_term_string}\"},\"query-input\":{\"@type\":\"PropertyValueSpecification\",\"valueRequired\":true,\"valueName\":\"search_term_string\"}}],\"inLanguage\":\"sv-SE\"},{\"@type\":\"Organization\",\"@id\":\"https:\\\/\\\/www.ivinio.com\\\/sv\\\/#organization\",\"name\":\"IVINIO\",\"url\":\"https:\\\/\\\/www.ivinio.com\\\/sv\\\/\",\"logo\":{\"@type\":\"ImageObject\",\"inLanguage\":\"sv-SE\",\"@id\":\"https:\\\/\\\/www.ivinio.com\\\/sv\\\/#\\\/schema\\\/logo\\\/image\\\/\",\"url\":\"https:\\\/\\\/www.ivinio.com\\\/wp-content\\\/uploads\\\/2021\\\/01\\\/Logo-Ivinio-v2.jpg\",\"contentUrl\":\"https:\\\/\\\/www.ivinio.com\\\/wp-content\\\/uploads\\\/2021\\\/01\\\/Logo-Ivinio-v2.jpg\",\"width\":1194,\"height\":1194,\"caption\":\"IVINIO\"},\"image\":{\"@id\":\"https:\\\/\\\/www.ivinio.com\\\/sv\\\/#\\\/schema\\\/logo\\\/image\\\/\"},\"sameAs\":[\"https:\\\/\\\/www.facebook.com\\\/groups\\\/165217837022391\\\/?ref=bookmarks\",\"https:\\\/\\\/www.instagram.com\\\/_ivinio_\\\/?hl=fr\"]}]}<\/script>\n<!-- \/ Yoast SEO plugin. -->","yoast_head_json":{"title":"Domaine de l'Eglisette - Clair obscur -R\u00f6d - IVINIO Vinbutik","description":"Domaine de l'Eglisette - Clair obscur R\u00f6dvin. Smaken \u00e4r rund och fyllig med inslag av bj\u00f6rnb\u00e4r, svarta vinb\u00e4r och viol.","robots":{"index":"index","follow":"follow","max-snippet":"max-snippet:-1","max-image-preview":"max-image-preview:large","max-video-preview":"max-video-preview:-1"},"canonical":"https:\/\/www.ivinio.com\/sv\/produkt\/domaine-de-leglisette-clair-obscur-rod\/","og_locale":"sv_SE","og_type":"article","og_title":"Domaine de l'Eglisette - Clair obscur -R\u00f6d - IVINIO Vinbutik","og_description":"Domaine de l'Eglisette - Clair obscur R\u00f6dvin. Smaken \u00e4r rund och fyllig med inslag av bj\u00f6rnb\u00e4r, svarta vinb\u00e4r och viol.","og_url":"https:\/\/www.ivinio.com\/sv\/produkt\/domaine-de-leglisette-clair-obscur-rod\/","og_site_name":"IVINIO Vinbutik","article_publisher":"https:\/\/www.facebook.com\/groups\/165217837022391\/?ref=bookmarks","article_modified_time":"2025-03-06T11:59:04+00:00","og_image":[{"width":500,"height":500,"url":"https:\/\/www.ivinio.com\/wp-content\/uploads\/2025\/03\/Domaine-de-leglisette-Clair-obscur-IVINIO.jpg","type":"image\/jpeg"}],"twitter_card":"summary_large_image","twitter_misc":{"Ber\u00e4knad l\u00e4stid":"1 minut"},"schema":{"@context":"https:\/\/schema.org","@graph":[{"@type":"WebPage","@id":"https:\/\/www.ivinio.com\/sv\/produkt\/domaine-de-leglisette-clair-obscur-rod\/","url":"https:\/\/www.ivinio.com\/sv\/produkt\/domaine-de-leglisette-clair-obscur-rod\/","name":"Domaine de l'Eglisette - Clair obscur -R\u00f6d - IVINIO Vinbutik","isPartOf":{"@id":"https:\/\/www.ivinio.com\/sv\/#website"},"primaryImageOfPage":{"@id":"https:\/\/www.ivinio.com\/sv\/produkt\/domaine-de-leglisette-clair-obscur-rod\/#primaryimage"},"image":{"@id":"https:\/\/www.ivinio.com\/sv\/produkt\/domaine-de-leglisette-clair-obscur-rod\/#primaryimage"},"thumbnailUrl":"https:\/\/www.ivinio.com\/wp-content\/uploads\/2025\/03\/Domaine-de-leglisette-Clair-obscur-IVINIO.jpg","datePublished":"2025-03-06T11:17:43+00:00","dateModified":"2025-03-06T11:59:04+00:00","description":"Domaine de l'Eglisette - Clair obscur R\u00f6dvin. Smaken \u00e4r rund och fyllig med inslag av bj\u00f6rnb\u00e4r, svarta vinb\u00e4r och viol.","breadcrumb":{"@id":"https:\/\/www.ivinio.com\/sv\/produkt\/domaine-de-leglisette-clair-obscur-rod\/#breadcrumb"},"inLanguage":"sv-SE","potentialAction":[{"@type":"ReadAction","target":["https:\/\/www.ivinio.com\/sv\/produkt\/domaine-de-leglisette-clair-obscur-rod\/"]}]},{"@type":"ImageObject","inLanguage":"sv-SE","@id":"https:\/\/www.ivinio.com\/sv\/produkt\/domaine-de-leglisette-clair-obscur-rod\/#primaryimage","url":"https:\/\/www.ivinio.com\/wp-content\/uploads\/2025\/03\/Domaine-de-leglisette-Clair-obscur-IVINIO.jpg","contentUrl":"https:\/\/www.ivinio.com\/wp-content\/uploads\/2025\/03\/Domaine-de-leglisette-Clair-obscur-IVINIO.jpg","width":500,"height":500},{"@type":"BreadcrumbList","@id":"https:\/\/www.ivinio.com\/sv\/produkt\/domaine-de-leglisette-clair-obscur-rod\/#breadcrumb","itemListElement":[{"@type":"ListItem","position":1,"name":"Hem","item":"https:\/\/www.ivinio.com\/sv\/"},{"@type":"ListItem","position":2,"name":"Vinbutik","item":"https:\/\/www.ivinio.com\/sv\/vinbutik\/"},{"@type":"ListItem","position":3,"name":"Domaine de l&#8217;Eglisette &#8211; Clair obscur -R\u00f6d"}]},{"@type":"WebSite","@id":"https:\/\/www.ivinio.com\/sv\/#website","url":"https:\/\/www.ivinio.com\/sv\/","name":"IVINIO Vinbutik","description":"Vin fr\u00e5n Frankrike och Italien med leverans hem till din d\u00f6rr","publisher":{"@id":"https:\/\/www.ivinio.com\/sv\/#organization"},"potentialAction":[{"@type":"SearchAction","target":{"@type":"EntryPoint","urlTemplate":"https:\/\/www.ivinio.com\/sv\/?s={search_term_string}"},"query-input":{"@type":"PropertyValueSpecification","valueRequired":true,"valueName":"search_term_string"}}],"inLanguage":"sv-SE"},{"@type":"Organization","@id":"https:\/\/www.ivinio.com\/sv\/#organization","name":"IVINIO","url":"https:\/\/www.ivinio.com\/sv\/","logo":{"@type":"ImageObject","inLanguage":"sv-SE","@id":"https:\/\/www.ivinio.com\/sv\/#\/schema\/logo\/image\/","url":"https:\/\/www.ivinio.com\/wp-content\/uploads\/2021\/01\/Logo-Ivinio-v2.jpg","contentUrl":"https:\/\/www.ivinio.com\/wp-content\/uploads\/2021\/01\/Logo-Ivinio-v2.jpg","width":1194,"height":1194,"caption":"IVINIO"},"image":{"@id":"https:\/\/www.ivinio.com\/sv\/#\/schema\/logo\/image\/"},"sameAs":["https:\/\/www.facebook.com\/groups\/165217837022391\/?ref=bookmarks","https:\/\/www.instagram.com\/_ivinio_\/?hl=fr"]}]}},"jetpack_sharing_enabled":true,"_links":{"self":[{"href":"https:\/\/www.ivinio.com\/sv\/wp-json\/wp\/v2\/product\/137107","targetHints":{"allow":["GET"]}}],"collection":[{"href":"https:\/\/www.ivinio.com\/sv\/wp-json\/wp\/v2\/product"}],"about":[{"href":"https:\/\/www.ivinio.com\/sv\/wp-json\/wp\/v2\/types\/product"}],"replies":[{"embeddable":true,"href":"https:\/\/www.ivinio.com\/sv\/wp-json\/wp\/v2\/comments?post=137107"}],"wp:featuredmedia":[{"embeddable":true,"href":"https:\/\/www.ivinio.com\/sv\/wp-json\/wp\/v2\/media\/137108"}],"wp:attachment":[{"href":"https:\/\/www.ivinio.com\/sv\/wp-json\/wp\/v2\/media?parent=137107"}],"wp:term":[{"taxonomy":"product_brand","embeddable":true,"href":"https:\/\/www.ivinio.com\/sv\/wp-json\/wp\/v2\/product_brand?post=137107"},{"taxonomy":"product_cat","embeddable":true,"href":"https:\/\/www.ivinio.com\/sv\/wp-json\/wp\/v2\/product_cat?post=137107"},{"taxonomy":"product_tag","embeddable":true,"href":"https:\/\/www.ivinio.com\/sv\/wp-json\/wp\/v2\/product_tag?post=137107"}],"curies":[{"name":"wp","href":"https:\/\/api.w.org\/{rel}","templated":true}]}}