{"id":136952,"date":"2025-02-08T12:27:54","date_gmt":"2025-02-08T11:27:54","guid":{"rendered":"https:\/\/www.ivinio.com\/?post_type=product&#038;p=136952"},"modified":"2025-02-08T12:32:01","modified_gmt":"2025-02-08T11:32:01","slug":"fattoria-aldobrandesca-vie-cave-rod","status":"publish","type":"product","link":"https:\/\/www.ivinio.com\/sv\/produkt\/fattoria-aldobrandesca-vie-cave-rod\/","title":{"rendered":"Fattoria Aldobrandesca &#8211; Vie Cave &#8211; R\u00f6d"},"content":{"rendered":"<p>Fattoria Aldobrandesca &#8211; Vie Cave &#8211; R\u00f6dvin har f\u00e5tt sitt namn fr\u00e5n den etruskiska Vie-grottan, med sina etruskiska stigar, uthuggna i tuffstenen som omger egendomen. Vinet framst\u00e4lls av 100 % Malbec. Efter sk\u00f6rden avstj\u00e4lkas och pressas druvorna varsamt innan de \u00f6verf\u00f6rs till rostfria st\u00e5ltankar. En kallmaceration vid 5\u201310 \u00b0C genomf\u00f6rs i 3\u20134 dagar f\u00f6r att extrahera aromer och f\u00e4rg. D\u00e4refter h\u00f6js temperaturen f\u00f6r att initiera alkoholj\u00e4sning vid kontrollerade 30 \u00b0C. Efter j\u00e4sningen \u00f6verf\u00f6rs vinet till franska ekfat f\u00f6r malolaktisk j\u00e4sning och lagring i cirka 10 m\u00e5nader, f\u00f6ljt av ytterligare flasklagring innan det sl\u00e4pps p\u00e5 marknaden.<\/p>\n","protected":false},"excerpt":{"rendered":"<p>Ett komplext och fylligt r\u00f6dvin fr\u00e5n Maremma i s\u00f6dra Toscana.<\/p>\n","protected":false},"featured_media":136956,"comment_status":"open","ping_status":"closed","template":"","meta":{"_monsterinsights_skip_tracking":false,"_monsterinsights_sitenote_active":false,"_monsterinsights_sitenote_note":"","_monsterinsights_sitenote_category":0,"_uf_show_specific_survey":0,"_uf_disable_surveys":false},"product_brand":[],"product_cat":[39804],"product_tag":[],"class_list":{"0":"post-136952","1":"product","2":"type-product","3":"status-publish","4":"has-post-thumbnail","6":"product_cat-uncategorized","7":"pa_alcohol-degree-14-5-sv","8":"pa_classification-igt-rosso-toscana-sv","9":"pa_color-rod-sv","10":"pa_country-italien-sv","11":"pa_grape-variety-sangiovese","12":"pa_region-toscana-sv","13":"pa_storage-potential-mer-an-10-ar-sv","14":"pa_vintage-41019","15":"pa_volume-75-cl-sv","17":"first","18":"instock","19":"taxable","20":"shipping-taxable","21":"purchasable","22":"product-type-simple"},"bundled_by":[],"bundle_stock_status":"instock","bundle_stock_quantity":null,"bundle_virtual":false,"bundle_layout":"","bundle_add_to_cart_form_location":"","bundle_editable_in_cart":false,"bundle_sold_individually_context":"","bundle_item_grouping":"","bundle_min_size":"","bundle_max_size":"","bundle_price":[],"bundled_items":[],"bundle_sell_ids":[],"yoast_head":"<!-- This site is optimized with the Yoast SEO plugin v27.5 - https:\/\/yoast.com\/product\/yoast-seo-wordpress\/ -->\n<title>Fattoria Aldobrandesca - Vie Cave - R\u00f6d - IVINIO Vinbutik<\/title>\n<meta name=\"description\" content=\"Fattoria Aldobrandesca - Vie Cave - R\u00f6dvin. Inslag av mogna m\u00f6rka bj\u00f6rnb\u00e4r och bl\u00e5b\u00e4r, kompletterat med kryddiga toner av kryddnejlika och vanilj samt l\u00e4tta nyanser av tobak.\" \/>\n<meta name=\"robots\" content=\"index, follow, max-snippet:-1, max-image-preview:large, max-video-preview:-1\" \/>\n<link rel=\"canonical\" href=\"https:\/\/www.ivinio.com\/sv\/produkt\/fattoria-aldobrandesca-vie-cave-rod\/\" \/>\n<meta property=\"og:locale\" content=\"sv_SE\" \/>\n<meta property=\"og:type\" content=\"article\" \/>\n<meta property=\"og:title\" content=\"Fattoria Aldobrandesca - Vie Cave - R\u00f6d - IVINIO Vinbutik\" \/>\n<meta property=\"og:description\" content=\"Fattoria Aldobrandesca - Vie Cave - R\u00f6dvin. Inslag av mogna m\u00f6rka bj\u00f6rnb\u00e4r och bl\u00e5b\u00e4r, kompletterat med kryddiga toner av kryddnejlika och vanilj samt l\u00e4tta nyanser av tobak.\" \/>\n<meta property=\"og:url\" content=\"https:\/\/www.ivinio.com\/sv\/produkt\/fattoria-aldobrandesca-vie-cave-rod\/\" \/>\n<meta property=\"og:site_name\" content=\"IVINIO Vinbutik\" \/>\n<meta property=\"article:publisher\" content=\"https:\/\/www.facebook.com\/groups\/165217837022391\/?ref=bookmarks\" \/>\n<meta property=\"article:modified_time\" content=\"2025-02-08T11:32:01+00:00\" \/>\n<meta property=\"og:image\" content=\"https:\/\/www.ivinio.com\/wp-content\/uploads\/2025\/02\/Fattoria-Aldo-Brandesca-Vie-Cave-IVINIO.jpg\" \/>\n\t<meta property=\"og:image:width\" content=\"500\" \/>\n\t<meta property=\"og:image:height\" content=\"500\" \/>\n\t<meta property=\"og:image:type\" content=\"image\/jpeg\" \/>\n<meta name=\"twitter:card\" content=\"summary_large_image\" \/>\n<meta name=\"twitter:label1\" content=\"Ber\u00e4knad l\u00e4stid\" \/>\n\t<meta name=\"twitter:data1\" content=\"1 minut\" \/>\n<script type=\"application\/ld+json\" class=\"yoast-schema-graph\">{\"@context\":\"https:\\\/\\\/schema.org\",\"@graph\":[{\"@type\":\"WebPage\",\"@id\":\"https:\\\/\\\/www.ivinio.com\\\/sv\\\/produkt\\\/fattoria-aldobrandesca-vie-cave-rod\\\/\",\"url\":\"https:\\\/\\\/www.ivinio.com\\\/sv\\\/produkt\\\/fattoria-aldobrandesca-vie-cave-rod\\\/\",\"name\":\"Fattoria Aldobrandesca - Vie Cave - R\u00f6d - IVINIO Vinbutik\",\"isPartOf\":{\"@id\":\"https:\\\/\\\/www.ivinio.com\\\/sv\\\/#website\"},\"primaryImageOfPage\":{\"@id\":\"https:\\\/\\\/www.ivinio.com\\\/sv\\\/produkt\\\/fattoria-aldobrandesca-vie-cave-rod\\\/#primaryimage\"},\"image\":{\"@id\":\"https:\\\/\\\/www.ivinio.com\\\/sv\\\/produkt\\\/fattoria-aldobrandesca-vie-cave-rod\\\/#primaryimage\"},\"thumbnailUrl\":\"https:\\\/\\\/www.ivinio.com\\\/wp-content\\\/uploads\\\/2025\\\/02\\\/Fattoria-Aldo-Brandesca-Vie-Cave-IVINIO.jpg\",\"datePublished\":\"2025-02-08T11:27:54+00:00\",\"dateModified\":\"2025-02-08T11:32:01+00:00\",\"description\":\"Fattoria Aldobrandesca - Vie Cave - R\u00f6dvin. Inslag av mogna m\u00f6rka bj\u00f6rnb\u00e4r och bl\u00e5b\u00e4r, kompletterat med kryddiga toner av kryddnejlika och vanilj samt l\u00e4tta nyanser av tobak.\",\"breadcrumb\":{\"@id\":\"https:\\\/\\\/www.ivinio.com\\\/sv\\\/produkt\\\/fattoria-aldobrandesca-vie-cave-rod\\\/#breadcrumb\"},\"inLanguage\":\"sv-SE\",\"potentialAction\":[{\"@type\":\"ReadAction\",\"target\":[\"https:\\\/\\\/www.ivinio.com\\\/sv\\\/produkt\\\/fattoria-aldobrandesca-vie-cave-rod\\\/\"]}]},{\"@type\":\"ImageObject\",\"inLanguage\":\"sv-SE\",\"@id\":\"https:\\\/\\\/www.ivinio.com\\\/sv\\\/produkt\\\/fattoria-aldobrandesca-vie-cave-rod\\\/#primaryimage\",\"url\":\"https:\\\/\\\/www.ivinio.com\\\/wp-content\\\/uploads\\\/2025\\\/02\\\/Fattoria-Aldo-Brandesca-Vie-Cave-IVINIO.jpg\",\"contentUrl\":\"https:\\\/\\\/www.ivinio.com\\\/wp-content\\\/uploads\\\/2025\\\/02\\\/Fattoria-Aldo-Brandesca-Vie-Cave-IVINIO.jpg\",\"width\":500,\"height\":500},{\"@type\":\"BreadcrumbList\",\"@id\":\"https:\\\/\\\/www.ivinio.com\\\/sv\\\/produkt\\\/fattoria-aldobrandesca-vie-cave-rod\\\/#breadcrumb\",\"itemListElement\":[{\"@type\":\"ListItem\",\"position\":1,\"name\":\"Hem\",\"item\":\"https:\\\/\\\/www.ivinio.com\\\/sv\\\/\"},{\"@type\":\"ListItem\",\"position\":2,\"name\":\"Vinbutik\",\"item\":\"https:\\\/\\\/www.ivinio.com\\\/sv\\\/vinbutik\\\/\"},{\"@type\":\"ListItem\",\"position\":3,\"name\":\"Fattoria Aldobrandesca &#8211; Vie Cave &#8211; R\u00f6d\"}]},{\"@type\":\"WebSite\",\"@id\":\"https:\\\/\\\/www.ivinio.com\\\/sv\\\/#website\",\"url\":\"https:\\\/\\\/www.ivinio.com\\\/sv\\\/\",\"name\":\"IVINIO Vinbutik\",\"description\":\"Vin fr\u00e5n Frankrike och Italien med leverans hem till din d\u00f6rr\",\"publisher\":{\"@id\":\"https:\\\/\\\/www.ivinio.com\\\/sv\\\/#organization\"},\"potentialAction\":[{\"@type\":\"SearchAction\",\"target\":{\"@type\":\"EntryPoint\",\"urlTemplate\":\"https:\\\/\\\/www.ivinio.com\\\/sv\\\/?s={search_term_string}\"},\"query-input\":{\"@type\":\"PropertyValueSpecification\",\"valueRequired\":true,\"valueName\":\"search_term_string\"}}],\"inLanguage\":\"sv-SE\"},{\"@type\":\"Organization\",\"@id\":\"https:\\\/\\\/www.ivinio.com\\\/sv\\\/#organization\",\"name\":\"IVINIO\",\"url\":\"https:\\\/\\\/www.ivinio.com\\\/sv\\\/\",\"logo\":{\"@type\":\"ImageObject\",\"inLanguage\":\"sv-SE\",\"@id\":\"https:\\\/\\\/www.ivinio.com\\\/sv\\\/#\\\/schema\\\/logo\\\/image\\\/\",\"url\":\"https:\\\/\\\/www.ivinio.com\\\/wp-content\\\/uploads\\\/2021\\\/01\\\/Logo-Ivinio-v2.jpg\",\"contentUrl\":\"https:\\\/\\\/www.ivinio.com\\\/wp-content\\\/uploads\\\/2021\\\/01\\\/Logo-Ivinio-v2.jpg\",\"width\":1194,\"height\":1194,\"caption\":\"IVINIO\"},\"image\":{\"@id\":\"https:\\\/\\\/www.ivinio.com\\\/sv\\\/#\\\/schema\\\/logo\\\/image\\\/\"},\"sameAs\":[\"https:\\\/\\\/www.facebook.com\\\/groups\\\/165217837022391\\\/?ref=bookmarks\",\"https:\\\/\\\/www.instagram.com\\\/_ivinio_\\\/?hl=fr\"]}]}<\/script>\n<!-- \/ Yoast SEO plugin. -->","yoast_head_json":{"title":"Fattoria Aldobrandesca - Vie Cave - R\u00f6d - IVINIO Vinbutik","description":"Fattoria Aldobrandesca - Vie Cave - R\u00f6dvin. Inslag av mogna m\u00f6rka bj\u00f6rnb\u00e4r och bl\u00e5b\u00e4r, kompletterat med kryddiga toner av kryddnejlika och vanilj samt l\u00e4tta nyanser av tobak.","robots":{"index":"index","follow":"follow","max-snippet":"max-snippet:-1","max-image-preview":"max-image-preview:large","max-video-preview":"max-video-preview:-1"},"canonical":"https:\/\/www.ivinio.com\/sv\/produkt\/fattoria-aldobrandesca-vie-cave-rod\/","og_locale":"sv_SE","og_type":"article","og_title":"Fattoria Aldobrandesca - Vie Cave - R\u00f6d - IVINIO Vinbutik","og_description":"Fattoria Aldobrandesca - Vie Cave - R\u00f6dvin. Inslag av mogna m\u00f6rka bj\u00f6rnb\u00e4r och bl\u00e5b\u00e4r, kompletterat med kryddiga toner av kryddnejlika och vanilj samt l\u00e4tta nyanser av tobak.","og_url":"https:\/\/www.ivinio.com\/sv\/produkt\/fattoria-aldobrandesca-vie-cave-rod\/","og_site_name":"IVINIO Vinbutik","article_publisher":"https:\/\/www.facebook.com\/groups\/165217837022391\/?ref=bookmarks","article_modified_time":"2025-02-08T11:32:01+00:00","og_image":[{"width":500,"height":500,"url":"https:\/\/www.ivinio.com\/wp-content\/uploads\/2025\/02\/Fattoria-Aldo-Brandesca-Vie-Cave-IVINIO.jpg","type":"image\/jpeg"}],"twitter_card":"summary_large_image","twitter_misc":{"Ber\u00e4knad l\u00e4stid":"1 minut"},"schema":{"@context":"https:\/\/schema.org","@graph":[{"@type":"WebPage","@id":"https:\/\/www.ivinio.com\/sv\/produkt\/fattoria-aldobrandesca-vie-cave-rod\/","url":"https:\/\/www.ivinio.com\/sv\/produkt\/fattoria-aldobrandesca-vie-cave-rod\/","name":"Fattoria Aldobrandesca - Vie Cave - R\u00f6d - IVINIO Vinbutik","isPartOf":{"@id":"https:\/\/www.ivinio.com\/sv\/#website"},"primaryImageOfPage":{"@id":"https:\/\/www.ivinio.com\/sv\/produkt\/fattoria-aldobrandesca-vie-cave-rod\/#primaryimage"},"image":{"@id":"https:\/\/www.ivinio.com\/sv\/produkt\/fattoria-aldobrandesca-vie-cave-rod\/#primaryimage"},"thumbnailUrl":"https:\/\/www.ivinio.com\/wp-content\/uploads\/2025\/02\/Fattoria-Aldo-Brandesca-Vie-Cave-IVINIO.jpg","datePublished":"2025-02-08T11:27:54+00:00","dateModified":"2025-02-08T11:32:01+00:00","description":"Fattoria Aldobrandesca - Vie Cave - R\u00f6dvin. Inslag av mogna m\u00f6rka bj\u00f6rnb\u00e4r och bl\u00e5b\u00e4r, kompletterat med kryddiga toner av kryddnejlika och vanilj samt l\u00e4tta nyanser av tobak.","breadcrumb":{"@id":"https:\/\/www.ivinio.com\/sv\/produkt\/fattoria-aldobrandesca-vie-cave-rod\/#breadcrumb"},"inLanguage":"sv-SE","potentialAction":[{"@type":"ReadAction","target":["https:\/\/www.ivinio.com\/sv\/produkt\/fattoria-aldobrandesca-vie-cave-rod\/"]}]},{"@type":"ImageObject","inLanguage":"sv-SE","@id":"https:\/\/www.ivinio.com\/sv\/produkt\/fattoria-aldobrandesca-vie-cave-rod\/#primaryimage","url":"https:\/\/www.ivinio.com\/wp-content\/uploads\/2025\/02\/Fattoria-Aldo-Brandesca-Vie-Cave-IVINIO.jpg","contentUrl":"https:\/\/www.ivinio.com\/wp-content\/uploads\/2025\/02\/Fattoria-Aldo-Brandesca-Vie-Cave-IVINIO.jpg","width":500,"height":500},{"@type":"BreadcrumbList","@id":"https:\/\/www.ivinio.com\/sv\/produkt\/fattoria-aldobrandesca-vie-cave-rod\/#breadcrumb","itemListElement":[{"@type":"ListItem","position":1,"name":"Hem","item":"https:\/\/www.ivinio.com\/sv\/"},{"@type":"ListItem","position":2,"name":"Vinbutik","item":"https:\/\/www.ivinio.com\/sv\/vinbutik\/"},{"@type":"ListItem","position":3,"name":"Fattoria Aldobrandesca &#8211; Vie Cave &#8211; R\u00f6d"}]},{"@type":"WebSite","@id":"https:\/\/www.ivinio.com\/sv\/#website","url":"https:\/\/www.ivinio.com\/sv\/","name":"IVINIO Vinbutik","description":"Vin fr\u00e5n Frankrike och Italien med leverans hem till din d\u00f6rr","publisher":{"@id":"https:\/\/www.ivinio.com\/sv\/#organization"},"potentialAction":[{"@type":"SearchAction","target":{"@type":"EntryPoint","urlTemplate":"https:\/\/www.ivinio.com\/sv\/?s={search_term_string}"},"query-input":{"@type":"PropertyValueSpecification","valueRequired":true,"valueName":"search_term_string"}}],"inLanguage":"sv-SE"},{"@type":"Organization","@id":"https:\/\/www.ivinio.com\/sv\/#organization","name":"IVINIO","url":"https:\/\/www.ivinio.com\/sv\/","logo":{"@type":"ImageObject","inLanguage":"sv-SE","@id":"https:\/\/www.ivinio.com\/sv\/#\/schema\/logo\/image\/","url":"https:\/\/www.ivinio.com\/wp-content\/uploads\/2021\/01\/Logo-Ivinio-v2.jpg","contentUrl":"https:\/\/www.ivinio.com\/wp-content\/uploads\/2021\/01\/Logo-Ivinio-v2.jpg","width":1194,"height":1194,"caption":"IVINIO"},"image":{"@id":"https:\/\/www.ivinio.com\/sv\/#\/schema\/logo\/image\/"},"sameAs":["https:\/\/www.facebook.com\/groups\/165217837022391\/?ref=bookmarks","https:\/\/www.instagram.com\/_ivinio_\/?hl=fr"]}]}},"jetpack_sharing_enabled":true,"_links":{"self":[{"href":"https:\/\/www.ivinio.com\/sv\/wp-json\/wp\/v2\/product\/136952","targetHints":{"allow":["GET"]}}],"collection":[{"href":"https:\/\/www.ivinio.com\/sv\/wp-json\/wp\/v2\/product"}],"about":[{"href":"https:\/\/www.ivinio.com\/sv\/wp-json\/wp\/v2\/types\/product"}],"replies":[{"embeddable":true,"href":"https:\/\/www.ivinio.com\/sv\/wp-json\/wp\/v2\/comments?post=136952"}],"wp:featuredmedia":[{"embeddable":true,"href":"https:\/\/www.ivinio.com\/sv\/wp-json\/wp\/v2\/media\/136956"}],"wp:attachment":[{"href":"https:\/\/www.ivinio.com\/sv\/wp-json\/wp\/v2\/media?parent=136952"}],"wp:term":[{"taxonomy":"product_brand","embeddable":true,"href":"https:\/\/www.ivinio.com\/sv\/wp-json\/wp\/v2\/product_brand?post=136952"},{"taxonomy":"product_cat","embeddable":true,"href":"https:\/\/www.ivinio.com\/sv\/wp-json\/wp\/v2\/product_cat?post=136952"},{"taxonomy":"product_tag","embeddable":true,"href":"https:\/\/www.ivinio.com\/sv\/wp-json\/wp\/v2\/product_tag?post=136952"}],"curies":[{"name":"wp","href":"https:\/\/api.w.org\/{rel}","templated":true}]}}