{"id":136934,"date":"2025-02-07T16:16:15","date_gmt":"2025-02-07T15:16:15","guid":{"rendered":"https:\/\/www.ivinio.com\/?post_type=product&#038;p=136934"},"modified":"2025-02-20T11:55:43","modified_gmt":"2025-02-20T10:55:43","slug":"decugnano-dei-barbi-a-d-1212","status":"publish","type":"product","link":"https:\/\/www.ivinio.com\/sv\/produkt\/decugnano-dei-barbi-a-d-1212\/","title":{"rendered":"Decugnano dei Barbi- A.D.1212"},"content":{"rendered":"<p>Vinet \u00e4r en hyllning till \u00e5ret 1212, d\u00e5 Decugnano f\u00f6rst n\u00e4mndes i skrift d\u00e5 tv\u00e5 pr\u00e4ster, Giovanni och Pietro, tog hand om Santa Maria di Decugnano, och producerade vin f\u00f6r pr\u00e4sterskapet i Orvieto. Vinet framst\u00e4lls av en blandning av Cabernet Sauvignon, Syrah och Montepulciano<span style=\"font-size: 1rem;\">. Druvorna sk\u00f6rdas <\/span><span style=\"font-size: 1rem;\">i slutet av september och b\u00f6rjan av oktober f\u00f6r att s\u00e4kerst\u00e4lla optimal mognad. <\/span><span style=\"font-size: 1rem;\">Endast de b\u00e4sta druvklasarna v\u00e4ljs ut f\u00f6r att garantera h\u00f6gsta kvalitet. Druvorna avstj\u00e4lkas sedan och pressas l\u00e4tt. <\/span><span style=\"font-size: 1rem;\">Musten j\u00e4ses p\u00e5 <\/span>rostfria st\u00e5ltankar<span style=\"font-size: 1rem;\"> vid kontrollerad temperatur, med en <\/span>l\u00e5ng skalkontakt<span style=\"font-size: 1rem;\"> (maceration) f\u00f6r att extrahera f\u00e4rg, tanniner och aromer. <\/span>Pigeage &amp; Pump-overs<span style=\"font-size: 1rem;\"> \u2192 Regelbundna omr\u00f6rningar av skalmassan och \u00f6verpumpningar f\u00f6r att maximera extraktionen. Efter j\u00e4sningen lagras vin<\/span><span style=\"font-size: 1rem;\">et i <\/span>franska ekfat i 12\u201314 m\u00e5nader<span style=\"font-size: 1rem;\">. <\/span><span style=\"font-size: 1rem;\">B\u00e5de <\/span>nya och anv\u00e4nda fat<span style=\"font-size: 1rem;\"> anv\u00e4nds f\u00f6r att balansera ekens p\u00e5verkan och beh\u00e5lla vinets fruktighet. <\/span><span style=\"font-size: 1rem;\">Efter fatlagringen vilar vinet ytterligare <\/span>6\u201312 m\u00e5nader p\u00e5 flaska<span style=\"font-size: 1rem;\"> innan det sl\u00e4pps p\u00e5 marknaden.<\/span><\/p>\n","protected":false},"excerpt":{"rendered":"<p>Ett komplext ekfatslagrat r\u00f6dvin fr\u00e5n Umbrien.<\/p>\n","protected":false},"featured_media":136935,"comment_status":"open","ping_status":"closed","template":"","meta":{"_monsterinsights_skip_tracking":false,"_monsterinsights_sitenote_active":false,"_monsterinsights_sitenote_note":"","_monsterinsights_sitenote_category":0,"_uf_show_specific_survey":0,"_uf_disable_surveys":false},"product_brand":[],"product_cat":[36590,36665],"product_tag":[],"class_list":{"0":"post-136934","1":"product","2":"type-product","3":"status-publish","4":"has-post-thumbnail","6":"product_cat-italian-wines","7":"product_cat-en-umbria","9":"first","10":"instock","11":"taxable","12":"shipping-taxable","13":"purchasable","14":"product-type-simple"},"bundled_by":[],"bundle_stock_status":"instock","bundle_stock_quantity":null,"bundle_virtual":false,"bundle_layout":"","bundle_add_to_cart_form_location":"","bundle_editable_in_cart":false,"bundle_sold_individually_context":"","bundle_item_grouping":"","bundle_min_size":"","bundle_max_size":"","bundle_price":[],"bundled_items":[],"bundle_sell_ids":[],"yoast_head":"<!-- This site is optimized with the Yoast SEO plugin v27.5 - https:\/\/yoast.com\/product\/yoast-seo-wordpress\/ -->\n<title>Decugnano dei Barbi- A.D.1212 - IVINIO Vinbutik<\/title>\n<meta name=\"description\" content=\"Decugnano dei Barbi- A.D.1212. Ett komplext ekfatslagrat r\u00f6dvin fr\u00e5n Umbrien med inslag av mogna svarta vinb\u00e4r, k\u00f6rsb\u00e4r, plommon och bj\u00f6rnb\u00e4r.\" \/>\n<meta name=\"robots\" content=\"index, follow, max-snippet:-1, max-image-preview:large, max-video-preview:-1\" \/>\n<link rel=\"canonical\" href=\"https:\/\/www.ivinio.com\/sv\/produkt\/decugnano-dei-barbi-a-d-1212\/\" \/>\n<meta property=\"og:locale\" content=\"sv_SE\" \/>\n<meta property=\"og:type\" content=\"article\" \/>\n<meta property=\"og:title\" content=\"Decugnano dei Barbi- A.D.1212 - IVINIO Vinbutik\" \/>\n<meta property=\"og:description\" content=\"Decugnano dei Barbi- A.D.1212. Ett komplext ekfatslagrat r\u00f6dvin fr\u00e5n Umbrien med inslag av mogna svarta vinb\u00e4r, k\u00f6rsb\u00e4r, plommon och bj\u00f6rnb\u00e4r.\" \/>\n<meta property=\"og:url\" content=\"https:\/\/www.ivinio.com\/sv\/produkt\/decugnano-dei-barbi-a-d-1212\/\" \/>\n<meta property=\"og:site_name\" content=\"IVINIO Vinbutik\" \/>\n<meta property=\"article:publisher\" content=\"https:\/\/www.facebook.com\/groups\/165217837022391\/?ref=bookmarks\" \/>\n<meta property=\"article:modified_time\" content=\"2025-02-20T10:55:43+00:00\" \/>\n<meta property=\"og:image\" content=\"https:\/\/www.ivinio.com\/wp-content\/uploads\/2025\/02\/Decugnano-dei-barbi-AD1212-IVINIO.jpg\" \/>\n\t<meta property=\"og:image:width\" content=\"500\" \/>\n\t<meta property=\"og:image:height\" content=\"500\" \/>\n\t<meta property=\"og:image:type\" content=\"image\/jpeg\" \/>\n<meta name=\"twitter:card\" content=\"summary_large_image\" \/>\n<meta name=\"twitter:label1\" content=\"Ber\u00e4knad l\u00e4stid\" \/>\n\t<meta name=\"twitter:data1\" content=\"1 minut\" \/>\n<script type=\"application\/ld+json\" class=\"yoast-schema-graph\">{\"@context\":\"https:\\\/\\\/schema.org\",\"@graph\":[{\"@type\":\"WebPage\",\"@id\":\"https:\\\/\\\/www.ivinio.com\\\/sv\\\/produkt\\\/decugnano-dei-barbi-a-d-1212\\\/\",\"url\":\"https:\\\/\\\/www.ivinio.com\\\/sv\\\/produkt\\\/decugnano-dei-barbi-a-d-1212\\\/\",\"name\":\"Decugnano dei Barbi- A.D.1212 - IVINIO Vinbutik\",\"isPartOf\":{\"@id\":\"https:\\\/\\\/www.ivinio.com\\\/sv\\\/#website\"},\"primaryImageOfPage\":{\"@id\":\"https:\\\/\\\/www.ivinio.com\\\/sv\\\/produkt\\\/decugnano-dei-barbi-a-d-1212\\\/#primaryimage\"},\"image\":{\"@id\":\"https:\\\/\\\/www.ivinio.com\\\/sv\\\/produkt\\\/decugnano-dei-barbi-a-d-1212\\\/#primaryimage\"},\"thumbnailUrl\":\"https:\\\/\\\/www.ivinio.com\\\/wp-content\\\/uploads\\\/2025\\\/02\\\/Decugnano-dei-barbi-AD1212-IVINIO.jpg\",\"datePublished\":\"2025-02-07T15:16:15+00:00\",\"dateModified\":\"2025-02-20T10:55:43+00:00\",\"description\":\"Decugnano dei Barbi- A.D.1212. Ett komplext ekfatslagrat r\u00f6dvin fr\u00e5n Umbrien med inslag av mogna svarta vinb\u00e4r, k\u00f6rsb\u00e4r, plommon och bj\u00f6rnb\u00e4r.\",\"breadcrumb\":{\"@id\":\"https:\\\/\\\/www.ivinio.com\\\/sv\\\/produkt\\\/decugnano-dei-barbi-a-d-1212\\\/#breadcrumb\"},\"inLanguage\":\"sv-SE\",\"potentialAction\":[{\"@type\":\"ReadAction\",\"target\":[\"https:\\\/\\\/www.ivinio.com\\\/sv\\\/produkt\\\/decugnano-dei-barbi-a-d-1212\\\/\"]}]},{\"@type\":\"ImageObject\",\"inLanguage\":\"sv-SE\",\"@id\":\"https:\\\/\\\/www.ivinio.com\\\/sv\\\/produkt\\\/decugnano-dei-barbi-a-d-1212\\\/#primaryimage\",\"url\":\"https:\\\/\\\/www.ivinio.com\\\/wp-content\\\/uploads\\\/2025\\\/02\\\/Decugnano-dei-barbi-AD1212-IVINIO.jpg\",\"contentUrl\":\"https:\\\/\\\/www.ivinio.com\\\/wp-content\\\/uploads\\\/2025\\\/02\\\/Decugnano-dei-barbi-AD1212-IVINIO.jpg\",\"width\":500,\"height\":500},{\"@type\":\"BreadcrumbList\",\"@id\":\"https:\\\/\\\/www.ivinio.com\\\/sv\\\/produkt\\\/decugnano-dei-barbi-a-d-1212\\\/#breadcrumb\",\"itemListElement\":[{\"@type\":\"ListItem\",\"position\":1,\"name\":\"Hem\",\"item\":\"https:\\\/\\\/www.ivinio.com\\\/sv\\\/\"},{\"@type\":\"ListItem\",\"position\":2,\"name\":\"Vinbutik\",\"item\":\"https:\\\/\\\/www.ivinio.com\\\/sv\\\/vinbutik\\\/\"},{\"@type\":\"ListItem\",\"position\":3,\"name\":\"Decugnano dei Barbi- A.D.1212\"}]},{\"@type\":\"WebSite\",\"@id\":\"https:\\\/\\\/www.ivinio.com\\\/sv\\\/#website\",\"url\":\"https:\\\/\\\/www.ivinio.com\\\/sv\\\/\",\"name\":\"IVINIO Vinbutik\",\"description\":\"Vin fr\u00e5n Frankrike och Italien med leverans hem till din d\u00f6rr\",\"publisher\":{\"@id\":\"https:\\\/\\\/www.ivinio.com\\\/sv\\\/#organization\"},\"potentialAction\":[{\"@type\":\"SearchAction\",\"target\":{\"@type\":\"EntryPoint\",\"urlTemplate\":\"https:\\\/\\\/www.ivinio.com\\\/sv\\\/?s={search_term_string}\"},\"query-input\":{\"@type\":\"PropertyValueSpecification\",\"valueRequired\":true,\"valueName\":\"search_term_string\"}}],\"inLanguage\":\"sv-SE\"},{\"@type\":\"Organization\",\"@id\":\"https:\\\/\\\/www.ivinio.com\\\/sv\\\/#organization\",\"name\":\"IVINIO\",\"url\":\"https:\\\/\\\/www.ivinio.com\\\/sv\\\/\",\"logo\":{\"@type\":\"ImageObject\",\"inLanguage\":\"sv-SE\",\"@id\":\"https:\\\/\\\/www.ivinio.com\\\/sv\\\/#\\\/schema\\\/logo\\\/image\\\/\",\"url\":\"https:\\\/\\\/www.ivinio.com\\\/wp-content\\\/uploads\\\/2021\\\/01\\\/Logo-Ivinio-v2.jpg\",\"contentUrl\":\"https:\\\/\\\/www.ivinio.com\\\/wp-content\\\/uploads\\\/2021\\\/01\\\/Logo-Ivinio-v2.jpg\",\"width\":1194,\"height\":1194,\"caption\":\"IVINIO\"},\"image\":{\"@id\":\"https:\\\/\\\/www.ivinio.com\\\/sv\\\/#\\\/schema\\\/logo\\\/image\\\/\"},\"sameAs\":[\"https:\\\/\\\/www.facebook.com\\\/groups\\\/165217837022391\\\/?ref=bookmarks\",\"https:\\\/\\\/www.instagram.com\\\/_ivinio_\\\/?hl=fr\"]}]}<\/script>\n<!-- \/ Yoast SEO plugin. -->","yoast_head_json":{"title":"Decugnano dei Barbi- A.D.1212 - IVINIO Vinbutik","description":"Decugnano dei Barbi- A.D.1212. Ett komplext ekfatslagrat r\u00f6dvin fr\u00e5n Umbrien med inslag av mogna svarta vinb\u00e4r, k\u00f6rsb\u00e4r, plommon och bj\u00f6rnb\u00e4r.","robots":{"index":"index","follow":"follow","max-snippet":"max-snippet:-1","max-image-preview":"max-image-preview:large","max-video-preview":"max-video-preview:-1"},"canonical":"https:\/\/www.ivinio.com\/sv\/produkt\/decugnano-dei-barbi-a-d-1212\/","og_locale":"sv_SE","og_type":"article","og_title":"Decugnano dei Barbi- A.D.1212 - IVINIO Vinbutik","og_description":"Decugnano dei Barbi- A.D.1212. Ett komplext ekfatslagrat r\u00f6dvin fr\u00e5n Umbrien med inslag av mogna svarta vinb\u00e4r, k\u00f6rsb\u00e4r, plommon och bj\u00f6rnb\u00e4r.","og_url":"https:\/\/www.ivinio.com\/sv\/produkt\/decugnano-dei-barbi-a-d-1212\/","og_site_name":"IVINIO Vinbutik","article_publisher":"https:\/\/www.facebook.com\/groups\/165217837022391\/?ref=bookmarks","article_modified_time":"2025-02-20T10:55:43+00:00","og_image":[{"width":500,"height":500,"url":"https:\/\/www.ivinio.com\/wp-content\/uploads\/2025\/02\/Decugnano-dei-barbi-AD1212-IVINIO.jpg","type":"image\/jpeg"}],"twitter_card":"summary_large_image","twitter_misc":{"Ber\u00e4knad l\u00e4stid":"1 minut"},"schema":{"@context":"https:\/\/schema.org","@graph":[{"@type":"WebPage","@id":"https:\/\/www.ivinio.com\/sv\/produkt\/decugnano-dei-barbi-a-d-1212\/","url":"https:\/\/www.ivinio.com\/sv\/produkt\/decugnano-dei-barbi-a-d-1212\/","name":"Decugnano dei Barbi- A.D.1212 - IVINIO Vinbutik","isPartOf":{"@id":"https:\/\/www.ivinio.com\/sv\/#website"},"primaryImageOfPage":{"@id":"https:\/\/www.ivinio.com\/sv\/produkt\/decugnano-dei-barbi-a-d-1212\/#primaryimage"},"image":{"@id":"https:\/\/www.ivinio.com\/sv\/produkt\/decugnano-dei-barbi-a-d-1212\/#primaryimage"},"thumbnailUrl":"https:\/\/www.ivinio.com\/wp-content\/uploads\/2025\/02\/Decugnano-dei-barbi-AD1212-IVINIO.jpg","datePublished":"2025-02-07T15:16:15+00:00","dateModified":"2025-02-20T10:55:43+00:00","description":"Decugnano dei Barbi- A.D.1212. Ett komplext ekfatslagrat r\u00f6dvin fr\u00e5n Umbrien med inslag av mogna svarta vinb\u00e4r, k\u00f6rsb\u00e4r, plommon och bj\u00f6rnb\u00e4r.","breadcrumb":{"@id":"https:\/\/www.ivinio.com\/sv\/produkt\/decugnano-dei-barbi-a-d-1212\/#breadcrumb"},"inLanguage":"sv-SE","potentialAction":[{"@type":"ReadAction","target":["https:\/\/www.ivinio.com\/sv\/produkt\/decugnano-dei-barbi-a-d-1212\/"]}]},{"@type":"ImageObject","inLanguage":"sv-SE","@id":"https:\/\/www.ivinio.com\/sv\/produkt\/decugnano-dei-barbi-a-d-1212\/#primaryimage","url":"https:\/\/www.ivinio.com\/wp-content\/uploads\/2025\/02\/Decugnano-dei-barbi-AD1212-IVINIO.jpg","contentUrl":"https:\/\/www.ivinio.com\/wp-content\/uploads\/2025\/02\/Decugnano-dei-barbi-AD1212-IVINIO.jpg","width":500,"height":500},{"@type":"BreadcrumbList","@id":"https:\/\/www.ivinio.com\/sv\/produkt\/decugnano-dei-barbi-a-d-1212\/#breadcrumb","itemListElement":[{"@type":"ListItem","position":1,"name":"Hem","item":"https:\/\/www.ivinio.com\/sv\/"},{"@type":"ListItem","position":2,"name":"Vinbutik","item":"https:\/\/www.ivinio.com\/sv\/vinbutik\/"},{"@type":"ListItem","position":3,"name":"Decugnano dei Barbi- A.D.1212"}]},{"@type":"WebSite","@id":"https:\/\/www.ivinio.com\/sv\/#website","url":"https:\/\/www.ivinio.com\/sv\/","name":"IVINIO Vinbutik","description":"Vin fr\u00e5n Frankrike och Italien med leverans hem till din d\u00f6rr","publisher":{"@id":"https:\/\/www.ivinio.com\/sv\/#organization"},"potentialAction":[{"@type":"SearchAction","target":{"@type":"EntryPoint","urlTemplate":"https:\/\/www.ivinio.com\/sv\/?s={search_term_string}"},"query-input":{"@type":"PropertyValueSpecification","valueRequired":true,"valueName":"search_term_string"}}],"inLanguage":"sv-SE"},{"@type":"Organization","@id":"https:\/\/www.ivinio.com\/sv\/#organization","name":"IVINIO","url":"https:\/\/www.ivinio.com\/sv\/","logo":{"@type":"ImageObject","inLanguage":"sv-SE","@id":"https:\/\/www.ivinio.com\/sv\/#\/schema\/logo\/image\/","url":"https:\/\/www.ivinio.com\/wp-content\/uploads\/2021\/01\/Logo-Ivinio-v2.jpg","contentUrl":"https:\/\/www.ivinio.com\/wp-content\/uploads\/2021\/01\/Logo-Ivinio-v2.jpg","width":1194,"height":1194,"caption":"IVINIO"},"image":{"@id":"https:\/\/www.ivinio.com\/sv\/#\/schema\/logo\/image\/"},"sameAs":["https:\/\/www.facebook.com\/groups\/165217837022391\/?ref=bookmarks","https:\/\/www.instagram.com\/_ivinio_\/?hl=fr"]}]}},"jetpack_sharing_enabled":true,"_links":{"self":[{"href":"https:\/\/www.ivinio.com\/sv\/wp-json\/wp\/v2\/product\/136934","targetHints":{"allow":["GET"]}}],"collection":[{"href":"https:\/\/www.ivinio.com\/sv\/wp-json\/wp\/v2\/product"}],"about":[{"href":"https:\/\/www.ivinio.com\/sv\/wp-json\/wp\/v2\/types\/product"}],"replies":[{"embeddable":true,"href":"https:\/\/www.ivinio.com\/sv\/wp-json\/wp\/v2\/comments?post=136934"}],"wp:featuredmedia":[{"embeddable":true,"href":"https:\/\/www.ivinio.com\/sv\/wp-json\/wp\/v2\/media\/136935"}],"wp:attachment":[{"href":"https:\/\/www.ivinio.com\/sv\/wp-json\/wp\/v2\/media?parent=136934"}],"wp:term":[{"taxonomy":"product_brand","embeddable":true,"href":"https:\/\/www.ivinio.com\/sv\/wp-json\/wp\/v2\/product_brand?post=136934"},{"taxonomy":"product_cat","embeddable":true,"href":"https:\/\/www.ivinio.com\/sv\/wp-json\/wp\/v2\/product_cat?post=136934"},{"taxonomy":"product_tag","embeddable":true,"href":"https:\/\/www.ivinio.com\/sv\/wp-json\/wp\/v2\/product_tag?post=136934"}],"curies":[{"name":"wp","href":"https:\/\/api.w.org\/{rel}","templated":true}]}}