{"id":136910,"date":"2025-02-06T14:44:56","date_gmt":"2025-02-06T13:44:56","guid":{"rendered":"https:\/\/www.ivinio.com\/?post_type=product&#038;p=136910"},"modified":"2025-02-15T18:01:03","modified_gmt":"2025-02-15T17:01:03","slug":"venica-venica-collio-cabernet-franc-rod","status":"publish","type":"product","link":"https:\/\/www.ivinio.com\/sv\/produkt\/venica-venica-collio-cabernet-franc-rod\/","title":{"rendered":"Venica &#038; Venica &#8211; Collio &#8211; Cabernet Franc &#8211; R\u00f6d"},"content":{"rendered":"<p>Venica &amp; Venica &#8211; Collio &#8211; Cabernet Franc framst\u00e4lls med en druvsort som har sitt ursprung i Bordeauxt. Cabernet Franc har sin egen charm, fr\u00e4mst kopplad med speciell och unik karakt\u00e4r. En fruktig doft med \u00f6rtiga (fr\u00e4mst rucola) och kryddiga inslag. Druvorna sk\u00f6rdas och plockas fr\u00e5n klasarna de f\u00f6rsta 10 dagarna i oktober. Efter ankomsten till vink\u00e4llaren macererar druvorna i cirka 10 dagar.<br \/>\nvid en temperatur som inte \u00f6verstiger 24\u00b0C. Vinet lagras p\u00e5 st\u00e5ltankar fram till buteljeringen.<\/p>\n","protected":false},"excerpt":{"rendered":"<p>En Cabernet Franc fr\u00e5n Friuli med toner av sm\u00e5 b\u00e4r (bl\u00e5b\u00e4r, vinb\u00e4r och hallon), men ocks\u00e5 med kryddiga inslag av svartpeppar och lakrits.<\/p>\n","protected":false},"featured_media":136911,"comment_status":"open","ping_status":"closed","template":"","meta":{"_monsterinsights_skip_tracking":false,"_monsterinsights_sitenote_active":false,"_monsterinsights_sitenote_note":"","_monsterinsights_sitenote_category":0,"_uf_show_specific_survey":0,"_uf_disable_surveys":false},"product_brand":[],"product_cat":[36589,36592],"product_tag":[],"class_list":{"0":"post-136910","1":"product","2":"type-product","3":"status-publish","4":"has-post-thumbnail","6":"product_cat-vins-italiens","7":"product_cat-fr-veneto-friuli","8":"pa_alcohol-degree-13-sv","9":"pa_classification-doc-collio-fr","10":"pa_color-rouge-fr","11":"pa_country-italie-fr","12":"pa_grape-variety-cabernet-franc-fr","13":"pa_region-friuli-fr","14":"pa_storage-potential-7-ans","15":"pa_vintage-2021-fr","16":"pa_volume-75-cl-fr","18":"first","19":"instock","20":"taxable","21":"shipping-taxable","22":"purchasable","23":"product-type-simple"},"bundled_by":[],"bundle_stock_status":"instock","bundle_stock_quantity":null,"bundle_virtual":false,"bundle_layout":"","bundle_add_to_cart_form_location":"","bundle_editable_in_cart":false,"bundle_sold_individually_context":"","bundle_item_grouping":"","bundle_min_size":"","bundle_max_size":"","bundle_price":[],"bundled_items":[],"bundle_sell_ids":[],"yoast_head":"<!-- This site is optimized with the Yoast SEO plugin v27.6 - https:\/\/yoast.com\/product\/yoast-seo-wordpress\/ -->\n<title>Venica &amp; Venica - Collio - Cabernet Franc - R\u00f6d - IVINIO Vinbutik<\/title>\n<meta name=\"description\" content=\"Venica &amp; Venica - Collio - Cabernet Franc har en fruktig doft med toner av sm\u00e5 b\u00e4r (bl\u00e5b\u00e4r, vinb\u00e4r och hallon), men ocks\u00e5 med kryddiga inslag.\" \/>\n<meta name=\"robots\" content=\"index, follow, max-snippet:-1, max-image-preview:large, max-video-preview:-1\" \/>\n<link rel=\"canonical\" href=\"https:\/\/www.ivinio.com\/sv\/produkt\/venica-venica-collio-cabernet-franc-rod\/\" \/>\n<meta property=\"og:locale\" content=\"sv_SE\" \/>\n<meta property=\"og:type\" content=\"article\" \/>\n<meta property=\"og:title\" content=\"Venica &amp; Venica - Collio - Cabernet Franc - R\u00f6d - IVINIO Vinbutik\" \/>\n<meta property=\"og:description\" content=\"Venica &amp; Venica - Collio - Cabernet Franc har en fruktig doft med toner av sm\u00e5 b\u00e4r (bl\u00e5b\u00e4r, vinb\u00e4r och hallon), men ocks\u00e5 med kryddiga inslag.\" \/>\n<meta property=\"og:url\" content=\"https:\/\/www.ivinio.com\/sv\/produkt\/venica-venica-collio-cabernet-franc-rod\/\" \/>\n<meta property=\"og:site_name\" content=\"IVINIO Vinbutik\" \/>\n<meta property=\"article:publisher\" content=\"https:\/\/www.facebook.com\/groups\/165217837022391\/?ref=bookmarks\" \/>\n<meta property=\"article:modified_time\" content=\"2025-02-15T17:01:03+00:00\" \/>\n<meta property=\"og:image\" content=\"https:\/\/www.ivinio.com\/wp-content\/uploads\/2025\/02\/Venica-Collio-Cabernet-Franc-IVINIO.jpg\" \/>\n\t<meta property=\"og:image:width\" content=\"500\" \/>\n\t<meta property=\"og:image:height\" content=\"500\" \/>\n\t<meta property=\"og:image:type\" content=\"image\/jpeg\" \/>\n<meta name=\"twitter:card\" content=\"summary_large_image\" \/>\n<meta name=\"twitter:label1\" content=\"Ber\u00e4knad l\u00e4stid\" \/>\n\t<meta name=\"twitter:data1\" content=\"1 minut\" \/>\n<script type=\"application\/ld+json\" class=\"yoast-schema-graph\">{\"@context\":\"https:\\\/\\\/schema.org\",\"@graph\":[{\"@type\":\"WebPage\",\"@id\":\"https:\\\/\\\/www.ivinio.com\\\/sv\\\/produkt\\\/venica-venica-collio-cabernet-franc-rod\\\/\",\"url\":\"https:\\\/\\\/www.ivinio.com\\\/sv\\\/produkt\\\/venica-venica-collio-cabernet-franc-rod\\\/\",\"name\":\"Venica & Venica - Collio - Cabernet Franc - R\u00f6d - IVINIO Vinbutik\",\"isPartOf\":{\"@id\":\"https:\\\/\\\/www.ivinio.com\\\/sv\\\/#website\"},\"primaryImageOfPage\":{\"@id\":\"https:\\\/\\\/www.ivinio.com\\\/sv\\\/produkt\\\/venica-venica-collio-cabernet-franc-rod\\\/#primaryimage\"},\"image\":{\"@id\":\"https:\\\/\\\/www.ivinio.com\\\/sv\\\/produkt\\\/venica-venica-collio-cabernet-franc-rod\\\/#primaryimage\"},\"thumbnailUrl\":\"https:\\\/\\\/www.ivinio.com\\\/wp-content\\\/uploads\\\/2025\\\/02\\\/Venica-Collio-Cabernet-Franc-IVINIO.jpg\",\"datePublished\":\"2025-02-06T13:44:56+00:00\",\"dateModified\":\"2025-02-15T17:01:03+00:00\",\"description\":\"Venica & Venica - Collio - Cabernet Franc har en fruktig doft med toner av sm\u00e5 b\u00e4r (bl\u00e5b\u00e4r, vinb\u00e4r och hallon), men ocks\u00e5 med kryddiga inslag.\",\"breadcrumb\":{\"@id\":\"https:\\\/\\\/www.ivinio.com\\\/sv\\\/produkt\\\/venica-venica-collio-cabernet-franc-rod\\\/#breadcrumb\"},\"inLanguage\":\"sv-SE\",\"potentialAction\":[{\"@type\":\"ReadAction\",\"target\":[\"https:\\\/\\\/www.ivinio.com\\\/sv\\\/produkt\\\/venica-venica-collio-cabernet-franc-rod\\\/\"]}]},{\"@type\":\"ImageObject\",\"inLanguage\":\"sv-SE\",\"@id\":\"https:\\\/\\\/www.ivinio.com\\\/sv\\\/produkt\\\/venica-venica-collio-cabernet-franc-rod\\\/#primaryimage\",\"url\":\"https:\\\/\\\/www.ivinio.com\\\/wp-content\\\/uploads\\\/2025\\\/02\\\/Venica-Collio-Cabernet-Franc-IVINIO.jpg\",\"contentUrl\":\"https:\\\/\\\/www.ivinio.com\\\/wp-content\\\/uploads\\\/2025\\\/02\\\/Venica-Collio-Cabernet-Franc-IVINIO.jpg\",\"width\":500,\"height\":500},{\"@type\":\"BreadcrumbList\",\"@id\":\"https:\\\/\\\/www.ivinio.com\\\/sv\\\/produkt\\\/venica-venica-collio-cabernet-franc-rod\\\/#breadcrumb\",\"itemListElement\":[{\"@type\":\"ListItem\",\"position\":1,\"name\":\"Hem\",\"item\":\"https:\\\/\\\/www.ivinio.com\\\/sv\\\/\"},{\"@type\":\"ListItem\",\"position\":2,\"name\":\"Vinbutik\",\"item\":\"https:\\\/\\\/www.ivinio.com\\\/sv\\\/vinbutik\\\/\"},{\"@type\":\"ListItem\",\"position\":3,\"name\":\"Venica &#038; Venica &#8211; Collio &#8211; Cabernet Franc &#8211; R\u00f6d\"}]},{\"@type\":\"WebSite\",\"@id\":\"https:\\\/\\\/www.ivinio.com\\\/sv\\\/#website\",\"url\":\"https:\\\/\\\/www.ivinio.com\\\/sv\\\/\",\"name\":\"IVINIO Vinbutik\",\"description\":\"Vin fr\u00e5n Frankrike och Italien med leverans hem till din d\u00f6rr\",\"publisher\":{\"@id\":\"https:\\\/\\\/www.ivinio.com\\\/sv\\\/#organization\"},\"potentialAction\":[{\"@type\":\"SearchAction\",\"target\":{\"@type\":\"EntryPoint\",\"urlTemplate\":\"https:\\\/\\\/www.ivinio.com\\\/sv\\\/?s={search_term_string}\"},\"query-input\":{\"@type\":\"PropertyValueSpecification\",\"valueRequired\":true,\"valueName\":\"search_term_string\"}}],\"inLanguage\":\"sv-SE\"},{\"@type\":\"Organization\",\"@id\":\"https:\\\/\\\/www.ivinio.com\\\/sv\\\/#organization\",\"name\":\"IVINIO\",\"url\":\"https:\\\/\\\/www.ivinio.com\\\/sv\\\/\",\"logo\":{\"@type\":\"ImageObject\",\"inLanguage\":\"sv-SE\",\"@id\":\"https:\\\/\\\/www.ivinio.com\\\/sv\\\/#\\\/schema\\\/logo\\\/image\\\/\",\"url\":\"https:\\\/\\\/www.ivinio.com\\\/wp-content\\\/uploads\\\/2021\\\/01\\\/Logo-Ivinio-v2.jpg\",\"contentUrl\":\"https:\\\/\\\/www.ivinio.com\\\/wp-content\\\/uploads\\\/2021\\\/01\\\/Logo-Ivinio-v2.jpg\",\"width\":1194,\"height\":1194,\"caption\":\"IVINIO\"},\"image\":{\"@id\":\"https:\\\/\\\/www.ivinio.com\\\/sv\\\/#\\\/schema\\\/logo\\\/image\\\/\"},\"sameAs\":[\"https:\\\/\\\/www.facebook.com\\\/groups\\\/165217837022391\\\/?ref=bookmarks\",\"https:\\\/\\\/www.instagram.com\\\/_ivinio_\\\/?hl=fr\"]}]}<\/script>\n<!-- \/ Yoast SEO plugin. -->","yoast_head_json":{"title":"Venica & Venica - Collio - Cabernet Franc - R\u00f6d - IVINIO Vinbutik","description":"Venica & Venica - Collio - Cabernet Franc har en fruktig doft med toner av sm\u00e5 b\u00e4r (bl\u00e5b\u00e4r, vinb\u00e4r och hallon), men ocks\u00e5 med kryddiga inslag.","robots":{"index":"index","follow":"follow","max-snippet":"max-snippet:-1","max-image-preview":"max-image-preview:large","max-video-preview":"max-video-preview:-1"},"canonical":"https:\/\/www.ivinio.com\/sv\/produkt\/venica-venica-collio-cabernet-franc-rod\/","og_locale":"sv_SE","og_type":"article","og_title":"Venica & Venica - Collio - Cabernet Franc - R\u00f6d - IVINIO Vinbutik","og_description":"Venica & Venica - Collio - Cabernet Franc har en fruktig doft med toner av sm\u00e5 b\u00e4r (bl\u00e5b\u00e4r, vinb\u00e4r och hallon), men ocks\u00e5 med kryddiga inslag.","og_url":"https:\/\/www.ivinio.com\/sv\/produkt\/venica-venica-collio-cabernet-franc-rod\/","og_site_name":"IVINIO Vinbutik","article_publisher":"https:\/\/www.facebook.com\/groups\/165217837022391\/?ref=bookmarks","article_modified_time":"2025-02-15T17:01:03+00:00","og_image":[{"width":500,"height":500,"url":"https:\/\/www.ivinio.com\/wp-content\/uploads\/2025\/02\/Venica-Collio-Cabernet-Franc-IVINIO.jpg","type":"image\/jpeg"}],"twitter_card":"summary_large_image","twitter_misc":{"Ber\u00e4knad l\u00e4stid":"1 minut"},"schema":{"@context":"https:\/\/schema.org","@graph":[{"@type":"WebPage","@id":"https:\/\/www.ivinio.com\/sv\/produkt\/venica-venica-collio-cabernet-franc-rod\/","url":"https:\/\/www.ivinio.com\/sv\/produkt\/venica-venica-collio-cabernet-franc-rod\/","name":"Venica & Venica - Collio - Cabernet Franc - R\u00f6d - IVINIO Vinbutik","isPartOf":{"@id":"https:\/\/www.ivinio.com\/sv\/#website"},"primaryImageOfPage":{"@id":"https:\/\/www.ivinio.com\/sv\/produkt\/venica-venica-collio-cabernet-franc-rod\/#primaryimage"},"image":{"@id":"https:\/\/www.ivinio.com\/sv\/produkt\/venica-venica-collio-cabernet-franc-rod\/#primaryimage"},"thumbnailUrl":"https:\/\/www.ivinio.com\/wp-content\/uploads\/2025\/02\/Venica-Collio-Cabernet-Franc-IVINIO.jpg","datePublished":"2025-02-06T13:44:56+00:00","dateModified":"2025-02-15T17:01:03+00:00","description":"Venica & Venica - Collio - Cabernet Franc har en fruktig doft med toner av sm\u00e5 b\u00e4r (bl\u00e5b\u00e4r, vinb\u00e4r och hallon), men ocks\u00e5 med kryddiga inslag.","breadcrumb":{"@id":"https:\/\/www.ivinio.com\/sv\/produkt\/venica-venica-collio-cabernet-franc-rod\/#breadcrumb"},"inLanguage":"sv-SE","potentialAction":[{"@type":"ReadAction","target":["https:\/\/www.ivinio.com\/sv\/produkt\/venica-venica-collio-cabernet-franc-rod\/"]}]},{"@type":"ImageObject","inLanguage":"sv-SE","@id":"https:\/\/www.ivinio.com\/sv\/produkt\/venica-venica-collio-cabernet-franc-rod\/#primaryimage","url":"https:\/\/www.ivinio.com\/wp-content\/uploads\/2025\/02\/Venica-Collio-Cabernet-Franc-IVINIO.jpg","contentUrl":"https:\/\/www.ivinio.com\/wp-content\/uploads\/2025\/02\/Venica-Collio-Cabernet-Franc-IVINIO.jpg","width":500,"height":500},{"@type":"BreadcrumbList","@id":"https:\/\/www.ivinio.com\/sv\/produkt\/venica-venica-collio-cabernet-franc-rod\/#breadcrumb","itemListElement":[{"@type":"ListItem","position":1,"name":"Hem","item":"https:\/\/www.ivinio.com\/sv\/"},{"@type":"ListItem","position":2,"name":"Vinbutik","item":"https:\/\/www.ivinio.com\/sv\/vinbutik\/"},{"@type":"ListItem","position":3,"name":"Venica &#038; Venica &#8211; Collio &#8211; Cabernet Franc &#8211; R\u00f6d"}]},{"@type":"WebSite","@id":"https:\/\/www.ivinio.com\/sv\/#website","url":"https:\/\/www.ivinio.com\/sv\/","name":"IVINIO Vinbutik","description":"Vin fr\u00e5n Frankrike och Italien med leverans hem till din d\u00f6rr","publisher":{"@id":"https:\/\/www.ivinio.com\/sv\/#organization"},"potentialAction":[{"@type":"SearchAction","target":{"@type":"EntryPoint","urlTemplate":"https:\/\/www.ivinio.com\/sv\/?s={search_term_string}"},"query-input":{"@type":"PropertyValueSpecification","valueRequired":true,"valueName":"search_term_string"}}],"inLanguage":"sv-SE"},{"@type":"Organization","@id":"https:\/\/www.ivinio.com\/sv\/#organization","name":"IVINIO","url":"https:\/\/www.ivinio.com\/sv\/","logo":{"@type":"ImageObject","inLanguage":"sv-SE","@id":"https:\/\/www.ivinio.com\/sv\/#\/schema\/logo\/image\/","url":"https:\/\/www.ivinio.com\/wp-content\/uploads\/2021\/01\/Logo-Ivinio-v2.jpg","contentUrl":"https:\/\/www.ivinio.com\/wp-content\/uploads\/2021\/01\/Logo-Ivinio-v2.jpg","width":1194,"height":1194,"caption":"IVINIO"},"image":{"@id":"https:\/\/www.ivinio.com\/sv\/#\/schema\/logo\/image\/"},"sameAs":["https:\/\/www.facebook.com\/groups\/165217837022391\/?ref=bookmarks","https:\/\/www.instagram.com\/_ivinio_\/?hl=fr"]}]}},"jetpack_sharing_enabled":true,"_links":{"self":[{"href":"https:\/\/www.ivinio.com\/sv\/wp-json\/wp\/v2\/product\/136910","targetHints":{"allow":["GET"]}}],"collection":[{"href":"https:\/\/www.ivinio.com\/sv\/wp-json\/wp\/v2\/product"}],"about":[{"href":"https:\/\/www.ivinio.com\/sv\/wp-json\/wp\/v2\/types\/product"}],"replies":[{"embeddable":true,"href":"https:\/\/www.ivinio.com\/sv\/wp-json\/wp\/v2\/comments?post=136910"}],"wp:featuredmedia":[{"embeddable":true,"href":"https:\/\/www.ivinio.com\/sv\/wp-json\/wp\/v2\/media\/136911"}],"wp:attachment":[{"href":"https:\/\/www.ivinio.com\/sv\/wp-json\/wp\/v2\/media?parent=136910"}],"wp:term":[{"taxonomy":"product_brand","embeddable":true,"href":"https:\/\/www.ivinio.com\/sv\/wp-json\/wp\/v2\/product_brand?post=136910"},{"taxonomy":"product_cat","embeddable":true,"href":"https:\/\/www.ivinio.com\/sv\/wp-json\/wp\/v2\/product_cat?post=136910"},{"taxonomy":"product_tag","embeddable":true,"href":"https:\/\/www.ivinio.com\/sv\/wp-json\/wp\/v2\/product_tag?post=136910"}],"curies":[{"name":"wp","href":"https:\/\/api.w.org\/{rel}","templated":true}]}}