{"id":136891,"date":"2025-02-01T17:20:39","date_gmt":"2025-02-01T16:20:39","guid":{"rendered":"https:\/\/www.ivinio.com\/?post_type=product&#038;p=136891"},"modified":"2025-02-15T12:01:01","modified_gmt":"2025-02-15T11:01:01","slug":"ca-del-bosco-maurizio-zanella-rod","status":"publish","type":"product","link":"https:\/\/www.ivinio.com\/sv\/produkt\/ca-del-bosco-maurizio-zanella-rod\/","title":{"rendered":"Ca&#8217; del Bosco &#8211; Maurizio Zanella &#8211; R\u00f6d"},"content":{"rendered":"<p>Ca&#8217; del Bosco &#8211; Maurizio Zanella \u00e4r ett av ving\u00e5rdens mest prestigefyllda r\u00f6dviner och har uppkallats efter grundaren sj\u00e4lv. Vinet framst\u00e4lls av Cabernet Sauvignon, Merlot och Cabernet Franc fr\u00e5n Ca\u2019 del Boscos b\u00e4sta vinodlingar. Druvorna \u00e4r handplockade och placerade i sm\u00e5 l\u00e5dor, d\u00e4r de sorteras och kyls ner. Klasarna gallras innan de g\u00e5r igenom det exklusiva &#8220;b\u00e4rspaet&#8221;, det vill s\u00e4ga en specialtv\u00e4tt och med tre bl\u00f6tl\u00e4ggningstankar och ett torksystem. Kort d\u00e4refter transporteras klasarna \u00f6ver till macerationsk\u00e4rlet f\u00f6r att avstj\u00e4lkas. Alkoholj\u00e4sning och maceration tar 21 dagar med noggrann kontroll av temperaturen. Vinet blandas med gravitationspumpning dagligen f\u00f6r att extrahera f\u00e4rg och tanniner. D\u00e4refter h\u00e4lls vinet p\u00e5 sm\u00e5 fat, varav 70 % nya ekfat. F\u00f6rst efter den malolaktiska j\u00e4sningen, mitt i vintern, blandas de olika vinerna samman till slutprodukten och lagras sedan i ekfat ca. 12 m\u00e5nader. Tappningssystemen g\u00f6r att flaskorna kan fyllas utan tillsats av sulfiter.<\/p>\n","protected":false},"excerpt":{"rendered":"<p>Mjukt och runt r\u00f6dvin med sammetslena tanniner. Balanserad syra ger friskhet och struktur, ekfatslagringen bidrar med djup.<\/p>\n","protected":false},"featured_media":136892,"comment_status":"open","ping_status":"closed","template":"","meta":{"_monsterinsights_skip_tracking":false,"_monsterinsights_sitenote_active":false,"_monsterinsights_sitenote_note":"","_monsterinsights_sitenote_category":0,"_uf_show_specific_survey":0,"_uf_disable_surveys":false},"product_brand":[],"product_cat":[36591,36657],"product_tag":[],"class_list":{"0":"post-136891","1":"product","2":"type-product","3":"status-publish","4":"has-post-thumbnail","6":"product_cat-italienska-viner","7":"product_cat-sv-lombardiet","8":"pa_alcohol-degree-13-5-sv","9":"pa_classification-igt-sebino-rosso","10":"pa_color-rod-sv","11":"pa_country-italien-sv","12":"pa_grape-variety-cabernet-franc-sv","13":"pa_grape-variety-cabernet-sauvignon","14":"pa_grape-variety-carmenere-sv","15":"pa_grape-variety-merlot-sv","16":"pa_package-1x1-sv","17":"pa_package-1x6-sv","18":"pa_region-lombardiet-sv","19":"pa_storage-potential-mer-an-10-ar-sv","20":"pa_vintage-39899","21":"pa_volume-75-cl-sv","23":"first","24":"instock","25":"taxable","26":"shipping-taxable","27":"purchasable","28":"product-type-variable"},"bundled_by":[],"bundle_stock_status":"instock","bundle_stock_quantity":null,"bundle_virtual":false,"bundle_layout":"","bundle_add_to_cart_form_location":"","bundle_editable_in_cart":false,"bundle_sold_individually_context":"","bundle_item_grouping":"","bundle_min_size":"","bundle_max_size":"","bundle_price":[],"bundled_items":[],"bundle_sell_ids":[],"yoast_head":"<!-- This site is optimized with the Yoast SEO plugin v27.5 - https:\/\/yoast.com\/product\/yoast-seo-wordpress\/ -->\n<title>Ca&#039; del Bosco - Corte del Lupo - R\u00f6dvin - IVINIO Vinbutik<\/title>\n<meta name=\"description\" content=\"Ca&#039; del Bosco - Maurizio Zanella - R\u00f6dvin. Inslag av m\u00f6rka b\u00e4r (k\u00f6rsb\u00e4r, svarta vinb\u00e4r, bj\u00f6rnb\u00e4r), samt kryddiga toner av svartpeppar och nejlika.\" \/>\n<meta name=\"robots\" content=\"index, follow, max-snippet:-1, max-image-preview:large, max-video-preview:-1\" \/>\n<link rel=\"canonical\" href=\"https:\/\/www.ivinio.com\/sv\/produkt\/ca-del-bosco-maurizio-zanella-rod\/\" \/>\n<meta property=\"og:locale\" content=\"sv_SE\" \/>\n<meta property=\"og:type\" content=\"article\" \/>\n<meta property=\"og:title\" content=\"Ca&#039; del Bosco - Corte del Lupo - R\u00f6dvin - IVINIO Vinbutik\" \/>\n<meta property=\"og:description\" content=\"Ca&#039; del Bosco - Maurizio Zanella - R\u00f6dvin. Inslag av m\u00f6rka b\u00e4r (k\u00f6rsb\u00e4r, svarta vinb\u00e4r, bj\u00f6rnb\u00e4r), samt kryddiga toner av svartpeppar och nejlika.\" \/>\n<meta property=\"og:url\" content=\"https:\/\/www.ivinio.com\/sv\/produkt\/ca-del-bosco-maurizio-zanella-rod\/\" \/>\n<meta property=\"og:site_name\" content=\"IVINIO Vinbutik\" \/>\n<meta property=\"article:publisher\" content=\"https:\/\/www.facebook.com\/groups\/165217837022391\/?ref=bookmarks\" \/>\n<meta property=\"article:modified_time\" content=\"2025-02-15T11:01:01+00:00\" \/>\n<meta property=\"og:image\" content=\"https:\/\/www.ivinio.com\/wp-content\/uploads\/2025\/02\/Ca-del-bosco-maurizio-zanella-IVINIO.jpg\" \/>\n\t<meta property=\"og:image:width\" content=\"500\" \/>\n\t<meta property=\"og:image:height\" content=\"500\" \/>\n\t<meta property=\"og:image:type\" content=\"image\/jpeg\" \/>\n<meta name=\"twitter:card\" content=\"summary_large_image\" \/>\n<meta name=\"twitter:label1\" content=\"Ber\u00e4knad l\u00e4stid\" \/>\n\t<meta name=\"twitter:data1\" content=\"1 minut\" \/>\n<script type=\"application\/ld+json\" class=\"yoast-schema-graph\">{\"@context\":\"https:\\\/\\\/schema.org\",\"@graph\":[{\"@type\":\"WebPage\",\"@id\":\"https:\\\/\\\/www.ivinio.com\\\/sv\\\/produkt\\\/ca-del-bosco-maurizio-zanella-rod\\\/\",\"url\":\"https:\\\/\\\/www.ivinio.com\\\/sv\\\/produkt\\\/ca-del-bosco-maurizio-zanella-rod\\\/\",\"name\":\"Ca' del Bosco - Corte del Lupo - R\u00f6dvin - IVINIO Vinbutik\",\"isPartOf\":{\"@id\":\"https:\\\/\\\/www.ivinio.com\\\/sv\\\/#website\"},\"primaryImageOfPage\":{\"@id\":\"https:\\\/\\\/www.ivinio.com\\\/sv\\\/produkt\\\/ca-del-bosco-maurizio-zanella-rod\\\/#primaryimage\"},\"image\":{\"@id\":\"https:\\\/\\\/www.ivinio.com\\\/sv\\\/produkt\\\/ca-del-bosco-maurizio-zanella-rod\\\/#primaryimage\"},\"thumbnailUrl\":\"https:\\\/\\\/www.ivinio.com\\\/wp-content\\\/uploads\\\/2025\\\/02\\\/Ca-del-bosco-maurizio-zanella-IVINIO.jpg\",\"datePublished\":\"2025-02-01T16:20:39+00:00\",\"dateModified\":\"2025-02-15T11:01:01+00:00\",\"description\":\"Ca' del Bosco - Maurizio Zanella - R\u00f6dvin. Inslag av m\u00f6rka b\u00e4r (k\u00f6rsb\u00e4r, svarta vinb\u00e4r, bj\u00f6rnb\u00e4r), samt kryddiga toner av svartpeppar och nejlika.\",\"breadcrumb\":{\"@id\":\"https:\\\/\\\/www.ivinio.com\\\/sv\\\/produkt\\\/ca-del-bosco-maurizio-zanella-rod\\\/#breadcrumb\"},\"inLanguage\":\"sv-SE\",\"potentialAction\":[{\"@type\":\"ReadAction\",\"target\":[\"https:\\\/\\\/www.ivinio.com\\\/sv\\\/produkt\\\/ca-del-bosco-maurizio-zanella-rod\\\/\"]}]},{\"@type\":\"ImageObject\",\"inLanguage\":\"sv-SE\",\"@id\":\"https:\\\/\\\/www.ivinio.com\\\/sv\\\/produkt\\\/ca-del-bosco-maurizio-zanella-rod\\\/#primaryimage\",\"url\":\"https:\\\/\\\/www.ivinio.com\\\/wp-content\\\/uploads\\\/2025\\\/02\\\/Ca-del-bosco-maurizio-zanella-IVINIO.jpg\",\"contentUrl\":\"https:\\\/\\\/www.ivinio.com\\\/wp-content\\\/uploads\\\/2025\\\/02\\\/Ca-del-bosco-maurizio-zanella-IVINIO.jpg\",\"width\":500,\"height\":500},{\"@type\":\"BreadcrumbList\",\"@id\":\"https:\\\/\\\/www.ivinio.com\\\/sv\\\/produkt\\\/ca-del-bosco-maurizio-zanella-rod\\\/#breadcrumb\",\"itemListElement\":[{\"@type\":\"ListItem\",\"position\":1,\"name\":\"Hem\",\"item\":\"https:\\\/\\\/www.ivinio.com\\\/sv\\\/\"},{\"@type\":\"ListItem\",\"position\":2,\"name\":\"Vinbutik\",\"item\":\"https:\\\/\\\/www.ivinio.com\\\/sv\\\/vinbutik\\\/\"},{\"@type\":\"ListItem\",\"position\":3,\"name\":\"Ca&#8217; del Bosco &#8211; Maurizio Zanella &#8211; R\u00f6d\"}]},{\"@type\":\"WebSite\",\"@id\":\"https:\\\/\\\/www.ivinio.com\\\/sv\\\/#website\",\"url\":\"https:\\\/\\\/www.ivinio.com\\\/sv\\\/\",\"name\":\"IVINIO Vinbutik\",\"description\":\"Vin fr\u00e5n Frankrike och Italien med leverans hem till din d\u00f6rr\",\"publisher\":{\"@id\":\"https:\\\/\\\/www.ivinio.com\\\/sv\\\/#organization\"},\"potentialAction\":[{\"@type\":\"SearchAction\",\"target\":{\"@type\":\"EntryPoint\",\"urlTemplate\":\"https:\\\/\\\/www.ivinio.com\\\/sv\\\/?s={search_term_string}\"},\"query-input\":{\"@type\":\"PropertyValueSpecification\",\"valueRequired\":true,\"valueName\":\"search_term_string\"}}],\"inLanguage\":\"sv-SE\"},{\"@type\":\"Organization\",\"@id\":\"https:\\\/\\\/www.ivinio.com\\\/sv\\\/#organization\",\"name\":\"IVINIO\",\"url\":\"https:\\\/\\\/www.ivinio.com\\\/sv\\\/\",\"logo\":{\"@type\":\"ImageObject\",\"inLanguage\":\"sv-SE\",\"@id\":\"https:\\\/\\\/www.ivinio.com\\\/sv\\\/#\\\/schema\\\/logo\\\/image\\\/\",\"url\":\"https:\\\/\\\/www.ivinio.com\\\/wp-content\\\/uploads\\\/2021\\\/01\\\/Logo-Ivinio-v2.jpg\",\"contentUrl\":\"https:\\\/\\\/www.ivinio.com\\\/wp-content\\\/uploads\\\/2021\\\/01\\\/Logo-Ivinio-v2.jpg\",\"width\":1194,\"height\":1194,\"caption\":\"IVINIO\"},\"image\":{\"@id\":\"https:\\\/\\\/www.ivinio.com\\\/sv\\\/#\\\/schema\\\/logo\\\/image\\\/\"},\"sameAs\":[\"https:\\\/\\\/www.facebook.com\\\/groups\\\/165217837022391\\\/?ref=bookmarks\",\"https:\\\/\\\/www.instagram.com\\\/_ivinio_\\\/?hl=fr\"]}]}<\/script>\n<!-- \/ Yoast SEO plugin. -->","yoast_head_json":{"title":"Ca' del Bosco - Corte del Lupo - R\u00f6dvin - IVINIO Vinbutik","description":"Ca' del Bosco - Maurizio Zanella - R\u00f6dvin. Inslag av m\u00f6rka b\u00e4r (k\u00f6rsb\u00e4r, svarta vinb\u00e4r, bj\u00f6rnb\u00e4r), samt kryddiga toner av svartpeppar och nejlika.","robots":{"index":"index","follow":"follow","max-snippet":"max-snippet:-1","max-image-preview":"max-image-preview:large","max-video-preview":"max-video-preview:-1"},"canonical":"https:\/\/www.ivinio.com\/sv\/produkt\/ca-del-bosco-maurizio-zanella-rod\/","og_locale":"sv_SE","og_type":"article","og_title":"Ca' del Bosco - Corte del Lupo - R\u00f6dvin - IVINIO Vinbutik","og_description":"Ca' del Bosco - Maurizio Zanella - R\u00f6dvin. Inslag av m\u00f6rka b\u00e4r (k\u00f6rsb\u00e4r, svarta vinb\u00e4r, bj\u00f6rnb\u00e4r), samt kryddiga toner av svartpeppar och nejlika.","og_url":"https:\/\/www.ivinio.com\/sv\/produkt\/ca-del-bosco-maurizio-zanella-rod\/","og_site_name":"IVINIO Vinbutik","article_publisher":"https:\/\/www.facebook.com\/groups\/165217837022391\/?ref=bookmarks","article_modified_time":"2025-02-15T11:01:01+00:00","og_image":[{"width":500,"height":500,"url":"https:\/\/www.ivinio.com\/wp-content\/uploads\/2025\/02\/Ca-del-bosco-maurizio-zanella-IVINIO.jpg","type":"image\/jpeg"}],"twitter_card":"summary_large_image","twitter_misc":{"Ber\u00e4knad l\u00e4stid":"1 minut"},"schema":{"@context":"https:\/\/schema.org","@graph":[{"@type":"WebPage","@id":"https:\/\/www.ivinio.com\/sv\/produkt\/ca-del-bosco-maurizio-zanella-rod\/","url":"https:\/\/www.ivinio.com\/sv\/produkt\/ca-del-bosco-maurizio-zanella-rod\/","name":"Ca' del Bosco - Corte del Lupo - R\u00f6dvin - IVINIO Vinbutik","isPartOf":{"@id":"https:\/\/www.ivinio.com\/sv\/#website"},"primaryImageOfPage":{"@id":"https:\/\/www.ivinio.com\/sv\/produkt\/ca-del-bosco-maurizio-zanella-rod\/#primaryimage"},"image":{"@id":"https:\/\/www.ivinio.com\/sv\/produkt\/ca-del-bosco-maurizio-zanella-rod\/#primaryimage"},"thumbnailUrl":"https:\/\/www.ivinio.com\/wp-content\/uploads\/2025\/02\/Ca-del-bosco-maurizio-zanella-IVINIO.jpg","datePublished":"2025-02-01T16:20:39+00:00","dateModified":"2025-02-15T11:01:01+00:00","description":"Ca' del Bosco - Maurizio Zanella - R\u00f6dvin. Inslag av m\u00f6rka b\u00e4r (k\u00f6rsb\u00e4r, svarta vinb\u00e4r, bj\u00f6rnb\u00e4r), samt kryddiga toner av svartpeppar och nejlika.","breadcrumb":{"@id":"https:\/\/www.ivinio.com\/sv\/produkt\/ca-del-bosco-maurizio-zanella-rod\/#breadcrumb"},"inLanguage":"sv-SE","potentialAction":[{"@type":"ReadAction","target":["https:\/\/www.ivinio.com\/sv\/produkt\/ca-del-bosco-maurizio-zanella-rod\/"]}]},{"@type":"ImageObject","inLanguage":"sv-SE","@id":"https:\/\/www.ivinio.com\/sv\/produkt\/ca-del-bosco-maurizio-zanella-rod\/#primaryimage","url":"https:\/\/www.ivinio.com\/wp-content\/uploads\/2025\/02\/Ca-del-bosco-maurizio-zanella-IVINIO.jpg","contentUrl":"https:\/\/www.ivinio.com\/wp-content\/uploads\/2025\/02\/Ca-del-bosco-maurizio-zanella-IVINIO.jpg","width":500,"height":500},{"@type":"BreadcrumbList","@id":"https:\/\/www.ivinio.com\/sv\/produkt\/ca-del-bosco-maurizio-zanella-rod\/#breadcrumb","itemListElement":[{"@type":"ListItem","position":1,"name":"Hem","item":"https:\/\/www.ivinio.com\/sv\/"},{"@type":"ListItem","position":2,"name":"Vinbutik","item":"https:\/\/www.ivinio.com\/sv\/vinbutik\/"},{"@type":"ListItem","position":3,"name":"Ca&#8217; del Bosco &#8211; Maurizio Zanella &#8211; R\u00f6d"}]},{"@type":"WebSite","@id":"https:\/\/www.ivinio.com\/sv\/#website","url":"https:\/\/www.ivinio.com\/sv\/","name":"IVINIO Vinbutik","description":"Vin fr\u00e5n Frankrike och Italien med leverans hem till din d\u00f6rr","publisher":{"@id":"https:\/\/www.ivinio.com\/sv\/#organization"},"potentialAction":[{"@type":"SearchAction","target":{"@type":"EntryPoint","urlTemplate":"https:\/\/www.ivinio.com\/sv\/?s={search_term_string}"},"query-input":{"@type":"PropertyValueSpecification","valueRequired":true,"valueName":"search_term_string"}}],"inLanguage":"sv-SE"},{"@type":"Organization","@id":"https:\/\/www.ivinio.com\/sv\/#organization","name":"IVINIO","url":"https:\/\/www.ivinio.com\/sv\/","logo":{"@type":"ImageObject","inLanguage":"sv-SE","@id":"https:\/\/www.ivinio.com\/sv\/#\/schema\/logo\/image\/","url":"https:\/\/www.ivinio.com\/wp-content\/uploads\/2021\/01\/Logo-Ivinio-v2.jpg","contentUrl":"https:\/\/www.ivinio.com\/wp-content\/uploads\/2021\/01\/Logo-Ivinio-v2.jpg","width":1194,"height":1194,"caption":"IVINIO"},"image":{"@id":"https:\/\/www.ivinio.com\/sv\/#\/schema\/logo\/image\/"},"sameAs":["https:\/\/www.facebook.com\/groups\/165217837022391\/?ref=bookmarks","https:\/\/www.instagram.com\/_ivinio_\/?hl=fr"]}]}},"jetpack_sharing_enabled":true,"_links":{"self":[{"href":"https:\/\/www.ivinio.com\/sv\/wp-json\/wp\/v2\/product\/136891","targetHints":{"allow":["GET"]}}],"collection":[{"href":"https:\/\/www.ivinio.com\/sv\/wp-json\/wp\/v2\/product"}],"about":[{"href":"https:\/\/www.ivinio.com\/sv\/wp-json\/wp\/v2\/types\/product"}],"replies":[{"embeddable":true,"href":"https:\/\/www.ivinio.com\/sv\/wp-json\/wp\/v2\/comments?post=136891"}],"wp:featuredmedia":[{"embeddable":true,"href":"https:\/\/www.ivinio.com\/sv\/wp-json\/wp\/v2\/media\/136892"}],"wp:attachment":[{"href":"https:\/\/www.ivinio.com\/sv\/wp-json\/wp\/v2\/media?parent=136891"}],"wp:term":[{"taxonomy":"product_brand","embeddable":true,"href":"https:\/\/www.ivinio.com\/sv\/wp-json\/wp\/v2\/product_brand?post=136891"},{"taxonomy":"product_cat","embeddable":true,"href":"https:\/\/www.ivinio.com\/sv\/wp-json\/wp\/v2\/product_cat?post=136891"},{"taxonomy":"product_tag","embeddable":true,"href":"https:\/\/www.ivinio.com\/sv\/wp-json\/wp\/v2\/product_tag?post=136891"}],"curies":[{"name":"wp","href":"https:\/\/api.w.org\/{rel}","templated":true}]}}