{"id":136884,"date":"2025-02-01T16:56:23","date_gmt":"2025-02-01T15:56:23","guid":{"rendered":"https:\/\/www.ivinio.com\/?post_type=product&#038;p=136884"},"modified":"2025-02-14T19:36:57","modified_gmt":"2025-02-14T18:36:57","slug":"ca-del-bosco-corte-del-lupo-rod","status":"publish","type":"product","link":"https:\/\/www.ivinio.com\/sv\/produkt\/ca-del-bosco-corte-del-lupo-rod\/","title":{"rendered":"Ca&#8217; del Bosco &#8211; Corte del Lupo &#8211; R\u00f6d"},"content":{"rendered":"<p>Ca&#8217; del Bosco &#8211; Corte del Lupo \u00e4r ett r\u00f6dvin som framst\u00e4lls av den f\u00f6r regionen typiska blandningen Cabernet Sauvignon, Merlot, Cabernet Franc och Carm\u00e9n\u00e8re i olika proportioner beroende p\u00e5 \u00e5rg\u00e5ngen. Druvorna odlas enligt ekologiskt jordbruk och plockas sedan f\u00f6r hand fr\u00e5n 10 olika vinodlingar och placeras i sm\u00e5 l\u00e5dor.. Druvorna sorteras noga och f\u00e5r sedan passera igenom ett s.k. &#8220;b\u00e4rspa&#8221;, en speciell bubbelpoolliknande tv\u00e4tt f\u00f6r druvklasar, best\u00e5ende av tre bad i tre olika bl\u00f6tl\u00e4ggningstankar, f\u00f6ljt av grundlig torkning. D\u00e4refter transporteras klasarna \u00f6ver till macerationskaret, d\u00e4r de plockas fr\u00e5n klasarna,och faller ner i karet. Detta eliminerar behovet av traditionella pumpsystem, som g\u00f6r att skinnen g\u00e5r s\u00f6nder och utvecklar o\u00f6nskade \u00f6rtartade aromer. Macerationen varar ett 20-tal dagar och b\u00e5de alkoholj\u00e4sning och maceration g\u00f6rs med kontrollerad temperatur. Musten blandas dagligen med hj\u00e4lp av gravitation f\u00f6r att f\u00f6rsiktigt extrahera f\u00e4rg och tanniner. D\u00e4refter f\u00f6ljer malolaktisk j\u00e4sning. Vinet s\u00e4tts sedan samman och lagras p\u00e5 ekfat och rostfritt st\u00e5l i cirka 23 m\u00e5nader. Mindre \u00e4n 48 mg sulfiter\/L.<\/p>\n","protected":false},"excerpt":{"rendered":"<p>Mjukt och runt r\u00f6dvin med sammetslena tanniner. Balanserad syra ger friskhet och struktur, ekfatslagringen bidrar med djup.<\/p>\n","protected":false},"featured_media":136888,"comment_status":"open","ping_status":"closed","template":"","meta":{"_monsterinsights_skip_tracking":false,"_monsterinsights_sitenote_active":false,"_monsterinsights_sitenote_note":"","_monsterinsights_sitenote_category":0,"_uf_show_specific_survey":0,"_uf_disable_surveys":false},"product_brand":[],"product_cat":[36591,36657],"product_tag":[],"class_list":{"0":"post-136884","1":"product","2":"type-product","3":"status-publish","4":"has-post-thumbnail","6":"product_cat-italienska-viner","7":"product_cat-sv-lombardiet","8":"pa_alcohol-degree-13-5-sv","9":"pa_classification-doc-curtefranca-rosso","10":"pa_color-rod-sv","11":"pa_country-italien-sv","12":"pa_grape-variety-cabernet-franc-sv","13":"pa_grape-variety-cabernet-sauvignon","14":"pa_grape-variety-carmenere-sv","15":"pa_grape-variety-merlot-sv","16":"pa_region-lombardiet-sv","17":"pa_storage-potential-mer-an-7-ar-sv","18":"pa_vintage-41019","19":"pa_volume-75-cl-sv","21":"first","22":"instock","23":"taxable","24":"shipping-taxable","25":"purchasable","26":"product-type-simple"},"bundled_by":[],"bundle_stock_status":"instock","bundle_stock_quantity":null,"bundle_virtual":false,"bundle_layout":"","bundle_add_to_cart_form_location":"","bundle_editable_in_cart":false,"bundle_sold_individually_context":"","bundle_item_grouping":"","bundle_min_size":"","bundle_max_size":"","bundle_price":[],"bundled_items":[],"bundle_sell_ids":[],"yoast_head":"<!-- This site is optimized with the Yoast SEO plugin v27.5 - https:\/\/yoast.com\/product\/yoast-seo-wordpress\/ -->\n<title>Ca&#039; del Bosco - Corte del Lupo - R\u00f6dvin - IVINIO Vinbutik<\/title>\n<meta name=\"description\" content=\"Ca&#039; del Bosco - Corte del Lupo - R\u00f6dvin. Inslag av m\u00f6rka b\u00e4r (k\u00f6rsb\u00e4r, svarta vinb\u00e4r, bj\u00f6rnb\u00e4r), samt kryddiga toner av svartpeppar och nejlika.\" \/>\n<meta name=\"robots\" content=\"index, follow, max-snippet:-1, max-image-preview:large, max-video-preview:-1\" \/>\n<link rel=\"canonical\" href=\"https:\/\/www.ivinio.com\/sv\/produkt\/ca-del-bosco-corte-del-lupo-rod\/\" \/>\n<meta property=\"og:locale\" content=\"sv_SE\" \/>\n<meta property=\"og:type\" content=\"article\" \/>\n<meta property=\"og:title\" content=\"Ca&#039; del Bosco - Corte del Lupo - R\u00f6dvin - IVINIO Vinbutik\" \/>\n<meta property=\"og:description\" content=\"Ca&#039; del Bosco - Corte del Lupo - R\u00f6dvin. Inslag av m\u00f6rka b\u00e4r (k\u00f6rsb\u00e4r, svarta vinb\u00e4r, bj\u00f6rnb\u00e4r), samt kryddiga toner av svartpeppar och nejlika.\" \/>\n<meta property=\"og:url\" content=\"https:\/\/www.ivinio.com\/sv\/produkt\/ca-del-bosco-corte-del-lupo-rod\/\" \/>\n<meta property=\"og:site_name\" content=\"IVINIO Vinbutik\" \/>\n<meta property=\"article:publisher\" content=\"https:\/\/www.facebook.com\/groups\/165217837022391\/?ref=bookmarks\" \/>\n<meta property=\"article:modified_time\" content=\"2025-02-14T18:36:57+00:00\" \/>\n<meta property=\"og:image\" content=\"https:\/\/www.ivinio.com\/wp-content\/uploads\/2025\/02\/Ca-del-bosco-Corte-del-Lupo-IVINIO.jpg\" \/>\n\t<meta property=\"og:image:width\" content=\"500\" \/>\n\t<meta property=\"og:image:height\" content=\"500\" \/>\n\t<meta property=\"og:image:type\" content=\"image\/jpeg\" \/>\n<meta name=\"twitter:card\" content=\"summary_large_image\" \/>\n<meta name=\"twitter:label1\" content=\"Ber\u00e4knad l\u00e4stid\" \/>\n\t<meta name=\"twitter:data1\" content=\"1 minut\" \/>\n<script type=\"application\/ld+json\" class=\"yoast-schema-graph\">{\"@context\":\"https:\\\/\\\/schema.org\",\"@graph\":[{\"@type\":\"WebPage\",\"@id\":\"https:\\\/\\\/www.ivinio.com\\\/sv\\\/produkt\\\/ca-del-bosco-corte-del-lupo-rod\\\/\",\"url\":\"https:\\\/\\\/www.ivinio.com\\\/sv\\\/produkt\\\/ca-del-bosco-corte-del-lupo-rod\\\/\",\"name\":\"Ca' del Bosco - Corte del Lupo - R\u00f6dvin - IVINIO Vinbutik\",\"isPartOf\":{\"@id\":\"https:\\\/\\\/www.ivinio.com\\\/sv\\\/#website\"},\"primaryImageOfPage\":{\"@id\":\"https:\\\/\\\/www.ivinio.com\\\/sv\\\/produkt\\\/ca-del-bosco-corte-del-lupo-rod\\\/#primaryimage\"},\"image\":{\"@id\":\"https:\\\/\\\/www.ivinio.com\\\/sv\\\/produkt\\\/ca-del-bosco-corte-del-lupo-rod\\\/#primaryimage\"},\"thumbnailUrl\":\"https:\\\/\\\/www.ivinio.com\\\/wp-content\\\/uploads\\\/2025\\\/02\\\/Ca-del-bosco-Corte-del-Lupo-IVINIO.jpg\",\"datePublished\":\"2025-02-01T15:56:23+00:00\",\"dateModified\":\"2025-02-14T18:36:57+00:00\",\"description\":\"Ca' del Bosco - Corte del Lupo - R\u00f6dvin. Inslag av m\u00f6rka b\u00e4r (k\u00f6rsb\u00e4r, svarta vinb\u00e4r, bj\u00f6rnb\u00e4r), samt kryddiga toner av svartpeppar och nejlika.\",\"breadcrumb\":{\"@id\":\"https:\\\/\\\/www.ivinio.com\\\/sv\\\/produkt\\\/ca-del-bosco-corte-del-lupo-rod\\\/#breadcrumb\"},\"inLanguage\":\"sv-SE\",\"potentialAction\":[{\"@type\":\"ReadAction\",\"target\":[\"https:\\\/\\\/www.ivinio.com\\\/sv\\\/produkt\\\/ca-del-bosco-corte-del-lupo-rod\\\/\"]}]},{\"@type\":\"ImageObject\",\"inLanguage\":\"sv-SE\",\"@id\":\"https:\\\/\\\/www.ivinio.com\\\/sv\\\/produkt\\\/ca-del-bosco-corte-del-lupo-rod\\\/#primaryimage\",\"url\":\"https:\\\/\\\/www.ivinio.com\\\/wp-content\\\/uploads\\\/2025\\\/02\\\/Ca-del-bosco-Corte-del-Lupo-IVINIO.jpg\",\"contentUrl\":\"https:\\\/\\\/www.ivinio.com\\\/wp-content\\\/uploads\\\/2025\\\/02\\\/Ca-del-bosco-Corte-del-Lupo-IVINIO.jpg\",\"width\":500,\"height\":500},{\"@type\":\"BreadcrumbList\",\"@id\":\"https:\\\/\\\/www.ivinio.com\\\/sv\\\/produkt\\\/ca-del-bosco-corte-del-lupo-rod\\\/#breadcrumb\",\"itemListElement\":[{\"@type\":\"ListItem\",\"position\":1,\"name\":\"Hem\",\"item\":\"https:\\\/\\\/www.ivinio.com\\\/sv\\\/\"},{\"@type\":\"ListItem\",\"position\":2,\"name\":\"Vinbutik\",\"item\":\"https:\\\/\\\/www.ivinio.com\\\/sv\\\/vinbutik\\\/\"},{\"@type\":\"ListItem\",\"position\":3,\"name\":\"Ca&#8217; del Bosco &#8211; Corte del Lupo &#8211; R\u00f6d\"}]},{\"@type\":\"WebSite\",\"@id\":\"https:\\\/\\\/www.ivinio.com\\\/sv\\\/#website\",\"url\":\"https:\\\/\\\/www.ivinio.com\\\/sv\\\/\",\"name\":\"IVINIO Vinbutik\",\"description\":\"Vin fr\u00e5n Frankrike och Italien med leverans hem till din d\u00f6rr\",\"publisher\":{\"@id\":\"https:\\\/\\\/www.ivinio.com\\\/sv\\\/#organization\"},\"potentialAction\":[{\"@type\":\"SearchAction\",\"target\":{\"@type\":\"EntryPoint\",\"urlTemplate\":\"https:\\\/\\\/www.ivinio.com\\\/sv\\\/?s={search_term_string}\"},\"query-input\":{\"@type\":\"PropertyValueSpecification\",\"valueRequired\":true,\"valueName\":\"search_term_string\"}}],\"inLanguage\":\"sv-SE\"},{\"@type\":\"Organization\",\"@id\":\"https:\\\/\\\/www.ivinio.com\\\/sv\\\/#organization\",\"name\":\"IVINIO\",\"url\":\"https:\\\/\\\/www.ivinio.com\\\/sv\\\/\",\"logo\":{\"@type\":\"ImageObject\",\"inLanguage\":\"sv-SE\",\"@id\":\"https:\\\/\\\/www.ivinio.com\\\/sv\\\/#\\\/schema\\\/logo\\\/image\\\/\",\"url\":\"https:\\\/\\\/www.ivinio.com\\\/wp-content\\\/uploads\\\/2021\\\/01\\\/Logo-Ivinio-v2.jpg\",\"contentUrl\":\"https:\\\/\\\/www.ivinio.com\\\/wp-content\\\/uploads\\\/2021\\\/01\\\/Logo-Ivinio-v2.jpg\",\"width\":1194,\"height\":1194,\"caption\":\"IVINIO\"},\"image\":{\"@id\":\"https:\\\/\\\/www.ivinio.com\\\/sv\\\/#\\\/schema\\\/logo\\\/image\\\/\"},\"sameAs\":[\"https:\\\/\\\/www.facebook.com\\\/groups\\\/165217837022391\\\/?ref=bookmarks\",\"https:\\\/\\\/www.instagram.com\\\/_ivinio_\\\/?hl=fr\"]}]}<\/script>\n<!-- \/ Yoast SEO plugin. -->","yoast_head_json":{"title":"Ca' del Bosco - Corte del Lupo - R\u00f6dvin - IVINIO Vinbutik","description":"Ca' del Bosco - Corte del Lupo - R\u00f6dvin. Inslag av m\u00f6rka b\u00e4r (k\u00f6rsb\u00e4r, svarta vinb\u00e4r, bj\u00f6rnb\u00e4r), samt kryddiga toner av svartpeppar och nejlika.","robots":{"index":"index","follow":"follow","max-snippet":"max-snippet:-1","max-image-preview":"max-image-preview:large","max-video-preview":"max-video-preview:-1"},"canonical":"https:\/\/www.ivinio.com\/sv\/produkt\/ca-del-bosco-corte-del-lupo-rod\/","og_locale":"sv_SE","og_type":"article","og_title":"Ca' del Bosco - Corte del Lupo - R\u00f6dvin - IVINIO Vinbutik","og_description":"Ca' del Bosco - Corte del Lupo - R\u00f6dvin. Inslag av m\u00f6rka b\u00e4r (k\u00f6rsb\u00e4r, svarta vinb\u00e4r, bj\u00f6rnb\u00e4r), samt kryddiga toner av svartpeppar och nejlika.","og_url":"https:\/\/www.ivinio.com\/sv\/produkt\/ca-del-bosco-corte-del-lupo-rod\/","og_site_name":"IVINIO Vinbutik","article_publisher":"https:\/\/www.facebook.com\/groups\/165217837022391\/?ref=bookmarks","article_modified_time":"2025-02-14T18:36:57+00:00","og_image":[{"width":500,"height":500,"url":"https:\/\/www.ivinio.com\/wp-content\/uploads\/2025\/02\/Ca-del-bosco-Corte-del-Lupo-IVINIO.jpg","type":"image\/jpeg"}],"twitter_card":"summary_large_image","twitter_misc":{"Ber\u00e4knad l\u00e4stid":"1 minut"},"schema":{"@context":"https:\/\/schema.org","@graph":[{"@type":"WebPage","@id":"https:\/\/www.ivinio.com\/sv\/produkt\/ca-del-bosco-corte-del-lupo-rod\/","url":"https:\/\/www.ivinio.com\/sv\/produkt\/ca-del-bosco-corte-del-lupo-rod\/","name":"Ca' del Bosco - Corte del Lupo - R\u00f6dvin - IVINIO Vinbutik","isPartOf":{"@id":"https:\/\/www.ivinio.com\/sv\/#website"},"primaryImageOfPage":{"@id":"https:\/\/www.ivinio.com\/sv\/produkt\/ca-del-bosco-corte-del-lupo-rod\/#primaryimage"},"image":{"@id":"https:\/\/www.ivinio.com\/sv\/produkt\/ca-del-bosco-corte-del-lupo-rod\/#primaryimage"},"thumbnailUrl":"https:\/\/www.ivinio.com\/wp-content\/uploads\/2025\/02\/Ca-del-bosco-Corte-del-Lupo-IVINIO.jpg","datePublished":"2025-02-01T15:56:23+00:00","dateModified":"2025-02-14T18:36:57+00:00","description":"Ca' del Bosco - Corte del Lupo - R\u00f6dvin. Inslag av m\u00f6rka b\u00e4r (k\u00f6rsb\u00e4r, svarta vinb\u00e4r, bj\u00f6rnb\u00e4r), samt kryddiga toner av svartpeppar och nejlika.","breadcrumb":{"@id":"https:\/\/www.ivinio.com\/sv\/produkt\/ca-del-bosco-corte-del-lupo-rod\/#breadcrumb"},"inLanguage":"sv-SE","potentialAction":[{"@type":"ReadAction","target":["https:\/\/www.ivinio.com\/sv\/produkt\/ca-del-bosco-corte-del-lupo-rod\/"]}]},{"@type":"ImageObject","inLanguage":"sv-SE","@id":"https:\/\/www.ivinio.com\/sv\/produkt\/ca-del-bosco-corte-del-lupo-rod\/#primaryimage","url":"https:\/\/www.ivinio.com\/wp-content\/uploads\/2025\/02\/Ca-del-bosco-Corte-del-Lupo-IVINIO.jpg","contentUrl":"https:\/\/www.ivinio.com\/wp-content\/uploads\/2025\/02\/Ca-del-bosco-Corte-del-Lupo-IVINIO.jpg","width":500,"height":500},{"@type":"BreadcrumbList","@id":"https:\/\/www.ivinio.com\/sv\/produkt\/ca-del-bosco-corte-del-lupo-rod\/#breadcrumb","itemListElement":[{"@type":"ListItem","position":1,"name":"Hem","item":"https:\/\/www.ivinio.com\/sv\/"},{"@type":"ListItem","position":2,"name":"Vinbutik","item":"https:\/\/www.ivinio.com\/sv\/vinbutik\/"},{"@type":"ListItem","position":3,"name":"Ca&#8217; del Bosco &#8211; Corte del Lupo &#8211; R\u00f6d"}]},{"@type":"WebSite","@id":"https:\/\/www.ivinio.com\/sv\/#website","url":"https:\/\/www.ivinio.com\/sv\/","name":"IVINIO Vinbutik","description":"Vin fr\u00e5n Frankrike och Italien med leverans hem till din d\u00f6rr","publisher":{"@id":"https:\/\/www.ivinio.com\/sv\/#organization"},"potentialAction":[{"@type":"SearchAction","target":{"@type":"EntryPoint","urlTemplate":"https:\/\/www.ivinio.com\/sv\/?s={search_term_string}"},"query-input":{"@type":"PropertyValueSpecification","valueRequired":true,"valueName":"search_term_string"}}],"inLanguage":"sv-SE"},{"@type":"Organization","@id":"https:\/\/www.ivinio.com\/sv\/#organization","name":"IVINIO","url":"https:\/\/www.ivinio.com\/sv\/","logo":{"@type":"ImageObject","inLanguage":"sv-SE","@id":"https:\/\/www.ivinio.com\/sv\/#\/schema\/logo\/image\/","url":"https:\/\/www.ivinio.com\/wp-content\/uploads\/2021\/01\/Logo-Ivinio-v2.jpg","contentUrl":"https:\/\/www.ivinio.com\/wp-content\/uploads\/2021\/01\/Logo-Ivinio-v2.jpg","width":1194,"height":1194,"caption":"IVINIO"},"image":{"@id":"https:\/\/www.ivinio.com\/sv\/#\/schema\/logo\/image\/"},"sameAs":["https:\/\/www.facebook.com\/groups\/165217837022391\/?ref=bookmarks","https:\/\/www.instagram.com\/_ivinio_\/?hl=fr"]}]}},"jetpack_sharing_enabled":true,"_links":{"self":[{"href":"https:\/\/www.ivinio.com\/sv\/wp-json\/wp\/v2\/product\/136884","targetHints":{"allow":["GET"]}}],"collection":[{"href":"https:\/\/www.ivinio.com\/sv\/wp-json\/wp\/v2\/product"}],"about":[{"href":"https:\/\/www.ivinio.com\/sv\/wp-json\/wp\/v2\/types\/product"}],"replies":[{"embeddable":true,"href":"https:\/\/www.ivinio.com\/sv\/wp-json\/wp\/v2\/comments?post=136884"}],"wp:featuredmedia":[{"embeddable":true,"href":"https:\/\/www.ivinio.com\/sv\/wp-json\/wp\/v2\/media\/136888"}],"wp:attachment":[{"href":"https:\/\/www.ivinio.com\/sv\/wp-json\/wp\/v2\/media?parent=136884"}],"wp:term":[{"taxonomy":"product_brand","embeddable":true,"href":"https:\/\/www.ivinio.com\/sv\/wp-json\/wp\/v2\/product_brand?post=136884"},{"taxonomy":"product_cat","embeddable":true,"href":"https:\/\/www.ivinio.com\/sv\/wp-json\/wp\/v2\/product_cat?post=136884"},{"taxonomy":"product_tag","embeddable":true,"href":"https:\/\/www.ivinio.com\/sv\/wp-json\/wp\/v2\/product_tag?post=136884"}],"curies":[{"name":"wp","href":"https:\/\/api.w.org\/{rel}","templated":true}]}}