{"id":136008,"date":"2024-10-09T20:04:16","date_gmt":"2024-10-09T18:04:16","guid":{"rendered":"https:\/\/www.ivinio.com\/?post_type=product&#038;p=136008"},"modified":"2025-10-15T18:23:59","modified_gmt":"2025-10-15T16:23:59","slug":"domaine-des-tilleuls-essentielle-muscadet-sevre-et-maine-sur-lie-vit","status":"publish","type":"product","link":"https:\/\/www.ivinio.com\/sv\/produkt\/domaine-des-tilleuls-essentielle-muscadet-sevre-et-maine-sur-lie-vit\/","title":{"rendered":"Domaine des Tilleuls &#8211; &#8220;Essentielle&#8221; &#8211; Muscadet S\u00e8vre et Maine sur Lie &#8211; Vit"},"content":{"rendered":"<p>Domaine des Tilleuls &#8211; &#8220;Essentielle&#8221; &#8211; Muscadet S\u00e8vre et Maine sur Lie &#8211; Vitvin framst\u00e4lls av 100% Muscadet. Vinet s\u00e4tts samman av viner fr\u00e5n ving\u00e5rdens olika vinodlingar. Vinstockarna har en medel\u00e5lder p\u00e5 20 \u00e5r och v\u00e4xer p\u00e5 kisellerjordar som korsas av en \u00e5dra av skiffer. Essentielle framst\u00e4lls enligt klassisk vinifiering och f\u00e5r sedan ligga p\u00e5 sin j\u00e4stf\u00e4llning fram till f\u00f6ljande v\u00e5r efter sk\u00f6rden .<\/p>\n","protected":false},"excerpt":{"rendered":"<p>Ett torrt, mineraliskt vitvin att servera till ostron och skaldjur !<\/p>\n","protected":false},"featured_media":136009,"comment_status":"open","ping_status":"closed","template":"","meta":{"_monsterinsights_skip_tracking":false,"_monsterinsights_sitenote_active":false,"_monsterinsights_sitenote_note":"","_monsterinsights_sitenote_category":0,"_uf_show_specific_survey":0,"_uf_disable_surveys":false},"product_brand":[],"product_cat":[39812],"product_tag":[],"class_list":{"0":"post-136008","1":"product","2":"type-product","3":"status-publish","4":"has-post-thumbnail","6":"product_cat-uncategorized-2","7":"pa_alcohol-degree-12-en","8":"pa_awards-gilbert-et-gaillard-en","9":"pa_classification-aop-muscadet-sevre-et-maine-sur-lie-en","10":"pa_color-white-en","11":"pa_country-france-en","12":"pa_grape-variety-muscadet-en","13":"pa_region-loire","14":"pa_storage-potential-a-couple-of-years","15":"pa_vintage-2022-en","16":"pa_volume-75-cl-en","18":"first","19":"outofstock","20":"sale","21":"taxable","22":"shipping-taxable","23":"purchasable","24":"product-type-simple"},"bundled_by":["136019"],"bundle_stock_status":"outofstock","bundle_stock_quantity":null,"bundle_virtual":false,"bundle_layout":"","bundle_add_to_cart_form_location":"","bundle_editable_in_cart":false,"bundle_sold_individually_context":"","bundle_item_grouping":"","bundle_min_size":"","bundle_max_size":"","bundle_price":[],"bundled_items":[],"bundle_sell_ids":[],"yoast_head":"<!-- This site is optimized with the Yoast SEO plugin v27.5 - https:\/\/yoast.com\/product\/yoast-seo-wordpress\/ -->\n<title>Domaine des Tilleuls - &quot;Essentielle&quot; - Muscadet S\u00e8vre et Maine sur Lie - Vitvin - IVINIO Vinbutik<\/title>\n<meta name=\"description\" content=\"Domaine des Tilleuls - &quot;Essentielle&quot; - Muscadet S\u00e8vre et Maine sur Lie - Vitvin. Torrt och mineraliskt vitvin att servera till ostron och skaldjur !\" \/>\n<meta name=\"robots\" content=\"index, follow, max-snippet:-1, max-image-preview:large, max-video-preview:-1\" \/>\n<link rel=\"canonical\" href=\"https:\/\/www.ivinio.com\/sv\/produkt\/domaine-des-tilleuls-essentielle-muscadet-sevre-et-maine-sur-lie-vit\/\" \/>\n<meta property=\"og:locale\" content=\"sv_SE\" \/>\n<meta property=\"og:type\" content=\"article\" \/>\n<meta property=\"og:title\" content=\"Domaine des Tilleuls - &quot;Essentielle&quot; - Muscadet S\u00e8vre et Maine sur Lie - Vitvin - IVINIO Vinbutik\" \/>\n<meta property=\"og:description\" content=\"Domaine des Tilleuls - &quot;Essentielle&quot; - Muscadet S\u00e8vre et Maine sur Lie - Vitvin. Torrt och mineraliskt vitvin att servera till ostron och skaldjur !\" \/>\n<meta property=\"og:url\" content=\"https:\/\/www.ivinio.com\/sv\/produkt\/domaine-des-tilleuls-essentielle-muscadet-sevre-et-maine-sur-lie-vit\/\" \/>\n<meta property=\"og:site_name\" content=\"IVINIO Vinbutik\" \/>\n<meta property=\"article:publisher\" content=\"https:\/\/www.facebook.com\/groups\/165217837022391\/?ref=bookmarks\" \/>\n<meta property=\"article:modified_time\" content=\"2025-10-15T16:23:59+00:00\" \/>\n<meta property=\"og:image\" content=\"https:\/\/www.ivinio.com\/wp-content\/uploads\/2024\/10\/Domaine-des-Tilleuls-Essentielle-Muscadet-Maine-et-Sevre-sur-lie-IVINIO.jpg\" \/>\n\t<meta property=\"og:image:width\" content=\"500\" \/>\n\t<meta property=\"og:image:height\" content=\"500\" \/>\n\t<meta property=\"og:image:type\" content=\"image\/jpeg\" \/>\n<meta name=\"twitter:card\" content=\"summary_large_image\" \/>\n<meta name=\"twitter:label1\" content=\"Ber\u00e4knad l\u00e4stid\" \/>\n\t<meta name=\"twitter:data1\" content=\"1 minut\" \/>\n<script type=\"application\/ld+json\" class=\"yoast-schema-graph\">{\"@context\":\"https:\\\/\\\/schema.org\",\"@graph\":[{\"@type\":\"WebPage\",\"@id\":\"https:\\\/\\\/www.ivinio.com\\\/sv\\\/produkt\\\/domaine-des-tilleuls-essentielle-muscadet-sevre-et-maine-sur-lie-vit\\\/\",\"url\":\"https:\\\/\\\/www.ivinio.com\\\/sv\\\/produkt\\\/domaine-des-tilleuls-essentielle-muscadet-sevre-et-maine-sur-lie-vit\\\/\",\"name\":\"Domaine des Tilleuls - \\\"Essentielle\\\" - Muscadet S\u00e8vre et Maine sur Lie - Vitvin - IVINIO Vinbutik\",\"isPartOf\":{\"@id\":\"https:\\\/\\\/www.ivinio.com\\\/sv\\\/#website\"},\"primaryImageOfPage\":{\"@id\":\"https:\\\/\\\/www.ivinio.com\\\/sv\\\/produkt\\\/domaine-des-tilleuls-essentielle-muscadet-sevre-et-maine-sur-lie-vit\\\/#primaryimage\"},\"image\":{\"@id\":\"https:\\\/\\\/www.ivinio.com\\\/sv\\\/produkt\\\/domaine-des-tilleuls-essentielle-muscadet-sevre-et-maine-sur-lie-vit\\\/#primaryimage\"},\"thumbnailUrl\":\"https:\\\/\\\/www.ivinio.com\\\/wp-content\\\/uploads\\\/2024\\\/10\\\/Domaine-des-Tilleuls-Essentielle-Muscadet-Maine-et-Sevre-sur-lie-IVINIO.jpg\",\"datePublished\":\"2024-10-09T18:04:16+00:00\",\"dateModified\":\"2025-10-15T16:23:59+00:00\",\"description\":\"Domaine des Tilleuls - \\\"Essentielle\\\" - Muscadet S\u00e8vre et Maine sur Lie - Vitvin. Torrt och mineraliskt vitvin att servera till ostron och skaldjur !\",\"breadcrumb\":{\"@id\":\"https:\\\/\\\/www.ivinio.com\\\/sv\\\/produkt\\\/domaine-des-tilleuls-essentielle-muscadet-sevre-et-maine-sur-lie-vit\\\/#breadcrumb\"},\"inLanguage\":\"sv-SE\",\"potentialAction\":[{\"@type\":\"ReadAction\",\"target\":[\"https:\\\/\\\/www.ivinio.com\\\/sv\\\/produkt\\\/domaine-des-tilleuls-essentielle-muscadet-sevre-et-maine-sur-lie-vit\\\/\"]}]},{\"@type\":\"ImageObject\",\"inLanguage\":\"sv-SE\",\"@id\":\"https:\\\/\\\/www.ivinio.com\\\/sv\\\/produkt\\\/domaine-des-tilleuls-essentielle-muscadet-sevre-et-maine-sur-lie-vit\\\/#primaryimage\",\"url\":\"https:\\\/\\\/www.ivinio.com\\\/wp-content\\\/uploads\\\/2024\\\/10\\\/Domaine-des-Tilleuls-Essentielle-Muscadet-Maine-et-Sevre-sur-lie-IVINIO.jpg\",\"contentUrl\":\"https:\\\/\\\/www.ivinio.com\\\/wp-content\\\/uploads\\\/2024\\\/10\\\/Domaine-des-Tilleuls-Essentielle-Muscadet-Maine-et-Sevre-sur-lie-IVINIO.jpg\",\"width\":500,\"height\":500},{\"@type\":\"BreadcrumbList\",\"@id\":\"https:\\\/\\\/www.ivinio.com\\\/sv\\\/produkt\\\/domaine-des-tilleuls-essentielle-muscadet-sevre-et-maine-sur-lie-vit\\\/#breadcrumb\",\"itemListElement\":[{\"@type\":\"ListItem\",\"position\":1,\"name\":\"Hem\",\"item\":\"https:\\\/\\\/www.ivinio.com\\\/sv\\\/\"},{\"@type\":\"ListItem\",\"position\":2,\"name\":\"Vinbutik\",\"item\":\"https:\\\/\\\/www.ivinio.com\\\/sv\\\/vinbutik\\\/\"},{\"@type\":\"ListItem\",\"position\":3,\"name\":\"Domaine des Tilleuls &#8211; &#8220;Essentielle&#8221; &#8211; Muscadet S\u00e8vre et Maine sur Lie &#8211; Vit\"}]},{\"@type\":\"WebSite\",\"@id\":\"https:\\\/\\\/www.ivinio.com\\\/sv\\\/#website\",\"url\":\"https:\\\/\\\/www.ivinio.com\\\/sv\\\/\",\"name\":\"IVINIO Vinbutik\",\"description\":\"Vin fr\u00e5n Frankrike och Italien med leverans hem till din d\u00f6rr\",\"publisher\":{\"@id\":\"https:\\\/\\\/www.ivinio.com\\\/sv\\\/#organization\"},\"potentialAction\":[{\"@type\":\"SearchAction\",\"target\":{\"@type\":\"EntryPoint\",\"urlTemplate\":\"https:\\\/\\\/www.ivinio.com\\\/sv\\\/?s={search_term_string}\"},\"query-input\":{\"@type\":\"PropertyValueSpecification\",\"valueRequired\":true,\"valueName\":\"search_term_string\"}}],\"inLanguage\":\"sv-SE\"},{\"@type\":\"Organization\",\"@id\":\"https:\\\/\\\/www.ivinio.com\\\/sv\\\/#organization\",\"name\":\"IVINIO\",\"url\":\"https:\\\/\\\/www.ivinio.com\\\/sv\\\/\",\"logo\":{\"@type\":\"ImageObject\",\"inLanguage\":\"sv-SE\",\"@id\":\"https:\\\/\\\/www.ivinio.com\\\/sv\\\/#\\\/schema\\\/logo\\\/image\\\/\",\"url\":\"https:\\\/\\\/www.ivinio.com\\\/wp-content\\\/uploads\\\/2021\\\/01\\\/Logo-Ivinio-v2.jpg\",\"contentUrl\":\"https:\\\/\\\/www.ivinio.com\\\/wp-content\\\/uploads\\\/2021\\\/01\\\/Logo-Ivinio-v2.jpg\",\"width\":1194,\"height\":1194,\"caption\":\"IVINIO\"},\"image\":{\"@id\":\"https:\\\/\\\/www.ivinio.com\\\/sv\\\/#\\\/schema\\\/logo\\\/image\\\/\"},\"sameAs\":[\"https:\\\/\\\/www.facebook.com\\\/groups\\\/165217837022391\\\/?ref=bookmarks\",\"https:\\\/\\\/www.instagram.com\\\/_ivinio_\\\/?hl=fr\"]}]}<\/script>\n<!-- \/ Yoast SEO plugin. -->","yoast_head_json":{"title":"Domaine des Tilleuls - \"Essentielle\" - Muscadet S\u00e8vre et Maine sur Lie - Vitvin - IVINIO Vinbutik","description":"Domaine des Tilleuls - \"Essentielle\" - Muscadet S\u00e8vre et Maine sur Lie - Vitvin. Torrt och mineraliskt vitvin att servera till ostron och skaldjur !","robots":{"index":"index","follow":"follow","max-snippet":"max-snippet:-1","max-image-preview":"max-image-preview:large","max-video-preview":"max-video-preview:-1"},"canonical":"https:\/\/www.ivinio.com\/sv\/produkt\/domaine-des-tilleuls-essentielle-muscadet-sevre-et-maine-sur-lie-vit\/","og_locale":"sv_SE","og_type":"article","og_title":"Domaine des Tilleuls - \"Essentielle\" - Muscadet S\u00e8vre et Maine sur Lie - Vitvin - IVINIO Vinbutik","og_description":"Domaine des Tilleuls - \"Essentielle\" - Muscadet S\u00e8vre et Maine sur Lie - Vitvin. Torrt och mineraliskt vitvin att servera till ostron och skaldjur !","og_url":"https:\/\/www.ivinio.com\/sv\/produkt\/domaine-des-tilleuls-essentielle-muscadet-sevre-et-maine-sur-lie-vit\/","og_site_name":"IVINIO Vinbutik","article_publisher":"https:\/\/www.facebook.com\/groups\/165217837022391\/?ref=bookmarks","article_modified_time":"2025-10-15T16:23:59+00:00","og_image":[{"width":500,"height":500,"url":"https:\/\/www.ivinio.com\/wp-content\/uploads\/2024\/10\/Domaine-des-Tilleuls-Essentielle-Muscadet-Maine-et-Sevre-sur-lie-IVINIO.jpg","type":"image\/jpeg"}],"twitter_card":"summary_large_image","twitter_misc":{"Ber\u00e4knad l\u00e4stid":"1 minut"},"schema":{"@context":"https:\/\/schema.org","@graph":[{"@type":"WebPage","@id":"https:\/\/www.ivinio.com\/sv\/produkt\/domaine-des-tilleuls-essentielle-muscadet-sevre-et-maine-sur-lie-vit\/","url":"https:\/\/www.ivinio.com\/sv\/produkt\/domaine-des-tilleuls-essentielle-muscadet-sevre-et-maine-sur-lie-vit\/","name":"Domaine des Tilleuls - \"Essentielle\" - Muscadet S\u00e8vre et Maine sur Lie - Vitvin - IVINIO Vinbutik","isPartOf":{"@id":"https:\/\/www.ivinio.com\/sv\/#website"},"primaryImageOfPage":{"@id":"https:\/\/www.ivinio.com\/sv\/produkt\/domaine-des-tilleuls-essentielle-muscadet-sevre-et-maine-sur-lie-vit\/#primaryimage"},"image":{"@id":"https:\/\/www.ivinio.com\/sv\/produkt\/domaine-des-tilleuls-essentielle-muscadet-sevre-et-maine-sur-lie-vit\/#primaryimage"},"thumbnailUrl":"https:\/\/www.ivinio.com\/wp-content\/uploads\/2024\/10\/Domaine-des-Tilleuls-Essentielle-Muscadet-Maine-et-Sevre-sur-lie-IVINIO.jpg","datePublished":"2024-10-09T18:04:16+00:00","dateModified":"2025-10-15T16:23:59+00:00","description":"Domaine des Tilleuls - \"Essentielle\" - Muscadet S\u00e8vre et Maine sur Lie - Vitvin. Torrt och mineraliskt vitvin att servera till ostron och skaldjur !","breadcrumb":{"@id":"https:\/\/www.ivinio.com\/sv\/produkt\/domaine-des-tilleuls-essentielle-muscadet-sevre-et-maine-sur-lie-vit\/#breadcrumb"},"inLanguage":"sv-SE","potentialAction":[{"@type":"ReadAction","target":["https:\/\/www.ivinio.com\/sv\/produkt\/domaine-des-tilleuls-essentielle-muscadet-sevre-et-maine-sur-lie-vit\/"]}]},{"@type":"ImageObject","inLanguage":"sv-SE","@id":"https:\/\/www.ivinio.com\/sv\/produkt\/domaine-des-tilleuls-essentielle-muscadet-sevre-et-maine-sur-lie-vit\/#primaryimage","url":"https:\/\/www.ivinio.com\/wp-content\/uploads\/2024\/10\/Domaine-des-Tilleuls-Essentielle-Muscadet-Maine-et-Sevre-sur-lie-IVINIO.jpg","contentUrl":"https:\/\/www.ivinio.com\/wp-content\/uploads\/2024\/10\/Domaine-des-Tilleuls-Essentielle-Muscadet-Maine-et-Sevre-sur-lie-IVINIO.jpg","width":500,"height":500},{"@type":"BreadcrumbList","@id":"https:\/\/www.ivinio.com\/sv\/produkt\/domaine-des-tilleuls-essentielle-muscadet-sevre-et-maine-sur-lie-vit\/#breadcrumb","itemListElement":[{"@type":"ListItem","position":1,"name":"Hem","item":"https:\/\/www.ivinio.com\/sv\/"},{"@type":"ListItem","position":2,"name":"Vinbutik","item":"https:\/\/www.ivinio.com\/sv\/vinbutik\/"},{"@type":"ListItem","position":3,"name":"Domaine des Tilleuls &#8211; &#8220;Essentielle&#8221; &#8211; Muscadet S\u00e8vre et Maine sur Lie &#8211; Vit"}]},{"@type":"WebSite","@id":"https:\/\/www.ivinio.com\/sv\/#website","url":"https:\/\/www.ivinio.com\/sv\/","name":"IVINIO Vinbutik","description":"Vin fr\u00e5n Frankrike och Italien med leverans hem till din d\u00f6rr","publisher":{"@id":"https:\/\/www.ivinio.com\/sv\/#organization"},"potentialAction":[{"@type":"SearchAction","target":{"@type":"EntryPoint","urlTemplate":"https:\/\/www.ivinio.com\/sv\/?s={search_term_string}"},"query-input":{"@type":"PropertyValueSpecification","valueRequired":true,"valueName":"search_term_string"}}],"inLanguage":"sv-SE"},{"@type":"Organization","@id":"https:\/\/www.ivinio.com\/sv\/#organization","name":"IVINIO","url":"https:\/\/www.ivinio.com\/sv\/","logo":{"@type":"ImageObject","inLanguage":"sv-SE","@id":"https:\/\/www.ivinio.com\/sv\/#\/schema\/logo\/image\/","url":"https:\/\/www.ivinio.com\/wp-content\/uploads\/2021\/01\/Logo-Ivinio-v2.jpg","contentUrl":"https:\/\/www.ivinio.com\/wp-content\/uploads\/2021\/01\/Logo-Ivinio-v2.jpg","width":1194,"height":1194,"caption":"IVINIO"},"image":{"@id":"https:\/\/www.ivinio.com\/sv\/#\/schema\/logo\/image\/"},"sameAs":["https:\/\/www.facebook.com\/groups\/165217837022391\/?ref=bookmarks","https:\/\/www.instagram.com\/_ivinio_\/?hl=fr"]}]}},"jetpack_sharing_enabled":true,"_links":{"self":[{"href":"https:\/\/www.ivinio.com\/sv\/wp-json\/wp\/v2\/product\/136008","targetHints":{"allow":["GET"]}}],"collection":[{"href":"https:\/\/www.ivinio.com\/sv\/wp-json\/wp\/v2\/product"}],"about":[{"href":"https:\/\/www.ivinio.com\/sv\/wp-json\/wp\/v2\/types\/product"}],"replies":[{"embeddable":true,"href":"https:\/\/www.ivinio.com\/sv\/wp-json\/wp\/v2\/comments?post=136008"}],"wp:featuredmedia":[{"embeddable":true,"href":"https:\/\/www.ivinio.com\/sv\/wp-json\/wp\/v2\/media\/136009"}],"wp:attachment":[{"href":"https:\/\/www.ivinio.com\/sv\/wp-json\/wp\/v2\/media?parent=136008"}],"wp:term":[{"taxonomy":"product_brand","embeddable":true,"href":"https:\/\/www.ivinio.com\/sv\/wp-json\/wp\/v2\/product_brand?post=136008"},{"taxonomy":"product_cat","embeddable":true,"href":"https:\/\/www.ivinio.com\/sv\/wp-json\/wp\/v2\/product_cat?post=136008"},{"taxonomy":"product_tag","embeddable":true,"href":"https:\/\/www.ivinio.com\/sv\/wp-json\/wp\/v2\/product_tag?post=136008"}],"curies":[{"name":"wp","href":"https:\/\/api.w.org\/{rel}","templated":true}]}}