{"id":135941,"date":"2024-09-20T15:20:46","date_gmt":"2024-09-20T13:20:46","guid":{"rendered":"https:\/\/www.ivinio.com\/?post_type=product&#038;p=135941"},"modified":"2024-09-20T18:28:04","modified_gmt":"2024-09-20T16:28:04","slug":"artisans-partisans-je-vois-la-vie-en-vert-rod","status":"publish","type":"product","link":"https:\/\/www.ivinio.com\/sv\/produkt\/artisans-partisans-je-vois-la-vie-en-vert-rod\/","title":{"rendered":"Artisans Partisans &#8211; Je vois la vie en VERT &#8211; R\u00f6d"},"content":{"rendered":"<p>Artisans Partisans &#8211; Je vois la vie en VERT &#8211; R\u00f6dvin framst\u00e4lls av 100% Carignan. Druvorna plockas fr\u00e5n klasarna och vinifieringen g\u00f6rs sedan enligt traditionnell metod med naturlig j\u00e4st och helt utan tillsatta sulfiter. J\u00e4sning i 10 dagar med pumpning och r\u00f6rning av vinet (remontage och delestage) Lagring p\u00e5 rostfria st\u00e5ltankar.<\/p>\n","protected":false},"excerpt":{"rendered":"<p>Naturvin av 100% Carigan, inslag av svarta b\u00e4r med fyllig och rund, fruktig smak.<\/p>\n","protected":false},"featured_media":135942,"comment_status":"open","ping_status":"closed","template":"","meta":{"_monsterinsights_skip_tracking":false,"_monsterinsights_sitenote_active":false,"_monsterinsights_sitenote_note":"","_monsterinsights_sitenote_category":0,"_uf_show_specific_survey":0,"_uf_disable_surveys":false},"product_brand":[],"product_cat":[36587,36626],"product_tag":[],"class_list":{"0":"post-135941","1":"product","2":"type-product","3":"status-publish","4":"has-post-thumbnail","6":"product_cat-french-wines","7":"product_cat-en-languedoc","8":"pa_alcohol-degree-12-en","9":"pa_classification-vin-de-france-en","10":"pa_color-red","11":"pa_country-france-en","12":"pa_grape-variety-cinsault-en","13":"pa_region-languedoc-en","14":"pa_vintage-2021-en","15":"pa_volume-75-cl-en","17":"first","18":"instock","19":"taxable","20":"shipping-taxable","21":"purchasable","22":"product-type-simple"},"bundled_by":["135977"],"bundle_stock_status":"instock","bundle_stock_quantity":null,"bundle_virtual":false,"bundle_layout":"","bundle_add_to_cart_form_location":"","bundle_editable_in_cart":false,"bundle_sold_individually_context":"","bundle_item_grouping":"","bundle_min_size":"","bundle_max_size":"","bundle_price":[],"bundled_items":[],"bundle_sell_ids":[],"yoast_head":"<!-- This site is optimized with the Yoast SEO plugin v27.3 - https:\/\/yoast.com\/product\/yoast-seo-wordpress\/ -->\n<title>Artisans Partisans - Je vois la vie en VERT - R\u00f6d - IVINIO Vinbutik<\/title>\n<meta name=\"description\" content=\"Artisans Partisans - Je vois la vie en VERT - R\u00f6dvin av 100% Carignan. Naturvin med inslag av bj\u00f6rnb\u00e4r, svarta k\u00f6rsb\u00e4r och svarta vinb\u00e4r.\" \/>\n<meta name=\"robots\" content=\"index, follow, max-snippet:-1, max-image-preview:large, max-video-preview:-1\" \/>\n<link rel=\"canonical\" href=\"https:\/\/www.ivinio.com\/sv\/produkt\/artisans-partisans-je-vois-la-vie-en-vert-rod\/\" \/>\n<meta property=\"og:locale\" content=\"sv_SE\" \/>\n<meta property=\"og:type\" content=\"article\" \/>\n<meta property=\"og:title\" content=\"Artisans Partisans - Je vois la vie en VERT - R\u00f6d - IVINIO Vinbutik\" \/>\n<meta property=\"og:description\" content=\"Artisans Partisans - Je vois la vie en VERT - R\u00f6dvin av 100% Carignan. Naturvin med inslag av bj\u00f6rnb\u00e4r, svarta k\u00f6rsb\u00e4r och svarta vinb\u00e4r.\" \/>\n<meta property=\"og:url\" content=\"https:\/\/www.ivinio.com\/sv\/produkt\/artisans-partisans-je-vois-la-vie-en-vert-rod\/\" \/>\n<meta property=\"og:site_name\" content=\"IVINIO Vinbutik\" \/>\n<meta property=\"article:publisher\" content=\"https:\/\/www.facebook.com\/groups\/165217837022391\/?ref=bookmarks\" \/>\n<meta property=\"article:modified_time\" content=\"2024-09-20T16:28:04+00:00\" \/>\n<meta property=\"og:image\" content=\"https:\/\/www.ivinio.com\/wp-content\/uploads\/2024\/09\/Artisan-partisan-Je-vois-la-vie-en-vert-IVINIO.jpg\" \/>\n\t<meta property=\"og:image:width\" content=\"500\" \/>\n\t<meta property=\"og:image:height\" content=\"500\" \/>\n\t<meta property=\"og:image:type\" content=\"image\/jpeg\" \/>\n<meta name=\"twitter:card\" content=\"summary_large_image\" \/>\n<meta name=\"twitter:label1\" content=\"Ber\u00e4knad l\u00e4stid\" \/>\n\t<meta name=\"twitter:data1\" content=\"1 minut\" \/>\n<script type=\"application\/ld+json\" class=\"yoast-schema-graph\">{\"@context\":\"https:\\\/\\\/schema.org\",\"@graph\":[{\"@type\":\"WebPage\",\"@id\":\"https:\\\/\\\/www.ivinio.com\\\/sv\\\/produkt\\\/artisans-partisans-je-vois-la-vie-en-vert-rod\\\/\",\"url\":\"https:\\\/\\\/www.ivinio.com\\\/sv\\\/produkt\\\/artisans-partisans-je-vois-la-vie-en-vert-rod\\\/\",\"name\":\"Artisans Partisans - Je vois la vie en VERT - R\u00f6d - IVINIO Vinbutik\",\"isPartOf\":{\"@id\":\"https:\\\/\\\/www.ivinio.com\\\/sv\\\/#website\"},\"primaryImageOfPage\":{\"@id\":\"https:\\\/\\\/www.ivinio.com\\\/sv\\\/produkt\\\/artisans-partisans-je-vois-la-vie-en-vert-rod\\\/#primaryimage\"},\"image\":{\"@id\":\"https:\\\/\\\/www.ivinio.com\\\/sv\\\/produkt\\\/artisans-partisans-je-vois-la-vie-en-vert-rod\\\/#primaryimage\"},\"thumbnailUrl\":\"https:\\\/\\\/www.ivinio.com\\\/wp-content\\\/uploads\\\/2024\\\/09\\\/Artisan-partisan-Je-vois-la-vie-en-vert-IVINIO.jpg\",\"datePublished\":\"2024-09-20T13:20:46+00:00\",\"dateModified\":\"2024-09-20T16:28:04+00:00\",\"description\":\"Artisans Partisans - Je vois la vie en VERT - R\u00f6dvin av 100% Carignan. Naturvin med inslag av bj\u00f6rnb\u00e4r, svarta k\u00f6rsb\u00e4r och svarta vinb\u00e4r.\",\"breadcrumb\":{\"@id\":\"https:\\\/\\\/www.ivinio.com\\\/sv\\\/produkt\\\/artisans-partisans-je-vois-la-vie-en-vert-rod\\\/#breadcrumb\"},\"inLanguage\":\"sv-SE\",\"potentialAction\":[{\"@type\":\"ReadAction\",\"target\":[\"https:\\\/\\\/www.ivinio.com\\\/sv\\\/produkt\\\/artisans-partisans-je-vois-la-vie-en-vert-rod\\\/\"]}]},{\"@type\":\"ImageObject\",\"inLanguage\":\"sv-SE\",\"@id\":\"https:\\\/\\\/www.ivinio.com\\\/sv\\\/produkt\\\/artisans-partisans-je-vois-la-vie-en-vert-rod\\\/#primaryimage\",\"url\":\"https:\\\/\\\/www.ivinio.com\\\/wp-content\\\/uploads\\\/2024\\\/09\\\/Artisan-partisan-Je-vois-la-vie-en-vert-IVINIO.jpg\",\"contentUrl\":\"https:\\\/\\\/www.ivinio.com\\\/wp-content\\\/uploads\\\/2024\\\/09\\\/Artisan-partisan-Je-vois-la-vie-en-vert-IVINIO.jpg\",\"width\":500,\"height\":500},{\"@type\":\"BreadcrumbList\",\"@id\":\"https:\\\/\\\/www.ivinio.com\\\/sv\\\/produkt\\\/artisans-partisans-je-vois-la-vie-en-vert-rod\\\/#breadcrumb\",\"itemListElement\":[{\"@type\":\"ListItem\",\"position\":1,\"name\":\"Hem\",\"item\":\"https:\\\/\\\/www.ivinio.com\\\/sv\\\/\"},{\"@type\":\"ListItem\",\"position\":2,\"name\":\"Vinbutik\",\"item\":\"https:\\\/\\\/www.ivinio.com\\\/sv\\\/vinbutik\\\/\"},{\"@type\":\"ListItem\",\"position\":3,\"name\":\"Artisans Partisans &#8211; Je vois la vie en VERT &#8211; R\u00f6d\"}]},{\"@type\":\"WebSite\",\"@id\":\"https:\\\/\\\/www.ivinio.com\\\/sv\\\/#website\",\"url\":\"https:\\\/\\\/www.ivinio.com\\\/sv\\\/\",\"name\":\"IVINIO Vinbutik\",\"description\":\"Vin fr\u00e5n Frankrike och Italien med leverans hem till din d\u00f6rr\",\"publisher\":{\"@id\":\"https:\\\/\\\/www.ivinio.com\\\/sv\\\/#organization\"},\"potentialAction\":[{\"@type\":\"SearchAction\",\"target\":{\"@type\":\"EntryPoint\",\"urlTemplate\":\"https:\\\/\\\/www.ivinio.com\\\/sv\\\/?s={search_term_string}\"},\"query-input\":{\"@type\":\"PropertyValueSpecification\",\"valueRequired\":true,\"valueName\":\"search_term_string\"}}],\"inLanguage\":\"sv-SE\"},{\"@type\":\"Organization\",\"@id\":\"https:\\\/\\\/www.ivinio.com\\\/sv\\\/#organization\",\"name\":\"IVINIO\",\"url\":\"https:\\\/\\\/www.ivinio.com\\\/sv\\\/\",\"logo\":{\"@type\":\"ImageObject\",\"inLanguage\":\"sv-SE\",\"@id\":\"https:\\\/\\\/www.ivinio.com\\\/sv\\\/#\\\/schema\\\/logo\\\/image\\\/\",\"url\":\"https:\\\/\\\/www.ivinio.com\\\/wp-content\\\/uploads\\\/2021\\\/01\\\/Logo-Ivinio-v2.jpg\",\"contentUrl\":\"https:\\\/\\\/www.ivinio.com\\\/wp-content\\\/uploads\\\/2021\\\/01\\\/Logo-Ivinio-v2.jpg\",\"width\":1194,\"height\":1194,\"caption\":\"IVINIO\"},\"image\":{\"@id\":\"https:\\\/\\\/www.ivinio.com\\\/sv\\\/#\\\/schema\\\/logo\\\/image\\\/\"},\"sameAs\":[\"https:\\\/\\\/www.facebook.com\\\/groups\\\/165217837022391\\\/?ref=bookmarks\",\"https:\\\/\\\/www.instagram.com\\\/_ivinio_\\\/?hl=fr\"]}]}<\/script>\n<!-- \/ Yoast SEO plugin. -->","yoast_head_json":{"title":"Artisans Partisans - Je vois la vie en VERT - R\u00f6d - IVINIO Vinbutik","description":"Artisans Partisans - Je vois la vie en VERT - R\u00f6dvin av 100% Carignan. Naturvin med inslag av bj\u00f6rnb\u00e4r, svarta k\u00f6rsb\u00e4r och svarta vinb\u00e4r.","robots":{"index":"index","follow":"follow","max-snippet":"max-snippet:-1","max-image-preview":"max-image-preview:large","max-video-preview":"max-video-preview:-1"},"canonical":"https:\/\/www.ivinio.com\/sv\/produkt\/artisans-partisans-je-vois-la-vie-en-vert-rod\/","og_locale":"sv_SE","og_type":"article","og_title":"Artisans Partisans - Je vois la vie en VERT - R\u00f6d - IVINIO Vinbutik","og_description":"Artisans Partisans - Je vois la vie en VERT - R\u00f6dvin av 100% Carignan. Naturvin med inslag av bj\u00f6rnb\u00e4r, svarta k\u00f6rsb\u00e4r och svarta vinb\u00e4r.","og_url":"https:\/\/www.ivinio.com\/sv\/produkt\/artisans-partisans-je-vois-la-vie-en-vert-rod\/","og_site_name":"IVINIO Vinbutik","article_publisher":"https:\/\/www.facebook.com\/groups\/165217837022391\/?ref=bookmarks","article_modified_time":"2024-09-20T16:28:04+00:00","og_image":[{"width":500,"height":500,"url":"https:\/\/www.ivinio.com\/wp-content\/uploads\/2024\/09\/Artisan-partisan-Je-vois-la-vie-en-vert-IVINIO.jpg","type":"image\/jpeg"}],"twitter_card":"summary_large_image","twitter_misc":{"Ber\u00e4knad l\u00e4stid":"1 minut"},"schema":{"@context":"https:\/\/schema.org","@graph":[{"@type":"WebPage","@id":"https:\/\/www.ivinio.com\/sv\/produkt\/artisans-partisans-je-vois-la-vie-en-vert-rod\/","url":"https:\/\/www.ivinio.com\/sv\/produkt\/artisans-partisans-je-vois-la-vie-en-vert-rod\/","name":"Artisans Partisans - Je vois la vie en VERT - R\u00f6d - IVINIO Vinbutik","isPartOf":{"@id":"https:\/\/www.ivinio.com\/sv\/#website"},"primaryImageOfPage":{"@id":"https:\/\/www.ivinio.com\/sv\/produkt\/artisans-partisans-je-vois-la-vie-en-vert-rod\/#primaryimage"},"image":{"@id":"https:\/\/www.ivinio.com\/sv\/produkt\/artisans-partisans-je-vois-la-vie-en-vert-rod\/#primaryimage"},"thumbnailUrl":"https:\/\/www.ivinio.com\/wp-content\/uploads\/2024\/09\/Artisan-partisan-Je-vois-la-vie-en-vert-IVINIO.jpg","datePublished":"2024-09-20T13:20:46+00:00","dateModified":"2024-09-20T16:28:04+00:00","description":"Artisans Partisans - Je vois la vie en VERT - R\u00f6dvin av 100% Carignan. Naturvin med inslag av bj\u00f6rnb\u00e4r, svarta k\u00f6rsb\u00e4r och svarta vinb\u00e4r.","breadcrumb":{"@id":"https:\/\/www.ivinio.com\/sv\/produkt\/artisans-partisans-je-vois-la-vie-en-vert-rod\/#breadcrumb"},"inLanguage":"sv-SE","potentialAction":[{"@type":"ReadAction","target":["https:\/\/www.ivinio.com\/sv\/produkt\/artisans-partisans-je-vois-la-vie-en-vert-rod\/"]}]},{"@type":"ImageObject","inLanguage":"sv-SE","@id":"https:\/\/www.ivinio.com\/sv\/produkt\/artisans-partisans-je-vois-la-vie-en-vert-rod\/#primaryimage","url":"https:\/\/www.ivinio.com\/wp-content\/uploads\/2024\/09\/Artisan-partisan-Je-vois-la-vie-en-vert-IVINIO.jpg","contentUrl":"https:\/\/www.ivinio.com\/wp-content\/uploads\/2024\/09\/Artisan-partisan-Je-vois-la-vie-en-vert-IVINIO.jpg","width":500,"height":500},{"@type":"BreadcrumbList","@id":"https:\/\/www.ivinio.com\/sv\/produkt\/artisans-partisans-je-vois-la-vie-en-vert-rod\/#breadcrumb","itemListElement":[{"@type":"ListItem","position":1,"name":"Hem","item":"https:\/\/www.ivinio.com\/sv\/"},{"@type":"ListItem","position":2,"name":"Vinbutik","item":"https:\/\/www.ivinio.com\/sv\/vinbutik\/"},{"@type":"ListItem","position":3,"name":"Artisans Partisans &#8211; Je vois la vie en VERT &#8211; R\u00f6d"}]},{"@type":"WebSite","@id":"https:\/\/www.ivinio.com\/sv\/#website","url":"https:\/\/www.ivinio.com\/sv\/","name":"IVINIO Vinbutik","description":"Vin fr\u00e5n Frankrike och Italien med leverans hem till din d\u00f6rr","publisher":{"@id":"https:\/\/www.ivinio.com\/sv\/#organization"},"potentialAction":[{"@type":"SearchAction","target":{"@type":"EntryPoint","urlTemplate":"https:\/\/www.ivinio.com\/sv\/?s={search_term_string}"},"query-input":{"@type":"PropertyValueSpecification","valueRequired":true,"valueName":"search_term_string"}}],"inLanguage":"sv-SE"},{"@type":"Organization","@id":"https:\/\/www.ivinio.com\/sv\/#organization","name":"IVINIO","url":"https:\/\/www.ivinio.com\/sv\/","logo":{"@type":"ImageObject","inLanguage":"sv-SE","@id":"https:\/\/www.ivinio.com\/sv\/#\/schema\/logo\/image\/","url":"https:\/\/www.ivinio.com\/wp-content\/uploads\/2021\/01\/Logo-Ivinio-v2.jpg","contentUrl":"https:\/\/www.ivinio.com\/wp-content\/uploads\/2021\/01\/Logo-Ivinio-v2.jpg","width":1194,"height":1194,"caption":"IVINIO"},"image":{"@id":"https:\/\/www.ivinio.com\/sv\/#\/schema\/logo\/image\/"},"sameAs":["https:\/\/www.facebook.com\/groups\/165217837022391\/?ref=bookmarks","https:\/\/www.instagram.com\/_ivinio_\/?hl=fr"]}]}},"jetpack_sharing_enabled":true,"_links":{"self":[{"href":"https:\/\/www.ivinio.com\/sv\/wp-json\/wp\/v2\/product\/135941","targetHints":{"allow":["GET"]}}],"collection":[{"href":"https:\/\/www.ivinio.com\/sv\/wp-json\/wp\/v2\/product"}],"about":[{"href":"https:\/\/www.ivinio.com\/sv\/wp-json\/wp\/v2\/types\/product"}],"replies":[{"embeddable":true,"href":"https:\/\/www.ivinio.com\/sv\/wp-json\/wp\/v2\/comments?post=135941"}],"wp:featuredmedia":[{"embeddable":true,"href":"https:\/\/www.ivinio.com\/sv\/wp-json\/wp\/v2\/media\/135942"}],"wp:attachment":[{"href":"https:\/\/www.ivinio.com\/sv\/wp-json\/wp\/v2\/media?parent=135941"}],"wp:term":[{"taxonomy":"product_brand","embeddable":true,"href":"https:\/\/www.ivinio.com\/sv\/wp-json\/wp\/v2\/product_brand?post=135941"},{"taxonomy":"product_cat","embeddable":true,"href":"https:\/\/www.ivinio.com\/sv\/wp-json\/wp\/v2\/product_cat?post=135941"},{"taxonomy":"product_tag","embeddable":true,"href":"https:\/\/www.ivinio.com\/sv\/wp-json\/wp\/v2\/product_tag?post=135941"}],"curies":[{"name":"wp","href":"https:\/\/api.w.org\/{rel}","templated":true}]}}