{"id":135854,"date":"2024-08-10T18:18:58","date_gmt":"2024-08-10T16:18:58","guid":{"rendered":"https:\/\/www.ivinio.com\/?post_type=product&#038;p=135854"},"modified":"2025-02-17T17:13:50","modified_gmt":"2025-02-17T16:13:50","slug":"chateau-fontainebleau-vit","status":"publish","type":"product","link":"https:\/\/www.ivinio.com\/sv\/produkt\/chateau-fontainebleau-vit\/","title":{"rendered":"Ch\u00e2teau Fontainebleau &#8211; Vit"},"content":{"rendered":"<p>Ch\u00e2teau Fontainebleau &#8211; Vitvin framst\u00e4lls av 60% Rolle och 40% Clairette. Druvorna sk\u00f6rdas f\u00f6r hand vid optimal mognad, vanligtvis tidigt p\u00e5 morgonen f\u00f6r att bevara druvornas friskhet och aromer. En noggrann sortering sker b\u00e5de i vinodlingen och vid ankomst till vineriet f\u00f6r att s\u00e4kerst\u00e4lla att endast de b\u00e4sta druvorna anv\u00e4nds. Druvorna avstj\u00e4lkas och krossas f\u00f6rsiktigt. Pressningen separerar saften fr\u00e5n skalen och fr\u00f6na. Musten j\u00e4ser vid l\u00e5ga temperaturer (omkring 16-18\u00b0C) i rostfria st\u00e5ltankar. L\u00e5gtemperaturj\u00e4sning hj\u00e4lper till att bevara de fruktiga och blommiga aromerna i vinet. Lagring p\u00e5 bottensatsen i 6 m\u00e5naders tid.<\/p>\n","protected":false},"excerpt":{"rendered":"<p>Ett aromatiskt och fr\u00e4scht vitvin fr\u00e5n Provence !<\/p>\n","protected":false},"featured_media":135857,"comment_status":"open","ping_status":"closed","template":"","meta":{"_monsterinsights_skip_tracking":false,"_monsterinsights_sitenote_active":false,"_monsterinsights_sitenote_note":"","_monsterinsights_sitenote_category":0,"_uf_show_specific_survey":0,"_uf_disable_surveys":false},"product_brand":[],"product_cat":[36588,36624],"product_tag":[],"class_list":{"0":"post-135854","1":"product","2":"type-product","3":"status-publish","4":"has-post-thumbnail","6":"product_cat-franska-viner","7":"product_cat-sv-provence","8":"pa_alcohol-degree-13-sv","9":"pa_classification-aop-cotes-de-provence-sv","10":"pa_color-vit-sv","11":"pa_country-frankrike-sv","12":"pa_grape-variety-clairette-sv","13":"pa_grape-variety-rolle-sv","14":"pa_region-provence-sv","15":"pa_storage-potential-3-ar-sv","16":"pa_vintage-41218","17":"pa_volume-75-cl-sv","19":"first","20":"outofstock","21":"sale","22":"taxable","23":"shipping-taxable","24":"purchasable","25":"product-type-simple"},"bundled_by":["135860"],"bundle_stock_status":"outofstock","bundle_stock_quantity":0,"bundle_virtual":false,"bundle_layout":"","bundle_add_to_cart_form_location":"","bundle_editable_in_cart":false,"bundle_sold_individually_context":"","bundle_item_grouping":"","bundle_min_size":"","bundle_max_size":"","bundle_price":[],"bundled_items":[],"bundle_sell_ids":[],"yoast_head":"<!-- This site is optimized with the Yoast SEO plugin v27.4 - https:\/\/yoast.com\/product\/yoast-seo-wordpress\/ -->\n<title>Ch\u00e2teau Fontainebleau - Vit - IVINIO Vinbutik<\/title>\n<meta name=\"description\" content=\"Ch\u00e2teau Fontainebleau - Vitvin. Doft av limeskal, honung och av passionsfrukt. Smaken \u00e4r fyllig och rund, men med fin v\u00e4lbalanserad fr\u00e4sch\u00f6r.\" \/>\n<meta name=\"robots\" content=\"index, follow, max-snippet:-1, max-image-preview:large, max-video-preview:-1\" \/>\n<link rel=\"canonical\" href=\"https:\/\/www.ivinio.com\/sv\/produkt\/chateau-fontainebleau-vit\/\" \/>\n<meta property=\"og:locale\" content=\"sv_SE\" \/>\n<meta property=\"og:type\" content=\"article\" \/>\n<meta property=\"og:title\" content=\"Ch\u00e2teau Fontainebleau - Vit - IVINIO Vinbutik\" \/>\n<meta property=\"og:description\" content=\"Ch\u00e2teau Fontainebleau - Vitvin. Doft av limeskal, honung och av passionsfrukt. Smaken \u00e4r fyllig och rund, men med fin v\u00e4lbalanserad fr\u00e4sch\u00f6r.\" \/>\n<meta property=\"og:url\" content=\"https:\/\/www.ivinio.com\/sv\/produkt\/chateau-fontainebleau-vit\/\" \/>\n<meta property=\"og:site_name\" content=\"IVINIO Vinbutik\" \/>\n<meta property=\"article:publisher\" content=\"https:\/\/www.facebook.com\/groups\/165217837022391\/?ref=bookmarks\" \/>\n<meta property=\"article:modified_time\" content=\"2025-02-17T16:13:50+00:00\" \/>\n<meta property=\"og:image\" content=\"https:\/\/www.ivinio.com\/wp-content\/uploads\/2024\/08\/Chateau-Fontainebleau-blanc-IVINIO.jpg\" \/>\n\t<meta property=\"og:image:width\" content=\"500\" \/>\n\t<meta property=\"og:image:height\" content=\"500\" \/>\n\t<meta property=\"og:image:type\" content=\"image\/jpeg\" \/>\n<meta name=\"twitter:card\" content=\"summary_large_image\" \/>\n<meta name=\"twitter:label1\" content=\"Ber\u00e4knad l\u00e4stid\" \/>\n\t<meta name=\"twitter:data1\" content=\"1 minut\" \/>\n<script type=\"application\/ld+json\" class=\"yoast-schema-graph\">{\"@context\":\"https:\\\/\\\/schema.org\",\"@graph\":[{\"@type\":\"WebPage\",\"@id\":\"https:\\\/\\\/www.ivinio.com\\\/sv\\\/produkt\\\/chateau-fontainebleau-vit\\\/\",\"url\":\"https:\\\/\\\/www.ivinio.com\\\/sv\\\/produkt\\\/chateau-fontainebleau-vit\\\/\",\"name\":\"Ch\u00e2teau Fontainebleau - Vit - IVINIO Vinbutik\",\"isPartOf\":{\"@id\":\"https:\\\/\\\/www.ivinio.com\\\/sv\\\/#website\"},\"primaryImageOfPage\":{\"@id\":\"https:\\\/\\\/www.ivinio.com\\\/sv\\\/produkt\\\/chateau-fontainebleau-vit\\\/#primaryimage\"},\"image\":{\"@id\":\"https:\\\/\\\/www.ivinio.com\\\/sv\\\/produkt\\\/chateau-fontainebleau-vit\\\/#primaryimage\"},\"thumbnailUrl\":\"https:\\\/\\\/www.ivinio.com\\\/wp-content\\\/uploads\\\/2024\\\/08\\\/Chateau-Fontainebleau-blanc-IVINIO.jpg\",\"datePublished\":\"2024-08-10T16:18:58+00:00\",\"dateModified\":\"2025-02-17T16:13:50+00:00\",\"description\":\"Ch\u00e2teau Fontainebleau - Vitvin. Doft av limeskal, honung och av passionsfrukt. Smaken \u00e4r fyllig och rund, men med fin v\u00e4lbalanserad fr\u00e4sch\u00f6r.\",\"breadcrumb\":{\"@id\":\"https:\\\/\\\/www.ivinio.com\\\/sv\\\/produkt\\\/chateau-fontainebleau-vit\\\/#breadcrumb\"},\"inLanguage\":\"sv-SE\",\"potentialAction\":[{\"@type\":\"ReadAction\",\"target\":[\"https:\\\/\\\/www.ivinio.com\\\/sv\\\/produkt\\\/chateau-fontainebleau-vit\\\/\"]}]},{\"@type\":\"ImageObject\",\"inLanguage\":\"sv-SE\",\"@id\":\"https:\\\/\\\/www.ivinio.com\\\/sv\\\/produkt\\\/chateau-fontainebleau-vit\\\/#primaryimage\",\"url\":\"https:\\\/\\\/www.ivinio.com\\\/wp-content\\\/uploads\\\/2024\\\/08\\\/Chateau-Fontainebleau-blanc-IVINIO.jpg\",\"contentUrl\":\"https:\\\/\\\/www.ivinio.com\\\/wp-content\\\/uploads\\\/2024\\\/08\\\/Chateau-Fontainebleau-blanc-IVINIO.jpg\",\"width\":500,\"height\":500},{\"@type\":\"BreadcrumbList\",\"@id\":\"https:\\\/\\\/www.ivinio.com\\\/sv\\\/produkt\\\/chateau-fontainebleau-vit\\\/#breadcrumb\",\"itemListElement\":[{\"@type\":\"ListItem\",\"position\":1,\"name\":\"Hem\",\"item\":\"https:\\\/\\\/www.ivinio.com\\\/sv\\\/\"},{\"@type\":\"ListItem\",\"position\":2,\"name\":\"Vinbutik\",\"item\":\"https:\\\/\\\/www.ivinio.com\\\/sv\\\/vinbutik\\\/\"},{\"@type\":\"ListItem\",\"position\":3,\"name\":\"Ch\u00e2teau Fontainebleau &#8211; Vit\"}]},{\"@type\":\"WebSite\",\"@id\":\"https:\\\/\\\/www.ivinio.com\\\/sv\\\/#website\",\"url\":\"https:\\\/\\\/www.ivinio.com\\\/sv\\\/\",\"name\":\"IVINIO Vinbutik\",\"description\":\"Vin fr\u00e5n Frankrike och Italien med leverans hem till din d\u00f6rr\",\"publisher\":{\"@id\":\"https:\\\/\\\/www.ivinio.com\\\/sv\\\/#organization\"},\"potentialAction\":[{\"@type\":\"SearchAction\",\"target\":{\"@type\":\"EntryPoint\",\"urlTemplate\":\"https:\\\/\\\/www.ivinio.com\\\/sv\\\/?s={search_term_string}\"},\"query-input\":{\"@type\":\"PropertyValueSpecification\",\"valueRequired\":true,\"valueName\":\"search_term_string\"}}],\"inLanguage\":\"sv-SE\"},{\"@type\":\"Organization\",\"@id\":\"https:\\\/\\\/www.ivinio.com\\\/sv\\\/#organization\",\"name\":\"IVINIO\",\"url\":\"https:\\\/\\\/www.ivinio.com\\\/sv\\\/\",\"logo\":{\"@type\":\"ImageObject\",\"inLanguage\":\"sv-SE\",\"@id\":\"https:\\\/\\\/www.ivinio.com\\\/sv\\\/#\\\/schema\\\/logo\\\/image\\\/\",\"url\":\"https:\\\/\\\/www.ivinio.com\\\/wp-content\\\/uploads\\\/2021\\\/01\\\/Logo-Ivinio-v2.jpg\",\"contentUrl\":\"https:\\\/\\\/www.ivinio.com\\\/wp-content\\\/uploads\\\/2021\\\/01\\\/Logo-Ivinio-v2.jpg\",\"width\":1194,\"height\":1194,\"caption\":\"IVINIO\"},\"image\":{\"@id\":\"https:\\\/\\\/www.ivinio.com\\\/sv\\\/#\\\/schema\\\/logo\\\/image\\\/\"},\"sameAs\":[\"https:\\\/\\\/www.facebook.com\\\/groups\\\/165217837022391\\\/?ref=bookmarks\",\"https:\\\/\\\/www.instagram.com\\\/_ivinio_\\\/?hl=fr\"]}]}<\/script>\n<!-- \/ Yoast SEO plugin. -->","yoast_head_json":{"title":"Ch\u00e2teau Fontainebleau - Vit - IVINIO Vinbutik","description":"Ch\u00e2teau Fontainebleau - Vitvin. Doft av limeskal, honung och av passionsfrukt. Smaken \u00e4r fyllig och rund, men med fin v\u00e4lbalanserad fr\u00e4sch\u00f6r.","robots":{"index":"index","follow":"follow","max-snippet":"max-snippet:-1","max-image-preview":"max-image-preview:large","max-video-preview":"max-video-preview:-1"},"canonical":"https:\/\/www.ivinio.com\/sv\/produkt\/chateau-fontainebleau-vit\/","og_locale":"sv_SE","og_type":"article","og_title":"Ch\u00e2teau Fontainebleau - Vit - IVINIO Vinbutik","og_description":"Ch\u00e2teau Fontainebleau - Vitvin. Doft av limeskal, honung och av passionsfrukt. Smaken \u00e4r fyllig och rund, men med fin v\u00e4lbalanserad fr\u00e4sch\u00f6r.","og_url":"https:\/\/www.ivinio.com\/sv\/produkt\/chateau-fontainebleau-vit\/","og_site_name":"IVINIO Vinbutik","article_publisher":"https:\/\/www.facebook.com\/groups\/165217837022391\/?ref=bookmarks","article_modified_time":"2025-02-17T16:13:50+00:00","og_image":[{"width":500,"height":500,"url":"https:\/\/www.ivinio.com\/wp-content\/uploads\/2024\/08\/Chateau-Fontainebleau-blanc-IVINIO.jpg","type":"image\/jpeg"}],"twitter_card":"summary_large_image","twitter_misc":{"Ber\u00e4knad l\u00e4stid":"1 minut"},"schema":{"@context":"https:\/\/schema.org","@graph":[{"@type":"WebPage","@id":"https:\/\/www.ivinio.com\/sv\/produkt\/chateau-fontainebleau-vit\/","url":"https:\/\/www.ivinio.com\/sv\/produkt\/chateau-fontainebleau-vit\/","name":"Ch\u00e2teau Fontainebleau - Vit - IVINIO Vinbutik","isPartOf":{"@id":"https:\/\/www.ivinio.com\/sv\/#website"},"primaryImageOfPage":{"@id":"https:\/\/www.ivinio.com\/sv\/produkt\/chateau-fontainebleau-vit\/#primaryimage"},"image":{"@id":"https:\/\/www.ivinio.com\/sv\/produkt\/chateau-fontainebleau-vit\/#primaryimage"},"thumbnailUrl":"https:\/\/www.ivinio.com\/wp-content\/uploads\/2024\/08\/Chateau-Fontainebleau-blanc-IVINIO.jpg","datePublished":"2024-08-10T16:18:58+00:00","dateModified":"2025-02-17T16:13:50+00:00","description":"Ch\u00e2teau Fontainebleau - Vitvin. Doft av limeskal, honung och av passionsfrukt. Smaken \u00e4r fyllig och rund, men med fin v\u00e4lbalanserad fr\u00e4sch\u00f6r.","breadcrumb":{"@id":"https:\/\/www.ivinio.com\/sv\/produkt\/chateau-fontainebleau-vit\/#breadcrumb"},"inLanguage":"sv-SE","potentialAction":[{"@type":"ReadAction","target":["https:\/\/www.ivinio.com\/sv\/produkt\/chateau-fontainebleau-vit\/"]}]},{"@type":"ImageObject","inLanguage":"sv-SE","@id":"https:\/\/www.ivinio.com\/sv\/produkt\/chateau-fontainebleau-vit\/#primaryimage","url":"https:\/\/www.ivinio.com\/wp-content\/uploads\/2024\/08\/Chateau-Fontainebleau-blanc-IVINIO.jpg","contentUrl":"https:\/\/www.ivinio.com\/wp-content\/uploads\/2024\/08\/Chateau-Fontainebleau-blanc-IVINIO.jpg","width":500,"height":500},{"@type":"BreadcrumbList","@id":"https:\/\/www.ivinio.com\/sv\/produkt\/chateau-fontainebleau-vit\/#breadcrumb","itemListElement":[{"@type":"ListItem","position":1,"name":"Hem","item":"https:\/\/www.ivinio.com\/sv\/"},{"@type":"ListItem","position":2,"name":"Vinbutik","item":"https:\/\/www.ivinio.com\/sv\/vinbutik\/"},{"@type":"ListItem","position":3,"name":"Ch\u00e2teau Fontainebleau &#8211; Vit"}]},{"@type":"WebSite","@id":"https:\/\/www.ivinio.com\/sv\/#website","url":"https:\/\/www.ivinio.com\/sv\/","name":"IVINIO Vinbutik","description":"Vin fr\u00e5n Frankrike och Italien med leverans hem till din d\u00f6rr","publisher":{"@id":"https:\/\/www.ivinio.com\/sv\/#organization"},"potentialAction":[{"@type":"SearchAction","target":{"@type":"EntryPoint","urlTemplate":"https:\/\/www.ivinio.com\/sv\/?s={search_term_string}"},"query-input":{"@type":"PropertyValueSpecification","valueRequired":true,"valueName":"search_term_string"}}],"inLanguage":"sv-SE"},{"@type":"Organization","@id":"https:\/\/www.ivinio.com\/sv\/#organization","name":"IVINIO","url":"https:\/\/www.ivinio.com\/sv\/","logo":{"@type":"ImageObject","inLanguage":"sv-SE","@id":"https:\/\/www.ivinio.com\/sv\/#\/schema\/logo\/image\/","url":"https:\/\/www.ivinio.com\/wp-content\/uploads\/2021\/01\/Logo-Ivinio-v2.jpg","contentUrl":"https:\/\/www.ivinio.com\/wp-content\/uploads\/2021\/01\/Logo-Ivinio-v2.jpg","width":1194,"height":1194,"caption":"IVINIO"},"image":{"@id":"https:\/\/www.ivinio.com\/sv\/#\/schema\/logo\/image\/"},"sameAs":["https:\/\/www.facebook.com\/groups\/165217837022391\/?ref=bookmarks","https:\/\/www.instagram.com\/_ivinio_\/?hl=fr"]}]}},"jetpack_sharing_enabled":true,"_links":{"self":[{"href":"https:\/\/www.ivinio.com\/sv\/wp-json\/wp\/v2\/product\/135854","targetHints":{"allow":["GET"]}}],"collection":[{"href":"https:\/\/www.ivinio.com\/sv\/wp-json\/wp\/v2\/product"}],"about":[{"href":"https:\/\/www.ivinio.com\/sv\/wp-json\/wp\/v2\/types\/product"}],"replies":[{"embeddable":true,"href":"https:\/\/www.ivinio.com\/sv\/wp-json\/wp\/v2\/comments?post=135854"}],"wp:featuredmedia":[{"embeddable":true,"href":"https:\/\/www.ivinio.com\/sv\/wp-json\/wp\/v2\/media\/135857"}],"wp:attachment":[{"href":"https:\/\/www.ivinio.com\/sv\/wp-json\/wp\/v2\/media?parent=135854"}],"wp:term":[{"taxonomy":"product_brand","embeddable":true,"href":"https:\/\/www.ivinio.com\/sv\/wp-json\/wp\/v2\/product_brand?post=135854"},{"taxonomy":"product_cat","embeddable":true,"href":"https:\/\/www.ivinio.com\/sv\/wp-json\/wp\/v2\/product_cat?post=135854"},{"taxonomy":"product_tag","embeddable":true,"href":"https:\/\/www.ivinio.com\/sv\/wp-json\/wp\/v2\/product_tag?post=135854"}],"curies":[{"name":"wp","href":"https:\/\/api.w.org\/{rel}","templated":true}]}}