{"id":135736,"date":"2024-07-17T11:42:26","date_gmt":"2024-07-17T09:42:26","guid":{"rendered":"https:\/\/www.ivinio.com\/?post_type=product&#038;p=135736"},"modified":"2024-07-19T17:50:39","modified_gmt":"2024-07-19T15:50:39","slug":"domaine-marie-berenice-bandol-vit","status":"publish","type":"product","link":"https:\/\/www.ivinio.com\/sv\/produkt\/domaine-marie-berenice-bandol-vit\/","title":{"rendered":"Domaine Marie B\u00e9r\u00e9nice &#8211; Bandol &#8211; Vit"},"content":{"rendered":"<p>Domaine Marie B\u00e9r\u00e9nice &#8211; Bandol &#8211; Vitvin framst\u00e4lls av 60 % Clairette och 40 % Ugni blanc som vinifieras vid l\u00e5g temperatur. Druvorna odlas i jordar best\u00e5ende av kalksten, lera och sm\u00e5sten, som bidrar till vinets mineralitet och komplexitet. Jordbruket \u00e4r ekologiskt f\u00f6r att respektera milj\u00f6n och terroirens unika egenskaper. Sk\u00f6rden g\u00f6rs manuellt f\u00f6r att s\u00e4kerst\u00e4lla att endast de b\u00e4sta och mest mogna druvorna anv\u00e4nds. D\u00e4refter pressas de f\u00f6rsiktigt. Temperaturkontrollerad j\u00e4sning f\u00f6ljer i rostfria st\u00e5ltankar f\u00f6r att bevara fruktigheten och friskheten.<\/p>\n","protected":false},"excerpt":{"rendered":"<p>Ett fruktigt men fr\u00e4scht vitvin fr\u00e5n Bandol att drickas till medelhavsregionsinspirerade m\u00e5ltider.<\/p>\n","protected":false},"featured_media":135737,"comment_status":"open","ping_status":"closed","template":"","meta":{"_monsterinsights_skip_tracking":false,"_monsterinsights_sitenote_active":false,"_monsterinsights_sitenote_note":"","_monsterinsights_sitenote_category":0,"_uf_show_specific_survey":0,"_uf_disable_surveys":false},"product_brand":[],"product_cat":[36586,36622],"product_tag":[],"class_list":{"0":"post-135736","1":"product","2":"type-product","3":"status-publish","4":"has-post-thumbnail","6":"product_cat-vins-francais","7":"product_cat-fr-provence","8":"pa_alcohol-degree-13-fr","9":"pa_classification-aop-bandol-fr","10":"pa_color-blanc-fr","11":"pa_country-france-fr","12":"pa_grape-variety-clairette-fr","13":"pa_grape-variety-ugni-blanc-fr","14":"pa_region-provence-fr","15":"pa_storage-potential-5-ans-fr","16":"pa_vintage-2022-fr","17":"pa_volume-75-cl-fr","19":"first","20":"instock","21":"sale","22":"taxable","23":"shipping-taxable","24":"purchasable","25":"product-type-simple"},"bundled_by":["135740"],"bundle_stock_status":"instock","bundle_stock_quantity":null,"bundle_virtual":false,"bundle_layout":"","bundle_add_to_cart_form_location":"","bundle_editable_in_cart":false,"bundle_sold_individually_context":"","bundle_item_grouping":"","bundle_min_size":"","bundle_max_size":"","bundle_price":[],"bundled_items":[],"bundle_sell_ids":[],"yoast_head":"<!-- This site is optimized with the Yoast SEO plugin v27.5 - https:\/\/yoast.com\/product\/yoast-seo-wordpress\/ -->\n<title>Domaine Marie B\u00e9r\u00e9nice - Bandol - Vit - IVINIO Vinbutik<\/title>\n<meta name=\"description\" content=\"Domaine Marie B\u00e9r\u00e9nice - Bandol - Vitvin. Ett stiligt Provence-vin med intensiva aromer av citron och gul frukt. Till en bouillabaisse, eller grillad fisk.\" \/>\n<meta name=\"robots\" content=\"index, follow, max-snippet:-1, max-image-preview:large, max-video-preview:-1\" \/>\n<link rel=\"canonical\" href=\"https:\/\/www.ivinio.com\/sv\/produkt\/domaine-marie-berenice-bandol-vit\/\" \/>\n<meta property=\"og:locale\" content=\"sv_SE\" \/>\n<meta property=\"og:type\" content=\"article\" \/>\n<meta property=\"og:title\" content=\"Domaine Marie B\u00e9r\u00e9nice - Bandol - Vit - IVINIO Vinbutik\" \/>\n<meta property=\"og:description\" content=\"Domaine Marie B\u00e9r\u00e9nice - Bandol - Vitvin. Ett stiligt Provence-vin med intensiva aromer av citron och gul frukt. Till en bouillabaisse, eller grillad fisk.\" \/>\n<meta property=\"og:url\" content=\"https:\/\/www.ivinio.com\/sv\/produkt\/domaine-marie-berenice-bandol-vit\/\" \/>\n<meta property=\"og:site_name\" content=\"IVINIO Vinbutik\" \/>\n<meta property=\"article:publisher\" content=\"https:\/\/www.facebook.com\/groups\/165217837022391\/?ref=bookmarks\" \/>\n<meta property=\"article:modified_time\" content=\"2024-07-19T15:50:39+00:00\" \/>\n<meta property=\"og:image\" content=\"https:\/\/www.ivinio.com\/wp-content\/uploads\/2024\/07\/Domaine-Marie-Berenice-Bandol-IVINIO.jpg\" \/>\n\t<meta property=\"og:image:width\" content=\"500\" \/>\n\t<meta property=\"og:image:height\" content=\"500\" \/>\n\t<meta property=\"og:image:type\" content=\"image\/jpeg\" \/>\n<meta name=\"twitter:card\" content=\"summary_large_image\" \/>\n<meta name=\"twitter:label1\" content=\"Ber\u00e4knad l\u00e4stid\" \/>\n\t<meta name=\"twitter:data1\" content=\"1 minut\" \/>\n<script type=\"application\/ld+json\" class=\"yoast-schema-graph\">{\"@context\":\"https:\\\/\\\/schema.org\",\"@graph\":[{\"@type\":\"WebPage\",\"@id\":\"https:\\\/\\\/www.ivinio.com\\\/sv\\\/produkt\\\/domaine-marie-berenice-bandol-vit\\\/\",\"url\":\"https:\\\/\\\/www.ivinio.com\\\/sv\\\/produkt\\\/domaine-marie-berenice-bandol-vit\\\/\",\"name\":\"Domaine Marie B\u00e9r\u00e9nice - Bandol - Vit - IVINIO Vinbutik\",\"isPartOf\":{\"@id\":\"https:\\\/\\\/www.ivinio.com\\\/sv\\\/#website\"},\"primaryImageOfPage\":{\"@id\":\"https:\\\/\\\/www.ivinio.com\\\/sv\\\/produkt\\\/domaine-marie-berenice-bandol-vit\\\/#primaryimage\"},\"image\":{\"@id\":\"https:\\\/\\\/www.ivinio.com\\\/sv\\\/produkt\\\/domaine-marie-berenice-bandol-vit\\\/#primaryimage\"},\"thumbnailUrl\":\"https:\\\/\\\/www.ivinio.com\\\/wp-content\\\/uploads\\\/2024\\\/07\\\/Domaine-Marie-Berenice-Bandol-IVINIO.jpg\",\"datePublished\":\"2024-07-17T09:42:26+00:00\",\"dateModified\":\"2024-07-19T15:50:39+00:00\",\"description\":\"Domaine Marie B\u00e9r\u00e9nice - Bandol - Vitvin. Ett stiligt Provence-vin med intensiva aromer av citron och gul frukt. Till en bouillabaisse, eller grillad fisk.\",\"breadcrumb\":{\"@id\":\"https:\\\/\\\/www.ivinio.com\\\/sv\\\/produkt\\\/domaine-marie-berenice-bandol-vit\\\/#breadcrumb\"},\"inLanguage\":\"sv-SE\",\"potentialAction\":[{\"@type\":\"ReadAction\",\"target\":[\"https:\\\/\\\/www.ivinio.com\\\/sv\\\/produkt\\\/domaine-marie-berenice-bandol-vit\\\/\"]}]},{\"@type\":\"ImageObject\",\"inLanguage\":\"sv-SE\",\"@id\":\"https:\\\/\\\/www.ivinio.com\\\/sv\\\/produkt\\\/domaine-marie-berenice-bandol-vit\\\/#primaryimage\",\"url\":\"https:\\\/\\\/www.ivinio.com\\\/wp-content\\\/uploads\\\/2024\\\/07\\\/Domaine-Marie-Berenice-Bandol-IVINIO.jpg\",\"contentUrl\":\"https:\\\/\\\/www.ivinio.com\\\/wp-content\\\/uploads\\\/2024\\\/07\\\/Domaine-Marie-Berenice-Bandol-IVINIO.jpg\",\"width\":500,\"height\":500},{\"@type\":\"BreadcrumbList\",\"@id\":\"https:\\\/\\\/www.ivinio.com\\\/sv\\\/produkt\\\/domaine-marie-berenice-bandol-vit\\\/#breadcrumb\",\"itemListElement\":[{\"@type\":\"ListItem\",\"position\":1,\"name\":\"Hem\",\"item\":\"https:\\\/\\\/www.ivinio.com\\\/sv\\\/\"},{\"@type\":\"ListItem\",\"position\":2,\"name\":\"Vinbutik\",\"item\":\"https:\\\/\\\/www.ivinio.com\\\/sv\\\/vinbutik\\\/\"},{\"@type\":\"ListItem\",\"position\":3,\"name\":\"Domaine Marie B\u00e9r\u00e9nice &#8211; Bandol &#8211; Vit\"}]},{\"@type\":\"WebSite\",\"@id\":\"https:\\\/\\\/www.ivinio.com\\\/sv\\\/#website\",\"url\":\"https:\\\/\\\/www.ivinio.com\\\/sv\\\/\",\"name\":\"IVINIO Vinbutik\",\"description\":\"Vin fr\u00e5n Frankrike och Italien med leverans hem till din d\u00f6rr\",\"publisher\":{\"@id\":\"https:\\\/\\\/www.ivinio.com\\\/sv\\\/#organization\"},\"potentialAction\":[{\"@type\":\"SearchAction\",\"target\":{\"@type\":\"EntryPoint\",\"urlTemplate\":\"https:\\\/\\\/www.ivinio.com\\\/sv\\\/?s={search_term_string}\"},\"query-input\":{\"@type\":\"PropertyValueSpecification\",\"valueRequired\":true,\"valueName\":\"search_term_string\"}}],\"inLanguage\":\"sv-SE\"},{\"@type\":\"Organization\",\"@id\":\"https:\\\/\\\/www.ivinio.com\\\/sv\\\/#organization\",\"name\":\"IVINIO\",\"url\":\"https:\\\/\\\/www.ivinio.com\\\/sv\\\/\",\"logo\":{\"@type\":\"ImageObject\",\"inLanguage\":\"sv-SE\",\"@id\":\"https:\\\/\\\/www.ivinio.com\\\/sv\\\/#\\\/schema\\\/logo\\\/image\\\/\",\"url\":\"https:\\\/\\\/www.ivinio.com\\\/wp-content\\\/uploads\\\/2021\\\/01\\\/Logo-Ivinio-v2.jpg\",\"contentUrl\":\"https:\\\/\\\/www.ivinio.com\\\/wp-content\\\/uploads\\\/2021\\\/01\\\/Logo-Ivinio-v2.jpg\",\"width\":1194,\"height\":1194,\"caption\":\"IVINIO\"},\"image\":{\"@id\":\"https:\\\/\\\/www.ivinio.com\\\/sv\\\/#\\\/schema\\\/logo\\\/image\\\/\"},\"sameAs\":[\"https:\\\/\\\/www.facebook.com\\\/groups\\\/165217837022391\\\/?ref=bookmarks\",\"https:\\\/\\\/www.instagram.com\\\/_ivinio_\\\/?hl=fr\"]}]}<\/script>\n<!-- \/ Yoast SEO plugin. -->","yoast_head_json":{"title":"Domaine Marie B\u00e9r\u00e9nice - Bandol - Vit - IVINIO Vinbutik","description":"Domaine Marie B\u00e9r\u00e9nice - Bandol - Vitvin. Ett stiligt Provence-vin med intensiva aromer av citron och gul frukt. Till en bouillabaisse, eller grillad fisk.","robots":{"index":"index","follow":"follow","max-snippet":"max-snippet:-1","max-image-preview":"max-image-preview:large","max-video-preview":"max-video-preview:-1"},"canonical":"https:\/\/www.ivinio.com\/sv\/produkt\/domaine-marie-berenice-bandol-vit\/","og_locale":"sv_SE","og_type":"article","og_title":"Domaine Marie B\u00e9r\u00e9nice - Bandol - Vit - IVINIO Vinbutik","og_description":"Domaine Marie B\u00e9r\u00e9nice - Bandol - Vitvin. Ett stiligt Provence-vin med intensiva aromer av citron och gul frukt. Till en bouillabaisse, eller grillad fisk.","og_url":"https:\/\/www.ivinio.com\/sv\/produkt\/domaine-marie-berenice-bandol-vit\/","og_site_name":"IVINIO Vinbutik","article_publisher":"https:\/\/www.facebook.com\/groups\/165217837022391\/?ref=bookmarks","article_modified_time":"2024-07-19T15:50:39+00:00","og_image":[{"width":500,"height":500,"url":"https:\/\/www.ivinio.com\/wp-content\/uploads\/2024\/07\/Domaine-Marie-Berenice-Bandol-IVINIO.jpg","type":"image\/jpeg"}],"twitter_card":"summary_large_image","twitter_misc":{"Ber\u00e4knad l\u00e4stid":"1 minut"},"schema":{"@context":"https:\/\/schema.org","@graph":[{"@type":"WebPage","@id":"https:\/\/www.ivinio.com\/sv\/produkt\/domaine-marie-berenice-bandol-vit\/","url":"https:\/\/www.ivinio.com\/sv\/produkt\/domaine-marie-berenice-bandol-vit\/","name":"Domaine Marie B\u00e9r\u00e9nice - Bandol - Vit - IVINIO Vinbutik","isPartOf":{"@id":"https:\/\/www.ivinio.com\/sv\/#website"},"primaryImageOfPage":{"@id":"https:\/\/www.ivinio.com\/sv\/produkt\/domaine-marie-berenice-bandol-vit\/#primaryimage"},"image":{"@id":"https:\/\/www.ivinio.com\/sv\/produkt\/domaine-marie-berenice-bandol-vit\/#primaryimage"},"thumbnailUrl":"https:\/\/www.ivinio.com\/wp-content\/uploads\/2024\/07\/Domaine-Marie-Berenice-Bandol-IVINIO.jpg","datePublished":"2024-07-17T09:42:26+00:00","dateModified":"2024-07-19T15:50:39+00:00","description":"Domaine Marie B\u00e9r\u00e9nice - Bandol - Vitvin. Ett stiligt Provence-vin med intensiva aromer av citron och gul frukt. Till en bouillabaisse, eller grillad fisk.","breadcrumb":{"@id":"https:\/\/www.ivinio.com\/sv\/produkt\/domaine-marie-berenice-bandol-vit\/#breadcrumb"},"inLanguage":"sv-SE","potentialAction":[{"@type":"ReadAction","target":["https:\/\/www.ivinio.com\/sv\/produkt\/domaine-marie-berenice-bandol-vit\/"]}]},{"@type":"ImageObject","inLanguage":"sv-SE","@id":"https:\/\/www.ivinio.com\/sv\/produkt\/domaine-marie-berenice-bandol-vit\/#primaryimage","url":"https:\/\/www.ivinio.com\/wp-content\/uploads\/2024\/07\/Domaine-Marie-Berenice-Bandol-IVINIO.jpg","contentUrl":"https:\/\/www.ivinio.com\/wp-content\/uploads\/2024\/07\/Domaine-Marie-Berenice-Bandol-IVINIO.jpg","width":500,"height":500},{"@type":"BreadcrumbList","@id":"https:\/\/www.ivinio.com\/sv\/produkt\/domaine-marie-berenice-bandol-vit\/#breadcrumb","itemListElement":[{"@type":"ListItem","position":1,"name":"Hem","item":"https:\/\/www.ivinio.com\/sv\/"},{"@type":"ListItem","position":2,"name":"Vinbutik","item":"https:\/\/www.ivinio.com\/sv\/vinbutik\/"},{"@type":"ListItem","position":3,"name":"Domaine Marie B\u00e9r\u00e9nice &#8211; Bandol &#8211; Vit"}]},{"@type":"WebSite","@id":"https:\/\/www.ivinio.com\/sv\/#website","url":"https:\/\/www.ivinio.com\/sv\/","name":"IVINIO Vinbutik","description":"Vin fr\u00e5n Frankrike och Italien med leverans hem till din d\u00f6rr","publisher":{"@id":"https:\/\/www.ivinio.com\/sv\/#organization"},"potentialAction":[{"@type":"SearchAction","target":{"@type":"EntryPoint","urlTemplate":"https:\/\/www.ivinio.com\/sv\/?s={search_term_string}"},"query-input":{"@type":"PropertyValueSpecification","valueRequired":true,"valueName":"search_term_string"}}],"inLanguage":"sv-SE"},{"@type":"Organization","@id":"https:\/\/www.ivinio.com\/sv\/#organization","name":"IVINIO","url":"https:\/\/www.ivinio.com\/sv\/","logo":{"@type":"ImageObject","inLanguage":"sv-SE","@id":"https:\/\/www.ivinio.com\/sv\/#\/schema\/logo\/image\/","url":"https:\/\/www.ivinio.com\/wp-content\/uploads\/2021\/01\/Logo-Ivinio-v2.jpg","contentUrl":"https:\/\/www.ivinio.com\/wp-content\/uploads\/2021\/01\/Logo-Ivinio-v2.jpg","width":1194,"height":1194,"caption":"IVINIO"},"image":{"@id":"https:\/\/www.ivinio.com\/sv\/#\/schema\/logo\/image\/"},"sameAs":["https:\/\/www.facebook.com\/groups\/165217837022391\/?ref=bookmarks","https:\/\/www.instagram.com\/_ivinio_\/?hl=fr"]}]}},"jetpack_sharing_enabled":true,"_links":{"self":[{"href":"https:\/\/www.ivinio.com\/sv\/wp-json\/wp\/v2\/product\/135736","targetHints":{"allow":["GET"]}}],"collection":[{"href":"https:\/\/www.ivinio.com\/sv\/wp-json\/wp\/v2\/product"}],"about":[{"href":"https:\/\/www.ivinio.com\/sv\/wp-json\/wp\/v2\/types\/product"}],"replies":[{"embeddable":true,"href":"https:\/\/www.ivinio.com\/sv\/wp-json\/wp\/v2\/comments?post=135736"}],"wp:featuredmedia":[{"embeddable":true,"href":"https:\/\/www.ivinio.com\/sv\/wp-json\/wp\/v2\/media\/135737"}],"wp:attachment":[{"href":"https:\/\/www.ivinio.com\/sv\/wp-json\/wp\/v2\/media?parent=135736"}],"wp:term":[{"taxonomy":"product_brand","embeddable":true,"href":"https:\/\/www.ivinio.com\/sv\/wp-json\/wp\/v2\/product_brand?post=135736"},{"taxonomy":"product_cat","embeddable":true,"href":"https:\/\/www.ivinio.com\/sv\/wp-json\/wp\/v2\/product_cat?post=135736"},{"taxonomy":"product_tag","embeddable":true,"href":"https:\/\/www.ivinio.com\/sv\/wp-json\/wp\/v2\/product_tag?post=135736"}],"curies":[{"name":"wp","href":"https:\/\/api.w.org\/{rel}","templated":true}]}}