{"id":135730,"date":"2024-07-16T19:16:37","date_gmt":"2024-07-16T17:16:37","guid":{"rendered":"https:\/\/www.ivinio.com\/?post_type=product&#038;p=135730"},"modified":"2025-03-29T10:48:46","modified_gmt":"2025-03-29T09:48:46","slug":"domaine-marie-berenice-bandol-rose","status":"publish","type":"product","link":"https:\/\/www.ivinio.com\/sv\/produkt\/domaine-marie-berenice-bandol-rose\/","title":{"rendered":"Domaine Marie B\u00e9r\u00e9nice &#8211; Bandol &#8211; Ros\u00e9"},"content":{"rendered":"<p>Domaine Marie B\u00e9r\u00e9nice &#8211; Bandol &#8211; Ros\u00e9vin framst\u00e4lls fr\u00e4mst av 80 % Mourv\u00e8dre, men kompletteras av 10 % Grenache och 10 % Cinsault. Druvorna odlas i kalkstens- och lerjordar som \u00e4r typiska f\u00f6r Bandol, vilket ger vinerna en distinkt mineralitet. Druvorna sk\u00f6rdas manuellt f\u00f6r att s\u00e4kerst\u00e4lla att endast de b\u00e4sta druvorna anv\u00e4nds. D\u00e4refter pressas de f\u00f6r att extrahera den fina ros\u00e9f\u00e4rgen. Endast Grenachedruvorna macererar en kort tid med skalen. J\u00e4sningen g\u00f6rs i temperaturkontrollerade rostfria st\u00e5ltankar f\u00f6r att bevara fruktigheten och friskheten. Kort lagring p\u00e5 st\u00e5ltank f\u00f6r att bibeh\u00e5lla vinets livliga karakt\u00e4r.<\/p>\n","protected":false},"excerpt":{"rendered":"<p>Ett fruktigt och fylligt ros\u00e9vin fr\u00e5n Bandol att drickas till medelhavsregionsinspirerade m\u00e5ltider.<\/p>\n","protected":false},"featured_media":135731,"comment_status":"open","ping_status":"closed","template":"","meta":{"_monsterinsights_skip_tracking":false,"_monsterinsights_sitenote_active":false,"_monsterinsights_sitenote_note":"","_monsterinsights_sitenote_category":0,"_uf_show_specific_survey":0,"_uf_disable_surveys":false},"product_brand":[],"product_cat":[39812],"product_tag":[],"class_list":{"0":"post-135730","1":"product","2":"type-product","3":"status-publish","4":"has-post-thumbnail","6":"product_cat-uncategorized-2","7":"pa_alcohol-degree-13-en","8":"pa_classification-aop-bandol-en","9":"pa_color-rose-en","10":"pa_country-france-en","11":"pa_grape-variety-cinsault-en","12":"pa_grape-variety-grenache-en","13":"pa_grape-variety-mourvedre","14":"pa_region-provence-en","15":"pa_storage-potential-5-years-en","16":"pa_vintage-2022-en","17":"pa_volume-75-cl-en","19":"first","20":"outofstock","21":"sale","22":"taxable","23":"shipping-taxable","24":"purchasable","25":"product-type-simple"},"bundled_by":["135740"],"bundle_stock_status":"outofstock","bundle_stock_quantity":null,"bundle_virtual":false,"bundle_layout":"","bundle_add_to_cart_form_location":"","bundle_editable_in_cart":false,"bundle_sold_individually_context":"","bundle_item_grouping":"","bundle_min_size":"","bundle_max_size":"","bundle_price":[],"bundled_items":[],"bundle_sell_ids":[],"yoast_head":"<!-- This site is optimized with the Yoast SEO plugin v27.5 - https:\/\/yoast.com\/product\/yoast-seo-wordpress\/ -->\n<title>Domaine Marie B\u00e9r\u00e9nice - Bandol - Ros\u00e9 - IVINIO Vinbutik<\/title>\n<meta name=\"description\" content=\"Domaine Marie B\u00e9r\u00e9nice - Bandol - Ros\u00e9vin. Doften har inslag av citrus. En fruktig och rund smak med mycket bra l\u00e4ngd fin fetma. En m\u00e5ltidsros\u00e9.\" \/>\n<meta name=\"robots\" content=\"index, follow, max-snippet:-1, max-image-preview:large, max-video-preview:-1\" \/>\n<link rel=\"canonical\" href=\"https:\/\/www.ivinio.com\/sv\/produkt\/domaine-marie-berenice-bandol-rose\/\" \/>\n<meta property=\"og:locale\" content=\"sv_SE\" \/>\n<meta property=\"og:type\" content=\"article\" \/>\n<meta property=\"og:title\" content=\"Domaine Marie B\u00e9r\u00e9nice - Bandol - Ros\u00e9 - IVINIO Vinbutik\" \/>\n<meta property=\"og:description\" content=\"Domaine Marie B\u00e9r\u00e9nice - Bandol - Ros\u00e9vin. Doften har inslag av citrus. En fruktig och rund smak med mycket bra l\u00e4ngd fin fetma. En m\u00e5ltidsros\u00e9.\" \/>\n<meta property=\"og:url\" content=\"https:\/\/www.ivinio.com\/sv\/produkt\/domaine-marie-berenice-bandol-rose\/\" \/>\n<meta property=\"og:site_name\" content=\"IVINIO Vinbutik\" \/>\n<meta property=\"article:publisher\" content=\"https:\/\/www.facebook.com\/groups\/165217837022391\/?ref=bookmarks\" \/>\n<meta property=\"article:modified_time\" content=\"2025-03-29T09:48:46+00:00\" \/>\n<meta property=\"og:image\" content=\"https:\/\/www.ivinio.com\/wp-content\/uploads\/2024\/07\/Domaine-Marie-Berenice-Rose-IVINIO.jpg\" \/>\n\t<meta property=\"og:image:width\" content=\"500\" \/>\n\t<meta property=\"og:image:height\" content=\"500\" \/>\n\t<meta property=\"og:image:type\" content=\"image\/jpeg\" \/>\n<meta name=\"twitter:card\" content=\"summary_large_image\" \/>\n<meta name=\"twitter:label1\" content=\"Ber\u00e4knad l\u00e4stid\" \/>\n\t<meta name=\"twitter:data1\" content=\"1 minut\" \/>\n<script type=\"application\/ld+json\" class=\"yoast-schema-graph\">{\"@context\":\"https:\\\/\\\/schema.org\",\"@graph\":[{\"@type\":\"WebPage\",\"@id\":\"https:\\\/\\\/www.ivinio.com\\\/sv\\\/produkt\\\/domaine-marie-berenice-bandol-rose\\\/\",\"url\":\"https:\\\/\\\/www.ivinio.com\\\/sv\\\/produkt\\\/domaine-marie-berenice-bandol-rose\\\/\",\"name\":\"Domaine Marie B\u00e9r\u00e9nice - Bandol - Ros\u00e9 - IVINIO Vinbutik\",\"isPartOf\":{\"@id\":\"https:\\\/\\\/www.ivinio.com\\\/sv\\\/#website\"},\"primaryImageOfPage\":{\"@id\":\"https:\\\/\\\/www.ivinio.com\\\/sv\\\/produkt\\\/domaine-marie-berenice-bandol-rose\\\/#primaryimage\"},\"image\":{\"@id\":\"https:\\\/\\\/www.ivinio.com\\\/sv\\\/produkt\\\/domaine-marie-berenice-bandol-rose\\\/#primaryimage\"},\"thumbnailUrl\":\"https:\\\/\\\/www.ivinio.com\\\/wp-content\\\/uploads\\\/2024\\\/07\\\/Domaine-Marie-Berenice-Rose-IVINIO.jpg\",\"datePublished\":\"2024-07-16T17:16:37+00:00\",\"dateModified\":\"2025-03-29T09:48:46+00:00\",\"description\":\"Domaine Marie B\u00e9r\u00e9nice - Bandol - Ros\u00e9vin. Doften har inslag av citrus. En fruktig och rund smak med mycket bra l\u00e4ngd fin fetma. En m\u00e5ltidsros\u00e9.\",\"breadcrumb\":{\"@id\":\"https:\\\/\\\/www.ivinio.com\\\/sv\\\/produkt\\\/domaine-marie-berenice-bandol-rose\\\/#breadcrumb\"},\"inLanguage\":\"sv-SE\",\"potentialAction\":[{\"@type\":\"ReadAction\",\"target\":[\"https:\\\/\\\/www.ivinio.com\\\/sv\\\/produkt\\\/domaine-marie-berenice-bandol-rose\\\/\"]}]},{\"@type\":\"ImageObject\",\"inLanguage\":\"sv-SE\",\"@id\":\"https:\\\/\\\/www.ivinio.com\\\/sv\\\/produkt\\\/domaine-marie-berenice-bandol-rose\\\/#primaryimage\",\"url\":\"https:\\\/\\\/www.ivinio.com\\\/wp-content\\\/uploads\\\/2024\\\/07\\\/Domaine-Marie-Berenice-Rose-IVINIO.jpg\",\"contentUrl\":\"https:\\\/\\\/www.ivinio.com\\\/wp-content\\\/uploads\\\/2024\\\/07\\\/Domaine-Marie-Berenice-Rose-IVINIO.jpg\",\"width\":500,\"height\":500},{\"@type\":\"BreadcrumbList\",\"@id\":\"https:\\\/\\\/www.ivinio.com\\\/sv\\\/produkt\\\/domaine-marie-berenice-bandol-rose\\\/#breadcrumb\",\"itemListElement\":[{\"@type\":\"ListItem\",\"position\":1,\"name\":\"Hem\",\"item\":\"https:\\\/\\\/www.ivinio.com\\\/sv\\\/\"},{\"@type\":\"ListItem\",\"position\":2,\"name\":\"Vinbutik\",\"item\":\"https:\\\/\\\/www.ivinio.com\\\/sv\\\/vinbutik\\\/\"},{\"@type\":\"ListItem\",\"position\":3,\"name\":\"Domaine Marie B\u00e9r\u00e9nice &#8211; Bandol &#8211; Ros\u00e9\"}]},{\"@type\":\"WebSite\",\"@id\":\"https:\\\/\\\/www.ivinio.com\\\/sv\\\/#website\",\"url\":\"https:\\\/\\\/www.ivinio.com\\\/sv\\\/\",\"name\":\"IVINIO Vinbutik\",\"description\":\"Vin fr\u00e5n Frankrike och Italien med leverans hem till din d\u00f6rr\",\"publisher\":{\"@id\":\"https:\\\/\\\/www.ivinio.com\\\/sv\\\/#organization\"},\"potentialAction\":[{\"@type\":\"SearchAction\",\"target\":{\"@type\":\"EntryPoint\",\"urlTemplate\":\"https:\\\/\\\/www.ivinio.com\\\/sv\\\/?s={search_term_string}\"},\"query-input\":{\"@type\":\"PropertyValueSpecification\",\"valueRequired\":true,\"valueName\":\"search_term_string\"}}],\"inLanguage\":\"sv-SE\"},{\"@type\":\"Organization\",\"@id\":\"https:\\\/\\\/www.ivinio.com\\\/sv\\\/#organization\",\"name\":\"IVINIO\",\"url\":\"https:\\\/\\\/www.ivinio.com\\\/sv\\\/\",\"logo\":{\"@type\":\"ImageObject\",\"inLanguage\":\"sv-SE\",\"@id\":\"https:\\\/\\\/www.ivinio.com\\\/sv\\\/#\\\/schema\\\/logo\\\/image\\\/\",\"url\":\"https:\\\/\\\/www.ivinio.com\\\/wp-content\\\/uploads\\\/2021\\\/01\\\/Logo-Ivinio-v2.jpg\",\"contentUrl\":\"https:\\\/\\\/www.ivinio.com\\\/wp-content\\\/uploads\\\/2021\\\/01\\\/Logo-Ivinio-v2.jpg\",\"width\":1194,\"height\":1194,\"caption\":\"IVINIO\"},\"image\":{\"@id\":\"https:\\\/\\\/www.ivinio.com\\\/sv\\\/#\\\/schema\\\/logo\\\/image\\\/\"},\"sameAs\":[\"https:\\\/\\\/www.facebook.com\\\/groups\\\/165217837022391\\\/?ref=bookmarks\",\"https:\\\/\\\/www.instagram.com\\\/_ivinio_\\\/?hl=fr\"]}]}<\/script>\n<!-- \/ Yoast SEO plugin. -->","yoast_head_json":{"title":"Domaine Marie B\u00e9r\u00e9nice - Bandol - Ros\u00e9 - IVINIO Vinbutik","description":"Domaine Marie B\u00e9r\u00e9nice - Bandol - Ros\u00e9vin. Doften har inslag av citrus. En fruktig och rund smak med mycket bra l\u00e4ngd fin fetma. En m\u00e5ltidsros\u00e9.","robots":{"index":"index","follow":"follow","max-snippet":"max-snippet:-1","max-image-preview":"max-image-preview:large","max-video-preview":"max-video-preview:-1"},"canonical":"https:\/\/www.ivinio.com\/sv\/produkt\/domaine-marie-berenice-bandol-rose\/","og_locale":"sv_SE","og_type":"article","og_title":"Domaine Marie B\u00e9r\u00e9nice - Bandol - Ros\u00e9 - IVINIO Vinbutik","og_description":"Domaine Marie B\u00e9r\u00e9nice - Bandol - Ros\u00e9vin. Doften har inslag av citrus. En fruktig och rund smak med mycket bra l\u00e4ngd fin fetma. En m\u00e5ltidsros\u00e9.","og_url":"https:\/\/www.ivinio.com\/sv\/produkt\/domaine-marie-berenice-bandol-rose\/","og_site_name":"IVINIO Vinbutik","article_publisher":"https:\/\/www.facebook.com\/groups\/165217837022391\/?ref=bookmarks","article_modified_time":"2025-03-29T09:48:46+00:00","og_image":[{"width":500,"height":500,"url":"https:\/\/www.ivinio.com\/wp-content\/uploads\/2024\/07\/Domaine-Marie-Berenice-Rose-IVINIO.jpg","type":"image\/jpeg"}],"twitter_card":"summary_large_image","twitter_misc":{"Ber\u00e4knad l\u00e4stid":"1 minut"},"schema":{"@context":"https:\/\/schema.org","@graph":[{"@type":"WebPage","@id":"https:\/\/www.ivinio.com\/sv\/produkt\/domaine-marie-berenice-bandol-rose\/","url":"https:\/\/www.ivinio.com\/sv\/produkt\/domaine-marie-berenice-bandol-rose\/","name":"Domaine Marie B\u00e9r\u00e9nice - Bandol - Ros\u00e9 - IVINIO Vinbutik","isPartOf":{"@id":"https:\/\/www.ivinio.com\/sv\/#website"},"primaryImageOfPage":{"@id":"https:\/\/www.ivinio.com\/sv\/produkt\/domaine-marie-berenice-bandol-rose\/#primaryimage"},"image":{"@id":"https:\/\/www.ivinio.com\/sv\/produkt\/domaine-marie-berenice-bandol-rose\/#primaryimage"},"thumbnailUrl":"https:\/\/www.ivinio.com\/wp-content\/uploads\/2024\/07\/Domaine-Marie-Berenice-Rose-IVINIO.jpg","datePublished":"2024-07-16T17:16:37+00:00","dateModified":"2025-03-29T09:48:46+00:00","description":"Domaine Marie B\u00e9r\u00e9nice - Bandol - Ros\u00e9vin. Doften har inslag av citrus. En fruktig och rund smak med mycket bra l\u00e4ngd fin fetma. En m\u00e5ltidsros\u00e9.","breadcrumb":{"@id":"https:\/\/www.ivinio.com\/sv\/produkt\/domaine-marie-berenice-bandol-rose\/#breadcrumb"},"inLanguage":"sv-SE","potentialAction":[{"@type":"ReadAction","target":["https:\/\/www.ivinio.com\/sv\/produkt\/domaine-marie-berenice-bandol-rose\/"]}]},{"@type":"ImageObject","inLanguage":"sv-SE","@id":"https:\/\/www.ivinio.com\/sv\/produkt\/domaine-marie-berenice-bandol-rose\/#primaryimage","url":"https:\/\/www.ivinio.com\/wp-content\/uploads\/2024\/07\/Domaine-Marie-Berenice-Rose-IVINIO.jpg","contentUrl":"https:\/\/www.ivinio.com\/wp-content\/uploads\/2024\/07\/Domaine-Marie-Berenice-Rose-IVINIO.jpg","width":500,"height":500},{"@type":"BreadcrumbList","@id":"https:\/\/www.ivinio.com\/sv\/produkt\/domaine-marie-berenice-bandol-rose\/#breadcrumb","itemListElement":[{"@type":"ListItem","position":1,"name":"Hem","item":"https:\/\/www.ivinio.com\/sv\/"},{"@type":"ListItem","position":2,"name":"Vinbutik","item":"https:\/\/www.ivinio.com\/sv\/vinbutik\/"},{"@type":"ListItem","position":3,"name":"Domaine Marie B\u00e9r\u00e9nice &#8211; Bandol &#8211; Ros\u00e9"}]},{"@type":"WebSite","@id":"https:\/\/www.ivinio.com\/sv\/#website","url":"https:\/\/www.ivinio.com\/sv\/","name":"IVINIO Vinbutik","description":"Vin fr\u00e5n Frankrike och Italien med leverans hem till din d\u00f6rr","publisher":{"@id":"https:\/\/www.ivinio.com\/sv\/#organization"},"potentialAction":[{"@type":"SearchAction","target":{"@type":"EntryPoint","urlTemplate":"https:\/\/www.ivinio.com\/sv\/?s={search_term_string}"},"query-input":{"@type":"PropertyValueSpecification","valueRequired":true,"valueName":"search_term_string"}}],"inLanguage":"sv-SE"},{"@type":"Organization","@id":"https:\/\/www.ivinio.com\/sv\/#organization","name":"IVINIO","url":"https:\/\/www.ivinio.com\/sv\/","logo":{"@type":"ImageObject","inLanguage":"sv-SE","@id":"https:\/\/www.ivinio.com\/sv\/#\/schema\/logo\/image\/","url":"https:\/\/www.ivinio.com\/wp-content\/uploads\/2021\/01\/Logo-Ivinio-v2.jpg","contentUrl":"https:\/\/www.ivinio.com\/wp-content\/uploads\/2021\/01\/Logo-Ivinio-v2.jpg","width":1194,"height":1194,"caption":"IVINIO"},"image":{"@id":"https:\/\/www.ivinio.com\/sv\/#\/schema\/logo\/image\/"},"sameAs":["https:\/\/www.facebook.com\/groups\/165217837022391\/?ref=bookmarks","https:\/\/www.instagram.com\/_ivinio_\/?hl=fr"]}]}},"jetpack_sharing_enabled":true,"_links":{"self":[{"href":"https:\/\/www.ivinio.com\/sv\/wp-json\/wp\/v2\/product\/135730","targetHints":{"allow":["GET"]}}],"collection":[{"href":"https:\/\/www.ivinio.com\/sv\/wp-json\/wp\/v2\/product"}],"about":[{"href":"https:\/\/www.ivinio.com\/sv\/wp-json\/wp\/v2\/types\/product"}],"replies":[{"embeddable":true,"href":"https:\/\/www.ivinio.com\/sv\/wp-json\/wp\/v2\/comments?post=135730"}],"wp:featuredmedia":[{"embeddable":true,"href":"https:\/\/www.ivinio.com\/sv\/wp-json\/wp\/v2\/media\/135731"}],"wp:attachment":[{"href":"https:\/\/www.ivinio.com\/sv\/wp-json\/wp\/v2\/media?parent=135730"}],"wp:term":[{"taxonomy":"product_brand","embeddable":true,"href":"https:\/\/www.ivinio.com\/sv\/wp-json\/wp\/v2\/product_brand?post=135730"},{"taxonomy":"product_cat","embeddable":true,"href":"https:\/\/www.ivinio.com\/sv\/wp-json\/wp\/v2\/product_cat?post=135730"},{"taxonomy":"product_tag","embeddable":true,"href":"https:\/\/www.ivinio.com\/sv\/wp-json\/wp\/v2\/product_tag?post=135730"}],"curies":[{"name":"wp","href":"https:\/\/api.w.org\/{rel}","templated":true}]}}