{"id":135651,"date":"2024-06-28T18:43:13","date_gmt":"2024-06-28T16:43:13","guid":{"rendered":"https:\/\/www.ivinio.com\/?post_type=product&#038;p=135651"},"modified":"2024-06-28T20:03:38","modified_gmt":"2024-06-28T18:03:38","slug":"vranken-demoiselle-tete-de-cuvee","status":"publish","type":"product","link":"https:\/\/www.ivinio.com\/sv\/produkt\/vranken-demoiselle-tete-de-cuvee\/","title":{"rendered":"Vranken &#8211; Demoiselle &#8211; T\u00eate de cuv\u00e9e"},"content":{"rendered":"<p>Vranken &#8211; Demoiselle &#8211; T\u00eate de cuv\u00e9e inneb\u00e4r att vinet \u00e4r framst\u00e4lld av druvor fr\u00e5n f\u00f6rsta pressen, dvs den b\u00e4sta musten. Detta vinet framst\u00e4lls fr\u00e4mst av Chardonnay-druvor,\u00a0 samt en liten andel Pinot Noir och\/eller Pinot Meunier beroende p\u00e5 \u00e5rg\u00e5ng. Druvorna odlas i h\u00f6gkvalitativa cru-omr\u00e5den, ofta klassade som Grand Cru eller Premier Cru. Sk\u00f6rden g\u00f6rs manuellt f\u00f6r att s\u00e4kerst\u00e4lla valet av de b\u00e4sta klasarna. Pressningen g\u00f6rs l\u00e4t f\u00f6r att extrahera musten utan att krossa fr\u00f6na. Alkoholj\u00e4sningen g\u00f6rs sedan i rostfria kar eller ekfat. Man blandar basviner fr\u00e5n olika druvsorter och omr\u00e5den f\u00f6r att f\u00e5 en \u00f6nskad aromatisk profil.\u00a0 Efter andra j\u00e4sningen (Pris de mousse) lagras vinet p\u00e5 sin j\u00e4stf\u00e4llning i flera \u00e5r (ofta mer \u00e4n 3 \u00e5r) f\u00f6r att utveckla komplexa aromer. Vinet degorgeras och doseras .<\/p>\n","protected":false},"excerpt":{"rendered":"<p>En fr\u00e4sch Champagne med inslag av f\u00e4rsk frukt (\u00e4pple, p\u00e4ron), med brioche-nyanser och en touch av mineralitet.<\/p>\n","protected":false},"featured_media":135673,"comment_status":"open","ping_status":"closed","template":"","meta":{"_monsterinsights_skip_tracking":false,"_monsterinsights_sitenote_active":false,"_monsterinsights_sitenote_note":"","_monsterinsights_sitenote_category":0,"_uf_show_specific_survey":0,"_uf_disable_surveys":false},"product_brand":[],"product_cat":[36615],"product_tag":[],"class_list":{"0":"post-135651","1":"product","2":"type-product","3":"status-publish","4":"has-post-thumbnail","6":"product_cat-sv-champagne","7":"pa_alcohol-degree-12-sv","8":"pa_classification-aop-champagne-sv","9":"pa_color-mousserande-sv","10":"pa_country-frankrike-sv","11":"pa_grape-variety-chardonnay-sv","12":"pa_grape-variety-pinot-meunier","13":"pa_grape-variety-pinot-noir-sv","14":"pa_package-1x1-sv","15":"pa_package-1x6-sv","16":"pa_region-champagne-sv","17":"pa_storage-potential-7-ar","18":"pa_volume-75-cl-sv","20":"first","21":"instock","22":"sale","23":"taxable","24":"shipping-taxable","25":"purchasable","26":"product-type-variable"},"bundled_by":[],"bundle_stock_status":"instock","bundle_stock_quantity":null,"bundle_virtual":false,"bundle_layout":"","bundle_add_to_cart_form_location":"","bundle_editable_in_cart":false,"bundle_sold_individually_context":"","bundle_item_grouping":"","bundle_min_size":"","bundle_max_size":"","bundle_price":[],"bundled_items":[],"bundle_sell_ids":[],"yoast_head":"<!-- This site is optimized with the Yoast SEO plugin v27.5 - https:\/\/yoast.com\/product\/yoast-seo-wordpress\/ -->\n<title>Vranken - Demoiselle - T\u00eate de cuv\u00e9e - IVINIO Vinbutik<\/title>\n<meta name=\"description\" content=\"Vranken - Demoiselle - T\u00eate de cuv\u00e9e. f\u00e4rsk frukt (\u00e4pple, p\u00e4ron), med brioche-nyanser och en touch av mineralitet. Att servera till aperitifer, skaldjur.\" \/>\n<meta name=\"robots\" content=\"index, follow, max-snippet:-1, max-image-preview:large, max-video-preview:-1\" \/>\n<link rel=\"canonical\" href=\"https:\/\/www.ivinio.com\/sv\/produkt\/vranken-demoiselle-tete-de-cuvee\/\" \/>\n<meta property=\"og:locale\" content=\"sv_SE\" \/>\n<meta property=\"og:type\" content=\"article\" \/>\n<meta property=\"og:title\" content=\"Vranken - Demoiselle - T\u00eate de cuv\u00e9e - IVINIO Vinbutik\" \/>\n<meta property=\"og:description\" content=\"Vranken - Demoiselle - T\u00eate de cuv\u00e9e. f\u00e4rsk frukt (\u00e4pple, p\u00e4ron), med brioche-nyanser och en touch av mineralitet. Att servera till aperitifer, skaldjur.\" \/>\n<meta property=\"og:url\" content=\"https:\/\/www.ivinio.com\/sv\/produkt\/vranken-demoiselle-tete-de-cuvee\/\" \/>\n<meta property=\"og:site_name\" content=\"IVINIO Vinbutik\" \/>\n<meta property=\"article:publisher\" content=\"https:\/\/www.facebook.com\/groups\/165217837022391\/?ref=bookmarks\" \/>\n<meta property=\"article:modified_time\" content=\"2024-06-28T18:03:38+00:00\" \/>\n<meta property=\"og:image\" content=\"https:\/\/www.ivinio.com\/wp-content\/uploads\/2024\/06\/Vranken-demoiselle-tete-de-cuvee-IVINIO.jpg\" \/>\n\t<meta property=\"og:image:width\" content=\"500\" \/>\n\t<meta property=\"og:image:height\" content=\"500\" \/>\n\t<meta property=\"og:image:type\" content=\"image\/jpeg\" \/>\n<meta name=\"twitter:card\" content=\"summary_large_image\" \/>\n<meta name=\"twitter:label1\" content=\"Ber\u00e4knad l\u00e4stid\" \/>\n\t<meta name=\"twitter:data1\" content=\"1 minut\" \/>\n<script type=\"application\/ld+json\" class=\"yoast-schema-graph\">{\"@context\":\"https:\\\/\\\/schema.org\",\"@graph\":[{\"@type\":\"WebPage\",\"@id\":\"https:\\\/\\\/www.ivinio.com\\\/sv\\\/produkt\\\/vranken-demoiselle-tete-de-cuvee\\\/\",\"url\":\"https:\\\/\\\/www.ivinio.com\\\/sv\\\/produkt\\\/vranken-demoiselle-tete-de-cuvee\\\/\",\"name\":\"Vranken - Demoiselle - T\u00eate de cuv\u00e9e - IVINIO Vinbutik\",\"isPartOf\":{\"@id\":\"https:\\\/\\\/www.ivinio.com\\\/sv\\\/#website\"},\"primaryImageOfPage\":{\"@id\":\"https:\\\/\\\/www.ivinio.com\\\/sv\\\/produkt\\\/vranken-demoiselle-tete-de-cuvee\\\/#primaryimage\"},\"image\":{\"@id\":\"https:\\\/\\\/www.ivinio.com\\\/sv\\\/produkt\\\/vranken-demoiselle-tete-de-cuvee\\\/#primaryimage\"},\"thumbnailUrl\":\"https:\\\/\\\/www.ivinio.com\\\/wp-content\\\/uploads\\\/2024\\\/06\\\/Vranken-demoiselle-tete-de-cuvee-IVINIO.jpg\",\"datePublished\":\"2024-06-28T16:43:13+00:00\",\"dateModified\":\"2024-06-28T18:03:38+00:00\",\"description\":\"Vranken - Demoiselle - T\u00eate de cuv\u00e9e. f\u00e4rsk frukt (\u00e4pple, p\u00e4ron), med brioche-nyanser och en touch av mineralitet. Att servera till aperitifer, skaldjur.\",\"breadcrumb\":{\"@id\":\"https:\\\/\\\/www.ivinio.com\\\/sv\\\/produkt\\\/vranken-demoiselle-tete-de-cuvee\\\/#breadcrumb\"},\"inLanguage\":\"sv-SE\",\"potentialAction\":[{\"@type\":\"ReadAction\",\"target\":[\"https:\\\/\\\/www.ivinio.com\\\/sv\\\/produkt\\\/vranken-demoiselle-tete-de-cuvee\\\/\"]}]},{\"@type\":\"ImageObject\",\"inLanguage\":\"sv-SE\",\"@id\":\"https:\\\/\\\/www.ivinio.com\\\/sv\\\/produkt\\\/vranken-demoiselle-tete-de-cuvee\\\/#primaryimage\",\"url\":\"https:\\\/\\\/www.ivinio.com\\\/wp-content\\\/uploads\\\/2024\\\/06\\\/Vranken-demoiselle-tete-de-cuvee-IVINIO.jpg\",\"contentUrl\":\"https:\\\/\\\/www.ivinio.com\\\/wp-content\\\/uploads\\\/2024\\\/06\\\/Vranken-demoiselle-tete-de-cuvee-IVINIO.jpg\",\"width\":500,\"height\":500},{\"@type\":\"BreadcrumbList\",\"@id\":\"https:\\\/\\\/www.ivinio.com\\\/sv\\\/produkt\\\/vranken-demoiselle-tete-de-cuvee\\\/#breadcrumb\",\"itemListElement\":[{\"@type\":\"ListItem\",\"position\":1,\"name\":\"Hem\",\"item\":\"https:\\\/\\\/www.ivinio.com\\\/sv\\\/\"},{\"@type\":\"ListItem\",\"position\":2,\"name\":\"Vinbutik\",\"item\":\"https:\\\/\\\/www.ivinio.com\\\/sv\\\/vinbutik\\\/\"},{\"@type\":\"ListItem\",\"position\":3,\"name\":\"Vranken &#8211; Demoiselle &#8211; T\u00eate de cuv\u00e9e\"}]},{\"@type\":\"WebSite\",\"@id\":\"https:\\\/\\\/www.ivinio.com\\\/sv\\\/#website\",\"url\":\"https:\\\/\\\/www.ivinio.com\\\/sv\\\/\",\"name\":\"IVINIO Vinbutik\",\"description\":\"Vin fr\u00e5n Frankrike och Italien med leverans hem till din d\u00f6rr\",\"publisher\":{\"@id\":\"https:\\\/\\\/www.ivinio.com\\\/sv\\\/#organization\"},\"potentialAction\":[{\"@type\":\"SearchAction\",\"target\":{\"@type\":\"EntryPoint\",\"urlTemplate\":\"https:\\\/\\\/www.ivinio.com\\\/sv\\\/?s={search_term_string}\"},\"query-input\":{\"@type\":\"PropertyValueSpecification\",\"valueRequired\":true,\"valueName\":\"search_term_string\"}}],\"inLanguage\":\"sv-SE\"},{\"@type\":\"Organization\",\"@id\":\"https:\\\/\\\/www.ivinio.com\\\/sv\\\/#organization\",\"name\":\"IVINIO\",\"url\":\"https:\\\/\\\/www.ivinio.com\\\/sv\\\/\",\"logo\":{\"@type\":\"ImageObject\",\"inLanguage\":\"sv-SE\",\"@id\":\"https:\\\/\\\/www.ivinio.com\\\/sv\\\/#\\\/schema\\\/logo\\\/image\\\/\",\"url\":\"https:\\\/\\\/www.ivinio.com\\\/wp-content\\\/uploads\\\/2021\\\/01\\\/Logo-Ivinio-v2.jpg\",\"contentUrl\":\"https:\\\/\\\/www.ivinio.com\\\/wp-content\\\/uploads\\\/2021\\\/01\\\/Logo-Ivinio-v2.jpg\",\"width\":1194,\"height\":1194,\"caption\":\"IVINIO\"},\"image\":{\"@id\":\"https:\\\/\\\/www.ivinio.com\\\/sv\\\/#\\\/schema\\\/logo\\\/image\\\/\"},\"sameAs\":[\"https:\\\/\\\/www.facebook.com\\\/groups\\\/165217837022391\\\/?ref=bookmarks\",\"https:\\\/\\\/www.instagram.com\\\/_ivinio_\\\/?hl=fr\"]}]}<\/script>\n<!-- \/ Yoast SEO plugin. -->","yoast_head_json":{"title":"Vranken - Demoiselle - T\u00eate de cuv\u00e9e - IVINIO Vinbutik","description":"Vranken - Demoiselle - T\u00eate de cuv\u00e9e. f\u00e4rsk frukt (\u00e4pple, p\u00e4ron), med brioche-nyanser och en touch av mineralitet. Att servera till aperitifer, skaldjur.","robots":{"index":"index","follow":"follow","max-snippet":"max-snippet:-1","max-image-preview":"max-image-preview:large","max-video-preview":"max-video-preview:-1"},"canonical":"https:\/\/www.ivinio.com\/sv\/produkt\/vranken-demoiselle-tete-de-cuvee\/","og_locale":"sv_SE","og_type":"article","og_title":"Vranken - Demoiselle - T\u00eate de cuv\u00e9e - IVINIO Vinbutik","og_description":"Vranken - Demoiselle - T\u00eate de cuv\u00e9e. f\u00e4rsk frukt (\u00e4pple, p\u00e4ron), med brioche-nyanser och en touch av mineralitet. Att servera till aperitifer, skaldjur.","og_url":"https:\/\/www.ivinio.com\/sv\/produkt\/vranken-demoiselle-tete-de-cuvee\/","og_site_name":"IVINIO Vinbutik","article_publisher":"https:\/\/www.facebook.com\/groups\/165217837022391\/?ref=bookmarks","article_modified_time":"2024-06-28T18:03:38+00:00","og_image":[{"width":500,"height":500,"url":"https:\/\/www.ivinio.com\/wp-content\/uploads\/2024\/06\/Vranken-demoiselle-tete-de-cuvee-IVINIO.jpg","type":"image\/jpeg"}],"twitter_card":"summary_large_image","twitter_misc":{"Ber\u00e4knad l\u00e4stid":"1 minut"},"schema":{"@context":"https:\/\/schema.org","@graph":[{"@type":"WebPage","@id":"https:\/\/www.ivinio.com\/sv\/produkt\/vranken-demoiselle-tete-de-cuvee\/","url":"https:\/\/www.ivinio.com\/sv\/produkt\/vranken-demoiselle-tete-de-cuvee\/","name":"Vranken - Demoiselle - T\u00eate de cuv\u00e9e - IVINIO Vinbutik","isPartOf":{"@id":"https:\/\/www.ivinio.com\/sv\/#website"},"primaryImageOfPage":{"@id":"https:\/\/www.ivinio.com\/sv\/produkt\/vranken-demoiselle-tete-de-cuvee\/#primaryimage"},"image":{"@id":"https:\/\/www.ivinio.com\/sv\/produkt\/vranken-demoiselle-tete-de-cuvee\/#primaryimage"},"thumbnailUrl":"https:\/\/www.ivinio.com\/wp-content\/uploads\/2024\/06\/Vranken-demoiselle-tete-de-cuvee-IVINIO.jpg","datePublished":"2024-06-28T16:43:13+00:00","dateModified":"2024-06-28T18:03:38+00:00","description":"Vranken - Demoiselle - T\u00eate de cuv\u00e9e. f\u00e4rsk frukt (\u00e4pple, p\u00e4ron), med brioche-nyanser och en touch av mineralitet. Att servera till aperitifer, skaldjur.","breadcrumb":{"@id":"https:\/\/www.ivinio.com\/sv\/produkt\/vranken-demoiselle-tete-de-cuvee\/#breadcrumb"},"inLanguage":"sv-SE","potentialAction":[{"@type":"ReadAction","target":["https:\/\/www.ivinio.com\/sv\/produkt\/vranken-demoiselle-tete-de-cuvee\/"]}]},{"@type":"ImageObject","inLanguage":"sv-SE","@id":"https:\/\/www.ivinio.com\/sv\/produkt\/vranken-demoiselle-tete-de-cuvee\/#primaryimage","url":"https:\/\/www.ivinio.com\/wp-content\/uploads\/2024\/06\/Vranken-demoiselle-tete-de-cuvee-IVINIO.jpg","contentUrl":"https:\/\/www.ivinio.com\/wp-content\/uploads\/2024\/06\/Vranken-demoiselle-tete-de-cuvee-IVINIO.jpg","width":500,"height":500},{"@type":"BreadcrumbList","@id":"https:\/\/www.ivinio.com\/sv\/produkt\/vranken-demoiselle-tete-de-cuvee\/#breadcrumb","itemListElement":[{"@type":"ListItem","position":1,"name":"Hem","item":"https:\/\/www.ivinio.com\/sv\/"},{"@type":"ListItem","position":2,"name":"Vinbutik","item":"https:\/\/www.ivinio.com\/sv\/vinbutik\/"},{"@type":"ListItem","position":3,"name":"Vranken &#8211; Demoiselle &#8211; T\u00eate de cuv\u00e9e"}]},{"@type":"WebSite","@id":"https:\/\/www.ivinio.com\/sv\/#website","url":"https:\/\/www.ivinio.com\/sv\/","name":"IVINIO Vinbutik","description":"Vin fr\u00e5n Frankrike och Italien med leverans hem till din d\u00f6rr","publisher":{"@id":"https:\/\/www.ivinio.com\/sv\/#organization"},"potentialAction":[{"@type":"SearchAction","target":{"@type":"EntryPoint","urlTemplate":"https:\/\/www.ivinio.com\/sv\/?s={search_term_string}"},"query-input":{"@type":"PropertyValueSpecification","valueRequired":true,"valueName":"search_term_string"}}],"inLanguage":"sv-SE"},{"@type":"Organization","@id":"https:\/\/www.ivinio.com\/sv\/#organization","name":"IVINIO","url":"https:\/\/www.ivinio.com\/sv\/","logo":{"@type":"ImageObject","inLanguage":"sv-SE","@id":"https:\/\/www.ivinio.com\/sv\/#\/schema\/logo\/image\/","url":"https:\/\/www.ivinio.com\/wp-content\/uploads\/2021\/01\/Logo-Ivinio-v2.jpg","contentUrl":"https:\/\/www.ivinio.com\/wp-content\/uploads\/2021\/01\/Logo-Ivinio-v2.jpg","width":1194,"height":1194,"caption":"IVINIO"},"image":{"@id":"https:\/\/www.ivinio.com\/sv\/#\/schema\/logo\/image\/"},"sameAs":["https:\/\/www.facebook.com\/groups\/165217837022391\/?ref=bookmarks","https:\/\/www.instagram.com\/_ivinio_\/?hl=fr"]}]}},"jetpack_sharing_enabled":true,"_links":{"self":[{"href":"https:\/\/www.ivinio.com\/sv\/wp-json\/wp\/v2\/product\/135651","targetHints":{"allow":["GET"]}}],"collection":[{"href":"https:\/\/www.ivinio.com\/sv\/wp-json\/wp\/v2\/product"}],"about":[{"href":"https:\/\/www.ivinio.com\/sv\/wp-json\/wp\/v2\/types\/product"}],"replies":[{"embeddable":true,"href":"https:\/\/www.ivinio.com\/sv\/wp-json\/wp\/v2\/comments?post=135651"}],"wp:featuredmedia":[{"embeddable":true,"href":"https:\/\/www.ivinio.com\/sv\/wp-json\/wp\/v2\/media\/135673"}],"wp:attachment":[{"href":"https:\/\/www.ivinio.com\/sv\/wp-json\/wp\/v2\/media?parent=135651"}],"wp:term":[{"taxonomy":"product_brand","embeddable":true,"href":"https:\/\/www.ivinio.com\/sv\/wp-json\/wp\/v2\/product_brand?post=135651"},{"taxonomy":"product_cat","embeddable":true,"href":"https:\/\/www.ivinio.com\/sv\/wp-json\/wp\/v2\/product_cat?post=135651"},{"taxonomy":"product_tag","embeddable":true,"href":"https:\/\/www.ivinio.com\/sv\/wp-json\/wp\/v2\/product_tag?post=135651"}],"curies":[{"name":"wp","href":"https:\/\/api.w.org\/{rel}","templated":true}]}}