{"id":135498,"date":"2024-05-25T17:27:19","date_gmt":"2024-05-25T15:27:19","guid":{"rendered":"https:\/\/www.ivinio.com\/?post_type=product&#038;p=135498"},"modified":"2026-02-21T16:35:01","modified_gmt":"2026-02-21T15:35:01","slug":"maxime-crotet-beaujolais-lantignie-vaugervand-rod","status":"publish","type":"product","link":"https:\/\/www.ivinio.com\/sv\/produkt\/maxime-crotet-beaujolais-lantignie-vaugervand-rod\/","title":{"rendered":"Maxime Crotet &#8211; Beaujolais Lantigni\u00e9 &#8211; Vaugervand &#8211; R\u00f6d"},"content":{"rendered":"<p>Maxime Crotet &#8211; Beaujolais Lantigni\u00e9 &#8211; Vaugervand &#8211; R\u00f6dvin framst\u00e4lls av 100% Gamay-druvor. som f\u00f6ljer en traditionell men noggrant kontrollerad process f\u00f6r att framh\u00e4va det b\u00e4sta av Gamay-druvorna och terroiren i Lantigni\u00e9 som \u00e4r k\u00e4nd f\u00f6r sina granitrika jordar och gynnsamma klimat. Maxime Crotet praktiserar metoder f\u00f6r naturligt och ekologiskt vin. Druvorna sk\u00f6rdas f\u00f6r hand vid optimal mognad. Sk\u00f6rden sker tidigt p\u00e5 morgonen f\u00f6r att bevara druvornas friskhet och aromer. Efter sk\u00f6rden transporteras druvorna snabbt till vineriet. En noggrann sortering genomf\u00f6rs f\u00f6r att s\u00e4kerst\u00e4lla att endast de b\u00e4sta druvorna anv\u00e4nds i vinifikationen. Druvorna genomg\u00e5r en traditionell kylmaceration, vilket inneb\u00e4r att hela klasar av druvor j\u00e4ser vid l\u00e5g temperatur i flera dagar. Detta extraherar f\u00e4rg och smak fr\u00e5n skalen utan att extrahera f\u00f6r mycket tanniner, vilket ger ett fruktigt och aromatiskt vin. D\u00e4refter krossas druvorna l\u00e4tt f\u00f6r att b\u00f6rja den alkoholhaltiga j\u00e4sningen. J\u00e4sningen sker med naturliga j\u00e4ststammar som finns p\u00e5 druvornas skal, vilket hj\u00e4lper till att bevara terroirens unika karakt\u00e4r. J\u00e4sningen sker i temperaturkontrollerade rostfria st\u00e5ltankar och varar i 10-15 dagar. Under j\u00e4sningen anv\u00e4nds traditionella tekniker som pigeage (nertryckning av skalhatten) och remontage (\u00f6verpumpning av must) f\u00f6r att s\u00e4kerst\u00e4lla j\u00e4mn extraktion av smaker och f\u00e4rg. Efter den alkoholhaltiga j\u00e4sningen genomg\u00e5r vinet en malolaktisk j\u00e4sning, vilket omvandlar skarp \u00e4ppelsyra till mjukare mj\u00f6lksyra och ger vinet en rundare och mer komplex smak. Vinet lagras ett par m\u00e5nader p\u00e5 j\u00e4stf\u00e4llningen och delvis i 10 m\u00e5nader p\u00e5 anv\u00e4nda ekfat f\u00f6r att inte f\u00f6rvr\u00e4nga fruktigheten och fr\u00e4sch\u00f6ren i vinet.<\/p>\n","protected":false},"excerpt":{"rendered":"<p>Ett naturvin fr\u00e5n Beaujolais som delvis lagrats p\u00e5 ekfat.<\/p>\n","protected":false},"featured_media":135500,"comment_status":"open","ping_status":"closed","template":"","meta":{"_monsterinsights_skip_tracking":false,"_monsterinsights_sitenote_active":false,"_monsterinsights_sitenote_note":"","_monsterinsights_sitenote_category":0,"_uf_show_specific_survey":0,"_uf_disable_surveys":false},"product_brand":[],"product_cat":[36618,36588],"product_tag":[],"class_list":{"0":"post-135498","1":"product","2":"type-product","3":"status-publish","4":"has-post-thumbnail","6":"product_cat-sv-beaujolais","7":"product_cat-franska-viner","8":"pa_alcohol-degree-13-sv","9":"pa_classification-aop-beaujolais-villages","10":"pa_color-rod-sv","11":"pa_country-frankrike-sv","12":"pa_grape-variety-gamay-sv","13":"pa_region-beaujolais-sv","14":"pa_storage-potential-mer-an-5-ar-sv","15":"pa_vintage-41019","16":"pa_volume-75-cl-sv","18":"first","19":"outofstock","20":"sale","21":"taxable","22":"shipping-taxable","23":"purchasable","24":"product-type-simple"},"bundled_by":["135524"],"bundle_stock_status":"outofstock","bundle_stock_quantity":null,"bundle_virtual":false,"bundle_layout":"","bundle_add_to_cart_form_location":"","bundle_editable_in_cart":false,"bundle_sold_individually_context":"","bundle_item_grouping":"","bundle_min_size":"","bundle_max_size":"","bundle_price":[],"bundled_items":[],"bundle_sell_ids":[],"yoast_head":"<!-- This site is optimized with the Yoast SEO plugin v27.4 - https:\/\/yoast.com\/product\/yoast-seo-wordpress\/ -->\n<title>Maxime Crotet - Beaujolais Lantigni\u00e9 - Vaugervand - R\u00f6d - IVINIO Vinbutik<\/title>\n<meta name=\"description\" content=\"Maxime Crotet - Beaujolais Lantigni\u00e9 - Vaugervand - R\u00f6dvin. Naturvin med fr\u00e4mst inslag av r\u00f6da b\u00e4r, s\u00e5som hallon, k\u00f6rsb\u00e4r och r\u00f6da vinb\u00e4r.\" \/>\n<meta name=\"robots\" content=\"index, follow, max-snippet:-1, max-image-preview:large, max-video-preview:-1\" \/>\n<link rel=\"canonical\" href=\"https:\/\/www.ivinio.com\/sv\/produkt\/maxime-crotet-beaujolais-lantignie-vaugervand-rod\/\" \/>\n<meta property=\"og:locale\" content=\"sv_SE\" \/>\n<meta property=\"og:type\" content=\"article\" \/>\n<meta property=\"og:title\" content=\"Maxime Crotet - Beaujolais Lantigni\u00e9 - Vaugervand - R\u00f6d - IVINIO Vinbutik\" \/>\n<meta property=\"og:description\" content=\"Maxime Crotet - Beaujolais Lantigni\u00e9 - Vaugervand - R\u00f6dvin. Naturvin med fr\u00e4mst inslag av r\u00f6da b\u00e4r, s\u00e5som hallon, k\u00f6rsb\u00e4r och r\u00f6da vinb\u00e4r.\" \/>\n<meta property=\"og:url\" content=\"https:\/\/www.ivinio.com\/sv\/produkt\/maxime-crotet-beaujolais-lantignie-vaugervand-rod\/\" \/>\n<meta property=\"og:site_name\" content=\"IVINIO Vinbutik\" \/>\n<meta property=\"article:publisher\" content=\"https:\/\/www.facebook.com\/groups\/165217837022391\/?ref=bookmarks\" \/>\n<meta property=\"article:modified_time\" content=\"2026-02-21T15:35:01+00:00\" \/>\n<meta property=\"og:image\" content=\"https:\/\/www.ivinio.com\/wp-content\/uploads\/2024\/05\/Maxime-Crotet-beaujolais-Lantignie-IVINIO.jpg\" \/>\n\t<meta property=\"og:image:width\" content=\"500\" \/>\n\t<meta property=\"og:image:height\" content=\"500\" \/>\n\t<meta property=\"og:image:type\" content=\"image\/jpeg\" \/>\n<meta name=\"twitter:card\" content=\"summary_large_image\" \/>\n<meta name=\"twitter:label1\" content=\"Ber\u00e4knad l\u00e4stid\" \/>\n\t<meta name=\"twitter:data1\" content=\"2 minuter\" \/>\n<script type=\"application\/ld+json\" class=\"yoast-schema-graph\">{\"@context\":\"https:\\\/\\\/schema.org\",\"@graph\":[{\"@type\":\"WebPage\",\"@id\":\"https:\\\/\\\/www.ivinio.com\\\/sv\\\/produkt\\\/maxime-crotet-beaujolais-lantignie-vaugervand-rod\\\/\",\"url\":\"https:\\\/\\\/www.ivinio.com\\\/sv\\\/produkt\\\/maxime-crotet-beaujolais-lantignie-vaugervand-rod\\\/\",\"name\":\"Maxime Crotet - Beaujolais Lantigni\u00e9 - Vaugervand - R\u00f6d - IVINIO Vinbutik\",\"isPartOf\":{\"@id\":\"https:\\\/\\\/www.ivinio.com\\\/sv\\\/#website\"},\"primaryImageOfPage\":{\"@id\":\"https:\\\/\\\/www.ivinio.com\\\/sv\\\/produkt\\\/maxime-crotet-beaujolais-lantignie-vaugervand-rod\\\/#primaryimage\"},\"image\":{\"@id\":\"https:\\\/\\\/www.ivinio.com\\\/sv\\\/produkt\\\/maxime-crotet-beaujolais-lantignie-vaugervand-rod\\\/#primaryimage\"},\"thumbnailUrl\":\"https:\\\/\\\/www.ivinio.com\\\/wp-content\\\/uploads\\\/2024\\\/05\\\/Maxime-Crotet-beaujolais-Lantignie-IVINIO.jpg\",\"datePublished\":\"2024-05-25T15:27:19+00:00\",\"dateModified\":\"2026-02-21T15:35:01+00:00\",\"description\":\"Maxime Crotet - Beaujolais Lantigni\u00e9 - Vaugervand - R\u00f6dvin. Naturvin med fr\u00e4mst inslag av r\u00f6da b\u00e4r, s\u00e5som hallon, k\u00f6rsb\u00e4r och r\u00f6da vinb\u00e4r.\",\"breadcrumb\":{\"@id\":\"https:\\\/\\\/www.ivinio.com\\\/sv\\\/produkt\\\/maxime-crotet-beaujolais-lantignie-vaugervand-rod\\\/#breadcrumb\"},\"inLanguage\":\"sv-SE\",\"potentialAction\":[{\"@type\":\"ReadAction\",\"target\":[\"https:\\\/\\\/www.ivinio.com\\\/sv\\\/produkt\\\/maxime-crotet-beaujolais-lantignie-vaugervand-rod\\\/\"]}]},{\"@type\":\"ImageObject\",\"inLanguage\":\"sv-SE\",\"@id\":\"https:\\\/\\\/www.ivinio.com\\\/sv\\\/produkt\\\/maxime-crotet-beaujolais-lantignie-vaugervand-rod\\\/#primaryimage\",\"url\":\"https:\\\/\\\/www.ivinio.com\\\/wp-content\\\/uploads\\\/2024\\\/05\\\/Maxime-Crotet-beaujolais-Lantignie-IVINIO.jpg\",\"contentUrl\":\"https:\\\/\\\/www.ivinio.com\\\/wp-content\\\/uploads\\\/2024\\\/05\\\/Maxime-Crotet-beaujolais-Lantignie-IVINIO.jpg\",\"width\":500,\"height\":500},{\"@type\":\"BreadcrumbList\",\"@id\":\"https:\\\/\\\/www.ivinio.com\\\/sv\\\/produkt\\\/maxime-crotet-beaujolais-lantignie-vaugervand-rod\\\/#breadcrumb\",\"itemListElement\":[{\"@type\":\"ListItem\",\"position\":1,\"name\":\"Hem\",\"item\":\"https:\\\/\\\/www.ivinio.com\\\/sv\\\/\"},{\"@type\":\"ListItem\",\"position\":2,\"name\":\"Vinbutik\",\"item\":\"https:\\\/\\\/www.ivinio.com\\\/sv\\\/vinbutik\\\/\"},{\"@type\":\"ListItem\",\"position\":3,\"name\":\"Maxime Crotet &#8211; Beaujolais Lantigni\u00e9 &#8211; Vaugervand &#8211; R\u00f6d\"}]},{\"@type\":\"WebSite\",\"@id\":\"https:\\\/\\\/www.ivinio.com\\\/sv\\\/#website\",\"url\":\"https:\\\/\\\/www.ivinio.com\\\/sv\\\/\",\"name\":\"IVINIO Vinbutik\",\"description\":\"Vin fr\u00e5n Frankrike och Italien med leverans hem till din d\u00f6rr\",\"publisher\":{\"@id\":\"https:\\\/\\\/www.ivinio.com\\\/sv\\\/#organization\"},\"potentialAction\":[{\"@type\":\"SearchAction\",\"target\":{\"@type\":\"EntryPoint\",\"urlTemplate\":\"https:\\\/\\\/www.ivinio.com\\\/sv\\\/?s={search_term_string}\"},\"query-input\":{\"@type\":\"PropertyValueSpecification\",\"valueRequired\":true,\"valueName\":\"search_term_string\"}}],\"inLanguage\":\"sv-SE\"},{\"@type\":\"Organization\",\"@id\":\"https:\\\/\\\/www.ivinio.com\\\/sv\\\/#organization\",\"name\":\"IVINIO\",\"url\":\"https:\\\/\\\/www.ivinio.com\\\/sv\\\/\",\"logo\":{\"@type\":\"ImageObject\",\"inLanguage\":\"sv-SE\",\"@id\":\"https:\\\/\\\/www.ivinio.com\\\/sv\\\/#\\\/schema\\\/logo\\\/image\\\/\",\"url\":\"https:\\\/\\\/www.ivinio.com\\\/wp-content\\\/uploads\\\/2021\\\/01\\\/Logo-Ivinio-v2.jpg\",\"contentUrl\":\"https:\\\/\\\/www.ivinio.com\\\/wp-content\\\/uploads\\\/2021\\\/01\\\/Logo-Ivinio-v2.jpg\",\"width\":1194,\"height\":1194,\"caption\":\"IVINIO\"},\"image\":{\"@id\":\"https:\\\/\\\/www.ivinio.com\\\/sv\\\/#\\\/schema\\\/logo\\\/image\\\/\"},\"sameAs\":[\"https:\\\/\\\/www.facebook.com\\\/groups\\\/165217837022391\\\/?ref=bookmarks\",\"https:\\\/\\\/www.instagram.com\\\/_ivinio_\\\/?hl=fr\"]}]}<\/script>\n<!-- \/ Yoast SEO plugin. -->","yoast_head_json":{"title":"Maxime Crotet - Beaujolais Lantigni\u00e9 - Vaugervand - R\u00f6d - IVINIO Vinbutik","description":"Maxime Crotet - Beaujolais Lantigni\u00e9 - Vaugervand - R\u00f6dvin. Naturvin med fr\u00e4mst inslag av r\u00f6da b\u00e4r, s\u00e5som hallon, k\u00f6rsb\u00e4r och r\u00f6da vinb\u00e4r.","robots":{"index":"index","follow":"follow","max-snippet":"max-snippet:-1","max-image-preview":"max-image-preview:large","max-video-preview":"max-video-preview:-1"},"canonical":"https:\/\/www.ivinio.com\/sv\/produkt\/maxime-crotet-beaujolais-lantignie-vaugervand-rod\/","og_locale":"sv_SE","og_type":"article","og_title":"Maxime Crotet - Beaujolais Lantigni\u00e9 - Vaugervand - R\u00f6d - IVINIO Vinbutik","og_description":"Maxime Crotet - Beaujolais Lantigni\u00e9 - Vaugervand - R\u00f6dvin. Naturvin med fr\u00e4mst inslag av r\u00f6da b\u00e4r, s\u00e5som hallon, k\u00f6rsb\u00e4r och r\u00f6da vinb\u00e4r.","og_url":"https:\/\/www.ivinio.com\/sv\/produkt\/maxime-crotet-beaujolais-lantignie-vaugervand-rod\/","og_site_name":"IVINIO Vinbutik","article_publisher":"https:\/\/www.facebook.com\/groups\/165217837022391\/?ref=bookmarks","article_modified_time":"2026-02-21T15:35:01+00:00","og_image":[{"width":500,"height":500,"url":"https:\/\/www.ivinio.com\/wp-content\/uploads\/2024\/05\/Maxime-Crotet-beaujolais-Lantignie-IVINIO.jpg","type":"image\/jpeg"}],"twitter_card":"summary_large_image","twitter_misc":{"Ber\u00e4knad l\u00e4stid":"2 minuter"},"schema":{"@context":"https:\/\/schema.org","@graph":[{"@type":"WebPage","@id":"https:\/\/www.ivinio.com\/sv\/produkt\/maxime-crotet-beaujolais-lantignie-vaugervand-rod\/","url":"https:\/\/www.ivinio.com\/sv\/produkt\/maxime-crotet-beaujolais-lantignie-vaugervand-rod\/","name":"Maxime Crotet - Beaujolais Lantigni\u00e9 - Vaugervand - R\u00f6d - IVINIO Vinbutik","isPartOf":{"@id":"https:\/\/www.ivinio.com\/sv\/#website"},"primaryImageOfPage":{"@id":"https:\/\/www.ivinio.com\/sv\/produkt\/maxime-crotet-beaujolais-lantignie-vaugervand-rod\/#primaryimage"},"image":{"@id":"https:\/\/www.ivinio.com\/sv\/produkt\/maxime-crotet-beaujolais-lantignie-vaugervand-rod\/#primaryimage"},"thumbnailUrl":"https:\/\/www.ivinio.com\/wp-content\/uploads\/2024\/05\/Maxime-Crotet-beaujolais-Lantignie-IVINIO.jpg","datePublished":"2024-05-25T15:27:19+00:00","dateModified":"2026-02-21T15:35:01+00:00","description":"Maxime Crotet - Beaujolais Lantigni\u00e9 - Vaugervand - R\u00f6dvin. Naturvin med fr\u00e4mst inslag av r\u00f6da b\u00e4r, s\u00e5som hallon, k\u00f6rsb\u00e4r och r\u00f6da vinb\u00e4r.","breadcrumb":{"@id":"https:\/\/www.ivinio.com\/sv\/produkt\/maxime-crotet-beaujolais-lantignie-vaugervand-rod\/#breadcrumb"},"inLanguage":"sv-SE","potentialAction":[{"@type":"ReadAction","target":["https:\/\/www.ivinio.com\/sv\/produkt\/maxime-crotet-beaujolais-lantignie-vaugervand-rod\/"]}]},{"@type":"ImageObject","inLanguage":"sv-SE","@id":"https:\/\/www.ivinio.com\/sv\/produkt\/maxime-crotet-beaujolais-lantignie-vaugervand-rod\/#primaryimage","url":"https:\/\/www.ivinio.com\/wp-content\/uploads\/2024\/05\/Maxime-Crotet-beaujolais-Lantignie-IVINIO.jpg","contentUrl":"https:\/\/www.ivinio.com\/wp-content\/uploads\/2024\/05\/Maxime-Crotet-beaujolais-Lantignie-IVINIO.jpg","width":500,"height":500},{"@type":"BreadcrumbList","@id":"https:\/\/www.ivinio.com\/sv\/produkt\/maxime-crotet-beaujolais-lantignie-vaugervand-rod\/#breadcrumb","itemListElement":[{"@type":"ListItem","position":1,"name":"Hem","item":"https:\/\/www.ivinio.com\/sv\/"},{"@type":"ListItem","position":2,"name":"Vinbutik","item":"https:\/\/www.ivinio.com\/sv\/vinbutik\/"},{"@type":"ListItem","position":3,"name":"Maxime Crotet &#8211; Beaujolais Lantigni\u00e9 &#8211; Vaugervand &#8211; R\u00f6d"}]},{"@type":"WebSite","@id":"https:\/\/www.ivinio.com\/sv\/#website","url":"https:\/\/www.ivinio.com\/sv\/","name":"IVINIO Vinbutik","description":"Vin fr\u00e5n Frankrike och Italien med leverans hem till din d\u00f6rr","publisher":{"@id":"https:\/\/www.ivinio.com\/sv\/#organization"},"potentialAction":[{"@type":"SearchAction","target":{"@type":"EntryPoint","urlTemplate":"https:\/\/www.ivinio.com\/sv\/?s={search_term_string}"},"query-input":{"@type":"PropertyValueSpecification","valueRequired":true,"valueName":"search_term_string"}}],"inLanguage":"sv-SE"},{"@type":"Organization","@id":"https:\/\/www.ivinio.com\/sv\/#organization","name":"IVINIO","url":"https:\/\/www.ivinio.com\/sv\/","logo":{"@type":"ImageObject","inLanguage":"sv-SE","@id":"https:\/\/www.ivinio.com\/sv\/#\/schema\/logo\/image\/","url":"https:\/\/www.ivinio.com\/wp-content\/uploads\/2021\/01\/Logo-Ivinio-v2.jpg","contentUrl":"https:\/\/www.ivinio.com\/wp-content\/uploads\/2021\/01\/Logo-Ivinio-v2.jpg","width":1194,"height":1194,"caption":"IVINIO"},"image":{"@id":"https:\/\/www.ivinio.com\/sv\/#\/schema\/logo\/image\/"},"sameAs":["https:\/\/www.facebook.com\/groups\/165217837022391\/?ref=bookmarks","https:\/\/www.instagram.com\/_ivinio_\/?hl=fr"]}]}},"jetpack_sharing_enabled":true,"_links":{"self":[{"href":"https:\/\/www.ivinio.com\/sv\/wp-json\/wp\/v2\/product\/135498","targetHints":{"allow":["GET"]}}],"collection":[{"href":"https:\/\/www.ivinio.com\/sv\/wp-json\/wp\/v2\/product"}],"about":[{"href":"https:\/\/www.ivinio.com\/sv\/wp-json\/wp\/v2\/types\/product"}],"replies":[{"embeddable":true,"href":"https:\/\/www.ivinio.com\/sv\/wp-json\/wp\/v2\/comments?post=135498"}],"wp:featuredmedia":[{"embeddable":true,"href":"https:\/\/www.ivinio.com\/sv\/wp-json\/wp\/v2\/media\/135500"}],"wp:attachment":[{"href":"https:\/\/www.ivinio.com\/sv\/wp-json\/wp\/v2\/media?parent=135498"}],"wp:term":[{"taxonomy":"product_brand","embeddable":true,"href":"https:\/\/www.ivinio.com\/sv\/wp-json\/wp\/v2\/product_brand?post=135498"},{"taxonomy":"product_cat","embeddable":true,"href":"https:\/\/www.ivinio.com\/sv\/wp-json\/wp\/v2\/product_cat?post=135498"},{"taxonomy":"product_tag","embeddable":true,"href":"https:\/\/www.ivinio.com\/sv\/wp-json\/wp\/v2\/product_tag?post=135498"}],"curies":[{"name":"wp","href":"https:\/\/api.w.org\/{rel}","templated":true}]}}