{"id":135246,"date":"2024-04-20T17:18:05","date_gmt":"2024-04-20T15:18:05","guid":{"rendered":"https:\/\/www.ivinio.com\/?post_type=product&#038;p=135246"},"modified":"2025-05-02T17:55:54","modified_gmt":"2025-05-02T15:55:54","slug":"chateau-du-rouet-villa-esterelle-vit","status":"publish","type":"product","link":"https:\/\/www.ivinio.com\/sv\/produkt\/chateau-du-rouet-villa-esterelle-vit\/","title":{"rendered":"Ch\u00e2teau du Rou\u00ebt &#8211; Villa Est\u00e9relle &#8211; Vit"},"content":{"rendered":"<p>Ch\u00e2teau du Rou\u00ebt &#8211; Villa Est\u00e9relle &#8211; Vit \u00e4r ett fr\u00e4scht och aromatiskt vitvin som framst\u00e4lls av 100% Rolle-druvor som pressas direkt efter sk\u00f6rd. Musten f\u00e5r j\u00e4sa vid kontrollerad l\u00e5g temperatur.<\/p>\n","protected":false},"excerpt":{"rendered":"<p>Villa Est\u00e9relle \u00e4r ett fruktigt vitvin, inslag av citrusfrukter, lime och vita blommor. En fin balans i smaken.<\/p>\n","protected":false},"featured_media":135249,"comment_status":"open","ping_status":"closed","template":"","meta":{"_monsterinsights_skip_tracking":false,"_monsterinsights_sitenote_active":false,"_monsterinsights_sitenote_note":"","_monsterinsights_sitenote_category":0,"_uf_show_specific_survey":0,"_uf_disable_surveys":false},"product_brand":[],"product_cat":[36586,36622],"product_tag":[],"class_list":{"0":"post-135246","1":"product","2":"type-product","3":"status-publish","4":"has-post-thumbnail","6":"product_cat-vins-francais","7":"product_cat-fr-provence","8":"pa_alcohol-degree-40057","9":"pa_classification-aop-cotes-de-provence-fr","10":"pa_color-blanc-fr","11":"pa_country-france-fr","12":"pa_grape-variety-rolle-aussi-appele-vermentino-fr","13":"pa_region-provence-fr","14":"pa_storage-potential-2-ans-fr","15":"pa_vintage-2024-fr","16":"pa_volume-150-cl-fr","17":"pa_volume-75-cl-fr","19":"first","20":"instock","21":"taxable","22":"shipping-taxable","23":"purchasable","24":"product-type-variable"},"bundled_by":[],"bundle_stock_status":"instock","bundle_stock_quantity":null,"bundle_virtual":false,"bundle_layout":"","bundle_add_to_cart_form_location":"","bundle_editable_in_cart":false,"bundle_sold_individually_context":"","bundle_item_grouping":"","bundle_min_size":"","bundle_max_size":"","bundle_price":[],"bundled_items":[],"bundle_sell_ids":[],"yoast_head":"<!-- This site is optimized with the Yoast SEO plugin v27.3 - https:\/\/yoast.com\/product\/yoast-seo-wordpress\/ -->\n<title>K\u00f6pa Ch\u00e2teau du Rou\u00ebt - Villa Est\u00e9relle - Vitvin - IVINIO Wine Shop<\/title>\n<meta name=\"description\" content=\"K\u00f6pa Ch\u00e2teau du Rou\u00ebt - Villa Est\u00e9relle - Vitvin. Inslag av citrusfrukter, lime och vita blommor. En fin balans i smaken, aromatisk och fr\u00e4sch.\" \/>\n<meta name=\"robots\" content=\"index, follow, max-snippet:-1, max-image-preview:large, max-video-preview:-1\" \/>\n<link rel=\"canonical\" href=\"https:\/\/www.ivinio.com\/sv\/produkt\/chateau-du-rouet-villa-esterelle-vit\/\" \/>\n<meta property=\"og:locale\" content=\"sv_SE\" \/>\n<meta property=\"og:type\" content=\"article\" \/>\n<meta property=\"og:title\" content=\"K\u00f6pa Ch\u00e2teau du Rou\u00ebt - Villa Est\u00e9relle - Vitvin - IVINIO Wine Shop\" \/>\n<meta property=\"og:description\" content=\"K\u00f6pa Ch\u00e2teau du Rou\u00ebt - Villa Est\u00e9relle - Vitvin. Inslag av citrusfrukter, lime och vita blommor. En fin balans i smaken, aromatisk och fr\u00e4sch.\" \/>\n<meta property=\"og:url\" content=\"https:\/\/www.ivinio.com\/sv\/produkt\/chateau-du-rouet-villa-esterelle-vit\/\" \/>\n<meta property=\"og:site_name\" content=\"IVINIO Wine Shop\" \/>\n<meta property=\"article:publisher\" content=\"https:\/\/www.facebook.com\/groups\/165217837022391\/?ref=bookmarks\" \/>\n<meta property=\"article:modified_time\" content=\"2025-05-02T15:55:54+00:00\" \/>\n<meta property=\"og:image\" content=\"https:\/\/www.ivinio.com\/wp-content\/uploads\/2024\/04\/Chateau-du-Rouet-Villa-Esterelle-Blanc-IVINIO.jpg\" \/>\n\t<meta property=\"og:image:width\" content=\"500\" \/>\n\t<meta property=\"og:image:height\" content=\"500\" \/>\n\t<meta property=\"og:image:type\" content=\"image\/jpeg\" \/>\n<meta name=\"twitter:card\" content=\"summary_large_image\" \/>\n<meta name=\"twitter:label1\" content=\"Ber\u00e4knad l\u00e4stid\" \/>\n\t<meta name=\"twitter:data1\" content=\"1 minut\" \/>\n<script type=\"application\/ld+json\" class=\"yoast-schema-graph\">{\"@context\":\"https:\\\/\\\/schema.org\",\"@graph\":[{\"@type\":\"WebPage\",\"@id\":\"https:\\\/\\\/www.ivinio.com\\\/sv\\\/produkt\\\/chateau-du-rouet-villa-esterelle-vit\\\/\",\"url\":\"https:\\\/\\\/www.ivinio.com\\\/sv\\\/produkt\\\/chateau-du-rouet-villa-esterelle-vit\\\/\",\"name\":\"K\u00f6pa Ch\u00e2teau du Rou\u00ebt - Villa Est\u00e9relle - Vitvin - IVINIO Wine Shop\",\"isPartOf\":{\"@id\":\"https:\\\/\\\/www.ivinio.com\\\/sv\\\/#website\"},\"primaryImageOfPage\":{\"@id\":\"https:\\\/\\\/www.ivinio.com\\\/sv\\\/produkt\\\/chateau-du-rouet-villa-esterelle-vit\\\/#primaryimage\"},\"image\":{\"@id\":\"https:\\\/\\\/www.ivinio.com\\\/sv\\\/produkt\\\/chateau-du-rouet-villa-esterelle-vit\\\/#primaryimage\"},\"thumbnailUrl\":\"https:\\\/\\\/www.ivinio.com\\\/wp-content\\\/uploads\\\/2024\\\/04\\\/Chateau-du-Rouet-Villa-Esterelle-Blanc-IVINIO.jpg\",\"datePublished\":\"2024-04-20T15:18:05+00:00\",\"dateModified\":\"2025-05-02T15:55:54+00:00\",\"description\":\"K\u00f6pa Ch\u00e2teau du Rou\u00ebt - Villa Est\u00e9relle - Vitvin. Inslag av citrusfrukter, lime och vita blommor. En fin balans i smaken, aromatisk och fr\u00e4sch.\",\"breadcrumb\":{\"@id\":\"https:\\\/\\\/www.ivinio.com\\\/sv\\\/produkt\\\/chateau-du-rouet-villa-esterelle-vit\\\/#breadcrumb\"},\"inLanguage\":\"sv-SE\",\"potentialAction\":[{\"@type\":\"ReadAction\",\"target\":[\"https:\\\/\\\/www.ivinio.com\\\/sv\\\/produkt\\\/chateau-du-rouet-villa-esterelle-vit\\\/\"]}]},{\"@type\":\"ImageObject\",\"inLanguage\":\"sv-SE\",\"@id\":\"https:\\\/\\\/www.ivinio.com\\\/sv\\\/produkt\\\/chateau-du-rouet-villa-esterelle-vit\\\/#primaryimage\",\"url\":\"https:\\\/\\\/www.ivinio.com\\\/wp-content\\\/uploads\\\/2024\\\/04\\\/Chateau-du-Rouet-Villa-Esterelle-Blanc-IVINIO.jpg\",\"contentUrl\":\"https:\\\/\\\/www.ivinio.com\\\/wp-content\\\/uploads\\\/2024\\\/04\\\/Chateau-du-Rouet-Villa-Esterelle-Blanc-IVINIO.jpg\",\"width\":500,\"height\":500},{\"@type\":\"BreadcrumbList\",\"@id\":\"https:\\\/\\\/www.ivinio.com\\\/sv\\\/produkt\\\/chateau-du-rouet-villa-esterelle-vit\\\/#breadcrumb\",\"itemListElement\":[{\"@type\":\"ListItem\",\"position\":1,\"name\":\"Hem\",\"item\":\"https:\\\/\\\/www.ivinio.com\\\/sv\\\/\"},{\"@type\":\"ListItem\",\"position\":2,\"name\":\"Vinbutik\",\"item\":\"https:\\\/\\\/www.ivinio.com\\\/sv\\\/vinbutik\\\/\"},{\"@type\":\"ListItem\",\"position\":3,\"name\":\"Ch\u00e2teau du Rou\u00ebt &#8211; Villa Est\u00e9relle &#8211; Vit\"}]},{\"@type\":\"WebSite\",\"@id\":\"https:\\\/\\\/www.ivinio.com\\\/sv\\\/#website\",\"url\":\"https:\\\/\\\/www.ivinio.com\\\/sv\\\/\",\"name\":\"IVINIO Wine Shop\",\"description\":\"French and Italian wines with delivery to your door\",\"publisher\":{\"@id\":\"https:\\\/\\\/www.ivinio.com\\\/sv\\\/#organization\"},\"potentialAction\":[{\"@type\":\"SearchAction\",\"target\":{\"@type\":\"EntryPoint\",\"urlTemplate\":\"https:\\\/\\\/www.ivinio.com\\\/sv\\\/?s={search_term_string}\"},\"query-input\":{\"@type\":\"PropertyValueSpecification\",\"valueRequired\":true,\"valueName\":\"search_term_string\"}}],\"inLanguage\":\"sv-SE\"},{\"@type\":\"Organization\",\"@id\":\"https:\\\/\\\/www.ivinio.com\\\/sv\\\/#organization\",\"name\":\"IVINIO\",\"url\":\"https:\\\/\\\/www.ivinio.com\\\/sv\\\/\",\"logo\":{\"@type\":\"ImageObject\",\"inLanguage\":\"sv-SE\",\"@id\":\"https:\\\/\\\/www.ivinio.com\\\/sv\\\/#\\\/schema\\\/logo\\\/image\\\/\",\"url\":\"https:\\\/\\\/www.ivinio.com\\\/wp-content\\\/uploads\\\/2021\\\/01\\\/Logo-Ivinio-v2.jpg\",\"contentUrl\":\"https:\\\/\\\/www.ivinio.com\\\/wp-content\\\/uploads\\\/2021\\\/01\\\/Logo-Ivinio-v2.jpg\",\"width\":1194,\"height\":1194,\"caption\":\"IVINIO\"},\"image\":{\"@id\":\"https:\\\/\\\/www.ivinio.com\\\/sv\\\/#\\\/schema\\\/logo\\\/image\\\/\"},\"sameAs\":[\"https:\\\/\\\/www.facebook.com\\\/groups\\\/165217837022391\\\/?ref=bookmarks\",\"https:\\\/\\\/www.instagram.com\\\/_ivinio_\\\/?hl=fr\"]}]}<\/script>\n<!-- \/ Yoast SEO plugin. -->","yoast_head_json":{"title":"K\u00f6pa Ch\u00e2teau du Rou\u00ebt - Villa Est\u00e9relle - Vitvin - IVINIO Wine Shop","description":"K\u00f6pa Ch\u00e2teau du Rou\u00ebt - Villa Est\u00e9relle - Vitvin. Inslag av citrusfrukter, lime och vita blommor. En fin balans i smaken, aromatisk och fr\u00e4sch.","robots":{"index":"index","follow":"follow","max-snippet":"max-snippet:-1","max-image-preview":"max-image-preview:large","max-video-preview":"max-video-preview:-1"},"canonical":"https:\/\/www.ivinio.com\/sv\/produkt\/chateau-du-rouet-villa-esterelle-vit\/","og_locale":"sv_SE","og_type":"article","og_title":"K\u00f6pa Ch\u00e2teau du Rou\u00ebt - Villa Est\u00e9relle - Vitvin - IVINIO Wine Shop","og_description":"K\u00f6pa Ch\u00e2teau du Rou\u00ebt - Villa Est\u00e9relle - Vitvin. Inslag av citrusfrukter, lime och vita blommor. En fin balans i smaken, aromatisk och fr\u00e4sch.","og_url":"https:\/\/www.ivinio.com\/sv\/produkt\/chateau-du-rouet-villa-esterelle-vit\/","og_site_name":"IVINIO Wine Shop","article_publisher":"https:\/\/www.facebook.com\/groups\/165217837022391\/?ref=bookmarks","article_modified_time":"2025-05-02T15:55:54+00:00","og_image":[{"width":500,"height":500,"url":"https:\/\/www.ivinio.com\/wp-content\/uploads\/2024\/04\/Chateau-du-Rouet-Villa-Esterelle-Blanc-IVINIO.jpg","type":"image\/jpeg"}],"twitter_card":"summary_large_image","twitter_misc":{"Ber\u00e4knad l\u00e4stid":"1 minut"},"schema":{"@context":"https:\/\/schema.org","@graph":[{"@type":"WebPage","@id":"https:\/\/www.ivinio.com\/sv\/produkt\/chateau-du-rouet-villa-esterelle-vit\/","url":"https:\/\/www.ivinio.com\/sv\/produkt\/chateau-du-rouet-villa-esterelle-vit\/","name":"K\u00f6pa Ch\u00e2teau du Rou\u00ebt - Villa Est\u00e9relle - Vitvin - IVINIO Wine Shop","isPartOf":{"@id":"https:\/\/www.ivinio.com\/sv\/#website"},"primaryImageOfPage":{"@id":"https:\/\/www.ivinio.com\/sv\/produkt\/chateau-du-rouet-villa-esterelle-vit\/#primaryimage"},"image":{"@id":"https:\/\/www.ivinio.com\/sv\/produkt\/chateau-du-rouet-villa-esterelle-vit\/#primaryimage"},"thumbnailUrl":"https:\/\/www.ivinio.com\/wp-content\/uploads\/2024\/04\/Chateau-du-Rouet-Villa-Esterelle-Blanc-IVINIO.jpg","datePublished":"2024-04-20T15:18:05+00:00","dateModified":"2025-05-02T15:55:54+00:00","description":"K\u00f6pa Ch\u00e2teau du Rou\u00ebt - Villa Est\u00e9relle - Vitvin. Inslag av citrusfrukter, lime och vita blommor. En fin balans i smaken, aromatisk och fr\u00e4sch.","breadcrumb":{"@id":"https:\/\/www.ivinio.com\/sv\/produkt\/chateau-du-rouet-villa-esterelle-vit\/#breadcrumb"},"inLanguage":"sv-SE","potentialAction":[{"@type":"ReadAction","target":["https:\/\/www.ivinio.com\/sv\/produkt\/chateau-du-rouet-villa-esterelle-vit\/"]}]},{"@type":"ImageObject","inLanguage":"sv-SE","@id":"https:\/\/www.ivinio.com\/sv\/produkt\/chateau-du-rouet-villa-esterelle-vit\/#primaryimage","url":"https:\/\/www.ivinio.com\/wp-content\/uploads\/2024\/04\/Chateau-du-Rouet-Villa-Esterelle-Blanc-IVINIO.jpg","contentUrl":"https:\/\/www.ivinio.com\/wp-content\/uploads\/2024\/04\/Chateau-du-Rouet-Villa-Esterelle-Blanc-IVINIO.jpg","width":500,"height":500},{"@type":"BreadcrumbList","@id":"https:\/\/www.ivinio.com\/sv\/produkt\/chateau-du-rouet-villa-esterelle-vit\/#breadcrumb","itemListElement":[{"@type":"ListItem","position":1,"name":"Hem","item":"https:\/\/www.ivinio.com\/sv\/"},{"@type":"ListItem","position":2,"name":"Vinbutik","item":"https:\/\/www.ivinio.com\/sv\/vinbutik\/"},{"@type":"ListItem","position":3,"name":"Ch\u00e2teau du Rou\u00ebt &#8211; Villa Est\u00e9relle &#8211; Vit"}]},{"@type":"WebSite","@id":"https:\/\/www.ivinio.com\/sv\/#website","url":"https:\/\/www.ivinio.com\/sv\/","name":"IVINIO Wine Shop","description":"French and Italian wines with delivery to your door","publisher":{"@id":"https:\/\/www.ivinio.com\/sv\/#organization"},"potentialAction":[{"@type":"SearchAction","target":{"@type":"EntryPoint","urlTemplate":"https:\/\/www.ivinio.com\/sv\/?s={search_term_string}"},"query-input":{"@type":"PropertyValueSpecification","valueRequired":true,"valueName":"search_term_string"}}],"inLanguage":"sv-SE"},{"@type":"Organization","@id":"https:\/\/www.ivinio.com\/sv\/#organization","name":"IVINIO","url":"https:\/\/www.ivinio.com\/sv\/","logo":{"@type":"ImageObject","inLanguage":"sv-SE","@id":"https:\/\/www.ivinio.com\/sv\/#\/schema\/logo\/image\/","url":"https:\/\/www.ivinio.com\/wp-content\/uploads\/2021\/01\/Logo-Ivinio-v2.jpg","contentUrl":"https:\/\/www.ivinio.com\/wp-content\/uploads\/2021\/01\/Logo-Ivinio-v2.jpg","width":1194,"height":1194,"caption":"IVINIO"},"image":{"@id":"https:\/\/www.ivinio.com\/sv\/#\/schema\/logo\/image\/"},"sameAs":["https:\/\/www.facebook.com\/groups\/165217837022391\/?ref=bookmarks","https:\/\/www.instagram.com\/_ivinio_\/?hl=fr"]}]}},"jetpack_sharing_enabled":true,"_links":{"self":[{"href":"https:\/\/www.ivinio.com\/sv\/wp-json\/wp\/v2\/product\/135246","targetHints":{"allow":["GET"]}}],"collection":[{"href":"https:\/\/www.ivinio.com\/sv\/wp-json\/wp\/v2\/product"}],"about":[{"href":"https:\/\/www.ivinio.com\/sv\/wp-json\/wp\/v2\/types\/product"}],"replies":[{"embeddable":true,"href":"https:\/\/www.ivinio.com\/sv\/wp-json\/wp\/v2\/comments?post=135246"}],"wp:featuredmedia":[{"embeddable":true,"href":"https:\/\/www.ivinio.com\/sv\/wp-json\/wp\/v2\/media\/135249"}],"wp:attachment":[{"href":"https:\/\/www.ivinio.com\/sv\/wp-json\/wp\/v2\/media?parent=135246"}],"wp:term":[{"taxonomy":"product_brand","embeddable":true,"href":"https:\/\/www.ivinio.com\/sv\/wp-json\/wp\/v2\/product_brand?post=135246"},{"taxonomy":"product_cat","embeddable":true,"href":"https:\/\/www.ivinio.com\/sv\/wp-json\/wp\/v2\/product_cat?post=135246"},{"taxonomy":"product_tag","embeddable":true,"href":"https:\/\/www.ivinio.com\/sv\/wp-json\/wp\/v2\/product_tag?post=135246"}],"curies":[{"name":"wp","href":"https:\/\/api.w.org\/{rel}","templated":true}]}}