{"id":134194,"date":"2024-01-08T19:43:19","date_gmt":"2024-01-08T18:43:19","guid":{"rendered":"https:\/\/www.ivinio.com\/?post_type=product&#038;p=134194"},"modified":"2025-12-02T16:38:53","modified_gmt":"2025-12-02T15:38:53","slug":"domaine-de-cauviac-cuvee-terra-oursy-reserve-nicolas-rod","status":"publish","type":"product","link":"https:\/\/www.ivinio.com\/sv\/produkt\/domaine-de-cauviac-cuvee-terra-oursy-reserve-nicolas-rod\/","title":{"rendered":"Domaine de Cauviac &#8211; cuv\u00e9e Terra Oursy &#8211; R\u00e9serve Nicolas &#8211; R\u00f6d"},"content":{"rendered":"<p>Domaine de Cauviac &#8211; cuv\u00e9e Terras Oursy &#8211; R\u00e9serve Nicolas cuv\u00e9e \u00e4r ett r\u00f6dvin framst\u00e4llt av ving\u00e5rdens \u00e4ldsta odlingar av Cabernet Sauvignon och Merlot (Vieilles vignes). Vinet framst\u00e4lls enligt traditionell metod med l\u00e5ng j\u00e4sning f\u00f6r optimal extraktion av aromer och tanniner under 12 m\u00e5naders tid.<\/p>\n","protected":false},"excerpt":{"rendered":"<p>Domaine de Cauviac &#8211; cuv\u00e9e Terra Oursy &#8211; R\u00e9serve Nicolas \u00e4r ett fylligt r\u00f6dvin med inspiration fr\u00e5n Bordeaux, men framst\u00e4llt i Languedoc.<\/p>\n","protected":false},"featured_media":134195,"comment_status":"open","ping_status":"closed","template":"","meta":{"_monsterinsights_skip_tracking":false,"_monsterinsights_sitenote_active":false,"_monsterinsights_sitenote_note":"","_monsterinsights_sitenote_category":0,"_uf_show_specific_survey":0,"_uf_disable_surveys":false},"product_brand":[],"product_cat":[36588,36627],"product_tag":[],"class_list":{"0":"post-134194","1":"product","2":"type-product","3":"status-publish","4":"has-post-thumbnail","6":"product_cat-franska-viner","7":"product_cat-sv-languedoc","8":"pa_alcohol-degree-14-5-sv","9":"pa_classification-igp-pays-doc-sv","10":"pa_grape-variety-cabernet-sauvignon","11":"pa_grape-variety-merlot-sv","12":"pa_region-languedoc-sv","13":"pa_vintage-2017-sv","14":"pa_volume-75-cl-sv","16":"first","17":"outofstock","18":"sale","19":"taxable","20":"shipping-taxable","21":"purchasable","22":"product-type-simple"},"bundled_by":["134219"],"bundle_stock_status":"outofstock","bundle_stock_quantity":null,"bundle_virtual":false,"bundle_layout":"","bundle_add_to_cart_form_location":"","bundle_editable_in_cart":false,"bundle_sold_individually_context":"","bundle_item_grouping":"","bundle_min_size":"","bundle_max_size":"","bundle_price":[],"bundled_items":[],"bundle_sell_ids":[],"yoast_head":"<!-- This site is optimized with the Yoast SEO plugin v27.5 - https:\/\/yoast.com\/product\/yoast-seo-wordpress\/ -->\n<title>Domaine de Cauviac - cuv\u00e9e Terra Oursy - R\u00e9serve Nicolas - IVINIO Vinbutik<\/title>\n<meta name=\"description\" content=\"Domaine de Cauviac - cuv\u00e9e Terra Oursy - R\u00e9serve Nicolas \u00e4r ett fylligt r\u00f6dvin med inspiration fr\u00e5n Bordeaux, men framst\u00e4llt i Languedoc.\" \/>\n<meta name=\"robots\" content=\"index, follow, max-snippet:-1, max-image-preview:large, max-video-preview:-1\" \/>\n<link rel=\"canonical\" href=\"https:\/\/www.ivinio.com\/sv\/produkt\/domaine-de-cauviac-cuvee-terra-oursy-reserve-nicolas-rod\/\" \/>\n<meta property=\"og:locale\" content=\"sv_SE\" \/>\n<meta property=\"og:type\" content=\"article\" \/>\n<meta property=\"og:title\" content=\"Domaine de Cauviac - cuv\u00e9e Terra Oursy - R\u00e9serve Nicolas - IVINIO Vinbutik\" \/>\n<meta property=\"og:description\" content=\"Domaine de Cauviac - cuv\u00e9e Terra Oursy - R\u00e9serve Nicolas \u00e4r ett fylligt r\u00f6dvin med inspiration fr\u00e5n Bordeaux, men framst\u00e4llt i Languedoc.\" \/>\n<meta property=\"og:url\" content=\"https:\/\/www.ivinio.com\/sv\/produkt\/domaine-de-cauviac-cuvee-terra-oursy-reserve-nicolas-rod\/\" \/>\n<meta property=\"og:site_name\" content=\"IVINIO Vinbutik\" \/>\n<meta property=\"article:publisher\" content=\"https:\/\/www.facebook.com\/groups\/165217837022391\/?ref=bookmarks\" \/>\n<meta property=\"article:modified_time\" content=\"2025-12-02T15:38:53+00:00\" \/>\n<meta property=\"og:image\" content=\"https:\/\/www.ivinio.com\/wp-content\/uploads\/2024\/01\/Domaine-de-cauviac.jpg\" \/>\n\t<meta property=\"og:image:width\" content=\"500\" \/>\n\t<meta property=\"og:image:height\" content=\"500\" \/>\n\t<meta property=\"og:image:type\" content=\"image\/jpeg\" \/>\n<meta name=\"twitter:card\" content=\"summary_large_image\" \/>\n<meta name=\"twitter:label1\" content=\"Ber\u00e4knad l\u00e4stid\" \/>\n\t<meta name=\"twitter:data1\" content=\"1 minut\" \/>\n<script type=\"application\/ld+json\" class=\"yoast-schema-graph\">{\"@context\":\"https:\\\/\\\/schema.org\",\"@graph\":[{\"@type\":\"WebPage\",\"@id\":\"https:\\\/\\\/www.ivinio.com\\\/sv\\\/produkt\\\/domaine-de-cauviac-cuvee-terra-oursy-reserve-nicolas-rod\\\/\",\"url\":\"https:\\\/\\\/www.ivinio.com\\\/sv\\\/produkt\\\/domaine-de-cauviac-cuvee-terra-oursy-reserve-nicolas-rod\\\/\",\"name\":\"Domaine de Cauviac - cuv\u00e9e Terra Oursy - R\u00e9serve Nicolas - IVINIO Vinbutik\",\"isPartOf\":{\"@id\":\"https:\\\/\\\/www.ivinio.com\\\/sv\\\/#website\"},\"primaryImageOfPage\":{\"@id\":\"https:\\\/\\\/www.ivinio.com\\\/sv\\\/produkt\\\/domaine-de-cauviac-cuvee-terra-oursy-reserve-nicolas-rod\\\/#primaryimage\"},\"image\":{\"@id\":\"https:\\\/\\\/www.ivinio.com\\\/sv\\\/produkt\\\/domaine-de-cauviac-cuvee-terra-oursy-reserve-nicolas-rod\\\/#primaryimage\"},\"thumbnailUrl\":\"https:\\\/\\\/www.ivinio.com\\\/wp-content\\\/uploads\\\/2024\\\/01\\\/Domaine-de-cauviac.jpg\",\"datePublished\":\"2024-01-08T18:43:19+00:00\",\"dateModified\":\"2025-12-02T15:38:53+00:00\",\"description\":\"Domaine de Cauviac - cuv\u00e9e Terra Oursy - R\u00e9serve Nicolas \u00e4r ett fylligt r\u00f6dvin med inspiration fr\u00e5n Bordeaux, men framst\u00e4llt i Languedoc.\",\"breadcrumb\":{\"@id\":\"https:\\\/\\\/www.ivinio.com\\\/sv\\\/produkt\\\/domaine-de-cauviac-cuvee-terra-oursy-reserve-nicolas-rod\\\/#breadcrumb\"},\"inLanguage\":\"sv-SE\",\"potentialAction\":[{\"@type\":\"ReadAction\",\"target\":[\"https:\\\/\\\/www.ivinio.com\\\/sv\\\/produkt\\\/domaine-de-cauviac-cuvee-terra-oursy-reserve-nicolas-rod\\\/\"]}]},{\"@type\":\"ImageObject\",\"inLanguage\":\"sv-SE\",\"@id\":\"https:\\\/\\\/www.ivinio.com\\\/sv\\\/produkt\\\/domaine-de-cauviac-cuvee-terra-oursy-reserve-nicolas-rod\\\/#primaryimage\",\"url\":\"https:\\\/\\\/www.ivinio.com\\\/wp-content\\\/uploads\\\/2024\\\/01\\\/Domaine-de-cauviac.jpg\",\"contentUrl\":\"https:\\\/\\\/www.ivinio.com\\\/wp-content\\\/uploads\\\/2024\\\/01\\\/Domaine-de-cauviac.jpg\",\"width\":500,\"height\":500},{\"@type\":\"BreadcrumbList\",\"@id\":\"https:\\\/\\\/www.ivinio.com\\\/sv\\\/produkt\\\/domaine-de-cauviac-cuvee-terra-oursy-reserve-nicolas-rod\\\/#breadcrumb\",\"itemListElement\":[{\"@type\":\"ListItem\",\"position\":1,\"name\":\"Hem\",\"item\":\"https:\\\/\\\/www.ivinio.com\\\/sv\\\/\"},{\"@type\":\"ListItem\",\"position\":2,\"name\":\"Vinbutik\",\"item\":\"https:\\\/\\\/www.ivinio.com\\\/sv\\\/vinbutik\\\/\"},{\"@type\":\"ListItem\",\"position\":3,\"name\":\"Domaine de Cauviac &#8211; cuv\u00e9e Terra Oursy &#8211; R\u00e9serve Nicolas &#8211; R\u00f6d\"}]},{\"@type\":\"WebSite\",\"@id\":\"https:\\\/\\\/www.ivinio.com\\\/sv\\\/#website\",\"url\":\"https:\\\/\\\/www.ivinio.com\\\/sv\\\/\",\"name\":\"IVINIO Vinbutik\",\"description\":\"Vin fr\u00e5n Frankrike och Italien med leverans hem till din d\u00f6rr\",\"publisher\":{\"@id\":\"https:\\\/\\\/www.ivinio.com\\\/sv\\\/#organization\"},\"potentialAction\":[{\"@type\":\"SearchAction\",\"target\":{\"@type\":\"EntryPoint\",\"urlTemplate\":\"https:\\\/\\\/www.ivinio.com\\\/sv\\\/?s={search_term_string}\"},\"query-input\":{\"@type\":\"PropertyValueSpecification\",\"valueRequired\":true,\"valueName\":\"search_term_string\"}}],\"inLanguage\":\"sv-SE\"},{\"@type\":\"Organization\",\"@id\":\"https:\\\/\\\/www.ivinio.com\\\/sv\\\/#organization\",\"name\":\"IVINIO\",\"url\":\"https:\\\/\\\/www.ivinio.com\\\/sv\\\/\",\"logo\":{\"@type\":\"ImageObject\",\"inLanguage\":\"sv-SE\",\"@id\":\"https:\\\/\\\/www.ivinio.com\\\/sv\\\/#\\\/schema\\\/logo\\\/image\\\/\",\"url\":\"https:\\\/\\\/www.ivinio.com\\\/wp-content\\\/uploads\\\/2021\\\/01\\\/Logo-Ivinio-v2.jpg\",\"contentUrl\":\"https:\\\/\\\/www.ivinio.com\\\/wp-content\\\/uploads\\\/2021\\\/01\\\/Logo-Ivinio-v2.jpg\",\"width\":1194,\"height\":1194,\"caption\":\"IVINIO\"},\"image\":{\"@id\":\"https:\\\/\\\/www.ivinio.com\\\/sv\\\/#\\\/schema\\\/logo\\\/image\\\/\"},\"sameAs\":[\"https:\\\/\\\/www.facebook.com\\\/groups\\\/165217837022391\\\/?ref=bookmarks\",\"https:\\\/\\\/www.instagram.com\\\/_ivinio_\\\/?hl=fr\"]}]}<\/script>\n<!-- \/ Yoast SEO plugin. -->","yoast_head_json":{"title":"Domaine de Cauviac - cuv\u00e9e Terra Oursy - R\u00e9serve Nicolas - IVINIO Vinbutik","description":"Domaine de Cauviac - cuv\u00e9e Terra Oursy - R\u00e9serve Nicolas \u00e4r ett fylligt r\u00f6dvin med inspiration fr\u00e5n Bordeaux, men framst\u00e4llt i Languedoc.","robots":{"index":"index","follow":"follow","max-snippet":"max-snippet:-1","max-image-preview":"max-image-preview:large","max-video-preview":"max-video-preview:-1"},"canonical":"https:\/\/www.ivinio.com\/sv\/produkt\/domaine-de-cauviac-cuvee-terra-oursy-reserve-nicolas-rod\/","og_locale":"sv_SE","og_type":"article","og_title":"Domaine de Cauviac - cuv\u00e9e Terra Oursy - R\u00e9serve Nicolas - IVINIO Vinbutik","og_description":"Domaine de Cauviac - cuv\u00e9e Terra Oursy - R\u00e9serve Nicolas \u00e4r ett fylligt r\u00f6dvin med inspiration fr\u00e5n Bordeaux, men framst\u00e4llt i Languedoc.","og_url":"https:\/\/www.ivinio.com\/sv\/produkt\/domaine-de-cauviac-cuvee-terra-oursy-reserve-nicolas-rod\/","og_site_name":"IVINIO Vinbutik","article_publisher":"https:\/\/www.facebook.com\/groups\/165217837022391\/?ref=bookmarks","article_modified_time":"2025-12-02T15:38:53+00:00","og_image":[{"width":500,"height":500,"url":"https:\/\/www.ivinio.com\/wp-content\/uploads\/2024\/01\/Domaine-de-cauviac.jpg","type":"image\/jpeg"}],"twitter_card":"summary_large_image","twitter_misc":{"Ber\u00e4knad l\u00e4stid":"1 minut"},"schema":{"@context":"https:\/\/schema.org","@graph":[{"@type":"WebPage","@id":"https:\/\/www.ivinio.com\/sv\/produkt\/domaine-de-cauviac-cuvee-terra-oursy-reserve-nicolas-rod\/","url":"https:\/\/www.ivinio.com\/sv\/produkt\/domaine-de-cauviac-cuvee-terra-oursy-reserve-nicolas-rod\/","name":"Domaine de Cauviac - cuv\u00e9e Terra Oursy - R\u00e9serve Nicolas - IVINIO Vinbutik","isPartOf":{"@id":"https:\/\/www.ivinio.com\/sv\/#website"},"primaryImageOfPage":{"@id":"https:\/\/www.ivinio.com\/sv\/produkt\/domaine-de-cauviac-cuvee-terra-oursy-reserve-nicolas-rod\/#primaryimage"},"image":{"@id":"https:\/\/www.ivinio.com\/sv\/produkt\/domaine-de-cauviac-cuvee-terra-oursy-reserve-nicolas-rod\/#primaryimage"},"thumbnailUrl":"https:\/\/www.ivinio.com\/wp-content\/uploads\/2024\/01\/Domaine-de-cauviac.jpg","datePublished":"2024-01-08T18:43:19+00:00","dateModified":"2025-12-02T15:38:53+00:00","description":"Domaine de Cauviac - cuv\u00e9e Terra Oursy - R\u00e9serve Nicolas \u00e4r ett fylligt r\u00f6dvin med inspiration fr\u00e5n Bordeaux, men framst\u00e4llt i Languedoc.","breadcrumb":{"@id":"https:\/\/www.ivinio.com\/sv\/produkt\/domaine-de-cauviac-cuvee-terra-oursy-reserve-nicolas-rod\/#breadcrumb"},"inLanguage":"sv-SE","potentialAction":[{"@type":"ReadAction","target":["https:\/\/www.ivinio.com\/sv\/produkt\/domaine-de-cauviac-cuvee-terra-oursy-reserve-nicolas-rod\/"]}]},{"@type":"ImageObject","inLanguage":"sv-SE","@id":"https:\/\/www.ivinio.com\/sv\/produkt\/domaine-de-cauviac-cuvee-terra-oursy-reserve-nicolas-rod\/#primaryimage","url":"https:\/\/www.ivinio.com\/wp-content\/uploads\/2024\/01\/Domaine-de-cauviac.jpg","contentUrl":"https:\/\/www.ivinio.com\/wp-content\/uploads\/2024\/01\/Domaine-de-cauviac.jpg","width":500,"height":500},{"@type":"BreadcrumbList","@id":"https:\/\/www.ivinio.com\/sv\/produkt\/domaine-de-cauviac-cuvee-terra-oursy-reserve-nicolas-rod\/#breadcrumb","itemListElement":[{"@type":"ListItem","position":1,"name":"Hem","item":"https:\/\/www.ivinio.com\/sv\/"},{"@type":"ListItem","position":2,"name":"Vinbutik","item":"https:\/\/www.ivinio.com\/sv\/vinbutik\/"},{"@type":"ListItem","position":3,"name":"Domaine de Cauviac &#8211; cuv\u00e9e Terra Oursy &#8211; R\u00e9serve Nicolas &#8211; R\u00f6d"}]},{"@type":"WebSite","@id":"https:\/\/www.ivinio.com\/sv\/#website","url":"https:\/\/www.ivinio.com\/sv\/","name":"IVINIO Vinbutik","description":"Vin fr\u00e5n Frankrike och Italien med leverans hem till din d\u00f6rr","publisher":{"@id":"https:\/\/www.ivinio.com\/sv\/#organization"},"potentialAction":[{"@type":"SearchAction","target":{"@type":"EntryPoint","urlTemplate":"https:\/\/www.ivinio.com\/sv\/?s={search_term_string}"},"query-input":{"@type":"PropertyValueSpecification","valueRequired":true,"valueName":"search_term_string"}}],"inLanguage":"sv-SE"},{"@type":"Organization","@id":"https:\/\/www.ivinio.com\/sv\/#organization","name":"IVINIO","url":"https:\/\/www.ivinio.com\/sv\/","logo":{"@type":"ImageObject","inLanguage":"sv-SE","@id":"https:\/\/www.ivinio.com\/sv\/#\/schema\/logo\/image\/","url":"https:\/\/www.ivinio.com\/wp-content\/uploads\/2021\/01\/Logo-Ivinio-v2.jpg","contentUrl":"https:\/\/www.ivinio.com\/wp-content\/uploads\/2021\/01\/Logo-Ivinio-v2.jpg","width":1194,"height":1194,"caption":"IVINIO"},"image":{"@id":"https:\/\/www.ivinio.com\/sv\/#\/schema\/logo\/image\/"},"sameAs":["https:\/\/www.facebook.com\/groups\/165217837022391\/?ref=bookmarks","https:\/\/www.instagram.com\/_ivinio_\/?hl=fr"]}]}},"jetpack_sharing_enabled":true,"_links":{"self":[{"href":"https:\/\/www.ivinio.com\/sv\/wp-json\/wp\/v2\/product\/134194","targetHints":{"allow":["GET"]}}],"collection":[{"href":"https:\/\/www.ivinio.com\/sv\/wp-json\/wp\/v2\/product"}],"about":[{"href":"https:\/\/www.ivinio.com\/sv\/wp-json\/wp\/v2\/types\/product"}],"replies":[{"embeddable":true,"href":"https:\/\/www.ivinio.com\/sv\/wp-json\/wp\/v2\/comments?post=134194"}],"wp:featuredmedia":[{"embeddable":true,"href":"https:\/\/www.ivinio.com\/sv\/wp-json\/wp\/v2\/media\/134195"}],"wp:attachment":[{"href":"https:\/\/www.ivinio.com\/sv\/wp-json\/wp\/v2\/media?parent=134194"}],"wp:term":[{"taxonomy":"product_brand","embeddable":true,"href":"https:\/\/www.ivinio.com\/sv\/wp-json\/wp\/v2\/product_brand?post=134194"},{"taxonomy":"product_cat","embeddable":true,"href":"https:\/\/www.ivinio.com\/sv\/wp-json\/wp\/v2\/product_cat?post=134194"},{"taxonomy":"product_tag","embeddable":true,"href":"https:\/\/www.ivinio.com\/sv\/wp-json\/wp\/v2\/product_tag?post=134194"}],"curies":[{"name":"wp","href":"https:\/\/api.w.org\/{rel}","templated":true}]}}