{"id":133524,"date":"2023-09-07T19:09:01","date_gmt":"2023-09-07T17:09:01","guid":{"rendered":"https:\/\/www.ivinio.com\/?post_type=product&#038;p=133524"},"modified":"2025-09-03T15:48:17","modified_gmt":"2025-09-03T13:48:17","slug":"presentkort-till-nara-kara","status":"publish","type":"product","link":"https:\/\/www.ivinio.com\/sv\/produkt\/presentkort-till-nara-kara\/","title":{"rendered":"Presentkort vin till n\u00e4ra &#038; k\u00e4ra !"},"content":{"rendered":"<p>Vin \u00e4r en v\u00e4lkommen present som alltid uppskattas ! Det kan dock vara sv\u00e5rt att veta vad personen ifr\u00e5ga vill ha f\u00f6r n\u00e5got typ av vin.<\/p>\n<p>G\u00f6r det d\u00e5 enkelt f\u00f6r dig &#8211; k\u00f6p h\u00e4r ett presentkort till valt belopp och l\u00e5t din v\u00e4n v\u00e4lja sj\u00e4lv vad han vill f\u00e5 ! Alla v\u00e5ra viner g\u00e5r att k\u00f6pa med presentkort !<\/p>\n","protected":false},"excerpt":{"rendered":"<p>Presentkort vin till n\u00e4ra &amp; k\u00e4ra. G\u00f6r det d\u00e5 enkelt f\u00f6r dig &#8211; k\u00f6p h\u00e4r ett presentkort till valt belopp och l\u00e5t din v\u00e4n v\u00e4lja sj\u00e4lv vad han vill f\u00e5 !<\/p>\n","protected":false},"featured_media":133526,"comment_status":"open","ping_status":"closed","template":"","meta":{"_monsterinsights_skip_tracking":false,"_monsterinsights_sitenote_active":false,"_monsterinsights_sitenote_note":"","_monsterinsights_sitenote_category":0,"_uf_show_specific_survey":0,"_uf_disable_surveys":false},"product_brand":[],"product_cat":[],"product_tag":[],"class_list":{"0":"post-133524","1":"product","2":"type-product","3":"status-publish","4":"has-post-thumbnail","7":"first","8":"instock","9":"shipping-taxable","10":"purchasable","11":"product-type-wgm_gift_card"},"bundled_by":[],"bundle_stock_status":"instock","bundle_stock_quantity":null,"bundle_virtual":false,"bundle_layout":"","bundle_add_to_cart_form_location":"","bundle_editable_in_cart":false,"bundle_sold_individually_context":"","bundle_item_grouping":"","bundle_min_size":"","bundle_max_size":"","bundle_price":[],"bundled_items":[],"bundle_sell_ids":[],"yoast_head":"<!-- This site is optimized with the Yoast SEO plugin v27.5 - https:\/\/yoast.com\/product\/yoast-seo-wordpress\/ -->\n<title>Presentkort vin till n\u00e4ra &amp; k\u00e4ra ! - IVINIO Vinbutik<\/title>\n<meta name=\"description\" content=\"Presentkort vin till n\u00e4ra &amp; k\u00e4ra. G\u00f6r det d\u00e5 enkelt f\u00f6r dig - k\u00f6p h\u00e4r ett presentkort till valt belopp och l\u00e5t din v\u00e4n v\u00e4lja sj\u00e4lv vad han vill f\u00e5 !\" \/>\n<meta name=\"robots\" content=\"index, follow, max-snippet:-1, max-image-preview:large, max-video-preview:-1\" \/>\n<link rel=\"canonical\" href=\"https:\/\/www.ivinio.com\/sv\/produkt\/presentkort-till-nara-kara\/\" \/>\n<meta property=\"og:locale\" content=\"sv_SE\" \/>\n<meta property=\"og:type\" content=\"article\" \/>\n<meta property=\"og:title\" content=\"Presentkort vin till n\u00e4ra &amp; k\u00e4ra ! - IVINIO Vinbutik\" \/>\n<meta property=\"og:description\" content=\"Presentkort vin till n\u00e4ra &amp; k\u00e4ra. G\u00f6r det d\u00e5 enkelt f\u00f6r dig - k\u00f6p h\u00e4r ett presentkort till valt belopp och l\u00e5t din v\u00e4n v\u00e4lja sj\u00e4lv vad han vill f\u00e5 !\" \/>\n<meta property=\"og:url\" content=\"https:\/\/www.ivinio.com\/sv\/produkt\/presentkort-till-nara-kara\/\" \/>\n<meta property=\"og:site_name\" content=\"IVINIO Vinbutik\" \/>\n<meta property=\"article:publisher\" content=\"https:\/\/www.facebook.com\/groups\/165217837022391\/?ref=bookmarks\" \/>\n<meta property=\"article:modified_time\" content=\"2025-09-03T13:48:17+00:00\" \/>\n<meta property=\"og:image\" content=\"https:\/\/www.ivinio.com\/wp-content\/uploads\/2023\/09\/Presentkort-SV-IVINIO.jpg\" \/>\n\t<meta property=\"og:image:width\" content=\"500\" \/>\n\t<meta property=\"og:image:height\" content=\"500\" \/>\n\t<meta property=\"og:image:type\" content=\"image\/jpeg\" \/>\n<meta name=\"twitter:card\" content=\"summary_large_image\" \/>\n<meta name=\"twitter:label1\" content=\"Ber\u00e4knad l\u00e4stid\" \/>\n\t<meta name=\"twitter:data1\" content=\"1 minut\" \/>\n<script type=\"application\/ld+json\" class=\"yoast-schema-graph\">{\"@context\":\"https:\\\/\\\/schema.org\",\"@graph\":[{\"@type\":\"WebPage\",\"@id\":\"https:\\\/\\\/www.ivinio.com\\\/sv\\\/produkt\\\/presentkort-till-nara-kara\\\/\",\"url\":\"https:\\\/\\\/www.ivinio.com\\\/sv\\\/produkt\\\/presentkort-till-nara-kara\\\/\",\"name\":\"Presentkort vin till n\u00e4ra & k\u00e4ra ! - IVINIO Vinbutik\",\"isPartOf\":{\"@id\":\"https:\\\/\\\/www.ivinio.com\\\/sv\\\/#website\"},\"primaryImageOfPage\":{\"@id\":\"https:\\\/\\\/www.ivinio.com\\\/sv\\\/produkt\\\/presentkort-till-nara-kara\\\/#primaryimage\"},\"image\":{\"@id\":\"https:\\\/\\\/www.ivinio.com\\\/sv\\\/produkt\\\/presentkort-till-nara-kara\\\/#primaryimage\"},\"thumbnailUrl\":\"https:\\\/\\\/www.ivinio.com\\\/wp-content\\\/uploads\\\/2023\\\/09\\\/Presentkort-SV-IVINIO.jpg\",\"datePublished\":\"2023-09-07T17:09:01+00:00\",\"dateModified\":\"2025-09-03T13:48:17+00:00\",\"description\":\"Presentkort vin till n\u00e4ra & k\u00e4ra. G\u00f6r det d\u00e5 enkelt f\u00f6r dig - k\u00f6p h\u00e4r ett presentkort till valt belopp och l\u00e5t din v\u00e4n v\u00e4lja sj\u00e4lv vad han vill f\u00e5 !\",\"breadcrumb\":{\"@id\":\"https:\\\/\\\/www.ivinio.com\\\/sv\\\/produkt\\\/presentkort-till-nara-kara\\\/#breadcrumb\"},\"inLanguage\":\"sv-SE\",\"potentialAction\":[{\"@type\":\"ReadAction\",\"target\":[\"https:\\\/\\\/www.ivinio.com\\\/sv\\\/produkt\\\/presentkort-till-nara-kara\\\/\"]}]},{\"@type\":\"ImageObject\",\"inLanguage\":\"sv-SE\",\"@id\":\"https:\\\/\\\/www.ivinio.com\\\/sv\\\/produkt\\\/presentkort-till-nara-kara\\\/#primaryimage\",\"url\":\"https:\\\/\\\/www.ivinio.com\\\/wp-content\\\/uploads\\\/2023\\\/09\\\/Presentkort-SV-IVINIO.jpg\",\"contentUrl\":\"https:\\\/\\\/www.ivinio.com\\\/wp-content\\\/uploads\\\/2023\\\/09\\\/Presentkort-SV-IVINIO.jpg\",\"width\":500,\"height\":500},{\"@type\":\"BreadcrumbList\",\"@id\":\"https:\\\/\\\/www.ivinio.com\\\/sv\\\/produkt\\\/presentkort-till-nara-kara\\\/#breadcrumb\",\"itemListElement\":[{\"@type\":\"ListItem\",\"position\":1,\"name\":\"Hem\",\"item\":\"https:\\\/\\\/www.ivinio.com\\\/sv\\\/\"},{\"@type\":\"ListItem\",\"position\":2,\"name\":\"Vinbutik\",\"item\":\"https:\\\/\\\/www.ivinio.com\\\/sv\\\/vinbutik\\\/\"},{\"@type\":\"ListItem\",\"position\":3,\"name\":\"Presentkort vin till n\u00e4ra &#038; k\u00e4ra !\"}]},{\"@type\":\"WebSite\",\"@id\":\"https:\\\/\\\/www.ivinio.com\\\/sv\\\/#website\",\"url\":\"https:\\\/\\\/www.ivinio.com\\\/sv\\\/\",\"name\":\"IVINIO Vinbutik\",\"description\":\"Vin fr\u00e5n Frankrike och Italien med leverans hem till din d\u00f6rr\",\"publisher\":{\"@id\":\"https:\\\/\\\/www.ivinio.com\\\/sv\\\/#organization\"},\"potentialAction\":[{\"@type\":\"SearchAction\",\"target\":{\"@type\":\"EntryPoint\",\"urlTemplate\":\"https:\\\/\\\/www.ivinio.com\\\/sv\\\/?s={search_term_string}\"},\"query-input\":{\"@type\":\"PropertyValueSpecification\",\"valueRequired\":true,\"valueName\":\"search_term_string\"}}],\"inLanguage\":\"sv-SE\"},{\"@type\":\"Organization\",\"@id\":\"https:\\\/\\\/www.ivinio.com\\\/sv\\\/#organization\",\"name\":\"IVINIO\",\"url\":\"https:\\\/\\\/www.ivinio.com\\\/sv\\\/\",\"logo\":{\"@type\":\"ImageObject\",\"inLanguage\":\"sv-SE\",\"@id\":\"https:\\\/\\\/www.ivinio.com\\\/sv\\\/#\\\/schema\\\/logo\\\/image\\\/\",\"url\":\"https:\\\/\\\/www.ivinio.com\\\/wp-content\\\/uploads\\\/2021\\\/01\\\/Logo-Ivinio-v2.jpg\",\"contentUrl\":\"https:\\\/\\\/www.ivinio.com\\\/wp-content\\\/uploads\\\/2021\\\/01\\\/Logo-Ivinio-v2.jpg\",\"width\":1194,\"height\":1194,\"caption\":\"IVINIO\"},\"image\":{\"@id\":\"https:\\\/\\\/www.ivinio.com\\\/sv\\\/#\\\/schema\\\/logo\\\/image\\\/\"},\"sameAs\":[\"https:\\\/\\\/www.facebook.com\\\/groups\\\/165217837022391\\\/?ref=bookmarks\",\"https:\\\/\\\/www.instagram.com\\\/_ivinio_\\\/?hl=fr\"]}]}<\/script>\n<!-- \/ Yoast SEO plugin. -->","yoast_head_json":{"title":"Presentkort vin till n\u00e4ra & k\u00e4ra ! - IVINIO Vinbutik","description":"Presentkort vin till n\u00e4ra & k\u00e4ra. G\u00f6r det d\u00e5 enkelt f\u00f6r dig - k\u00f6p h\u00e4r ett presentkort till valt belopp och l\u00e5t din v\u00e4n v\u00e4lja sj\u00e4lv vad han vill f\u00e5 !","robots":{"index":"index","follow":"follow","max-snippet":"max-snippet:-1","max-image-preview":"max-image-preview:large","max-video-preview":"max-video-preview:-1"},"canonical":"https:\/\/www.ivinio.com\/sv\/produkt\/presentkort-till-nara-kara\/","og_locale":"sv_SE","og_type":"article","og_title":"Presentkort vin till n\u00e4ra & k\u00e4ra ! - IVINIO Vinbutik","og_description":"Presentkort vin till n\u00e4ra & k\u00e4ra. G\u00f6r det d\u00e5 enkelt f\u00f6r dig - k\u00f6p h\u00e4r ett presentkort till valt belopp och l\u00e5t din v\u00e4n v\u00e4lja sj\u00e4lv vad han vill f\u00e5 !","og_url":"https:\/\/www.ivinio.com\/sv\/produkt\/presentkort-till-nara-kara\/","og_site_name":"IVINIO Vinbutik","article_publisher":"https:\/\/www.facebook.com\/groups\/165217837022391\/?ref=bookmarks","article_modified_time":"2025-09-03T13:48:17+00:00","og_image":[{"width":500,"height":500,"url":"https:\/\/www.ivinio.com\/wp-content\/uploads\/2023\/09\/Presentkort-SV-IVINIO.jpg","type":"image\/jpeg"}],"twitter_card":"summary_large_image","twitter_misc":{"Ber\u00e4knad l\u00e4stid":"1 minut"},"schema":{"@context":"https:\/\/schema.org","@graph":[{"@type":"WebPage","@id":"https:\/\/www.ivinio.com\/sv\/produkt\/presentkort-till-nara-kara\/","url":"https:\/\/www.ivinio.com\/sv\/produkt\/presentkort-till-nara-kara\/","name":"Presentkort vin till n\u00e4ra & k\u00e4ra ! - IVINIO Vinbutik","isPartOf":{"@id":"https:\/\/www.ivinio.com\/sv\/#website"},"primaryImageOfPage":{"@id":"https:\/\/www.ivinio.com\/sv\/produkt\/presentkort-till-nara-kara\/#primaryimage"},"image":{"@id":"https:\/\/www.ivinio.com\/sv\/produkt\/presentkort-till-nara-kara\/#primaryimage"},"thumbnailUrl":"https:\/\/www.ivinio.com\/wp-content\/uploads\/2023\/09\/Presentkort-SV-IVINIO.jpg","datePublished":"2023-09-07T17:09:01+00:00","dateModified":"2025-09-03T13:48:17+00:00","description":"Presentkort vin till n\u00e4ra & k\u00e4ra. G\u00f6r det d\u00e5 enkelt f\u00f6r dig - k\u00f6p h\u00e4r ett presentkort till valt belopp och l\u00e5t din v\u00e4n v\u00e4lja sj\u00e4lv vad han vill f\u00e5 !","breadcrumb":{"@id":"https:\/\/www.ivinio.com\/sv\/produkt\/presentkort-till-nara-kara\/#breadcrumb"},"inLanguage":"sv-SE","potentialAction":[{"@type":"ReadAction","target":["https:\/\/www.ivinio.com\/sv\/produkt\/presentkort-till-nara-kara\/"]}]},{"@type":"ImageObject","inLanguage":"sv-SE","@id":"https:\/\/www.ivinio.com\/sv\/produkt\/presentkort-till-nara-kara\/#primaryimage","url":"https:\/\/www.ivinio.com\/wp-content\/uploads\/2023\/09\/Presentkort-SV-IVINIO.jpg","contentUrl":"https:\/\/www.ivinio.com\/wp-content\/uploads\/2023\/09\/Presentkort-SV-IVINIO.jpg","width":500,"height":500},{"@type":"BreadcrumbList","@id":"https:\/\/www.ivinio.com\/sv\/produkt\/presentkort-till-nara-kara\/#breadcrumb","itemListElement":[{"@type":"ListItem","position":1,"name":"Hem","item":"https:\/\/www.ivinio.com\/sv\/"},{"@type":"ListItem","position":2,"name":"Vinbutik","item":"https:\/\/www.ivinio.com\/sv\/vinbutik\/"},{"@type":"ListItem","position":3,"name":"Presentkort vin till n\u00e4ra &#038; k\u00e4ra !"}]},{"@type":"WebSite","@id":"https:\/\/www.ivinio.com\/sv\/#website","url":"https:\/\/www.ivinio.com\/sv\/","name":"IVINIO Vinbutik","description":"Vin fr\u00e5n Frankrike och Italien med leverans hem till din d\u00f6rr","publisher":{"@id":"https:\/\/www.ivinio.com\/sv\/#organization"},"potentialAction":[{"@type":"SearchAction","target":{"@type":"EntryPoint","urlTemplate":"https:\/\/www.ivinio.com\/sv\/?s={search_term_string}"},"query-input":{"@type":"PropertyValueSpecification","valueRequired":true,"valueName":"search_term_string"}}],"inLanguage":"sv-SE"},{"@type":"Organization","@id":"https:\/\/www.ivinio.com\/sv\/#organization","name":"IVINIO","url":"https:\/\/www.ivinio.com\/sv\/","logo":{"@type":"ImageObject","inLanguage":"sv-SE","@id":"https:\/\/www.ivinio.com\/sv\/#\/schema\/logo\/image\/","url":"https:\/\/www.ivinio.com\/wp-content\/uploads\/2021\/01\/Logo-Ivinio-v2.jpg","contentUrl":"https:\/\/www.ivinio.com\/wp-content\/uploads\/2021\/01\/Logo-Ivinio-v2.jpg","width":1194,"height":1194,"caption":"IVINIO"},"image":{"@id":"https:\/\/www.ivinio.com\/sv\/#\/schema\/logo\/image\/"},"sameAs":["https:\/\/www.facebook.com\/groups\/165217837022391\/?ref=bookmarks","https:\/\/www.instagram.com\/_ivinio_\/?hl=fr"]}]}},"jetpack_sharing_enabled":true,"_links":{"self":[{"href":"https:\/\/www.ivinio.com\/sv\/wp-json\/wp\/v2\/product\/133524","targetHints":{"allow":["GET"]}}],"collection":[{"href":"https:\/\/www.ivinio.com\/sv\/wp-json\/wp\/v2\/product"}],"about":[{"href":"https:\/\/www.ivinio.com\/sv\/wp-json\/wp\/v2\/types\/product"}],"replies":[{"embeddable":true,"href":"https:\/\/www.ivinio.com\/sv\/wp-json\/wp\/v2\/comments?post=133524"}],"wp:featuredmedia":[{"embeddable":true,"href":"https:\/\/www.ivinio.com\/sv\/wp-json\/wp\/v2\/media\/133526"}],"wp:attachment":[{"href":"https:\/\/www.ivinio.com\/sv\/wp-json\/wp\/v2\/media?parent=133524"}],"wp:term":[{"taxonomy":"product_brand","embeddable":true,"href":"https:\/\/www.ivinio.com\/sv\/wp-json\/wp\/v2\/product_brand?post=133524"},{"taxonomy":"product_cat","embeddable":true,"href":"https:\/\/www.ivinio.com\/sv\/wp-json\/wp\/v2\/product_cat?post=133524"},{"taxonomy":"product_tag","embeddable":true,"href":"https:\/\/www.ivinio.com\/sv\/wp-json\/wp\/v2\/product_tag?post=133524"}],"curies":[{"name":"wp","href":"https:\/\/api.w.org\/{rel}","templated":true}]}}