{"id":132951,"date":"2023-05-17T11:36:18","date_gmt":"2023-05-17T09:36:18","guid":{"rendered":"https:\/\/www.ivinio.com\/?post_type=product&#038;p=132951"},"modified":"2025-06-03T19:44:51","modified_gmt":"2025-06-03T17:44:51","slug":"chateau-de-beaupre-rose","status":"publish","type":"product","link":"https:\/\/www.ivinio.com\/sv\/produkt\/chateau-de-beaupre-rose\/","title":{"rendered":"Ch\u00e2teau de Beaupr\u00e9 &#8211; Ros\u00e9"},"content":{"rendered":"<p>Ch\u00e2teau de Beaupr\u00e9 \u00e4r ett ros\u00e9vin fr\u00e5n appellationen Coteaux d&#8217;Aix-en-Provence som framst\u00e4lls av fr\u00e4mst Grenache (80 %), men \u00e4ven Syrah och Cinsault. Vinodlingen bedrivs ekologiskt. Druvorna sk\u00f6rdas vid perfekt mognad och rensas f\u00f6r hand. De pressas omg\u00e5ende f\u00f6r att sedan klarifieras (d\u00e9bourbage) vid 10\u00b0 temperatur. Vinet j\u00e4ses sedan vid l\u00e5g termoreglerad temperatur (15-18\u00b0) f\u00f6r att p\u00e5 s\u00e5 s\u00e4tt utvinna mest m\u00f6jliga aromer.<\/p>\n","protected":false},"excerpt":{"rendered":"<p>Ch\u00e2teau de Beaupr\u00e9 \u00e4r ett ros\u00e9vin med frukt och fr\u00e4sch\u00f6r p\u00e5 samma g\u00e5ng ! Fr\u00e4mst inslag av r\u00f6da b\u00e4r med minerala fr\u00e4scha toner.<\/p>\n","protected":false},"featured_media":132954,"comment_status":"open","ping_status":"closed","template":"","meta":{"_monsterinsights_skip_tracking":false,"_monsterinsights_sitenote_active":false,"_monsterinsights_sitenote_note":"","_monsterinsights_sitenote_category":0,"_uf_show_specific_survey":0,"_uf_disable_surveys":false},"product_brand":[],"product_cat":[36588,36624],"product_tag":[],"class_list":{"0":"post-132951","1":"product","2":"type-product","3":"status-publish","4":"has-post-thumbnail","6":"product_cat-franska-viner","7":"product_cat-sv-provence","8":"pa_alcohol-degree-13-5-sv","9":"pa_classification-aop-cotes-de-provence-sv","10":"pa_color-rose-sv","11":"pa_country-frankrike-sv","12":"pa_grape-variety-cinsault-sv","13":"pa_grape-variety-grenache-sv","14":"pa_grape-variety-syrah-sv","15":"pa_region-provence-sv","16":"pa_storage-potential-4-ar-sv","17":"pa_vintage-41400","18":"pa_volume-75-cl-sv","20":"first","21":"instock","22":"taxable","23":"shipping-taxable","24":"purchasable","25":"product-type-simple"},"bundled_by":["119440"],"bundle_stock_status":"instock","bundle_stock_quantity":null,"bundle_virtual":false,"bundle_layout":"","bundle_add_to_cart_form_location":"","bundle_editable_in_cart":false,"bundle_sold_individually_context":"","bundle_item_grouping":"","bundle_min_size":"","bundle_max_size":"","bundle_price":[],"bundled_items":[],"bundle_sell_ids":[],"yoast_head":"<!-- This site is optimized with the Yoast SEO plugin v27.4 - https:\/\/yoast.com\/product\/yoast-seo-wordpress\/ -->\n<title>K\u00f6pa Ch\u00e2teau de Beaupr\u00e9 - Ros\u00e9vin - IVINIO Vinbutik<\/title>\n<meta name=\"description\" content=\"K\u00f6pa Ch\u00e2teau de Beaupr\u00e9 - Ros\u00e9vin. Frukt och fr\u00e4sch\u00f6r p\u00e5 samma g\u00e5ng ! Fr\u00e4mst inslag av r\u00f6da b\u00e4r med minerala frascha toner.\u00a0\" \/>\n<meta name=\"robots\" content=\"index, follow, max-snippet:-1, max-image-preview:large, max-video-preview:-1\" \/>\n<link rel=\"canonical\" href=\"https:\/\/www.ivinio.com\/sv\/produkt\/chateau-de-beaupre-rose\/\" \/>\n<meta property=\"og:locale\" content=\"sv_SE\" \/>\n<meta property=\"og:type\" content=\"article\" \/>\n<meta property=\"og:title\" content=\"K\u00f6pa Ch\u00e2teau de Beaupr\u00e9 - Ros\u00e9vin - IVINIO Vinbutik\" \/>\n<meta property=\"og:description\" content=\"K\u00f6pa Ch\u00e2teau de Beaupr\u00e9 - Ros\u00e9vin. Frukt och fr\u00e4sch\u00f6r p\u00e5 samma g\u00e5ng ! Fr\u00e4mst inslag av r\u00f6da b\u00e4r med minerala frascha toner.\u00a0\" \/>\n<meta property=\"og:url\" content=\"https:\/\/www.ivinio.com\/sv\/produkt\/chateau-de-beaupre-rose\/\" \/>\n<meta property=\"og:site_name\" content=\"IVINIO Vinbutik\" \/>\n<meta property=\"article:publisher\" content=\"https:\/\/www.facebook.com\/groups\/165217837022391\/?ref=bookmarks\" \/>\n<meta property=\"article:modified_time\" content=\"2025-06-03T17:44:51+00:00\" \/>\n<meta property=\"og:image\" content=\"https:\/\/www.ivinio.com\/wp-content\/uploads\/2023\/05\/Chateau-de-beaupre-Le-Chateau-rose-IVINIO.jpg\" \/>\n\t<meta property=\"og:image:width\" content=\"500\" \/>\n\t<meta property=\"og:image:height\" content=\"500\" \/>\n\t<meta property=\"og:image:type\" content=\"image\/jpeg\" \/>\n<meta name=\"twitter:card\" content=\"summary_large_image\" \/>\n<meta name=\"twitter:label1\" content=\"Ber\u00e4knad l\u00e4stid\" \/>\n\t<meta name=\"twitter:data1\" content=\"1 minut\" \/>\n<script type=\"application\/ld+json\" class=\"yoast-schema-graph\">{\"@context\":\"https:\\\/\\\/schema.org\",\"@graph\":[{\"@type\":\"WebPage\",\"@id\":\"https:\\\/\\\/www.ivinio.com\\\/sv\\\/produkt\\\/chateau-de-beaupre-rose\\\/\",\"url\":\"https:\\\/\\\/www.ivinio.com\\\/sv\\\/produkt\\\/chateau-de-beaupre-rose\\\/\",\"name\":\"K\u00f6pa Ch\u00e2teau de Beaupr\u00e9 - Ros\u00e9vin - IVINIO Vinbutik\",\"isPartOf\":{\"@id\":\"https:\\\/\\\/www.ivinio.com\\\/sv\\\/#website\"},\"primaryImageOfPage\":{\"@id\":\"https:\\\/\\\/www.ivinio.com\\\/sv\\\/produkt\\\/chateau-de-beaupre-rose\\\/#primaryimage\"},\"image\":{\"@id\":\"https:\\\/\\\/www.ivinio.com\\\/sv\\\/produkt\\\/chateau-de-beaupre-rose\\\/#primaryimage\"},\"thumbnailUrl\":\"https:\\\/\\\/www.ivinio.com\\\/wp-content\\\/uploads\\\/2023\\\/05\\\/Chateau-de-beaupre-Le-Chateau-rose-IVINIO.jpg\",\"datePublished\":\"2023-05-17T09:36:18+00:00\",\"dateModified\":\"2025-06-03T17:44:51+00:00\",\"description\":\"K\u00f6pa Ch\u00e2teau de Beaupr\u00e9 - Ros\u00e9vin. Frukt och fr\u00e4sch\u00f6r p\u00e5 samma g\u00e5ng ! Fr\u00e4mst inslag av r\u00f6da b\u00e4r med minerala frascha toner.\u00a0\",\"breadcrumb\":{\"@id\":\"https:\\\/\\\/www.ivinio.com\\\/sv\\\/produkt\\\/chateau-de-beaupre-rose\\\/#breadcrumb\"},\"inLanguage\":\"sv-SE\",\"potentialAction\":[{\"@type\":\"ReadAction\",\"target\":[\"https:\\\/\\\/www.ivinio.com\\\/sv\\\/produkt\\\/chateau-de-beaupre-rose\\\/\"]}]},{\"@type\":\"ImageObject\",\"inLanguage\":\"sv-SE\",\"@id\":\"https:\\\/\\\/www.ivinio.com\\\/sv\\\/produkt\\\/chateau-de-beaupre-rose\\\/#primaryimage\",\"url\":\"https:\\\/\\\/www.ivinio.com\\\/wp-content\\\/uploads\\\/2023\\\/05\\\/Chateau-de-beaupre-Le-Chateau-rose-IVINIO.jpg\",\"contentUrl\":\"https:\\\/\\\/www.ivinio.com\\\/wp-content\\\/uploads\\\/2023\\\/05\\\/Chateau-de-beaupre-Le-Chateau-rose-IVINIO.jpg\",\"width\":500,\"height\":500},{\"@type\":\"BreadcrumbList\",\"@id\":\"https:\\\/\\\/www.ivinio.com\\\/sv\\\/produkt\\\/chateau-de-beaupre-rose\\\/#breadcrumb\",\"itemListElement\":[{\"@type\":\"ListItem\",\"position\":1,\"name\":\"Hem\",\"item\":\"https:\\\/\\\/www.ivinio.com\\\/sv\\\/\"},{\"@type\":\"ListItem\",\"position\":2,\"name\":\"Vinbutik\",\"item\":\"https:\\\/\\\/www.ivinio.com\\\/sv\\\/vinbutik\\\/\"},{\"@type\":\"ListItem\",\"position\":3,\"name\":\"Ch\u00e2teau de Beaupr\u00e9 &#8211; Ros\u00e9\"}]},{\"@type\":\"WebSite\",\"@id\":\"https:\\\/\\\/www.ivinio.com\\\/sv\\\/#website\",\"url\":\"https:\\\/\\\/www.ivinio.com\\\/sv\\\/\",\"name\":\"IVINIO Vinbutik\",\"description\":\"Vin fr\u00e5n Frankrike och Italien med leverans hem till din d\u00f6rr\",\"publisher\":{\"@id\":\"https:\\\/\\\/www.ivinio.com\\\/sv\\\/#organization\"},\"potentialAction\":[{\"@type\":\"SearchAction\",\"target\":{\"@type\":\"EntryPoint\",\"urlTemplate\":\"https:\\\/\\\/www.ivinio.com\\\/sv\\\/?s={search_term_string}\"},\"query-input\":{\"@type\":\"PropertyValueSpecification\",\"valueRequired\":true,\"valueName\":\"search_term_string\"}}],\"inLanguage\":\"sv-SE\"},{\"@type\":\"Organization\",\"@id\":\"https:\\\/\\\/www.ivinio.com\\\/sv\\\/#organization\",\"name\":\"IVINIO\",\"url\":\"https:\\\/\\\/www.ivinio.com\\\/sv\\\/\",\"logo\":{\"@type\":\"ImageObject\",\"inLanguage\":\"sv-SE\",\"@id\":\"https:\\\/\\\/www.ivinio.com\\\/sv\\\/#\\\/schema\\\/logo\\\/image\\\/\",\"url\":\"https:\\\/\\\/www.ivinio.com\\\/wp-content\\\/uploads\\\/2021\\\/01\\\/Logo-Ivinio-v2.jpg\",\"contentUrl\":\"https:\\\/\\\/www.ivinio.com\\\/wp-content\\\/uploads\\\/2021\\\/01\\\/Logo-Ivinio-v2.jpg\",\"width\":1194,\"height\":1194,\"caption\":\"IVINIO\"},\"image\":{\"@id\":\"https:\\\/\\\/www.ivinio.com\\\/sv\\\/#\\\/schema\\\/logo\\\/image\\\/\"},\"sameAs\":[\"https:\\\/\\\/www.facebook.com\\\/groups\\\/165217837022391\\\/?ref=bookmarks\",\"https:\\\/\\\/www.instagram.com\\\/_ivinio_\\\/?hl=fr\"]}]}<\/script>\n<!-- \/ Yoast SEO plugin. -->","yoast_head_json":{"title":"K\u00f6pa Ch\u00e2teau de Beaupr\u00e9 - Ros\u00e9vin - IVINIO Vinbutik","description":"K\u00f6pa Ch\u00e2teau de Beaupr\u00e9 - Ros\u00e9vin. Frukt och fr\u00e4sch\u00f6r p\u00e5 samma g\u00e5ng ! Fr\u00e4mst inslag av r\u00f6da b\u00e4r med minerala frascha toner.\u00a0","robots":{"index":"index","follow":"follow","max-snippet":"max-snippet:-1","max-image-preview":"max-image-preview:large","max-video-preview":"max-video-preview:-1"},"canonical":"https:\/\/www.ivinio.com\/sv\/produkt\/chateau-de-beaupre-rose\/","og_locale":"sv_SE","og_type":"article","og_title":"K\u00f6pa Ch\u00e2teau de Beaupr\u00e9 - Ros\u00e9vin - IVINIO Vinbutik","og_description":"K\u00f6pa Ch\u00e2teau de Beaupr\u00e9 - Ros\u00e9vin. Frukt och fr\u00e4sch\u00f6r p\u00e5 samma g\u00e5ng ! Fr\u00e4mst inslag av r\u00f6da b\u00e4r med minerala frascha toner.\u00a0","og_url":"https:\/\/www.ivinio.com\/sv\/produkt\/chateau-de-beaupre-rose\/","og_site_name":"IVINIO Vinbutik","article_publisher":"https:\/\/www.facebook.com\/groups\/165217837022391\/?ref=bookmarks","article_modified_time":"2025-06-03T17:44:51+00:00","og_image":[{"width":500,"height":500,"url":"https:\/\/www.ivinio.com\/wp-content\/uploads\/2023\/05\/Chateau-de-beaupre-Le-Chateau-rose-IVINIO.jpg","type":"image\/jpeg"}],"twitter_card":"summary_large_image","twitter_misc":{"Ber\u00e4knad l\u00e4stid":"1 minut"},"schema":{"@context":"https:\/\/schema.org","@graph":[{"@type":"WebPage","@id":"https:\/\/www.ivinio.com\/sv\/produkt\/chateau-de-beaupre-rose\/","url":"https:\/\/www.ivinio.com\/sv\/produkt\/chateau-de-beaupre-rose\/","name":"K\u00f6pa Ch\u00e2teau de Beaupr\u00e9 - Ros\u00e9vin - IVINIO Vinbutik","isPartOf":{"@id":"https:\/\/www.ivinio.com\/sv\/#website"},"primaryImageOfPage":{"@id":"https:\/\/www.ivinio.com\/sv\/produkt\/chateau-de-beaupre-rose\/#primaryimage"},"image":{"@id":"https:\/\/www.ivinio.com\/sv\/produkt\/chateau-de-beaupre-rose\/#primaryimage"},"thumbnailUrl":"https:\/\/www.ivinio.com\/wp-content\/uploads\/2023\/05\/Chateau-de-beaupre-Le-Chateau-rose-IVINIO.jpg","datePublished":"2023-05-17T09:36:18+00:00","dateModified":"2025-06-03T17:44:51+00:00","description":"K\u00f6pa Ch\u00e2teau de Beaupr\u00e9 - Ros\u00e9vin. Frukt och fr\u00e4sch\u00f6r p\u00e5 samma g\u00e5ng ! Fr\u00e4mst inslag av r\u00f6da b\u00e4r med minerala frascha toner.\u00a0","breadcrumb":{"@id":"https:\/\/www.ivinio.com\/sv\/produkt\/chateau-de-beaupre-rose\/#breadcrumb"},"inLanguage":"sv-SE","potentialAction":[{"@type":"ReadAction","target":["https:\/\/www.ivinio.com\/sv\/produkt\/chateau-de-beaupre-rose\/"]}]},{"@type":"ImageObject","inLanguage":"sv-SE","@id":"https:\/\/www.ivinio.com\/sv\/produkt\/chateau-de-beaupre-rose\/#primaryimage","url":"https:\/\/www.ivinio.com\/wp-content\/uploads\/2023\/05\/Chateau-de-beaupre-Le-Chateau-rose-IVINIO.jpg","contentUrl":"https:\/\/www.ivinio.com\/wp-content\/uploads\/2023\/05\/Chateau-de-beaupre-Le-Chateau-rose-IVINIO.jpg","width":500,"height":500},{"@type":"BreadcrumbList","@id":"https:\/\/www.ivinio.com\/sv\/produkt\/chateau-de-beaupre-rose\/#breadcrumb","itemListElement":[{"@type":"ListItem","position":1,"name":"Hem","item":"https:\/\/www.ivinio.com\/sv\/"},{"@type":"ListItem","position":2,"name":"Vinbutik","item":"https:\/\/www.ivinio.com\/sv\/vinbutik\/"},{"@type":"ListItem","position":3,"name":"Ch\u00e2teau de Beaupr\u00e9 &#8211; Ros\u00e9"}]},{"@type":"WebSite","@id":"https:\/\/www.ivinio.com\/sv\/#website","url":"https:\/\/www.ivinio.com\/sv\/","name":"IVINIO Vinbutik","description":"Vin fr\u00e5n Frankrike och Italien med leverans hem till din d\u00f6rr","publisher":{"@id":"https:\/\/www.ivinio.com\/sv\/#organization"},"potentialAction":[{"@type":"SearchAction","target":{"@type":"EntryPoint","urlTemplate":"https:\/\/www.ivinio.com\/sv\/?s={search_term_string}"},"query-input":{"@type":"PropertyValueSpecification","valueRequired":true,"valueName":"search_term_string"}}],"inLanguage":"sv-SE"},{"@type":"Organization","@id":"https:\/\/www.ivinio.com\/sv\/#organization","name":"IVINIO","url":"https:\/\/www.ivinio.com\/sv\/","logo":{"@type":"ImageObject","inLanguage":"sv-SE","@id":"https:\/\/www.ivinio.com\/sv\/#\/schema\/logo\/image\/","url":"https:\/\/www.ivinio.com\/wp-content\/uploads\/2021\/01\/Logo-Ivinio-v2.jpg","contentUrl":"https:\/\/www.ivinio.com\/wp-content\/uploads\/2021\/01\/Logo-Ivinio-v2.jpg","width":1194,"height":1194,"caption":"IVINIO"},"image":{"@id":"https:\/\/www.ivinio.com\/sv\/#\/schema\/logo\/image\/"},"sameAs":["https:\/\/www.facebook.com\/groups\/165217837022391\/?ref=bookmarks","https:\/\/www.instagram.com\/_ivinio_\/?hl=fr"]}]}},"jetpack_sharing_enabled":true,"_links":{"self":[{"href":"https:\/\/www.ivinio.com\/sv\/wp-json\/wp\/v2\/product\/132951","targetHints":{"allow":["GET"]}}],"collection":[{"href":"https:\/\/www.ivinio.com\/sv\/wp-json\/wp\/v2\/product"}],"about":[{"href":"https:\/\/www.ivinio.com\/sv\/wp-json\/wp\/v2\/types\/product"}],"replies":[{"embeddable":true,"href":"https:\/\/www.ivinio.com\/sv\/wp-json\/wp\/v2\/comments?post=132951"}],"wp:featuredmedia":[{"embeddable":true,"href":"https:\/\/www.ivinio.com\/sv\/wp-json\/wp\/v2\/media\/132954"}],"wp:attachment":[{"href":"https:\/\/www.ivinio.com\/sv\/wp-json\/wp\/v2\/media?parent=132951"}],"wp:term":[{"taxonomy":"product_brand","embeddable":true,"href":"https:\/\/www.ivinio.com\/sv\/wp-json\/wp\/v2\/product_brand?post=132951"},{"taxonomy":"product_cat","embeddable":true,"href":"https:\/\/www.ivinio.com\/sv\/wp-json\/wp\/v2\/product_cat?post=132951"},{"taxonomy":"product_tag","embeddable":true,"href":"https:\/\/www.ivinio.com\/sv\/wp-json\/wp\/v2\/product_tag?post=132951"}],"curies":[{"name":"wp","href":"https:\/\/api.w.org\/{rel}","templated":true}]}}