{"id":132749,"date":"2023-04-08T17:47:41","date_gmt":"2023-04-08T15:47:41","guid":{"rendered":"https:\/\/www.ivinio.com\/?post_type=product&#038;p=132749"},"modified":"2023-04-08T18:17:32","modified_gmt":"2023-04-08T16:17:32","slug":"azienda-agricola-taliano-michele-blagheur-langhe-nebbiolo","status":"publish","type":"product","link":"https:\/\/www.ivinio.com\/sv\/produkt\/azienda-agricola-taliano-michele-blagheur-langhe-nebbiolo\/","title":{"rendered":"Azienda agricola Taliano Michele &#8211; Blagheur &#8211; Langhe Nebbiolo"},"content":{"rendered":"<p>Azienda agricola Taliano Michele &#8211; Blagheur &#8211; Langhe Nebbiolo framst\u00e4lls av 100% Nebbiolo-druvor. Druvorna odlas i sydlig riktning p\u00e5 300 metres h\u00f6jd ovan havet. Druvorna sk\u00f6rdas i mitten av oktober och vinet framst\u00e4lls enligt traditionell metod. Druvorna j\u00e4ser f\u00f6rst i rostfria st\u00e5ltankar. Vinet lagras 12 m\u00e5nader p\u00e5 ekfat. I december \u00e5ret efter sk\u00f6rden \u00e4r vinet klart att buteljeras och marknadsf\u00f6ras.<\/p>\n","protected":false},"excerpt":{"rendered":"<p>En Nebbiolo med fyllig smak och v\u00e4l underst\u00f6dd av balanserade men n\u00e4rvarande tanniner.<\/p>\n","protected":false},"featured_media":132750,"comment_status":"open","ping_status":"closed","template":"","meta":{"_monsterinsights_skip_tracking":false,"_monsterinsights_sitenote_active":false,"_monsterinsights_sitenote_note":"","_monsterinsights_sitenote_category":0,"_uf_show_specific_survey":0,"_uf_disable_surveys":false},"product_brand":[],"product_cat":[36591,36600],"product_tag":[],"class_list":{"0":"post-132749","1":"product","2":"type-product","3":"status-publish","4":"has-post-thumbnail","6":"product_cat-italienska-viner","7":"product_cat-sv-piemonte","8":"pa_alcohol-degree-14-sv","9":"pa_classification-doc-langhe-nebbiolo-sv","10":"pa_color-rod-sv","11":"pa_country-italien-sv","12":"pa_grape-variety-nebbiolo-sv","13":"pa_region-piemonte-sv","14":"pa_storage-potential-6-ar-sv","15":"pa_vintage-41019","16":"pa_volume-75-cl-sv","18":"first","19":"instock","20":"taxable","21":"shipping-taxable","22":"purchasable","23":"product-type-simple"},"bundled_by":[],"bundle_stock_status":"instock","bundle_stock_quantity":null,"bundle_virtual":false,"bundle_layout":"","bundle_add_to_cart_form_location":"","bundle_editable_in_cart":false,"bundle_sold_individually_context":"","bundle_item_grouping":"","bundle_min_size":"","bundle_max_size":"","bundle_price":[],"bundled_items":[],"bundle_sell_ids":[],"yoast_head":"<!-- This site is optimized with the Yoast SEO plugin v27.5 - https:\/\/yoast.com\/product\/yoast-seo-wordpress\/ -->\n<title>Azienda agricola Taliano Michele - Blagheur - Langhe Nebbiolo - IVINIO Vinbutik<\/title>\n<meta name=\"description\" content=\"Azienda agricola Taliano Michele - Blagheur - Langhe Nebbiolo. Smaken \u00e4r fyllig och v\u00e4l underst\u00f6dd av balanserade men n\u00e4rvarande tanniner.\" \/>\n<meta name=\"robots\" content=\"index, follow, max-snippet:-1, max-image-preview:large, max-video-preview:-1\" \/>\n<link rel=\"canonical\" href=\"https:\/\/www.ivinio.com\/sv\/produkt\/azienda-agricola-taliano-michele-blagheur-langhe-nebbiolo\/\" \/>\n<meta property=\"og:locale\" content=\"sv_SE\" \/>\n<meta property=\"og:type\" content=\"article\" \/>\n<meta property=\"og:title\" content=\"Azienda agricola Taliano Michele - Blagheur - Langhe Nebbiolo - IVINIO Vinbutik\" \/>\n<meta property=\"og:description\" content=\"Azienda agricola Taliano Michele - Blagheur - Langhe Nebbiolo. Smaken \u00e4r fyllig och v\u00e4l underst\u00f6dd av balanserade men n\u00e4rvarande tanniner.\" \/>\n<meta property=\"og:url\" content=\"https:\/\/www.ivinio.com\/sv\/produkt\/azienda-agricola-taliano-michele-blagheur-langhe-nebbiolo\/\" \/>\n<meta property=\"og:site_name\" content=\"IVINIO Vinbutik\" \/>\n<meta property=\"article:publisher\" content=\"https:\/\/www.facebook.com\/groups\/165217837022391\/?ref=bookmarks\" \/>\n<meta property=\"article:modified_time\" content=\"2023-04-08T16:17:32+00:00\" \/>\n<meta property=\"og:image\" content=\"https:\/\/www.ivinio.com\/wp-content\/uploads\/2023\/04\/Taliano-Michele-Blagheur-Langhe-Nebbiolo-IVINIO.jpg\" \/>\n\t<meta property=\"og:image:width\" content=\"500\" \/>\n\t<meta property=\"og:image:height\" content=\"500\" \/>\n\t<meta property=\"og:image:type\" content=\"image\/jpeg\" \/>\n<meta name=\"twitter:card\" content=\"summary_large_image\" \/>\n<script type=\"application\/ld+json\" class=\"yoast-schema-graph\">{\"@context\":\"https:\\\/\\\/schema.org\",\"@graph\":[{\"@type\":\"WebPage\",\"@id\":\"https:\\\/\\\/www.ivinio.com\\\/sv\\\/produkt\\\/azienda-agricola-taliano-michele-blagheur-langhe-nebbiolo\\\/\",\"url\":\"https:\\\/\\\/www.ivinio.com\\\/sv\\\/produkt\\\/azienda-agricola-taliano-michele-blagheur-langhe-nebbiolo\\\/\",\"name\":\"Azienda agricola Taliano Michele - Blagheur - Langhe Nebbiolo - IVINIO Vinbutik\",\"isPartOf\":{\"@id\":\"https:\\\/\\\/www.ivinio.com\\\/sv\\\/#website\"},\"primaryImageOfPage\":{\"@id\":\"https:\\\/\\\/www.ivinio.com\\\/sv\\\/produkt\\\/azienda-agricola-taliano-michele-blagheur-langhe-nebbiolo\\\/#primaryimage\"},\"image\":{\"@id\":\"https:\\\/\\\/www.ivinio.com\\\/sv\\\/produkt\\\/azienda-agricola-taliano-michele-blagheur-langhe-nebbiolo\\\/#primaryimage\"},\"thumbnailUrl\":\"https:\\\/\\\/www.ivinio.com\\\/wp-content\\\/uploads\\\/2023\\\/04\\\/Taliano-Michele-Blagheur-Langhe-Nebbiolo-IVINIO.jpg\",\"datePublished\":\"2023-04-08T15:47:41+00:00\",\"dateModified\":\"2023-04-08T16:17:32+00:00\",\"description\":\"Azienda agricola Taliano Michele - Blagheur - Langhe Nebbiolo. Smaken \u00e4r fyllig och v\u00e4l underst\u00f6dd av balanserade men n\u00e4rvarande tanniner.\",\"breadcrumb\":{\"@id\":\"https:\\\/\\\/www.ivinio.com\\\/sv\\\/produkt\\\/azienda-agricola-taliano-michele-blagheur-langhe-nebbiolo\\\/#breadcrumb\"},\"inLanguage\":\"sv-SE\",\"potentialAction\":[{\"@type\":\"ReadAction\",\"target\":[\"https:\\\/\\\/www.ivinio.com\\\/sv\\\/produkt\\\/azienda-agricola-taliano-michele-blagheur-langhe-nebbiolo\\\/\"]}]},{\"@type\":\"ImageObject\",\"inLanguage\":\"sv-SE\",\"@id\":\"https:\\\/\\\/www.ivinio.com\\\/sv\\\/produkt\\\/azienda-agricola-taliano-michele-blagheur-langhe-nebbiolo\\\/#primaryimage\",\"url\":\"https:\\\/\\\/www.ivinio.com\\\/wp-content\\\/uploads\\\/2023\\\/04\\\/Taliano-Michele-Blagheur-Langhe-Nebbiolo-IVINIO.jpg\",\"contentUrl\":\"https:\\\/\\\/www.ivinio.com\\\/wp-content\\\/uploads\\\/2023\\\/04\\\/Taliano-Michele-Blagheur-Langhe-Nebbiolo-IVINIO.jpg\",\"width\":500,\"height\":500},{\"@type\":\"BreadcrumbList\",\"@id\":\"https:\\\/\\\/www.ivinio.com\\\/sv\\\/produkt\\\/azienda-agricola-taliano-michele-blagheur-langhe-nebbiolo\\\/#breadcrumb\",\"itemListElement\":[{\"@type\":\"ListItem\",\"position\":1,\"name\":\"Hem\",\"item\":\"https:\\\/\\\/www.ivinio.com\\\/sv\\\/\"},{\"@type\":\"ListItem\",\"position\":2,\"name\":\"Vinbutik\",\"item\":\"https:\\\/\\\/www.ivinio.com\\\/sv\\\/vinbutik\\\/\"},{\"@type\":\"ListItem\",\"position\":3,\"name\":\"Azienda agricola Taliano Michele &#8211; Blagheur &#8211; Langhe Nebbiolo\"}]},{\"@type\":\"WebSite\",\"@id\":\"https:\\\/\\\/www.ivinio.com\\\/sv\\\/#website\",\"url\":\"https:\\\/\\\/www.ivinio.com\\\/sv\\\/\",\"name\":\"IVINIO Vinbutik\",\"description\":\"Vin fr\u00e5n Frankrike och Italien med leverans hem till din d\u00f6rr\",\"publisher\":{\"@id\":\"https:\\\/\\\/www.ivinio.com\\\/sv\\\/#organization\"},\"potentialAction\":[{\"@type\":\"SearchAction\",\"target\":{\"@type\":\"EntryPoint\",\"urlTemplate\":\"https:\\\/\\\/www.ivinio.com\\\/sv\\\/?s={search_term_string}\"},\"query-input\":{\"@type\":\"PropertyValueSpecification\",\"valueRequired\":true,\"valueName\":\"search_term_string\"}}],\"inLanguage\":\"sv-SE\"},{\"@type\":\"Organization\",\"@id\":\"https:\\\/\\\/www.ivinio.com\\\/sv\\\/#organization\",\"name\":\"IVINIO\",\"url\":\"https:\\\/\\\/www.ivinio.com\\\/sv\\\/\",\"logo\":{\"@type\":\"ImageObject\",\"inLanguage\":\"sv-SE\",\"@id\":\"https:\\\/\\\/www.ivinio.com\\\/sv\\\/#\\\/schema\\\/logo\\\/image\\\/\",\"url\":\"https:\\\/\\\/www.ivinio.com\\\/wp-content\\\/uploads\\\/2021\\\/01\\\/Logo-Ivinio-v2.jpg\",\"contentUrl\":\"https:\\\/\\\/www.ivinio.com\\\/wp-content\\\/uploads\\\/2021\\\/01\\\/Logo-Ivinio-v2.jpg\",\"width\":1194,\"height\":1194,\"caption\":\"IVINIO\"},\"image\":{\"@id\":\"https:\\\/\\\/www.ivinio.com\\\/sv\\\/#\\\/schema\\\/logo\\\/image\\\/\"},\"sameAs\":[\"https:\\\/\\\/www.facebook.com\\\/groups\\\/165217837022391\\\/?ref=bookmarks\",\"https:\\\/\\\/www.instagram.com\\\/_ivinio_\\\/?hl=fr\"]}]}<\/script>\n<!-- \/ Yoast SEO plugin. -->","yoast_head_json":{"title":"Azienda agricola Taliano Michele - Blagheur - Langhe Nebbiolo - IVINIO Vinbutik","description":"Azienda agricola Taliano Michele - Blagheur - Langhe Nebbiolo. Smaken \u00e4r fyllig och v\u00e4l underst\u00f6dd av balanserade men n\u00e4rvarande tanniner.","robots":{"index":"index","follow":"follow","max-snippet":"max-snippet:-1","max-image-preview":"max-image-preview:large","max-video-preview":"max-video-preview:-1"},"canonical":"https:\/\/www.ivinio.com\/sv\/produkt\/azienda-agricola-taliano-michele-blagheur-langhe-nebbiolo\/","og_locale":"sv_SE","og_type":"article","og_title":"Azienda agricola Taliano Michele - Blagheur - Langhe Nebbiolo - IVINIO Vinbutik","og_description":"Azienda agricola Taliano Michele - Blagheur - Langhe Nebbiolo. Smaken \u00e4r fyllig och v\u00e4l underst\u00f6dd av balanserade men n\u00e4rvarande tanniner.","og_url":"https:\/\/www.ivinio.com\/sv\/produkt\/azienda-agricola-taliano-michele-blagheur-langhe-nebbiolo\/","og_site_name":"IVINIO Vinbutik","article_publisher":"https:\/\/www.facebook.com\/groups\/165217837022391\/?ref=bookmarks","article_modified_time":"2023-04-08T16:17:32+00:00","og_image":[{"width":500,"height":500,"url":"https:\/\/www.ivinio.com\/wp-content\/uploads\/2023\/04\/Taliano-Michele-Blagheur-Langhe-Nebbiolo-IVINIO.jpg","type":"image\/jpeg"}],"twitter_card":"summary_large_image","schema":{"@context":"https:\/\/schema.org","@graph":[{"@type":"WebPage","@id":"https:\/\/www.ivinio.com\/sv\/produkt\/azienda-agricola-taliano-michele-blagheur-langhe-nebbiolo\/","url":"https:\/\/www.ivinio.com\/sv\/produkt\/azienda-agricola-taliano-michele-blagheur-langhe-nebbiolo\/","name":"Azienda agricola Taliano Michele - Blagheur - Langhe Nebbiolo - IVINIO Vinbutik","isPartOf":{"@id":"https:\/\/www.ivinio.com\/sv\/#website"},"primaryImageOfPage":{"@id":"https:\/\/www.ivinio.com\/sv\/produkt\/azienda-agricola-taliano-michele-blagheur-langhe-nebbiolo\/#primaryimage"},"image":{"@id":"https:\/\/www.ivinio.com\/sv\/produkt\/azienda-agricola-taliano-michele-blagheur-langhe-nebbiolo\/#primaryimage"},"thumbnailUrl":"https:\/\/www.ivinio.com\/wp-content\/uploads\/2023\/04\/Taliano-Michele-Blagheur-Langhe-Nebbiolo-IVINIO.jpg","datePublished":"2023-04-08T15:47:41+00:00","dateModified":"2023-04-08T16:17:32+00:00","description":"Azienda agricola Taliano Michele - Blagheur - Langhe Nebbiolo. Smaken \u00e4r fyllig och v\u00e4l underst\u00f6dd av balanserade men n\u00e4rvarande tanniner.","breadcrumb":{"@id":"https:\/\/www.ivinio.com\/sv\/produkt\/azienda-agricola-taliano-michele-blagheur-langhe-nebbiolo\/#breadcrumb"},"inLanguage":"sv-SE","potentialAction":[{"@type":"ReadAction","target":["https:\/\/www.ivinio.com\/sv\/produkt\/azienda-agricola-taliano-michele-blagheur-langhe-nebbiolo\/"]}]},{"@type":"ImageObject","inLanguage":"sv-SE","@id":"https:\/\/www.ivinio.com\/sv\/produkt\/azienda-agricola-taliano-michele-blagheur-langhe-nebbiolo\/#primaryimage","url":"https:\/\/www.ivinio.com\/wp-content\/uploads\/2023\/04\/Taliano-Michele-Blagheur-Langhe-Nebbiolo-IVINIO.jpg","contentUrl":"https:\/\/www.ivinio.com\/wp-content\/uploads\/2023\/04\/Taliano-Michele-Blagheur-Langhe-Nebbiolo-IVINIO.jpg","width":500,"height":500},{"@type":"BreadcrumbList","@id":"https:\/\/www.ivinio.com\/sv\/produkt\/azienda-agricola-taliano-michele-blagheur-langhe-nebbiolo\/#breadcrumb","itemListElement":[{"@type":"ListItem","position":1,"name":"Hem","item":"https:\/\/www.ivinio.com\/sv\/"},{"@type":"ListItem","position":2,"name":"Vinbutik","item":"https:\/\/www.ivinio.com\/sv\/vinbutik\/"},{"@type":"ListItem","position":3,"name":"Azienda agricola Taliano Michele &#8211; Blagheur &#8211; Langhe Nebbiolo"}]},{"@type":"WebSite","@id":"https:\/\/www.ivinio.com\/sv\/#website","url":"https:\/\/www.ivinio.com\/sv\/","name":"IVINIO Vinbutik","description":"Vin fr\u00e5n Frankrike och Italien med leverans hem till din d\u00f6rr","publisher":{"@id":"https:\/\/www.ivinio.com\/sv\/#organization"},"potentialAction":[{"@type":"SearchAction","target":{"@type":"EntryPoint","urlTemplate":"https:\/\/www.ivinio.com\/sv\/?s={search_term_string}"},"query-input":{"@type":"PropertyValueSpecification","valueRequired":true,"valueName":"search_term_string"}}],"inLanguage":"sv-SE"},{"@type":"Organization","@id":"https:\/\/www.ivinio.com\/sv\/#organization","name":"IVINIO","url":"https:\/\/www.ivinio.com\/sv\/","logo":{"@type":"ImageObject","inLanguage":"sv-SE","@id":"https:\/\/www.ivinio.com\/sv\/#\/schema\/logo\/image\/","url":"https:\/\/www.ivinio.com\/wp-content\/uploads\/2021\/01\/Logo-Ivinio-v2.jpg","contentUrl":"https:\/\/www.ivinio.com\/wp-content\/uploads\/2021\/01\/Logo-Ivinio-v2.jpg","width":1194,"height":1194,"caption":"IVINIO"},"image":{"@id":"https:\/\/www.ivinio.com\/sv\/#\/schema\/logo\/image\/"},"sameAs":["https:\/\/www.facebook.com\/groups\/165217837022391\/?ref=bookmarks","https:\/\/www.instagram.com\/_ivinio_\/?hl=fr"]}]}},"jetpack_sharing_enabled":true,"_links":{"self":[{"href":"https:\/\/www.ivinio.com\/sv\/wp-json\/wp\/v2\/product\/132749","targetHints":{"allow":["GET"]}}],"collection":[{"href":"https:\/\/www.ivinio.com\/sv\/wp-json\/wp\/v2\/product"}],"about":[{"href":"https:\/\/www.ivinio.com\/sv\/wp-json\/wp\/v2\/types\/product"}],"replies":[{"embeddable":true,"href":"https:\/\/www.ivinio.com\/sv\/wp-json\/wp\/v2\/comments?post=132749"}],"wp:featuredmedia":[{"embeddable":true,"href":"https:\/\/www.ivinio.com\/sv\/wp-json\/wp\/v2\/media\/132750"}],"wp:attachment":[{"href":"https:\/\/www.ivinio.com\/sv\/wp-json\/wp\/v2\/media?parent=132749"}],"wp:term":[{"taxonomy":"product_brand","embeddable":true,"href":"https:\/\/www.ivinio.com\/sv\/wp-json\/wp\/v2\/product_brand?post=132749"},{"taxonomy":"product_cat","embeddable":true,"href":"https:\/\/www.ivinio.com\/sv\/wp-json\/wp\/v2\/product_cat?post=132749"},{"taxonomy":"product_tag","embeddable":true,"href":"https:\/\/www.ivinio.com\/sv\/wp-json\/wp\/v2\/product_tag?post=132749"}],"curies":[{"name":"wp","href":"https:\/\/api.w.org\/{rel}","templated":true}]}}