{"id":132745,"date":"2023-04-07T19:23:17","date_gmt":"2023-04-07T17:23:17","guid":{"rendered":"https:\/\/www.ivinio.com\/?post_type=product&#038;p=132745"},"modified":"2023-06-02T16:18:40","modified_gmt":"2023-06-02T14:18:40","slug":"luciano-sandrone-valmaggiore-nebbiolo-dalba-rod","status":"publish","type":"product","link":"https:\/\/www.ivinio.com\/sv\/produkt\/luciano-sandrone-valmaggiore-nebbiolo-dalba-rod\/","title":{"rendered":"Luciano Sandrone &#8211; Valmaggiore &#8211; Nebbiolo d&#8217;Alba &#8211; R\u00f6d"},"content":{"rendered":"<p>Luciano Sandrone &#8211; Valmaggiore &#8211; Nebbiolo d&#8217;Alba &#8211; R\u00f6dvin framst\u00e4lls av 100 % Nebbiolo-druvor fr\u00e5n Roero-distriktet. Druvorna odlas p\u00e5 kullen Valmaggiore i sydlig riktning i staden Vezza d&#8217;Alba, p\u00e5 v\u00e4nstra stranden av floden Tanaro. J\u00e4sningen g\u00f6rs fr\u00e5n naturlig j\u00e4st i \u00f6ppna st\u00e5ltankar. Den malolaktiska j\u00e4sning och lagringen g\u00f6rs i franska ekfat om 500 liter. Vinet lagras sedan p\u00e5 flaska i ytterligare 9 m\u00e5nader innan den sl\u00e4pps.<\/p>\n","protected":false},"excerpt":{"rendered":"<p>En fyllig och elegant Nebbiolo d&#8217;Alba med strukturerad smak och med r\u00f6da k\u00f6rsb\u00e4rs- och bj\u00f6rnb\u00e4rsaromer.<\/p>\n","protected":false},"featured_media":132746,"comment_status":"open","ping_status":"closed","template":"","meta":{"_monsterinsights_skip_tracking":false,"_monsterinsights_sitenote_active":false,"_monsterinsights_sitenote_note":"","_monsterinsights_sitenote_category":0,"_uf_show_specific_survey":0,"_uf_disable_surveys":false},"product_brand":[],"product_cat":[36591,36600],"product_tag":[],"class_list":{"0":"post-132745","1":"product","2":"type-product","3":"status-publish","4":"has-post-thumbnail","6":"product_cat-italienska-viner","7":"product_cat-sv-piemonte","8":"pa_alcohol-degree-14-sv","9":"pa_awards-the-wine-advocate","10":"pa_awards-vinous-antonio-galloni-sv","11":"pa_awards-wine-spectator","12":"pa_color-rod-sv","13":"pa_country-italien-sv","14":"pa_grape-variety-nebbiolo-sv","15":"pa_region-piemonte-sv","16":"pa_storage-potential-mer-an-10-ar-sv","17":"pa_vintage-2019-sv","18":"pa_volume-75-cl-sv","20":"first","21":"instock","22":"taxable","23":"shipping-taxable","24":"purchasable","25":"product-type-simple"},"bundled_by":[],"bundle_stock_status":"instock","bundle_stock_quantity":null,"bundle_virtual":false,"bundle_layout":"","bundle_add_to_cart_form_location":"","bundle_editable_in_cart":false,"bundle_sold_individually_context":"","bundle_item_grouping":"","bundle_min_size":"","bundle_max_size":"","bundle_price":[],"bundled_items":[],"bundle_sell_ids":[],"yoast_head":"<!-- This site is optimized with the Yoast SEO plugin v27.5 - https:\/\/yoast.com\/product\/yoast-seo-wordpress\/ -->\n<title>Luciano Sandrone - Valmaggiore - Nebbiolo d&#039;Alba - R\u00f6dvin - IVINIO Vinbutik<\/title>\n<meta name=\"description\" content=\"Luciano Sandrone - Valmaggiore - Nebbiolo d&#039;Alba - R\u00f6dvin. Fylligt och elegant, Smaken \u00e4r strukturerad med r\u00f6da k\u00f6rsb\u00e4rs- och bj\u00f6rnb\u00e4rsaromer.\" \/>\n<meta name=\"robots\" content=\"index, follow, max-snippet:-1, max-image-preview:large, max-video-preview:-1\" \/>\n<link rel=\"canonical\" href=\"https:\/\/www.ivinio.com\/sv\/produkt\/luciano-sandrone-valmaggiore-nebbiolo-dalba-rod\/\" \/>\n<meta property=\"og:locale\" content=\"sv_SE\" \/>\n<meta property=\"og:type\" content=\"article\" \/>\n<meta property=\"og:title\" content=\"Luciano Sandrone - Valmaggiore - Nebbiolo d&#039;Alba - R\u00f6dvin - IVINIO Vinbutik\" \/>\n<meta property=\"og:description\" content=\"Luciano Sandrone - Valmaggiore - Nebbiolo d&#039;Alba - R\u00f6dvin. Fylligt och elegant, Smaken \u00e4r strukturerad med r\u00f6da k\u00f6rsb\u00e4rs- och bj\u00f6rnb\u00e4rsaromer.\" \/>\n<meta property=\"og:url\" content=\"https:\/\/www.ivinio.com\/sv\/produkt\/luciano-sandrone-valmaggiore-nebbiolo-dalba-rod\/\" \/>\n<meta property=\"og:site_name\" content=\"IVINIO Vinbutik\" \/>\n<meta property=\"article:publisher\" content=\"https:\/\/www.facebook.com\/groups\/165217837022391\/?ref=bookmarks\" \/>\n<meta property=\"article:modified_time\" content=\"2023-06-02T14:18:40+00:00\" \/>\n<meta property=\"og:image\" content=\"https:\/\/www.ivinio.com\/wp-content\/uploads\/2023\/04\/Luciano-Sandrone-Valmaggiore-Nebbiolo-dAlba-IVINIO.jpg\" \/>\n\t<meta property=\"og:image:width\" content=\"500\" \/>\n\t<meta property=\"og:image:height\" content=\"500\" \/>\n\t<meta property=\"og:image:type\" content=\"image\/jpeg\" \/>\n<meta name=\"twitter:card\" content=\"summary_large_image\" \/>\n<script type=\"application\/ld+json\" class=\"yoast-schema-graph\">{\"@context\":\"https:\\\/\\\/schema.org\",\"@graph\":[{\"@type\":\"WebPage\",\"@id\":\"https:\\\/\\\/www.ivinio.com\\\/sv\\\/produkt\\\/luciano-sandrone-valmaggiore-nebbiolo-dalba-rod\\\/\",\"url\":\"https:\\\/\\\/www.ivinio.com\\\/sv\\\/produkt\\\/luciano-sandrone-valmaggiore-nebbiolo-dalba-rod\\\/\",\"name\":\"Luciano Sandrone - Valmaggiore - Nebbiolo d'Alba - R\u00f6dvin - IVINIO Vinbutik\",\"isPartOf\":{\"@id\":\"https:\\\/\\\/www.ivinio.com\\\/sv\\\/#website\"},\"primaryImageOfPage\":{\"@id\":\"https:\\\/\\\/www.ivinio.com\\\/sv\\\/produkt\\\/luciano-sandrone-valmaggiore-nebbiolo-dalba-rod\\\/#primaryimage\"},\"image\":{\"@id\":\"https:\\\/\\\/www.ivinio.com\\\/sv\\\/produkt\\\/luciano-sandrone-valmaggiore-nebbiolo-dalba-rod\\\/#primaryimage\"},\"thumbnailUrl\":\"https:\\\/\\\/www.ivinio.com\\\/wp-content\\\/uploads\\\/2023\\\/04\\\/Luciano-Sandrone-Valmaggiore-Nebbiolo-dAlba-IVINIO.jpg\",\"datePublished\":\"2023-04-07T17:23:17+00:00\",\"dateModified\":\"2023-06-02T14:18:40+00:00\",\"description\":\"Luciano Sandrone - Valmaggiore - Nebbiolo d'Alba - R\u00f6dvin. Fylligt och elegant, Smaken \u00e4r strukturerad med r\u00f6da k\u00f6rsb\u00e4rs- och bj\u00f6rnb\u00e4rsaromer.\",\"breadcrumb\":{\"@id\":\"https:\\\/\\\/www.ivinio.com\\\/sv\\\/produkt\\\/luciano-sandrone-valmaggiore-nebbiolo-dalba-rod\\\/#breadcrumb\"},\"inLanguage\":\"sv-SE\",\"potentialAction\":[{\"@type\":\"ReadAction\",\"target\":[\"https:\\\/\\\/www.ivinio.com\\\/sv\\\/produkt\\\/luciano-sandrone-valmaggiore-nebbiolo-dalba-rod\\\/\"]}]},{\"@type\":\"ImageObject\",\"inLanguage\":\"sv-SE\",\"@id\":\"https:\\\/\\\/www.ivinio.com\\\/sv\\\/produkt\\\/luciano-sandrone-valmaggiore-nebbiolo-dalba-rod\\\/#primaryimage\",\"url\":\"https:\\\/\\\/www.ivinio.com\\\/wp-content\\\/uploads\\\/2023\\\/04\\\/Luciano-Sandrone-Valmaggiore-Nebbiolo-dAlba-IVINIO.jpg\",\"contentUrl\":\"https:\\\/\\\/www.ivinio.com\\\/wp-content\\\/uploads\\\/2023\\\/04\\\/Luciano-Sandrone-Valmaggiore-Nebbiolo-dAlba-IVINIO.jpg\",\"width\":500,\"height\":500},{\"@type\":\"BreadcrumbList\",\"@id\":\"https:\\\/\\\/www.ivinio.com\\\/sv\\\/produkt\\\/luciano-sandrone-valmaggiore-nebbiolo-dalba-rod\\\/#breadcrumb\",\"itemListElement\":[{\"@type\":\"ListItem\",\"position\":1,\"name\":\"Hem\",\"item\":\"https:\\\/\\\/www.ivinio.com\\\/sv\\\/\"},{\"@type\":\"ListItem\",\"position\":2,\"name\":\"Vinbutik\",\"item\":\"https:\\\/\\\/www.ivinio.com\\\/sv\\\/vinbutik\\\/\"},{\"@type\":\"ListItem\",\"position\":3,\"name\":\"Luciano Sandrone &#8211; Valmaggiore &#8211; Nebbiolo d&#8217;Alba &#8211; R\u00f6d\"}]},{\"@type\":\"WebSite\",\"@id\":\"https:\\\/\\\/www.ivinio.com\\\/sv\\\/#website\",\"url\":\"https:\\\/\\\/www.ivinio.com\\\/sv\\\/\",\"name\":\"IVINIO Vinbutik\",\"description\":\"Vin fr\u00e5n Frankrike och Italien med leverans hem till din d\u00f6rr\",\"publisher\":{\"@id\":\"https:\\\/\\\/www.ivinio.com\\\/sv\\\/#organization\"},\"potentialAction\":[{\"@type\":\"SearchAction\",\"target\":{\"@type\":\"EntryPoint\",\"urlTemplate\":\"https:\\\/\\\/www.ivinio.com\\\/sv\\\/?s={search_term_string}\"},\"query-input\":{\"@type\":\"PropertyValueSpecification\",\"valueRequired\":true,\"valueName\":\"search_term_string\"}}],\"inLanguage\":\"sv-SE\"},{\"@type\":\"Organization\",\"@id\":\"https:\\\/\\\/www.ivinio.com\\\/sv\\\/#organization\",\"name\":\"IVINIO\",\"url\":\"https:\\\/\\\/www.ivinio.com\\\/sv\\\/\",\"logo\":{\"@type\":\"ImageObject\",\"inLanguage\":\"sv-SE\",\"@id\":\"https:\\\/\\\/www.ivinio.com\\\/sv\\\/#\\\/schema\\\/logo\\\/image\\\/\",\"url\":\"https:\\\/\\\/www.ivinio.com\\\/wp-content\\\/uploads\\\/2021\\\/01\\\/Logo-Ivinio-v2.jpg\",\"contentUrl\":\"https:\\\/\\\/www.ivinio.com\\\/wp-content\\\/uploads\\\/2021\\\/01\\\/Logo-Ivinio-v2.jpg\",\"width\":1194,\"height\":1194,\"caption\":\"IVINIO\"},\"image\":{\"@id\":\"https:\\\/\\\/www.ivinio.com\\\/sv\\\/#\\\/schema\\\/logo\\\/image\\\/\"},\"sameAs\":[\"https:\\\/\\\/www.facebook.com\\\/groups\\\/165217837022391\\\/?ref=bookmarks\",\"https:\\\/\\\/www.instagram.com\\\/_ivinio_\\\/?hl=fr\"]}]}<\/script>\n<!-- \/ Yoast SEO plugin. -->","yoast_head_json":{"title":"Luciano Sandrone - Valmaggiore - Nebbiolo d'Alba - R\u00f6dvin - IVINIO Vinbutik","description":"Luciano Sandrone - Valmaggiore - Nebbiolo d'Alba - R\u00f6dvin. Fylligt och elegant, Smaken \u00e4r strukturerad med r\u00f6da k\u00f6rsb\u00e4rs- och bj\u00f6rnb\u00e4rsaromer.","robots":{"index":"index","follow":"follow","max-snippet":"max-snippet:-1","max-image-preview":"max-image-preview:large","max-video-preview":"max-video-preview:-1"},"canonical":"https:\/\/www.ivinio.com\/sv\/produkt\/luciano-sandrone-valmaggiore-nebbiolo-dalba-rod\/","og_locale":"sv_SE","og_type":"article","og_title":"Luciano Sandrone - Valmaggiore - Nebbiolo d'Alba - R\u00f6dvin - IVINIO Vinbutik","og_description":"Luciano Sandrone - Valmaggiore - Nebbiolo d'Alba - R\u00f6dvin. Fylligt och elegant, Smaken \u00e4r strukturerad med r\u00f6da k\u00f6rsb\u00e4rs- och bj\u00f6rnb\u00e4rsaromer.","og_url":"https:\/\/www.ivinio.com\/sv\/produkt\/luciano-sandrone-valmaggiore-nebbiolo-dalba-rod\/","og_site_name":"IVINIO Vinbutik","article_publisher":"https:\/\/www.facebook.com\/groups\/165217837022391\/?ref=bookmarks","article_modified_time":"2023-06-02T14:18:40+00:00","og_image":[{"width":500,"height":500,"url":"https:\/\/www.ivinio.com\/wp-content\/uploads\/2023\/04\/Luciano-Sandrone-Valmaggiore-Nebbiolo-dAlba-IVINIO.jpg","type":"image\/jpeg"}],"twitter_card":"summary_large_image","schema":{"@context":"https:\/\/schema.org","@graph":[{"@type":"WebPage","@id":"https:\/\/www.ivinio.com\/sv\/produkt\/luciano-sandrone-valmaggiore-nebbiolo-dalba-rod\/","url":"https:\/\/www.ivinio.com\/sv\/produkt\/luciano-sandrone-valmaggiore-nebbiolo-dalba-rod\/","name":"Luciano Sandrone - Valmaggiore - Nebbiolo d'Alba - R\u00f6dvin - IVINIO Vinbutik","isPartOf":{"@id":"https:\/\/www.ivinio.com\/sv\/#website"},"primaryImageOfPage":{"@id":"https:\/\/www.ivinio.com\/sv\/produkt\/luciano-sandrone-valmaggiore-nebbiolo-dalba-rod\/#primaryimage"},"image":{"@id":"https:\/\/www.ivinio.com\/sv\/produkt\/luciano-sandrone-valmaggiore-nebbiolo-dalba-rod\/#primaryimage"},"thumbnailUrl":"https:\/\/www.ivinio.com\/wp-content\/uploads\/2023\/04\/Luciano-Sandrone-Valmaggiore-Nebbiolo-dAlba-IVINIO.jpg","datePublished":"2023-04-07T17:23:17+00:00","dateModified":"2023-06-02T14:18:40+00:00","description":"Luciano Sandrone - Valmaggiore - Nebbiolo d'Alba - R\u00f6dvin. Fylligt och elegant, Smaken \u00e4r strukturerad med r\u00f6da k\u00f6rsb\u00e4rs- och bj\u00f6rnb\u00e4rsaromer.","breadcrumb":{"@id":"https:\/\/www.ivinio.com\/sv\/produkt\/luciano-sandrone-valmaggiore-nebbiolo-dalba-rod\/#breadcrumb"},"inLanguage":"sv-SE","potentialAction":[{"@type":"ReadAction","target":["https:\/\/www.ivinio.com\/sv\/produkt\/luciano-sandrone-valmaggiore-nebbiolo-dalba-rod\/"]}]},{"@type":"ImageObject","inLanguage":"sv-SE","@id":"https:\/\/www.ivinio.com\/sv\/produkt\/luciano-sandrone-valmaggiore-nebbiolo-dalba-rod\/#primaryimage","url":"https:\/\/www.ivinio.com\/wp-content\/uploads\/2023\/04\/Luciano-Sandrone-Valmaggiore-Nebbiolo-dAlba-IVINIO.jpg","contentUrl":"https:\/\/www.ivinio.com\/wp-content\/uploads\/2023\/04\/Luciano-Sandrone-Valmaggiore-Nebbiolo-dAlba-IVINIO.jpg","width":500,"height":500},{"@type":"BreadcrumbList","@id":"https:\/\/www.ivinio.com\/sv\/produkt\/luciano-sandrone-valmaggiore-nebbiolo-dalba-rod\/#breadcrumb","itemListElement":[{"@type":"ListItem","position":1,"name":"Hem","item":"https:\/\/www.ivinio.com\/sv\/"},{"@type":"ListItem","position":2,"name":"Vinbutik","item":"https:\/\/www.ivinio.com\/sv\/vinbutik\/"},{"@type":"ListItem","position":3,"name":"Luciano Sandrone &#8211; Valmaggiore &#8211; Nebbiolo d&#8217;Alba &#8211; R\u00f6d"}]},{"@type":"WebSite","@id":"https:\/\/www.ivinio.com\/sv\/#website","url":"https:\/\/www.ivinio.com\/sv\/","name":"IVINIO Vinbutik","description":"Vin fr\u00e5n Frankrike och Italien med leverans hem till din d\u00f6rr","publisher":{"@id":"https:\/\/www.ivinio.com\/sv\/#organization"},"potentialAction":[{"@type":"SearchAction","target":{"@type":"EntryPoint","urlTemplate":"https:\/\/www.ivinio.com\/sv\/?s={search_term_string}"},"query-input":{"@type":"PropertyValueSpecification","valueRequired":true,"valueName":"search_term_string"}}],"inLanguage":"sv-SE"},{"@type":"Organization","@id":"https:\/\/www.ivinio.com\/sv\/#organization","name":"IVINIO","url":"https:\/\/www.ivinio.com\/sv\/","logo":{"@type":"ImageObject","inLanguage":"sv-SE","@id":"https:\/\/www.ivinio.com\/sv\/#\/schema\/logo\/image\/","url":"https:\/\/www.ivinio.com\/wp-content\/uploads\/2021\/01\/Logo-Ivinio-v2.jpg","contentUrl":"https:\/\/www.ivinio.com\/wp-content\/uploads\/2021\/01\/Logo-Ivinio-v2.jpg","width":1194,"height":1194,"caption":"IVINIO"},"image":{"@id":"https:\/\/www.ivinio.com\/sv\/#\/schema\/logo\/image\/"},"sameAs":["https:\/\/www.facebook.com\/groups\/165217837022391\/?ref=bookmarks","https:\/\/www.instagram.com\/_ivinio_\/?hl=fr"]}]}},"jetpack_sharing_enabled":true,"_links":{"self":[{"href":"https:\/\/www.ivinio.com\/sv\/wp-json\/wp\/v2\/product\/132745","targetHints":{"allow":["GET"]}}],"collection":[{"href":"https:\/\/www.ivinio.com\/sv\/wp-json\/wp\/v2\/product"}],"about":[{"href":"https:\/\/www.ivinio.com\/sv\/wp-json\/wp\/v2\/types\/product"}],"replies":[{"embeddable":true,"href":"https:\/\/www.ivinio.com\/sv\/wp-json\/wp\/v2\/comments?post=132745"}],"wp:featuredmedia":[{"embeddable":true,"href":"https:\/\/www.ivinio.com\/sv\/wp-json\/wp\/v2\/media\/132746"}],"wp:attachment":[{"href":"https:\/\/www.ivinio.com\/sv\/wp-json\/wp\/v2\/media?parent=132745"}],"wp:term":[{"taxonomy":"product_brand","embeddable":true,"href":"https:\/\/www.ivinio.com\/sv\/wp-json\/wp\/v2\/product_brand?post=132745"},{"taxonomy":"product_cat","embeddable":true,"href":"https:\/\/www.ivinio.com\/sv\/wp-json\/wp\/v2\/product_cat?post=132745"},{"taxonomy":"product_tag","embeddable":true,"href":"https:\/\/www.ivinio.com\/sv\/wp-json\/wp\/v2\/product_tag?post=132745"}],"curies":[{"name":"wp","href":"https:\/\/api.w.org\/{rel}","templated":true}]}}