{"id":132740,"date":"2023-04-07T17:45:54","date_gmt":"2023-04-07T15:45:54","guid":{"rendered":"https:\/\/www.ivinio.com\/?post_type=product&#038;p=132740"},"modified":"2023-04-07T18:03:40","modified_gmt":"2023-04-07T16:03:40","slug":"vietti-perbacco-langhe-nebbiolo-rod","status":"publish","type":"product","link":"https:\/\/www.ivinio.com\/sv\/produkt\/vietti-perbacco-langhe-nebbiolo-rod\/","title":{"rendered":"Vietti &#8211; Perbacco &#8211; Langhe Nebbiolo &#8211; R\u00f6d"},"content":{"rendered":"<p>Vietti &#8211; Perbacco &#8211; Langhe Nebbiolo &#8211; R\u00f6dvin framst\u00e4lls av 100 % Nebbiolo-druvor. Vinifieringen g\u00f6rs huvudsakligen av druvor fr\u00e5n olika vinodlingar med Nebbiolo da Barolo och Nebbiolo da Barbaresco. J\u00e4sningen varar i ca 3-4 veckor vid en temperatur p\u00e5 28\u00b0-32\u00b0C. D\u00e4refter f\u00f6ljer den malolaktiska j\u00e4sningen i st\u00e5ltankar och\/eller i barriquer. Efter den malolaktiska j\u00e4sningen lagras vinet vidare i tr\u00e4 (barriquer och stora fat) i ca 18\/20 m\u00e5nader innan det s\u00e4ttas samman i st\u00e5ltankar f\u00f6r tappning. Druvorna fr\u00e5n de olika odlingarna \u00e4r vinifierade och lagrade separat fram tills dess att \u00e5rets Langhe-vin ska v\u00e4ljas ut. De \u00f6vriga vinerna lagras vidare f\u00f6r att bli Barolo Castiglione.<\/p>\n","protected":false},"excerpt":{"rendered":"<p>En Nebbiolo med med inslag av mynta, kryddor och sm\u00e5godis. Smaken \u00e4r rund och fruktig med eleganta tanniner.<\/p>\n","protected":false},"featured_media":132742,"comment_status":"open","ping_status":"closed","template":"","meta":{"_monsterinsights_skip_tracking":false,"_monsterinsights_sitenote_active":false,"_monsterinsights_sitenote_note":"","_monsterinsights_sitenote_category":0,"_uf_show_specific_survey":0,"_uf_disable_surveys":false},"product_brand":[],"product_cat":[36591,36600],"product_tag":[],"class_list":{"0":"post-132740","1":"product","2":"type-product","3":"status-publish","4":"has-post-thumbnail","6":"product_cat-italienska-viner","7":"product_cat-sv-piemonte","8":"pa_alcohol-degree-14-sv","9":"pa_classification-doc-langhe-nebbiolo-sv","10":"pa_color-rod-sv","11":"pa_country-italien-sv","12":"pa_grape-variety-nebbiolo-sv","13":"pa_region-piemonte-sv","14":"pa_storage-potential-8-ar","15":"pa_vintage-39899","16":"pa_volume-75-cl-sv","18":"first","19":"instock","20":"taxable","21":"shipping-taxable","22":"purchasable","23":"product-type-simple"},"bundled_by":[],"bundle_stock_status":"instock","bundle_stock_quantity":null,"bundle_virtual":false,"bundle_layout":"","bundle_add_to_cart_form_location":"","bundle_editable_in_cart":false,"bundle_sold_individually_context":"","bundle_item_grouping":"","bundle_min_size":"","bundle_max_size":"","bundle_price":[],"bundled_items":[],"bundle_sell_ids":[],"yoast_head":"<!-- This site is optimized with the Yoast SEO plugin v27.5 - https:\/\/yoast.com\/product\/yoast-seo-wordpress\/ -->\n<title>Vietti - Perbacco - Langhe Nebbiolo - R\u00f6dvin - IVINIO Vinbutik<\/title>\n<meta name=\"description\" content=\"Vietti - Perbacco - Langhe Nebbiolo - R\u00f6dvin. En fruktig doft med inslag av mynta, kryddor och sm\u00e5godis. Smaken \u00e4r rund och fruktig med eleganta tanniner.\" \/>\n<meta name=\"robots\" content=\"index, follow, max-snippet:-1, max-image-preview:large, max-video-preview:-1\" \/>\n<link rel=\"canonical\" href=\"https:\/\/www.ivinio.com\/sv\/produkt\/vietti-perbacco-langhe-nebbiolo-rod\/\" \/>\n<meta property=\"og:locale\" content=\"sv_SE\" \/>\n<meta property=\"og:type\" content=\"article\" \/>\n<meta property=\"og:title\" content=\"Vietti - Perbacco - Langhe Nebbiolo - R\u00f6dvin - IVINIO Vinbutik\" \/>\n<meta property=\"og:description\" content=\"Vietti - Perbacco - Langhe Nebbiolo - R\u00f6dvin. En fruktig doft med inslag av mynta, kryddor och sm\u00e5godis. Smaken \u00e4r rund och fruktig med eleganta tanniner.\" \/>\n<meta property=\"og:url\" content=\"https:\/\/www.ivinio.com\/sv\/produkt\/vietti-perbacco-langhe-nebbiolo-rod\/\" \/>\n<meta property=\"og:site_name\" content=\"IVINIO Vinbutik\" \/>\n<meta property=\"article:publisher\" content=\"https:\/\/www.facebook.com\/groups\/165217837022391\/?ref=bookmarks\" \/>\n<meta property=\"article:modified_time\" content=\"2023-04-07T16:03:40+00:00\" \/>\n<meta property=\"og:image\" content=\"https:\/\/www.ivinio.com\/wp-content\/uploads\/2023\/04\/Vietti-Perbacco-langhe-nebbiolo-IVINIO.jpg\" \/>\n\t<meta property=\"og:image:width\" content=\"500\" \/>\n\t<meta property=\"og:image:height\" content=\"500\" \/>\n\t<meta property=\"og:image:type\" content=\"image\/jpeg\" \/>\n<meta name=\"twitter:card\" content=\"summary_large_image\" \/>\n<meta name=\"twitter:label1\" content=\"Ber\u00e4knad l\u00e4stid\" \/>\n\t<meta name=\"twitter:data1\" content=\"1 minut\" \/>\n<script type=\"application\/ld+json\" class=\"yoast-schema-graph\">{\"@context\":\"https:\\\/\\\/schema.org\",\"@graph\":[{\"@type\":\"WebPage\",\"@id\":\"https:\\\/\\\/www.ivinio.com\\\/sv\\\/produkt\\\/vietti-perbacco-langhe-nebbiolo-rod\\\/\",\"url\":\"https:\\\/\\\/www.ivinio.com\\\/sv\\\/produkt\\\/vietti-perbacco-langhe-nebbiolo-rod\\\/\",\"name\":\"Vietti - Perbacco - Langhe Nebbiolo - R\u00f6dvin - IVINIO Vinbutik\",\"isPartOf\":{\"@id\":\"https:\\\/\\\/www.ivinio.com\\\/sv\\\/#website\"},\"primaryImageOfPage\":{\"@id\":\"https:\\\/\\\/www.ivinio.com\\\/sv\\\/produkt\\\/vietti-perbacco-langhe-nebbiolo-rod\\\/#primaryimage\"},\"image\":{\"@id\":\"https:\\\/\\\/www.ivinio.com\\\/sv\\\/produkt\\\/vietti-perbacco-langhe-nebbiolo-rod\\\/#primaryimage\"},\"thumbnailUrl\":\"https:\\\/\\\/www.ivinio.com\\\/wp-content\\\/uploads\\\/2023\\\/04\\\/Vietti-Perbacco-langhe-nebbiolo-IVINIO.jpg\",\"datePublished\":\"2023-04-07T15:45:54+00:00\",\"dateModified\":\"2023-04-07T16:03:40+00:00\",\"description\":\"Vietti - Perbacco - Langhe Nebbiolo - R\u00f6dvin. En fruktig doft med inslag av mynta, kryddor och sm\u00e5godis. Smaken \u00e4r rund och fruktig med eleganta tanniner.\",\"breadcrumb\":{\"@id\":\"https:\\\/\\\/www.ivinio.com\\\/sv\\\/produkt\\\/vietti-perbacco-langhe-nebbiolo-rod\\\/#breadcrumb\"},\"inLanguage\":\"sv-SE\",\"potentialAction\":[{\"@type\":\"ReadAction\",\"target\":[\"https:\\\/\\\/www.ivinio.com\\\/sv\\\/produkt\\\/vietti-perbacco-langhe-nebbiolo-rod\\\/\"]}]},{\"@type\":\"ImageObject\",\"inLanguage\":\"sv-SE\",\"@id\":\"https:\\\/\\\/www.ivinio.com\\\/sv\\\/produkt\\\/vietti-perbacco-langhe-nebbiolo-rod\\\/#primaryimage\",\"url\":\"https:\\\/\\\/www.ivinio.com\\\/wp-content\\\/uploads\\\/2023\\\/04\\\/Vietti-Perbacco-langhe-nebbiolo-IVINIO.jpg\",\"contentUrl\":\"https:\\\/\\\/www.ivinio.com\\\/wp-content\\\/uploads\\\/2023\\\/04\\\/Vietti-Perbacco-langhe-nebbiolo-IVINIO.jpg\",\"width\":500,\"height\":500},{\"@type\":\"BreadcrumbList\",\"@id\":\"https:\\\/\\\/www.ivinio.com\\\/sv\\\/produkt\\\/vietti-perbacco-langhe-nebbiolo-rod\\\/#breadcrumb\",\"itemListElement\":[{\"@type\":\"ListItem\",\"position\":1,\"name\":\"Hem\",\"item\":\"https:\\\/\\\/www.ivinio.com\\\/sv\\\/\"},{\"@type\":\"ListItem\",\"position\":2,\"name\":\"Vinbutik\",\"item\":\"https:\\\/\\\/www.ivinio.com\\\/sv\\\/vinbutik\\\/\"},{\"@type\":\"ListItem\",\"position\":3,\"name\":\"Vietti &#8211; Perbacco &#8211; Langhe Nebbiolo &#8211; R\u00f6d\"}]},{\"@type\":\"WebSite\",\"@id\":\"https:\\\/\\\/www.ivinio.com\\\/sv\\\/#website\",\"url\":\"https:\\\/\\\/www.ivinio.com\\\/sv\\\/\",\"name\":\"IVINIO Vinbutik\",\"description\":\"Vin fr\u00e5n Frankrike och Italien med leverans hem till din d\u00f6rr\",\"publisher\":{\"@id\":\"https:\\\/\\\/www.ivinio.com\\\/sv\\\/#organization\"},\"potentialAction\":[{\"@type\":\"SearchAction\",\"target\":{\"@type\":\"EntryPoint\",\"urlTemplate\":\"https:\\\/\\\/www.ivinio.com\\\/sv\\\/?s={search_term_string}\"},\"query-input\":{\"@type\":\"PropertyValueSpecification\",\"valueRequired\":true,\"valueName\":\"search_term_string\"}}],\"inLanguage\":\"sv-SE\"},{\"@type\":\"Organization\",\"@id\":\"https:\\\/\\\/www.ivinio.com\\\/sv\\\/#organization\",\"name\":\"IVINIO\",\"url\":\"https:\\\/\\\/www.ivinio.com\\\/sv\\\/\",\"logo\":{\"@type\":\"ImageObject\",\"inLanguage\":\"sv-SE\",\"@id\":\"https:\\\/\\\/www.ivinio.com\\\/sv\\\/#\\\/schema\\\/logo\\\/image\\\/\",\"url\":\"https:\\\/\\\/www.ivinio.com\\\/wp-content\\\/uploads\\\/2021\\\/01\\\/Logo-Ivinio-v2.jpg\",\"contentUrl\":\"https:\\\/\\\/www.ivinio.com\\\/wp-content\\\/uploads\\\/2021\\\/01\\\/Logo-Ivinio-v2.jpg\",\"width\":1194,\"height\":1194,\"caption\":\"IVINIO\"},\"image\":{\"@id\":\"https:\\\/\\\/www.ivinio.com\\\/sv\\\/#\\\/schema\\\/logo\\\/image\\\/\"},\"sameAs\":[\"https:\\\/\\\/www.facebook.com\\\/groups\\\/165217837022391\\\/?ref=bookmarks\",\"https:\\\/\\\/www.instagram.com\\\/_ivinio_\\\/?hl=fr\"]}]}<\/script>\n<!-- \/ Yoast SEO plugin. -->","yoast_head_json":{"title":"Vietti - Perbacco - Langhe Nebbiolo - R\u00f6dvin - IVINIO Vinbutik","description":"Vietti - Perbacco - Langhe Nebbiolo - R\u00f6dvin. En fruktig doft med inslag av mynta, kryddor och sm\u00e5godis. Smaken \u00e4r rund och fruktig med eleganta tanniner.","robots":{"index":"index","follow":"follow","max-snippet":"max-snippet:-1","max-image-preview":"max-image-preview:large","max-video-preview":"max-video-preview:-1"},"canonical":"https:\/\/www.ivinio.com\/sv\/produkt\/vietti-perbacco-langhe-nebbiolo-rod\/","og_locale":"sv_SE","og_type":"article","og_title":"Vietti - Perbacco - Langhe Nebbiolo - R\u00f6dvin - IVINIO Vinbutik","og_description":"Vietti - Perbacco - Langhe Nebbiolo - R\u00f6dvin. En fruktig doft med inslag av mynta, kryddor och sm\u00e5godis. Smaken \u00e4r rund och fruktig med eleganta tanniner.","og_url":"https:\/\/www.ivinio.com\/sv\/produkt\/vietti-perbacco-langhe-nebbiolo-rod\/","og_site_name":"IVINIO Vinbutik","article_publisher":"https:\/\/www.facebook.com\/groups\/165217837022391\/?ref=bookmarks","article_modified_time":"2023-04-07T16:03:40+00:00","og_image":[{"width":500,"height":500,"url":"https:\/\/www.ivinio.com\/wp-content\/uploads\/2023\/04\/Vietti-Perbacco-langhe-nebbiolo-IVINIO.jpg","type":"image\/jpeg"}],"twitter_card":"summary_large_image","twitter_misc":{"Ber\u00e4knad l\u00e4stid":"1 minut"},"schema":{"@context":"https:\/\/schema.org","@graph":[{"@type":"WebPage","@id":"https:\/\/www.ivinio.com\/sv\/produkt\/vietti-perbacco-langhe-nebbiolo-rod\/","url":"https:\/\/www.ivinio.com\/sv\/produkt\/vietti-perbacco-langhe-nebbiolo-rod\/","name":"Vietti - Perbacco - Langhe Nebbiolo - R\u00f6dvin - IVINIO Vinbutik","isPartOf":{"@id":"https:\/\/www.ivinio.com\/sv\/#website"},"primaryImageOfPage":{"@id":"https:\/\/www.ivinio.com\/sv\/produkt\/vietti-perbacco-langhe-nebbiolo-rod\/#primaryimage"},"image":{"@id":"https:\/\/www.ivinio.com\/sv\/produkt\/vietti-perbacco-langhe-nebbiolo-rod\/#primaryimage"},"thumbnailUrl":"https:\/\/www.ivinio.com\/wp-content\/uploads\/2023\/04\/Vietti-Perbacco-langhe-nebbiolo-IVINIO.jpg","datePublished":"2023-04-07T15:45:54+00:00","dateModified":"2023-04-07T16:03:40+00:00","description":"Vietti - Perbacco - Langhe Nebbiolo - R\u00f6dvin. En fruktig doft med inslag av mynta, kryddor och sm\u00e5godis. Smaken \u00e4r rund och fruktig med eleganta tanniner.","breadcrumb":{"@id":"https:\/\/www.ivinio.com\/sv\/produkt\/vietti-perbacco-langhe-nebbiolo-rod\/#breadcrumb"},"inLanguage":"sv-SE","potentialAction":[{"@type":"ReadAction","target":["https:\/\/www.ivinio.com\/sv\/produkt\/vietti-perbacco-langhe-nebbiolo-rod\/"]}]},{"@type":"ImageObject","inLanguage":"sv-SE","@id":"https:\/\/www.ivinio.com\/sv\/produkt\/vietti-perbacco-langhe-nebbiolo-rod\/#primaryimage","url":"https:\/\/www.ivinio.com\/wp-content\/uploads\/2023\/04\/Vietti-Perbacco-langhe-nebbiolo-IVINIO.jpg","contentUrl":"https:\/\/www.ivinio.com\/wp-content\/uploads\/2023\/04\/Vietti-Perbacco-langhe-nebbiolo-IVINIO.jpg","width":500,"height":500},{"@type":"BreadcrumbList","@id":"https:\/\/www.ivinio.com\/sv\/produkt\/vietti-perbacco-langhe-nebbiolo-rod\/#breadcrumb","itemListElement":[{"@type":"ListItem","position":1,"name":"Hem","item":"https:\/\/www.ivinio.com\/sv\/"},{"@type":"ListItem","position":2,"name":"Vinbutik","item":"https:\/\/www.ivinio.com\/sv\/vinbutik\/"},{"@type":"ListItem","position":3,"name":"Vietti &#8211; Perbacco &#8211; Langhe Nebbiolo &#8211; R\u00f6d"}]},{"@type":"WebSite","@id":"https:\/\/www.ivinio.com\/sv\/#website","url":"https:\/\/www.ivinio.com\/sv\/","name":"IVINIO Vinbutik","description":"Vin fr\u00e5n Frankrike och Italien med leverans hem till din d\u00f6rr","publisher":{"@id":"https:\/\/www.ivinio.com\/sv\/#organization"},"potentialAction":[{"@type":"SearchAction","target":{"@type":"EntryPoint","urlTemplate":"https:\/\/www.ivinio.com\/sv\/?s={search_term_string}"},"query-input":{"@type":"PropertyValueSpecification","valueRequired":true,"valueName":"search_term_string"}}],"inLanguage":"sv-SE"},{"@type":"Organization","@id":"https:\/\/www.ivinio.com\/sv\/#organization","name":"IVINIO","url":"https:\/\/www.ivinio.com\/sv\/","logo":{"@type":"ImageObject","inLanguage":"sv-SE","@id":"https:\/\/www.ivinio.com\/sv\/#\/schema\/logo\/image\/","url":"https:\/\/www.ivinio.com\/wp-content\/uploads\/2021\/01\/Logo-Ivinio-v2.jpg","contentUrl":"https:\/\/www.ivinio.com\/wp-content\/uploads\/2021\/01\/Logo-Ivinio-v2.jpg","width":1194,"height":1194,"caption":"IVINIO"},"image":{"@id":"https:\/\/www.ivinio.com\/sv\/#\/schema\/logo\/image\/"},"sameAs":["https:\/\/www.facebook.com\/groups\/165217837022391\/?ref=bookmarks","https:\/\/www.instagram.com\/_ivinio_\/?hl=fr"]}]}},"jetpack_sharing_enabled":true,"_links":{"self":[{"href":"https:\/\/www.ivinio.com\/sv\/wp-json\/wp\/v2\/product\/132740","targetHints":{"allow":["GET"]}}],"collection":[{"href":"https:\/\/www.ivinio.com\/sv\/wp-json\/wp\/v2\/product"}],"about":[{"href":"https:\/\/www.ivinio.com\/sv\/wp-json\/wp\/v2\/types\/product"}],"replies":[{"embeddable":true,"href":"https:\/\/www.ivinio.com\/sv\/wp-json\/wp\/v2\/comments?post=132740"}],"wp:featuredmedia":[{"embeddable":true,"href":"https:\/\/www.ivinio.com\/sv\/wp-json\/wp\/v2\/media\/132742"}],"wp:attachment":[{"href":"https:\/\/www.ivinio.com\/sv\/wp-json\/wp\/v2\/media?parent=132740"}],"wp:term":[{"taxonomy":"product_brand","embeddable":true,"href":"https:\/\/www.ivinio.com\/sv\/wp-json\/wp\/v2\/product_brand?post=132740"},{"taxonomy":"product_cat","embeddable":true,"href":"https:\/\/www.ivinio.com\/sv\/wp-json\/wp\/v2\/product_cat?post=132740"},{"taxonomy":"product_tag","embeddable":true,"href":"https:\/\/www.ivinio.com\/sv\/wp-json\/wp\/v2\/product_tag?post=132740"}],"curies":[{"name":"wp","href":"https:\/\/api.w.org\/{rel}","templated":true}]}}