{"id":132734,"date":"2023-04-07T12:21:30","date_gmt":"2023-04-07T10:21:30","guid":{"rendered":"https:\/\/www.ivinio.com\/?post_type=product&#038;p=132734"},"modified":"2025-01-31T10:46:34","modified_gmt":"2025-01-31T09:46:34","slug":"nino-negri-inferno-rod","status":"publish","type":"product","link":"https:\/\/www.ivinio.com\/sv\/produkt\/nino-negri-inferno-rod\/","title":{"rendered":"Nino Negri &#8211; Inferno &#8211; R\u00f6d"},"content":{"rendered":"<p>Helvete \u00e4r namnet p\u00e5 denna Cuv\u00e9e som givits med tanke p\u00e5 v\u00e4rmen i terroiren d\u00e4r druvorna odlas. Stenarna som sticker ut fr\u00e5n marken h\u00f6jer temperaturen genom att reflektera solens str\u00e5lar under dagen och avger v\u00e4rme under natten. Den branta sluttningen l\u00e5ter solens str\u00e5lar tr\u00e4ffa marken vinkelr\u00e4tt och \u00f6kar d\u00e4rav solinstr\u00e5lningen. Utm\u00e4rkta f\u00f6rh\u00e5llanden f\u00f6r Nebbiolon att mogna! Vinet framst\u00e4lls av 100% Nebbiolodruvor (Chiavennasca) som odlats 350-550 meter \u00f6ver havet. Druvorna\u00a0 plockas f\u00f6r hand i oktober. De vinifieras med sitt skal vid en temperaturer n\u00e4ra 30 grader vilket \u00f6kar extraktionen av tanniner och inslag av mogen frukt. Vinet lagras 2 \u00e5r, varav minst 1 \u00e5r i tr\u00e4. Anv\u00e4ndningen av yngre ekfat framh\u00e4ver aromer och tanniner.<\/p>\n","protected":false},"excerpt":{"rendered":"<p>Framst\u00e4llt av 100% Nebbiolo (Chiavennasca). Torr och v\u00e4lsmakande, stram men harmonisk med fin l\u00e4ngd.<\/p>\n","protected":false},"featured_media":132737,"comment_status":"open","ping_status":"closed","template":"","meta":{"_monsterinsights_skip_tracking":false,"_monsterinsights_sitenote_active":false,"_monsterinsights_sitenote_note":"","_monsterinsights_sitenote_category":0,"_uf_show_specific_survey":0,"_uf_disable_surveys":false},"product_brand":[],"product_cat":[36591,36657],"product_tag":[],"class_list":{"0":"post-132734","1":"product","2":"type-product","3":"status-publish","4":"has-post-thumbnail","6":"product_cat-italienska-viner","7":"product_cat-sv-lombardiet","8":"pa_alcohol-degree-13-5-sv","9":"pa_classification-docg-valtellina-superiore-sv","10":"pa_color-rod-sv","11":"pa_country-italien-sv","12":"pa_grape-variety-nebbiolo-chiavennasca-sv","13":"pa_region-lombardiet-sv","14":"pa_storage-potential-5-ar-sv","15":"pa_vintage-39899","16":"pa_volume-75-cl-sv","18":"first","19":"instock","20":"taxable","21":"shipping-taxable","22":"purchasable","23":"product-type-simple"},"bundled_by":[],"bundle_stock_status":"instock","bundle_stock_quantity":null,"bundle_virtual":false,"bundle_layout":"","bundle_add_to_cart_form_location":"","bundle_editable_in_cart":false,"bundle_sold_individually_context":"","bundle_item_grouping":"","bundle_min_size":"","bundle_max_size":"","bundle_price":[],"bundled_items":[],"bundle_sell_ids":[],"yoast_head":"<!-- This site is optimized with the Yoast SEO plugin v27.5 - https:\/\/yoast.com\/product\/yoast-seo-wordpress\/ -->\n<title>K\u00f6pa Nino Negri - Inferno - R\u00f6d - IVINIO Vinbutik<\/title>\n<meta name=\"description\" content=\"K\u00f6pa Nino Negri - Inferno - R\u00f6d. Framst\u00e4llt av 100% Nebbiolo (Chiavennasca). Torr och v\u00e4lsmakande, stram men harmonisk med fin l\u00e4ngd.\" \/>\n<meta name=\"robots\" content=\"index, follow, max-snippet:-1, max-image-preview:large, max-video-preview:-1\" \/>\n<link rel=\"canonical\" href=\"https:\/\/www.ivinio.com\/sv\/produkt\/nino-negri-inferno-rod\/\" \/>\n<meta property=\"og:locale\" content=\"sv_SE\" \/>\n<meta property=\"og:type\" content=\"article\" \/>\n<meta property=\"og:title\" content=\"K\u00f6pa Nino Negri - Inferno - R\u00f6d - IVINIO Vinbutik\" \/>\n<meta property=\"og:description\" content=\"K\u00f6pa Nino Negri - Inferno - R\u00f6d. Framst\u00e4llt av 100% Nebbiolo (Chiavennasca). Torr och v\u00e4lsmakande, stram men harmonisk med fin l\u00e4ngd.\" \/>\n<meta property=\"og:url\" content=\"https:\/\/www.ivinio.com\/sv\/produkt\/nino-negri-inferno-rod\/\" \/>\n<meta property=\"og:site_name\" content=\"IVINIO Vinbutik\" \/>\n<meta property=\"article:publisher\" content=\"https:\/\/www.facebook.com\/groups\/165217837022391\/?ref=bookmarks\" \/>\n<meta property=\"article:modified_time\" content=\"2025-01-31T09:46:34+00:00\" \/>\n<meta property=\"og:image\" content=\"https:\/\/www.ivinio.com\/wp-content\/uploads\/2023\/04\/Nino-Negri-Inferno-IVINIO.jpg\" \/>\n\t<meta property=\"og:image:width\" content=\"500\" \/>\n\t<meta property=\"og:image:height\" content=\"500\" \/>\n\t<meta property=\"og:image:type\" content=\"image\/jpeg\" \/>\n<meta name=\"twitter:card\" content=\"summary_large_image\" \/>\n<meta name=\"twitter:label1\" content=\"Ber\u00e4knad l\u00e4stid\" \/>\n\t<meta name=\"twitter:data1\" content=\"1 minut\" \/>\n<script type=\"application\/ld+json\" class=\"yoast-schema-graph\">{\"@context\":\"https:\\\/\\\/schema.org\",\"@graph\":[{\"@type\":\"WebPage\",\"@id\":\"https:\\\/\\\/www.ivinio.com\\\/sv\\\/produkt\\\/nino-negri-inferno-rod\\\/\",\"url\":\"https:\\\/\\\/www.ivinio.com\\\/sv\\\/produkt\\\/nino-negri-inferno-rod\\\/\",\"name\":\"K\u00f6pa Nino Negri - Inferno - R\u00f6d - IVINIO Vinbutik\",\"isPartOf\":{\"@id\":\"https:\\\/\\\/www.ivinio.com\\\/sv\\\/#website\"},\"primaryImageOfPage\":{\"@id\":\"https:\\\/\\\/www.ivinio.com\\\/sv\\\/produkt\\\/nino-negri-inferno-rod\\\/#primaryimage\"},\"image\":{\"@id\":\"https:\\\/\\\/www.ivinio.com\\\/sv\\\/produkt\\\/nino-negri-inferno-rod\\\/#primaryimage\"},\"thumbnailUrl\":\"https:\\\/\\\/www.ivinio.com\\\/wp-content\\\/uploads\\\/2023\\\/04\\\/Nino-Negri-Inferno-IVINIO.jpg\",\"datePublished\":\"2023-04-07T10:21:30+00:00\",\"dateModified\":\"2025-01-31T09:46:34+00:00\",\"description\":\"K\u00f6pa Nino Negri - Inferno - R\u00f6d. Framst\u00e4llt av 100% Nebbiolo (Chiavennasca). Torr och v\u00e4lsmakande, stram men harmonisk med fin l\u00e4ngd.\",\"breadcrumb\":{\"@id\":\"https:\\\/\\\/www.ivinio.com\\\/sv\\\/produkt\\\/nino-negri-inferno-rod\\\/#breadcrumb\"},\"inLanguage\":\"sv-SE\",\"potentialAction\":[{\"@type\":\"ReadAction\",\"target\":[\"https:\\\/\\\/www.ivinio.com\\\/sv\\\/produkt\\\/nino-negri-inferno-rod\\\/\"]}]},{\"@type\":\"ImageObject\",\"inLanguage\":\"sv-SE\",\"@id\":\"https:\\\/\\\/www.ivinio.com\\\/sv\\\/produkt\\\/nino-negri-inferno-rod\\\/#primaryimage\",\"url\":\"https:\\\/\\\/www.ivinio.com\\\/wp-content\\\/uploads\\\/2023\\\/04\\\/Nino-Negri-Inferno-IVINIO.jpg\",\"contentUrl\":\"https:\\\/\\\/www.ivinio.com\\\/wp-content\\\/uploads\\\/2023\\\/04\\\/Nino-Negri-Inferno-IVINIO.jpg\",\"width\":500,\"height\":500},{\"@type\":\"BreadcrumbList\",\"@id\":\"https:\\\/\\\/www.ivinio.com\\\/sv\\\/produkt\\\/nino-negri-inferno-rod\\\/#breadcrumb\",\"itemListElement\":[{\"@type\":\"ListItem\",\"position\":1,\"name\":\"Hem\",\"item\":\"https:\\\/\\\/www.ivinio.com\\\/sv\\\/\"},{\"@type\":\"ListItem\",\"position\":2,\"name\":\"Vinbutik\",\"item\":\"https:\\\/\\\/www.ivinio.com\\\/sv\\\/vinbutik\\\/\"},{\"@type\":\"ListItem\",\"position\":3,\"name\":\"Nino Negri &#8211; Inferno &#8211; R\u00f6d\"}]},{\"@type\":\"WebSite\",\"@id\":\"https:\\\/\\\/www.ivinio.com\\\/sv\\\/#website\",\"url\":\"https:\\\/\\\/www.ivinio.com\\\/sv\\\/\",\"name\":\"IVINIO Vinbutik\",\"description\":\"Vin fr\u00e5n Frankrike och Italien med leverans hem till din d\u00f6rr\",\"publisher\":{\"@id\":\"https:\\\/\\\/www.ivinio.com\\\/sv\\\/#organization\"},\"potentialAction\":[{\"@type\":\"SearchAction\",\"target\":{\"@type\":\"EntryPoint\",\"urlTemplate\":\"https:\\\/\\\/www.ivinio.com\\\/sv\\\/?s={search_term_string}\"},\"query-input\":{\"@type\":\"PropertyValueSpecification\",\"valueRequired\":true,\"valueName\":\"search_term_string\"}}],\"inLanguage\":\"sv-SE\"},{\"@type\":\"Organization\",\"@id\":\"https:\\\/\\\/www.ivinio.com\\\/sv\\\/#organization\",\"name\":\"IVINIO\",\"url\":\"https:\\\/\\\/www.ivinio.com\\\/sv\\\/\",\"logo\":{\"@type\":\"ImageObject\",\"inLanguage\":\"sv-SE\",\"@id\":\"https:\\\/\\\/www.ivinio.com\\\/sv\\\/#\\\/schema\\\/logo\\\/image\\\/\",\"url\":\"https:\\\/\\\/www.ivinio.com\\\/wp-content\\\/uploads\\\/2021\\\/01\\\/Logo-Ivinio-v2.jpg\",\"contentUrl\":\"https:\\\/\\\/www.ivinio.com\\\/wp-content\\\/uploads\\\/2021\\\/01\\\/Logo-Ivinio-v2.jpg\",\"width\":1194,\"height\":1194,\"caption\":\"IVINIO\"},\"image\":{\"@id\":\"https:\\\/\\\/www.ivinio.com\\\/sv\\\/#\\\/schema\\\/logo\\\/image\\\/\"},\"sameAs\":[\"https:\\\/\\\/www.facebook.com\\\/groups\\\/165217837022391\\\/?ref=bookmarks\",\"https:\\\/\\\/www.instagram.com\\\/_ivinio_\\\/?hl=fr\"]}]}<\/script>\n<!-- \/ Yoast SEO plugin. -->","yoast_head_json":{"title":"K\u00f6pa Nino Negri - Inferno - R\u00f6d - IVINIO Vinbutik","description":"K\u00f6pa Nino Negri - Inferno - R\u00f6d. Framst\u00e4llt av 100% Nebbiolo (Chiavennasca). Torr och v\u00e4lsmakande, stram men harmonisk med fin l\u00e4ngd.","robots":{"index":"index","follow":"follow","max-snippet":"max-snippet:-1","max-image-preview":"max-image-preview:large","max-video-preview":"max-video-preview:-1"},"canonical":"https:\/\/www.ivinio.com\/sv\/produkt\/nino-negri-inferno-rod\/","og_locale":"sv_SE","og_type":"article","og_title":"K\u00f6pa Nino Negri - Inferno - R\u00f6d - IVINIO Vinbutik","og_description":"K\u00f6pa Nino Negri - Inferno - R\u00f6d. Framst\u00e4llt av 100% Nebbiolo (Chiavennasca). Torr och v\u00e4lsmakande, stram men harmonisk med fin l\u00e4ngd.","og_url":"https:\/\/www.ivinio.com\/sv\/produkt\/nino-negri-inferno-rod\/","og_site_name":"IVINIO Vinbutik","article_publisher":"https:\/\/www.facebook.com\/groups\/165217837022391\/?ref=bookmarks","article_modified_time":"2025-01-31T09:46:34+00:00","og_image":[{"width":500,"height":500,"url":"https:\/\/www.ivinio.com\/wp-content\/uploads\/2023\/04\/Nino-Negri-Inferno-IVINIO.jpg","type":"image\/jpeg"}],"twitter_card":"summary_large_image","twitter_misc":{"Ber\u00e4knad l\u00e4stid":"1 minut"},"schema":{"@context":"https:\/\/schema.org","@graph":[{"@type":"WebPage","@id":"https:\/\/www.ivinio.com\/sv\/produkt\/nino-negri-inferno-rod\/","url":"https:\/\/www.ivinio.com\/sv\/produkt\/nino-negri-inferno-rod\/","name":"K\u00f6pa Nino Negri - Inferno - R\u00f6d - IVINIO Vinbutik","isPartOf":{"@id":"https:\/\/www.ivinio.com\/sv\/#website"},"primaryImageOfPage":{"@id":"https:\/\/www.ivinio.com\/sv\/produkt\/nino-negri-inferno-rod\/#primaryimage"},"image":{"@id":"https:\/\/www.ivinio.com\/sv\/produkt\/nino-negri-inferno-rod\/#primaryimage"},"thumbnailUrl":"https:\/\/www.ivinio.com\/wp-content\/uploads\/2023\/04\/Nino-Negri-Inferno-IVINIO.jpg","datePublished":"2023-04-07T10:21:30+00:00","dateModified":"2025-01-31T09:46:34+00:00","description":"K\u00f6pa Nino Negri - Inferno - R\u00f6d. Framst\u00e4llt av 100% Nebbiolo (Chiavennasca). Torr och v\u00e4lsmakande, stram men harmonisk med fin l\u00e4ngd.","breadcrumb":{"@id":"https:\/\/www.ivinio.com\/sv\/produkt\/nino-negri-inferno-rod\/#breadcrumb"},"inLanguage":"sv-SE","potentialAction":[{"@type":"ReadAction","target":["https:\/\/www.ivinio.com\/sv\/produkt\/nino-negri-inferno-rod\/"]}]},{"@type":"ImageObject","inLanguage":"sv-SE","@id":"https:\/\/www.ivinio.com\/sv\/produkt\/nino-negri-inferno-rod\/#primaryimage","url":"https:\/\/www.ivinio.com\/wp-content\/uploads\/2023\/04\/Nino-Negri-Inferno-IVINIO.jpg","contentUrl":"https:\/\/www.ivinio.com\/wp-content\/uploads\/2023\/04\/Nino-Negri-Inferno-IVINIO.jpg","width":500,"height":500},{"@type":"BreadcrumbList","@id":"https:\/\/www.ivinio.com\/sv\/produkt\/nino-negri-inferno-rod\/#breadcrumb","itemListElement":[{"@type":"ListItem","position":1,"name":"Hem","item":"https:\/\/www.ivinio.com\/sv\/"},{"@type":"ListItem","position":2,"name":"Vinbutik","item":"https:\/\/www.ivinio.com\/sv\/vinbutik\/"},{"@type":"ListItem","position":3,"name":"Nino Negri &#8211; Inferno &#8211; R\u00f6d"}]},{"@type":"WebSite","@id":"https:\/\/www.ivinio.com\/sv\/#website","url":"https:\/\/www.ivinio.com\/sv\/","name":"IVINIO Vinbutik","description":"Vin fr\u00e5n Frankrike och Italien med leverans hem till din d\u00f6rr","publisher":{"@id":"https:\/\/www.ivinio.com\/sv\/#organization"},"potentialAction":[{"@type":"SearchAction","target":{"@type":"EntryPoint","urlTemplate":"https:\/\/www.ivinio.com\/sv\/?s={search_term_string}"},"query-input":{"@type":"PropertyValueSpecification","valueRequired":true,"valueName":"search_term_string"}}],"inLanguage":"sv-SE"},{"@type":"Organization","@id":"https:\/\/www.ivinio.com\/sv\/#organization","name":"IVINIO","url":"https:\/\/www.ivinio.com\/sv\/","logo":{"@type":"ImageObject","inLanguage":"sv-SE","@id":"https:\/\/www.ivinio.com\/sv\/#\/schema\/logo\/image\/","url":"https:\/\/www.ivinio.com\/wp-content\/uploads\/2021\/01\/Logo-Ivinio-v2.jpg","contentUrl":"https:\/\/www.ivinio.com\/wp-content\/uploads\/2021\/01\/Logo-Ivinio-v2.jpg","width":1194,"height":1194,"caption":"IVINIO"},"image":{"@id":"https:\/\/www.ivinio.com\/sv\/#\/schema\/logo\/image\/"},"sameAs":["https:\/\/www.facebook.com\/groups\/165217837022391\/?ref=bookmarks","https:\/\/www.instagram.com\/_ivinio_\/?hl=fr"]}]}},"jetpack_sharing_enabled":true,"_links":{"self":[{"href":"https:\/\/www.ivinio.com\/sv\/wp-json\/wp\/v2\/product\/132734","targetHints":{"allow":["GET"]}}],"collection":[{"href":"https:\/\/www.ivinio.com\/sv\/wp-json\/wp\/v2\/product"}],"about":[{"href":"https:\/\/www.ivinio.com\/sv\/wp-json\/wp\/v2\/types\/product"}],"replies":[{"embeddable":true,"href":"https:\/\/www.ivinio.com\/sv\/wp-json\/wp\/v2\/comments?post=132734"}],"wp:featuredmedia":[{"embeddable":true,"href":"https:\/\/www.ivinio.com\/sv\/wp-json\/wp\/v2\/media\/132737"}],"wp:attachment":[{"href":"https:\/\/www.ivinio.com\/sv\/wp-json\/wp\/v2\/media?parent=132734"}],"wp:term":[{"taxonomy":"product_brand","embeddable":true,"href":"https:\/\/www.ivinio.com\/sv\/wp-json\/wp\/v2\/product_brand?post=132734"},{"taxonomy":"product_cat","embeddable":true,"href":"https:\/\/www.ivinio.com\/sv\/wp-json\/wp\/v2\/product_cat?post=132734"},{"taxonomy":"product_tag","embeddable":true,"href":"https:\/\/www.ivinio.com\/sv\/wp-json\/wp\/v2\/product_tag?post=132734"}],"curies":[{"name":"wp","href":"https:\/\/api.w.org\/{rel}","templated":true}]}}