{"id":132683,"date":"2023-04-05T18:07:06","date_gmt":"2023-04-05T16:07:06","guid":{"rendered":"https:\/\/www.ivinio.com\/?post_type=product&#038;p=132683"},"modified":"2023-05-25T19:11:04","modified_gmt":"2023-05-25T17:11:04","slug":"laboriosaazienda-agricola-taliano-michele-la-laboriosa-barbera-dalba-superiore","status":"publish","type":"product","link":"https:\/\/www.ivinio.com\/sv\/produkt\/laboriosaazienda-agricola-taliano-michele-la-laboriosa-barbera-dalba-superiore\/","title":{"rendered":"Azienda agricola Taliano Michele &#8211; La Laboriosa &#8211; Barbera d&#8217;Alba Superiore"},"content":{"rendered":"<p>Azienda agricola Taliano Michele &#8211; La Laboriosa &#8211; Barbera d&#8217;Alba Superiore framst\u00e4lls av 100% Barbera-druvor. Druvorna odlas fr\u00e5n v\u00e4lexponerade vinodlingar i omr\u00e5det Bossora i kommunen Montera p\u00e5 300 metres h\u00f6jd ovan havet. Den l\u00e5ga avkastningen per vinstock ger druvor som \u00e4r mogna den f\u00f6rsta halvan av oktober. Efter j\u00e4sningen som varar 15-20 dagar tappas vinet p\u00e5 ekfat d\u00e4r den malolaktiska j\u00e4sningen genomf\u00f6rs. Vinet lagras i cirka 20 m\u00e5nader innan det tappas p\u00e5 flaska.<\/p>\n","protected":false},"excerpt":{"rendered":"<p>En Barbera d&#8217;Alba Superiore med fyllig, mjuk smak med mjuka tanniner och bra syra, men god balans.<\/p>\n","protected":false},"featured_media":132684,"comment_status":"open","ping_status":"closed","template":"","meta":{"_monsterinsights_skip_tracking":false,"_monsterinsights_sitenote_active":false,"_monsterinsights_sitenote_note":"","_monsterinsights_sitenote_category":0,"_uf_show_specific_survey":0,"_uf_disable_surveys":false},"product_brand":[],"product_cat":[36590,36599],"product_tag":[],"class_list":{"0":"post-132683","1":"product","2":"type-product","3":"status-publish","4":"has-post-thumbnail","6":"product_cat-italian-wines","7":"product_cat-en-piedmont","8":"pa_alcohol-degree-14-5-en","9":"pa_classification-doc-barbera-dalba-superiore-en","10":"pa_color-red","11":"pa_country-italy-en","12":"pa_grape-variety-nebbiolo-en","13":"pa_region-piedmont-en","14":"pa_storage-potential-8-years","15":"pa_vintage-2020-en","16":"pa_volume-75-cl-en","18":"first","19":"instock","20":"taxable","21":"shipping-taxable","22":"purchasable","23":"product-type-simple"},"bundled_by":[],"bundle_stock_status":"instock","bundle_stock_quantity":null,"bundle_virtual":false,"bundle_layout":"","bundle_add_to_cart_form_location":"","bundle_editable_in_cart":false,"bundle_sold_individually_context":"","bundle_item_grouping":"","bundle_min_size":"","bundle_max_size":"","bundle_price":[],"bundled_items":[],"bundle_sell_ids":[],"yoast_head":"<!-- This site is optimized with the Yoast SEO plugin v27.5 - https:\/\/yoast.com\/product\/yoast-seo-wordpress\/ -->\n<title>Azienda agricola Taliano Michele - La Laboriosa - Barbera d&#039;Alba Superiore - IVINIO Vinbutik<\/title>\n<meta name=\"description\" content=\"Azienda agricola Taliano Michele - La Laboriosa - Barbera d&#039;Alba Superiore. Smaken \u00e4r fyllig, mjuk med mjuka tanniner och bra syra, men god balans.\" \/>\n<meta name=\"robots\" content=\"index, follow, max-snippet:-1, max-image-preview:large, max-video-preview:-1\" \/>\n<link rel=\"canonical\" href=\"https:\/\/www.ivinio.com\/sv\/produkt\/laboriosaazienda-agricola-taliano-michele-la-laboriosa-barbera-dalba-superiore\/\" \/>\n<meta property=\"og:locale\" content=\"sv_SE\" \/>\n<meta property=\"og:type\" content=\"article\" \/>\n<meta property=\"og:title\" content=\"Azienda agricola Taliano Michele - La Laboriosa - Barbera d&#039;Alba Superiore - IVINIO Vinbutik\" \/>\n<meta property=\"og:description\" content=\"Azienda agricola Taliano Michele - La Laboriosa - Barbera d&#039;Alba Superiore. Smaken \u00e4r fyllig, mjuk med mjuka tanniner och bra syra, men god balans.\" \/>\n<meta property=\"og:url\" content=\"https:\/\/www.ivinio.com\/sv\/produkt\/laboriosaazienda-agricola-taliano-michele-la-laboriosa-barbera-dalba-superiore\/\" \/>\n<meta property=\"og:site_name\" content=\"IVINIO Vinbutik\" \/>\n<meta property=\"article:publisher\" content=\"https:\/\/www.facebook.com\/groups\/165217837022391\/?ref=bookmarks\" \/>\n<meta property=\"article:modified_time\" content=\"2023-05-25T17:11:04+00:00\" \/>\n<meta property=\"og:image\" content=\"https:\/\/www.ivinio.com\/wp-content\/uploads\/2023\/04\/Azienda-agricola-Taliano-Michele-laboriosa-barbera-dAlba-superiore-IVINIO.jpg\" \/>\n\t<meta property=\"og:image:width\" content=\"500\" \/>\n\t<meta property=\"og:image:height\" content=\"500\" \/>\n\t<meta property=\"og:image:type\" content=\"image\/jpeg\" \/>\n<meta name=\"twitter:card\" content=\"summary_large_image\" \/>\n<script type=\"application\/ld+json\" class=\"yoast-schema-graph\">{\"@context\":\"https:\\\/\\\/schema.org\",\"@graph\":[{\"@type\":\"WebPage\",\"@id\":\"https:\\\/\\\/www.ivinio.com\\\/sv\\\/produkt\\\/laboriosaazienda-agricola-taliano-michele-la-laboriosa-barbera-dalba-superiore\\\/\",\"url\":\"https:\\\/\\\/www.ivinio.com\\\/sv\\\/produkt\\\/laboriosaazienda-agricola-taliano-michele-la-laboriosa-barbera-dalba-superiore\\\/\",\"name\":\"Azienda agricola Taliano Michele - La Laboriosa - Barbera d'Alba Superiore - IVINIO Vinbutik\",\"isPartOf\":{\"@id\":\"https:\\\/\\\/www.ivinio.com\\\/sv\\\/#website\"},\"primaryImageOfPage\":{\"@id\":\"https:\\\/\\\/www.ivinio.com\\\/sv\\\/produkt\\\/laboriosaazienda-agricola-taliano-michele-la-laboriosa-barbera-dalba-superiore\\\/#primaryimage\"},\"image\":{\"@id\":\"https:\\\/\\\/www.ivinio.com\\\/sv\\\/produkt\\\/laboriosaazienda-agricola-taliano-michele-la-laboriosa-barbera-dalba-superiore\\\/#primaryimage\"},\"thumbnailUrl\":\"https:\\\/\\\/www.ivinio.com\\\/wp-content\\\/uploads\\\/2023\\\/04\\\/Azienda-agricola-Taliano-Michele-laboriosa-barbera-dAlba-superiore-IVINIO.jpg\",\"datePublished\":\"2023-04-05T16:07:06+00:00\",\"dateModified\":\"2023-05-25T17:11:04+00:00\",\"description\":\"Azienda agricola Taliano Michele - La Laboriosa - Barbera d'Alba Superiore. Smaken \u00e4r fyllig, mjuk med mjuka tanniner och bra syra, men god balans.\",\"breadcrumb\":{\"@id\":\"https:\\\/\\\/www.ivinio.com\\\/sv\\\/produkt\\\/laboriosaazienda-agricola-taliano-michele-la-laboriosa-barbera-dalba-superiore\\\/#breadcrumb\"},\"inLanguage\":\"sv-SE\",\"potentialAction\":[{\"@type\":\"ReadAction\",\"target\":[\"https:\\\/\\\/www.ivinio.com\\\/sv\\\/produkt\\\/laboriosaazienda-agricola-taliano-michele-la-laboriosa-barbera-dalba-superiore\\\/\"]}]},{\"@type\":\"ImageObject\",\"inLanguage\":\"sv-SE\",\"@id\":\"https:\\\/\\\/www.ivinio.com\\\/sv\\\/produkt\\\/laboriosaazienda-agricola-taliano-michele-la-laboriosa-barbera-dalba-superiore\\\/#primaryimage\",\"url\":\"https:\\\/\\\/www.ivinio.com\\\/wp-content\\\/uploads\\\/2023\\\/04\\\/Azienda-agricola-Taliano-Michele-laboriosa-barbera-dAlba-superiore-IVINIO.jpg\",\"contentUrl\":\"https:\\\/\\\/www.ivinio.com\\\/wp-content\\\/uploads\\\/2023\\\/04\\\/Azienda-agricola-Taliano-Michele-laboriosa-barbera-dAlba-superiore-IVINIO.jpg\",\"width\":500,\"height\":500,\"caption\":\"Azienda agricola Taliano Michele - La Laboriosa - Barbera d'Alba Superiore\"},{\"@type\":\"BreadcrumbList\",\"@id\":\"https:\\\/\\\/www.ivinio.com\\\/sv\\\/produkt\\\/laboriosaazienda-agricola-taliano-michele-la-laboriosa-barbera-dalba-superiore\\\/#breadcrumb\",\"itemListElement\":[{\"@type\":\"ListItem\",\"position\":1,\"name\":\"Hem\",\"item\":\"https:\\\/\\\/www.ivinio.com\\\/sv\\\/\"},{\"@type\":\"ListItem\",\"position\":2,\"name\":\"Vinbutik\",\"item\":\"https:\\\/\\\/www.ivinio.com\\\/sv\\\/vinbutik\\\/\"},{\"@type\":\"ListItem\",\"position\":3,\"name\":\"Azienda agricola Taliano Michele &#8211; La Laboriosa &#8211; Barbera d&#8217;Alba Superiore\"}]},{\"@type\":\"WebSite\",\"@id\":\"https:\\\/\\\/www.ivinio.com\\\/sv\\\/#website\",\"url\":\"https:\\\/\\\/www.ivinio.com\\\/sv\\\/\",\"name\":\"IVINIO Vinbutik\",\"description\":\"Vin fr\u00e5n Frankrike och Italien med leverans hem till din d\u00f6rr\",\"publisher\":{\"@id\":\"https:\\\/\\\/www.ivinio.com\\\/sv\\\/#organization\"},\"potentialAction\":[{\"@type\":\"SearchAction\",\"target\":{\"@type\":\"EntryPoint\",\"urlTemplate\":\"https:\\\/\\\/www.ivinio.com\\\/sv\\\/?s={search_term_string}\"},\"query-input\":{\"@type\":\"PropertyValueSpecification\",\"valueRequired\":true,\"valueName\":\"search_term_string\"}}],\"inLanguage\":\"sv-SE\"},{\"@type\":\"Organization\",\"@id\":\"https:\\\/\\\/www.ivinio.com\\\/sv\\\/#organization\",\"name\":\"IVINIO\",\"url\":\"https:\\\/\\\/www.ivinio.com\\\/sv\\\/\",\"logo\":{\"@type\":\"ImageObject\",\"inLanguage\":\"sv-SE\",\"@id\":\"https:\\\/\\\/www.ivinio.com\\\/sv\\\/#\\\/schema\\\/logo\\\/image\\\/\",\"url\":\"https:\\\/\\\/www.ivinio.com\\\/wp-content\\\/uploads\\\/2021\\\/01\\\/Logo-Ivinio-v2.jpg\",\"contentUrl\":\"https:\\\/\\\/www.ivinio.com\\\/wp-content\\\/uploads\\\/2021\\\/01\\\/Logo-Ivinio-v2.jpg\",\"width\":1194,\"height\":1194,\"caption\":\"IVINIO\"},\"image\":{\"@id\":\"https:\\\/\\\/www.ivinio.com\\\/sv\\\/#\\\/schema\\\/logo\\\/image\\\/\"},\"sameAs\":[\"https:\\\/\\\/www.facebook.com\\\/groups\\\/165217837022391\\\/?ref=bookmarks\",\"https:\\\/\\\/www.instagram.com\\\/_ivinio_\\\/?hl=fr\"]}]}<\/script>\n<!-- \/ Yoast SEO plugin. -->","yoast_head_json":{"title":"Azienda agricola Taliano Michele - La Laboriosa - Barbera d'Alba Superiore - IVINIO Vinbutik","description":"Azienda agricola Taliano Michele - La Laboriosa - Barbera d'Alba Superiore. Smaken \u00e4r fyllig, mjuk med mjuka tanniner och bra syra, men god balans.","robots":{"index":"index","follow":"follow","max-snippet":"max-snippet:-1","max-image-preview":"max-image-preview:large","max-video-preview":"max-video-preview:-1"},"canonical":"https:\/\/www.ivinio.com\/sv\/produkt\/laboriosaazienda-agricola-taliano-michele-la-laboriosa-barbera-dalba-superiore\/","og_locale":"sv_SE","og_type":"article","og_title":"Azienda agricola Taliano Michele - La Laboriosa - Barbera d'Alba Superiore - IVINIO Vinbutik","og_description":"Azienda agricola Taliano Michele - La Laboriosa - Barbera d'Alba Superiore. Smaken \u00e4r fyllig, mjuk med mjuka tanniner och bra syra, men god balans.","og_url":"https:\/\/www.ivinio.com\/sv\/produkt\/laboriosaazienda-agricola-taliano-michele-la-laboriosa-barbera-dalba-superiore\/","og_site_name":"IVINIO Vinbutik","article_publisher":"https:\/\/www.facebook.com\/groups\/165217837022391\/?ref=bookmarks","article_modified_time":"2023-05-25T17:11:04+00:00","og_image":[{"width":500,"height":500,"url":"https:\/\/www.ivinio.com\/wp-content\/uploads\/2023\/04\/Azienda-agricola-Taliano-Michele-laboriosa-barbera-dAlba-superiore-IVINIO.jpg","type":"image\/jpeg"}],"twitter_card":"summary_large_image","schema":{"@context":"https:\/\/schema.org","@graph":[{"@type":"WebPage","@id":"https:\/\/www.ivinio.com\/sv\/produkt\/laboriosaazienda-agricola-taliano-michele-la-laboriosa-barbera-dalba-superiore\/","url":"https:\/\/www.ivinio.com\/sv\/produkt\/laboriosaazienda-agricola-taliano-michele-la-laboriosa-barbera-dalba-superiore\/","name":"Azienda agricola Taliano Michele - La Laboriosa - Barbera d'Alba Superiore - IVINIO Vinbutik","isPartOf":{"@id":"https:\/\/www.ivinio.com\/sv\/#website"},"primaryImageOfPage":{"@id":"https:\/\/www.ivinio.com\/sv\/produkt\/laboriosaazienda-agricola-taliano-michele-la-laboriosa-barbera-dalba-superiore\/#primaryimage"},"image":{"@id":"https:\/\/www.ivinio.com\/sv\/produkt\/laboriosaazienda-agricola-taliano-michele-la-laboriosa-barbera-dalba-superiore\/#primaryimage"},"thumbnailUrl":"https:\/\/www.ivinio.com\/wp-content\/uploads\/2023\/04\/Azienda-agricola-Taliano-Michele-laboriosa-barbera-dAlba-superiore-IVINIO.jpg","datePublished":"2023-04-05T16:07:06+00:00","dateModified":"2023-05-25T17:11:04+00:00","description":"Azienda agricola Taliano Michele - La Laboriosa - Barbera d'Alba Superiore. Smaken \u00e4r fyllig, mjuk med mjuka tanniner och bra syra, men god balans.","breadcrumb":{"@id":"https:\/\/www.ivinio.com\/sv\/produkt\/laboriosaazienda-agricola-taliano-michele-la-laboriosa-barbera-dalba-superiore\/#breadcrumb"},"inLanguage":"sv-SE","potentialAction":[{"@type":"ReadAction","target":["https:\/\/www.ivinio.com\/sv\/produkt\/laboriosaazienda-agricola-taliano-michele-la-laboriosa-barbera-dalba-superiore\/"]}]},{"@type":"ImageObject","inLanguage":"sv-SE","@id":"https:\/\/www.ivinio.com\/sv\/produkt\/laboriosaazienda-agricola-taliano-michele-la-laboriosa-barbera-dalba-superiore\/#primaryimage","url":"https:\/\/www.ivinio.com\/wp-content\/uploads\/2023\/04\/Azienda-agricola-Taliano-Michele-laboriosa-barbera-dAlba-superiore-IVINIO.jpg","contentUrl":"https:\/\/www.ivinio.com\/wp-content\/uploads\/2023\/04\/Azienda-agricola-Taliano-Michele-laboriosa-barbera-dAlba-superiore-IVINIO.jpg","width":500,"height":500,"caption":"Azienda agricola Taliano Michele - La Laboriosa - Barbera d'Alba Superiore"},{"@type":"BreadcrumbList","@id":"https:\/\/www.ivinio.com\/sv\/produkt\/laboriosaazienda-agricola-taliano-michele-la-laboriosa-barbera-dalba-superiore\/#breadcrumb","itemListElement":[{"@type":"ListItem","position":1,"name":"Hem","item":"https:\/\/www.ivinio.com\/sv\/"},{"@type":"ListItem","position":2,"name":"Vinbutik","item":"https:\/\/www.ivinio.com\/sv\/vinbutik\/"},{"@type":"ListItem","position":3,"name":"Azienda agricola Taliano Michele &#8211; La Laboriosa &#8211; Barbera d&#8217;Alba Superiore"}]},{"@type":"WebSite","@id":"https:\/\/www.ivinio.com\/sv\/#website","url":"https:\/\/www.ivinio.com\/sv\/","name":"IVINIO Vinbutik","description":"Vin fr\u00e5n Frankrike och Italien med leverans hem till din d\u00f6rr","publisher":{"@id":"https:\/\/www.ivinio.com\/sv\/#organization"},"potentialAction":[{"@type":"SearchAction","target":{"@type":"EntryPoint","urlTemplate":"https:\/\/www.ivinio.com\/sv\/?s={search_term_string}"},"query-input":{"@type":"PropertyValueSpecification","valueRequired":true,"valueName":"search_term_string"}}],"inLanguage":"sv-SE"},{"@type":"Organization","@id":"https:\/\/www.ivinio.com\/sv\/#organization","name":"IVINIO","url":"https:\/\/www.ivinio.com\/sv\/","logo":{"@type":"ImageObject","inLanguage":"sv-SE","@id":"https:\/\/www.ivinio.com\/sv\/#\/schema\/logo\/image\/","url":"https:\/\/www.ivinio.com\/wp-content\/uploads\/2021\/01\/Logo-Ivinio-v2.jpg","contentUrl":"https:\/\/www.ivinio.com\/wp-content\/uploads\/2021\/01\/Logo-Ivinio-v2.jpg","width":1194,"height":1194,"caption":"IVINIO"},"image":{"@id":"https:\/\/www.ivinio.com\/sv\/#\/schema\/logo\/image\/"},"sameAs":["https:\/\/www.facebook.com\/groups\/165217837022391\/?ref=bookmarks","https:\/\/www.instagram.com\/_ivinio_\/?hl=fr"]}]}},"jetpack_sharing_enabled":true,"_links":{"self":[{"href":"https:\/\/www.ivinio.com\/sv\/wp-json\/wp\/v2\/product\/132683","targetHints":{"allow":["GET"]}}],"collection":[{"href":"https:\/\/www.ivinio.com\/sv\/wp-json\/wp\/v2\/product"}],"about":[{"href":"https:\/\/www.ivinio.com\/sv\/wp-json\/wp\/v2\/types\/product"}],"replies":[{"embeddable":true,"href":"https:\/\/www.ivinio.com\/sv\/wp-json\/wp\/v2\/comments?post=132683"}],"wp:featuredmedia":[{"embeddable":true,"href":"https:\/\/www.ivinio.com\/sv\/wp-json\/wp\/v2\/media\/132684"}],"wp:attachment":[{"href":"https:\/\/www.ivinio.com\/sv\/wp-json\/wp\/v2\/media?parent=132683"}],"wp:term":[{"taxonomy":"product_brand","embeddable":true,"href":"https:\/\/www.ivinio.com\/sv\/wp-json\/wp\/v2\/product_brand?post=132683"},{"taxonomy":"product_cat","embeddable":true,"href":"https:\/\/www.ivinio.com\/sv\/wp-json\/wp\/v2\/product_cat?post=132683"},{"taxonomy":"product_tag","embeddable":true,"href":"https:\/\/www.ivinio.com\/sv\/wp-json\/wp\/v2\/product_tag?post=132683"}],"curies":[{"name":"wp","href":"https:\/\/api.w.org\/{rel}","templated":true}]}}