{"id":132671,"date":"2023-04-05T13:54:02","date_gmt":"2023-04-05T11:54:02","guid":{"rendered":"https:\/\/www.ivinio.com\/?post_type=product&#038;p=132671"},"modified":"2024-06-21T17:49:30","modified_gmt":"2024-06-21T15:49:30","slug":"du-nemo-rossese-di-dolceacqua-superiore-rod","status":"publish","type":"product","link":"https:\/\/www.ivinio.com\/sv\/produkt\/du-nemo-rossese-di-dolceacqua-superiore-rod\/","title":{"rendered":"Du Nemo &#8211; Rossese di Dolceacqua Superiore &#8211; R\u00f6d"},"content":{"rendered":"<p>Du Nemo &#8211; Rossese di Dolceacqua &#8211; Superiore R\u00f6dvin framst\u00e4lls av 97% Rossese-druvor och 3% oidentifierade oaromatiska r\u00f6da druvor. Rossese i Superiore-versionen \u00e4r ving\u00e5rdens mest exklusiva r\u00f6dvin som framst\u00e4lls av utvalda druvor som kommer fr\u00e5n en gammal vinodling d\u00e4r det hittats gamla vinrankor, som planterats med avsikten att ge lite mer f\u00e4rg i vinet. Vinet \u00e4r en hyllning till den epoken d\u00e5 samma druvor f\u00f6rdes till dalen med \u00e5snor och gr\u00e4set beskars med en sk\u00e4ra. Druvorna odlas i en gammal vinodling i Arcagna i kommunen Dolceacqua med \u00f6st\/syd-\u00f6st exponering, p\u00e5 400 m h\u00f6jd \u00f6ver havet. Vinstockarna besk\u00e4rs som sm\u00e5 tr\u00e4d (albero). Jorden best\u00e5r av en blandning av m\u00e4rgel och sandiga sediment. Druvorna sk\u00f6rdas f\u00f6r hand vid perfekt mognad och transporteras till vink\u00e4llaren. Efter avstj\u00e4lkning pressas de f\u00f6rsiktigt och musten j\u00e4ser i ett 22 hl tr\u00e4kar vid 30\u00b0 C. Musten f\u00e5r j\u00e4sa 6-8 dagar med regelbunden \u00f6verpumpning (delestage) f\u00f6r att optimera macerationen. Musten \u00f6verf\u00f6rs sedan till 500 liters franska ekfat f\u00f6r att forts\u00e4tta sin l\u00e5ngsam mognadsprocess.<\/p>\n","protected":false},"excerpt":{"rendered":"<p>Ekfatslagrad Rossese Superiore med inslag av hallon, vinb\u00e4r och vildsmultron sticker ut. D\u00e4rtill en mycket behaglig dos av kryddor.<\/p>\n","protected":false},"featured_media":133016,"comment_status":"open","ping_status":"closed","template":"","meta":{"_monsterinsights_skip_tracking":false,"_monsterinsights_sitenote_active":false,"_monsterinsights_sitenote_note":"","_monsterinsights_sitenote_category":0,"_uf_show_specific_survey":0,"_uf_disable_surveys":false},"product_brand":[],"product_cat":[36590,36608],"product_tag":[],"class_list":{"0":"post-132671","1":"product","2":"type-product","3":"status-publish","4":"has-post-thumbnail","6":"product_cat-italian-wines","7":"product_cat-en-liguria","8":"pa_alcohol-degree-14-en","9":"pa_classification-doc-rossese-di-dolceacqua-superiore-en","10":"pa_color-red","11":"pa_country-italy-en","12":"pa_grape-variety-rossese-en","13":"pa_region-liguria-en","14":"pa_storage-potential-6-years-en","15":"pa_vintage-2022-en","16":"pa_volume-75-cl-en","18":"first","19":"instock","20":"taxable","21":"shipping-taxable","22":"purchasable","23":"product-type-simple"},"bundled_by":[],"bundle_stock_status":"instock","bundle_stock_quantity":null,"bundle_virtual":false,"bundle_layout":"","bundle_add_to_cart_form_location":"","bundle_editable_in_cart":false,"bundle_sold_individually_context":"","bundle_item_grouping":"","bundle_min_size":"","bundle_max_size":"","bundle_price":[],"bundled_items":[],"bundle_sell_ids":[],"yoast_head":"<!-- This site is optimized with the Yoast SEO plugin v27.5 - https:\/\/yoast.com\/product\/yoast-seo-wordpress\/ -->\n<title>Du Nemo - Rossese di Dolceacqua - Superiore - R\u00f6dvin - IVINIO Vinbutik<\/title>\n<meta name=\"description\" content=\"Du Nemo - Rossese di Dolceacqua - Superiore - R\u00f6dvin. Inslag av hallon, vinb\u00e4r och vildsmultron sticker ut. D\u00e4rtill en mycket behaglig dos av kryddor.\" \/>\n<meta name=\"robots\" content=\"index, follow, max-snippet:-1, max-image-preview:large, max-video-preview:-1\" \/>\n<link rel=\"canonical\" href=\"https:\/\/www.ivinio.com\/sv\/produkt\/du-nemo-rossese-di-dolceacqua-superiore-rod\/\" \/>\n<meta property=\"og:locale\" content=\"sv_SE\" \/>\n<meta property=\"og:type\" content=\"article\" \/>\n<meta property=\"og:title\" content=\"Du Nemo - Rossese di Dolceacqua - Superiore - R\u00f6dvin - IVINIO Vinbutik\" \/>\n<meta property=\"og:description\" content=\"Du Nemo - Rossese di Dolceacqua - Superiore - R\u00f6dvin. Inslag av hallon, vinb\u00e4r och vildsmultron sticker ut. D\u00e4rtill en mycket behaglig dos av kryddor.\" \/>\n<meta property=\"og:url\" content=\"https:\/\/www.ivinio.com\/sv\/produkt\/du-nemo-rossese-di-dolceacqua-superiore-rod\/\" \/>\n<meta property=\"og:site_name\" content=\"IVINIO Vinbutik\" \/>\n<meta property=\"article:publisher\" content=\"https:\/\/www.facebook.com\/groups\/165217837022391\/?ref=bookmarks\" \/>\n<meta property=\"article:modified_time\" content=\"2024-06-21T15:49:30+00:00\" \/>\n<meta property=\"og:image\" content=\"https:\/\/www.ivinio.com\/wp-content\/uploads\/2023\/04\/du-nemo-rossese-di-dolceacqua-Superiore-IVINIO-1.jpg\" \/>\n\t<meta property=\"og:image:width\" content=\"500\" \/>\n\t<meta property=\"og:image:height\" content=\"500\" \/>\n\t<meta property=\"og:image:type\" content=\"image\/jpeg\" \/>\n<meta name=\"twitter:card\" content=\"summary_large_image\" \/>\n<meta name=\"twitter:label1\" content=\"Ber\u00e4knad l\u00e4stid\" \/>\n\t<meta name=\"twitter:data1\" content=\"1 minut\" \/>\n<script type=\"application\/ld+json\" class=\"yoast-schema-graph\">{\"@context\":\"https:\\\/\\\/schema.org\",\"@graph\":[{\"@type\":\"WebPage\",\"@id\":\"https:\\\/\\\/www.ivinio.com\\\/sv\\\/produkt\\\/du-nemo-rossese-di-dolceacqua-superiore-rod\\\/\",\"url\":\"https:\\\/\\\/www.ivinio.com\\\/sv\\\/produkt\\\/du-nemo-rossese-di-dolceacqua-superiore-rod\\\/\",\"name\":\"Du Nemo - Rossese di Dolceacqua - Superiore - R\u00f6dvin - IVINIO Vinbutik\",\"isPartOf\":{\"@id\":\"https:\\\/\\\/www.ivinio.com\\\/sv\\\/#website\"},\"primaryImageOfPage\":{\"@id\":\"https:\\\/\\\/www.ivinio.com\\\/sv\\\/produkt\\\/du-nemo-rossese-di-dolceacqua-superiore-rod\\\/#primaryimage\"},\"image\":{\"@id\":\"https:\\\/\\\/www.ivinio.com\\\/sv\\\/produkt\\\/du-nemo-rossese-di-dolceacqua-superiore-rod\\\/#primaryimage\"},\"thumbnailUrl\":\"https:\\\/\\\/www.ivinio.com\\\/wp-content\\\/uploads\\\/2023\\\/04\\\/du-nemo-rossese-di-dolceacqua-Superiore-IVINIO-1.jpg\",\"datePublished\":\"2023-04-05T11:54:02+00:00\",\"dateModified\":\"2024-06-21T15:49:30+00:00\",\"description\":\"Du Nemo - Rossese di Dolceacqua - Superiore - R\u00f6dvin. Inslag av hallon, vinb\u00e4r och vildsmultron sticker ut. D\u00e4rtill en mycket behaglig dos av kryddor.\",\"breadcrumb\":{\"@id\":\"https:\\\/\\\/www.ivinio.com\\\/sv\\\/produkt\\\/du-nemo-rossese-di-dolceacqua-superiore-rod\\\/#breadcrumb\"},\"inLanguage\":\"sv-SE\",\"potentialAction\":[{\"@type\":\"ReadAction\",\"target\":[\"https:\\\/\\\/www.ivinio.com\\\/sv\\\/produkt\\\/du-nemo-rossese-di-dolceacqua-superiore-rod\\\/\"]}]},{\"@type\":\"ImageObject\",\"inLanguage\":\"sv-SE\",\"@id\":\"https:\\\/\\\/www.ivinio.com\\\/sv\\\/produkt\\\/du-nemo-rossese-di-dolceacqua-superiore-rod\\\/#primaryimage\",\"url\":\"https:\\\/\\\/www.ivinio.com\\\/wp-content\\\/uploads\\\/2023\\\/04\\\/du-nemo-rossese-di-dolceacqua-Superiore-IVINIO-1.jpg\",\"contentUrl\":\"https:\\\/\\\/www.ivinio.com\\\/wp-content\\\/uploads\\\/2023\\\/04\\\/du-nemo-rossese-di-dolceacqua-Superiore-IVINIO-1.jpg\",\"width\":500,\"height\":500},{\"@type\":\"BreadcrumbList\",\"@id\":\"https:\\\/\\\/www.ivinio.com\\\/sv\\\/produkt\\\/du-nemo-rossese-di-dolceacqua-superiore-rod\\\/#breadcrumb\",\"itemListElement\":[{\"@type\":\"ListItem\",\"position\":1,\"name\":\"Hem\",\"item\":\"https:\\\/\\\/www.ivinio.com\\\/sv\\\/\"},{\"@type\":\"ListItem\",\"position\":2,\"name\":\"Vinbutik\",\"item\":\"https:\\\/\\\/www.ivinio.com\\\/sv\\\/vinbutik\\\/\"},{\"@type\":\"ListItem\",\"position\":3,\"name\":\"Du Nemo &#8211; Rossese di Dolceacqua Superiore &#8211; R\u00f6d\"}]},{\"@type\":\"WebSite\",\"@id\":\"https:\\\/\\\/www.ivinio.com\\\/sv\\\/#website\",\"url\":\"https:\\\/\\\/www.ivinio.com\\\/sv\\\/\",\"name\":\"IVINIO Vinbutik\",\"description\":\"Vin fr\u00e5n Frankrike och Italien med leverans hem till din d\u00f6rr\",\"publisher\":{\"@id\":\"https:\\\/\\\/www.ivinio.com\\\/sv\\\/#organization\"},\"potentialAction\":[{\"@type\":\"SearchAction\",\"target\":{\"@type\":\"EntryPoint\",\"urlTemplate\":\"https:\\\/\\\/www.ivinio.com\\\/sv\\\/?s={search_term_string}\"},\"query-input\":{\"@type\":\"PropertyValueSpecification\",\"valueRequired\":true,\"valueName\":\"search_term_string\"}}],\"inLanguage\":\"sv-SE\"},{\"@type\":\"Organization\",\"@id\":\"https:\\\/\\\/www.ivinio.com\\\/sv\\\/#organization\",\"name\":\"IVINIO\",\"url\":\"https:\\\/\\\/www.ivinio.com\\\/sv\\\/\",\"logo\":{\"@type\":\"ImageObject\",\"inLanguage\":\"sv-SE\",\"@id\":\"https:\\\/\\\/www.ivinio.com\\\/sv\\\/#\\\/schema\\\/logo\\\/image\\\/\",\"url\":\"https:\\\/\\\/www.ivinio.com\\\/wp-content\\\/uploads\\\/2021\\\/01\\\/Logo-Ivinio-v2.jpg\",\"contentUrl\":\"https:\\\/\\\/www.ivinio.com\\\/wp-content\\\/uploads\\\/2021\\\/01\\\/Logo-Ivinio-v2.jpg\",\"width\":1194,\"height\":1194,\"caption\":\"IVINIO\"},\"image\":{\"@id\":\"https:\\\/\\\/www.ivinio.com\\\/sv\\\/#\\\/schema\\\/logo\\\/image\\\/\"},\"sameAs\":[\"https:\\\/\\\/www.facebook.com\\\/groups\\\/165217837022391\\\/?ref=bookmarks\",\"https:\\\/\\\/www.instagram.com\\\/_ivinio_\\\/?hl=fr\"]}]}<\/script>\n<!-- \/ Yoast SEO plugin. -->","yoast_head_json":{"title":"Du Nemo - Rossese di Dolceacqua - Superiore - R\u00f6dvin - IVINIO Vinbutik","description":"Du Nemo - Rossese di Dolceacqua - Superiore - R\u00f6dvin. Inslag av hallon, vinb\u00e4r och vildsmultron sticker ut. D\u00e4rtill en mycket behaglig dos av kryddor.","robots":{"index":"index","follow":"follow","max-snippet":"max-snippet:-1","max-image-preview":"max-image-preview:large","max-video-preview":"max-video-preview:-1"},"canonical":"https:\/\/www.ivinio.com\/sv\/produkt\/du-nemo-rossese-di-dolceacqua-superiore-rod\/","og_locale":"sv_SE","og_type":"article","og_title":"Du Nemo - Rossese di Dolceacqua - Superiore - R\u00f6dvin - IVINIO Vinbutik","og_description":"Du Nemo - Rossese di Dolceacqua - Superiore - R\u00f6dvin. Inslag av hallon, vinb\u00e4r och vildsmultron sticker ut. D\u00e4rtill en mycket behaglig dos av kryddor.","og_url":"https:\/\/www.ivinio.com\/sv\/produkt\/du-nemo-rossese-di-dolceacqua-superiore-rod\/","og_site_name":"IVINIO Vinbutik","article_publisher":"https:\/\/www.facebook.com\/groups\/165217837022391\/?ref=bookmarks","article_modified_time":"2024-06-21T15:49:30+00:00","og_image":[{"width":500,"height":500,"url":"https:\/\/www.ivinio.com\/wp-content\/uploads\/2023\/04\/du-nemo-rossese-di-dolceacqua-Superiore-IVINIO-1.jpg","type":"image\/jpeg"}],"twitter_card":"summary_large_image","twitter_misc":{"Ber\u00e4knad l\u00e4stid":"1 minut"},"schema":{"@context":"https:\/\/schema.org","@graph":[{"@type":"WebPage","@id":"https:\/\/www.ivinio.com\/sv\/produkt\/du-nemo-rossese-di-dolceacqua-superiore-rod\/","url":"https:\/\/www.ivinio.com\/sv\/produkt\/du-nemo-rossese-di-dolceacqua-superiore-rod\/","name":"Du Nemo - Rossese di Dolceacqua - Superiore - R\u00f6dvin - IVINIO Vinbutik","isPartOf":{"@id":"https:\/\/www.ivinio.com\/sv\/#website"},"primaryImageOfPage":{"@id":"https:\/\/www.ivinio.com\/sv\/produkt\/du-nemo-rossese-di-dolceacqua-superiore-rod\/#primaryimage"},"image":{"@id":"https:\/\/www.ivinio.com\/sv\/produkt\/du-nemo-rossese-di-dolceacqua-superiore-rod\/#primaryimage"},"thumbnailUrl":"https:\/\/www.ivinio.com\/wp-content\/uploads\/2023\/04\/du-nemo-rossese-di-dolceacqua-Superiore-IVINIO-1.jpg","datePublished":"2023-04-05T11:54:02+00:00","dateModified":"2024-06-21T15:49:30+00:00","description":"Du Nemo - Rossese di Dolceacqua - Superiore - R\u00f6dvin. Inslag av hallon, vinb\u00e4r och vildsmultron sticker ut. D\u00e4rtill en mycket behaglig dos av kryddor.","breadcrumb":{"@id":"https:\/\/www.ivinio.com\/sv\/produkt\/du-nemo-rossese-di-dolceacqua-superiore-rod\/#breadcrumb"},"inLanguage":"sv-SE","potentialAction":[{"@type":"ReadAction","target":["https:\/\/www.ivinio.com\/sv\/produkt\/du-nemo-rossese-di-dolceacqua-superiore-rod\/"]}]},{"@type":"ImageObject","inLanguage":"sv-SE","@id":"https:\/\/www.ivinio.com\/sv\/produkt\/du-nemo-rossese-di-dolceacqua-superiore-rod\/#primaryimage","url":"https:\/\/www.ivinio.com\/wp-content\/uploads\/2023\/04\/du-nemo-rossese-di-dolceacqua-Superiore-IVINIO-1.jpg","contentUrl":"https:\/\/www.ivinio.com\/wp-content\/uploads\/2023\/04\/du-nemo-rossese-di-dolceacqua-Superiore-IVINIO-1.jpg","width":500,"height":500},{"@type":"BreadcrumbList","@id":"https:\/\/www.ivinio.com\/sv\/produkt\/du-nemo-rossese-di-dolceacqua-superiore-rod\/#breadcrumb","itemListElement":[{"@type":"ListItem","position":1,"name":"Hem","item":"https:\/\/www.ivinio.com\/sv\/"},{"@type":"ListItem","position":2,"name":"Vinbutik","item":"https:\/\/www.ivinio.com\/sv\/vinbutik\/"},{"@type":"ListItem","position":3,"name":"Du Nemo &#8211; Rossese di Dolceacqua Superiore &#8211; R\u00f6d"}]},{"@type":"WebSite","@id":"https:\/\/www.ivinio.com\/sv\/#website","url":"https:\/\/www.ivinio.com\/sv\/","name":"IVINIO Vinbutik","description":"Vin fr\u00e5n Frankrike och Italien med leverans hem till din d\u00f6rr","publisher":{"@id":"https:\/\/www.ivinio.com\/sv\/#organization"},"potentialAction":[{"@type":"SearchAction","target":{"@type":"EntryPoint","urlTemplate":"https:\/\/www.ivinio.com\/sv\/?s={search_term_string}"},"query-input":{"@type":"PropertyValueSpecification","valueRequired":true,"valueName":"search_term_string"}}],"inLanguage":"sv-SE"},{"@type":"Organization","@id":"https:\/\/www.ivinio.com\/sv\/#organization","name":"IVINIO","url":"https:\/\/www.ivinio.com\/sv\/","logo":{"@type":"ImageObject","inLanguage":"sv-SE","@id":"https:\/\/www.ivinio.com\/sv\/#\/schema\/logo\/image\/","url":"https:\/\/www.ivinio.com\/wp-content\/uploads\/2021\/01\/Logo-Ivinio-v2.jpg","contentUrl":"https:\/\/www.ivinio.com\/wp-content\/uploads\/2021\/01\/Logo-Ivinio-v2.jpg","width":1194,"height":1194,"caption":"IVINIO"},"image":{"@id":"https:\/\/www.ivinio.com\/sv\/#\/schema\/logo\/image\/"},"sameAs":["https:\/\/www.facebook.com\/groups\/165217837022391\/?ref=bookmarks","https:\/\/www.instagram.com\/_ivinio_\/?hl=fr"]}]}},"jetpack_sharing_enabled":true,"_links":{"self":[{"href":"https:\/\/www.ivinio.com\/sv\/wp-json\/wp\/v2\/product\/132671","targetHints":{"allow":["GET"]}}],"collection":[{"href":"https:\/\/www.ivinio.com\/sv\/wp-json\/wp\/v2\/product"}],"about":[{"href":"https:\/\/www.ivinio.com\/sv\/wp-json\/wp\/v2\/types\/product"}],"replies":[{"embeddable":true,"href":"https:\/\/www.ivinio.com\/sv\/wp-json\/wp\/v2\/comments?post=132671"}],"wp:featuredmedia":[{"embeddable":true,"href":"https:\/\/www.ivinio.com\/sv\/wp-json\/wp\/v2\/media\/133016"}],"wp:attachment":[{"href":"https:\/\/www.ivinio.com\/sv\/wp-json\/wp\/v2\/media?parent=132671"}],"wp:term":[{"taxonomy":"product_brand","embeddable":true,"href":"https:\/\/www.ivinio.com\/sv\/wp-json\/wp\/v2\/product_brand?post=132671"},{"taxonomy":"product_cat","embeddable":true,"href":"https:\/\/www.ivinio.com\/sv\/wp-json\/wp\/v2\/product_cat?post=132671"},{"taxonomy":"product_tag","embeddable":true,"href":"https:\/\/www.ivinio.com\/sv\/wp-json\/wp\/v2\/product_tag?post=132671"}],"curies":[{"name":"wp","href":"https:\/\/api.w.org\/{rel}","templated":true}]}}