{"id":132605,"date":"2023-04-01T12:23:20","date_gmt":"2023-04-01T10:23:20","guid":{"rendered":"https:\/\/www.ivinio.com\/?post_type=product&#038;p=132605"},"modified":"2023-09-16T11:55:38","modified_gmt":"2023-09-16T09:55:38","slug":"vinchio-vaglio-i-tre-viscovi-rod","status":"publish","type":"product","link":"https:\/\/www.ivinio.com\/sv\/produkt\/vinchio-vaglio-i-tre-viscovi-rod\/","title":{"rendered":"Vinchio Vaglio &#8211; I tre viscovi &#8211; Barbera d&#8217;Asti Superiore &#8211; R\u00f6d"},"content":{"rendered":"<p>Vinchio Vaglio &#8211; I tre viscovi &#8211; Barbera d&#8217;Asti Superiore &#8211; R\u00f6dvin framst\u00e4lls av 100 % Barbera-druvor. Sk\u00f6rden g\u00f6rs manuellt i slutet av september. Druvorna gallras med noggrant urval under f\u00f6rmiddagen och levereras senare under eftermiddagen till vink\u00e4llaren f\u00f6r att p\u00e5 s\u00e5 s\u00e4tt h\u00e5lla klasarna i optimala f\u00f6rh\u00e5llanden innan vinframst\u00e4llning. Druvorna krossas och \u00f6verf\u00f6rs till speciella k\u00e4rl med kontrollerad temperatur. J\u00e4sningen p\u00e5g\u00e5r i 7-8 dagar vid en konstant temperatur p\u00e5 ca 26 \u00b0C f\u00f6r f\u00f6r att p\u00e5 b\u00e4sta s\u00e4tt kunna extrahera aromerna. Underj\u00e4sningen genomf\u00f6rs med automatisk \u00f6verpumpning mellan tankar f\u00f6r att p\u00e5 s\u00e5 s\u00e4tt utvinna polyfenoler som finns i skalen. I slutet av den alkoholhaltiga j\u00e4sningen startar omedelbart den malolaktiska j\u00e4sningen i rostfria st\u00e5ltankar vid en temperatur p\u00e5 18 \u00b0C. I slutet av j\u00e4sningen lagras vinet p\u00e5 franska ekfat i ca 12 m\u00e5nader. Efter ytterligare lagring i en m\u00e5nad p\u00e5 rostfria st\u00e5ltankar tappas vinet p\u00e5 flaska. D\u00e4refter ytterligare 6 m\u00e5naders lagring innan f\u00f6rs\u00e4ljning.<\/p>\n","protected":false},"excerpt":{"rendered":"<p>Vinchio Vaglio &#8211; I tre viscovi &#8211; Barbera d&#8217;Asti Superiore \u00e4r ett komplext r\u00f6dvin med aromer av kryddnejlika, peppar, eukalyptus, tobak och vanilj.<\/p>\n","protected":false},"featured_media":132606,"comment_status":"open","ping_status":"closed","template":"","meta":{"_monsterinsights_skip_tracking":false,"_monsterinsights_sitenote_active":false,"_monsterinsights_sitenote_note":"","_monsterinsights_sitenote_category":0,"_uf_show_specific_survey":0,"_uf_disable_surveys":false},"product_brand":[],"product_cat":[36590,36599],"product_tag":[],"class_list":{"0":"post-132605","1":"product","2":"type-product","3":"status-publish","4":"has-post-thumbnail","6":"product_cat-italian-wines","7":"product_cat-en-piedmont","8":"pa_alcohol-degree-14-en","9":"pa_awards-gambero-rosso-en","10":"pa_awards-gilbert-et-gaillard-en","11":"pa_awards-migliori-vini-ditalia-en","12":"pa_awards-vini-buoni-ditalia-en","13":"pa_classification-docg-barbera-dasti-superiore-en","14":"pa_color-red","15":"pa_country-italy-en","16":"pa_grape-variety-barbera-en","17":"pa_region-piedmont-en","18":"pa_storage-potential-7-years-en","19":"pa_vintage-2021-en","20":"pa_volume-75-cl-en","22":"first","23":"instock","24":"taxable","25":"shipping-taxable","26":"purchasable","27":"product-type-simple"},"bundled_by":[],"bundle_stock_status":"instock","bundle_stock_quantity":null,"bundle_virtual":false,"bundle_layout":"","bundle_add_to_cart_form_location":"","bundle_editable_in_cart":false,"bundle_sold_individually_context":"","bundle_item_grouping":"","bundle_min_size":"","bundle_max_size":"","bundle_price":[],"bundled_items":[],"bundle_sell_ids":[],"yoast_head":"<!-- This site is optimized with the Yoast SEO plugin v27.5 - https:\/\/yoast.com\/product\/yoast-seo-wordpress\/ -->\n<title>Vinchio Vaglio - I tre viscovi - Barbera d&#039;Asti Superiore - R\u00f6dvin- IVINIO Vinbutik<\/title>\n<meta name=\"description\" content=\"Vinchio Vaglio - I tre viscovi - Barbera d&#039;Asti Superiore - R\u00f6dvin. Ett komplext r\u00f6dvin med aromer av kryddnejlika, peppar, eukalyptus, tobak och vanilj.\" \/>\n<meta name=\"robots\" content=\"index, follow, max-snippet:-1, max-image-preview:large, max-video-preview:-1\" \/>\n<link rel=\"canonical\" href=\"https:\/\/www.ivinio.com\/sv\/produkt\/vinchio-vaglio-i-tre-viscovi-rod\/\" \/>\n<meta property=\"og:locale\" content=\"sv_SE\" \/>\n<meta property=\"og:type\" content=\"article\" \/>\n<meta property=\"og:title\" content=\"Vinchio Vaglio - I tre viscovi - Barbera d&#039;Asti Superiore - R\u00f6dvin- IVINIO Vinbutik\" \/>\n<meta property=\"og:description\" content=\"Vinchio Vaglio - I tre viscovi - Barbera d&#039;Asti Superiore - R\u00f6dvin. Ett komplext r\u00f6dvin med aromer av kryddnejlika, peppar, eukalyptus, tobak och vanilj.\" \/>\n<meta property=\"og:url\" content=\"https:\/\/www.ivinio.com\/sv\/produkt\/vinchio-vaglio-i-tre-viscovi-rod\/\" \/>\n<meta property=\"og:site_name\" content=\"IVINIO Vinbutik\" \/>\n<meta property=\"article:publisher\" content=\"https:\/\/www.facebook.com\/groups\/165217837022391\/?ref=bookmarks\" \/>\n<meta property=\"article:modified_time\" content=\"2023-09-16T09:55:38+00:00\" \/>\n<meta property=\"og:image\" content=\"https:\/\/www.ivinio.com\/wp-content\/uploads\/2023\/03\/Vinchio-vaglio-i-tre-vescovi-IVINIO.jpg\" \/>\n\t<meta property=\"og:image:width\" content=\"500\" \/>\n\t<meta property=\"og:image:height\" content=\"500\" \/>\n\t<meta property=\"og:image:type\" content=\"image\/jpeg\" \/>\n<meta name=\"twitter:card\" content=\"summary_large_image\" \/>\n<meta name=\"twitter:label1\" content=\"Ber\u00e4knad l\u00e4stid\" \/>\n\t<meta name=\"twitter:data1\" content=\"1 minut\" \/>\n<script type=\"application\/ld+json\" class=\"yoast-schema-graph\">{\"@context\":\"https:\\\/\\\/schema.org\",\"@graph\":[{\"@type\":\"WebPage\",\"@id\":\"https:\\\/\\\/www.ivinio.com\\\/sv\\\/produkt\\\/vinchio-vaglio-i-tre-viscovi-rod\\\/\",\"url\":\"https:\\\/\\\/www.ivinio.com\\\/sv\\\/produkt\\\/vinchio-vaglio-i-tre-viscovi-rod\\\/\",\"name\":\"Vinchio Vaglio - I tre viscovi - Barbera d'Asti Superiore - R\u00f6dvin- IVINIO Vinbutik\",\"isPartOf\":{\"@id\":\"https:\\\/\\\/www.ivinio.com\\\/sv\\\/#website\"},\"primaryImageOfPage\":{\"@id\":\"https:\\\/\\\/www.ivinio.com\\\/sv\\\/produkt\\\/vinchio-vaglio-i-tre-viscovi-rod\\\/#primaryimage\"},\"image\":{\"@id\":\"https:\\\/\\\/www.ivinio.com\\\/sv\\\/produkt\\\/vinchio-vaglio-i-tre-viscovi-rod\\\/#primaryimage\"},\"thumbnailUrl\":\"https:\\\/\\\/www.ivinio.com\\\/wp-content\\\/uploads\\\/2023\\\/03\\\/Vinchio-vaglio-i-tre-vescovi-IVINIO.jpg\",\"datePublished\":\"2023-04-01T10:23:20+00:00\",\"dateModified\":\"2023-09-16T09:55:38+00:00\",\"description\":\"Vinchio Vaglio - I tre viscovi - Barbera d'Asti Superiore - R\u00f6dvin. Ett komplext r\u00f6dvin med aromer av kryddnejlika, peppar, eukalyptus, tobak och vanilj.\",\"breadcrumb\":{\"@id\":\"https:\\\/\\\/www.ivinio.com\\\/sv\\\/produkt\\\/vinchio-vaglio-i-tre-viscovi-rod\\\/#breadcrumb\"},\"inLanguage\":\"sv-SE\",\"potentialAction\":[{\"@type\":\"ReadAction\",\"target\":[\"https:\\\/\\\/www.ivinio.com\\\/sv\\\/produkt\\\/vinchio-vaglio-i-tre-viscovi-rod\\\/\"]}]},{\"@type\":\"ImageObject\",\"inLanguage\":\"sv-SE\",\"@id\":\"https:\\\/\\\/www.ivinio.com\\\/sv\\\/produkt\\\/vinchio-vaglio-i-tre-viscovi-rod\\\/#primaryimage\",\"url\":\"https:\\\/\\\/www.ivinio.com\\\/wp-content\\\/uploads\\\/2023\\\/03\\\/Vinchio-vaglio-i-tre-vescovi-IVINIO.jpg\",\"contentUrl\":\"https:\\\/\\\/www.ivinio.com\\\/wp-content\\\/uploads\\\/2023\\\/03\\\/Vinchio-vaglio-i-tre-vescovi-IVINIO.jpg\",\"width\":500,\"height\":500,\"caption\":\"Vinchio vaglio - I tre viscovi\"},{\"@type\":\"BreadcrumbList\",\"@id\":\"https:\\\/\\\/www.ivinio.com\\\/sv\\\/produkt\\\/vinchio-vaglio-i-tre-viscovi-rod\\\/#breadcrumb\",\"itemListElement\":[{\"@type\":\"ListItem\",\"position\":1,\"name\":\"Hem\",\"item\":\"https:\\\/\\\/www.ivinio.com\\\/sv\\\/\"},{\"@type\":\"ListItem\",\"position\":2,\"name\":\"Vinbutik\",\"item\":\"https:\\\/\\\/www.ivinio.com\\\/sv\\\/vinbutik\\\/\"},{\"@type\":\"ListItem\",\"position\":3,\"name\":\"Vinchio Vaglio &#8211; I tre viscovi &#8211; Barbera d&#8217;Asti Superiore &#8211; R\u00f6d\"}]},{\"@type\":\"WebSite\",\"@id\":\"https:\\\/\\\/www.ivinio.com\\\/sv\\\/#website\",\"url\":\"https:\\\/\\\/www.ivinio.com\\\/sv\\\/\",\"name\":\"IVINIO Vinbutik\",\"description\":\"Vin fr\u00e5n Frankrike och Italien med leverans hem till din d\u00f6rr\",\"publisher\":{\"@id\":\"https:\\\/\\\/www.ivinio.com\\\/sv\\\/#organization\"},\"potentialAction\":[{\"@type\":\"SearchAction\",\"target\":{\"@type\":\"EntryPoint\",\"urlTemplate\":\"https:\\\/\\\/www.ivinio.com\\\/sv\\\/?s={search_term_string}\"},\"query-input\":{\"@type\":\"PropertyValueSpecification\",\"valueRequired\":true,\"valueName\":\"search_term_string\"}}],\"inLanguage\":\"sv-SE\"},{\"@type\":\"Organization\",\"@id\":\"https:\\\/\\\/www.ivinio.com\\\/sv\\\/#organization\",\"name\":\"IVINIO\",\"url\":\"https:\\\/\\\/www.ivinio.com\\\/sv\\\/\",\"logo\":{\"@type\":\"ImageObject\",\"inLanguage\":\"sv-SE\",\"@id\":\"https:\\\/\\\/www.ivinio.com\\\/sv\\\/#\\\/schema\\\/logo\\\/image\\\/\",\"url\":\"https:\\\/\\\/www.ivinio.com\\\/wp-content\\\/uploads\\\/2021\\\/01\\\/Logo-Ivinio-v2.jpg\",\"contentUrl\":\"https:\\\/\\\/www.ivinio.com\\\/wp-content\\\/uploads\\\/2021\\\/01\\\/Logo-Ivinio-v2.jpg\",\"width\":1194,\"height\":1194,\"caption\":\"IVINIO\"},\"image\":{\"@id\":\"https:\\\/\\\/www.ivinio.com\\\/sv\\\/#\\\/schema\\\/logo\\\/image\\\/\"},\"sameAs\":[\"https:\\\/\\\/www.facebook.com\\\/groups\\\/165217837022391\\\/?ref=bookmarks\",\"https:\\\/\\\/www.instagram.com\\\/_ivinio_\\\/?hl=fr\"]}]}<\/script>\n<!-- \/ Yoast SEO plugin. -->","yoast_head_json":{"title":"Vinchio Vaglio - I tre viscovi - Barbera d'Asti Superiore - R\u00f6dvin- IVINIO Vinbutik","description":"Vinchio Vaglio - I tre viscovi - Barbera d'Asti Superiore - R\u00f6dvin. Ett komplext r\u00f6dvin med aromer av kryddnejlika, peppar, eukalyptus, tobak och vanilj.","robots":{"index":"index","follow":"follow","max-snippet":"max-snippet:-1","max-image-preview":"max-image-preview:large","max-video-preview":"max-video-preview:-1"},"canonical":"https:\/\/www.ivinio.com\/sv\/produkt\/vinchio-vaglio-i-tre-viscovi-rod\/","og_locale":"sv_SE","og_type":"article","og_title":"Vinchio Vaglio - I tre viscovi - Barbera d'Asti Superiore - R\u00f6dvin- IVINIO Vinbutik","og_description":"Vinchio Vaglio - I tre viscovi - Barbera d'Asti Superiore - R\u00f6dvin. Ett komplext r\u00f6dvin med aromer av kryddnejlika, peppar, eukalyptus, tobak och vanilj.","og_url":"https:\/\/www.ivinio.com\/sv\/produkt\/vinchio-vaglio-i-tre-viscovi-rod\/","og_site_name":"IVINIO Vinbutik","article_publisher":"https:\/\/www.facebook.com\/groups\/165217837022391\/?ref=bookmarks","article_modified_time":"2023-09-16T09:55:38+00:00","og_image":[{"width":500,"height":500,"url":"https:\/\/www.ivinio.com\/wp-content\/uploads\/2023\/03\/Vinchio-vaglio-i-tre-vescovi-IVINIO.jpg","type":"image\/jpeg"}],"twitter_card":"summary_large_image","twitter_misc":{"Ber\u00e4knad l\u00e4stid":"1 minut"},"schema":{"@context":"https:\/\/schema.org","@graph":[{"@type":"WebPage","@id":"https:\/\/www.ivinio.com\/sv\/produkt\/vinchio-vaglio-i-tre-viscovi-rod\/","url":"https:\/\/www.ivinio.com\/sv\/produkt\/vinchio-vaglio-i-tre-viscovi-rod\/","name":"Vinchio Vaglio - I tre viscovi - Barbera d'Asti Superiore - R\u00f6dvin- IVINIO Vinbutik","isPartOf":{"@id":"https:\/\/www.ivinio.com\/sv\/#website"},"primaryImageOfPage":{"@id":"https:\/\/www.ivinio.com\/sv\/produkt\/vinchio-vaglio-i-tre-viscovi-rod\/#primaryimage"},"image":{"@id":"https:\/\/www.ivinio.com\/sv\/produkt\/vinchio-vaglio-i-tre-viscovi-rod\/#primaryimage"},"thumbnailUrl":"https:\/\/www.ivinio.com\/wp-content\/uploads\/2023\/03\/Vinchio-vaglio-i-tre-vescovi-IVINIO.jpg","datePublished":"2023-04-01T10:23:20+00:00","dateModified":"2023-09-16T09:55:38+00:00","description":"Vinchio Vaglio - I tre viscovi - Barbera d'Asti Superiore - R\u00f6dvin. Ett komplext r\u00f6dvin med aromer av kryddnejlika, peppar, eukalyptus, tobak och vanilj.","breadcrumb":{"@id":"https:\/\/www.ivinio.com\/sv\/produkt\/vinchio-vaglio-i-tre-viscovi-rod\/#breadcrumb"},"inLanguage":"sv-SE","potentialAction":[{"@type":"ReadAction","target":["https:\/\/www.ivinio.com\/sv\/produkt\/vinchio-vaglio-i-tre-viscovi-rod\/"]}]},{"@type":"ImageObject","inLanguage":"sv-SE","@id":"https:\/\/www.ivinio.com\/sv\/produkt\/vinchio-vaglio-i-tre-viscovi-rod\/#primaryimage","url":"https:\/\/www.ivinio.com\/wp-content\/uploads\/2023\/03\/Vinchio-vaglio-i-tre-vescovi-IVINIO.jpg","contentUrl":"https:\/\/www.ivinio.com\/wp-content\/uploads\/2023\/03\/Vinchio-vaglio-i-tre-vescovi-IVINIO.jpg","width":500,"height":500,"caption":"Vinchio vaglio - I tre viscovi"},{"@type":"BreadcrumbList","@id":"https:\/\/www.ivinio.com\/sv\/produkt\/vinchio-vaglio-i-tre-viscovi-rod\/#breadcrumb","itemListElement":[{"@type":"ListItem","position":1,"name":"Hem","item":"https:\/\/www.ivinio.com\/sv\/"},{"@type":"ListItem","position":2,"name":"Vinbutik","item":"https:\/\/www.ivinio.com\/sv\/vinbutik\/"},{"@type":"ListItem","position":3,"name":"Vinchio Vaglio &#8211; I tre viscovi &#8211; Barbera d&#8217;Asti Superiore &#8211; R\u00f6d"}]},{"@type":"WebSite","@id":"https:\/\/www.ivinio.com\/sv\/#website","url":"https:\/\/www.ivinio.com\/sv\/","name":"IVINIO Vinbutik","description":"Vin fr\u00e5n Frankrike och Italien med leverans hem till din d\u00f6rr","publisher":{"@id":"https:\/\/www.ivinio.com\/sv\/#organization"},"potentialAction":[{"@type":"SearchAction","target":{"@type":"EntryPoint","urlTemplate":"https:\/\/www.ivinio.com\/sv\/?s={search_term_string}"},"query-input":{"@type":"PropertyValueSpecification","valueRequired":true,"valueName":"search_term_string"}}],"inLanguage":"sv-SE"},{"@type":"Organization","@id":"https:\/\/www.ivinio.com\/sv\/#organization","name":"IVINIO","url":"https:\/\/www.ivinio.com\/sv\/","logo":{"@type":"ImageObject","inLanguage":"sv-SE","@id":"https:\/\/www.ivinio.com\/sv\/#\/schema\/logo\/image\/","url":"https:\/\/www.ivinio.com\/wp-content\/uploads\/2021\/01\/Logo-Ivinio-v2.jpg","contentUrl":"https:\/\/www.ivinio.com\/wp-content\/uploads\/2021\/01\/Logo-Ivinio-v2.jpg","width":1194,"height":1194,"caption":"IVINIO"},"image":{"@id":"https:\/\/www.ivinio.com\/sv\/#\/schema\/logo\/image\/"},"sameAs":["https:\/\/www.facebook.com\/groups\/165217837022391\/?ref=bookmarks","https:\/\/www.instagram.com\/_ivinio_\/?hl=fr"]}]}},"jetpack_sharing_enabled":true,"_links":{"self":[{"href":"https:\/\/www.ivinio.com\/sv\/wp-json\/wp\/v2\/product\/132605","targetHints":{"allow":["GET"]}}],"collection":[{"href":"https:\/\/www.ivinio.com\/sv\/wp-json\/wp\/v2\/product"}],"about":[{"href":"https:\/\/www.ivinio.com\/sv\/wp-json\/wp\/v2\/types\/product"}],"replies":[{"embeddable":true,"href":"https:\/\/www.ivinio.com\/sv\/wp-json\/wp\/v2\/comments?post=132605"}],"wp:featuredmedia":[{"embeddable":true,"href":"https:\/\/www.ivinio.com\/sv\/wp-json\/wp\/v2\/media\/132606"}],"wp:attachment":[{"href":"https:\/\/www.ivinio.com\/sv\/wp-json\/wp\/v2\/media?parent=132605"}],"wp:term":[{"taxonomy":"product_brand","embeddable":true,"href":"https:\/\/www.ivinio.com\/sv\/wp-json\/wp\/v2\/product_brand?post=132605"},{"taxonomy":"product_cat","embeddable":true,"href":"https:\/\/www.ivinio.com\/sv\/wp-json\/wp\/v2\/product_cat?post=132605"},{"taxonomy":"product_tag","embeddable":true,"href":"https:\/\/www.ivinio.com\/sv\/wp-json\/wp\/v2\/product_tag?post=132605"}],"curies":[{"name":"wp","href":"https:\/\/api.w.org\/{rel}","templated":true}]}}