{"id":132582,"date":"2023-03-28T15:05:21","date_gmt":"2023-03-28T13:05:21","guid":{"rendered":"https:\/\/www.ivinio.com\/?post_type=product&#038;p=132582"},"modified":"2023-04-15T11:51:09","modified_gmt":"2023-04-15T09:51:09","slug":"azienda-agricola-taliano-michele-tera-mia-barbaresco-riserva","status":"publish","type":"product","link":"https:\/\/www.ivinio.com\/sv\/produkt\/azienda-agricola-taliano-michele-tera-mia-barbaresco-riserva\/","title":{"rendered":"Azienda agricola Taliano Michele &#8211; Tera mia &#8211; Barbaresco Riserva"},"content":{"rendered":"<p>Azienda agricola Taliano Michele &#8211; Tera mia &#8211; Barbaresco Riserva framst\u00e4lls av 100% Nebbiolo-druvor som odlats i Montersino-omr\u00e5det (San Rocco d&#8217;Elvio). Druvorna sk\u00f6rdas i mitten av oktober. Vinet framst\u00e4lls sedan enligt klassisk metod med maceration och lagras sedan 4 \u00e5r p\u00e5 ekfat, dvs 2 \u00e5r l\u00e4ngre \u00e4n f\u00f6r den traditionnella Barbarescon.<\/p>\n","protected":false},"excerpt":{"rendered":"<p>Barbaresco Riserva med 4 \u00e5rs eklagring. Fylligt r\u00f6dvin kryddiga toner av \u00f6rter, aromer av tobak och lakrits samt tj\u00e4ra.<\/p>\n","protected":false},"featured_media":132585,"comment_status":"open","ping_status":"closed","template":"","meta":{"_monsterinsights_skip_tracking":false,"_monsterinsights_sitenote_active":false,"_monsterinsights_sitenote_note":"","_monsterinsights_sitenote_category":0,"_uf_show_specific_survey":0,"_uf_disable_surveys":false},"product_brand":[],"product_cat":[36590,36599],"product_tag":[],"class_list":{"0":"post-132582","1":"product","2":"type-product","3":"status-publish","4":"has-post-thumbnail","6":"product_cat-italian-wines","7":"product_cat-en-piedmont","8":"pa_alcohol-degree-14-en","9":"pa_classification-docg-barbaresco-en","10":"pa_color-red","11":"pa_country-italy-en","12":"pa_grape-variety-nebbiolo-en","13":"pa_package-1x1-en","14":"pa_package-1x6-en","15":"pa_region-piedmont-en","16":"pa_storage-potential-more-than-10-years","17":"pa_vintage-2018-en","18":"pa_volume-75-cl-en","20":"first","21":"instock","22":"taxable","23":"shipping-taxable","24":"purchasable","25":"product-type-variable"},"bundled_by":[],"bundle_stock_status":"instock","bundle_stock_quantity":null,"bundle_virtual":false,"bundle_layout":"","bundle_add_to_cart_form_location":"","bundle_editable_in_cart":false,"bundle_sold_individually_context":"","bundle_item_grouping":"","bundle_min_size":"","bundle_max_size":"","bundle_price":[],"bundled_items":[],"bundle_sell_ids":[],"yoast_head":"<!-- This site is optimized with the Yoast SEO plugin v27.4 - https:\/\/yoast.com\/product\/yoast-seo-wordpress\/ -->\n<title>Azienda agricola Taliano Michele - Tera mia - Barbaresco Riserva - IVINIO Vinbutik<\/title>\n<meta name=\"description\" content=\"Azienda agricola Taliano Michele - Tera mia - Barbaresco Riserva \u00e4r ett fylligt r\u00f6dvin kryddiga toner av \u00f6rter, aromer av tobak och lakrits samt tj\u00e4ra.\" \/>\n<meta name=\"robots\" content=\"index, follow, max-snippet:-1, max-image-preview:large, max-video-preview:-1\" \/>\n<link rel=\"canonical\" href=\"https:\/\/www.ivinio.com\/sv\/produkt\/azienda-agricola-taliano-michele-tera-mia-barbaresco-riserva\/\" \/>\n<meta property=\"og:locale\" content=\"sv_SE\" \/>\n<meta property=\"og:type\" content=\"article\" \/>\n<meta property=\"og:title\" content=\"Azienda agricola Taliano Michele - Tera mia - Barbaresco Riserva - IVINIO Vinbutik\" \/>\n<meta property=\"og:description\" content=\"Azienda agricola Taliano Michele - Tera mia - Barbaresco Riserva \u00e4r ett fylligt r\u00f6dvin kryddiga toner av \u00f6rter, aromer av tobak och lakrits samt tj\u00e4ra.\" \/>\n<meta property=\"og:url\" content=\"https:\/\/www.ivinio.com\/sv\/produkt\/azienda-agricola-taliano-michele-tera-mia-barbaresco-riserva\/\" \/>\n<meta property=\"og:site_name\" content=\"IVINIO Vinbutik\" \/>\n<meta property=\"article:publisher\" content=\"https:\/\/www.facebook.com\/groups\/165217837022391\/?ref=bookmarks\" \/>\n<meta property=\"article:modified_time\" content=\"2023-04-15T09:51:09+00:00\" \/>\n<meta property=\"og:image\" content=\"https:\/\/www.ivinio.com\/wp-content\/uploads\/2023\/03\/Taliano-Michele-Barabresco-Tera-mia-IVINIO.jpg\" \/>\n\t<meta property=\"og:image:width\" content=\"500\" \/>\n\t<meta property=\"og:image:height\" content=\"500\" \/>\n\t<meta property=\"og:image:type\" content=\"image\/jpeg\" \/>\n<meta name=\"twitter:card\" content=\"summary_large_image\" \/>\n<script type=\"application\/ld+json\" class=\"yoast-schema-graph\">{\"@context\":\"https:\\\/\\\/schema.org\",\"@graph\":[{\"@type\":\"WebPage\",\"@id\":\"https:\\\/\\\/www.ivinio.com\\\/sv\\\/produkt\\\/azienda-agricola-taliano-michele-tera-mia-barbaresco-riserva\\\/\",\"url\":\"https:\\\/\\\/www.ivinio.com\\\/sv\\\/produkt\\\/azienda-agricola-taliano-michele-tera-mia-barbaresco-riserva\\\/\",\"name\":\"Azienda agricola Taliano Michele - Tera mia - Barbaresco Riserva - IVINIO Vinbutik\",\"isPartOf\":{\"@id\":\"https:\\\/\\\/www.ivinio.com\\\/sv\\\/#website\"},\"primaryImageOfPage\":{\"@id\":\"https:\\\/\\\/www.ivinio.com\\\/sv\\\/produkt\\\/azienda-agricola-taliano-michele-tera-mia-barbaresco-riserva\\\/#primaryimage\"},\"image\":{\"@id\":\"https:\\\/\\\/www.ivinio.com\\\/sv\\\/produkt\\\/azienda-agricola-taliano-michele-tera-mia-barbaresco-riserva\\\/#primaryimage\"},\"thumbnailUrl\":\"https:\\\/\\\/www.ivinio.com\\\/wp-content\\\/uploads\\\/2023\\\/03\\\/Taliano-Michele-Barabresco-Tera-mia-IVINIO.jpg\",\"datePublished\":\"2023-03-28T13:05:21+00:00\",\"dateModified\":\"2023-04-15T09:51:09+00:00\",\"description\":\"Azienda agricola Taliano Michele - Tera mia - Barbaresco Riserva \u00e4r ett fylligt r\u00f6dvin kryddiga toner av \u00f6rter, aromer av tobak och lakrits samt tj\u00e4ra.\",\"breadcrumb\":{\"@id\":\"https:\\\/\\\/www.ivinio.com\\\/sv\\\/produkt\\\/azienda-agricola-taliano-michele-tera-mia-barbaresco-riserva\\\/#breadcrumb\"},\"inLanguage\":\"sv-SE\",\"potentialAction\":[{\"@type\":\"ReadAction\",\"target\":[\"https:\\\/\\\/www.ivinio.com\\\/sv\\\/produkt\\\/azienda-agricola-taliano-michele-tera-mia-barbaresco-riserva\\\/\"]}]},{\"@type\":\"ImageObject\",\"inLanguage\":\"sv-SE\",\"@id\":\"https:\\\/\\\/www.ivinio.com\\\/sv\\\/produkt\\\/azienda-agricola-taliano-michele-tera-mia-barbaresco-riserva\\\/#primaryimage\",\"url\":\"https:\\\/\\\/www.ivinio.com\\\/wp-content\\\/uploads\\\/2023\\\/03\\\/Taliano-Michele-Barabresco-Tera-mia-IVINIO.jpg\",\"contentUrl\":\"https:\\\/\\\/www.ivinio.com\\\/wp-content\\\/uploads\\\/2023\\\/03\\\/Taliano-Michele-Barabresco-Tera-mia-IVINIO.jpg\",\"width\":500,\"height\":500},{\"@type\":\"BreadcrumbList\",\"@id\":\"https:\\\/\\\/www.ivinio.com\\\/sv\\\/produkt\\\/azienda-agricola-taliano-michele-tera-mia-barbaresco-riserva\\\/#breadcrumb\",\"itemListElement\":[{\"@type\":\"ListItem\",\"position\":1,\"name\":\"Hem\",\"item\":\"https:\\\/\\\/www.ivinio.com\\\/sv\\\/\"},{\"@type\":\"ListItem\",\"position\":2,\"name\":\"Vinbutik\",\"item\":\"https:\\\/\\\/www.ivinio.com\\\/sv\\\/vinbutik\\\/\"},{\"@type\":\"ListItem\",\"position\":3,\"name\":\"Azienda agricola Taliano Michele &#8211; Tera mia &#8211; Barbaresco Riserva\"}]},{\"@type\":\"WebSite\",\"@id\":\"https:\\\/\\\/www.ivinio.com\\\/sv\\\/#website\",\"url\":\"https:\\\/\\\/www.ivinio.com\\\/sv\\\/\",\"name\":\"IVINIO Vinbutik\",\"description\":\"Vin fr\u00e5n Frankrike och Italien med leverans hem till din d\u00f6rr\",\"publisher\":{\"@id\":\"https:\\\/\\\/www.ivinio.com\\\/sv\\\/#organization\"},\"potentialAction\":[{\"@type\":\"SearchAction\",\"target\":{\"@type\":\"EntryPoint\",\"urlTemplate\":\"https:\\\/\\\/www.ivinio.com\\\/sv\\\/?s={search_term_string}\"},\"query-input\":{\"@type\":\"PropertyValueSpecification\",\"valueRequired\":true,\"valueName\":\"search_term_string\"}}],\"inLanguage\":\"sv-SE\"},{\"@type\":\"Organization\",\"@id\":\"https:\\\/\\\/www.ivinio.com\\\/sv\\\/#organization\",\"name\":\"IVINIO\",\"url\":\"https:\\\/\\\/www.ivinio.com\\\/sv\\\/\",\"logo\":{\"@type\":\"ImageObject\",\"inLanguage\":\"sv-SE\",\"@id\":\"https:\\\/\\\/www.ivinio.com\\\/sv\\\/#\\\/schema\\\/logo\\\/image\\\/\",\"url\":\"https:\\\/\\\/www.ivinio.com\\\/wp-content\\\/uploads\\\/2021\\\/01\\\/Logo-Ivinio-v2.jpg\",\"contentUrl\":\"https:\\\/\\\/www.ivinio.com\\\/wp-content\\\/uploads\\\/2021\\\/01\\\/Logo-Ivinio-v2.jpg\",\"width\":1194,\"height\":1194,\"caption\":\"IVINIO\"},\"image\":{\"@id\":\"https:\\\/\\\/www.ivinio.com\\\/sv\\\/#\\\/schema\\\/logo\\\/image\\\/\"},\"sameAs\":[\"https:\\\/\\\/www.facebook.com\\\/groups\\\/165217837022391\\\/?ref=bookmarks\",\"https:\\\/\\\/www.instagram.com\\\/_ivinio_\\\/?hl=fr\"]}]}<\/script>\n<!-- \/ Yoast SEO plugin. -->","yoast_head_json":{"title":"Azienda agricola Taliano Michele - Tera mia - Barbaresco Riserva - IVINIO Vinbutik","description":"Azienda agricola Taliano Michele - Tera mia - Barbaresco Riserva \u00e4r ett fylligt r\u00f6dvin kryddiga toner av \u00f6rter, aromer av tobak och lakrits samt tj\u00e4ra.","robots":{"index":"index","follow":"follow","max-snippet":"max-snippet:-1","max-image-preview":"max-image-preview:large","max-video-preview":"max-video-preview:-1"},"canonical":"https:\/\/www.ivinio.com\/sv\/produkt\/azienda-agricola-taliano-michele-tera-mia-barbaresco-riserva\/","og_locale":"sv_SE","og_type":"article","og_title":"Azienda agricola Taliano Michele - Tera mia - Barbaresco Riserva - IVINIO Vinbutik","og_description":"Azienda agricola Taliano Michele - Tera mia - Barbaresco Riserva \u00e4r ett fylligt r\u00f6dvin kryddiga toner av \u00f6rter, aromer av tobak och lakrits samt tj\u00e4ra.","og_url":"https:\/\/www.ivinio.com\/sv\/produkt\/azienda-agricola-taliano-michele-tera-mia-barbaresco-riserva\/","og_site_name":"IVINIO Vinbutik","article_publisher":"https:\/\/www.facebook.com\/groups\/165217837022391\/?ref=bookmarks","article_modified_time":"2023-04-15T09:51:09+00:00","og_image":[{"width":500,"height":500,"url":"https:\/\/www.ivinio.com\/wp-content\/uploads\/2023\/03\/Taliano-Michele-Barabresco-Tera-mia-IVINIO.jpg","type":"image\/jpeg"}],"twitter_card":"summary_large_image","schema":{"@context":"https:\/\/schema.org","@graph":[{"@type":"WebPage","@id":"https:\/\/www.ivinio.com\/sv\/produkt\/azienda-agricola-taliano-michele-tera-mia-barbaresco-riserva\/","url":"https:\/\/www.ivinio.com\/sv\/produkt\/azienda-agricola-taliano-michele-tera-mia-barbaresco-riserva\/","name":"Azienda agricola Taliano Michele - Tera mia - Barbaresco Riserva - IVINIO Vinbutik","isPartOf":{"@id":"https:\/\/www.ivinio.com\/sv\/#website"},"primaryImageOfPage":{"@id":"https:\/\/www.ivinio.com\/sv\/produkt\/azienda-agricola-taliano-michele-tera-mia-barbaresco-riserva\/#primaryimage"},"image":{"@id":"https:\/\/www.ivinio.com\/sv\/produkt\/azienda-agricola-taliano-michele-tera-mia-barbaresco-riserva\/#primaryimage"},"thumbnailUrl":"https:\/\/www.ivinio.com\/wp-content\/uploads\/2023\/03\/Taliano-Michele-Barabresco-Tera-mia-IVINIO.jpg","datePublished":"2023-03-28T13:05:21+00:00","dateModified":"2023-04-15T09:51:09+00:00","description":"Azienda agricola Taliano Michele - Tera mia - Barbaresco Riserva \u00e4r ett fylligt r\u00f6dvin kryddiga toner av \u00f6rter, aromer av tobak och lakrits samt tj\u00e4ra.","breadcrumb":{"@id":"https:\/\/www.ivinio.com\/sv\/produkt\/azienda-agricola-taliano-michele-tera-mia-barbaresco-riserva\/#breadcrumb"},"inLanguage":"sv-SE","potentialAction":[{"@type":"ReadAction","target":["https:\/\/www.ivinio.com\/sv\/produkt\/azienda-agricola-taliano-michele-tera-mia-barbaresco-riserva\/"]}]},{"@type":"ImageObject","inLanguage":"sv-SE","@id":"https:\/\/www.ivinio.com\/sv\/produkt\/azienda-agricola-taliano-michele-tera-mia-barbaresco-riserva\/#primaryimage","url":"https:\/\/www.ivinio.com\/wp-content\/uploads\/2023\/03\/Taliano-Michele-Barabresco-Tera-mia-IVINIO.jpg","contentUrl":"https:\/\/www.ivinio.com\/wp-content\/uploads\/2023\/03\/Taliano-Michele-Barabresco-Tera-mia-IVINIO.jpg","width":500,"height":500},{"@type":"BreadcrumbList","@id":"https:\/\/www.ivinio.com\/sv\/produkt\/azienda-agricola-taliano-michele-tera-mia-barbaresco-riserva\/#breadcrumb","itemListElement":[{"@type":"ListItem","position":1,"name":"Hem","item":"https:\/\/www.ivinio.com\/sv\/"},{"@type":"ListItem","position":2,"name":"Vinbutik","item":"https:\/\/www.ivinio.com\/sv\/vinbutik\/"},{"@type":"ListItem","position":3,"name":"Azienda agricola Taliano Michele &#8211; Tera mia &#8211; Barbaresco Riserva"}]},{"@type":"WebSite","@id":"https:\/\/www.ivinio.com\/sv\/#website","url":"https:\/\/www.ivinio.com\/sv\/","name":"IVINIO Vinbutik","description":"Vin fr\u00e5n Frankrike och Italien med leverans hem till din d\u00f6rr","publisher":{"@id":"https:\/\/www.ivinio.com\/sv\/#organization"},"potentialAction":[{"@type":"SearchAction","target":{"@type":"EntryPoint","urlTemplate":"https:\/\/www.ivinio.com\/sv\/?s={search_term_string}"},"query-input":{"@type":"PropertyValueSpecification","valueRequired":true,"valueName":"search_term_string"}}],"inLanguage":"sv-SE"},{"@type":"Organization","@id":"https:\/\/www.ivinio.com\/sv\/#organization","name":"IVINIO","url":"https:\/\/www.ivinio.com\/sv\/","logo":{"@type":"ImageObject","inLanguage":"sv-SE","@id":"https:\/\/www.ivinio.com\/sv\/#\/schema\/logo\/image\/","url":"https:\/\/www.ivinio.com\/wp-content\/uploads\/2021\/01\/Logo-Ivinio-v2.jpg","contentUrl":"https:\/\/www.ivinio.com\/wp-content\/uploads\/2021\/01\/Logo-Ivinio-v2.jpg","width":1194,"height":1194,"caption":"IVINIO"},"image":{"@id":"https:\/\/www.ivinio.com\/sv\/#\/schema\/logo\/image\/"},"sameAs":["https:\/\/www.facebook.com\/groups\/165217837022391\/?ref=bookmarks","https:\/\/www.instagram.com\/_ivinio_\/?hl=fr"]}]}},"jetpack_sharing_enabled":true,"_links":{"self":[{"href":"https:\/\/www.ivinio.com\/sv\/wp-json\/wp\/v2\/product\/132582","targetHints":{"allow":["GET"]}}],"collection":[{"href":"https:\/\/www.ivinio.com\/sv\/wp-json\/wp\/v2\/product"}],"about":[{"href":"https:\/\/www.ivinio.com\/sv\/wp-json\/wp\/v2\/types\/product"}],"replies":[{"embeddable":true,"href":"https:\/\/www.ivinio.com\/sv\/wp-json\/wp\/v2\/comments?post=132582"}],"wp:featuredmedia":[{"embeddable":true,"href":"https:\/\/www.ivinio.com\/sv\/wp-json\/wp\/v2\/media\/132585"}],"wp:attachment":[{"href":"https:\/\/www.ivinio.com\/sv\/wp-json\/wp\/v2\/media?parent=132582"}],"wp:term":[{"taxonomy":"product_brand","embeddable":true,"href":"https:\/\/www.ivinio.com\/sv\/wp-json\/wp\/v2\/product_brand?post=132582"},{"taxonomy":"product_cat","embeddable":true,"href":"https:\/\/www.ivinio.com\/sv\/wp-json\/wp\/v2\/product_cat?post=132582"},{"taxonomy":"product_tag","embeddable":true,"href":"https:\/\/www.ivinio.com\/sv\/wp-json\/wp\/v2\/product_tag?post=132582"}],"curies":[{"name":"wp","href":"https:\/\/api.w.org\/{rel}","templated":true}]}}