{"id":131999,"date":"2022-12-10T12:34:00","date_gmt":"2022-12-10T11:34:00","guid":{"rendered":"https:\/\/www.ivinio.com\/?post_type=product&#038;p=131999"},"modified":"2026-01-05T17:45:15","modified_gmt":"2026-01-05T16:45:15","slug":"the-balvenie-carribean-cask-14-years","status":"publish","type":"product","link":"https:\/\/www.ivinio.com\/sv\/produkt\/the-balvenie-carribean-cask-14-years\/","title":{"rendered":"The Balvenie &#8211; Carribean cask &#8211; 14 years"},"content":{"rendered":"<p>Balvenie Caribbean Cask &#8211; 14 Year Old Single Malt Whisky har f\u00f6rst lagrats p\u00e5 traditionella ekwhiskyfat i 14 \u00e5r, innan whiskyn f\u00f6rts \u00f6ver f\u00f6r att &#8220;mogna&#8221; p\u00e5 fat som f\u00f6rst inneh\u00e5llit karibisk rom.<\/p>\n<p>F\u00f6r att skapa en perfekt finish, har k\u00e4llarm\u00e4staren David C. Stewart MBE fyllt amerikanska ekfat med sitt eget urval av v\u00e4stindisk rom.<\/p>\n<p>N\u00e4r han ans\u00e5g att faten var klara, bytte han ut romen mot den 14-\u00e5riga whisky och l\u00e4t ek-tr\u00e4et g\u00f6ra sitt f\u00f6r att s\u00e4tta pricken \u00f6ver i:et.<\/p>\n","protected":false},"excerpt":{"rendered":"<p>The Balvenie &#8211; Carribean cask &#8211; 14 years har lagrats p\u00e5 Rom-fat f\u00f6r en rund och mjuk smak med komplexa aromer.<\/p>\n","protected":false},"featured_media":132000,"comment_status":"open","ping_status":"closed","template":"","meta":{"_monsterinsights_skip_tracking":false,"_monsterinsights_sitenote_active":false,"_monsterinsights_sitenote_note":"","_monsterinsights_sitenote_category":0,"_uf_show_specific_survey":0,"_uf_disable_surveys":false},"product_brand":[],"product_cat":[41178,41181],"product_tag":[],"class_list":{"0":"post-131999","1":"product","2":"type-product","3":"status-publish","4":"has-post-thumbnail","6":"product_cat-sprit","7":"product_cat-sv-whisky","9":"first","10":"instock","11":"taxable","12":"shipping-taxable","13":"purchasable","14":"product-type-simple"},"bundled_by":[],"bundle_stock_status":"instock","bundle_stock_quantity":null,"bundle_virtual":false,"bundle_layout":"","bundle_add_to_cart_form_location":"","bundle_editable_in_cart":false,"bundle_sold_individually_context":"","bundle_item_grouping":"","bundle_min_size":"","bundle_max_size":"","bundle_price":[],"bundled_items":[],"bundle_sell_ids":[],"yoast_head":"<!-- This site is optimized with the Yoast SEO plugin v27.5 - https:\/\/yoast.com\/product\/yoast-seo-wordpress\/ -->\n<title>The Balvenie - Carribean cask - 14 years - IVINIO Vinbutik<\/title>\n<meta name=\"description\" content=\"The Balvenie - Carribean cask - 14 years. Inslag av kr\u00e4mig och s\u00f6t karamell samt aromer av f\u00e4rsk frukt och honung. En l\u00e5ng och varm finish.\" \/>\n<meta name=\"robots\" content=\"index, follow, max-snippet:-1, max-image-preview:large, max-video-preview:-1\" \/>\n<link rel=\"canonical\" href=\"https:\/\/www.ivinio.com\/sv\/produkt\/the-balvenie-carribean-cask-14-years\/\" \/>\n<meta property=\"og:locale\" content=\"sv_SE\" \/>\n<meta property=\"og:type\" content=\"article\" \/>\n<meta property=\"og:title\" content=\"The Balvenie - Carribean cask - 14 years - IVINIO Vinbutik\" \/>\n<meta property=\"og:description\" content=\"The Balvenie - Carribean cask - 14 years. Inslag av kr\u00e4mig och s\u00f6t karamell samt aromer av f\u00e4rsk frukt och honung. En l\u00e5ng och varm finish.\" \/>\n<meta property=\"og:url\" content=\"https:\/\/www.ivinio.com\/sv\/produkt\/the-balvenie-carribean-cask-14-years\/\" \/>\n<meta property=\"og:site_name\" content=\"IVINIO Vinbutik\" \/>\n<meta property=\"article:publisher\" content=\"https:\/\/www.facebook.com\/groups\/165217837022391\/?ref=bookmarks\" \/>\n<meta property=\"article:modified_time\" content=\"2026-01-05T16:45:15+00:00\" \/>\n<meta property=\"og:image\" content=\"https:\/\/www.ivinio.com\/wp-content\/uploads\/2022\/12\/The-balvenie-carribean-cask.jpg\" \/>\n\t<meta property=\"og:image:width\" content=\"500\" \/>\n\t<meta property=\"og:image:height\" content=\"500\" \/>\n\t<meta property=\"og:image:type\" content=\"image\/jpeg\" \/>\n<meta name=\"twitter:card\" content=\"summary_large_image\" \/>\n<meta name=\"twitter:label1\" content=\"Ber\u00e4knad l\u00e4stid\" \/>\n\t<meta name=\"twitter:data1\" content=\"1 minut\" \/>\n<script type=\"application\/ld+json\" class=\"yoast-schema-graph\">{\"@context\":\"https:\\\/\\\/schema.org\",\"@graph\":[{\"@type\":\"WebPage\",\"@id\":\"https:\\\/\\\/www.ivinio.com\\\/sv\\\/produkt\\\/the-balvenie-carribean-cask-14-years\\\/\",\"url\":\"https:\\\/\\\/www.ivinio.com\\\/sv\\\/produkt\\\/the-balvenie-carribean-cask-14-years\\\/\",\"name\":\"The Balvenie - Carribean cask - 14 years - IVINIO Vinbutik\",\"isPartOf\":{\"@id\":\"https:\\\/\\\/www.ivinio.com\\\/sv\\\/#website\"},\"primaryImageOfPage\":{\"@id\":\"https:\\\/\\\/www.ivinio.com\\\/sv\\\/produkt\\\/the-balvenie-carribean-cask-14-years\\\/#primaryimage\"},\"image\":{\"@id\":\"https:\\\/\\\/www.ivinio.com\\\/sv\\\/produkt\\\/the-balvenie-carribean-cask-14-years\\\/#primaryimage\"},\"thumbnailUrl\":\"https:\\\/\\\/www.ivinio.com\\\/wp-content\\\/uploads\\\/2022\\\/12\\\/The-balvenie-carribean-cask.jpg\",\"datePublished\":\"2022-12-10T11:34:00+00:00\",\"dateModified\":\"2026-01-05T16:45:15+00:00\",\"description\":\"The Balvenie - Carribean cask - 14 years. Inslag av kr\u00e4mig och s\u00f6t karamell samt aromer av f\u00e4rsk frukt och honung. En l\u00e5ng och varm finish.\",\"breadcrumb\":{\"@id\":\"https:\\\/\\\/www.ivinio.com\\\/sv\\\/produkt\\\/the-balvenie-carribean-cask-14-years\\\/#breadcrumb\"},\"inLanguage\":\"sv-SE\",\"potentialAction\":[{\"@type\":\"ReadAction\",\"target\":[\"https:\\\/\\\/www.ivinio.com\\\/sv\\\/produkt\\\/the-balvenie-carribean-cask-14-years\\\/\"]}]},{\"@type\":\"ImageObject\",\"inLanguage\":\"sv-SE\",\"@id\":\"https:\\\/\\\/www.ivinio.com\\\/sv\\\/produkt\\\/the-balvenie-carribean-cask-14-years\\\/#primaryimage\",\"url\":\"https:\\\/\\\/www.ivinio.com\\\/wp-content\\\/uploads\\\/2022\\\/12\\\/The-balvenie-carribean-cask.jpg\",\"contentUrl\":\"https:\\\/\\\/www.ivinio.com\\\/wp-content\\\/uploads\\\/2022\\\/12\\\/The-balvenie-carribean-cask.jpg\",\"width\":500,\"height\":500},{\"@type\":\"BreadcrumbList\",\"@id\":\"https:\\\/\\\/www.ivinio.com\\\/sv\\\/produkt\\\/the-balvenie-carribean-cask-14-years\\\/#breadcrumb\",\"itemListElement\":[{\"@type\":\"ListItem\",\"position\":1,\"name\":\"Hem\",\"item\":\"https:\\\/\\\/www.ivinio.com\\\/sv\\\/\"},{\"@type\":\"ListItem\",\"position\":2,\"name\":\"Vinbutik\",\"item\":\"https:\\\/\\\/www.ivinio.com\\\/sv\\\/vinbutik\\\/\"},{\"@type\":\"ListItem\",\"position\":3,\"name\":\"The Balvenie &#8211; Carribean cask &#8211; 14 years\"}]},{\"@type\":\"WebSite\",\"@id\":\"https:\\\/\\\/www.ivinio.com\\\/sv\\\/#website\",\"url\":\"https:\\\/\\\/www.ivinio.com\\\/sv\\\/\",\"name\":\"IVINIO Vinbutik\",\"description\":\"Vin fr\u00e5n Frankrike och Italien med leverans hem till din d\u00f6rr\",\"publisher\":{\"@id\":\"https:\\\/\\\/www.ivinio.com\\\/sv\\\/#organization\"},\"potentialAction\":[{\"@type\":\"SearchAction\",\"target\":{\"@type\":\"EntryPoint\",\"urlTemplate\":\"https:\\\/\\\/www.ivinio.com\\\/sv\\\/?s={search_term_string}\"},\"query-input\":{\"@type\":\"PropertyValueSpecification\",\"valueRequired\":true,\"valueName\":\"search_term_string\"}}],\"inLanguage\":\"sv-SE\"},{\"@type\":\"Organization\",\"@id\":\"https:\\\/\\\/www.ivinio.com\\\/sv\\\/#organization\",\"name\":\"IVINIO\",\"url\":\"https:\\\/\\\/www.ivinio.com\\\/sv\\\/\",\"logo\":{\"@type\":\"ImageObject\",\"inLanguage\":\"sv-SE\",\"@id\":\"https:\\\/\\\/www.ivinio.com\\\/sv\\\/#\\\/schema\\\/logo\\\/image\\\/\",\"url\":\"https:\\\/\\\/www.ivinio.com\\\/wp-content\\\/uploads\\\/2021\\\/01\\\/Logo-Ivinio-v2.jpg\",\"contentUrl\":\"https:\\\/\\\/www.ivinio.com\\\/wp-content\\\/uploads\\\/2021\\\/01\\\/Logo-Ivinio-v2.jpg\",\"width\":1194,\"height\":1194,\"caption\":\"IVINIO\"},\"image\":{\"@id\":\"https:\\\/\\\/www.ivinio.com\\\/sv\\\/#\\\/schema\\\/logo\\\/image\\\/\"},\"sameAs\":[\"https:\\\/\\\/www.facebook.com\\\/groups\\\/165217837022391\\\/?ref=bookmarks\",\"https:\\\/\\\/www.instagram.com\\\/_ivinio_\\\/?hl=fr\"]}]}<\/script>\n<!-- \/ Yoast SEO plugin. -->","yoast_head_json":{"title":"The Balvenie - Carribean cask - 14 years - IVINIO Vinbutik","description":"The Balvenie - Carribean cask - 14 years. Inslag av kr\u00e4mig och s\u00f6t karamell samt aromer av f\u00e4rsk frukt och honung. En l\u00e5ng och varm finish.","robots":{"index":"index","follow":"follow","max-snippet":"max-snippet:-1","max-image-preview":"max-image-preview:large","max-video-preview":"max-video-preview:-1"},"canonical":"https:\/\/www.ivinio.com\/sv\/produkt\/the-balvenie-carribean-cask-14-years\/","og_locale":"sv_SE","og_type":"article","og_title":"The Balvenie - Carribean cask - 14 years - IVINIO Vinbutik","og_description":"The Balvenie - Carribean cask - 14 years. Inslag av kr\u00e4mig och s\u00f6t karamell samt aromer av f\u00e4rsk frukt och honung. En l\u00e5ng och varm finish.","og_url":"https:\/\/www.ivinio.com\/sv\/produkt\/the-balvenie-carribean-cask-14-years\/","og_site_name":"IVINIO Vinbutik","article_publisher":"https:\/\/www.facebook.com\/groups\/165217837022391\/?ref=bookmarks","article_modified_time":"2026-01-05T16:45:15+00:00","og_image":[{"width":500,"height":500,"url":"https:\/\/www.ivinio.com\/wp-content\/uploads\/2022\/12\/The-balvenie-carribean-cask.jpg","type":"image\/jpeg"}],"twitter_card":"summary_large_image","twitter_misc":{"Ber\u00e4knad l\u00e4stid":"1 minut"},"schema":{"@context":"https:\/\/schema.org","@graph":[{"@type":"WebPage","@id":"https:\/\/www.ivinio.com\/sv\/produkt\/the-balvenie-carribean-cask-14-years\/","url":"https:\/\/www.ivinio.com\/sv\/produkt\/the-balvenie-carribean-cask-14-years\/","name":"The Balvenie - Carribean cask - 14 years - IVINIO Vinbutik","isPartOf":{"@id":"https:\/\/www.ivinio.com\/sv\/#website"},"primaryImageOfPage":{"@id":"https:\/\/www.ivinio.com\/sv\/produkt\/the-balvenie-carribean-cask-14-years\/#primaryimage"},"image":{"@id":"https:\/\/www.ivinio.com\/sv\/produkt\/the-balvenie-carribean-cask-14-years\/#primaryimage"},"thumbnailUrl":"https:\/\/www.ivinio.com\/wp-content\/uploads\/2022\/12\/The-balvenie-carribean-cask.jpg","datePublished":"2022-12-10T11:34:00+00:00","dateModified":"2026-01-05T16:45:15+00:00","description":"The Balvenie - Carribean cask - 14 years. Inslag av kr\u00e4mig och s\u00f6t karamell samt aromer av f\u00e4rsk frukt och honung. En l\u00e5ng och varm finish.","breadcrumb":{"@id":"https:\/\/www.ivinio.com\/sv\/produkt\/the-balvenie-carribean-cask-14-years\/#breadcrumb"},"inLanguage":"sv-SE","potentialAction":[{"@type":"ReadAction","target":["https:\/\/www.ivinio.com\/sv\/produkt\/the-balvenie-carribean-cask-14-years\/"]}]},{"@type":"ImageObject","inLanguage":"sv-SE","@id":"https:\/\/www.ivinio.com\/sv\/produkt\/the-balvenie-carribean-cask-14-years\/#primaryimage","url":"https:\/\/www.ivinio.com\/wp-content\/uploads\/2022\/12\/The-balvenie-carribean-cask.jpg","contentUrl":"https:\/\/www.ivinio.com\/wp-content\/uploads\/2022\/12\/The-balvenie-carribean-cask.jpg","width":500,"height":500},{"@type":"BreadcrumbList","@id":"https:\/\/www.ivinio.com\/sv\/produkt\/the-balvenie-carribean-cask-14-years\/#breadcrumb","itemListElement":[{"@type":"ListItem","position":1,"name":"Hem","item":"https:\/\/www.ivinio.com\/sv\/"},{"@type":"ListItem","position":2,"name":"Vinbutik","item":"https:\/\/www.ivinio.com\/sv\/vinbutik\/"},{"@type":"ListItem","position":3,"name":"The Balvenie &#8211; Carribean cask &#8211; 14 years"}]},{"@type":"WebSite","@id":"https:\/\/www.ivinio.com\/sv\/#website","url":"https:\/\/www.ivinio.com\/sv\/","name":"IVINIO Vinbutik","description":"Vin fr\u00e5n Frankrike och Italien med leverans hem till din d\u00f6rr","publisher":{"@id":"https:\/\/www.ivinio.com\/sv\/#organization"},"potentialAction":[{"@type":"SearchAction","target":{"@type":"EntryPoint","urlTemplate":"https:\/\/www.ivinio.com\/sv\/?s={search_term_string}"},"query-input":{"@type":"PropertyValueSpecification","valueRequired":true,"valueName":"search_term_string"}}],"inLanguage":"sv-SE"},{"@type":"Organization","@id":"https:\/\/www.ivinio.com\/sv\/#organization","name":"IVINIO","url":"https:\/\/www.ivinio.com\/sv\/","logo":{"@type":"ImageObject","inLanguage":"sv-SE","@id":"https:\/\/www.ivinio.com\/sv\/#\/schema\/logo\/image\/","url":"https:\/\/www.ivinio.com\/wp-content\/uploads\/2021\/01\/Logo-Ivinio-v2.jpg","contentUrl":"https:\/\/www.ivinio.com\/wp-content\/uploads\/2021\/01\/Logo-Ivinio-v2.jpg","width":1194,"height":1194,"caption":"IVINIO"},"image":{"@id":"https:\/\/www.ivinio.com\/sv\/#\/schema\/logo\/image\/"},"sameAs":["https:\/\/www.facebook.com\/groups\/165217837022391\/?ref=bookmarks","https:\/\/www.instagram.com\/_ivinio_\/?hl=fr"]}]}},"jetpack_sharing_enabled":true,"_links":{"self":[{"href":"https:\/\/www.ivinio.com\/sv\/wp-json\/wp\/v2\/product\/131999","targetHints":{"allow":["GET"]}}],"collection":[{"href":"https:\/\/www.ivinio.com\/sv\/wp-json\/wp\/v2\/product"}],"about":[{"href":"https:\/\/www.ivinio.com\/sv\/wp-json\/wp\/v2\/types\/product"}],"replies":[{"embeddable":true,"href":"https:\/\/www.ivinio.com\/sv\/wp-json\/wp\/v2\/comments?post=131999"}],"wp:featuredmedia":[{"embeddable":true,"href":"https:\/\/www.ivinio.com\/sv\/wp-json\/wp\/v2\/media\/132000"}],"wp:attachment":[{"href":"https:\/\/www.ivinio.com\/sv\/wp-json\/wp\/v2\/media?parent=131999"}],"wp:term":[{"taxonomy":"product_brand","embeddable":true,"href":"https:\/\/www.ivinio.com\/sv\/wp-json\/wp\/v2\/product_brand?post=131999"},{"taxonomy":"product_cat","embeddable":true,"href":"https:\/\/www.ivinio.com\/sv\/wp-json\/wp\/v2\/product_cat?post=131999"},{"taxonomy":"product_tag","embeddable":true,"href":"https:\/\/www.ivinio.com\/sv\/wp-json\/wp\/v2\/product_tag?post=131999"}],"curies":[{"name":"wp","href":"https:\/\/api.w.org\/{rel}","templated":true}]}}