{"id":131946,"date":"2022-12-07T19:05:59","date_gmt":"2022-12-07T18:05:59","guid":{"rendered":"https:\/\/www.ivinio.com\/?post_type=product&#038;p=131946"},"modified":"2026-02-27T17:46:37","modified_gmt":"2026-02-27T16:46:37","slug":"musella-amarone-della-valpolicella-riserva-rod","status":"publish","type":"product","link":"https:\/\/www.ivinio.com\/sv\/produkt\/musella-amarone-della-valpolicella-riserva-rod\/","title":{"rendered":"Musella &#8211; Amarone della Valpolicella &#8211; Riserva &#8211; R\u00f6d"},"content":{"rendered":"<p>Musella &#8211; Amarone della Valpolicella &#8211; Riserva \u00e4r ett biodynamiskt r\u00f6dvin , framst\u00e4llt av 70% Corvina and Corvinone, 20% Rondinella och 10% Oseleta. Druvorna som v\u00e4ljs och samlas i l\u00e5dor \u00e4r placerade i ett speciellt ventilerat rum d\u00e4r de f\u00e5r torka enligt den ber\u00f6mda torkningsprocessen. Druvor tappar minst 35% av sina ursprunglig vikt och koncentrerar s\u00e5ledes fruktsocker, aromer och \u00e4dla tanniner. I januari sker pressen och j\u00e4sningen startar vid l\u00e5g temperatur. Den l\u00e5nga j\u00e4sningen g\u00f6r en maximal extraktion av frukten m\u00f6jlig. Vinet f\u00e5r ligga 24 m\u00e5nader p\u00e5 franska ekfat , samt st\u00f6rre fat (700, 1500 och 3500 liter). Vinet lagras \u00e4nnu ett \u00e5r p\u00e5 flaska efter buteljering.<\/p>\n","protected":false},"excerpt":{"rendered":"<p>Musella Amarone della Valpolicella &#8211; Riserva har aromer med fr\u00e4mst inslag av kompottig frukt, k\u00f6rsb\u00e4r i alkohol och kakao.<\/p>\n","protected":false},"featured_media":131970,"comment_status":"open","ping_status":"closed","template":"","meta":{"_monsterinsights_skip_tracking":false,"_monsterinsights_sitenote_active":false,"_monsterinsights_sitenote_note":"","_monsterinsights_sitenote_category":0,"_uf_show_specific_survey":0,"_uf_disable_surveys":false},"product_brand":[],"product_cat":[36591,36594],"product_tag":[],"class_list":{"0":"post-131946","1":"product","2":"type-product","3":"status-publish","4":"has-post-thumbnail","6":"product_cat-italienska-viner","7":"product_cat-sv-veneto-friuli","8":"pa_alcohol-degree-16-sv","9":"pa_classification-docg-amarone-della-valpolicella-sv","10":"pa_grape-variety-corvina","11":"pa_grape-variety-corvinone-sv","12":"pa_grape-variety-oseleta","13":"pa_grape-variety-rondinella-sv","14":"pa_region-veneto-sv","15":"pa_vintage-2018-sv","16":"pa_volume-75-cl-sv","18":"first","19":"instock","20":"taxable","21":"shipping-taxable","22":"purchasable","23":"product-type-simple"},"bundled_by":[],"bundle_stock_status":"instock","bundle_stock_quantity":null,"bundle_virtual":false,"bundle_layout":"","bundle_add_to_cart_form_location":"","bundle_editable_in_cart":false,"bundle_sold_individually_context":"","bundle_item_grouping":"","bundle_min_size":"","bundle_max_size":"","bundle_price":[],"bundled_items":[],"bundle_sell_ids":[],"yoast_head":"<!-- This site is optimized with the Yoast SEO plugin v27.5 - https:\/\/yoast.com\/product\/yoast-seo-wordpress\/ -->\n<title>Musella - Amarone della Valpolicella - Riserva - R\u00f6dvin - IVINIO Vinbutik<\/title>\n<meta name=\"description\" content=\"K\u00f6pa Musella - Amarone della Valpolicella - Riserva. Aromer med fr\u00e4mst inslag av kompottig frukt, k\u00f6rsb\u00e4r i alkohol och kakao.\" \/>\n<meta name=\"robots\" content=\"index, follow, max-snippet:-1, max-image-preview:large, max-video-preview:-1\" \/>\n<link rel=\"canonical\" href=\"https:\/\/www.ivinio.com\/sv\/produkt\/musella-amarone-della-valpolicella-riserva-rod\/\" \/>\n<meta property=\"og:locale\" content=\"sv_SE\" \/>\n<meta property=\"og:type\" content=\"article\" \/>\n<meta property=\"og:title\" content=\"Musella - Amarone della Valpolicella - Riserva - R\u00f6dvin - IVINIO Vinbutik\" \/>\n<meta property=\"og:description\" content=\"K\u00f6pa Musella - Amarone della Valpolicella - Riserva. Aromer med fr\u00e4mst inslag av kompottig frukt, k\u00f6rsb\u00e4r i alkohol och kakao.\" \/>\n<meta property=\"og:url\" content=\"https:\/\/www.ivinio.com\/sv\/produkt\/musella-amarone-della-valpolicella-riserva-rod\/\" \/>\n<meta property=\"og:site_name\" content=\"IVINIO Vinbutik\" \/>\n<meta property=\"article:publisher\" content=\"https:\/\/www.facebook.com\/groups\/165217837022391\/?ref=bookmarks\" \/>\n<meta property=\"article:modified_time\" content=\"2026-02-27T16:46:37+00:00\" \/>\n<meta property=\"og:image\" content=\"https:\/\/www.ivinio.com\/wp-content\/uploads\/2022\/12\/Musella-amarone-riserva-IVINIO.jpg\" \/>\n\t<meta property=\"og:image:width\" content=\"500\" \/>\n\t<meta property=\"og:image:height\" content=\"500\" \/>\n\t<meta property=\"og:image:type\" content=\"image\/jpeg\" \/>\n<meta name=\"twitter:card\" content=\"summary_large_image\" \/>\n<meta name=\"twitter:label1\" content=\"Ber\u00e4knad l\u00e4stid\" \/>\n\t<meta name=\"twitter:data1\" content=\"1 minut\" \/>\n<script type=\"application\/ld+json\" class=\"yoast-schema-graph\">{\"@context\":\"https:\\\/\\\/schema.org\",\"@graph\":[{\"@type\":\"WebPage\",\"@id\":\"https:\\\/\\\/www.ivinio.com\\\/sv\\\/produkt\\\/musella-amarone-della-valpolicella-riserva-rod\\\/\",\"url\":\"https:\\\/\\\/www.ivinio.com\\\/sv\\\/produkt\\\/musella-amarone-della-valpolicella-riserva-rod\\\/\",\"name\":\"Musella - Amarone della Valpolicella - Riserva - R\u00f6dvin - IVINIO Vinbutik\",\"isPartOf\":{\"@id\":\"https:\\\/\\\/www.ivinio.com\\\/sv\\\/#website\"},\"primaryImageOfPage\":{\"@id\":\"https:\\\/\\\/www.ivinio.com\\\/sv\\\/produkt\\\/musella-amarone-della-valpolicella-riserva-rod\\\/#primaryimage\"},\"image\":{\"@id\":\"https:\\\/\\\/www.ivinio.com\\\/sv\\\/produkt\\\/musella-amarone-della-valpolicella-riserva-rod\\\/#primaryimage\"},\"thumbnailUrl\":\"https:\\\/\\\/www.ivinio.com\\\/wp-content\\\/uploads\\\/2022\\\/12\\\/Musella-amarone-riserva-IVINIO.jpg\",\"datePublished\":\"2022-12-07T18:05:59+00:00\",\"dateModified\":\"2026-02-27T16:46:37+00:00\",\"description\":\"K\u00f6pa Musella - Amarone della Valpolicella - Riserva. Aromer med fr\u00e4mst inslag av kompottig frukt, k\u00f6rsb\u00e4r i alkohol och kakao.\",\"breadcrumb\":{\"@id\":\"https:\\\/\\\/www.ivinio.com\\\/sv\\\/produkt\\\/musella-amarone-della-valpolicella-riserva-rod\\\/#breadcrumb\"},\"inLanguage\":\"sv-SE\",\"potentialAction\":[{\"@type\":\"ReadAction\",\"target\":[\"https:\\\/\\\/www.ivinio.com\\\/sv\\\/produkt\\\/musella-amarone-della-valpolicella-riserva-rod\\\/\"]}]},{\"@type\":\"ImageObject\",\"inLanguage\":\"sv-SE\",\"@id\":\"https:\\\/\\\/www.ivinio.com\\\/sv\\\/produkt\\\/musella-amarone-della-valpolicella-riserva-rod\\\/#primaryimage\",\"url\":\"https:\\\/\\\/www.ivinio.com\\\/wp-content\\\/uploads\\\/2022\\\/12\\\/Musella-amarone-riserva-IVINIO.jpg\",\"contentUrl\":\"https:\\\/\\\/www.ivinio.com\\\/wp-content\\\/uploads\\\/2022\\\/12\\\/Musella-amarone-riserva-IVINIO.jpg\",\"width\":500,\"height\":500},{\"@type\":\"BreadcrumbList\",\"@id\":\"https:\\\/\\\/www.ivinio.com\\\/sv\\\/produkt\\\/musella-amarone-della-valpolicella-riserva-rod\\\/#breadcrumb\",\"itemListElement\":[{\"@type\":\"ListItem\",\"position\":1,\"name\":\"Hem\",\"item\":\"https:\\\/\\\/www.ivinio.com\\\/sv\\\/\"},{\"@type\":\"ListItem\",\"position\":2,\"name\":\"Vinbutik\",\"item\":\"https:\\\/\\\/www.ivinio.com\\\/sv\\\/vinbutik\\\/\"},{\"@type\":\"ListItem\",\"position\":3,\"name\":\"Musella &#8211; Amarone della Valpolicella &#8211; Riserva &#8211; R\u00f6d\"}]},{\"@type\":\"WebSite\",\"@id\":\"https:\\\/\\\/www.ivinio.com\\\/sv\\\/#website\",\"url\":\"https:\\\/\\\/www.ivinio.com\\\/sv\\\/\",\"name\":\"IVINIO Vinbutik\",\"description\":\"Vin fr\u00e5n Frankrike och Italien med leverans hem till din d\u00f6rr\",\"publisher\":{\"@id\":\"https:\\\/\\\/www.ivinio.com\\\/sv\\\/#organization\"},\"potentialAction\":[{\"@type\":\"SearchAction\",\"target\":{\"@type\":\"EntryPoint\",\"urlTemplate\":\"https:\\\/\\\/www.ivinio.com\\\/sv\\\/?s={search_term_string}\"},\"query-input\":{\"@type\":\"PropertyValueSpecification\",\"valueRequired\":true,\"valueName\":\"search_term_string\"}}],\"inLanguage\":\"sv-SE\"},{\"@type\":\"Organization\",\"@id\":\"https:\\\/\\\/www.ivinio.com\\\/sv\\\/#organization\",\"name\":\"IVINIO\",\"url\":\"https:\\\/\\\/www.ivinio.com\\\/sv\\\/\",\"logo\":{\"@type\":\"ImageObject\",\"inLanguage\":\"sv-SE\",\"@id\":\"https:\\\/\\\/www.ivinio.com\\\/sv\\\/#\\\/schema\\\/logo\\\/image\\\/\",\"url\":\"https:\\\/\\\/www.ivinio.com\\\/wp-content\\\/uploads\\\/2021\\\/01\\\/Logo-Ivinio-v2.jpg\",\"contentUrl\":\"https:\\\/\\\/www.ivinio.com\\\/wp-content\\\/uploads\\\/2021\\\/01\\\/Logo-Ivinio-v2.jpg\",\"width\":1194,\"height\":1194,\"caption\":\"IVINIO\"},\"image\":{\"@id\":\"https:\\\/\\\/www.ivinio.com\\\/sv\\\/#\\\/schema\\\/logo\\\/image\\\/\"},\"sameAs\":[\"https:\\\/\\\/www.facebook.com\\\/groups\\\/165217837022391\\\/?ref=bookmarks\",\"https:\\\/\\\/www.instagram.com\\\/_ivinio_\\\/?hl=fr\"]}]}<\/script>\n<!-- \/ Yoast SEO plugin. -->","yoast_head_json":{"title":"Musella - Amarone della Valpolicella - Riserva - R\u00f6dvin - IVINIO Vinbutik","description":"K\u00f6pa Musella - Amarone della Valpolicella - Riserva. Aromer med fr\u00e4mst inslag av kompottig frukt, k\u00f6rsb\u00e4r i alkohol och kakao.","robots":{"index":"index","follow":"follow","max-snippet":"max-snippet:-1","max-image-preview":"max-image-preview:large","max-video-preview":"max-video-preview:-1"},"canonical":"https:\/\/www.ivinio.com\/sv\/produkt\/musella-amarone-della-valpolicella-riserva-rod\/","og_locale":"sv_SE","og_type":"article","og_title":"Musella - Amarone della Valpolicella - Riserva - R\u00f6dvin - IVINIO Vinbutik","og_description":"K\u00f6pa Musella - Amarone della Valpolicella - Riserva. Aromer med fr\u00e4mst inslag av kompottig frukt, k\u00f6rsb\u00e4r i alkohol och kakao.","og_url":"https:\/\/www.ivinio.com\/sv\/produkt\/musella-amarone-della-valpolicella-riserva-rod\/","og_site_name":"IVINIO Vinbutik","article_publisher":"https:\/\/www.facebook.com\/groups\/165217837022391\/?ref=bookmarks","article_modified_time":"2026-02-27T16:46:37+00:00","og_image":[{"width":500,"height":500,"url":"https:\/\/www.ivinio.com\/wp-content\/uploads\/2022\/12\/Musella-amarone-riserva-IVINIO.jpg","type":"image\/jpeg"}],"twitter_card":"summary_large_image","twitter_misc":{"Ber\u00e4knad l\u00e4stid":"1 minut"},"schema":{"@context":"https:\/\/schema.org","@graph":[{"@type":"WebPage","@id":"https:\/\/www.ivinio.com\/sv\/produkt\/musella-amarone-della-valpolicella-riserva-rod\/","url":"https:\/\/www.ivinio.com\/sv\/produkt\/musella-amarone-della-valpolicella-riserva-rod\/","name":"Musella - Amarone della Valpolicella - Riserva - R\u00f6dvin - IVINIO Vinbutik","isPartOf":{"@id":"https:\/\/www.ivinio.com\/sv\/#website"},"primaryImageOfPage":{"@id":"https:\/\/www.ivinio.com\/sv\/produkt\/musella-amarone-della-valpolicella-riserva-rod\/#primaryimage"},"image":{"@id":"https:\/\/www.ivinio.com\/sv\/produkt\/musella-amarone-della-valpolicella-riserva-rod\/#primaryimage"},"thumbnailUrl":"https:\/\/www.ivinio.com\/wp-content\/uploads\/2022\/12\/Musella-amarone-riserva-IVINIO.jpg","datePublished":"2022-12-07T18:05:59+00:00","dateModified":"2026-02-27T16:46:37+00:00","description":"K\u00f6pa Musella - Amarone della Valpolicella - Riserva. Aromer med fr\u00e4mst inslag av kompottig frukt, k\u00f6rsb\u00e4r i alkohol och kakao.","breadcrumb":{"@id":"https:\/\/www.ivinio.com\/sv\/produkt\/musella-amarone-della-valpolicella-riserva-rod\/#breadcrumb"},"inLanguage":"sv-SE","potentialAction":[{"@type":"ReadAction","target":["https:\/\/www.ivinio.com\/sv\/produkt\/musella-amarone-della-valpolicella-riserva-rod\/"]}]},{"@type":"ImageObject","inLanguage":"sv-SE","@id":"https:\/\/www.ivinio.com\/sv\/produkt\/musella-amarone-della-valpolicella-riserva-rod\/#primaryimage","url":"https:\/\/www.ivinio.com\/wp-content\/uploads\/2022\/12\/Musella-amarone-riserva-IVINIO.jpg","contentUrl":"https:\/\/www.ivinio.com\/wp-content\/uploads\/2022\/12\/Musella-amarone-riserva-IVINIO.jpg","width":500,"height":500},{"@type":"BreadcrumbList","@id":"https:\/\/www.ivinio.com\/sv\/produkt\/musella-amarone-della-valpolicella-riserva-rod\/#breadcrumb","itemListElement":[{"@type":"ListItem","position":1,"name":"Hem","item":"https:\/\/www.ivinio.com\/sv\/"},{"@type":"ListItem","position":2,"name":"Vinbutik","item":"https:\/\/www.ivinio.com\/sv\/vinbutik\/"},{"@type":"ListItem","position":3,"name":"Musella &#8211; Amarone della Valpolicella &#8211; Riserva &#8211; R\u00f6d"}]},{"@type":"WebSite","@id":"https:\/\/www.ivinio.com\/sv\/#website","url":"https:\/\/www.ivinio.com\/sv\/","name":"IVINIO Vinbutik","description":"Vin fr\u00e5n Frankrike och Italien med leverans hem till din d\u00f6rr","publisher":{"@id":"https:\/\/www.ivinio.com\/sv\/#organization"},"potentialAction":[{"@type":"SearchAction","target":{"@type":"EntryPoint","urlTemplate":"https:\/\/www.ivinio.com\/sv\/?s={search_term_string}"},"query-input":{"@type":"PropertyValueSpecification","valueRequired":true,"valueName":"search_term_string"}}],"inLanguage":"sv-SE"},{"@type":"Organization","@id":"https:\/\/www.ivinio.com\/sv\/#organization","name":"IVINIO","url":"https:\/\/www.ivinio.com\/sv\/","logo":{"@type":"ImageObject","inLanguage":"sv-SE","@id":"https:\/\/www.ivinio.com\/sv\/#\/schema\/logo\/image\/","url":"https:\/\/www.ivinio.com\/wp-content\/uploads\/2021\/01\/Logo-Ivinio-v2.jpg","contentUrl":"https:\/\/www.ivinio.com\/wp-content\/uploads\/2021\/01\/Logo-Ivinio-v2.jpg","width":1194,"height":1194,"caption":"IVINIO"},"image":{"@id":"https:\/\/www.ivinio.com\/sv\/#\/schema\/logo\/image\/"},"sameAs":["https:\/\/www.facebook.com\/groups\/165217837022391\/?ref=bookmarks","https:\/\/www.instagram.com\/_ivinio_\/?hl=fr"]}]}},"jetpack_sharing_enabled":true,"_links":{"self":[{"href":"https:\/\/www.ivinio.com\/sv\/wp-json\/wp\/v2\/product\/131946","targetHints":{"allow":["GET"]}}],"collection":[{"href":"https:\/\/www.ivinio.com\/sv\/wp-json\/wp\/v2\/product"}],"about":[{"href":"https:\/\/www.ivinio.com\/sv\/wp-json\/wp\/v2\/types\/product"}],"replies":[{"embeddable":true,"href":"https:\/\/www.ivinio.com\/sv\/wp-json\/wp\/v2\/comments?post=131946"}],"wp:featuredmedia":[{"embeddable":true,"href":"https:\/\/www.ivinio.com\/sv\/wp-json\/wp\/v2\/media\/131970"}],"wp:attachment":[{"href":"https:\/\/www.ivinio.com\/sv\/wp-json\/wp\/v2\/media?parent=131946"}],"wp:term":[{"taxonomy":"product_brand","embeddable":true,"href":"https:\/\/www.ivinio.com\/sv\/wp-json\/wp\/v2\/product_brand?post=131946"},{"taxonomy":"product_cat","embeddable":true,"href":"https:\/\/www.ivinio.com\/sv\/wp-json\/wp\/v2\/product_cat?post=131946"},{"taxonomy":"product_tag","embeddable":true,"href":"https:\/\/www.ivinio.com\/sv\/wp-json\/wp\/v2\/product_tag?post=131946"}],"curies":[{"name":"wp","href":"https:\/\/api.w.org\/{rel}","templated":true}]}}