{"id":131795,"date":"2022-11-09T14:25:08","date_gmt":"2022-11-09T13:25:08","guid":{"rendered":"https:\/\/www.ivinio.com\/?post_type=product&#038;p=131795"},"modified":"2026-03-23T18:55:48","modified_gmt":"2026-03-23T17:55:48","slug":"clos-du-montolivet-lirac-rod","status":"publish","type":"product","link":"https:\/\/www.ivinio.com\/sv\/produkt\/clos-du-montolivet-lirac-rod\/","title":{"rendered":"Clos du Montolivet &#8211; Lirac &#8211; R\u00f6d"},"content":{"rendered":"<p>Clos du Montolivet &#8211; Lirac \u00e4r ett fylligt r\u00f6dvin som framst\u00e4llts av 65 % Grenache noir, 15 % Syrah, 15 % Mourv\u00e8dre och 5 % Cinsault. Druvorna sk\u00f6rdas f\u00f6r hand, med mycket strikt sortering f\u00f6r att endast ta vara p\u00e5 de b\u00e4sta b\u00e4ren. Druvorna f\u00e5r j\u00e4sa i betongkar enligt traditionella metoder (remontage och delestage) utan att f\u00f6r den delen<br \/>\ns\u00f6ka efter maximal extraktion. Pressmusten och droppmusten (jus de goutte)<br \/>\nlagras separat i betongkar och blandas sedan samman efter n\u00e5gra m\u00e5nader och l\u00e4ggs p\u00e5 kar, tunnor i olika storlekar. Procentandelen av var sort varierar beroende p\u00e5 \u00e5rg\u00e5ngens profil.<\/p>\n","protected":false},"excerpt":{"rendered":"<p>Clos du Montolivet &#8211; Lirac \u00e4r ett elegant Rh\u00f4nevin att servera till grillat k\u00f6tt och k\u00f6ttgrytor.<\/p>\n","protected":false},"featured_media":131796,"comment_status":"open","ping_status":"closed","template":"","meta":{"_monsterinsights_skip_tracking":false,"_monsterinsights_sitenote_active":false,"_monsterinsights_sitenote_note":"","_monsterinsights_sitenote_category":0,"_uf_show_specific_survey":0,"_uf_disable_surveys":false},"product_brand":[],"product_cat":[36588,36621],"product_tag":[],"class_list":{"0":"post-131795","1":"product","2":"type-product","3":"status-publish","4":"has-post-thumbnail","6":"product_cat-franska-viner","7":"product_cat-sv-rhone-dalen","8":"pa_alcohol-degree-15-sv","9":"pa_classification-aop-lirac","10":"pa_color-rod-sv","11":"pa_country-frankrike-sv","12":"pa_grape-variety-cinsault-sv","13":"pa_grape-variety-grenache-sv","14":"pa_grape-variety-mourvedre-sv","15":"pa_grape-variety-syrah-sv","16":"pa_region-rhonedalen-sv","17":"pa_storage-potential-10-ar-sv","18":"pa_vintage-41218","19":"pa_volume-75-cl-sv","21":"first","22":"instock","23":"taxable","24":"shipping-taxable","25":"purchasable","26":"product-type-simple"},"bundled_by":[],"bundle_stock_status":"instock","bundle_stock_quantity":null,"bundle_virtual":false,"bundle_layout":"","bundle_add_to_cart_form_location":"","bundle_editable_in_cart":false,"bundle_sold_individually_context":"","bundle_item_grouping":"","bundle_min_size":"","bundle_max_size":"","bundle_price":[],"bundled_items":[],"bundle_sell_ids":[],"yoast_head":"<!-- This site is optimized with the Yoast SEO plugin v27.5 - https:\/\/yoast.com\/product\/yoast-seo-wordpress\/ -->\n<title>K\u00f6pa Clos du Montolivet - Lirac - R\u00f6dvin - IVINIO Vinbutik<\/title>\n<meta name=\"description\" content=\"K\u00f6pa Clos du Montolivet - Lirac - R\u00f6dvin. fruktigt och fylligt, men ocks\u00e5 fr\u00e4scht med eleganta tanniner. Till grillat k\u00f6tt och k\u00f6ttgrytor.\" \/>\n<meta name=\"robots\" content=\"index, follow, max-snippet:-1, max-image-preview:large, max-video-preview:-1\" \/>\n<link rel=\"canonical\" href=\"https:\/\/www.ivinio.com\/sv\/produkt\/clos-du-montolivet-lirac-rod\/\" \/>\n<meta property=\"og:locale\" content=\"sv_SE\" \/>\n<meta property=\"og:type\" content=\"article\" \/>\n<meta property=\"og:title\" content=\"K\u00f6pa Clos du Montolivet - Lirac - R\u00f6dvin - IVINIO Vinbutik\" \/>\n<meta property=\"og:description\" content=\"K\u00f6pa Clos du Montolivet - Lirac - R\u00f6dvin. fruktigt och fylligt, men ocks\u00e5 fr\u00e4scht med eleganta tanniner. Till grillat k\u00f6tt och k\u00f6ttgrytor.\" \/>\n<meta property=\"og:url\" content=\"https:\/\/www.ivinio.com\/sv\/produkt\/clos-du-montolivet-lirac-rod\/\" \/>\n<meta property=\"og:site_name\" content=\"IVINIO Vinbutik\" \/>\n<meta property=\"article:publisher\" content=\"https:\/\/www.facebook.com\/groups\/165217837022391\/?ref=bookmarks\" \/>\n<meta property=\"article:modified_time\" content=\"2026-03-23T17:55:48+00:00\" \/>\n<meta property=\"og:image\" content=\"https:\/\/www.ivinio.com\/wp-content\/uploads\/2022\/11\/clos-du-montolivet-Lirac-IVINIO.jpg\" \/>\n\t<meta property=\"og:image:width\" content=\"500\" \/>\n\t<meta property=\"og:image:height\" content=\"500\" \/>\n\t<meta property=\"og:image:type\" content=\"image\/jpeg\" \/>\n<meta name=\"twitter:card\" content=\"summary_large_image\" \/>\n<meta name=\"twitter:label1\" content=\"Ber\u00e4knad l\u00e4stid\" \/>\n\t<meta name=\"twitter:data1\" content=\"1 minut\" \/>\n<script type=\"application\/ld+json\" class=\"yoast-schema-graph\">{\"@context\":\"https:\\\/\\\/schema.org\",\"@graph\":[{\"@type\":\"WebPage\",\"@id\":\"https:\\\/\\\/www.ivinio.com\\\/sv\\\/produkt\\\/clos-du-montolivet-lirac-rod\\\/\",\"url\":\"https:\\\/\\\/www.ivinio.com\\\/sv\\\/produkt\\\/clos-du-montolivet-lirac-rod\\\/\",\"name\":\"K\u00f6pa Clos du Montolivet - Lirac - R\u00f6dvin - IVINIO Vinbutik\",\"isPartOf\":{\"@id\":\"https:\\\/\\\/www.ivinio.com\\\/sv\\\/#website\"},\"primaryImageOfPage\":{\"@id\":\"https:\\\/\\\/www.ivinio.com\\\/sv\\\/produkt\\\/clos-du-montolivet-lirac-rod\\\/#primaryimage\"},\"image\":{\"@id\":\"https:\\\/\\\/www.ivinio.com\\\/sv\\\/produkt\\\/clos-du-montolivet-lirac-rod\\\/#primaryimage\"},\"thumbnailUrl\":\"https:\\\/\\\/www.ivinio.com\\\/wp-content\\\/uploads\\\/2022\\\/11\\\/clos-du-montolivet-Lirac-IVINIO.jpg\",\"datePublished\":\"2022-11-09T13:25:08+00:00\",\"dateModified\":\"2026-03-23T17:55:48+00:00\",\"description\":\"K\u00f6pa Clos du Montolivet - Lirac - R\u00f6dvin. fruktigt och fylligt, men ocks\u00e5 fr\u00e4scht med eleganta tanniner. Till grillat k\u00f6tt och k\u00f6ttgrytor.\",\"breadcrumb\":{\"@id\":\"https:\\\/\\\/www.ivinio.com\\\/sv\\\/produkt\\\/clos-du-montolivet-lirac-rod\\\/#breadcrumb\"},\"inLanguage\":\"sv-SE\",\"potentialAction\":[{\"@type\":\"ReadAction\",\"target\":[\"https:\\\/\\\/www.ivinio.com\\\/sv\\\/produkt\\\/clos-du-montolivet-lirac-rod\\\/\"]}]},{\"@type\":\"ImageObject\",\"inLanguage\":\"sv-SE\",\"@id\":\"https:\\\/\\\/www.ivinio.com\\\/sv\\\/produkt\\\/clos-du-montolivet-lirac-rod\\\/#primaryimage\",\"url\":\"https:\\\/\\\/www.ivinio.com\\\/wp-content\\\/uploads\\\/2022\\\/11\\\/clos-du-montolivet-Lirac-IVINIO.jpg\",\"contentUrl\":\"https:\\\/\\\/www.ivinio.com\\\/wp-content\\\/uploads\\\/2022\\\/11\\\/clos-du-montolivet-Lirac-IVINIO.jpg\",\"width\":500,\"height\":500,\"caption\":\"clos-du-montolivet-Lirac\"},{\"@type\":\"BreadcrumbList\",\"@id\":\"https:\\\/\\\/www.ivinio.com\\\/sv\\\/produkt\\\/clos-du-montolivet-lirac-rod\\\/#breadcrumb\",\"itemListElement\":[{\"@type\":\"ListItem\",\"position\":1,\"name\":\"Hem\",\"item\":\"https:\\\/\\\/www.ivinio.com\\\/sv\\\/\"},{\"@type\":\"ListItem\",\"position\":2,\"name\":\"Vinbutik\",\"item\":\"https:\\\/\\\/www.ivinio.com\\\/sv\\\/vinbutik\\\/\"},{\"@type\":\"ListItem\",\"position\":3,\"name\":\"Clos du Montolivet &#8211; Lirac &#8211; R\u00f6d\"}]},{\"@type\":\"WebSite\",\"@id\":\"https:\\\/\\\/www.ivinio.com\\\/sv\\\/#website\",\"url\":\"https:\\\/\\\/www.ivinio.com\\\/sv\\\/\",\"name\":\"IVINIO Vinbutik\",\"description\":\"Vin fr\u00e5n Frankrike och Italien med leverans hem till din d\u00f6rr\",\"publisher\":{\"@id\":\"https:\\\/\\\/www.ivinio.com\\\/sv\\\/#organization\"},\"potentialAction\":[{\"@type\":\"SearchAction\",\"target\":{\"@type\":\"EntryPoint\",\"urlTemplate\":\"https:\\\/\\\/www.ivinio.com\\\/sv\\\/?s={search_term_string}\"},\"query-input\":{\"@type\":\"PropertyValueSpecification\",\"valueRequired\":true,\"valueName\":\"search_term_string\"}}],\"inLanguage\":\"sv-SE\"},{\"@type\":\"Organization\",\"@id\":\"https:\\\/\\\/www.ivinio.com\\\/sv\\\/#organization\",\"name\":\"IVINIO\",\"url\":\"https:\\\/\\\/www.ivinio.com\\\/sv\\\/\",\"logo\":{\"@type\":\"ImageObject\",\"inLanguage\":\"sv-SE\",\"@id\":\"https:\\\/\\\/www.ivinio.com\\\/sv\\\/#\\\/schema\\\/logo\\\/image\\\/\",\"url\":\"https:\\\/\\\/www.ivinio.com\\\/wp-content\\\/uploads\\\/2021\\\/01\\\/Logo-Ivinio-v2.jpg\",\"contentUrl\":\"https:\\\/\\\/www.ivinio.com\\\/wp-content\\\/uploads\\\/2021\\\/01\\\/Logo-Ivinio-v2.jpg\",\"width\":1194,\"height\":1194,\"caption\":\"IVINIO\"},\"image\":{\"@id\":\"https:\\\/\\\/www.ivinio.com\\\/sv\\\/#\\\/schema\\\/logo\\\/image\\\/\"},\"sameAs\":[\"https:\\\/\\\/www.facebook.com\\\/groups\\\/165217837022391\\\/?ref=bookmarks\",\"https:\\\/\\\/www.instagram.com\\\/_ivinio_\\\/?hl=fr\"]}]}<\/script>\n<!-- \/ Yoast SEO plugin. -->","yoast_head_json":{"title":"K\u00f6pa Clos du Montolivet - Lirac - R\u00f6dvin - IVINIO Vinbutik","description":"K\u00f6pa Clos du Montolivet - Lirac - R\u00f6dvin. fruktigt och fylligt, men ocks\u00e5 fr\u00e4scht med eleganta tanniner. Till grillat k\u00f6tt och k\u00f6ttgrytor.","robots":{"index":"index","follow":"follow","max-snippet":"max-snippet:-1","max-image-preview":"max-image-preview:large","max-video-preview":"max-video-preview:-1"},"canonical":"https:\/\/www.ivinio.com\/sv\/produkt\/clos-du-montolivet-lirac-rod\/","og_locale":"sv_SE","og_type":"article","og_title":"K\u00f6pa Clos du Montolivet - Lirac - R\u00f6dvin - IVINIO Vinbutik","og_description":"K\u00f6pa Clos du Montolivet - Lirac - R\u00f6dvin. fruktigt och fylligt, men ocks\u00e5 fr\u00e4scht med eleganta tanniner. Till grillat k\u00f6tt och k\u00f6ttgrytor.","og_url":"https:\/\/www.ivinio.com\/sv\/produkt\/clos-du-montolivet-lirac-rod\/","og_site_name":"IVINIO Vinbutik","article_publisher":"https:\/\/www.facebook.com\/groups\/165217837022391\/?ref=bookmarks","article_modified_time":"2026-03-23T17:55:48+00:00","og_image":[{"width":500,"height":500,"url":"https:\/\/www.ivinio.com\/wp-content\/uploads\/2022\/11\/clos-du-montolivet-Lirac-IVINIO.jpg","type":"image\/jpeg"}],"twitter_card":"summary_large_image","twitter_misc":{"Ber\u00e4knad l\u00e4stid":"1 minut"},"schema":{"@context":"https:\/\/schema.org","@graph":[{"@type":"WebPage","@id":"https:\/\/www.ivinio.com\/sv\/produkt\/clos-du-montolivet-lirac-rod\/","url":"https:\/\/www.ivinio.com\/sv\/produkt\/clos-du-montolivet-lirac-rod\/","name":"K\u00f6pa Clos du Montolivet - Lirac - R\u00f6dvin - IVINIO Vinbutik","isPartOf":{"@id":"https:\/\/www.ivinio.com\/sv\/#website"},"primaryImageOfPage":{"@id":"https:\/\/www.ivinio.com\/sv\/produkt\/clos-du-montolivet-lirac-rod\/#primaryimage"},"image":{"@id":"https:\/\/www.ivinio.com\/sv\/produkt\/clos-du-montolivet-lirac-rod\/#primaryimage"},"thumbnailUrl":"https:\/\/www.ivinio.com\/wp-content\/uploads\/2022\/11\/clos-du-montolivet-Lirac-IVINIO.jpg","datePublished":"2022-11-09T13:25:08+00:00","dateModified":"2026-03-23T17:55:48+00:00","description":"K\u00f6pa Clos du Montolivet - Lirac - R\u00f6dvin. fruktigt och fylligt, men ocks\u00e5 fr\u00e4scht med eleganta tanniner. Till grillat k\u00f6tt och k\u00f6ttgrytor.","breadcrumb":{"@id":"https:\/\/www.ivinio.com\/sv\/produkt\/clos-du-montolivet-lirac-rod\/#breadcrumb"},"inLanguage":"sv-SE","potentialAction":[{"@type":"ReadAction","target":["https:\/\/www.ivinio.com\/sv\/produkt\/clos-du-montolivet-lirac-rod\/"]}]},{"@type":"ImageObject","inLanguage":"sv-SE","@id":"https:\/\/www.ivinio.com\/sv\/produkt\/clos-du-montolivet-lirac-rod\/#primaryimage","url":"https:\/\/www.ivinio.com\/wp-content\/uploads\/2022\/11\/clos-du-montolivet-Lirac-IVINIO.jpg","contentUrl":"https:\/\/www.ivinio.com\/wp-content\/uploads\/2022\/11\/clos-du-montolivet-Lirac-IVINIO.jpg","width":500,"height":500,"caption":"clos-du-montolivet-Lirac"},{"@type":"BreadcrumbList","@id":"https:\/\/www.ivinio.com\/sv\/produkt\/clos-du-montolivet-lirac-rod\/#breadcrumb","itemListElement":[{"@type":"ListItem","position":1,"name":"Hem","item":"https:\/\/www.ivinio.com\/sv\/"},{"@type":"ListItem","position":2,"name":"Vinbutik","item":"https:\/\/www.ivinio.com\/sv\/vinbutik\/"},{"@type":"ListItem","position":3,"name":"Clos du Montolivet &#8211; Lirac &#8211; R\u00f6d"}]},{"@type":"WebSite","@id":"https:\/\/www.ivinio.com\/sv\/#website","url":"https:\/\/www.ivinio.com\/sv\/","name":"IVINIO Vinbutik","description":"Vin fr\u00e5n Frankrike och Italien med leverans hem till din d\u00f6rr","publisher":{"@id":"https:\/\/www.ivinio.com\/sv\/#organization"},"potentialAction":[{"@type":"SearchAction","target":{"@type":"EntryPoint","urlTemplate":"https:\/\/www.ivinio.com\/sv\/?s={search_term_string}"},"query-input":{"@type":"PropertyValueSpecification","valueRequired":true,"valueName":"search_term_string"}}],"inLanguage":"sv-SE"},{"@type":"Organization","@id":"https:\/\/www.ivinio.com\/sv\/#organization","name":"IVINIO","url":"https:\/\/www.ivinio.com\/sv\/","logo":{"@type":"ImageObject","inLanguage":"sv-SE","@id":"https:\/\/www.ivinio.com\/sv\/#\/schema\/logo\/image\/","url":"https:\/\/www.ivinio.com\/wp-content\/uploads\/2021\/01\/Logo-Ivinio-v2.jpg","contentUrl":"https:\/\/www.ivinio.com\/wp-content\/uploads\/2021\/01\/Logo-Ivinio-v2.jpg","width":1194,"height":1194,"caption":"IVINIO"},"image":{"@id":"https:\/\/www.ivinio.com\/sv\/#\/schema\/logo\/image\/"},"sameAs":["https:\/\/www.facebook.com\/groups\/165217837022391\/?ref=bookmarks","https:\/\/www.instagram.com\/_ivinio_\/?hl=fr"]}]}},"jetpack_sharing_enabled":true,"_links":{"self":[{"href":"https:\/\/www.ivinio.com\/sv\/wp-json\/wp\/v2\/product\/131795","targetHints":{"allow":["GET"]}}],"collection":[{"href":"https:\/\/www.ivinio.com\/sv\/wp-json\/wp\/v2\/product"}],"about":[{"href":"https:\/\/www.ivinio.com\/sv\/wp-json\/wp\/v2\/types\/product"}],"replies":[{"embeddable":true,"href":"https:\/\/www.ivinio.com\/sv\/wp-json\/wp\/v2\/comments?post=131795"}],"wp:featuredmedia":[{"embeddable":true,"href":"https:\/\/www.ivinio.com\/sv\/wp-json\/wp\/v2\/media\/131796"}],"wp:attachment":[{"href":"https:\/\/www.ivinio.com\/sv\/wp-json\/wp\/v2\/media?parent=131795"}],"wp:term":[{"taxonomy":"product_brand","embeddable":true,"href":"https:\/\/www.ivinio.com\/sv\/wp-json\/wp\/v2\/product_brand?post=131795"},{"taxonomy":"product_cat","embeddable":true,"href":"https:\/\/www.ivinio.com\/sv\/wp-json\/wp\/v2\/product_cat?post=131795"},{"taxonomy":"product_tag","embeddable":true,"href":"https:\/\/www.ivinio.com\/sv\/wp-json\/wp\/v2\/product_tag?post=131795"}],"curies":[{"name":"wp","href":"https:\/\/api.w.org\/{rel}","templated":true}]}}