{"id":131521,"date":"2022-09-03T18:00:15","date_gmt":"2022-09-03T16:00:15","guid":{"rendered":"https:\/\/www.ivinio.com\/?post_type=product&#038;p=131521"},"modified":"2024-10-30T19:14:03","modified_gmt":"2024-10-30T18:14:03","slug":"besserat-de-bellefon-millesime-2013","status":"publish","type":"product","link":"https:\/\/www.ivinio.com\/sv\/produkt\/besserat-de-bellefon-millesime-2013\/","title":{"rendered":"Besserat de Bellefon &#8211; Mill\u00e9sime 2013"},"content":{"rendered":"<p>Besserat de Bellefon Mill\u00e9sime 2013 framst\u00e4lls genom att endast k\u00f6pa druvor fr\u00e5n 6 olika Grands Crus-byar och 1 Premier Cru-by. Denna cuv\u00e9e representerar en unik tillverkningsprocess som utarbetats redan p\u00e5 1930-talet. Maison Besserat de Bellefon anv\u00e4nder mindre liqueur de tirage vilket ger ett l\u00e4ttare och mindre aggressivt skum. Skummet \u00e4r kr\u00e4mig och ih\u00e5llande. Mill\u00e9sime-varianten har inte genomg\u00e5tt den malolaktiska j\u00e4sningen.<\/p>\n","protected":false},"excerpt":{"rendered":"<p>Besserat de Bellefon &#8211; Mill\u00e9sime 2013 \u00e4r expessiv och kraftig, fr\u00e4sch trots sin \u00e5lder, men har kryddiga inslag av kokta gula frukter.<\/p>\n","protected":false},"featured_media":131522,"comment_status":"open","ping_status":"closed","template":"","meta":{"_monsterinsights_skip_tracking":false,"_monsterinsights_sitenote_active":false,"_monsterinsights_sitenote_note":"","_monsterinsights_sitenote_category":0,"_uf_show_specific_survey":0,"_uf_disable_surveys":false},"product_brand":[],"product_cat":[36615,36588],"product_tag":[],"class_list":{"0":"post-131521","1":"product","2":"type-product","3":"status-publish","4":"has-post-thumbnail","6":"product_cat-sv-champagne","7":"product_cat-franska-viner","8":"pa_alcohol-degree-12-5-sv","9":"pa_awards-wine-enthusiast","10":"pa_color-mousserande-sv","11":"pa_country-frankrike-sv","12":"pa_grape-variety-pinot-meunier","13":"pa_package-1x1-sv","14":"pa_package-1x6-sv","15":"pa_storage-potential-mer-an-10-ar-sv","16":"pa_vintage-2013-sv","18":"first","19":"instock","20":"taxable","21":"shipping-taxable","22":"purchasable","23":"product-type-variable"},"bundled_by":[],"bundle_stock_status":"instock","bundle_stock_quantity":null,"bundle_virtual":false,"bundle_layout":"","bundle_add_to_cart_form_location":"","bundle_editable_in_cart":false,"bundle_sold_individually_context":"","bundle_item_grouping":"","bundle_min_size":"","bundle_max_size":"","bundle_price":[],"bundled_items":[],"bundle_sell_ids":[],"yoast_head":"<!-- This site is optimized with the Yoast SEO plugin v27.3 - https:\/\/yoast.com\/product\/yoast-seo-wordpress\/ -->\n<title>Besserat de Bellefon - Mill\u00e9sime 2013 - IVINIO Wine Shop<\/title>\n<meta name=\"description\" content=\"Besserat de Bellefon - Mill\u00e9sime 2013. Expressiv och kraftig, fr\u00e4sch trots sin \u00e5lder, men har kryddiga inslag av kokta gula frukter.\" \/>\n<meta name=\"robots\" content=\"index, follow, max-snippet:-1, max-image-preview:large, max-video-preview:-1\" \/>\n<link rel=\"canonical\" href=\"https:\/\/www.ivinio.com\/sv\/produkt\/besserat-de-bellefon-millesime-2013\/\" \/>\n<meta property=\"og:locale\" content=\"sv_SE\" \/>\n<meta property=\"og:type\" content=\"article\" \/>\n<meta property=\"og:title\" content=\"Besserat de Bellefon - Mill\u00e9sime 2013 - IVINIO Wine Shop\" \/>\n<meta property=\"og:description\" content=\"Besserat de Bellefon - Mill\u00e9sime 2013. Expressiv och kraftig, fr\u00e4sch trots sin \u00e5lder, men har kryddiga inslag av kokta gula frukter.\" \/>\n<meta property=\"og:url\" content=\"https:\/\/www.ivinio.com\/sv\/produkt\/besserat-de-bellefon-millesime-2013\/\" \/>\n<meta property=\"og:site_name\" content=\"IVINIO Wine Shop\" \/>\n<meta property=\"article:publisher\" content=\"https:\/\/www.facebook.com\/groups\/165217837022391\/?ref=bookmarks\" \/>\n<meta property=\"article:modified_time\" content=\"2024-10-30T18:14:03+00:00\" \/>\n<meta property=\"og:image\" content=\"https:\/\/www.ivinio.com\/wp-content\/uploads\/2022\/09\/Besserat-de-Bellefon-millesime.jpg\" \/>\n\t<meta property=\"og:image:width\" content=\"500\" \/>\n\t<meta property=\"og:image:height\" content=\"500\" \/>\n\t<meta property=\"og:image:type\" content=\"image\/jpeg\" \/>\n<meta name=\"twitter:card\" content=\"summary_large_image\" \/>\n<meta name=\"twitter:label1\" content=\"Ber\u00e4knad l\u00e4stid\" \/>\n\t<meta name=\"twitter:data1\" content=\"1 minut\" \/>\n<script type=\"application\/ld+json\" class=\"yoast-schema-graph\">{\"@context\":\"https:\\\/\\\/schema.org\",\"@graph\":[{\"@type\":\"WebPage\",\"@id\":\"https:\\\/\\\/www.ivinio.com\\\/sv\\\/produkt\\\/besserat-de-bellefon-millesime-2013\\\/\",\"url\":\"https:\\\/\\\/www.ivinio.com\\\/sv\\\/produkt\\\/besserat-de-bellefon-millesime-2013\\\/\",\"name\":\"Besserat de Bellefon - Mill\u00e9sime 2013 - IVINIO Wine Shop\",\"isPartOf\":{\"@id\":\"https:\\\/\\\/www.ivinio.com\\\/sv\\\/#website\"},\"primaryImageOfPage\":{\"@id\":\"https:\\\/\\\/www.ivinio.com\\\/sv\\\/produkt\\\/besserat-de-bellefon-millesime-2013\\\/#primaryimage\"},\"image\":{\"@id\":\"https:\\\/\\\/www.ivinio.com\\\/sv\\\/produkt\\\/besserat-de-bellefon-millesime-2013\\\/#primaryimage\"},\"thumbnailUrl\":\"https:\\\/\\\/www.ivinio.com\\\/wp-content\\\/uploads\\\/2022\\\/09\\\/Besserat-de-Bellefon-millesime.jpg\",\"datePublished\":\"2022-09-03T16:00:15+00:00\",\"dateModified\":\"2024-10-30T18:14:03+00:00\",\"description\":\"Besserat de Bellefon - Mill\u00e9sime 2013. Expressiv och kraftig, fr\u00e4sch trots sin \u00e5lder, men har kryddiga inslag av kokta gula frukter.\",\"breadcrumb\":{\"@id\":\"https:\\\/\\\/www.ivinio.com\\\/sv\\\/produkt\\\/besserat-de-bellefon-millesime-2013\\\/#breadcrumb\"},\"inLanguage\":\"sv-SE\",\"potentialAction\":[{\"@type\":\"ReadAction\",\"target\":[\"https:\\\/\\\/www.ivinio.com\\\/sv\\\/produkt\\\/besserat-de-bellefon-millesime-2013\\\/\"]}]},{\"@type\":\"ImageObject\",\"inLanguage\":\"sv-SE\",\"@id\":\"https:\\\/\\\/www.ivinio.com\\\/sv\\\/produkt\\\/besserat-de-bellefon-millesime-2013\\\/#primaryimage\",\"url\":\"https:\\\/\\\/www.ivinio.com\\\/wp-content\\\/uploads\\\/2022\\\/09\\\/Besserat-de-Bellefon-millesime.jpg\",\"contentUrl\":\"https:\\\/\\\/www.ivinio.com\\\/wp-content\\\/uploads\\\/2022\\\/09\\\/Besserat-de-Bellefon-millesime.jpg\",\"width\":500,\"height\":500,\"caption\":\"Besserat de Bellefon - Mill\u00e9sime\"},{\"@type\":\"BreadcrumbList\",\"@id\":\"https:\\\/\\\/www.ivinio.com\\\/sv\\\/produkt\\\/besserat-de-bellefon-millesime-2013\\\/#breadcrumb\",\"itemListElement\":[{\"@type\":\"ListItem\",\"position\":1,\"name\":\"Hem\",\"item\":\"https:\\\/\\\/www.ivinio.com\\\/sv\\\/\"},{\"@type\":\"ListItem\",\"position\":2,\"name\":\"Vinbutik\",\"item\":\"https:\\\/\\\/www.ivinio.com\\\/sv\\\/vinbutik\\\/\"},{\"@type\":\"ListItem\",\"position\":3,\"name\":\"Besserat de Bellefon &#8211; Mill\u00e9sime 2013\"}]},{\"@type\":\"WebSite\",\"@id\":\"https:\\\/\\\/www.ivinio.com\\\/sv\\\/#website\",\"url\":\"https:\\\/\\\/www.ivinio.com\\\/sv\\\/\",\"name\":\"IVINIO Wine Shop\",\"description\":\"French and Italian wines with delivery to your door\",\"publisher\":{\"@id\":\"https:\\\/\\\/www.ivinio.com\\\/sv\\\/#organization\"},\"potentialAction\":[{\"@type\":\"SearchAction\",\"target\":{\"@type\":\"EntryPoint\",\"urlTemplate\":\"https:\\\/\\\/www.ivinio.com\\\/sv\\\/?s={search_term_string}\"},\"query-input\":{\"@type\":\"PropertyValueSpecification\",\"valueRequired\":true,\"valueName\":\"search_term_string\"}}],\"inLanguage\":\"sv-SE\"},{\"@type\":\"Organization\",\"@id\":\"https:\\\/\\\/www.ivinio.com\\\/sv\\\/#organization\",\"name\":\"IVINIO\",\"url\":\"https:\\\/\\\/www.ivinio.com\\\/sv\\\/\",\"logo\":{\"@type\":\"ImageObject\",\"inLanguage\":\"sv-SE\",\"@id\":\"https:\\\/\\\/www.ivinio.com\\\/sv\\\/#\\\/schema\\\/logo\\\/image\\\/\",\"url\":\"https:\\\/\\\/www.ivinio.com\\\/wp-content\\\/uploads\\\/2021\\\/01\\\/Logo-Ivinio-v2.jpg\",\"contentUrl\":\"https:\\\/\\\/www.ivinio.com\\\/wp-content\\\/uploads\\\/2021\\\/01\\\/Logo-Ivinio-v2.jpg\",\"width\":1194,\"height\":1194,\"caption\":\"IVINIO\"},\"image\":{\"@id\":\"https:\\\/\\\/www.ivinio.com\\\/sv\\\/#\\\/schema\\\/logo\\\/image\\\/\"},\"sameAs\":[\"https:\\\/\\\/www.facebook.com\\\/groups\\\/165217837022391\\\/?ref=bookmarks\",\"https:\\\/\\\/www.instagram.com\\\/_ivinio_\\\/?hl=fr\"]}]}<\/script>\n<!-- \/ Yoast SEO plugin. -->","yoast_head_json":{"title":"Besserat de Bellefon - Mill\u00e9sime 2013 - IVINIO Wine Shop","description":"Besserat de Bellefon - Mill\u00e9sime 2013. Expressiv och kraftig, fr\u00e4sch trots sin \u00e5lder, men har kryddiga inslag av kokta gula frukter.","robots":{"index":"index","follow":"follow","max-snippet":"max-snippet:-1","max-image-preview":"max-image-preview:large","max-video-preview":"max-video-preview:-1"},"canonical":"https:\/\/www.ivinio.com\/sv\/produkt\/besserat-de-bellefon-millesime-2013\/","og_locale":"sv_SE","og_type":"article","og_title":"Besserat de Bellefon - Mill\u00e9sime 2013 - IVINIO Wine Shop","og_description":"Besserat de Bellefon - Mill\u00e9sime 2013. Expressiv och kraftig, fr\u00e4sch trots sin \u00e5lder, men har kryddiga inslag av kokta gula frukter.","og_url":"https:\/\/www.ivinio.com\/sv\/produkt\/besserat-de-bellefon-millesime-2013\/","og_site_name":"IVINIO Wine Shop","article_publisher":"https:\/\/www.facebook.com\/groups\/165217837022391\/?ref=bookmarks","article_modified_time":"2024-10-30T18:14:03+00:00","og_image":[{"width":500,"height":500,"url":"https:\/\/www.ivinio.com\/wp-content\/uploads\/2022\/09\/Besserat-de-Bellefon-millesime.jpg","type":"image\/jpeg"}],"twitter_card":"summary_large_image","twitter_misc":{"Ber\u00e4knad l\u00e4stid":"1 minut"},"schema":{"@context":"https:\/\/schema.org","@graph":[{"@type":"WebPage","@id":"https:\/\/www.ivinio.com\/sv\/produkt\/besserat-de-bellefon-millesime-2013\/","url":"https:\/\/www.ivinio.com\/sv\/produkt\/besserat-de-bellefon-millesime-2013\/","name":"Besserat de Bellefon - Mill\u00e9sime 2013 - IVINIO Wine Shop","isPartOf":{"@id":"https:\/\/www.ivinio.com\/sv\/#website"},"primaryImageOfPage":{"@id":"https:\/\/www.ivinio.com\/sv\/produkt\/besserat-de-bellefon-millesime-2013\/#primaryimage"},"image":{"@id":"https:\/\/www.ivinio.com\/sv\/produkt\/besserat-de-bellefon-millesime-2013\/#primaryimage"},"thumbnailUrl":"https:\/\/www.ivinio.com\/wp-content\/uploads\/2022\/09\/Besserat-de-Bellefon-millesime.jpg","datePublished":"2022-09-03T16:00:15+00:00","dateModified":"2024-10-30T18:14:03+00:00","description":"Besserat de Bellefon - Mill\u00e9sime 2013. Expressiv och kraftig, fr\u00e4sch trots sin \u00e5lder, men har kryddiga inslag av kokta gula frukter.","breadcrumb":{"@id":"https:\/\/www.ivinio.com\/sv\/produkt\/besserat-de-bellefon-millesime-2013\/#breadcrumb"},"inLanguage":"sv-SE","potentialAction":[{"@type":"ReadAction","target":["https:\/\/www.ivinio.com\/sv\/produkt\/besserat-de-bellefon-millesime-2013\/"]}]},{"@type":"ImageObject","inLanguage":"sv-SE","@id":"https:\/\/www.ivinio.com\/sv\/produkt\/besserat-de-bellefon-millesime-2013\/#primaryimage","url":"https:\/\/www.ivinio.com\/wp-content\/uploads\/2022\/09\/Besserat-de-Bellefon-millesime.jpg","contentUrl":"https:\/\/www.ivinio.com\/wp-content\/uploads\/2022\/09\/Besserat-de-Bellefon-millesime.jpg","width":500,"height":500,"caption":"Besserat de Bellefon - Mill\u00e9sime"},{"@type":"BreadcrumbList","@id":"https:\/\/www.ivinio.com\/sv\/produkt\/besserat-de-bellefon-millesime-2013\/#breadcrumb","itemListElement":[{"@type":"ListItem","position":1,"name":"Hem","item":"https:\/\/www.ivinio.com\/sv\/"},{"@type":"ListItem","position":2,"name":"Vinbutik","item":"https:\/\/www.ivinio.com\/sv\/vinbutik\/"},{"@type":"ListItem","position":3,"name":"Besserat de Bellefon &#8211; Mill\u00e9sime 2013"}]},{"@type":"WebSite","@id":"https:\/\/www.ivinio.com\/sv\/#website","url":"https:\/\/www.ivinio.com\/sv\/","name":"IVINIO Wine Shop","description":"French and Italian wines with delivery to your door","publisher":{"@id":"https:\/\/www.ivinio.com\/sv\/#organization"},"potentialAction":[{"@type":"SearchAction","target":{"@type":"EntryPoint","urlTemplate":"https:\/\/www.ivinio.com\/sv\/?s={search_term_string}"},"query-input":{"@type":"PropertyValueSpecification","valueRequired":true,"valueName":"search_term_string"}}],"inLanguage":"sv-SE"},{"@type":"Organization","@id":"https:\/\/www.ivinio.com\/sv\/#organization","name":"IVINIO","url":"https:\/\/www.ivinio.com\/sv\/","logo":{"@type":"ImageObject","inLanguage":"sv-SE","@id":"https:\/\/www.ivinio.com\/sv\/#\/schema\/logo\/image\/","url":"https:\/\/www.ivinio.com\/wp-content\/uploads\/2021\/01\/Logo-Ivinio-v2.jpg","contentUrl":"https:\/\/www.ivinio.com\/wp-content\/uploads\/2021\/01\/Logo-Ivinio-v2.jpg","width":1194,"height":1194,"caption":"IVINIO"},"image":{"@id":"https:\/\/www.ivinio.com\/sv\/#\/schema\/logo\/image\/"},"sameAs":["https:\/\/www.facebook.com\/groups\/165217837022391\/?ref=bookmarks","https:\/\/www.instagram.com\/_ivinio_\/?hl=fr"]}]}},"jetpack_sharing_enabled":true,"_links":{"self":[{"href":"https:\/\/www.ivinio.com\/sv\/wp-json\/wp\/v2\/product\/131521","targetHints":{"allow":["GET"]}}],"collection":[{"href":"https:\/\/www.ivinio.com\/sv\/wp-json\/wp\/v2\/product"}],"about":[{"href":"https:\/\/www.ivinio.com\/sv\/wp-json\/wp\/v2\/types\/product"}],"replies":[{"embeddable":true,"href":"https:\/\/www.ivinio.com\/sv\/wp-json\/wp\/v2\/comments?post=131521"}],"wp:featuredmedia":[{"embeddable":true,"href":"https:\/\/www.ivinio.com\/sv\/wp-json\/wp\/v2\/media\/131522"}],"wp:attachment":[{"href":"https:\/\/www.ivinio.com\/sv\/wp-json\/wp\/v2\/media?parent=131521"}],"wp:term":[{"taxonomy":"product_brand","embeddable":true,"href":"https:\/\/www.ivinio.com\/sv\/wp-json\/wp\/v2\/product_brand?post=131521"},{"taxonomy":"product_cat","embeddable":true,"href":"https:\/\/www.ivinio.com\/sv\/wp-json\/wp\/v2\/product_cat?post=131521"},{"taxonomy":"product_tag","embeddable":true,"href":"https:\/\/www.ivinio.com\/sv\/wp-json\/wp\/v2\/product_tag?post=131521"}],"curies":[{"name":"wp","href":"https:\/\/api.w.org\/{rel}","templated":true}]}}