{"id":130888,"date":"2022-04-09T10:57:22","date_gmt":"2022-04-09T08:57:22","guid":{"rendered":"https:\/\/www.ivinio.com\/?post_type=product&#038;p=130888"},"modified":"2023-05-26T19:32:19","modified_gmt":"2023-05-26T17:32:19","slug":"domaines-bunan-belouve-cotes-de-provence-rod","status":"publish","type":"product","link":"https:\/\/www.ivinio.com\/sv\/produkt\/domaines-bunan-belouve-cotes-de-provence-rod\/","title":{"rendered":"Domaines Bunan &#8211; B\u00e9louv\u00e9 &#8211; C\u00f4tes de Provence &#8211; R\u00f6d"},"content":{"rendered":"<p>Domaines Bunan &#8211; B\u00e9louv\u00e9 &#8211; C\u00f4tes de Provence &#8211; R\u00f6dvin \u00e4r en &#8220;klassisk&#8221; <a href=\"https:\/\/www.ivinio.com\/sv\/sv-provence\/\">C\u00f4tes de Provence<\/a>. Vinet odlas i ett omr\u00e5de som ligger mellan Cadi\u00e8re d&#8217;Azur och Le Castellet, i Var, i regionen Provence. Vinframst\u00e4llningen g\u00f6rs enligt samma process som Bunan&#8217;s exklusiva Bandol-viner. B\u00e9louv\u00e9 i r\u00f6tt framst\u00e4lls av 22% Grenache, 25% Mourv\u00e8dre, 27% Syrah, och 26% Cabernet. \u00c4gorna tillh\u00f6rde p\u00e5 1700-talet munkar som vinifierade &#8220;B\u00e9louv\u00e9 som p\u00e5 provensalska betyder &#8220;vacker druva&#8221;. Ving\u00e5rden omgivs av olivtr\u00e4d och florentinska cypresser och platsen utstr\u00e5lar lugn och stillhet. Ving\u00e5rden \u00e5teruppbyggdes av familjen Bunan \u00e5r 1978.<\/p>\n","protected":false},"excerpt":{"rendered":"<p>Domaines Bunan &#8211; B\u00e9louv\u00e9 &#8211; C\u00f4tes de Provence &#8211; R\u00f6dvin \u00e4r en &#8220;klassisk&#8221; C\u00f4tes de Provence. Fruktig och fyllig med silkeslena tanniner.<\/p>\n","protected":false},"featured_media":130891,"comment_status":"open","ping_status":"closed","template":"","meta":{"_monsterinsights_skip_tracking":false,"_monsterinsights_sitenote_active":false,"_monsterinsights_sitenote_note":"","_monsterinsights_sitenote_category":0,"_uf_show_specific_survey":0,"_uf_disable_surveys":false},"product_brand":[],"product_cat":[36587,36623],"product_tag":[],"class_list":{"0":"post-130888","1":"product","2":"type-product","3":"status-publish","4":"has-post-thumbnail","6":"product_cat-french-wines","7":"product_cat-en-provence","8":"pa_alcohol-degree-15-en","9":"pa_classification-aop-cotes-de-provence-en","10":"pa_color-red","11":"pa_country-france-en","12":"pa_grape-variety-cabernet-sauvignon-en","13":"pa_grape-variety-grenache-en","14":"pa_region-provence-en","15":"pa_storage-potential-7-years-en","16":"pa_vintage-2020-en","17":"pa_volume-150-cl-en","18":"pa_volume-75-cl-en","20":"first","21":"instock","22":"taxable","23":"shipping-taxable","24":"purchasable","25":"product-type-simple"},"bundled_by":[],"bundle_stock_status":"instock","bundle_stock_quantity":null,"bundle_virtual":false,"bundle_layout":"","bundle_add_to_cart_form_location":"","bundle_editable_in_cart":false,"bundle_sold_individually_context":"","bundle_item_grouping":"","bundle_min_size":"","bundle_max_size":"","bundle_price":[],"bundled_items":[],"bundle_sell_ids":[],"yoast_head":"<!-- This site is optimized with the Yoast SEO plugin v27.4 - https:\/\/yoast.com\/product\/yoast-seo-wordpress\/ -->\n<title>Domaines Bunan - B\u00e9louv\u00e9 - C\u00f4tes de Provence - R\u00f6dvin - IVINIO Vinbutik<\/title>\n<meta name=\"description\" content=\"Domaines Bunan - B\u00e9louv\u00e9 - C\u00f4tes de Provence - R\u00f6dvin. Elegant och fruktigt med fyllig smak av svarta b\u00e4r och lakrits.\" \/>\n<meta name=\"robots\" content=\"index, follow, max-snippet:-1, max-image-preview:large, max-video-preview:-1\" \/>\n<link rel=\"canonical\" href=\"https:\/\/www.ivinio.com\/sv\/produkt\/domaines-bunan-belouve-cotes-de-provence-rod\/\" \/>\n<meta property=\"og:locale\" content=\"sv_SE\" \/>\n<meta property=\"og:type\" content=\"article\" \/>\n<meta property=\"og:title\" content=\"Domaines Bunan - B\u00e9louv\u00e9 - C\u00f4tes de Provence - R\u00f6dvin - IVINIO Vinbutik\" \/>\n<meta property=\"og:description\" content=\"Domaines Bunan - B\u00e9louv\u00e9 - C\u00f4tes de Provence - R\u00f6dvin. Elegant och fruktigt med fyllig smak av svarta b\u00e4r och lakrits.\" \/>\n<meta property=\"og:url\" content=\"https:\/\/www.ivinio.com\/sv\/produkt\/domaines-bunan-belouve-cotes-de-provence-rod\/\" \/>\n<meta property=\"og:site_name\" content=\"IVINIO Vinbutik\" \/>\n<meta property=\"article:publisher\" content=\"https:\/\/www.facebook.com\/groups\/165217837022391\/?ref=bookmarks\" \/>\n<meta property=\"article:modified_time\" content=\"2023-05-26T17:32:19+00:00\" \/>\n<meta property=\"og:image\" content=\"https:\/\/www.ivinio.com\/wp-content\/uploads\/2022\/04\/Domaines-Bunan-belouve-cotes-de-provence-rouge-IVINIO.jpg\" \/>\n\t<meta property=\"og:image:width\" content=\"500\" \/>\n\t<meta property=\"og:image:height\" content=\"500\" \/>\n\t<meta property=\"og:image:type\" content=\"image\/jpeg\" \/>\n<meta name=\"twitter:card\" content=\"summary_large_image\" \/>\n<meta name=\"twitter:label1\" content=\"Ber\u00e4knad l\u00e4stid\" \/>\n\t<meta name=\"twitter:data1\" content=\"1 minut\" \/>\n<script type=\"application\/ld+json\" class=\"yoast-schema-graph\">{\"@context\":\"https:\\\/\\\/schema.org\",\"@graph\":[{\"@type\":\"WebPage\",\"@id\":\"https:\\\/\\\/www.ivinio.com\\\/sv\\\/produkt\\\/domaines-bunan-belouve-cotes-de-provence-rod\\\/\",\"url\":\"https:\\\/\\\/www.ivinio.com\\\/sv\\\/produkt\\\/domaines-bunan-belouve-cotes-de-provence-rod\\\/\",\"name\":\"Domaines Bunan - B\u00e9louv\u00e9 - C\u00f4tes de Provence - R\u00f6dvin - IVINIO Vinbutik\",\"isPartOf\":{\"@id\":\"https:\\\/\\\/www.ivinio.com\\\/sv\\\/#website\"},\"primaryImageOfPage\":{\"@id\":\"https:\\\/\\\/www.ivinio.com\\\/sv\\\/produkt\\\/domaines-bunan-belouve-cotes-de-provence-rod\\\/#primaryimage\"},\"image\":{\"@id\":\"https:\\\/\\\/www.ivinio.com\\\/sv\\\/produkt\\\/domaines-bunan-belouve-cotes-de-provence-rod\\\/#primaryimage\"},\"thumbnailUrl\":\"https:\\\/\\\/www.ivinio.com\\\/wp-content\\\/uploads\\\/2022\\\/04\\\/Domaines-Bunan-belouve-cotes-de-provence-rouge-IVINIO.jpg\",\"datePublished\":\"2022-04-09T08:57:22+00:00\",\"dateModified\":\"2023-05-26T17:32:19+00:00\",\"description\":\"Domaines Bunan - B\u00e9louv\u00e9 - C\u00f4tes de Provence - R\u00f6dvin. Elegant och fruktigt med fyllig smak av svarta b\u00e4r och lakrits.\",\"breadcrumb\":{\"@id\":\"https:\\\/\\\/www.ivinio.com\\\/sv\\\/produkt\\\/domaines-bunan-belouve-cotes-de-provence-rod\\\/#breadcrumb\"},\"inLanguage\":\"sv-SE\",\"potentialAction\":[{\"@type\":\"ReadAction\",\"target\":[\"https:\\\/\\\/www.ivinio.com\\\/sv\\\/produkt\\\/domaines-bunan-belouve-cotes-de-provence-rod\\\/\"]}]},{\"@type\":\"ImageObject\",\"inLanguage\":\"sv-SE\",\"@id\":\"https:\\\/\\\/www.ivinio.com\\\/sv\\\/produkt\\\/domaines-bunan-belouve-cotes-de-provence-rod\\\/#primaryimage\",\"url\":\"https:\\\/\\\/www.ivinio.com\\\/wp-content\\\/uploads\\\/2022\\\/04\\\/Domaines-Bunan-belouve-cotes-de-provence-rouge-IVINIO.jpg\",\"contentUrl\":\"https:\\\/\\\/www.ivinio.com\\\/wp-content\\\/uploads\\\/2022\\\/04\\\/Domaines-Bunan-belouve-cotes-de-provence-rouge-IVINIO.jpg\",\"width\":500,\"height\":500,\"caption\":\"Domaines Bunan - B\u00e9louv\u00e9 - C\u00f4tes de Provence\"},{\"@type\":\"BreadcrumbList\",\"@id\":\"https:\\\/\\\/www.ivinio.com\\\/sv\\\/produkt\\\/domaines-bunan-belouve-cotes-de-provence-rod\\\/#breadcrumb\",\"itemListElement\":[{\"@type\":\"ListItem\",\"position\":1,\"name\":\"Hem\",\"item\":\"https:\\\/\\\/www.ivinio.com\\\/sv\\\/\"},{\"@type\":\"ListItem\",\"position\":2,\"name\":\"Vinbutik\",\"item\":\"https:\\\/\\\/www.ivinio.com\\\/sv\\\/vinbutik\\\/\"},{\"@type\":\"ListItem\",\"position\":3,\"name\":\"Domaines Bunan &#8211; B\u00e9louv\u00e9 &#8211; C\u00f4tes de Provence &#8211; R\u00f6d\"}]},{\"@type\":\"WebSite\",\"@id\":\"https:\\\/\\\/www.ivinio.com\\\/sv\\\/#website\",\"url\":\"https:\\\/\\\/www.ivinio.com\\\/sv\\\/\",\"name\":\"IVINIO Vinbutik\",\"description\":\"Vin fr\u00e5n Frankrike och Italien med leverans hem till din d\u00f6rr\",\"publisher\":{\"@id\":\"https:\\\/\\\/www.ivinio.com\\\/sv\\\/#organization\"},\"potentialAction\":[{\"@type\":\"SearchAction\",\"target\":{\"@type\":\"EntryPoint\",\"urlTemplate\":\"https:\\\/\\\/www.ivinio.com\\\/sv\\\/?s={search_term_string}\"},\"query-input\":{\"@type\":\"PropertyValueSpecification\",\"valueRequired\":true,\"valueName\":\"search_term_string\"}}],\"inLanguage\":\"sv-SE\"},{\"@type\":\"Organization\",\"@id\":\"https:\\\/\\\/www.ivinio.com\\\/sv\\\/#organization\",\"name\":\"IVINIO\",\"url\":\"https:\\\/\\\/www.ivinio.com\\\/sv\\\/\",\"logo\":{\"@type\":\"ImageObject\",\"inLanguage\":\"sv-SE\",\"@id\":\"https:\\\/\\\/www.ivinio.com\\\/sv\\\/#\\\/schema\\\/logo\\\/image\\\/\",\"url\":\"https:\\\/\\\/www.ivinio.com\\\/wp-content\\\/uploads\\\/2021\\\/01\\\/Logo-Ivinio-v2.jpg\",\"contentUrl\":\"https:\\\/\\\/www.ivinio.com\\\/wp-content\\\/uploads\\\/2021\\\/01\\\/Logo-Ivinio-v2.jpg\",\"width\":1194,\"height\":1194,\"caption\":\"IVINIO\"},\"image\":{\"@id\":\"https:\\\/\\\/www.ivinio.com\\\/sv\\\/#\\\/schema\\\/logo\\\/image\\\/\"},\"sameAs\":[\"https:\\\/\\\/www.facebook.com\\\/groups\\\/165217837022391\\\/?ref=bookmarks\",\"https:\\\/\\\/www.instagram.com\\\/_ivinio_\\\/?hl=fr\"]}]}<\/script>\n<!-- \/ Yoast SEO plugin. -->","yoast_head_json":{"title":"Domaines Bunan - B\u00e9louv\u00e9 - C\u00f4tes de Provence - R\u00f6dvin - IVINIO Vinbutik","description":"Domaines Bunan - B\u00e9louv\u00e9 - C\u00f4tes de Provence - R\u00f6dvin. Elegant och fruktigt med fyllig smak av svarta b\u00e4r och lakrits.","robots":{"index":"index","follow":"follow","max-snippet":"max-snippet:-1","max-image-preview":"max-image-preview:large","max-video-preview":"max-video-preview:-1"},"canonical":"https:\/\/www.ivinio.com\/sv\/produkt\/domaines-bunan-belouve-cotes-de-provence-rod\/","og_locale":"sv_SE","og_type":"article","og_title":"Domaines Bunan - B\u00e9louv\u00e9 - C\u00f4tes de Provence - R\u00f6dvin - IVINIO Vinbutik","og_description":"Domaines Bunan - B\u00e9louv\u00e9 - C\u00f4tes de Provence - R\u00f6dvin. Elegant och fruktigt med fyllig smak av svarta b\u00e4r och lakrits.","og_url":"https:\/\/www.ivinio.com\/sv\/produkt\/domaines-bunan-belouve-cotes-de-provence-rod\/","og_site_name":"IVINIO Vinbutik","article_publisher":"https:\/\/www.facebook.com\/groups\/165217837022391\/?ref=bookmarks","article_modified_time":"2023-05-26T17:32:19+00:00","og_image":[{"width":500,"height":500,"url":"https:\/\/www.ivinio.com\/wp-content\/uploads\/2022\/04\/Domaines-Bunan-belouve-cotes-de-provence-rouge-IVINIO.jpg","type":"image\/jpeg"}],"twitter_card":"summary_large_image","twitter_misc":{"Ber\u00e4knad l\u00e4stid":"1 minut"},"schema":{"@context":"https:\/\/schema.org","@graph":[{"@type":"WebPage","@id":"https:\/\/www.ivinio.com\/sv\/produkt\/domaines-bunan-belouve-cotes-de-provence-rod\/","url":"https:\/\/www.ivinio.com\/sv\/produkt\/domaines-bunan-belouve-cotes-de-provence-rod\/","name":"Domaines Bunan - B\u00e9louv\u00e9 - C\u00f4tes de Provence - R\u00f6dvin - IVINIO Vinbutik","isPartOf":{"@id":"https:\/\/www.ivinio.com\/sv\/#website"},"primaryImageOfPage":{"@id":"https:\/\/www.ivinio.com\/sv\/produkt\/domaines-bunan-belouve-cotes-de-provence-rod\/#primaryimage"},"image":{"@id":"https:\/\/www.ivinio.com\/sv\/produkt\/domaines-bunan-belouve-cotes-de-provence-rod\/#primaryimage"},"thumbnailUrl":"https:\/\/www.ivinio.com\/wp-content\/uploads\/2022\/04\/Domaines-Bunan-belouve-cotes-de-provence-rouge-IVINIO.jpg","datePublished":"2022-04-09T08:57:22+00:00","dateModified":"2023-05-26T17:32:19+00:00","description":"Domaines Bunan - B\u00e9louv\u00e9 - C\u00f4tes de Provence - R\u00f6dvin. Elegant och fruktigt med fyllig smak av svarta b\u00e4r och lakrits.","breadcrumb":{"@id":"https:\/\/www.ivinio.com\/sv\/produkt\/domaines-bunan-belouve-cotes-de-provence-rod\/#breadcrumb"},"inLanguage":"sv-SE","potentialAction":[{"@type":"ReadAction","target":["https:\/\/www.ivinio.com\/sv\/produkt\/domaines-bunan-belouve-cotes-de-provence-rod\/"]}]},{"@type":"ImageObject","inLanguage":"sv-SE","@id":"https:\/\/www.ivinio.com\/sv\/produkt\/domaines-bunan-belouve-cotes-de-provence-rod\/#primaryimage","url":"https:\/\/www.ivinio.com\/wp-content\/uploads\/2022\/04\/Domaines-Bunan-belouve-cotes-de-provence-rouge-IVINIO.jpg","contentUrl":"https:\/\/www.ivinio.com\/wp-content\/uploads\/2022\/04\/Domaines-Bunan-belouve-cotes-de-provence-rouge-IVINIO.jpg","width":500,"height":500,"caption":"Domaines Bunan - B\u00e9louv\u00e9 - C\u00f4tes de Provence"},{"@type":"BreadcrumbList","@id":"https:\/\/www.ivinio.com\/sv\/produkt\/domaines-bunan-belouve-cotes-de-provence-rod\/#breadcrumb","itemListElement":[{"@type":"ListItem","position":1,"name":"Hem","item":"https:\/\/www.ivinio.com\/sv\/"},{"@type":"ListItem","position":2,"name":"Vinbutik","item":"https:\/\/www.ivinio.com\/sv\/vinbutik\/"},{"@type":"ListItem","position":3,"name":"Domaines Bunan &#8211; B\u00e9louv\u00e9 &#8211; C\u00f4tes de Provence &#8211; R\u00f6d"}]},{"@type":"WebSite","@id":"https:\/\/www.ivinio.com\/sv\/#website","url":"https:\/\/www.ivinio.com\/sv\/","name":"IVINIO Vinbutik","description":"Vin fr\u00e5n Frankrike och Italien med leverans hem till din d\u00f6rr","publisher":{"@id":"https:\/\/www.ivinio.com\/sv\/#organization"},"potentialAction":[{"@type":"SearchAction","target":{"@type":"EntryPoint","urlTemplate":"https:\/\/www.ivinio.com\/sv\/?s={search_term_string}"},"query-input":{"@type":"PropertyValueSpecification","valueRequired":true,"valueName":"search_term_string"}}],"inLanguage":"sv-SE"},{"@type":"Organization","@id":"https:\/\/www.ivinio.com\/sv\/#organization","name":"IVINIO","url":"https:\/\/www.ivinio.com\/sv\/","logo":{"@type":"ImageObject","inLanguage":"sv-SE","@id":"https:\/\/www.ivinio.com\/sv\/#\/schema\/logo\/image\/","url":"https:\/\/www.ivinio.com\/wp-content\/uploads\/2021\/01\/Logo-Ivinio-v2.jpg","contentUrl":"https:\/\/www.ivinio.com\/wp-content\/uploads\/2021\/01\/Logo-Ivinio-v2.jpg","width":1194,"height":1194,"caption":"IVINIO"},"image":{"@id":"https:\/\/www.ivinio.com\/sv\/#\/schema\/logo\/image\/"},"sameAs":["https:\/\/www.facebook.com\/groups\/165217837022391\/?ref=bookmarks","https:\/\/www.instagram.com\/_ivinio_\/?hl=fr"]}]}},"jetpack_sharing_enabled":true,"_links":{"self":[{"href":"https:\/\/www.ivinio.com\/sv\/wp-json\/wp\/v2\/product\/130888","targetHints":{"allow":["GET"]}}],"collection":[{"href":"https:\/\/www.ivinio.com\/sv\/wp-json\/wp\/v2\/product"}],"about":[{"href":"https:\/\/www.ivinio.com\/sv\/wp-json\/wp\/v2\/types\/product"}],"replies":[{"embeddable":true,"href":"https:\/\/www.ivinio.com\/sv\/wp-json\/wp\/v2\/comments?post=130888"}],"wp:featuredmedia":[{"embeddable":true,"href":"https:\/\/www.ivinio.com\/sv\/wp-json\/wp\/v2\/media\/130891"}],"wp:attachment":[{"href":"https:\/\/www.ivinio.com\/sv\/wp-json\/wp\/v2\/media?parent=130888"}],"wp:term":[{"taxonomy":"product_brand","embeddable":true,"href":"https:\/\/www.ivinio.com\/sv\/wp-json\/wp\/v2\/product_brand?post=130888"},{"taxonomy":"product_cat","embeddable":true,"href":"https:\/\/www.ivinio.com\/sv\/wp-json\/wp\/v2\/product_cat?post=130888"},{"taxonomy":"product_tag","embeddable":true,"href":"https:\/\/www.ivinio.com\/sv\/wp-json\/wp\/v2\/product_tag?post=130888"}],"curies":[{"name":"wp","href":"https:\/\/api.w.org\/{rel}","templated":true}]}}