{"id":130456,"date":"2022-02-16T18:06:04","date_gmt":"2022-02-16T17:06:04","guid":{"rendered":"https:\/\/www.ivinio.com\/?post_type=product&#038;p=130456"},"modified":"2023-01-17T17:51:02","modified_gmt":"2023-01-17T16:51:02","slug":"chateau-bas-pierres-du-sud-vit","status":"publish","type":"product","link":"https:\/\/www.ivinio.com\/sv\/produkt\/chateau-bas-pierres-du-sud-vit\/","title":{"rendered":"Ch\u00e2teau Bas &#8211; Pierres du Sud &#8211; Vit"},"content":{"rendered":"<p><a href=\"https:\/\/www.chateaubas.com\/\">Ch\u00e2teau Bas<\/a> &#8211; Pierres du Sud \u00e4r ett friskt och fr\u00e4scht, ekologiskt odlat vitvin fr\u00e5n Provence. Vinet framst\u00e4lls av Rolle (Vermentino), Sauvignon och Grenache blanc. Druvorna avstj\u00e4lkas totalt efter sk\u00f6rd och pressas direkt. Musten j\u00e4ses sedan vid l\u00e5g kontrollerad temperatur. Den malolaktiska j\u00e4sningen blockeras f\u00f6r att bevara en viss syra.<\/p>\n","protected":false},"excerpt":{"rendered":"<p>Ch\u00e2teau Bas &#8211; Pierres du Sud &#8211; Vitvin Provence. Torrt, friskt aromatiskt vin med inslag av persika, p\u00e4ron och exotiska frukter. Till aperitif, grillad fisk eller pasta con le vongole.<\/p>\n","protected":false},"featured_media":130459,"comment_status":"open","ping_status":"closed","template":"","meta":{"_monsterinsights_skip_tracking":false,"_monsterinsights_sitenote_active":false,"_monsterinsights_sitenote_note":"","_monsterinsights_sitenote_category":0,"_uf_show_specific_survey":0,"_uf_disable_surveys":false},"product_brand":[],"product_cat":[36587,36623],"product_tag":[],"class_list":{"0":"post-130456","1":"product","2":"type-product","3":"status-publish","4":"has-post-thumbnail","6":"product_cat-french-wines","7":"product_cat-en-provence","8":"pa_alcohol-degree-13-en","9":"pa_classification-aop-coteaux-daix-en-provence-en","10":"pa_color-white-en","11":"pa_country-france-en","12":"pa_grape-variety-grenache-blanc-en","13":"pa_grape-variety-rolle-en","14":"pa_grape-variety-sauvignon-en","15":"pa_region-provence-en","16":"pa_storage-potential-5-years-en","17":"pa_vintage-2018-en","18":"pa_volume-75-cl-en","20":"first","21":"outofstock","22":"sale","23":"taxable","24":"shipping-taxable","25":"purchasable","26":"product-type-simple"},"bundled_by":["130513"],"bundle_stock_status":"outofstock","bundle_stock_quantity":null,"bundle_virtual":false,"bundle_layout":"","bundle_add_to_cart_form_location":"","bundle_editable_in_cart":false,"bundle_sold_individually_context":"","bundle_item_grouping":"","bundle_min_size":"","bundle_max_size":"","bundle_price":[],"bundled_items":[],"bundle_sell_ids":[],"yoast_head":"<!-- This site is optimized with the Yoast SEO plugin v27.4 - https:\/\/yoast.com\/product\/yoast-seo-wordpress\/ -->\n<title>Ch\u00e2teau Bas - Pierres du Sud - Vitvin - IVINIO Vinbutik<\/title>\n<meta name=\"description\" content=\"Ch\u00e2teau Bas - Pierres du Sud - Vitvin Provence. Torrt, friskt aromatiskt vin med inslag av persika, p\u00e4ron och exotiska frukter.\" \/>\n<meta name=\"robots\" content=\"index, follow, max-snippet:-1, max-image-preview:large, max-video-preview:-1\" \/>\n<link rel=\"canonical\" href=\"https:\/\/www.ivinio.com\/sv\/produkt\/chateau-bas-pierres-du-sud-vit\/\" \/>\n<meta property=\"og:locale\" content=\"sv_SE\" \/>\n<meta property=\"og:type\" content=\"article\" \/>\n<meta property=\"og:title\" content=\"Ch\u00e2teau Bas - Pierres du Sud - Vitvin - IVINIO Vinbutik\" \/>\n<meta property=\"og:description\" content=\"Ch\u00e2teau Bas - Pierres du Sud - Vitvin Provence. Torrt, friskt aromatiskt vin med inslag av persika, p\u00e4ron och exotiska frukter.\" \/>\n<meta property=\"og:url\" content=\"https:\/\/www.ivinio.com\/sv\/produkt\/chateau-bas-pierres-du-sud-vit\/\" \/>\n<meta property=\"og:site_name\" content=\"IVINIO Vinbutik\" \/>\n<meta property=\"article:publisher\" content=\"https:\/\/www.facebook.com\/groups\/165217837022391\/?ref=bookmarks\" \/>\n<meta property=\"article:modified_time\" content=\"2023-01-17T16:51:02+00:00\" \/>\n<meta property=\"og:image\" content=\"https:\/\/www.ivinio.com\/wp-content\/uploads\/2022\/02\/Chateau-bas-pierres-du-sud-IVINIO.jpg\" \/>\n\t<meta property=\"og:image:width\" content=\"500\" \/>\n\t<meta property=\"og:image:height\" content=\"500\" \/>\n\t<meta property=\"og:image:type\" content=\"image\/jpeg\" \/>\n<meta name=\"twitter:card\" content=\"summary_large_image\" \/>\n<meta name=\"twitter:label1\" content=\"Ber\u00e4knad l\u00e4stid\" \/>\n\t<meta name=\"twitter:data1\" content=\"1 minut\" \/>\n<script type=\"application\/ld+json\" class=\"yoast-schema-graph\">{\"@context\":\"https:\\\/\\\/schema.org\",\"@graph\":[{\"@type\":\"WebPage\",\"@id\":\"https:\\\/\\\/www.ivinio.com\\\/sv\\\/produkt\\\/chateau-bas-pierres-du-sud-vit\\\/\",\"url\":\"https:\\\/\\\/www.ivinio.com\\\/sv\\\/produkt\\\/chateau-bas-pierres-du-sud-vit\\\/\",\"name\":\"Ch\u00e2teau Bas - Pierres du Sud - Vitvin - IVINIO Vinbutik\",\"isPartOf\":{\"@id\":\"https:\\\/\\\/www.ivinio.com\\\/sv\\\/#website\"},\"primaryImageOfPage\":{\"@id\":\"https:\\\/\\\/www.ivinio.com\\\/sv\\\/produkt\\\/chateau-bas-pierres-du-sud-vit\\\/#primaryimage\"},\"image\":{\"@id\":\"https:\\\/\\\/www.ivinio.com\\\/sv\\\/produkt\\\/chateau-bas-pierres-du-sud-vit\\\/#primaryimage\"},\"thumbnailUrl\":\"https:\\\/\\\/www.ivinio.com\\\/wp-content\\\/uploads\\\/2022\\\/02\\\/Chateau-bas-pierres-du-sud-IVINIO.jpg\",\"datePublished\":\"2022-02-16T17:06:04+00:00\",\"dateModified\":\"2023-01-17T16:51:02+00:00\",\"description\":\"Ch\u00e2teau Bas - Pierres du Sud - Vitvin Provence. Torrt, friskt aromatiskt vin med inslag av persika, p\u00e4ron och exotiska frukter.\",\"breadcrumb\":{\"@id\":\"https:\\\/\\\/www.ivinio.com\\\/sv\\\/produkt\\\/chateau-bas-pierres-du-sud-vit\\\/#breadcrumb\"},\"inLanguage\":\"sv-SE\",\"potentialAction\":[{\"@type\":\"ReadAction\",\"target\":[\"https:\\\/\\\/www.ivinio.com\\\/sv\\\/produkt\\\/chateau-bas-pierres-du-sud-vit\\\/\"]}]},{\"@type\":\"ImageObject\",\"inLanguage\":\"sv-SE\",\"@id\":\"https:\\\/\\\/www.ivinio.com\\\/sv\\\/produkt\\\/chateau-bas-pierres-du-sud-vit\\\/#primaryimage\",\"url\":\"https:\\\/\\\/www.ivinio.com\\\/wp-content\\\/uploads\\\/2022\\\/02\\\/Chateau-bas-pierres-du-sud-IVINIO.jpg\",\"contentUrl\":\"https:\\\/\\\/www.ivinio.com\\\/wp-content\\\/uploads\\\/2022\\\/02\\\/Chateau-bas-pierres-du-sud-IVINIO.jpg\",\"width\":500,\"height\":500,\"caption\":\"Ch\u00e2teau Bas - Pierres du Sud\"},{\"@type\":\"BreadcrumbList\",\"@id\":\"https:\\\/\\\/www.ivinio.com\\\/sv\\\/produkt\\\/chateau-bas-pierres-du-sud-vit\\\/#breadcrumb\",\"itemListElement\":[{\"@type\":\"ListItem\",\"position\":1,\"name\":\"Hem\",\"item\":\"https:\\\/\\\/www.ivinio.com\\\/sv\\\/\"},{\"@type\":\"ListItem\",\"position\":2,\"name\":\"Vinbutik\",\"item\":\"https:\\\/\\\/www.ivinio.com\\\/sv\\\/vinbutik\\\/\"},{\"@type\":\"ListItem\",\"position\":3,\"name\":\"Ch\u00e2teau Bas &#8211; Pierres du Sud &#8211; Vit\"}]},{\"@type\":\"WebSite\",\"@id\":\"https:\\\/\\\/www.ivinio.com\\\/sv\\\/#website\",\"url\":\"https:\\\/\\\/www.ivinio.com\\\/sv\\\/\",\"name\":\"IVINIO Vinbutik\",\"description\":\"Vin fr\u00e5n Frankrike och Italien med leverans hem till din d\u00f6rr\",\"publisher\":{\"@id\":\"https:\\\/\\\/www.ivinio.com\\\/sv\\\/#organization\"},\"potentialAction\":[{\"@type\":\"SearchAction\",\"target\":{\"@type\":\"EntryPoint\",\"urlTemplate\":\"https:\\\/\\\/www.ivinio.com\\\/sv\\\/?s={search_term_string}\"},\"query-input\":{\"@type\":\"PropertyValueSpecification\",\"valueRequired\":true,\"valueName\":\"search_term_string\"}}],\"inLanguage\":\"sv-SE\"},{\"@type\":\"Organization\",\"@id\":\"https:\\\/\\\/www.ivinio.com\\\/sv\\\/#organization\",\"name\":\"IVINIO\",\"url\":\"https:\\\/\\\/www.ivinio.com\\\/sv\\\/\",\"logo\":{\"@type\":\"ImageObject\",\"inLanguage\":\"sv-SE\",\"@id\":\"https:\\\/\\\/www.ivinio.com\\\/sv\\\/#\\\/schema\\\/logo\\\/image\\\/\",\"url\":\"https:\\\/\\\/www.ivinio.com\\\/wp-content\\\/uploads\\\/2021\\\/01\\\/Logo-Ivinio-v2.jpg\",\"contentUrl\":\"https:\\\/\\\/www.ivinio.com\\\/wp-content\\\/uploads\\\/2021\\\/01\\\/Logo-Ivinio-v2.jpg\",\"width\":1194,\"height\":1194,\"caption\":\"IVINIO\"},\"image\":{\"@id\":\"https:\\\/\\\/www.ivinio.com\\\/sv\\\/#\\\/schema\\\/logo\\\/image\\\/\"},\"sameAs\":[\"https:\\\/\\\/www.facebook.com\\\/groups\\\/165217837022391\\\/?ref=bookmarks\",\"https:\\\/\\\/www.instagram.com\\\/_ivinio_\\\/?hl=fr\"]}]}<\/script>\n<!-- \/ Yoast SEO plugin. -->","yoast_head_json":{"title":"Ch\u00e2teau Bas - Pierres du Sud - Vitvin - IVINIO Vinbutik","description":"Ch\u00e2teau Bas - Pierres du Sud - Vitvin Provence. Torrt, friskt aromatiskt vin med inslag av persika, p\u00e4ron och exotiska frukter.","robots":{"index":"index","follow":"follow","max-snippet":"max-snippet:-1","max-image-preview":"max-image-preview:large","max-video-preview":"max-video-preview:-1"},"canonical":"https:\/\/www.ivinio.com\/sv\/produkt\/chateau-bas-pierres-du-sud-vit\/","og_locale":"sv_SE","og_type":"article","og_title":"Ch\u00e2teau Bas - Pierres du Sud - Vitvin - IVINIO Vinbutik","og_description":"Ch\u00e2teau Bas - Pierres du Sud - Vitvin Provence. Torrt, friskt aromatiskt vin med inslag av persika, p\u00e4ron och exotiska frukter.","og_url":"https:\/\/www.ivinio.com\/sv\/produkt\/chateau-bas-pierres-du-sud-vit\/","og_site_name":"IVINIO Vinbutik","article_publisher":"https:\/\/www.facebook.com\/groups\/165217837022391\/?ref=bookmarks","article_modified_time":"2023-01-17T16:51:02+00:00","og_image":[{"width":500,"height":500,"url":"https:\/\/www.ivinio.com\/wp-content\/uploads\/2022\/02\/Chateau-bas-pierres-du-sud-IVINIO.jpg","type":"image\/jpeg"}],"twitter_card":"summary_large_image","twitter_misc":{"Ber\u00e4knad l\u00e4stid":"1 minut"},"schema":{"@context":"https:\/\/schema.org","@graph":[{"@type":"WebPage","@id":"https:\/\/www.ivinio.com\/sv\/produkt\/chateau-bas-pierres-du-sud-vit\/","url":"https:\/\/www.ivinio.com\/sv\/produkt\/chateau-bas-pierres-du-sud-vit\/","name":"Ch\u00e2teau Bas - Pierres du Sud - Vitvin - IVINIO Vinbutik","isPartOf":{"@id":"https:\/\/www.ivinio.com\/sv\/#website"},"primaryImageOfPage":{"@id":"https:\/\/www.ivinio.com\/sv\/produkt\/chateau-bas-pierres-du-sud-vit\/#primaryimage"},"image":{"@id":"https:\/\/www.ivinio.com\/sv\/produkt\/chateau-bas-pierres-du-sud-vit\/#primaryimage"},"thumbnailUrl":"https:\/\/www.ivinio.com\/wp-content\/uploads\/2022\/02\/Chateau-bas-pierres-du-sud-IVINIO.jpg","datePublished":"2022-02-16T17:06:04+00:00","dateModified":"2023-01-17T16:51:02+00:00","description":"Ch\u00e2teau Bas - Pierres du Sud - Vitvin Provence. Torrt, friskt aromatiskt vin med inslag av persika, p\u00e4ron och exotiska frukter.","breadcrumb":{"@id":"https:\/\/www.ivinio.com\/sv\/produkt\/chateau-bas-pierres-du-sud-vit\/#breadcrumb"},"inLanguage":"sv-SE","potentialAction":[{"@type":"ReadAction","target":["https:\/\/www.ivinio.com\/sv\/produkt\/chateau-bas-pierres-du-sud-vit\/"]}]},{"@type":"ImageObject","inLanguage":"sv-SE","@id":"https:\/\/www.ivinio.com\/sv\/produkt\/chateau-bas-pierres-du-sud-vit\/#primaryimage","url":"https:\/\/www.ivinio.com\/wp-content\/uploads\/2022\/02\/Chateau-bas-pierres-du-sud-IVINIO.jpg","contentUrl":"https:\/\/www.ivinio.com\/wp-content\/uploads\/2022\/02\/Chateau-bas-pierres-du-sud-IVINIO.jpg","width":500,"height":500,"caption":"Ch\u00e2teau Bas - Pierres du Sud"},{"@type":"BreadcrumbList","@id":"https:\/\/www.ivinio.com\/sv\/produkt\/chateau-bas-pierres-du-sud-vit\/#breadcrumb","itemListElement":[{"@type":"ListItem","position":1,"name":"Hem","item":"https:\/\/www.ivinio.com\/sv\/"},{"@type":"ListItem","position":2,"name":"Vinbutik","item":"https:\/\/www.ivinio.com\/sv\/vinbutik\/"},{"@type":"ListItem","position":3,"name":"Ch\u00e2teau Bas &#8211; Pierres du Sud &#8211; Vit"}]},{"@type":"WebSite","@id":"https:\/\/www.ivinio.com\/sv\/#website","url":"https:\/\/www.ivinio.com\/sv\/","name":"IVINIO Vinbutik","description":"Vin fr\u00e5n Frankrike och Italien med leverans hem till din d\u00f6rr","publisher":{"@id":"https:\/\/www.ivinio.com\/sv\/#organization"},"potentialAction":[{"@type":"SearchAction","target":{"@type":"EntryPoint","urlTemplate":"https:\/\/www.ivinio.com\/sv\/?s={search_term_string}"},"query-input":{"@type":"PropertyValueSpecification","valueRequired":true,"valueName":"search_term_string"}}],"inLanguage":"sv-SE"},{"@type":"Organization","@id":"https:\/\/www.ivinio.com\/sv\/#organization","name":"IVINIO","url":"https:\/\/www.ivinio.com\/sv\/","logo":{"@type":"ImageObject","inLanguage":"sv-SE","@id":"https:\/\/www.ivinio.com\/sv\/#\/schema\/logo\/image\/","url":"https:\/\/www.ivinio.com\/wp-content\/uploads\/2021\/01\/Logo-Ivinio-v2.jpg","contentUrl":"https:\/\/www.ivinio.com\/wp-content\/uploads\/2021\/01\/Logo-Ivinio-v2.jpg","width":1194,"height":1194,"caption":"IVINIO"},"image":{"@id":"https:\/\/www.ivinio.com\/sv\/#\/schema\/logo\/image\/"},"sameAs":["https:\/\/www.facebook.com\/groups\/165217837022391\/?ref=bookmarks","https:\/\/www.instagram.com\/_ivinio_\/?hl=fr"]}]}},"jetpack_sharing_enabled":true,"_links":{"self":[{"href":"https:\/\/www.ivinio.com\/sv\/wp-json\/wp\/v2\/product\/130456","targetHints":{"allow":["GET"]}}],"collection":[{"href":"https:\/\/www.ivinio.com\/sv\/wp-json\/wp\/v2\/product"}],"about":[{"href":"https:\/\/www.ivinio.com\/sv\/wp-json\/wp\/v2\/types\/product"}],"replies":[{"embeddable":true,"href":"https:\/\/www.ivinio.com\/sv\/wp-json\/wp\/v2\/comments?post=130456"}],"wp:featuredmedia":[{"embeddable":true,"href":"https:\/\/www.ivinio.com\/sv\/wp-json\/wp\/v2\/media\/130459"}],"wp:attachment":[{"href":"https:\/\/www.ivinio.com\/sv\/wp-json\/wp\/v2\/media?parent=130456"}],"wp:term":[{"taxonomy":"product_brand","embeddable":true,"href":"https:\/\/www.ivinio.com\/sv\/wp-json\/wp\/v2\/product_brand?post=130456"},{"taxonomy":"product_cat","embeddable":true,"href":"https:\/\/www.ivinio.com\/sv\/wp-json\/wp\/v2\/product_cat?post=130456"},{"taxonomy":"product_tag","embeddable":true,"href":"https:\/\/www.ivinio.com\/sv\/wp-json\/wp\/v2\/product_tag?post=130456"}],"curies":[{"name":"wp","href":"https:\/\/api.w.org\/{rel}","templated":true}]}}