{"id":128785,"date":"2021-10-21T16:58:30","date_gmt":"2021-10-21T14:58:30","guid":{"rendered":"https:\/\/www.ivinio.com\/?post_type=product&#038;p=128785"},"modified":"2024-08-30T18:40:45","modified_gmt":"2024-08-30T16:40:45","slug":"edouard-delaunay-nuits-saint-georges-vieilles-vignes-le-village-rod","status":"publish","type":"product","link":"https:\/\/www.ivinio.com\/sv\/produkt\/edouard-delaunay-nuits-saint-georges-vieilles-vignes-le-village-rod\/","title":{"rendered":"Edouard Delaunay &#8211; Nuits-Saint-Georges &#8211; Vieilles vignes &#8211; Le village &#8211; R\u00f6d"},"content":{"rendered":"<p>Edouard Delaunay &#8211; Nuits-Saint-Georges &#8211; Vieilles vignes &#8211; Le Village \u00e4r framst\u00e4llt av druvor fr\u00e5n\u00a03 olika jordm\u00e5ner som ligger vid foten av sluttningarna i norr och s\u00f6der om byn.Vinstockarnas syd\u00f6stra exponering \u00e4r idealisk f\u00f6r druvornas mognad. Druvorna sk\u00f6rdas f\u00f6r hand och rensas noggrant under sk\u00f6rden f\u00f6r att bara beh\u00e5lla de finaste b\u00e4ren. Druvorna plockas helt fr\u00e5n sina klasar. J\u00e4sningen startar naturligt med naturlig j\u00e4stsvamp. Lagringen p\u00e5 fat varar mellan 15 och 18 m\u00e5nader, varav 30% nya fat.<\/p>\n","protected":false},"excerpt":{"rendered":"<p>Edouard Delaunay &#8211; Nuits-Saint-Georges &#8211; Vieilles vignes &#8211; Le Village \u00e4r ett elegant r\u00f6dvin med mycket komplexa aromer. Att servera till en \u00e4lgstek.<\/p>\n","protected":false},"featured_media":128795,"comment_status":"open","ping_status":"closed","template":"","meta":{"_monsterinsights_skip_tracking":false,"_monsterinsights_sitenote_active":false,"_monsterinsights_sitenote_note":"","_monsterinsights_sitenote_category":0,"_uf_show_specific_survey":0,"_uf_disable_surveys":false},"product_brand":[],"product_cat":[36612,36588],"product_tag":[],"class_list":{"0":"post-128785","1":"product","2":"type-product","3":"status-publish","4":"has-post-thumbnail","6":"product_cat-sv-bourgogne","7":"product_cat-franska-viner","8":"pa_classification-aop-cotes-de-nuits-villages","9":"pa_color-rod-sv","10":"pa_country-frankrike-sv","11":"pa_grape-variety-pinot-noir-sv","12":"pa_package-1x1-sv","13":"pa_package-1x6-sv","14":"pa_region-bourgogne-sv","15":"pa_storage-potential-10-ar-sv","16":"pa_vintage-41019","17":"pa_volume-75-cl-sv","19":"first","20":"instock","21":"taxable","22":"shipping-taxable","23":"purchasable","24":"product-type-variable"},"bundled_by":[],"bundle_stock_status":"instock","bundle_stock_quantity":null,"bundle_virtual":false,"bundle_layout":"","bundle_add_to_cart_form_location":"","bundle_editable_in_cart":false,"bundle_sold_individually_context":"","bundle_item_grouping":"","bundle_min_size":"","bundle_max_size":"","bundle_price":[],"bundled_items":[],"bundle_sell_ids":[],"yoast_head":"<!-- This site is optimized with the Yoast SEO plugin v27.5 - https:\/\/yoast.com\/product\/yoast-seo-wordpress\/ -->\n<title>Edouard Delaunay - Nuits-Saint-Georges - Vieilles vignes - Le village - R\u00f6d - IVINIO Vinbutik<\/title>\n<meta name=\"description\" content=\"Edouard Delaunay - Nuits-Saint-Georges - Vieilles vignes - Le village \u00e4r en mogen och fyllig Pinot noir med komplexa inslag av fr\u00e4mst vilda b\u00e4r.\" \/>\n<meta name=\"robots\" content=\"index, follow, max-snippet:-1, max-image-preview:large, max-video-preview:-1\" \/>\n<link rel=\"canonical\" href=\"https:\/\/www.ivinio.com\/sv\/produkt\/edouard-delaunay-nuits-saint-georges-vieilles-vignes-le-village-rod\/\" \/>\n<meta property=\"og:locale\" content=\"sv_SE\" \/>\n<meta property=\"og:type\" content=\"article\" \/>\n<meta property=\"og:title\" content=\"Edouard Delaunay - Nuits-Saint-Georges - Vieilles vignes - Le village - R\u00f6d - IVINIO Vinbutik\" \/>\n<meta property=\"og:description\" content=\"Edouard Delaunay - Nuits-Saint-Georges - Vieilles vignes - Le village \u00e4r en mogen och fyllig Pinot noir med komplexa inslag av fr\u00e4mst vilda b\u00e4r.\" \/>\n<meta property=\"og:url\" content=\"https:\/\/www.ivinio.com\/sv\/produkt\/edouard-delaunay-nuits-saint-georges-vieilles-vignes-le-village-rod\/\" \/>\n<meta property=\"og:site_name\" content=\"IVINIO Vinbutik\" \/>\n<meta property=\"article:publisher\" content=\"https:\/\/www.facebook.com\/groups\/165217837022391\/?ref=bookmarks\" \/>\n<meta property=\"article:modified_time\" content=\"2024-08-30T16:40:45+00:00\" \/>\n<meta property=\"og:image\" content=\"https:\/\/www.ivinio.com\/wp-content\/uploads\/2021\/10\/Edouard-Delaunay-Nuits-saint-georges-vielles-vignes-le-village-ivinio.png\" \/>\n\t<meta property=\"og:image:width\" content=\"500\" \/>\n\t<meta property=\"og:image:height\" content=\"500\" \/>\n\t<meta property=\"og:image:type\" content=\"image\/png\" \/>\n<meta name=\"twitter:card\" content=\"summary_large_image\" \/>\n<meta name=\"twitter:label1\" content=\"Ber\u00e4knad l\u00e4stid\" \/>\n\t<meta name=\"twitter:data1\" content=\"1 minut\" \/>\n<script type=\"application\/ld+json\" class=\"yoast-schema-graph\">{\"@context\":\"https:\\\/\\\/schema.org\",\"@graph\":[{\"@type\":\"WebPage\",\"@id\":\"https:\\\/\\\/www.ivinio.com\\\/sv\\\/produkt\\\/edouard-delaunay-nuits-saint-georges-vieilles-vignes-le-village-rod\\\/\",\"url\":\"https:\\\/\\\/www.ivinio.com\\\/sv\\\/produkt\\\/edouard-delaunay-nuits-saint-georges-vieilles-vignes-le-village-rod\\\/\",\"name\":\"Edouard Delaunay - Nuits-Saint-Georges - Vieilles vignes - Le village - R\u00f6d - IVINIO Vinbutik\",\"isPartOf\":{\"@id\":\"https:\\\/\\\/www.ivinio.com\\\/sv\\\/#website\"},\"primaryImageOfPage\":{\"@id\":\"https:\\\/\\\/www.ivinio.com\\\/sv\\\/produkt\\\/edouard-delaunay-nuits-saint-georges-vieilles-vignes-le-village-rod\\\/#primaryimage\"},\"image\":{\"@id\":\"https:\\\/\\\/www.ivinio.com\\\/sv\\\/produkt\\\/edouard-delaunay-nuits-saint-georges-vieilles-vignes-le-village-rod\\\/#primaryimage\"},\"thumbnailUrl\":\"https:\\\/\\\/www.ivinio.com\\\/wp-content\\\/uploads\\\/2021\\\/10\\\/Edouard-Delaunay-Nuits-saint-georges-vielles-vignes-le-village-ivinio.png\",\"datePublished\":\"2021-10-21T14:58:30+00:00\",\"dateModified\":\"2024-08-30T16:40:45+00:00\",\"description\":\"Edouard Delaunay - Nuits-Saint-Georges - Vieilles vignes - Le village \u00e4r en mogen och fyllig Pinot noir med komplexa inslag av fr\u00e4mst vilda b\u00e4r.\",\"breadcrumb\":{\"@id\":\"https:\\\/\\\/www.ivinio.com\\\/sv\\\/produkt\\\/edouard-delaunay-nuits-saint-georges-vieilles-vignes-le-village-rod\\\/#breadcrumb\"},\"inLanguage\":\"sv-SE\",\"potentialAction\":[{\"@type\":\"ReadAction\",\"target\":[\"https:\\\/\\\/www.ivinio.com\\\/sv\\\/produkt\\\/edouard-delaunay-nuits-saint-georges-vieilles-vignes-le-village-rod\\\/\"]}]},{\"@type\":\"ImageObject\",\"inLanguage\":\"sv-SE\",\"@id\":\"https:\\\/\\\/www.ivinio.com\\\/sv\\\/produkt\\\/edouard-delaunay-nuits-saint-georges-vieilles-vignes-le-village-rod\\\/#primaryimage\",\"url\":\"https:\\\/\\\/www.ivinio.com\\\/wp-content\\\/uploads\\\/2021\\\/10\\\/Edouard-Delaunay-Nuits-saint-georges-vielles-vignes-le-village-ivinio.png\",\"contentUrl\":\"https:\\\/\\\/www.ivinio.com\\\/wp-content\\\/uploads\\\/2021\\\/10\\\/Edouard-Delaunay-Nuits-saint-georges-vielles-vignes-le-village-ivinio.png\",\"width\":500,\"height\":500},{\"@type\":\"BreadcrumbList\",\"@id\":\"https:\\\/\\\/www.ivinio.com\\\/sv\\\/produkt\\\/edouard-delaunay-nuits-saint-georges-vieilles-vignes-le-village-rod\\\/#breadcrumb\",\"itemListElement\":[{\"@type\":\"ListItem\",\"position\":1,\"name\":\"Hem\",\"item\":\"https:\\\/\\\/www.ivinio.com\\\/sv\\\/\"},{\"@type\":\"ListItem\",\"position\":2,\"name\":\"Vinbutik\",\"item\":\"https:\\\/\\\/www.ivinio.com\\\/sv\\\/vinbutik\\\/\"},{\"@type\":\"ListItem\",\"position\":3,\"name\":\"Edouard Delaunay &#8211; Nuits-Saint-Georges &#8211; Vieilles vignes &#8211; Le village &#8211; R\u00f6d\"}]},{\"@type\":\"WebSite\",\"@id\":\"https:\\\/\\\/www.ivinio.com\\\/sv\\\/#website\",\"url\":\"https:\\\/\\\/www.ivinio.com\\\/sv\\\/\",\"name\":\"IVINIO Vinbutik\",\"description\":\"Vin fr\u00e5n Frankrike och Italien med leverans hem till din d\u00f6rr\",\"publisher\":{\"@id\":\"https:\\\/\\\/www.ivinio.com\\\/sv\\\/#organization\"},\"potentialAction\":[{\"@type\":\"SearchAction\",\"target\":{\"@type\":\"EntryPoint\",\"urlTemplate\":\"https:\\\/\\\/www.ivinio.com\\\/sv\\\/?s={search_term_string}\"},\"query-input\":{\"@type\":\"PropertyValueSpecification\",\"valueRequired\":true,\"valueName\":\"search_term_string\"}}],\"inLanguage\":\"sv-SE\"},{\"@type\":\"Organization\",\"@id\":\"https:\\\/\\\/www.ivinio.com\\\/sv\\\/#organization\",\"name\":\"IVINIO\",\"url\":\"https:\\\/\\\/www.ivinio.com\\\/sv\\\/\",\"logo\":{\"@type\":\"ImageObject\",\"inLanguage\":\"sv-SE\",\"@id\":\"https:\\\/\\\/www.ivinio.com\\\/sv\\\/#\\\/schema\\\/logo\\\/image\\\/\",\"url\":\"https:\\\/\\\/www.ivinio.com\\\/wp-content\\\/uploads\\\/2021\\\/01\\\/Logo-Ivinio-v2.jpg\",\"contentUrl\":\"https:\\\/\\\/www.ivinio.com\\\/wp-content\\\/uploads\\\/2021\\\/01\\\/Logo-Ivinio-v2.jpg\",\"width\":1194,\"height\":1194,\"caption\":\"IVINIO\"},\"image\":{\"@id\":\"https:\\\/\\\/www.ivinio.com\\\/sv\\\/#\\\/schema\\\/logo\\\/image\\\/\"},\"sameAs\":[\"https:\\\/\\\/www.facebook.com\\\/groups\\\/165217837022391\\\/?ref=bookmarks\",\"https:\\\/\\\/www.instagram.com\\\/_ivinio_\\\/?hl=fr\"]}]}<\/script>\n<!-- \/ Yoast SEO plugin. -->","yoast_head_json":{"title":"Edouard Delaunay - Nuits-Saint-Georges - Vieilles vignes - Le village - R\u00f6d - IVINIO Vinbutik","description":"Edouard Delaunay - Nuits-Saint-Georges - Vieilles vignes - Le village \u00e4r en mogen och fyllig Pinot noir med komplexa inslag av fr\u00e4mst vilda b\u00e4r.","robots":{"index":"index","follow":"follow","max-snippet":"max-snippet:-1","max-image-preview":"max-image-preview:large","max-video-preview":"max-video-preview:-1"},"canonical":"https:\/\/www.ivinio.com\/sv\/produkt\/edouard-delaunay-nuits-saint-georges-vieilles-vignes-le-village-rod\/","og_locale":"sv_SE","og_type":"article","og_title":"Edouard Delaunay - Nuits-Saint-Georges - Vieilles vignes - Le village - R\u00f6d - IVINIO Vinbutik","og_description":"Edouard Delaunay - Nuits-Saint-Georges - Vieilles vignes - Le village \u00e4r en mogen och fyllig Pinot noir med komplexa inslag av fr\u00e4mst vilda b\u00e4r.","og_url":"https:\/\/www.ivinio.com\/sv\/produkt\/edouard-delaunay-nuits-saint-georges-vieilles-vignes-le-village-rod\/","og_site_name":"IVINIO Vinbutik","article_publisher":"https:\/\/www.facebook.com\/groups\/165217837022391\/?ref=bookmarks","article_modified_time":"2024-08-30T16:40:45+00:00","og_image":[{"width":500,"height":500,"url":"https:\/\/www.ivinio.com\/wp-content\/uploads\/2021\/10\/Edouard-Delaunay-Nuits-saint-georges-vielles-vignes-le-village-ivinio.png","type":"image\/png"}],"twitter_card":"summary_large_image","twitter_misc":{"Ber\u00e4knad l\u00e4stid":"1 minut"},"schema":{"@context":"https:\/\/schema.org","@graph":[{"@type":"WebPage","@id":"https:\/\/www.ivinio.com\/sv\/produkt\/edouard-delaunay-nuits-saint-georges-vieilles-vignes-le-village-rod\/","url":"https:\/\/www.ivinio.com\/sv\/produkt\/edouard-delaunay-nuits-saint-georges-vieilles-vignes-le-village-rod\/","name":"Edouard Delaunay - Nuits-Saint-Georges - Vieilles vignes - Le village - R\u00f6d - IVINIO Vinbutik","isPartOf":{"@id":"https:\/\/www.ivinio.com\/sv\/#website"},"primaryImageOfPage":{"@id":"https:\/\/www.ivinio.com\/sv\/produkt\/edouard-delaunay-nuits-saint-georges-vieilles-vignes-le-village-rod\/#primaryimage"},"image":{"@id":"https:\/\/www.ivinio.com\/sv\/produkt\/edouard-delaunay-nuits-saint-georges-vieilles-vignes-le-village-rod\/#primaryimage"},"thumbnailUrl":"https:\/\/www.ivinio.com\/wp-content\/uploads\/2021\/10\/Edouard-Delaunay-Nuits-saint-georges-vielles-vignes-le-village-ivinio.png","datePublished":"2021-10-21T14:58:30+00:00","dateModified":"2024-08-30T16:40:45+00:00","description":"Edouard Delaunay - Nuits-Saint-Georges - Vieilles vignes - Le village \u00e4r en mogen och fyllig Pinot noir med komplexa inslag av fr\u00e4mst vilda b\u00e4r.","breadcrumb":{"@id":"https:\/\/www.ivinio.com\/sv\/produkt\/edouard-delaunay-nuits-saint-georges-vieilles-vignes-le-village-rod\/#breadcrumb"},"inLanguage":"sv-SE","potentialAction":[{"@type":"ReadAction","target":["https:\/\/www.ivinio.com\/sv\/produkt\/edouard-delaunay-nuits-saint-georges-vieilles-vignes-le-village-rod\/"]}]},{"@type":"ImageObject","inLanguage":"sv-SE","@id":"https:\/\/www.ivinio.com\/sv\/produkt\/edouard-delaunay-nuits-saint-georges-vieilles-vignes-le-village-rod\/#primaryimage","url":"https:\/\/www.ivinio.com\/wp-content\/uploads\/2021\/10\/Edouard-Delaunay-Nuits-saint-georges-vielles-vignes-le-village-ivinio.png","contentUrl":"https:\/\/www.ivinio.com\/wp-content\/uploads\/2021\/10\/Edouard-Delaunay-Nuits-saint-georges-vielles-vignes-le-village-ivinio.png","width":500,"height":500},{"@type":"BreadcrumbList","@id":"https:\/\/www.ivinio.com\/sv\/produkt\/edouard-delaunay-nuits-saint-georges-vieilles-vignes-le-village-rod\/#breadcrumb","itemListElement":[{"@type":"ListItem","position":1,"name":"Hem","item":"https:\/\/www.ivinio.com\/sv\/"},{"@type":"ListItem","position":2,"name":"Vinbutik","item":"https:\/\/www.ivinio.com\/sv\/vinbutik\/"},{"@type":"ListItem","position":3,"name":"Edouard Delaunay &#8211; Nuits-Saint-Georges &#8211; Vieilles vignes &#8211; Le village &#8211; R\u00f6d"}]},{"@type":"WebSite","@id":"https:\/\/www.ivinio.com\/sv\/#website","url":"https:\/\/www.ivinio.com\/sv\/","name":"IVINIO Vinbutik","description":"Vin fr\u00e5n Frankrike och Italien med leverans hem till din d\u00f6rr","publisher":{"@id":"https:\/\/www.ivinio.com\/sv\/#organization"},"potentialAction":[{"@type":"SearchAction","target":{"@type":"EntryPoint","urlTemplate":"https:\/\/www.ivinio.com\/sv\/?s={search_term_string}"},"query-input":{"@type":"PropertyValueSpecification","valueRequired":true,"valueName":"search_term_string"}}],"inLanguage":"sv-SE"},{"@type":"Organization","@id":"https:\/\/www.ivinio.com\/sv\/#organization","name":"IVINIO","url":"https:\/\/www.ivinio.com\/sv\/","logo":{"@type":"ImageObject","inLanguage":"sv-SE","@id":"https:\/\/www.ivinio.com\/sv\/#\/schema\/logo\/image\/","url":"https:\/\/www.ivinio.com\/wp-content\/uploads\/2021\/01\/Logo-Ivinio-v2.jpg","contentUrl":"https:\/\/www.ivinio.com\/wp-content\/uploads\/2021\/01\/Logo-Ivinio-v2.jpg","width":1194,"height":1194,"caption":"IVINIO"},"image":{"@id":"https:\/\/www.ivinio.com\/sv\/#\/schema\/logo\/image\/"},"sameAs":["https:\/\/www.facebook.com\/groups\/165217837022391\/?ref=bookmarks","https:\/\/www.instagram.com\/_ivinio_\/?hl=fr"]}]}},"jetpack_sharing_enabled":true,"_links":{"self":[{"href":"https:\/\/www.ivinio.com\/sv\/wp-json\/wp\/v2\/product\/128785","targetHints":{"allow":["GET"]}}],"collection":[{"href":"https:\/\/www.ivinio.com\/sv\/wp-json\/wp\/v2\/product"}],"about":[{"href":"https:\/\/www.ivinio.com\/sv\/wp-json\/wp\/v2\/types\/product"}],"replies":[{"embeddable":true,"href":"https:\/\/www.ivinio.com\/sv\/wp-json\/wp\/v2\/comments?post=128785"}],"wp:featuredmedia":[{"embeddable":true,"href":"https:\/\/www.ivinio.com\/sv\/wp-json\/wp\/v2\/media\/128795"}],"wp:attachment":[{"href":"https:\/\/www.ivinio.com\/sv\/wp-json\/wp\/v2\/media?parent=128785"}],"wp:term":[{"taxonomy":"product_brand","embeddable":true,"href":"https:\/\/www.ivinio.com\/sv\/wp-json\/wp\/v2\/product_brand?post=128785"},{"taxonomy":"product_cat","embeddable":true,"href":"https:\/\/www.ivinio.com\/sv\/wp-json\/wp\/v2\/product_cat?post=128785"},{"taxonomy":"product_tag","embeddable":true,"href":"https:\/\/www.ivinio.com\/sv\/wp-json\/wp\/v2\/product_tag?post=128785"}],"curies":[{"name":"wp","href":"https:\/\/api.w.org\/{rel}","templated":true}]}}