{"id":128751,"date":"2021-10-13T12:41:49","date_gmt":"2021-10-13T10:41:49","guid":{"rendered":"https:\/\/www.ivinio.com\/?post_type=product&#038;p=128751"},"modified":"2024-02-16T18:04:04","modified_gmt":"2024-02-16T17:04:04","slug":"j-mourat-chenin-de-jardin-naturiste","status":"publish","type":"product","link":"https:\/\/www.ivinio.com\/sv\/produkt\/j-mourat-chenin-de-jardin-naturiste\/","title":{"rendered":"J. Mourat &#8211; Chenin de jardin &#8211; Naturiste"},"content":{"rendered":"<p>Chenin de jardin \u00e4r ett naturvin fr\u00e5n<a href=\"https:\/\/vignobles-mourat.fr\/nos-vins\/\"> J. Mourat.<\/a> Chenin de Jardin betyder &#8220;Chenin fr\u00e5n tr\u00e4dg\u00e5rden och \u00e4r ett fruktigt och fr\u00e4scht, ekologiskt vitvin utan tillsatta sulfiter. Vinet framst\u00e4lls som om det kom fr\u00e5n tr\u00e4dg\u00e5rden utan bek\u00e4mpningsmedel eller g\u00f6dsel. Vinet \u00e4r gjorts av 100% Chenindruvor och \u00e4r t\u00e4nkt att kunna t\u00e4cka alla tillf\u00e4llen f\u00f6r att \u00f6ppna en flaska vitt mellan goda v\u00e4nner !<\/p>\n","protected":false},"excerpt":{"rendered":"<p>Chenin de jardin \u00e4r ett vitt naturvin fr\u00e5n J. Mourat utan tillsatta sulfiter. Ett aromatiskt och fruktigt vin som passar till alla tillf\u00e4llen n\u00e4r man har v\u00e4nner p\u00e5 bes\u00f6k !<\/p>\n","protected":false},"featured_media":128752,"comment_status":"open","ping_status":"closed","template":"","meta":{"_monsterinsights_skip_tracking":false,"_monsterinsights_sitenote_active":false,"_monsterinsights_sitenote_note":"","_monsterinsights_sitenote_category":0,"_uf_show_specific_survey":0,"_uf_disable_surveys":false},"product_brand":[],"product_cat":[36588,36630],"product_tag":[],"class_list":{"0":"post-128751","1":"product","2":"type-product","3":"status-publish","4":"has-post-thumbnail","6":"product_cat-franska-viner","7":"product_cat-sv-loire","8":"pa_alcohol-degree-12-sv","9":"pa_classification-igp-val-de-loire-sv","10":"pa_color-vit-sv","11":"pa_country-frankrike-sv","12":"pa_grape-variety-chenin-sv","13":"pa_region-loire-sv","14":"pa_storage-potential-3-ar-sv","15":"pa_vintage-41365","16":"pa_volume-75-cl-sv","18":"first","19":"instock","20":"taxable","21":"shipping-taxable","22":"purchasable","23":"product-type-simple"},"bundled_by":[],"bundle_stock_status":"instock","bundle_stock_quantity":null,"bundle_virtual":false,"bundle_layout":"","bundle_add_to_cart_form_location":"","bundle_editable_in_cart":false,"bundle_sold_individually_context":"","bundle_item_grouping":"","bundle_min_size":"","bundle_max_size":"","bundle_price":[],"bundled_items":[],"bundle_sell_ids":[],"yoast_head":"<!-- This site is optimized with the Yoast SEO plugin v27.4 - https:\/\/yoast.com\/product\/yoast-seo-wordpress\/ -->\n<title>K\u00f6pa J. Mourat - Chenin de jardin - Naturiste - IVINIO Vinbutik<\/title>\n<meta name=\"description\" content=\"K\u00f6pa J. Mourat - Chenin de jardin naturvin. Chenin de Jardin betyder &quot;Chenin fr\u00e5n tr\u00e4dg\u00e5rden&quot; och \u00e4r ett fruktigt, ekologiskt vitvin utan tillsatta sulfiter.\" \/>\n<meta name=\"robots\" content=\"index, follow, max-snippet:-1, max-image-preview:large, max-video-preview:-1\" \/>\n<link rel=\"canonical\" href=\"https:\/\/www.ivinio.com\/sv\/produkt\/j-mourat-chenin-de-jardin-naturiste\/\" \/>\n<meta property=\"og:locale\" content=\"sv_SE\" \/>\n<meta property=\"og:type\" content=\"article\" \/>\n<meta property=\"og:title\" content=\"K\u00f6pa J. Mourat - Chenin de jardin - Naturiste - IVINIO Vinbutik\" \/>\n<meta property=\"og:description\" content=\"K\u00f6pa J. Mourat - Chenin de jardin naturvin. Chenin de Jardin betyder &quot;Chenin fr\u00e5n tr\u00e4dg\u00e5rden&quot; och \u00e4r ett fruktigt, ekologiskt vitvin utan tillsatta sulfiter.\" \/>\n<meta property=\"og:url\" content=\"https:\/\/www.ivinio.com\/sv\/produkt\/j-mourat-chenin-de-jardin-naturiste\/\" \/>\n<meta property=\"og:site_name\" content=\"IVINIO Vinbutik\" \/>\n<meta property=\"article:publisher\" content=\"https:\/\/www.facebook.com\/groups\/165217837022391\/?ref=bookmarks\" \/>\n<meta property=\"article:modified_time\" content=\"2024-02-16T17:04:04+00:00\" \/>\n<meta property=\"og:image\" content=\"https:\/\/www.ivinio.com\/wp-content\/uploads\/2021\/10\/J.-Mourat-Chenin-de-Jardin-IVINIO.png\" \/>\n\t<meta property=\"og:image:width\" content=\"500\" \/>\n\t<meta property=\"og:image:height\" content=\"500\" \/>\n\t<meta property=\"og:image:type\" content=\"image\/png\" \/>\n<meta name=\"twitter:card\" content=\"summary_large_image\" \/>\n<meta name=\"twitter:label1\" content=\"Ber\u00e4knad l\u00e4stid\" \/>\n\t<meta name=\"twitter:data1\" content=\"1 minut\" \/>\n<script type=\"application\/ld+json\" class=\"yoast-schema-graph\">{\"@context\":\"https:\\\/\\\/schema.org\",\"@graph\":[{\"@type\":\"WebPage\",\"@id\":\"https:\\\/\\\/www.ivinio.com\\\/sv\\\/produkt\\\/j-mourat-chenin-de-jardin-naturiste\\\/\",\"url\":\"https:\\\/\\\/www.ivinio.com\\\/sv\\\/produkt\\\/j-mourat-chenin-de-jardin-naturiste\\\/\",\"name\":\"K\u00f6pa J. Mourat - Chenin de jardin - Naturiste - IVINIO Vinbutik\",\"isPartOf\":{\"@id\":\"https:\\\/\\\/www.ivinio.com\\\/sv\\\/#website\"},\"primaryImageOfPage\":{\"@id\":\"https:\\\/\\\/www.ivinio.com\\\/sv\\\/produkt\\\/j-mourat-chenin-de-jardin-naturiste\\\/#primaryimage\"},\"image\":{\"@id\":\"https:\\\/\\\/www.ivinio.com\\\/sv\\\/produkt\\\/j-mourat-chenin-de-jardin-naturiste\\\/#primaryimage\"},\"thumbnailUrl\":\"https:\\\/\\\/www.ivinio.com\\\/wp-content\\\/uploads\\\/2021\\\/10\\\/J.-Mourat-Chenin-de-Jardin-IVINIO.png\",\"datePublished\":\"2021-10-13T10:41:49+00:00\",\"dateModified\":\"2024-02-16T17:04:04+00:00\",\"description\":\"K\u00f6pa J. Mourat - Chenin de jardin naturvin. Chenin de Jardin betyder \\\"Chenin fr\u00e5n tr\u00e4dg\u00e5rden\\\" och \u00e4r ett fruktigt, ekologiskt vitvin utan tillsatta sulfiter.\",\"breadcrumb\":{\"@id\":\"https:\\\/\\\/www.ivinio.com\\\/sv\\\/produkt\\\/j-mourat-chenin-de-jardin-naturiste\\\/#breadcrumb\"},\"inLanguage\":\"sv-SE\",\"potentialAction\":[{\"@type\":\"ReadAction\",\"target\":[\"https:\\\/\\\/www.ivinio.com\\\/sv\\\/produkt\\\/j-mourat-chenin-de-jardin-naturiste\\\/\"]}]},{\"@type\":\"ImageObject\",\"inLanguage\":\"sv-SE\",\"@id\":\"https:\\\/\\\/www.ivinio.com\\\/sv\\\/produkt\\\/j-mourat-chenin-de-jardin-naturiste\\\/#primaryimage\",\"url\":\"https:\\\/\\\/www.ivinio.com\\\/wp-content\\\/uploads\\\/2021\\\/10\\\/J.-Mourat-Chenin-de-Jardin-IVINIO.png\",\"contentUrl\":\"https:\\\/\\\/www.ivinio.com\\\/wp-content\\\/uploads\\\/2021\\\/10\\\/J.-Mourat-Chenin-de-Jardin-IVINIO.png\",\"width\":500,\"height\":500,\"caption\":\"J. Mourat - Chenin de jardin\"},{\"@type\":\"BreadcrumbList\",\"@id\":\"https:\\\/\\\/www.ivinio.com\\\/sv\\\/produkt\\\/j-mourat-chenin-de-jardin-naturiste\\\/#breadcrumb\",\"itemListElement\":[{\"@type\":\"ListItem\",\"position\":1,\"name\":\"Hem\",\"item\":\"https:\\\/\\\/www.ivinio.com\\\/sv\\\/\"},{\"@type\":\"ListItem\",\"position\":2,\"name\":\"Vinbutik\",\"item\":\"https:\\\/\\\/www.ivinio.com\\\/sv\\\/vinbutik\\\/\"},{\"@type\":\"ListItem\",\"position\":3,\"name\":\"J. Mourat &#8211; Chenin de jardin &#8211; Naturiste\"}]},{\"@type\":\"WebSite\",\"@id\":\"https:\\\/\\\/www.ivinio.com\\\/sv\\\/#website\",\"url\":\"https:\\\/\\\/www.ivinio.com\\\/sv\\\/\",\"name\":\"IVINIO Vinbutik\",\"description\":\"Vin fr\u00e5n Frankrike och Italien med leverans hem till din d\u00f6rr\",\"publisher\":{\"@id\":\"https:\\\/\\\/www.ivinio.com\\\/sv\\\/#organization\"},\"potentialAction\":[{\"@type\":\"SearchAction\",\"target\":{\"@type\":\"EntryPoint\",\"urlTemplate\":\"https:\\\/\\\/www.ivinio.com\\\/sv\\\/?s={search_term_string}\"},\"query-input\":{\"@type\":\"PropertyValueSpecification\",\"valueRequired\":true,\"valueName\":\"search_term_string\"}}],\"inLanguage\":\"sv-SE\"},{\"@type\":\"Organization\",\"@id\":\"https:\\\/\\\/www.ivinio.com\\\/sv\\\/#organization\",\"name\":\"IVINIO\",\"url\":\"https:\\\/\\\/www.ivinio.com\\\/sv\\\/\",\"logo\":{\"@type\":\"ImageObject\",\"inLanguage\":\"sv-SE\",\"@id\":\"https:\\\/\\\/www.ivinio.com\\\/sv\\\/#\\\/schema\\\/logo\\\/image\\\/\",\"url\":\"https:\\\/\\\/www.ivinio.com\\\/wp-content\\\/uploads\\\/2021\\\/01\\\/Logo-Ivinio-v2.jpg\",\"contentUrl\":\"https:\\\/\\\/www.ivinio.com\\\/wp-content\\\/uploads\\\/2021\\\/01\\\/Logo-Ivinio-v2.jpg\",\"width\":1194,\"height\":1194,\"caption\":\"IVINIO\"},\"image\":{\"@id\":\"https:\\\/\\\/www.ivinio.com\\\/sv\\\/#\\\/schema\\\/logo\\\/image\\\/\"},\"sameAs\":[\"https:\\\/\\\/www.facebook.com\\\/groups\\\/165217837022391\\\/?ref=bookmarks\",\"https:\\\/\\\/www.instagram.com\\\/_ivinio_\\\/?hl=fr\"]}]}<\/script>\n<!-- \/ Yoast SEO plugin. -->","yoast_head_json":{"title":"K\u00f6pa J. Mourat - Chenin de jardin - Naturiste - IVINIO Vinbutik","description":"K\u00f6pa J. Mourat - Chenin de jardin naturvin. Chenin de Jardin betyder \"Chenin fr\u00e5n tr\u00e4dg\u00e5rden\" och \u00e4r ett fruktigt, ekologiskt vitvin utan tillsatta sulfiter.","robots":{"index":"index","follow":"follow","max-snippet":"max-snippet:-1","max-image-preview":"max-image-preview:large","max-video-preview":"max-video-preview:-1"},"canonical":"https:\/\/www.ivinio.com\/sv\/produkt\/j-mourat-chenin-de-jardin-naturiste\/","og_locale":"sv_SE","og_type":"article","og_title":"K\u00f6pa J. Mourat - Chenin de jardin - Naturiste - IVINIO Vinbutik","og_description":"K\u00f6pa J. Mourat - Chenin de jardin naturvin. Chenin de Jardin betyder \"Chenin fr\u00e5n tr\u00e4dg\u00e5rden\" och \u00e4r ett fruktigt, ekologiskt vitvin utan tillsatta sulfiter.","og_url":"https:\/\/www.ivinio.com\/sv\/produkt\/j-mourat-chenin-de-jardin-naturiste\/","og_site_name":"IVINIO Vinbutik","article_publisher":"https:\/\/www.facebook.com\/groups\/165217837022391\/?ref=bookmarks","article_modified_time":"2024-02-16T17:04:04+00:00","og_image":[{"width":500,"height":500,"url":"https:\/\/www.ivinio.com\/wp-content\/uploads\/2021\/10\/J.-Mourat-Chenin-de-Jardin-IVINIO.png","type":"image\/png"}],"twitter_card":"summary_large_image","twitter_misc":{"Ber\u00e4knad l\u00e4stid":"1 minut"},"schema":{"@context":"https:\/\/schema.org","@graph":[{"@type":"WebPage","@id":"https:\/\/www.ivinio.com\/sv\/produkt\/j-mourat-chenin-de-jardin-naturiste\/","url":"https:\/\/www.ivinio.com\/sv\/produkt\/j-mourat-chenin-de-jardin-naturiste\/","name":"K\u00f6pa J. Mourat - Chenin de jardin - Naturiste - IVINIO Vinbutik","isPartOf":{"@id":"https:\/\/www.ivinio.com\/sv\/#website"},"primaryImageOfPage":{"@id":"https:\/\/www.ivinio.com\/sv\/produkt\/j-mourat-chenin-de-jardin-naturiste\/#primaryimage"},"image":{"@id":"https:\/\/www.ivinio.com\/sv\/produkt\/j-mourat-chenin-de-jardin-naturiste\/#primaryimage"},"thumbnailUrl":"https:\/\/www.ivinio.com\/wp-content\/uploads\/2021\/10\/J.-Mourat-Chenin-de-Jardin-IVINIO.png","datePublished":"2021-10-13T10:41:49+00:00","dateModified":"2024-02-16T17:04:04+00:00","description":"K\u00f6pa J. Mourat - Chenin de jardin naturvin. Chenin de Jardin betyder \"Chenin fr\u00e5n tr\u00e4dg\u00e5rden\" och \u00e4r ett fruktigt, ekologiskt vitvin utan tillsatta sulfiter.","breadcrumb":{"@id":"https:\/\/www.ivinio.com\/sv\/produkt\/j-mourat-chenin-de-jardin-naturiste\/#breadcrumb"},"inLanguage":"sv-SE","potentialAction":[{"@type":"ReadAction","target":["https:\/\/www.ivinio.com\/sv\/produkt\/j-mourat-chenin-de-jardin-naturiste\/"]}]},{"@type":"ImageObject","inLanguage":"sv-SE","@id":"https:\/\/www.ivinio.com\/sv\/produkt\/j-mourat-chenin-de-jardin-naturiste\/#primaryimage","url":"https:\/\/www.ivinio.com\/wp-content\/uploads\/2021\/10\/J.-Mourat-Chenin-de-Jardin-IVINIO.png","contentUrl":"https:\/\/www.ivinio.com\/wp-content\/uploads\/2021\/10\/J.-Mourat-Chenin-de-Jardin-IVINIO.png","width":500,"height":500,"caption":"J. Mourat - Chenin de jardin"},{"@type":"BreadcrumbList","@id":"https:\/\/www.ivinio.com\/sv\/produkt\/j-mourat-chenin-de-jardin-naturiste\/#breadcrumb","itemListElement":[{"@type":"ListItem","position":1,"name":"Hem","item":"https:\/\/www.ivinio.com\/sv\/"},{"@type":"ListItem","position":2,"name":"Vinbutik","item":"https:\/\/www.ivinio.com\/sv\/vinbutik\/"},{"@type":"ListItem","position":3,"name":"J. Mourat &#8211; Chenin de jardin &#8211; Naturiste"}]},{"@type":"WebSite","@id":"https:\/\/www.ivinio.com\/sv\/#website","url":"https:\/\/www.ivinio.com\/sv\/","name":"IVINIO Vinbutik","description":"Vin fr\u00e5n Frankrike och Italien med leverans hem till din d\u00f6rr","publisher":{"@id":"https:\/\/www.ivinio.com\/sv\/#organization"},"potentialAction":[{"@type":"SearchAction","target":{"@type":"EntryPoint","urlTemplate":"https:\/\/www.ivinio.com\/sv\/?s={search_term_string}"},"query-input":{"@type":"PropertyValueSpecification","valueRequired":true,"valueName":"search_term_string"}}],"inLanguage":"sv-SE"},{"@type":"Organization","@id":"https:\/\/www.ivinio.com\/sv\/#organization","name":"IVINIO","url":"https:\/\/www.ivinio.com\/sv\/","logo":{"@type":"ImageObject","inLanguage":"sv-SE","@id":"https:\/\/www.ivinio.com\/sv\/#\/schema\/logo\/image\/","url":"https:\/\/www.ivinio.com\/wp-content\/uploads\/2021\/01\/Logo-Ivinio-v2.jpg","contentUrl":"https:\/\/www.ivinio.com\/wp-content\/uploads\/2021\/01\/Logo-Ivinio-v2.jpg","width":1194,"height":1194,"caption":"IVINIO"},"image":{"@id":"https:\/\/www.ivinio.com\/sv\/#\/schema\/logo\/image\/"},"sameAs":["https:\/\/www.facebook.com\/groups\/165217837022391\/?ref=bookmarks","https:\/\/www.instagram.com\/_ivinio_\/?hl=fr"]}]}},"jetpack_sharing_enabled":true,"_links":{"self":[{"href":"https:\/\/www.ivinio.com\/sv\/wp-json\/wp\/v2\/product\/128751","targetHints":{"allow":["GET"]}}],"collection":[{"href":"https:\/\/www.ivinio.com\/sv\/wp-json\/wp\/v2\/product"}],"about":[{"href":"https:\/\/www.ivinio.com\/sv\/wp-json\/wp\/v2\/types\/product"}],"replies":[{"embeddable":true,"href":"https:\/\/www.ivinio.com\/sv\/wp-json\/wp\/v2\/comments?post=128751"}],"wp:featuredmedia":[{"embeddable":true,"href":"https:\/\/www.ivinio.com\/sv\/wp-json\/wp\/v2\/media\/128752"}],"wp:attachment":[{"href":"https:\/\/www.ivinio.com\/sv\/wp-json\/wp\/v2\/media?parent=128751"}],"wp:term":[{"taxonomy":"product_brand","embeddable":true,"href":"https:\/\/www.ivinio.com\/sv\/wp-json\/wp\/v2\/product_brand?post=128751"},{"taxonomy":"product_cat","embeddable":true,"href":"https:\/\/www.ivinio.com\/sv\/wp-json\/wp\/v2\/product_cat?post=128751"},{"taxonomy":"product_tag","embeddable":true,"href":"https:\/\/www.ivinio.com\/sv\/wp-json\/wp\/v2\/product_tag?post=128751"}],"curies":[{"name":"wp","href":"https:\/\/api.w.org\/{rel}","templated":true}]}}