{"id":128598,"date":"2021-10-07T12:32:51","date_gmt":"2021-10-07T10:32:51","guid":{"rendered":"https:\/\/www.ivinio.com\/?post_type=product&#038;p=128598"},"modified":"2026-02-09T17:17:41","modified_gmt":"2026-02-09T16:17:41","slug":"madame-de-beaucaillou","status":"publish","type":"product","link":"https:\/\/www.ivinio.com\/sv\/produkt\/madame-de-beaucaillou\/","title":{"rendered":"Madame de Beaucaillou"},"content":{"rendered":"<p>Madame de Beaucaillou \u00e4r ett tillg\u00e4ngligt vin fr\u00e5n det prestigefyllda Ch\u00e2teau Ducru-Beaucaillou som lanserats som en hyllning till Madame Eug\u00e8ne-Borie, en kvinna av betydelse f\u00f6r <a href=\"https:\/\/chateau-ducru-beaucaillou.com\/\">Ch\u00e2teau Ducru-Beaucaillou<\/a>. Vinet framst\u00e4lls av samma personer som framst\u00e4ller det exklusiva 1:a-vinet. \u00c5rg\u00e5ng 2019 representerar dessutom den 300: e sk\u00f6rden som gjorts av Ch\u00e2teau Ducru-Beaucaillou.<br \/>\nVinet framst\u00e4lls av 68% Merlot, 17% Cabernet Sauvignon, 13% Petit Verdot, 2% Cabernet Franc. Vinet har lagrats i tolv m\u00e5nader p\u00e5 <a href=\"https:\/\/www.ivinio.com\/sv\/categorie-produit\/franska-viner\/sv-bordeaux\/\">Bordeaux<\/a>-fat, varav<br \/>\n20% av dem \u00e4r nya och resten anv\u00e4nda en g\u00e5ng.<\/p>\n","protected":false},"excerpt":{"rendered":"<p>Madame de Beaucaillou \u00e4r en prisv\u00e4nlig nylanserning fr\u00e5n prestigefyllda Ch\u00e2teau Ducru-Beaucaillou fr\u00e5n ving\u00e5rdarna i Haut-Medoc.<\/p>\n","protected":false},"featured_media":128599,"comment_status":"open","ping_status":"closed","template":"","meta":{"_monsterinsights_skip_tracking":false,"_monsterinsights_sitenote_active":false,"_monsterinsights_sitenote_note":"","_monsterinsights_sitenote_category":0,"_uf_show_specific_survey":0,"_uf_disable_surveys":false},"product_brand":[],"product_cat":[36631,36586],"product_tag":[],"class_list":{"0":"post-128598","1":"product","2":"type-product","3":"status-publish","4":"has-post-thumbnail","6":"product_cat-fr-bordeaux","7":"product_cat-vins-francais","8":"pa_alcohol-degree-14-fr","9":"pa_classification-aop-haut-medoc","10":"pa_color-rouge-fr","11":"pa_country-france-fr","12":"pa_grape-variety-cabernet-franc-fr","13":"pa_grape-variety-cabernet-sauvignon-fr","14":"pa_grape-variety-merlot-fr","15":"pa_grape-variety-petit-verdot-fr","16":"pa_region-bordeaux-fr","17":"pa_storage-potential-10-ans-fr","18":"pa_vintage-2019-fr","19":"pa_volume-75-cl-fr","21":"first","22":"instock","23":"taxable","24":"shipping-taxable","25":"purchasable","26":"product-type-simple"},"bundled_by":[],"bundle_stock_status":"instock","bundle_stock_quantity":null,"bundle_virtual":false,"bundle_layout":"","bundle_add_to_cart_form_location":"","bundle_editable_in_cart":false,"bundle_sold_individually_context":"","bundle_item_grouping":"","bundle_min_size":"","bundle_max_size":"","bundle_price":[],"bundled_items":[],"bundle_sell_ids":[],"yoast_head":"<!-- This site is optimized with the Yoast SEO plugin v27.4 - https:\/\/yoast.com\/product\/yoast-seo-wordpress\/ -->\n<title>K\u00f6pa Madame de Beaucaillou - IVINIO Vinbutik<\/title>\n<meta name=\"description\" content=\"K\u00f6pa Madame de Beaucaillou. Tillg\u00e4ngligt vin fr\u00e5n prestigefyllda Ch\u00e2teau Ducru-Beaucaillou - lanserats som hyllning till Madame Eug\u00e8ne-Borie\" \/>\n<meta name=\"robots\" content=\"index, follow, max-snippet:-1, max-image-preview:large, max-video-preview:-1\" \/>\n<link rel=\"canonical\" href=\"https:\/\/www.ivinio.com\/sv\/produkt\/madame-de-beaucaillou\/\" \/>\n<meta property=\"og:locale\" content=\"sv_SE\" \/>\n<meta property=\"og:type\" content=\"article\" \/>\n<meta property=\"og:title\" content=\"K\u00f6pa Madame de Beaucaillou - IVINIO Vinbutik\" \/>\n<meta property=\"og:description\" content=\"K\u00f6pa Madame de Beaucaillou. Tillg\u00e4ngligt vin fr\u00e5n prestigefyllda Ch\u00e2teau Ducru-Beaucaillou - lanserats som hyllning till Madame Eug\u00e8ne-Borie\" \/>\n<meta property=\"og:url\" content=\"https:\/\/www.ivinio.com\/sv\/produkt\/madame-de-beaucaillou\/\" \/>\n<meta property=\"og:site_name\" content=\"IVINIO Vinbutik\" \/>\n<meta property=\"article:publisher\" content=\"https:\/\/www.facebook.com\/groups\/165217837022391\/?ref=bookmarks\" \/>\n<meta property=\"article:modified_time\" content=\"2026-02-09T16:17:41+00:00\" \/>\n<meta property=\"og:image\" content=\"https:\/\/www.ivinio.com\/wp-content\/uploads\/2021\/10\/Madame-de-beaucaillou-IVINIO.jpg\" \/>\n\t<meta property=\"og:image:width\" content=\"600\" \/>\n\t<meta property=\"og:image:height\" content=\"600\" \/>\n\t<meta property=\"og:image:type\" content=\"image\/jpeg\" \/>\n<meta name=\"twitter:card\" content=\"summary_large_image\" \/>\n<meta name=\"twitter:label1\" content=\"Ber\u00e4knad l\u00e4stid\" \/>\n\t<meta name=\"twitter:data1\" content=\"1 minut\" \/>\n<script type=\"application\/ld+json\" class=\"yoast-schema-graph\">{\"@context\":\"https:\\\/\\\/schema.org\",\"@graph\":[{\"@type\":\"WebPage\",\"@id\":\"https:\\\/\\\/www.ivinio.com\\\/sv\\\/produkt\\\/madame-de-beaucaillou\\\/\",\"url\":\"https:\\\/\\\/www.ivinio.com\\\/sv\\\/produkt\\\/madame-de-beaucaillou\\\/\",\"name\":\"K\u00f6pa Madame de Beaucaillou - IVINIO Vinbutik\",\"isPartOf\":{\"@id\":\"https:\\\/\\\/www.ivinio.com\\\/sv\\\/#website\"},\"primaryImageOfPage\":{\"@id\":\"https:\\\/\\\/www.ivinio.com\\\/sv\\\/produkt\\\/madame-de-beaucaillou\\\/#primaryimage\"},\"image\":{\"@id\":\"https:\\\/\\\/www.ivinio.com\\\/sv\\\/produkt\\\/madame-de-beaucaillou\\\/#primaryimage\"},\"thumbnailUrl\":\"https:\\\/\\\/www.ivinio.com\\\/wp-content\\\/uploads\\\/2021\\\/10\\\/Madame-de-beaucaillou-IVINIO.jpg\",\"datePublished\":\"2021-10-07T10:32:51+00:00\",\"dateModified\":\"2026-02-09T16:17:41+00:00\",\"description\":\"K\u00f6pa Madame de Beaucaillou. Tillg\u00e4ngligt vin fr\u00e5n prestigefyllda Ch\u00e2teau Ducru-Beaucaillou - lanserats som hyllning till Madame Eug\u00e8ne-Borie\",\"breadcrumb\":{\"@id\":\"https:\\\/\\\/www.ivinio.com\\\/sv\\\/produkt\\\/madame-de-beaucaillou\\\/#breadcrumb\"},\"inLanguage\":\"sv-SE\",\"potentialAction\":[{\"@type\":\"ReadAction\",\"target\":[\"https:\\\/\\\/www.ivinio.com\\\/sv\\\/produkt\\\/madame-de-beaucaillou\\\/\"]}]},{\"@type\":\"ImageObject\",\"inLanguage\":\"sv-SE\",\"@id\":\"https:\\\/\\\/www.ivinio.com\\\/sv\\\/produkt\\\/madame-de-beaucaillou\\\/#primaryimage\",\"url\":\"https:\\\/\\\/www.ivinio.com\\\/wp-content\\\/uploads\\\/2021\\\/10\\\/Madame-de-beaucaillou-IVINIO.jpg\",\"contentUrl\":\"https:\\\/\\\/www.ivinio.com\\\/wp-content\\\/uploads\\\/2021\\\/10\\\/Madame-de-beaucaillou-IVINIO.jpg\",\"width\":600,\"height\":600,\"caption\":\"Madame de Beaucaillou\"},{\"@type\":\"BreadcrumbList\",\"@id\":\"https:\\\/\\\/www.ivinio.com\\\/sv\\\/produkt\\\/madame-de-beaucaillou\\\/#breadcrumb\",\"itemListElement\":[{\"@type\":\"ListItem\",\"position\":1,\"name\":\"Hem\",\"item\":\"https:\\\/\\\/www.ivinio.com\\\/sv\\\/\"},{\"@type\":\"ListItem\",\"position\":2,\"name\":\"Vinbutik\",\"item\":\"https:\\\/\\\/www.ivinio.com\\\/sv\\\/vinbutik\\\/\"},{\"@type\":\"ListItem\",\"position\":3,\"name\":\"Madame de Beaucaillou\"}]},{\"@type\":\"WebSite\",\"@id\":\"https:\\\/\\\/www.ivinio.com\\\/sv\\\/#website\",\"url\":\"https:\\\/\\\/www.ivinio.com\\\/sv\\\/\",\"name\":\"IVINIO Vinbutik\",\"description\":\"Vin fr\u00e5n Frankrike och Italien med leverans hem till din d\u00f6rr\",\"publisher\":{\"@id\":\"https:\\\/\\\/www.ivinio.com\\\/sv\\\/#organization\"},\"potentialAction\":[{\"@type\":\"SearchAction\",\"target\":{\"@type\":\"EntryPoint\",\"urlTemplate\":\"https:\\\/\\\/www.ivinio.com\\\/sv\\\/?s={search_term_string}\"},\"query-input\":{\"@type\":\"PropertyValueSpecification\",\"valueRequired\":true,\"valueName\":\"search_term_string\"}}],\"inLanguage\":\"sv-SE\"},{\"@type\":\"Organization\",\"@id\":\"https:\\\/\\\/www.ivinio.com\\\/sv\\\/#organization\",\"name\":\"IVINIO\",\"url\":\"https:\\\/\\\/www.ivinio.com\\\/sv\\\/\",\"logo\":{\"@type\":\"ImageObject\",\"inLanguage\":\"sv-SE\",\"@id\":\"https:\\\/\\\/www.ivinio.com\\\/sv\\\/#\\\/schema\\\/logo\\\/image\\\/\",\"url\":\"https:\\\/\\\/www.ivinio.com\\\/wp-content\\\/uploads\\\/2021\\\/01\\\/Logo-Ivinio-v2.jpg\",\"contentUrl\":\"https:\\\/\\\/www.ivinio.com\\\/wp-content\\\/uploads\\\/2021\\\/01\\\/Logo-Ivinio-v2.jpg\",\"width\":1194,\"height\":1194,\"caption\":\"IVINIO\"},\"image\":{\"@id\":\"https:\\\/\\\/www.ivinio.com\\\/sv\\\/#\\\/schema\\\/logo\\\/image\\\/\"},\"sameAs\":[\"https:\\\/\\\/www.facebook.com\\\/groups\\\/165217837022391\\\/?ref=bookmarks\",\"https:\\\/\\\/www.instagram.com\\\/_ivinio_\\\/?hl=fr\"]}]}<\/script>\n<!-- \/ Yoast SEO plugin. -->","yoast_head_json":{"title":"K\u00f6pa Madame de Beaucaillou - IVINIO Vinbutik","description":"K\u00f6pa Madame de Beaucaillou. Tillg\u00e4ngligt vin fr\u00e5n prestigefyllda Ch\u00e2teau Ducru-Beaucaillou - lanserats som hyllning till Madame Eug\u00e8ne-Borie","robots":{"index":"index","follow":"follow","max-snippet":"max-snippet:-1","max-image-preview":"max-image-preview:large","max-video-preview":"max-video-preview:-1"},"canonical":"https:\/\/www.ivinio.com\/sv\/produkt\/madame-de-beaucaillou\/","og_locale":"sv_SE","og_type":"article","og_title":"K\u00f6pa Madame de Beaucaillou - IVINIO Vinbutik","og_description":"K\u00f6pa Madame de Beaucaillou. Tillg\u00e4ngligt vin fr\u00e5n prestigefyllda Ch\u00e2teau Ducru-Beaucaillou - lanserats som hyllning till Madame Eug\u00e8ne-Borie","og_url":"https:\/\/www.ivinio.com\/sv\/produkt\/madame-de-beaucaillou\/","og_site_name":"IVINIO Vinbutik","article_publisher":"https:\/\/www.facebook.com\/groups\/165217837022391\/?ref=bookmarks","article_modified_time":"2026-02-09T16:17:41+00:00","og_image":[{"width":600,"height":600,"url":"https:\/\/www.ivinio.com\/wp-content\/uploads\/2021\/10\/Madame-de-beaucaillou-IVINIO.jpg","type":"image\/jpeg"}],"twitter_card":"summary_large_image","twitter_misc":{"Ber\u00e4knad l\u00e4stid":"1 minut"},"schema":{"@context":"https:\/\/schema.org","@graph":[{"@type":"WebPage","@id":"https:\/\/www.ivinio.com\/sv\/produkt\/madame-de-beaucaillou\/","url":"https:\/\/www.ivinio.com\/sv\/produkt\/madame-de-beaucaillou\/","name":"K\u00f6pa Madame de Beaucaillou - IVINIO Vinbutik","isPartOf":{"@id":"https:\/\/www.ivinio.com\/sv\/#website"},"primaryImageOfPage":{"@id":"https:\/\/www.ivinio.com\/sv\/produkt\/madame-de-beaucaillou\/#primaryimage"},"image":{"@id":"https:\/\/www.ivinio.com\/sv\/produkt\/madame-de-beaucaillou\/#primaryimage"},"thumbnailUrl":"https:\/\/www.ivinio.com\/wp-content\/uploads\/2021\/10\/Madame-de-beaucaillou-IVINIO.jpg","datePublished":"2021-10-07T10:32:51+00:00","dateModified":"2026-02-09T16:17:41+00:00","description":"K\u00f6pa Madame de Beaucaillou. Tillg\u00e4ngligt vin fr\u00e5n prestigefyllda Ch\u00e2teau Ducru-Beaucaillou - lanserats som hyllning till Madame Eug\u00e8ne-Borie","breadcrumb":{"@id":"https:\/\/www.ivinio.com\/sv\/produkt\/madame-de-beaucaillou\/#breadcrumb"},"inLanguage":"sv-SE","potentialAction":[{"@type":"ReadAction","target":["https:\/\/www.ivinio.com\/sv\/produkt\/madame-de-beaucaillou\/"]}]},{"@type":"ImageObject","inLanguage":"sv-SE","@id":"https:\/\/www.ivinio.com\/sv\/produkt\/madame-de-beaucaillou\/#primaryimage","url":"https:\/\/www.ivinio.com\/wp-content\/uploads\/2021\/10\/Madame-de-beaucaillou-IVINIO.jpg","contentUrl":"https:\/\/www.ivinio.com\/wp-content\/uploads\/2021\/10\/Madame-de-beaucaillou-IVINIO.jpg","width":600,"height":600,"caption":"Madame de Beaucaillou"},{"@type":"BreadcrumbList","@id":"https:\/\/www.ivinio.com\/sv\/produkt\/madame-de-beaucaillou\/#breadcrumb","itemListElement":[{"@type":"ListItem","position":1,"name":"Hem","item":"https:\/\/www.ivinio.com\/sv\/"},{"@type":"ListItem","position":2,"name":"Vinbutik","item":"https:\/\/www.ivinio.com\/sv\/vinbutik\/"},{"@type":"ListItem","position":3,"name":"Madame de Beaucaillou"}]},{"@type":"WebSite","@id":"https:\/\/www.ivinio.com\/sv\/#website","url":"https:\/\/www.ivinio.com\/sv\/","name":"IVINIO Vinbutik","description":"Vin fr\u00e5n Frankrike och Italien med leverans hem till din d\u00f6rr","publisher":{"@id":"https:\/\/www.ivinio.com\/sv\/#organization"},"potentialAction":[{"@type":"SearchAction","target":{"@type":"EntryPoint","urlTemplate":"https:\/\/www.ivinio.com\/sv\/?s={search_term_string}"},"query-input":{"@type":"PropertyValueSpecification","valueRequired":true,"valueName":"search_term_string"}}],"inLanguage":"sv-SE"},{"@type":"Organization","@id":"https:\/\/www.ivinio.com\/sv\/#organization","name":"IVINIO","url":"https:\/\/www.ivinio.com\/sv\/","logo":{"@type":"ImageObject","inLanguage":"sv-SE","@id":"https:\/\/www.ivinio.com\/sv\/#\/schema\/logo\/image\/","url":"https:\/\/www.ivinio.com\/wp-content\/uploads\/2021\/01\/Logo-Ivinio-v2.jpg","contentUrl":"https:\/\/www.ivinio.com\/wp-content\/uploads\/2021\/01\/Logo-Ivinio-v2.jpg","width":1194,"height":1194,"caption":"IVINIO"},"image":{"@id":"https:\/\/www.ivinio.com\/sv\/#\/schema\/logo\/image\/"},"sameAs":["https:\/\/www.facebook.com\/groups\/165217837022391\/?ref=bookmarks","https:\/\/www.instagram.com\/_ivinio_\/?hl=fr"]}]}},"jetpack_sharing_enabled":true,"_links":{"self":[{"href":"https:\/\/www.ivinio.com\/sv\/wp-json\/wp\/v2\/product\/128598","targetHints":{"allow":["GET"]}}],"collection":[{"href":"https:\/\/www.ivinio.com\/sv\/wp-json\/wp\/v2\/product"}],"about":[{"href":"https:\/\/www.ivinio.com\/sv\/wp-json\/wp\/v2\/types\/product"}],"replies":[{"embeddable":true,"href":"https:\/\/www.ivinio.com\/sv\/wp-json\/wp\/v2\/comments?post=128598"}],"wp:featuredmedia":[{"embeddable":true,"href":"https:\/\/www.ivinio.com\/sv\/wp-json\/wp\/v2\/media\/128599"}],"wp:attachment":[{"href":"https:\/\/www.ivinio.com\/sv\/wp-json\/wp\/v2\/media?parent=128598"}],"wp:term":[{"taxonomy":"product_brand","embeddable":true,"href":"https:\/\/www.ivinio.com\/sv\/wp-json\/wp\/v2\/product_brand?post=128598"},{"taxonomy":"product_cat","embeddable":true,"href":"https:\/\/www.ivinio.com\/sv\/wp-json\/wp\/v2\/product_cat?post=128598"},{"taxonomy":"product_tag","embeddable":true,"href":"https:\/\/www.ivinio.com\/sv\/wp-json\/wp\/v2\/product_tag?post=128598"}],"curies":[{"name":"wp","href":"https:\/\/api.w.org\/{rel}","templated":true}]}}