{"id":128583,"date":"2021-10-06T14:25:59","date_gmt":"2021-10-06T12:25:59","guid":{"rendered":"https:\/\/www.ivinio.com\/?post_type=product&#038;p=128583"},"modified":"2026-02-10T14:04:39","modified_gmt":"2026-02-10T13:04:39","slug":"domaine-lafage-centenaire","status":"publish","type":"product","link":"https:\/\/www.ivinio.com\/sv\/produkt\/domaine-lafage-centenaire\/","title":{"rendered":"Domaine Lafage &#8211; Centenaire"},"content":{"rendered":"<p>Centenaire fr\u00e5n Domaine Lafage \u00e4r ett torrt vitvin som framst\u00e4llts av 80 % Grenache blanc och 20 % Roussanne. Vinet odlas p\u00e5 kullarna i Canet en Roussillon strax intill Medelhavet. Sk\u00f6rden g\u00f6rs manuellt i tv\u00e5 passager. Druvorna rensas n\u00e4r de tagits in. J<span style=\"font-size: 1rem;\">\u00e4sning g\u00f6rs med regelbunden omr\u00f6rning (batonnage), d\u00e4refter lagring p\u00e5 bottensatsen ett par m\u00e5nader. <\/span><span style=\"font-size: 1rem;\">70% av vinet lagras i st\u00e5ltank och 30% p\u00e5 nya ekfat.<\/span><\/p>\n","protected":false},"excerpt":{"rendered":"<p>Centenaire fr\u00e5n Domaine Lafage \u00e4r ett torrt vitvin med inslag av citrus-, vit frukt och blommiga toner. Att servera till en fiskcarpaccio eller en ceviche.<\/p>\n","protected":false},"featured_media":128587,"comment_status":"open","ping_status":"closed","template":"","meta":{"_monsterinsights_skip_tracking":false,"_monsterinsights_sitenote_active":false,"_monsterinsights_sitenote_note":"","_monsterinsights_sitenote_category":0,"_uf_show_specific_survey":0,"_uf_disable_surveys":false},"product_brand":[],"product_cat":[36588,36651],"product_tag":[],"class_list":{"0":"post-128583","1":"product","2":"type-product","3":"status-publish","4":"has-post-thumbnail","6":"product_cat-franska-viner","7":"product_cat-sv-roussillon","8":"pa_alcohol-degree-13-5-sv","9":"pa_awards-decanter-sv","10":"pa_awards-guide-hachette-sv","11":"pa_awards-jancis-robinson","12":"pa_awards-jeb-dunnuck","13":"pa_classification-igp-cotes-catalanes-sv","14":"pa_color-vit-sv","15":"pa_country-frankrike-sv","16":"pa_grape-variety-grenache-blanc-sv","17":"pa_grape-variety-roussanne","18":"pa_region-roussillon-sv","19":"pa_storage-potential-3-ar-sv","20":"pa_vintage-41365","21":"pa_volume-75-cl-sv","23":"first","24":"instock","25":"taxable","26":"shipping-taxable","27":"purchasable","28":"product-type-simple"},"bundled_by":[],"bundle_stock_status":"instock","bundle_stock_quantity":null,"bundle_virtual":false,"bundle_layout":"","bundle_add_to_cart_form_location":"","bundle_editable_in_cart":false,"bundle_sold_individually_context":"","bundle_item_grouping":"","bundle_min_size":"","bundle_max_size":"","bundle_price":[],"bundled_items":[],"bundle_sell_ids":[],"yoast_head":"<!-- This site is optimized with the Yoast SEO plugin v27.4 - https:\/\/yoast.com\/product\/yoast-seo-wordpress\/ -->\n<title>K\u00f6pa Domaine Lafage - Centenaire - IVINIO Vinbutik<\/title>\n<meta name=\"description\" content=\"K\u00f6pa Domaine Lafage - Centenaire. Ett torrt vitvin med inslag av citrusaromer, vit frukt och blommiga toner och odlas i Roussillon.\" \/>\n<meta name=\"robots\" content=\"index, follow, max-snippet:-1, max-image-preview:large, max-video-preview:-1\" \/>\n<link rel=\"canonical\" href=\"https:\/\/www.ivinio.com\/sv\/produkt\/domaine-lafage-centenaire\/\" \/>\n<meta property=\"og:locale\" content=\"sv_SE\" \/>\n<meta property=\"og:type\" content=\"article\" \/>\n<meta property=\"og:title\" content=\"K\u00f6pa Domaine Lafage - Centenaire - IVINIO Vinbutik\" \/>\n<meta property=\"og:description\" content=\"K\u00f6pa Domaine Lafage - Centenaire. Ett torrt vitvin med inslag av citrusaromer, vit frukt och blommiga toner och odlas i Roussillon.\" \/>\n<meta property=\"og:url\" content=\"https:\/\/www.ivinio.com\/sv\/produkt\/domaine-lafage-centenaire\/\" \/>\n<meta property=\"og:site_name\" content=\"IVINIO Vinbutik\" \/>\n<meta property=\"article:publisher\" content=\"https:\/\/www.facebook.com\/groups\/165217837022391\/?ref=bookmarks\" \/>\n<meta property=\"article:modified_time\" content=\"2026-02-10T13:04:39+00:00\" \/>\n<meta property=\"og:image\" content=\"https:\/\/www.ivinio.com\/wp-content\/uploads\/2021\/10\/Domaine-Lafage-centenaire-IVINIO.jpg\" \/>\n\t<meta property=\"og:image:width\" content=\"600\" \/>\n\t<meta property=\"og:image:height\" content=\"600\" \/>\n\t<meta property=\"og:image:type\" content=\"image\/jpeg\" \/>\n<meta name=\"twitter:card\" content=\"summary_large_image\" \/>\n<meta name=\"twitter:label1\" content=\"Ber\u00e4knad l\u00e4stid\" \/>\n\t<meta name=\"twitter:data1\" content=\"1 minut\" \/>\n<script type=\"application\/ld+json\" class=\"yoast-schema-graph\">{\"@context\":\"https:\\\/\\\/schema.org\",\"@graph\":[{\"@type\":\"WebPage\",\"@id\":\"https:\\\/\\\/www.ivinio.com\\\/sv\\\/produkt\\\/domaine-lafage-centenaire\\\/\",\"url\":\"https:\\\/\\\/www.ivinio.com\\\/sv\\\/produkt\\\/domaine-lafage-centenaire\\\/\",\"name\":\"K\u00f6pa Domaine Lafage - Centenaire - IVINIO Vinbutik\",\"isPartOf\":{\"@id\":\"https:\\\/\\\/www.ivinio.com\\\/sv\\\/#website\"},\"primaryImageOfPage\":{\"@id\":\"https:\\\/\\\/www.ivinio.com\\\/sv\\\/produkt\\\/domaine-lafage-centenaire\\\/#primaryimage\"},\"image\":{\"@id\":\"https:\\\/\\\/www.ivinio.com\\\/sv\\\/produkt\\\/domaine-lafage-centenaire\\\/#primaryimage\"},\"thumbnailUrl\":\"https:\\\/\\\/www.ivinio.com\\\/wp-content\\\/uploads\\\/2021\\\/10\\\/Domaine-Lafage-centenaire-IVINIO.jpg\",\"datePublished\":\"2021-10-06T12:25:59+00:00\",\"dateModified\":\"2026-02-10T13:04:39+00:00\",\"description\":\"K\u00f6pa Domaine Lafage - Centenaire. Ett torrt vitvin med inslag av citrusaromer, vit frukt och blommiga toner och odlas i Roussillon.\",\"breadcrumb\":{\"@id\":\"https:\\\/\\\/www.ivinio.com\\\/sv\\\/produkt\\\/domaine-lafage-centenaire\\\/#breadcrumb\"},\"inLanguage\":\"sv-SE\",\"potentialAction\":[{\"@type\":\"ReadAction\",\"target\":[\"https:\\\/\\\/www.ivinio.com\\\/sv\\\/produkt\\\/domaine-lafage-centenaire\\\/\"]}]},{\"@type\":\"ImageObject\",\"inLanguage\":\"sv-SE\",\"@id\":\"https:\\\/\\\/www.ivinio.com\\\/sv\\\/produkt\\\/domaine-lafage-centenaire\\\/#primaryimage\",\"url\":\"https:\\\/\\\/www.ivinio.com\\\/wp-content\\\/uploads\\\/2021\\\/10\\\/Domaine-Lafage-centenaire-IVINIO.jpg\",\"contentUrl\":\"https:\\\/\\\/www.ivinio.com\\\/wp-content\\\/uploads\\\/2021\\\/10\\\/Domaine-Lafage-centenaire-IVINIO.jpg\",\"width\":600,\"height\":600,\"caption\":\"Domaine Lafage - Centenaire\"},{\"@type\":\"BreadcrumbList\",\"@id\":\"https:\\\/\\\/www.ivinio.com\\\/sv\\\/produkt\\\/domaine-lafage-centenaire\\\/#breadcrumb\",\"itemListElement\":[{\"@type\":\"ListItem\",\"position\":1,\"name\":\"Hem\",\"item\":\"https:\\\/\\\/www.ivinio.com\\\/sv\\\/\"},{\"@type\":\"ListItem\",\"position\":2,\"name\":\"Vinbutik\",\"item\":\"https:\\\/\\\/www.ivinio.com\\\/sv\\\/vinbutik\\\/\"},{\"@type\":\"ListItem\",\"position\":3,\"name\":\"Domaine Lafage &#8211; Centenaire\"}]},{\"@type\":\"WebSite\",\"@id\":\"https:\\\/\\\/www.ivinio.com\\\/sv\\\/#website\",\"url\":\"https:\\\/\\\/www.ivinio.com\\\/sv\\\/\",\"name\":\"IVINIO Vinbutik\",\"description\":\"Vin fr\u00e5n Frankrike och Italien med leverans hem till din d\u00f6rr\",\"publisher\":{\"@id\":\"https:\\\/\\\/www.ivinio.com\\\/sv\\\/#organization\"},\"potentialAction\":[{\"@type\":\"SearchAction\",\"target\":{\"@type\":\"EntryPoint\",\"urlTemplate\":\"https:\\\/\\\/www.ivinio.com\\\/sv\\\/?s={search_term_string}\"},\"query-input\":{\"@type\":\"PropertyValueSpecification\",\"valueRequired\":true,\"valueName\":\"search_term_string\"}}],\"inLanguage\":\"sv-SE\"},{\"@type\":\"Organization\",\"@id\":\"https:\\\/\\\/www.ivinio.com\\\/sv\\\/#organization\",\"name\":\"IVINIO\",\"url\":\"https:\\\/\\\/www.ivinio.com\\\/sv\\\/\",\"logo\":{\"@type\":\"ImageObject\",\"inLanguage\":\"sv-SE\",\"@id\":\"https:\\\/\\\/www.ivinio.com\\\/sv\\\/#\\\/schema\\\/logo\\\/image\\\/\",\"url\":\"https:\\\/\\\/www.ivinio.com\\\/wp-content\\\/uploads\\\/2021\\\/01\\\/Logo-Ivinio-v2.jpg\",\"contentUrl\":\"https:\\\/\\\/www.ivinio.com\\\/wp-content\\\/uploads\\\/2021\\\/01\\\/Logo-Ivinio-v2.jpg\",\"width\":1194,\"height\":1194,\"caption\":\"IVINIO\"},\"image\":{\"@id\":\"https:\\\/\\\/www.ivinio.com\\\/sv\\\/#\\\/schema\\\/logo\\\/image\\\/\"},\"sameAs\":[\"https:\\\/\\\/www.facebook.com\\\/groups\\\/165217837022391\\\/?ref=bookmarks\",\"https:\\\/\\\/www.instagram.com\\\/_ivinio_\\\/?hl=fr\"]}]}<\/script>\n<!-- \/ Yoast SEO plugin. -->","yoast_head_json":{"title":"K\u00f6pa Domaine Lafage - Centenaire - IVINIO Vinbutik","description":"K\u00f6pa Domaine Lafage - Centenaire. Ett torrt vitvin med inslag av citrusaromer, vit frukt och blommiga toner och odlas i Roussillon.","robots":{"index":"index","follow":"follow","max-snippet":"max-snippet:-1","max-image-preview":"max-image-preview:large","max-video-preview":"max-video-preview:-1"},"canonical":"https:\/\/www.ivinio.com\/sv\/produkt\/domaine-lafage-centenaire\/","og_locale":"sv_SE","og_type":"article","og_title":"K\u00f6pa Domaine Lafage - Centenaire - IVINIO Vinbutik","og_description":"K\u00f6pa Domaine Lafage - Centenaire. Ett torrt vitvin med inslag av citrusaromer, vit frukt och blommiga toner och odlas i Roussillon.","og_url":"https:\/\/www.ivinio.com\/sv\/produkt\/domaine-lafage-centenaire\/","og_site_name":"IVINIO Vinbutik","article_publisher":"https:\/\/www.facebook.com\/groups\/165217837022391\/?ref=bookmarks","article_modified_time":"2026-02-10T13:04:39+00:00","og_image":[{"width":600,"height":600,"url":"https:\/\/www.ivinio.com\/wp-content\/uploads\/2021\/10\/Domaine-Lafage-centenaire-IVINIO.jpg","type":"image\/jpeg"}],"twitter_card":"summary_large_image","twitter_misc":{"Ber\u00e4knad l\u00e4stid":"1 minut"},"schema":{"@context":"https:\/\/schema.org","@graph":[{"@type":"WebPage","@id":"https:\/\/www.ivinio.com\/sv\/produkt\/domaine-lafage-centenaire\/","url":"https:\/\/www.ivinio.com\/sv\/produkt\/domaine-lafage-centenaire\/","name":"K\u00f6pa Domaine Lafage - Centenaire - IVINIO Vinbutik","isPartOf":{"@id":"https:\/\/www.ivinio.com\/sv\/#website"},"primaryImageOfPage":{"@id":"https:\/\/www.ivinio.com\/sv\/produkt\/domaine-lafage-centenaire\/#primaryimage"},"image":{"@id":"https:\/\/www.ivinio.com\/sv\/produkt\/domaine-lafage-centenaire\/#primaryimage"},"thumbnailUrl":"https:\/\/www.ivinio.com\/wp-content\/uploads\/2021\/10\/Domaine-Lafage-centenaire-IVINIO.jpg","datePublished":"2021-10-06T12:25:59+00:00","dateModified":"2026-02-10T13:04:39+00:00","description":"K\u00f6pa Domaine Lafage - Centenaire. Ett torrt vitvin med inslag av citrusaromer, vit frukt och blommiga toner och odlas i Roussillon.","breadcrumb":{"@id":"https:\/\/www.ivinio.com\/sv\/produkt\/domaine-lafage-centenaire\/#breadcrumb"},"inLanguage":"sv-SE","potentialAction":[{"@type":"ReadAction","target":["https:\/\/www.ivinio.com\/sv\/produkt\/domaine-lafage-centenaire\/"]}]},{"@type":"ImageObject","inLanguage":"sv-SE","@id":"https:\/\/www.ivinio.com\/sv\/produkt\/domaine-lafage-centenaire\/#primaryimage","url":"https:\/\/www.ivinio.com\/wp-content\/uploads\/2021\/10\/Domaine-Lafage-centenaire-IVINIO.jpg","contentUrl":"https:\/\/www.ivinio.com\/wp-content\/uploads\/2021\/10\/Domaine-Lafage-centenaire-IVINIO.jpg","width":600,"height":600,"caption":"Domaine Lafage - Centenaire"},{"@type":"BreadcrumbList","@id":"https:\/\/www.ivinio.com\/sv\/produkt\/domaine-lafage-centenaire\/#breadcrumb","itemListElement":[{"@type":"ListItem","position":1,"name":"Hem","item":"https:\/\/www.ivinio.com\/sv\/"},{"@type":"ListItem","position":2,"name":"Vinbutik","item":"https:\/\/www.ivinio.com\/sv\/vinbutik\/"},{"@type":"ListItem","position":3,"name":"Domaine Lafage &#8211; Centenaire"}]},{"@type":"WebSite","@id":"https:\/\/www.ivinio.com\/sv\/#website","url":"https:\/\/www.ivinio.com\/sv\/","name":"IVINIO Vinbutik","description":"Vin fr\u00e5n Frankrike och Italien med leverans hem till din d\u00f6rr","publisher":{"@id":"https:\/\/www.ivinio.com\/sv\/#organization"},"potentialAction":[{"@type":"SearchAction","target":{"@type":"EntryPoint","urlTemplate":"https:\/\/www.ivinio.com\/sv\/?s={search_term_string}"},"query-input":{"@type":"PropertyValueSpecification","valueRequired":true,"valueName":"search_term_string"}}],"inLanguage":"sv-SE"},{"@type":"Organization","@id":"https:\/\/www.ivinio.com\/sv\/#organization","name":"IVINIO","url":"https:\/\/www.ivinio.com\/sv\/","logo":{"@type":"ImageObject","inLanguage":"sv-SE","@id":"https:\/\/www.ivinio.com\/sv\/#\/schema\/logo\/image\/","url":"https:\/\/www.ivinio.com\/wp-content\/uploads\/2021\/01\/Logo-Ivinio-v2.jpg","contentUrl":"https:\/\/www.ivinio.com\/wp-content\/uploads\/2021\/01\/Logo-Ivinio-v2.jpg","width":1194,"height":1194,"caption":"IVINIO"},"image":{"@id":"https:\/\/www.ivinio.com\/sv\/#\/schema\/logo\/image\/"},"sameAs":["https:\/\/www.facebook.com\/groups\/165217837022391\/?ref=bookmarks","https:\/\/www.instagram.com\/_ivinio_\/?hl=fr"]}]}},"jetpack_sharing_enabled":true,"_links":{"self":[{"href":"https:\/\/www.ivinio.com\/sv\/wp-json\/wp\/v2\/product\/128583","targetHints":{"allow":["GET"]}}],"collection":[{"href":"https:\/\/www.ivinio.com\/sv\/wp-json\/wp\/v2\/product"}],"about":[{"href":"https:\/\/www.ivinio.com\/sv\/wp-json\/wp\/v2\/types\/product"}],"replies":[{"embeddable":true,"href":"https:\/\/www.ivinio.com\/sv\/wp-json\/wp\/v2\/comments?post=128583"}],"wp:featuredmedia":[{"embeddable":true,"href":"https:\/\/www.ivinio.com\/sv\/wp-json\/wp\/v2\/media\/128587"}],"wp:attachment":[{"href":"https:\/\/www.ivinio.com\/sv\/wp-json\/wp\/v2\/media?parent=128583"}],"wp:term":[{"taxonomy":"product_brand","embeddable":true,"href":"https:\/\/www.ivinio.com\/sv\/wp-json\/wp\/v2\/product_brand?post=128583"},{"taxonomy":"product_cat","embeddable":true,"href":"https:\/\/www.ivinio.com\/sv\/wp-json\/wp\/v2\/product_cat?post=128583"},{"taxonomy":"product_tag","embeddable":true,"href":"https:\/\/www.ivinio.com\/sv\/wp-json\/wp\/v2\/product_tag?post=128583"}],"curies":[{"name":"wp","href":"https:\/\/api.w.org\/{rel}","templated":true}]}}