{"id":122309,"date":"2021-01-09T11:11:38","date_gmt":"2021-01-09T10:11:38","guid":{"rendered":"https:\/\/henrik.www.ivinio.com\/product\/chateau-calavon-blandad-vinlada-2x3-flaskor\/"},"modified":"2023-04-19T12:17:24","modified_gmt":"2023-04-19T10:17:24","slug":"chateau-calavon-blandad-vinlada-2x3-flaskor","status":"publish","type":"product","link":"https:\/\/www.ivinio.com\/sv\/produkt\/chateau-calavon-blandad-vinlada-2x3-flaskor\/","title":{"rendered":"Ch\u00e2teau Calavon &#8211; Blandad vinl\u00e5da &#8211; 2&#215;3 flaskor"},"content":{"rendered":"<p>Denna l\u00e5da inneh\u00e5ller 3 flaskor av b\u00e5de ros\u00e9-och vitvin fr\u00e5n Ch\u00e2teau de Calavon. Ett mycket bra val f\u00f6r dig som gillar goda kvalitetsviner f\u00f6r en m\u00e4ngd olika tillf\u00e4llen!<\/p>\n","protected":false},"excerpt":{"rendered":"<p>Denna l\u00e5da ger dig m\u00f6jlighet att smaka p\u00e5 b\u00e5de vita och ros\u00e9viner fr\u00e5n Ch\u00e2teau de Calavon. 3 flaskor vita &#8220;ch\u00e2teau-viner&#8221; och 3 flaskor av Roquerousse-cuv\u00e9en. En perfekt mix f\u00f6r olika tillf\u00e4llen &#8211; fr\u00e5n aperitifer till sofistikerade middagar!<\/p>\n","protected":false},"featured_media":122312,"comment_status":"open","ping_status":"closed","template":"","meta":{"_monsterinsights_skip_tracking":false,"_monsterinsights_sitenote_active":false,"_monsterinsights_sitenote_note":"","_monsterinsights_sitenote_category":0,"_uf_show_specific_survey":0,"_uf_disable_surveys":false},"product_brand":[],"product_cat":[36645],"product_tag":[],"class_list":{"0":"post-122309","1":"product","2":"type-product","3":"status-publish","4":"has-post-thumbnail","6":"product_cat-blandade-provsmakningslador","8":"first","9":"instock","10":"taxable","11":"shipping-taxable","12":"purchasable","13":"product-type-bundle"},"bundled_by":[],"bundle_stock_status":"instock","bundle_stock_quantity":"","bundle_virtual":false,"bundle_layout":"grid","bundle_add_to_cart_form_location":"after_summary","bundle_editable_in_cart":false,"bundle_sold_individually_context":"product","bundle_item_grouping":"noindent","bundle_min_size":"","bundle_max_size":"","bundle_price":{"price":{"min":{"incl_tax":"71","excl_tax":"71"},"max":{"incl_tax":"71","excl_tax":"71"}},"regular_price":{"min":{"incl_tax":"71","excl_tax":"71"},"max":{"incl_tax":"71","excl_tax":"71"}}},"bundled_items":[{"bundled_item_id":8018,"product_id":122285,"menu_order":0,"quantity_min":1,"quantity_max":1,"quantity_default":1,"priced_individually":false,"shipped_individually":false,"override_title":false,"title":"Calavon Roquerousse - Ros\u00e9","override_description":false,"description":"Calavon Roquerousse &#8211; Ros\u00e9","optional":false,"hide_thumbnail":false,"discount":"","override_variations":false,"allowed_variations":[""],"override_default_variation_attributes":false,"default_variation_attributes":[],"single_product_visibility":"visible","cart_visibility":"hidden","order_visibility":"visible","single_product_price_visibility":"visible","cart_price_visibility":"visible","order_price_visibility":"visible","stock_status":"in_stock"},{"bundled_item_id":8019,"product_id":122302,"menu_order":1,"quantity_min":1,"quantity_max":1,"quantity_default":1,"priced_individually":false,"shipped_individually":false,"override_title":false,"title":"Ch\u00e2teau de Calavon - Vit","override_description":false,"description":"Ch\u00e2teau de Calavon &#8211; Vit","optional":false,"hide_thumbnail":false,"discount":"","override_variations":false,"allowed_variations":[""],"override_default_variation_attributes":false,"default_variation_attributes":[],"single_product_visibility":"visible","cart_visibility":"hidden","order_visibility":"visible","single_product_price_visibility":"visible","cart_price_visibility":"visible","order_price_visibility":"visible","stock_status":"in_stock"}],"bundle_sell_ids":[],"yoast_head":"<!-- This site is optimized with the Yoast SEO plugin v27.5 - https:\/\/yoast.com\/product\/yoast-seo-wordpress\/ -->\n<title>Ch\u00e2teau Calavon - Blandad vinl\u00e5da - IVINIO Vinbutik<\/title>\n<meta name=\"description\" content=\"Ch\u00e2teau Calavon - Blandad vinl\u00e5da. 3 flaskor vita &quot;ch\u00e2teau-viner&quot; och 3 flaskor av Roquerousse-cuv\u00e9en. En perfekt mix f\u00f6r olika tillf\u00e4llen - fr\u00e5n aperitifer till sofistikerade middagar!\" \/>\n<meta name=\"robots\" content=\"index, follow, max-snippet:-1, max-image-preview:large, max-video-preview:-1\" \/>\n<link rel=\"canonical\" href=\"https:\/\/www.ivinio.com\/sv\/produkt\/chateau-calavon-blandad-vinlada-2x3-flaskor\/\" \/>\n<meta property=\"og:locale\" content=\"sv_SE\" \/>\n<meta property=\"og:type\" content=\"article\" \/>\n<meta property=\"og:title\" content=\"Ch\u00e2teau Calavon - Blandad vinl\u00e5da - IVINIO Vinbutik\" \/>\n<meta property=\"og:description\" content=\"Ch\u00e2teau Calavon - Blandad vinl\u00e5da. 3 flaskor vita &quot;ch\u00e2teau-viner&quot; och 3 flaskor av Roquerousse-cuv\u00e9en. En perfekt mix f\u00f6r olika tillf\u00e4llen - fr\u00e5n aperitifer till sofistikerade middagar!\" \/>\n<meta property=\"og:url\" content=\"https:\/\/www.ivinio.com\/sv\/produkt\/chateau-calavon-blandad-vinlada-2x3-flaskor\/\" \/>\n<meta property=\"og:site_name\" content=\"IVINIO Vinbutik\" \/>\n<meta property=\"article:publisher\" content=\"https:\/\/www.facebook.com\/groups\/165217837022391\/?ref=bookmarks\" \/>\n<meta property=\"article:modified_time\" content=\"2023-04-19T10:17:24+00:00\" \/>\n<meta property=\"og:image\" content=\"https:\/\/www.ivinio.com\/wp-content\/uploads\/2021\/01\/Calavon-mix-IVINIO.jpg\" \/>\n\t<meta property=\"og:image:width\" content=\"600\" \/>\n\t<meta property=\"og:image:height\" content=\"600\" \/>\n\t<meta property=\"og:image:type\" content=\"image\/jpeg\" \/>\n<meta name=\"twitter:card\" content=\"summary_large_image\" \/>\n<script type=\"application\/ld+json\" class=\"yoast-schema-graph\">{\"@context\":\"https:\\\/\\\/schema.org\",\"@graph\":[{\"@type\":\"WebPage\",\"@id\":\"https:\\\/\\\/www.ivinio.com\\\/sv\\\/produkt\\\/chateau-calavon-blandad-vinlada-2x3-flaskor\\\/\",\"url\":\"https:\\\/\\\/www.ivinio.com\\\/sv\\\/produkt\\\/chateau-calavon-blandad-vinlada-2x3-flaskor\\\/\",\"name\":\"Ch\u00e2teau Calavon - Blandad vinl\u00e5da - IVINIO Vinbutik\",\"isPartOf\":{\"@id\":\"https:\\\/\\\/www.ivinio.com\\\/sv\\\/#website\"},\"primaryImageOfPage\":{\"@id\":\"https:\\\/\\\/www.ivinio.com\\\/sv\\\/produkt\\\/chateau-calavon-blandad-vinlada-2x3-flaskor\\\/#primaryimage\"},\"image\":{\"@id\":\"https:\\\/\\\/www.ivinio.com\\\/sv\\\/produkt\\\/chateau-calavon-blandad-vinlada-2x3-flaskor\\\/#primaryimage\"},\"thumbnailUrl\":\"https:\\\/\\\/www.ivinio.com\\\/wp-content\\\/uploads\\\/2021\\\/01\\\/Calavon-mix-IVINIO.jpg\",\"datePublished\":\"2021-01-09T10:11:38+00:00\",\"dateModified\":\"2023-04-19T10:17:24+00:00\",\"description\":\"Ch\u00e2teau Calavon - Blandad vinl\u00e5da. 3 flaskor vita \\\"ch\u00e2teau-viner\\\" och 3 flaskor av Roquerousse-cuv\u00e9en. En perfekt mix f\u00f6r olika tillf\u00e4llen - fr\u00e5n aperitifer till sofistikerade middagar!\",\"breadcrumb\":{\"@id\":\"https:\\\/\\\/www.ivinio.com\\\/sv\\\/produkt\\\/chateau-calavon-blandad-vinlada-2x3-flaskor\\\/#breadcrumb\"},\"inLanguage\":\"sv-SE\",\"potentialAction\":[{\"@type\":\"ReadAction\",\"target\":[\"https:\\\/\\\/www.ivinio.com\\\/sv\\\/produkt\\\/chateau-calavon-blandad-vinlada-2x3-flaskor\\\/\"]}]},{\"@type\":\"ImageObject\",\"inLanguage\":\"sv-SE\",\"@id\":\"https:\\\/\\\/www.ivinio.com\\\/sv\\\/produkt\\\/chateau-calavon-blandad-vinlada-2x3-flaskor\\\/#primaryimage\",\"url\":\"https:\\\/\\\/www.ivinio.com\\\/wp-content\\\/uploads\\\/2021\\\/01\\\/Calavon-mix-IVINIO.jpg\",\"contentUrl\":\"https:\\\/\\\/www.ivinio.com\\\/wp-content\\\/uploads\\\/2021\\\/01\\\/Calavon-mix-IVINIO.jpg\",\"width\":600,\"height\":600},{\"@type\":\"BreadcrumbList\",\"@id\":\"https:\\\/\\\/www.ivinio.com\\\/sv\\\/produkt\\\/chateau-calavon-blandad-vinlada-2x3-flaskor\\\/#breadcrumb\",\"itemListElement\":[{\"@type\":\"ListItem\",\"position\":1,\"name\":\"Hem\",\"item\":\"https:\\\/\\\/www.ivinio.com\\\/sv\\\/\"},{\"@type\":\"ListItem\",\"position\":2,\"name\":\"Vinbutik\",\"item\":\"https:\\\/\\\/www.ivinio.com\\\/sv\\\/vinbutik\\\/\"},{\"@type\":\"ListItem\",\"position\":3,\"name\":\"Ch\u00e2teau Calavon &#8211; Blandad vinl\u00e5da &#8211; 2&#215;3 flaskor\"}]},{\"@type\":\"WebSite\",\"@id\":\"https:\\\/\\\/www.ivinio.com\\\/sv\\\/#website\",\"url\":\"https:\\\/\\\/www.ivinio.com\\\/sv\\\/\",\"name\":\"IVINIO Vinbutik\",\"description\":\"Vin fr\u00e5n Frankrike och Italien med leverans hem till din d\u00f6rr\",\"publisher\":{\"@id\":\"https:\\\/\\\/www.ivinio.com\\\/sv\\\/#organization\"},\"potentialAction\":[{\"@type\":\"SearchAction\",\"target\":{\"@type\":\"EntryPoint\",\"urlTemplate\":\"https:\\\/\\\/www.ivinio.com\\\/sv\\\/?s={search_term_string}\"},\"query-input\":{\"@type\":\"PropertyValueSpecification\",\"valueRequired\":true,\"valueName\":\"search_term_string\"}}],\"inLanguage\":\"sv-SE\"},{\"@type\":\"Organization\",\"@id\":\"https:\\\/\\\/www.ivinio.com\\\/sv\\\/#organization\",\"name\":\"IVINIO\",\"url\":\"https:\\\/\\\/www.ivinio.com\\\/sv\\\/\",\"logo\":{\"@type\":\"ImageObject\",\"inLanguage\":\"sv-SE\",\"@id\":\"https:\\\/\\\/www.ivinio.com\\\/sv\\\/#\\\/schema\\\/logo\\\/image\\\/\",\"url\":\"https:\\\/\\\/www.ivinio.com\\\/wp-content\\\/uploads\\\/2021\\\/01\\\/Logo-Ivinio-v2.jpg\",\"contentUrl\":\"https:\\\/\\\/www.ivinio.com\\\/wp-content\\\/uploads\\\/2021\\\/01\\\/Logo-Ivinio-v2.jpg\",\"width\":1194,\"height\":1194,\"caption\":\"IVINIO\"},\"image\":{\"@id\":\"https:\\\/\\\/www.ivinio.com\\\/sv\\\/#\\\/schema\\\/logo\\\/image\\\/\"},\"sameAs\":[\"https:\\\/\\\/www.facebook.com\\\/groups\\\/165217837022391\\\/?ref=bookmarks\",\"https:\\\/\\\/www.instagram.com\\\/_ivinio_\\\/?hl=fr\"]}]}<\/script>\n<!-- \/ Yoast SEO plugin. -->","yoast_head_json":{"title":"Ch\u00e2teau Calavon - Blandad vinl\u00e5da - IVINIO Vinbutik","description":"Ch\u00e2teau Calavon - Blandad vinl\u00e5da. 3 flaskor vita \"ch\u00e2teau-viner\" och 3 flaskor av Roquerousse-cuv\u00e9en. En perfekt mix f\u00f6r olika tillf\u00e4llen - fr\u00e5n aperitifer till sofistikerade middagar!","robots":{"index":"index","follow":"follow","max-snippet":"max-snippet:-1","max-image-preview":"max-image-preview:large","max-video-preview":"max-video-preview:-1"},"canonical":"https:\/\/www.ivinio.com\/sv\/produkt\/chateau-calavon-blandad-vinlada-2x3-flaskor\/","og_locale":"sv_SE","og_type":"article","og_title":"Ch\u00e2teau Calavon - Blandad vinl\u00e5da - IVINIO Vinbutik","og_description":"Ch\u00e2teau Calavon - Blandad vinl\u00e5da. 3 flaskor vita \"ch\u00e2teau-viner\" och 3 flaskor av Roquerousse-cuv\u00e9en. En perfekt mix f\u00f6r olika tillf\u00e4llen - fr\u00e5n aperitifer till sofistikerade middagar!","og_url":"https:\/\/www.ivinio.com\/sv\/produkt\/chateau-calavon-blandad-vinlada-2x3-flaskor\/","og_site_name":"IVINIO Vinbutik","article_publisher":"https:\/\/www.facebook.com\/groups\/165217837022391\/?ref=bookmarks","article_modified_time":"2023-04-19T10:17:24+00:00","og_image":[{"width":600,"height":600,"url":"https:\/\/www.ivinio.com\/wp-content\/uploads\/2021\/01\/Calavon-mix-IVINIO.jpg","type":"image\/jpeg"}],"twitter_card":"summary_large_image","schema":{"@context":"https:\/\/schema.org","@graph":[{"@type":"WebPage","@id":"https:\/\/www.ivinio.com\/sv\/produkt\/chateau-calavon-blandad-vinlada-2x3-flaskor\/","url":"https:\/\/www.ivinio.com\/sv\/produkt\/chateau-calavon-blandad-vinlada-2x3-flaskor\/","name":"Ch\u00e2teau Calavon - Blandad vinl\u00e5da - IVINIO Vinbutik","isPartOf":{"@id":"https:\/\/www.ivinio.com\/sv\/#website"},"primaryImageOfPage":{"@id":"https:\/\/www.ivinio.com\/sv\/produkt\/chateau-calavon-blandad-vinlada-2x3-flaskor\/#primaryimage"},"image":{"@id":"https:\/\/www.ivinio.com\/sv\/produkt\/chateau-calavon-blandad-vinlada-2x3-flaskor\/#primaryimage"},"thumbnailUrl":"https:\/\/www.ivinio.com\/wp-content\/uploads\/2021\/01\/Calavon-mix-IVINIO.jpg","datePublished":"2021-01-09T10:11:38+00:00","dateModified":"2023-04-19T10:17:24+00:00","description":"Ch\u00e2teau Calavon - Blandad vinl\u00e5da. 3 flaskor vita \"ch\u00e2teau-viner\" och 3 flaskor av Roquerousse-cuv\u00e9en. En perfekt mix f\u00f6r olika tillf\u00e4llen - fr\u00e5n aperitifer till sofistikerade middagar!","breadcrumb":{"@id":"https:\/\/www.ivinio.com\/sv\/produkt\/chateau-calavon-blandad-vinlada-2x3-flaskor\/#breadcrumb"},"inLanguage":"sv-SE","potentialAction":[{"@type":"ReadAction","target":["https:\/\/www.ivinio.com\/sv\/produkt\/chateau-calavon-blandad-vinlada-2x3-flaskor\/"]}]},{"@type":"ImageObject","inLanguage":"sv-SE","@id":"https:\/\/www.ivinio.com\/sv\/produkt\/chateau-calavon-blandad-vinlada-2x3-flaskor\/#primaryimage","url":"https:\/\/www.ivinio.com\/wp-content\/uploads\/2021\/01\/Calavon-mix-IVINIO.jpg","contentUrl":"https:\/\/www.ivinio.com\/wp-content\/uploads\/2021\/01\/Calavon-mix-IVINIO.jpg","width":600,"height":600},{"@type":"BreadcrumbList","@id":"https:\/\/www.ivinio.com\/sv\/produkt\/chateau-calavon-blandad-vinlada-2x3-flaskor\/#breadcrumb","itemListElement":[{"@type":"ListItem","position":1,"name":"Hem","item":"https:\/\/www.ivinio.com\/sv\/"},{"@type":"ListItem","position":2,"name":"Vinbutik","item":"https:\/\/www.ivinio.com\/sv\/vinbutik\/"},{"@type":"ListItem","position":3,"name":"Ch\u00e2teau Calavon &#8211; Blandad vinl\u00e5da &#8211; 2&#215;3 flaskor"}]},{"@type":"WebSite","@id":"https:\/\/www.ivinio.com\/sv\/#website","url":"https:\/\/www.ivinio.com\/sv\/","name":"IVINIO Vinbutik","description":"Vin fr\u00e5n Frankrike och Italien med leverans hem till din d\u00f6rr","publisher":{"@id":"https:\/\/www.ivinio.com\/sv\/#organization"},"potentialAction":[{"@type":"SearchAction","target":{"@type":"EntryPoint","urlTemplate":"https:\/\/www.ivinio.com\/sv\/?s={search_term_string}"},"query-input":{"@type":"PropertyValueSpecification","valueRequired":true,"valueName":"search_term_string"}}],"inLanguage":"sv-SE"},{"@type":"Organization","@id":"https:\/\/www.ivinio.com\/sv\/#organization","name":"IVINIO","url":"https:\/\/www.ivinio.com\/sv\/","logo":{"@type":"ImageObject","inLanguage":"sv-SE","@id":"https:\/\/www.ivinio.com\/sv\/#\/schema\/logo\/image\/","url":"https:\/\/www.ivinio.com\/wp-content\/uploads\/2021\/01\/Logo-Ivinio-v2.jpg","contentUrl":"https:\/\/www.ivinio.com\/wp-content\/uploads\/2021\/01\/Logo-Ivinio-v2.jpg","width":1194,"height":1194,"caption":"IVINIO"},"image":{"@id":"https:\/\/www.ivinio.com\/sv\/#\/schema\/logo\/image\/"},"sameAs":["https:\/\/www.facebook.com\/groups\/165217837022391\/?ref=bookmarks","https:\/\/www.instagram.com\/_ivinio_\/?hl=fr"]}]}},"jetpack_sharing_enabled":true,"_links":{"self":[{"href":"https:\/\/www.ivinio.com\/sv\/wp-json\/wp\/v2\/product\/122309","targetHints":{"allow":["GET"]}}],"collection":[{"href":"https:\/\/www.ivinio.com\/sv\/wp-json\/wp\/v2\/product"}],"about":[{"href":"https:\/\/www.ivinio.com\/sv\/wp-json\/wp\/v2\/types\/product"}],"replies":[{"embeddable":true,"href":"https:\/\/www.ivinio.com\/sv\/wp-json\/wp\/v2\/comments?post=122309"}],"wp:featuredmedia":[{"embeddable":true,"href":"https:\/\/www.ivinio.com\/sv\/wp-json\/wp\/v2\/media\/122312"}],"wp:attachment":[{"href":"https:\/\/www.ivinio.com\/sv\/wp-json\/wp\/v2\/media?parent=122309"}],"wp:term":[{"taxonomy":"product_brand","embeddable":true,"href":"https:\/\/www.ivinio.com\/sv\/wp-json\/wp\/v2\/product_brand?post=122309"},{"taxonomy":"product_cat","embeddable":true,"href":"https:\/\/www.ivinio.com\/sv\/wp-json\/wp\/v2\/product_cat?post=122309"},{"taxonomy":"product_tag","embeddable":true,"href":"https:\/\/www.ivinio.com\/sv\/wp-json\/wp\/v2\/product_tag?post=122309"}],"curies":[{"name":"wp","href":"https:\/\/api.w.org\/{rel}","templated":true}]}}