{"id":122044,"date":"2020-02-14T18:56:16","date_gmt":"2020-02-14T18:56:16","guid":{"rendered":"https:\/\/henrik.www.ivinio.com\/?product=domaine-la-croix-belle-le-champ-des-lys-vit"},"modified":"2026-02-19T14:24:49","modified_gmt":"2026-02-19T13:24:49","slug":"domaine-la-croix-belle-le-champ-des-lys-vit","status":"publish","type":"product","link":"https:\/\/www.ivinio.com\/sv\/produkt\/domaine-la-croix-belle-le-champ-des-lys-vit\/","title":{"rendered":"Domaine la Croix Belle &#8211; Le champ des Lys &#8211; Vit"},"content":{"rendered":"<p>Domaine la Croix Belle &#8211; Le champ des Lys &#8211; Vitvin framst\u00e4lls av 50% Viognier 20% Grenache blanc, 20% Chardonnay och 10% Sauvignon. Vinifiering enligt klassisk metod vid l\u00e5g temperatur. 5% av vinet har legat p\u00e5 ekfat f\u00f6r att bidra med komplexitet och lite fetare struktur. Vinet lagras 6 m\u00e5nader p\u00e5 st\u00e5ltank p\u00e5 sin bottensats med regelbunden omr\u00f6rning (b\u00e2tonnage).<\/p>\n","protected":false},"excerpt":{"rendered":"<p>Le champ des Lys fr\u00e5n Domaine la Croix Belle \u00e4r ett gener\u00f6st, aromatiskt och runt vitvin med lite fet struktur att servera som aperitif, till grillad fisk, till kycklingfil\u00e9er eller varf\u00f6r inte till en getost!?<\/p>\n","protected":false},"featured_media":138429,"comment_status":"open","ping_status":"closed","template":"","meta":{"_monsterinsights_skip_tracking":false,"_monsterinsights_sitenote_active":false,"_monsterinsights_sitenote_note":"","_monsterinsights_sitenote_category":0,"_uf_show_specific_survey":0,"_uf_disable_surveys":false},"product_brand":[],"product_cat":[36588,36627],"product_tag":[],"class_list":{"0":"post-122044","1":"product","2":"type-product","3":"status-publish","4":"has-post-thumbnail","6":"product_cat-franska-viner","7":"product_cat-sv-languedoc","8":"pa_alcohol-degree-13-5-sv","9":"pa_classification-igp-cotes-de-thongue-sv","10":"pa_color-vit-sv","11":"pa_country-frankrike-sv","12":"pa_grape-variety-chardonnay-sv","13":"pa_grape-variety-grenache-blanc-sv","14":"pa_grape-variety-sauvignon-sv","15":"pa_grape-variety-viognier-sv","16":"pa_region-languedoc-sv","17":"pa_storage-potential-3-ar-sv","18":"pa_vintage-41400","19":"pa_volume-75-cl-sv","21":"first","22":"instock","23":"taxable","24":"shipping-taxable","25":"purchasable","26":"product-type-simple"},"bundled_by":[],"bundle_stock_status":"instock","bundle_stock_quantity":null,"bundle_virtual":false,"bundle_layout":"","bundle_add_to_cart_form_location":"","bundle_editable_in_cart":false,"bundle_sold_individually_context":"","bundle_item_grouping":"","bundle_min_size":"","bundle_max_size":"","bundle_price":[],"bundled_items":[],"bundle_sell_ids":[],"yoast_head":"<!-- This site is optimized with the Yoast SEO plugin v27.5 - https:\/\/yoast.com\/product\/yoast-seo-wordpress\/ -->\n<title>K\u00f6pa Domaine la Croix Belle - Le champ des Lys - Vitvin - IVINIO Vinbutik<\/title>\n<meta name=\"description\" content=\"Domaine la Croix Belle - Le champ des Lys - Vitvin framst\u00e4llt av Viognier och Grenache Blanc. Ett gener\u00f6st, aromatiskt och runt vitvin med lite fet struktur.\" \/>\n<meta name=\"robots\" content=\"index, follow, max-snippet:-1, max-image-preview:large, max-video-preview:-1\" \/>\n<link rel=\"canonical\" href=\"https:\/\/www.ivinio.com\/sv\/produkt\/domaine-la-croix-belle-le-champ-des-lys-vit\/\" \/>\n<meta property=\"og:locale\" content=\"sv_SE\" \/>\n<meta property=\"og:type\" content=\"article\" \/>\n<meta property=\"og:title\" content=\"K\u00f6pa Domaine la Croix Belle - Le champ des Lys - Vitvin - IVINIO Vinbutik\" \/>\n<meta property=\"og:description\" content=\"Domaine la Croix Belle - Le champ des Lys - Vitvin framst\u00e4llt av Viognier och Grenache Blanc. Ett gener\u00f6st, aromatiskt och runt vitvin med lite fet struktur.\" \/>\n<meta property=\"og:url\" content=\"https:\/\/www.ivinio.com\/sv\/produkt\/domaine-la-croix-belle-le-champ-des-lys-vit\/\" \/>\n<meta property=\"og:site_name\" content=\"IVINIO Vinbutik\" \/>\n<meta property=\"article:publisher\" content=\"https:\/\/www.facebook.com\/groups\/165217837022391\/?ref=bookmarks\" \/>\n<meta property=\"article:modified_time\" content=\"2026-02-19T13:24:49+00:00\" \/>\n<meta property=\"og:image\" content=\"https:\/\/www.ivinio.com\/wp-content\/uploads\/2020\/02\/La-croix-belle-Le-Champs-des-Lys-IVINIO.jpg\" \/>\n\t<meta property=\"og:image:width\" content=\"500\" \/>\n\t<meta property=\"og:image:height\" content=\"500\" \/>\n\t<meta property=\"og:image:type\" content=\"image\/jpeg\" \/>\n<meta name=\"twitter:card\" content=\"summary_large_image\" \/>\n<meta name=\"twitter:label1\" content=\"Ber\u00e4knad l\u00e4stid\" \/>\n\t<meta name=\"twitter:data1\" content=\"1 minut\" \/>\n<script type=\"application\/ld+json\" class=\"yoast-schema-graph\">{\"@context\":\"https:\\\/\\\/schema.org\",\"@graph\":[{\"@type\":\"WebPage\",\"@id\":\"https:\\\/\\\/www.ivinio.com\\\/sv\\\/produkt\\\/domaine-la-croix-belle-le-champ-des-lys-vit\\\/\",\"url\":\"https:\\\/\\\/www.ivinio.com\\\/sv\\\/produkt\\\/domaine-la-croix-belle-le-champ-des-lys-vit\\\/\",\"name\":\"K\u00f6pa Domaine la Croix Belle - Le champ des Lys - Vitvin - IVINIO Vinbutik\",\"isPartOf\":{\"@id\":\"https:\\\/\\\/www.ivinio.com\\\/sv\\\/#website\"},\"primaryImageOfPage\":{\"@id\":\"https:\\\/\\\/www.ivinio.com\\\/sv\\\/produkt\\\/domaine-la-croix-belle-le-champ-des-lys-vit\\\/#primaryimage\"},\"image\":{\"@id\":\"https:\\\/\\\/www.ivinio.com\\\/sv\\\/produkt\\\/domaine-la-croix-belle-le-champ-des-lys-vit\\\/#primaryimage\"},\"thumbnailUrl\":\"https:\\\/\\\/www.ivinio.com\\\/wp-content\\\/uploads\\\/2020\\\/02\\\/La-croix-belle-Le-Champs-des-Lys-IVINIO.jpg\",\"datePublished\":\"2020-02-14T18:56:16+00:00\",\"dateModified\":\"2026-02-19T13:24:49+00:00\",\"description\":\"Domaine la Croix Belle - Le champ des Lys - Vitvin framst\u00e4llt av Viognier och Grenache Blanc. Ett gener\u00f6st, aromatiskt och runt vitvin med lite fet struktur.\",\"breadcrumb\":{\"@id\":\"https:\\\/\\\/www.ivinio.com\\\/sv\\\/produkt\\\/domaine-la-croix-belle-le-champ-des-lys-vit\\\/#breadcrumb\"},\"inLanguage\":\"sv-SE\",\"potentialAction\":[{\"@type\":\"ReadAction\",\"target\":[\"https:\\\/\\\/www.ivinio.com\\\/sv\\\/produkt\\\/domaine-la-croix-belle-le-champ-des-lys-vit\\\/\"]}]},{\"@type\":\"ImageObject\",\"inLanguage\":\"sv-SE\",\"@id\":\"https:\\\/\\\/www.ivinio.com\\\/sv\\\/produkt\\\/domaine-la-croix-belle-le-champ-des-lys-vit\\\/#primaryimage\",\"url\":\"https:\\\/\\\/www.ivinio.com\\\/wp-content\\\/uploads\\\/2020\\\/02\\\/La-croix-belle-Le-Champs-des-Lys-IVINIO.jpg\",\"contentUrl\":\"https:\\\/\\\/www.ivinio.com\\\/wp-content\\\/uploads\\\/2020\\\/02\\\/La-croix-belle-Le-Champs-des-Lys-IVINIO.jpg\",\"width\":500,\"height\":500},{\"@type\":\"BreadcrumbList\",\"@id\":\"https:\\\/\\\/www.ivinio.com\\\/sv\\\/produkt\\\/domaine-la-croix-belle-le-champ-des-lys-vit\\\/#breadcrumb\",\"itemListElement\":[{\"@type\":\"ListItem\",\"position\":1,\"name\":\"Hem\",\"item\":\"https:\\\/\\\/www.ivinio.com\\\/sv\\\/\"},{\"@type\":\"ListItem\",\"position\":2,\"name\":\"Vinbutik\",\"item\":\"https:\\\/\\\/www.ivinio.com\\\/sv\\\/vinbutik\\\/\"},{\"@type\":\"ListItem\",\"position\":3,\"name\":\"Domaine la Croix Belle &#8211; Le champ des Lys &#8211; Vit\"}]},{\"@type\":\"WebSite\",\"@id\":\"https:\\\/\\\/www.ivinio.com\\\/sv\\\/#website\",\"url\":\"https:\\\/\\\/www.ivinio.com\\\/sv\\\/\",\"name\":\"IVINIO Vinbutik\",\"description\":\"Vin fr\u00e5n Frankrike och Italien med leverans hem till din d\u00f6rr\",\"publisher\":{\"@id\":\"https:\\\/\\\/www.ivinio.com\\\/sv\\\/#organization\"},\"potentialAction\":[{\"@type\":\"SearchAction\",\"target\":{\"@type\":\"EntryPoint\",\"urlTemplate\":\"https:\\\/\\\/www.ivinio.com\\\/sv\\\/?s={search_term_string}\"},\"query-input\":{\"@type\":\"PropertyValueSpecification\",\"valueRequired\":true,\"valueName\":\"search_term_string\"}}],\"inLanguage\":\"sv-SE\"},{\"@type\":\"Organization\",\"@id\":\"https:\\\/\\\/www.ivinio.com\\\/sv\\\/#organization\",\"name\":\"IVINIO\",\"url\":\"https:\\\/\\\/www.ivinio.com\\\/sv\\\/\",\"logo\":{\"@type\":\"ImageObject\",\"inLanguage\":\"sv-SE\",\"@id\":\"https:\\\/\\\/www.ivinio.com\\\/sv\\\/#\\\/schema\\\/logo\\\/image\\\/\",\"url\":\"https:\\\/\\\/www.ivinio.com\\\/wp-content\\\/uploads\\\/2021\\\/01\\\/Logo-Ivinio-v2.jpg\",\"contentUrl\":\"https:\\\/\\\/www.ivinio.com\\\/wp-content\\\/uploads\\\/2021\\\/01\\\/Logo-Ivinio-v2.jpg\",\"width\":1194,\"height\":1194,\"caption\":\"IVINIO\"},\"image\":{\"@id\":\"https:\\\/\\\/www.ivinio.com\\\/sv\\\/#\\\/schema\\\/logo\\\/image\\\/\"},\"sameAs\":[\"https:\\\/\\\/www.facebook.com\\\/groups\\\/165217837022391\\\/?ref=bookmarks\",\"https:\\\/\\\/www.instagram.com\\\/_ivinio_\\\/?hl=fr\"]}]}<\/script>\n<!-- \/ Yoast SEO plugin. -->","yoast_head_json":{"title":"K\u00f6pa Domaine la Croix Belle - Le champ des Lys - Vitvin - IVINIO Vinbutik","description":"Domaine la Croix Belle - Le champ des Lys - Vitvin framst\u00e4llt av Viognier och Grenache Blanc. Ett gener\u00f6st, aromatiskt och runt vitvin med lite fet struktur.","robots":{"index":"index","follow":"follow","max-snippet":"max-snippet:-1","max-image-preview":"max-image-preview:large","max-video-preview":"max-video-preview:-1"},"canonical":"https:\/\/www.ivinio.com\/sv\/produkt\/domaine-la-croix-belle-le-champ-des-lys-vit\/","og_locale":"sv_SE","og_type":"article","og_title":"K\u00f6pa Domaine la Croix Belle - Le champ des Lys - Vitvin - IVINIO Vinbutik","og_description":"Domaine la Croix Belle - Le champ des Lys - Vitvin framst\u00e4llt av Viognier och Grenache Blanc. Ett gener\u00f6st, aromatiskt och runt vitvin med lite fet struktur.","og_url":"https:\/\/www.ivinio.com\/sv\/produkt\/domaine-la-croix-belle-le-champ-des-lys-vit\/","og_site_name":"IVINIO Vinbutik","article_publisher":"https:\/\/www.facebook.com\/groups\/165217837022391\/?ref=bookmarks","article_modified_time":"2026-02-19T13:24:49+00:00","og_image":[{"width":500,"height":500,"url":"https:\/\/www.ivinio.com\/wp-content\/uploads\/2020\/02\/La-croix-belle-Le-Champs-des-Lys-IVINIO.jpg","type":"image\/jpeg"}],"twitter_card":"summary_large_image","twitter_misc":{"Ber\u00e4knad l\u00e4stid":"1 minut"},"schema":{"@context":"https:\/\/schema.org","@graph":[{"@type":"WebPage","@id":"https:\/\/www.ivinio.com\/sv\/produkt\/domaine-la-croix-belle-le-champ-des-lys-vit\/","url":"https:\/\/www.ivinio.com\/sv\/produkt\/domaine-la-croix-belle-le-champ-des-lys-vit\/","name":"K\u00f6pa Domaine la Croix Belle - Le champ des Lys - Vitvin - IVINIO Vinbutik","isPartOf":{"@id":"https:\/\/www.ivinio.com\/sv\/#website"},"primaryImageOfPage":{"@id":"https:\/\/www.ivinio.com\/sv\/produkt\/domaine-la-croix-belle-le-champ-des-lys-vit\/#primaryimage"},"image":{"@id":"https:\/\/www.ivinio.com\/sv\/produkt\/domaine-la-croix-belle-le-champ-des-lys-vit\/#primaryimage"},"thumbnailUrl":"https:\/\/www.ivinio.com\/wp-content\/uploads\/2020\/02\/La-croix-belle-Le-Champs-des-Lys-IVINIO.jpg","datePublished":"2020-02-14T18:56:16+00:00","dateModified":"2026-02-19T13:24:49+00:00","description":"Domaine la Croix Belle - Le champ des Lys - Vitvin framst\u00e4llt av Viognier och Grenache Blanc. Ett gener\u00f6st, aromatiskt och runt vitvin med lite fet struktur.","breadcrumb":{"@id":"https:\/\/www.ivinio.com\/sv\/produkt\/domaine-la-croix-belle-le-champ-des-lys-vit\/#breadcrumb"},"inLanguage":"sv-SE","potentialAction":[{"@type":"ReadAction","target":["https:\/\/www.ivinio.com\/sv\/produkt\/domaine-la-croix-belle-le-champ-des-lys-vit\/"]}]},{"@type":"ImageObject","inLanguage":"sv-SE","@id":"https:\/\/www.ivinio.com\/sv\/produkt\/domaine-la-croix-belle-le-champ-des-lys-vit\/#primaryimage","url":"https:\/\/www.ivinio.com\/wp-content\/uploads\/2020\/02\/La-croix-belle-Le-Champs-des-Lys-IVINIO.jpg","contentUrl":"https:\/\/www.ivinio.com\/wp-content\/uploads\/2020\/02\/La-croix-belle-Le-Champs-des-Lys-IVINIO.jpg","width":500,"height":500},{"@type":"BreadcrumbList","@id":"https:\/\/www.ivinio.com\/sv\/produkt\/domaine-la-croix-belle-le-champ-des-lys-vit\/#breadcrumb","itemListElement":[{"@type":"ListItem","position":1,"name":"Hem","item":"https:\/\/www.ivinio.com\/sv\/"},{"@type":"ListItem","position":2,"name":"Vinbutik","item":"https:\/\/www.ivinio.com\/sv\/vinbutik\/"},{"@type":"ListItem","position":3,"name":"Domaine la Croix Belle &#8211; Le champ des Lys &#8211; Vit"}]},{"@type":"WebSite","@id":"https:\/\/www.ivinio.com\/sv\/#website","url":"https:\/\/www.ivinio.com\/sv\/","name":"IVINIO Vinbutik","description":"Vin fr\u00e5n Frankrike och Italien med leverans hem till din d\u00f6rr","publisher":{"@id":"https:\/\/www.ivinio.com\/sv\/#organization"},"potentialAction":[{"@type":"SearchAction","target":{"@type":"EntryPoint","urlTemplate":"https:\/\/www.ivinio.com\/sv\/?s={search_term_string}"},"query-input":{"@type":"PropertyValueSpecification","valueRequired":true,"valueName":"search_term_string"}}],"inLanguage":"sv-SE"},{"@type":"Organization","@id":"https:\/\/www.ivinio.com\/sv\/#organization","name":"IVINIO","url":"https:\/\/www.ivinio.com\/sv\/","logo":{"@type":"ImageObject","inLanguage":"sv-SE","@id":"https:\/\/www.ivinio.com\/sv\/#\/schema\/logo\/image\/","url":"https:\/\/www.ivinio.com\/wp-content\/uploads\/2021\/01\/Logo-Ivinio-v2.jpg","contentUrl":"https:\/\/www.ivinio.com\/wp-content\/uploads\/2021\/01\/Logo-Ivinio-v2.jpg","width":1194,"height":1194,"caption":"IVINIO"},"image":{"@id":"https:\/\/www.ivinio.com\/sv\/#\/schema\/logo\/image\/"},"sameAs":["https:\/\/www.facebook.com\/groups\/165217837022391\/?ref=bookmarks","https:\/\/www.instagram.com\/_ivinio_\/?hl=fr"]}]}},"jetpack_sharing_enabled":true,"_links":{"self":[{"href":"https:\/\/www.ivinio.com\/sv\/wp-json\/wp\/v2\/product\/122044","targetHints":{"allow":["GET"]}}],"collection":[{"href":"https:\/\/www.ivinio.com\/sv\/wp-json\/wp\/v2\/product"}],"about":[{"href":"https:\/\/www.ivinio.com\/sv\/wp-json\/wp\/v2\/types\/product"}],"replies":[{"embeddable":true,"href":"https:\/\/www.ivinio.com\/sv\/wp-json\/wp\/v2\/comments?post=122044"}],"wp:featuredmedia":[{"embeddable":true,"href":"https:\/\/www.ivinio.com\/sv\/wp-json\/wp\/v2\/media\/138429"}],"wp:attachment":[{"href":"https:\/\/www.ivinio.com\/sv\/wp-json\/wp\/v2\/media?parent=122044"}],"wp:term":[{"taxonomy":"product_brand","embeddable":true,"href":"https:\/\/www.ivinio.com\/sv\/wp-json\/wp\/v2\/product_brand?post=122044"},{"taxonomy":"product_cat","embeddable":true,"href":"https:\/\/www.ivinio.com\/sv\/wp-json\/wp\/v2\/product_cat?post=122044"},{"taxonomy":"product_tag","embeddable":true,"href":"https:\/\/www.ivinio.com\/sv\/wp-json\/wp\/v2\/product_tag?post=122044"}],"curies":[{"name":"wp","href":"https:\/\/api.w.org\/{rel}","templated":true}]}}