{"id":122032,"date":"2020-02-14T18:56:16","date_gmt":"2020-02-14T18:56:16","guid":{"rendered":"https:\/\/henrik.www.ivinio.com\/?product=domaine-la-croix-belle-n-7-rod"},"modified":"2026-03-09T10:53:58","modified_gmt":"2026-03-09T09:53:58","slug":"domaine-la-croix-belle-n-7-rod","status":"publish","type":"product","link":"https:\/\/www.ivinio.com\/sv\/produkt\/domaine-la-croix-belle-n-7-rod\/","title":{"rendered":"Domaine la Croix Belle &#8211; N\u00b0 7 &#8211; R\u00f6d"},"content":{"rendered":"<p>N\u00b0 7 fr\u00e5n Domaine\u00a0la Croix Belle framst\u00e4lls av inte mindre \u00e4n Syrah, Mourv\u00e8dre, Cabernet-Sauvignon, Grenache, Merlot, Carignan och\u00a0Cinsault. Druvorna plockas f\u00f6r hand och gallras. Klassisk, men l\u00e5ng j\u00e4sning av var druvsort f\u00f6r sig med \u00f6ppna st\u00e5ltankar. Var druvsort och \u00e5kerareal f\u00f6ljs separat och vinerna lagras ett \u00e5r p\u00e5 ekfat.<\/p>\n","protected":false},"excerpt":{"rendered":"<p>N\u00b07 fr\u00e5n Domaine\u00a0la Croix Belle \u00e4r ett sp\u00e4nnande och komplext r\u00f6dvin framst\u00e4llt av just 7 olika druvsorter. Ett kraftigt men elegant vin som serveras p\u00e5 finkrogar. Att servera till smakfullt k\u00f6tt s\u00e5som anka, vilt eller en lammstek.<\/p>\n","protected":false},"featured_media":131864,"comment_status":"open","ping_status":"closed","template":"","meta":{"_monsterinsights_skip_tracking":false,"_monsterinsights_sitenote_active":false,"_monsterinsights_sitenote_note":"","_monsterinsights_sitenote_category":0,"_uf_show_specific_survey":0,"_uf_disable_surveys":false},"product_brand":[],"product_cat":[36588,36627],"product_tag":[],"class_list":{"0":"post-122032","1":"product","2":"type-product","3":"status-publish","4":"has-post-thumbnail","6":"product_cat-franska-viner","7":"product_cat-sv-languedoc","8":"pa_alcohol-degree-14-sv","9":"pa_classification-igp-cotes-de-thongue-sv","10":"pa_color-rod-sv","11":"pa_country-frankrike-sv","12":"pa_grape-variety-cabernet-sauvignon","13":"pa_grape-variety-carignan-sv","14":"pa_grape-variety-cinsault-sv","15":"pa_grape-variety-grenache-sv","16":"pa_grape-variety-merlot-sv","17":"pa_grape-variety-mourvedre-sv","18":"pa_grape-variety-syrah-sv","19":"pa_region-languedoc-sv","20":"pa_storage-potential-10-ar-sv","21":"pa_vintage-41019","22":"pa_volume-75-cl-sv","24":"first","25":"instock","26":"featured","27":"taxable","28":"shipping-taxable","29":"purchasable","30":"product-type-simple"},"bundled_by":[],"bundle_stock_status":"instock","bundle_stock_quantity":null,"bundle_virtual":false,"bundle_layout":"","bundle_add_to_cart_form_location":"","bundle_editable_in_cart":false,"bundle_sold_individually_context":"","bundle_item_grouping":"","bundle_min_size":"","bundle_max_size":"","bundle_price":[],"bundled_items":[],"bundle_sell_ids":[],"yoast_head":"<!-- This site is optimized with the Yoast SEO plugin v27.4 - https:\/\/yoast.com\/product\/yoast-seo-wordpress\/ -->\n<title>K\u00f6pa Domaine la Croix Belle - N\u00b0 7 - R\u00f6dvin - IVINIO Vinbutik<\/title>\n<meta name=\"description\" content=\"K\u00f6pa Domaine la Croix Belle - N\u00b0 7 - R\u00f6dvin. sp\u00e4nnande och komplext r\u00f6dvin framst\u00e4llt av 7 olika druvsorter. Ett kraftigt men elegant vin.\" \/>\n<meta name=\"robots\" content=\"index, follow, max-snippet:-1, max-image-preview:large, max-video-preview:-1\" \/>\n<link rel=\"canonical\" href=\"https:\/\/www.ivinio.com\/sv\/produkt\/domaine-la-croix-belle-n-7-rod\/\" \/>\n<meta property=\"og:locale\" content=\"sv_SE\" \/>\n<meta property=\"og:type\" content=\"article\" \/>\n<meta property=\"og:title\" content=\"K\u00f6pa Domaine la Croix Belle - N\u00b0 7 - R\u00f6dvin - IVINIO Vinbutik\" \/>\n<meta property=\"og:description\" content=\"K\u00f6pa Domaine la Croix Belle - N\u00b0 7 - R\u00f6dvin. sp\u00e4nnande och komplext r\u00f6dvin framst\u00e4llt av 7 olika druvsorter. Ett kraftigt men elegant vin.\" \/>\n<meta property=\"og:url\" content=\"https:\/\/www.ivinio.com\/sv\/produkt\/domaine-la-croix-belle-n-7-rod\/\" \/>\n<meta property=\"og:site_name\" content=\"IVINIO Vinbutik\" \/>\n<meta property=\"article:publisher\" content=\"https:\/\/www.facebook.com\/groups\/165217837022391\/?ref=bookmarks\" \/>\n<meta property=\"article:modified_time\" content=\"2026-03-09T09:53:58+00:00\" \/>\n<meta property=\"og:image\" content=\"https:\/\/www.ivinio.com\/wp-content\/uploads\/2020\/02\/Domaine-la-croix-belle-no-7-IVINIO.jpg\" \/>\n\t<meta property=\"og:image:width\" content=\"500\" \/>\n\t<meta property=\"og:image:height\" content=\"500\" \/>\n\t<meta property=\"og:image:type\" content=\"image\/jpeg\" \/>\n<meta name=\"twitter:card\" content=\"summary_large_image\" \/>\n<meta name=\"twitter:label1\" content=\"Ber\u00e4knad l\u00e4stid\" \/>\n\t<meta name=\"twitter:data1\" content=\"1 minut\" \/>\n<script type=\"application\/ld+json\" class=\"yoast-schema-graph\">{\"@context\":\"https:\\\/\\\/schema.org\",\"@graph\":[{\"@type\":\"WebPage\",\"@id\":\"https:\\\/\\\/www.ivinio.com\\\/sv\\\/produkt\\\/domaine-la-croix-belle-n-7-rod\\\/\",\"url\":\"https:\\\/\\\/www.ivinio.com\\\/sv\\\/produkt\\\/domaine-la-croix-belle-n-7-rod\\\/\",\"name\":\"K\u00f6pa Domaine la Croix Belle - N\u00b0 7 - R\u00f6dvin - IVINIO Vinbutik\",\"isPartOf\":{\"@id\":\"https:\\\/\\\/www.ivinio.com\\\/sv\\\/#website\"},\"primaryImageOfPage\":{\"@id\":\"https:\\\/\\\/www.ivinio.com\\\/sv\\\/produkt\\\/domaine-la-croix-belle-n-7-rod\\\/#primaryimage\"},\"image\":{\"@id\":\"https:\\\/\\\/www.ivinio.com\\\/sv\\\/produkt\\\/domaine-la-croix-belle-n-7-rod\\\/#primaryimage\"},\"thumbnailUrl\":\"https:\\\/\\\/www.ivinio.com\\\/wp-content\\\/uploads\\\/2020\\\/02\\\/Domaine-la-croix-belle-no-7-IVINIO.jpg\",\"datePublished\":\"2020-02-14T18:56:16+00:00\",\"dateModified\":\"2026-03-09T09:53:58+00:00\",\"description\":\"K\u00f6pa Domaine la Croix Belle - N\u00b0 7 - R\u00f6dvin. sp\u00e4nnande och komplext r\u00f6dvin framst\u00e4llt av 7 olika druvsorter. Ett kraftigt men elegant vin.\",\"breadcrumb\":{\"@id\":\"https:\\\/\\\/www.ivinio.com\\\/sv\\\/produkt\\\/domaine-la-croix-belle-n-7-rod\\\/#breadcrumb\"},\"inLanguage\":\"sv-SE\",\"potentialAction\":[{\"@type\":\"ReadAction\",\"target\":[\"https:\\\/\\\/www.ivinio.com\\\/sv\\\/produkt\\\/domaine-la-croix-belle-n-7-rod\\\/\"]}]},{\"@type\":\"ImageObject\",\"inLanguage\":\"sv-SE\",\"@id\":\"https:\\\/\\\/www.ivinio.com\\\/sv\\\/produkt\\\/domaine-la-croix-belle-n-7-rod\\\/#primaryimage\",\"url\":\"https:\\\/\\\/www.ivinio.com\\\/wp-content\\\/uploads\\\/2020\\\/02\\\/Domaine-la-croix-belle-no-7-IVINIO.jpg\",\"contentUrl\":\"https:\\\/\\\/www.ivinio.com\\\/wp-content\\\/uploads\\\/2020\\\/02\\\/Domaine-la-croix-belle-no-7-IVINIO.jpg\",\"width\":500,\"height\":500,\"caption\":\"Domaine la croix belle no. 7\"},{\"@type\":\"BreadcrumbList\",\"@id\":\"https:\\\/\\\/www.ivinio.com\\\/sv\\\/produkt\\\/domaine-la-croix-belle-n-7-rod\\\/#breadcrumb\",\"itemListElement\":[{\"@type\":\"ListItem\",\"position\":1,\"name\":\"Hem\",\"item\":\"https:\\\/\\\/www.ivinio.com\\\/sv\\\/\"},{\"@type\":\"ListItem\",\"position\":2,\"name\":\"Vinbutik\",\"item\":\"https:\\\/\\\/www.ivinio.com\\\/sv\\\/vinbutik\\\/\"},{\"@type\":\"ListItem\",\"position\":3,\"name\":\"Domaine la Croix Belle &#8211; N\u00b0 7 &#8211; R\u00f6d\"}]},{\"@type\":\"WebSite\",\"@id\":\"https:\\\/\\\/www.ivinio.com\\\/sv\\\/#website\",\"url\":\"https:\\\/\\\/www.ivinio.com\\\/sv\\\/\",\"name\":\"IVINIO Vinbutik\",\"description\":\"Vin fr\u00e5n Frankrike och Italien med leverans hem till din d\u00f6rr\",\"publisher\":{\"@id\":\"https:\\\/\\\/www.ivinio.com\\\/sv\\\/#organization\"},\"potentialAction\":[{\"@type\":\"SearchAction\",\"target\":{\"@type\":\"EntryPoint\",\"urlTemplate\":\"https:\\\/\\\/www.ivinio.com\\\/sv\\\/?s={search_term_string}\"},\"query-input\":{\"@type\":\"PropertyValueSpecification\",\"valueRequired\":true,\"valueName\":\"search_term_string\"}}],\"inLanguage\":\"sv-SE\"},{\"@type\":\"Organization\",\"@id\":\"https:\\\/\\\/www.ivinio.com\\\/sv\\\/#organization\",\"name\":\"IVINIO\",\"url\":\"https:\\\/\\\/www.ivinio.com\\\/sv\\\/\",\"logo\":{\"@type\":\"ImageObject\",\"inLanguage\":\"sv-SE\",\"@id\":\"https:\\\/\\\/www.ivinio.com\\\/sv\\\/#\\\/schema\\\/logo\\\/image\\\/\",\"url\":\"https:\\\/\\\/www.ivinio.com\\\/wp-content\\\/uploads\\\/2021\\\/01\\\/Logo-Ivinio-v2.jpg\",\"contentUrl\":\"https:\\\/\\\/www.ivinio.com\\\/wp-content\\\/uploads\\\/2021\\\/01\\\/Logo-Ivinio-v2.jpg\",\"width\":1194,\"height\":1194,\"caption\":\"IVINIO\"},\"image\":{\"@id\":\"https:\\\/\\\/www.ivinio.com\\\/sv\\\/#\\\/schema\\\/logo\\\/image\\\/\"},\"sameAs\":[\"https:\\\/\\\/www.facebook.com\\\/groups\\\/165217837022391\\\/?ref=bookmarks\",\"https:\\\/\\\/www.instagram.com\\\/_ivinio_\\\/?hl=fr\"]}]}<\/script>\n<!-- \/ Yoast SEO plugin. -->","yoast_head_json":{"title":"K\u00f6pa Domaine la Croix Belle - N\u00b0 7 - R\u00f6dvin - IVINIO Vinbutik","description":"K\u00f6pa Domaine la Croix Belle - N\u00b0 7 - R\u00f6dvin. sp\u00e4nnande och komplext r\u00f6dvin framst\u00e4llt av 7 olika druvsorter. Ett kraftigt men elegant vin.","robots":{"index":"index","follow":"follow","max-snippet":"max-snippet:-1","max-image-preview":"max-image-preview:large","max-video-preview":"max-video-preview:-1"},"canonical":"https:\/\/www.ivinio.com\/sv\/produkt\/domaine-la-croix-belle-n-7-rod\/","og_locale":"sv_SE","og_type":"article","og_title":"K\u00f6pa Domaine la Croix Belle - N\u00b0 7 - R\u00f6dvin - IVINIO Vinbutik","og_description":"K\u00f6pa Domaine la Croix Belle - N\u00b0 7 - R\u00f6dvin. sp\u00e4nnande och komplext r\u00f6dvin framst\u00e4llt av 7 olika druvsorter. Ett kraftigt men elegant vin.","og_url":"https:\/\/www.ivinio.com\/sv\/produkt\/domaine-la-croix-belle-n-7-rod\/","og_site_name":"IVINIO Vinbutik","article_publisher":"https:\/\/www.facebook.com\/groups\/165217837022391\/?ref=bookmarks","article_modified_time":"2026-03-09T09:53:58+00:00","og_image":[{"width":500,"height":500,"url":"https:\/\/www.ivinio.com\/wp-content\/uploads\/2020\/02\/Domaine-la-croix-belle-no-7-IVINIO.jpg","type":"image\/jpeg"}],"twitter_card":"summary_large_image","twitter_misc":{"Ber\u00e4knad l\u00e4stid":"1 minut"},"schema":{"@context":"https:\/\/schema.org","@graph":[{"@type":"WebPage","@id":"https:\/\/www.ivinio.com\/sv\/produkt\/domaine-la-croix-belle-n-7-rod\/","url":"https:\/\/www.ivinio.com\/sv\/produkt\/domaine-la-croix-belle-n-7-rod\/","name":"K\u00f6pa Domaine la Croix Belle - N\u00b0 7 - R\u00f6dvin - IVINIO Vinbutik","isPartOf":{"@id":"https:\/\/www.ivinio.com\/sv\/#website"},"primaryImageOfPage":{"@id":"https:\/\/www.ivinio.com\/sv\/produkt\/domaine-la-croix-belle-n-7-rod\/#primaryimage"},"image":{"@id":"https:\/\/www.ivinio.com\/sv\/produkt\/domaine-la-croix-belle-n-7-rod\/#primaryimage"},"thumbnailUrl":"https:\/\/www.ivinio.com\/wp-content\/uploads\/2020\/02\/Domaine-la-croix-belle-no-7-IVINIO.jpg","datePublished":"2020-02-14T18:56:16+00:00","dateModified":"2026-03-09T09:53:58+00:00","description":"K\u00f6pa Domaine la Croix Belle - N\u00b0 7 - R\u00f6dvin. sp\u00e4nnande och komplext r\u00f6dvin framst\u00e4llt av 7 olika druvsorter. Ett kraftigt men elegant vin.","breadcrumb":{"@id":"https:\/\/www.ivinio.com\/sv\/produkt\/domaine-la-croix-belle-n-7-rod\/#breadcrumb"},"inLanguage":"sv-SE","potentialAction":[{"@type":"ReadAction","target":["https:\/\/www.ivinio.com\/sv\/produkt\/domaine-la-croix-belle-n-7-rod\/"]}]},{"@type":"ImageObject","inLanguage":"sv-SE","@id":"https:\/\/www.ivinio.com\/sv\/produkt\/domaine-la-croix-belle-n-7-rod\/#primaryimage","url":"https:\/\/www.ivinio.com\/wp-content\/uploads\/2020\/02\/Domaine-la-croix-belle-no-7-IVINIO.jpg","contentUrl":"https:\/\/www.ivinio.com\/wp-content\/uploads\/2020\/02\/Domaine-la-croix-belle-no-7-IVINIO.jpg","width":500,"height":500,"caption":"Domaine la croix belle no. 7"},{"@type":"BreadcrumbList","@id":"https:\/\/www.ivinio.com\/sv\/produkt\/domaine-la-croix-belle-n-7-rod\/#breadcrumb","itemListElement":[{"@type":"ListItem","position":1,"name":"Hem","item":"https:\/\/www.ivinio.com\/sv\/"},{"@type":"ListItem","position":2,"name":"Vinbutik","item":"https:\/\/www.ivinio.com\/sv\/vinbutik\/"},{"@type":"ListItem","position":3,"name":"Domaine la Croix Belle &#8211; N\u00b0 7 &#8211; R\u00f6d"}]},{"@type":"WebSite","@id":"https:\/\/www.ivinio.com\/sv\/#website","url":"https:\/\/www.ivinio.com\/sv\/","name":"IVINIO Vinbutik","description":"Vin fr\u00e5n Frankrike och Italien med leverans hem till din d\u00f6rr","publisher":{"@id":"https:\/\/www.ivinio.com\/sv\/#organization"},"potentialAction":[{"@type":"SearchAction","target":{"@type":"EntryPoint","urlTemplate":"https:\/\/www.ivinio.com\/sv\/?s={search_term_string}"},"query-input":{"@type":"PropertyValueSpecification","valueRequired":true,"valueName":"search_term_string"}}],"inLanguage":"sv-SE"},{"@type":"Organization","@id":"https:\/\/www.ivinio.com\/sv\/#organization","name":"IVINIO","url":"https:\/\/www.ivinio.com\/sv\/","logo":{"@type":"ImageObject","inLanguage":"sv-SE","@id":"https:\/\/www.ivinio.com\/sv\/#\/schema\/logo\/image\/","url":"https:\/\/www.ivinio.com\/wp-content\/uploads\/2021\/01\/Logo-Ivinio-v2.jpg","contentUrl":"https:\/\/www.ivinio.com\/wp-content\/uploads\/2021\/01\/Logo-Ivinio-v2.jpg","width":1194,"height":1194,"caption":"IVINIO"},"image":{"@id":"https:\/\/www.ivinio.com\/sv\/#\/schema\/logo\/image\/"},"sameAs":["https:\/\/www.facebook.com\/groups\/165217837022391\/?ref=bookmarks","https:\/\/www.instagram.com\/_ivinio_\/?hl=fr"]}]}},"jetpack_sharing_enabled":true,"_links":{"self":[{"href":"https:\/\/www.ivinio.com\/sv\/wp-json\/wp\/v2\/product\/122032","targetHints":{"allow":["GET"]}}],"collection":[{"href":"https:\/\/www.ivinio.com\/sv\/wp-json\/wp\/v2\/product"}],"about":[{"href":"https:\/\/www.ivinio.com\/sv\/wp-json\/wp\/v2\/types\/product"}],"replies":[{"embeddable":true,"href":"https:\/\/www.ivinio.com\/sv\/wp-json\/wp\/v2\/comments?post=122032"}],"wp:featuredmedia":[{"embeddable":true,"href":"https:\/\/www.ivinio.com\/sv\/wp-json\/wp\/v2\/media\/131864"}],"wp:attachment":[{"href":"https:\/\/www.ivinio.com\/sv\/wp-json\/wp\/v2\/media?parent=122032"}],"wp:term":[{"taxonomy":"product_brand","embeddable":true,"href":"https:\/\/www.ivinio.com\/sv\/wp-json\/wp\/v2\/product_brand?post=122032"},{"taxonomy":"product_cat","embeddable":true,"href":"https:\/\/www.ivinio.com\/sv\/wp-json\/wp\/v2\/product_cat?post=122032"},{"taxonomy":"product_tag","embeddable":true,"href":"https:\/\/www.ivinio.com\/sv\/wp-json\/wp\/v2\/product_tag?post=122032"}],"curies":[{"name":"wp","href":"https:\/\/api.w.org\/{rel}","templated":true}]}}